{"id":14595,"date":"2024-12-03T16:02:15","date_gmt":"2024-12-03T15:02:15","guid":{"rendered":"https:\/\/adc06f55e9.nxcli.io\/?post_type=product&#038;p=14595"},"modified":"2026-04-30T18:46:57","modified_gmt":"2026-04-30T17:46:57","slug":"pala-padel-adidas-adipower-junior-3-4-2025","status":"publish","type":"product","link":"https:\/\/padelzoco.es\/en\/product\/pala-padel-adidas-adipower-junior-3-4-2025\/","title":{"rendered":"Pala Padel Adidas Adipower Junior 3.4 2025"},"content":{"rendered":"<p>The Adipower Junior 3.4 is a racquet designed and manufactured specifically to meet the needs of younger players. With an appropriate weight and a well-balanced structure, this model is built to support boys and girls as they grow on the court. The?<strong>Dual Exoskeleton<\/strong>?and?<strong>Structural Reinforcement<\/strong>?technologies provide the racket with rigidity and durability, ensuring resistance?a crucial feature for a junior racket?along with comfortable handling. Additionally, the?<strong>Smart Holes Curve<\/strong>?hole arrangement enhances spin creation. All of this is complemented by high-quality materials, including fibreglass and?<strong>EVA Soft Performance<\/strong>?rubber.<\/p>\n<h4><strong>Key Features:<\/strong><\/h4>\n<ul>\n<li><strong>Exoskeleton:<\/strong><br \/>\nCarbon rib structure in the frame and core increases torsional resistance, reinforcing the racket for enhanced rigidity and power to handle demanding shots.<\/li>\n<li><strong>Structural Reinforcement:<\/strong><br \/>\nPerimeter reinforcements provide high rigidity, ensuring solid performance and durability even during high-impact shots.<\/li>\n<li><strong>Fibreglass Surface:<\/strong><br \/>\nHigh elasticity offers excellent ball exit and a softer feel, ideal for young players seeking comfort and control.<\/li>\n<li><strong>Smart Holes Curve:<\/strong><br \/>\nSpecial hole arrangement increases spin potential, helping young players develop their technical shots.<\/li>\n<li><strong>EVA Soft Performance Rubber:<\/strong><br \/>\nEnsures excellent ball response and comfort, with optimal shock absorption for smoother handling.<\/li>\n<\/ul>\n<p>The Adipower Junior 3.4 is crafted to provide young athletes with the perfect balance of power, control, and comfort, empowering them to progress in their padel journey.<\/p>","protected":false},"excerpt":{"rendered":"<div class=\"flex max-w-full flex-col flex-grow\">\n<div class=\"min-h-8 text-message flex w-full flex-col items-end gap-2 whitespace-normal break-words [.text-message+&amp;]:mt-5\" dir=\"auto\" data-message-author-role=\"assistant\" data-message-id=\"f84f2722-abba-440f-b6c5-3e011774339f\" data-client-thread-id=\"WEB:3961e10c-38fb-4e03-bc29-07fd61f5fd03\" data-message-model-slug=\"gpt-4o\">\n<div class=\"flex w-full flex-col gap-1 empty:hidden first:pt-[3px]\">\n<div class=\"markdown prose w-full break-words dark:prose-invert light\">\n<p>La Adipower Junior 3.4 es una pala pensada, dise\u00f1ada y fabricada espec\u00edficamente para ajustarse a las necesidades de los jugadores m\u00e1s j\u00f3venes. Con un peso adecuado y una estructura muy equilibrada, este modelo nace para acompa\u00f1ar a los chicos y chicas que crecen cada d\u00eda en la pista. Las tecnolog\u00edas\u00a0<strong>Dual Exoskeleton<\/strong>\u00a0y\u00a0<strong>Structural Reinforcement<\/strong>\u00a0aportan rigidez y durabilidad a la pala. La dotan de resistencia, una caracter\u00edstica muy importante en una pala para jugadores j\u00f3venes, as\u00ed como de un manejo c\u00f3modo. Por su parte, la disposici\u00f3n de los agujeros\u00a0<strong>Smart Holes Curve<\/strong>\u00a0facilita la creaci\u00f3n de efectos. Todo ello se suma a unos materiales de m\u00e1xima garant\u00eda, como son la fibra de vidrio y la goma\u00a0<strong>EVA Soft Performance.<\/strong><\/p>\n<\/div>\n<\/div>\n<\/div>\n<\/div>\n","protected":false},"featured_media":14768,"template":"","meta":[],"product_brand":[],"product_cat":[700,711,583,591,572,580,586,15],"product_tag":[],"class_list":{"0":"post-14595","1":"product","2":"type-product","3":"status-publish","4":"has-post-thumbnail","6":"product_cat-adidas-padel","7":"product_cat-adidas-palas","8":"product_cat-forma-palas","9":"product_cat-ninos-palas","10":"product_cat-palas","11":"product_cat-principiante-palas","12":"product_cat-redonda-palas","13":"product_cat-uncategorized","14":"pa_brand-adidas","16":"first","17":"outofstock","18":"sale","19":"taxable","20":"shipping-taxable","21":"purchasable","22":"product-type-simple"},"yoast_head":"<!-- This site is optimized with the Yoast SEO plugin v27.6 - https:\/\/yoast.com\/product\/yoast-seo-wordpress\/ -->\n<title>Pala Padel Adidas Adipower Junior 3.4 2025 - Padel Zoco<\/title>\n<meta name=\"description\" content=\"ADIDAS Adipower Junior 3.4 Padel Racket 2025 Young players will find in this model the perfect tool to progress appropriately in the world of padel.\" \/>\n<meta name=\"robots\" content=\"index, follow, max-snippet:-1, max-image-preview:large, max-video-preview:-1\" \/>\n<link rel=\"canonical\" href=\"https:\/\/padelzoco.es\/en\/product\/pala-padel-adidas-adipower-junior-3-4-2025\/\" \/>\n<meta property=\"og:locale\" content=\"en_GB\" \/>\n<meta property=\"og:type\" content=\"article\" \/>\n<meta property=\"og:title\" content=\"Pala Padel Adidas Adipower Junior 3.4 2025 - Padel Zoco\" \/>\n<meta property=\"og:description\" content=\"ADIDAS Adipower Junior 3.4 Padel Racket 2025 Young players will find in this model the perfect tool to progress appropriately in the world of padel.\" \/>\n<meta property=\"og:url\" content=\"https:\/\/padelzoco.es\/en\/product\/pala-padel-adidas-adipower-junior-3-4-2025\/\" \/>\n<meta property=\"og:site_name\" content=\"Padel Zoco\" \/>\n<meta property=\"article:modified_time\" content=\"2026-04-30T17:46:57+00:00\" \/>\n<meta property=\"og:image\" content=\"https:\/\/padelzoco.es\/wp-content\/uploads\/2024\/12\/ADIDAS-Adipower-Junior-3.4-Padel-Racket-2025-05.webp\" \/>\n\t<meta property=\"og:image:width\" content=\"1400\" \/>\n\t<meta property=\"og:image:height\" content=\"1400\" \/>\n\t<meta property=\"og:image:type\" content=\"image\/webp\" \/>\n<meta name=\"twitter:card\" content=\"summary_large_image\" \/>\n<meta name=\"twitter:label1\" content=\"Estimated reading time\" \/>\n\t<meta name=\"twitter:data1\" content=\"2 minutes\" \/>\n<script type=\"application\/ld+json\" class=\"yoast-schema-graph\">{\"@context\":\"https:\\\/\\\/schema.org\",\"@graph\":[{\"@type\":\"WebPage\",\"@id\":\"https:\\\/\\\/padelzoco.es\\\/product\\\/pala-padel-adidas-adipower-junior-3-4-2025\\\/\",\"url\":\"https:\\\/\\\/padelzoco.es\\\/product\\\/pala-padel-adidas-adipower-junior-3-4-2025\\\/\",\"name\":\"Pala Padel Adidas Adipower Junior 3.4 2025 - Padel Zoco\",\"isPartOf\":{\"@id\":\"https:\\\/\\\/padelzoco.es\\\/#website\"},\"primaryImageOfPage\":{\"@id\":\"https:\\\/\\\/padelzoco.es\\\/product\\\/pala-padel-adidas-adipower-junior-3-4-2025\\\/#primaryimage\"},\"image\":{\"@id\":\"https:\\\/\\\/padelzoco.es\\\/product\\\/pala-padel-adidas-adipower-junior-3-4-2025\\\/#primaryimage\"},\"thumbnailUrl\":\"https:\\\/\\\/padelzoco.es\\\/wp-content\\\/uploads\\\/2024\\\/12\\\/ADIDAS-Adipower-Junior-3.4-Padel-Racket-2025-05.webp\",\"datePublished\":\"2024-12-03T15:02:15+00:00\",\"dateModified\":\"2026-04-30T17:46:57+00:00\",\"description\":\"ADIDAS Adipower Junior 3.4 Padel Racket 2025 Young players will find in this model the perfect tool to progress appropriately in the world of padel.\",\"breadcrumb\":{\"@id\":\"https:\\\/\\\/padelzoco.es\\\/product\\\/pala-padel-adidas-adipower-junior-3-4-2025\\\/#breadcrumb\"},\"inLanguage\":\"en-GB\",\"potentialAction\":[{\"@type\":\"ReadAction\",\"target\":[\"https:\\\/\\\/padelzoco.es\\\/product\\\/pala-padel-adidas-adipower-junior-3-4-2025\\\/\"]}]},{\"@type\":\"ImageObject\",\"inLanguage\":\"en-GB\",\"@id\":\"https:\\\/\\\/padelzoco.es\\\/product\\\/pala-padel-adidas-adipower-junior-3-4-2025\\\/#primaryimage\",\"url\":\"https:\\\/\\\/padelzoco.es\\\/wp-content\\\/uploads\\\/2024\\\/12\\\/ADIDAS-Adipower-Junior-3.4-Padel-Racket-2025-05.webp\",\"contentUrl\":\"https:\\\/\\\/padelzoco.es\\\/wp-content\\\/uploads\\\/2024\\\/12\\\/ADIDAS-Adipower-Junior-3.4-Padel-Racket-2025-05.webp\",\"width\":1400,\"height\":1400},{\"@type\":\"BreadcrumbList\",\"@id\":\"https:\\\/\\\/padelzoco.es\\\/product\\\/pala-padel-adidas-adipower-junior-3-4-2025\\\/#breadcrumb\",\"itemListElement\":[{\"@type\":\"ListItem\",\"position\":1,\"name\":\"Home\",\"item\":\"https:\\\/\\\/padelzoco.es\\\/\"},{\"@type\":\"ListItem\",\"position\":2,\"name\":\"Padel Zoco\",\"item\":\"https:\\\/\\\/padelzoco.es\\\/padel-zoco\\\/\"},{\"@type\":\"ListItem\",\"position\":3,\"name\":\"Pala Padel Adidas Adipower Junior 3.4 2025\"}]},{\"@type\":\"WebSite\",\"@id\":\"https:\\\/\\\/padelzoco.es\\\/#website\",\"url\":\"https:\\\/\\\/padelzoco.es\\\/\",\"name\":\"Padel Zoco\",\"description\":\"Padel Zoco | Spain\",\"publisher\":{\"@id\":\"https:\\\/\\\/padelzoco.es\\\/#organization\"},\"potentialAction\":[{\"@type\":\"SearchAction\",\"target\":{\"@type\":\"EntryPoint\",\"urlTemplate\":\"https:\\\/\\\/padelzoco.es\\\/?s={search_term_string}\"},\"query-input\":{\"@type\":\"PropertyValueSpecification\",\"valueRequired\":true,\"valueName\":\"search_term_string\"}}],\"inLanguage\":\"en-GB\"},{\"@type\":\"Organization\",\"@id\":\"https:\\\/\\\/padelzoco.es\\\/#organization\",\"name\":\"Padel Zoco\",\"url\":\"https:\\\/\\\/padelzoco.es\\\/\",\"logo\":{\"@type\":\"ImageObject\",\"inLanguage\":\"en-GB\",\"@id\":\"https:\\\/\\\/padelzoco.es\\\/#\\\/schema\\\/logo\\\/image\\\/\",\"url\":\"https:\\\/\\\/padelzoco.es\\\/wp-content\\\/uploads\\\/2023\\\/11\\\/PadelZoco_Logo_black_white.webp\",\"contentUrl\":\"https:\\\/\\\/padelzoco.es\\\/wp-content\\\/uploads\\\/2023\\\/11\\\/PadelZoco_Logo_black_white.webp\",\"width\":1500,\"height\":631,\"caption\":\"Padel Zoco\"},\"image\":{\"@id\":\"https:\\\/\\\/padelzoco.es\\\/#\\\/schema\\\/logo\\\/image\\\/\"}}]}<\/script>\n<!-- \/ Yoast SEO plugin. -->","yoast_head_json":{"title":"Pala Padel Adidas Adipower Junior 3.4 2025 - Padel Zoco","description":"ADIDAS Adipower Junior 3.4 Padel Racket 2025 Young players will find in this model the perfect tool to progress appropriately in the world of padel.","robots":{"index":"index","follow":"follow","max-snippet":"max-snippet:-1","max-image-preview":"max-image-preview:large","max-video-preview":"max-video-preview:-1"},"canonical":"https:\/\/padelzoco.es\/en\/product\/pala-padel-adidas-adipower-junior-3-4-2025\/","og_locale":"en_GB","og_type":"article","og_title":"Pala Padel Adidas Adipower Junior 3.4 2025 - Padel Zoco","og_description":"ADIDAS Adipower Junior 3.4 Padel Racket 2025 Young players will find in this model the perfect tool to progress appropriately in the world of padel.","og_url":"https:\/\/padelzoco.es\/en\/product\/pala-padel-adidas-adipower-junior-3-4-2025\/","og_site_name":"Padel Zoco","article_modified_time":"2026-04-30T17:46:57+00:00","og_image":[{"width":1400,"height":1400,"url":"https:\/\/padelzoco.es\/wp-content\/uploads\/2024\/12\/ADIDAS-Adipower-Junior-3.4-Padel-Racket-2025-05.webp","type":"image\/webp"}],"twitter_card":"summary_large_image","twitter_misc":{"Estimated reading time":"2 minutes"},"schema":{"@context":"https:\/\/schema.org","@graph":[{"@type":"WebPage","@id":"https:\/\/padelzoco.es\/product\/pala-padel-adidas-adipower-junior-3-4-2025\/","url":"https:\/\/padelzoco.es\/product\/pala-padel-adidas-adipower-junior-3-4-2025\/","name":"Pala Padel Adidas Adipower Junior 3.4 2025 - Padel Zoco","isPartOf":{"@id":"https:\/\/padelzoco.es\/#website"},"primaryImageOfPage":{"@id":"https:\/\/padelzoco.es\/product\/pala-padel-adidas-adipower-junior-3-4-2025\/#primaryimage"},"image":{"@id":"https:\/\/padelzoco.es\/product\/pala-padel-adidas-adipower-junior-3-4-2025\/#primaryimage"},"thumbnailUrl":"https:\/\/padelzoco.es\/wp-content\/uploads\/2024\/12\/ADIDAS-Adipower-Junior-3.4-Padel-Racket-2025-05.webp","datePublished":"2024-12-03T15:02:15+00:00","dateModified":"2026-04-30T17:46:57+00:00","description":"ADIDAS Adipower Junior 3.4 Padel Racket 2025 Young players will find in this model the perfect tool to progress appropriately in the world of padel.","breadcrumb":{"@id":"https:\/\/padelzoco.es\/product\/pala-padel-adidas-adipower-junior-3-4-2025\/#breadcrumb"},"inLanguage":"en-GB","potentialAction":[{"@type":"ReadAction","target":["https:\/\/padelzoco.es\/product\/pala-padel-adidas-adipower-junior-3-4-2025\/"]}]},{"@type":"ImageObject","inLanguage":"en-GB","@id":"https:\/\/padelzoco.es\/product\/pala-padel-adidas-adipower-junior-3-4-2025\/#primaryimage","url":"https:\/\/padelzoco.es\/wp-content\/uploads\/2024\/12\/ADIDAS-Adipower-Junior-3.4-Padel-Racket-2025-05.webp","contentUrl":"https:\/\/padelzoco.es\/wp-content\/uploads\/2024\/12\/ADIDAS-Adipower-Junior-3.4-Padel-Racket-2025-05.webp","width":1400,"height":1400},{"@type":"BreadcrumbList","@id":"https:\/\/padelzoco.es\/product\/pala-padel-adidas-adipower-junior-3-4-2025\/#breadcrumb","itemListElement":[{"@type":"ListItem","position":1,"name":"Home","item":"https:\/\/padelzoco.es\/"},{"@type":"ListItem","position":2,"name":"Padel Zoco","item":"https:\/\/padelzoco.es\/padel-zoco\/"},{"@type":"ListItem","position":3,"name":"Pala Padel Adidas Adipower Junior 3.4 2025"}]},{"@type":"WebSite","@id":"https:\/\/padelzoco.es\/#website","url":"https:\/\/padelzoco.es\/","name":"Padel Zoco","description":"Padel Zoco | Spain","publisher":{"@id":"https:\/\/padelzoco.es\/#organization"},"potentialAction":[{"@type":"SearchAction","target":{"@type":"EntryPoint","urlTemplate":"https:\/\/padelzoco.es\/?s={search_term_string}"},"query-input":{"@type":"PropertyValueSpecification","valueRequired":true,"valueName":"search_term_string"}}],"inLanguage":"en-GB"},{"@type":"Organization","@id":"https:\/\/padelzoco.es\/#organization","name":"Padel Zoco","url":"https:\/\/padelzoco.es\/","logo":{"@type":"ImageObject","inLanguage":"en-GB","@id":"https:\/\/padelzoco.es\/#\/schema\/logo\/image\/","url":"https:\/\/padelzoco.es\/wp-content\/uploads\/2023\/11\/PadelZoco_Logo_black_white.webp","contentUrl":"https:\/\/padelzoco.es\/wp-content\/uploads\/2023\/11\/PadelZoco_Logo_black_white.webp","width":1500,"height":631,"caption":"Padel Zoco"},"image":{"@id":"https:\/\/padelzoco.es\/#\/schema\/logo\/image\/"}}]}},"_links":{"self":[{"href":"https:\/\/padelzoco.es\/en\/wp-json\/wp\/v2\/product\/14595","targetHints":{"allow":["GET"]}}],"collection":[{"href":"https:\/\/padelzoco.es\/en\/wp-json\/wp\/v2\/product"}],"about":[{"href":"https:\/\/padelzoco.es\/en\/wp-json\/wp\/v2\/types\/product"}],"version-history":[{"count":1,"href":"https:\/\/padelzoco.es\/en\/wp-json\/wp\/v2\/product\/14595\/revisions"}],"predecessor-version":[{"id":27696,"href":"https:\/\/padelzoco.es\/en\/wp-json\/wp\/v2\/product\/14595\/revisions\/27696"}],"wp:featuredmedia":[{"embeddable":true,"href":"https:\/\/padelzoco.es\/en\/wp-json\/wp\/v2\/media\/14768"}],"wp:attachment":[{"href":"https:\/\/padelzoco.es\/en\/wp-json\/wp\/v2\/media?parent=14595"}],"wp:term":[{"taxonomy":"product_brand","embeddable":true,"href":"https:\/\/padelzoco.es\/en\/wp-json\/wp\/v2\/product_brand?post=14595"},{"taxonomy":"product_cat","embeddable":true,"href":"https:\/\/padelzoco.es\/en\/wp-json\/wp\/v2\/product_cat?post=14595"},{"taxonomy":"product_tag","embeddable":true,"href":"https:\/\/padelzoco.es\/en\/wp-json\/wp\/v2\/product_tag?post=14595"}],"curies":[{"name":"wp","href":"https:\/\/api.w.org\/{rel}","templated":true}]}}