{"id":14597,"date":"2024-12-03T16:02:16","date_gmt":"2024-12-03T15:02:16","guid":{"rendered":"https:\/\/adc06f55e9.nxcli.io\/?post_type=product&#038;p=14597"},"modified":"2026-02-02T09:25:08","modified_gmt":"2026-02-02T08:25:08","slug":"pala-padel-adidas-drive-grey-3-4-2025","status":"publish","type":"product","link":"https:\/\/padelzoco.es\/en\/product\/pala-padel-adidas-drive-grey-3-4-2025\/","title":{"rendered":"Pala de P\u00e1del ADIDAS Drive Grey 3.4 2025"},"content":{"rendered":"<p data-start=\"0\" data-end=\"821\"><strong data-start=\"0\" data-end=\"25\">ADIDAS DRIVE GREY 3.4<\/strong><br data-start=\"25\" data-end=\"28\" \/><strong>La Pala de P\u00e1del ADIDAS Drive Grey 3.4 2025<\/strong>\u00a0es la pala perfecta para quienes se inician en el p\u00e1del, ofreciendo una combinaci\u00f3n equilibrada de rendimiento y comodidad. Dise\u00f1ada especialmente para jugadores que est\u00e1n descubriendo este deporte, cuenta con una superficie de <strong data-start=\"285\" data-end=\"304\">fibra de vidrio<\/strong> y una espuma <strong data-start=\"318\" data-end=\"342\">EVA Soft Performance<\/strong> que proporcionan una excelente salida de bola y una sensaci\u00f3n agradable durante el juego. Su forma redonda, con el peso centrado cerca del pu\u00f1o, ofrece mayor control en golpes defensivos, facilitando la maniobrabilidad. Los <strong data-start=\"567\" data-end=\"594\">refuerzos estructurales<\/strong> en el per\u00edmetro aumentan la resistencia a la torsi\u00f3n, mejorando la durabilidad, mientras que la tecnolog\u00eda <strong data-start=\"702\" data-end=\"724\">Smart Holes Lineal<\/strong> refuerza la superficie de golpeo, optimizando tanto el rendimiento como la vida \u00fatil de la pala.<\/p>\n<hr data-start=\"823\" data-end=\"826\" \/>\n<h3 data-start=\"828\" data-end=\"860\">Caracter\u00edsticas principales de la Pala de P\u00e1del ADIDAS Drive Grey 3.4 2025<\/h3>\n<p data-start=\"862\" data-end=\"1056\"><strong data-start=\"862\" data-end=\"887\">Refuerzo estructural:<\/strong><br data-start=\"887\" data-end=\"890\" \/>Los refuerzos en el per\u00edmetro del marco y del n\u00facleo aportan una alta rigidez, lo que garantiza durabilidad y un rendimiento s\u00f3lido incluso en golpes de alto impacto.<\/p>\n<p data-start=\"1058\" data-end=\"1241\"><strong data-start=\"1058\" data-end=\"1081\">Smart Holes Lineal:<\/strong><br data-start=\"1081\" data-end=\"1084\" \/>La distribuci\u00f3n equidistante de agujeros en grupos de tres refuerza la superficie de golpeo, aumentando la resistencia y prolongando la vida \u00fatil de la pala.<\/p>\n<p data-start=\"1243\" data-end=\"1423\"><strong data-start=\"1243\" data-end=\"1277\">Superficie de fibra de vidrio:<\/strong><br data-start=\"1277\" data-end=\"1280\" \/>Ofrece un efecto de rebote que mejora la salida de bola, aportando una sensaci\u00f3n m\u00e1s suave y mayor control, ideal para jugadores principiantes.<\/p>\n<p data-start=\"1425\" data-end=\"1575\"><strong data-start=\"1425\" data-end=\"1457\">Espuma EVA Soft Performance:<\/strong><br data-start=\"1457\" data-end=\"1460\" \/>Proporciona una excelente respuesta de bola, gran absorci\u00f3n de impactos y una experiencia de juego c\u00f3moda y fluida.<\/p>\n<hr data-start=\"1577\" data-end=\"1580\" \/>\n<p data-start=\"1582\" data-end=\"1808\" data-is-last-node=\"\" data-is-only-node=\"\">La <strong data-start=\"1585\" data-end=\"1610\">Adidas Drive Grey 3.4<\/strong> ofrece todo lo que un principiante necesita: mayor control, potencia optimizada y durabilidad reforzada, ayudando a los nuevos jugadores a sentirse c\u00f3modos y seguros mientras progresan en su juego.<\/p>","protected":false},"excerpt":{"rendered":"<div class=\"flex max-w-full flex-col flex-grow\">\n<div class=\"min-h-8 text-message flex w-full flex-col items-end gap-2 whitespace-normal break-words [.text-message+&amp;]:mt-5\" dir=\"auto\" data-message-author-role=\"assistant\" data-message-id=\"f84f2722-abba-440f-b6c5-3e011774339f\" data-client-thread-id=\"WEB:3961e10c-38fb-4e03-bc29-07fd61f5fd03\" data-message-model-slug=\"gpt-4o\">\n<div class=\"flex w-full flex-col gap-1 empty:hidden first:pt-[3px]\">\n<div class=\"markdown prose w-full break-words dark:prose-invert light\">\n<p>La Drive Grey 3.4 es la pala perfecta para los jugadores que arrancan en el p\u00e1del porque ofrece una mezcla suave de rendimiento y comodidad. Dise\u00f1ada para jugadores que empiezan su andadura en las pistas, est\u00e1 fabricada con una superficie de fibra de vidrio y un interior en goma\u00a0<strong>EVA Soft Performance<\/strong>. Todo ello asegura una excelente salida de bola y una sensaci\u00f3n c\u00f3moda en cada golpe. La forma redonda, con el peso concentrado cerca de la empu\u00f1adura, proporciona un mayor control y permite una mejor maniobrabilidad. El\u00a0<strong>Structural Reinforcement<\/strong>\u00a0ubicado alrededor del marco mejora la resistencia a la torsi\u00f3n, aumentando la durabilidad. Por su lado, la tecnolog\u00eda\u00a0<strong>Smart Holes Lineal<\/strong>\u00a0refuerza la superficie de golpeo, incrementando tanto el nivel de rendimiento como la vida \u00fatil de la pala.<\/p>\n<\/div>\n<\/div>\n<\/div>\n<\/div>\n","protected":false},"featured_media":14781,"template":"","meta":[],"product_brand":[],"product_cat":[700,711,586,15],"product_tag":[],"class_list":{"0":"post-14597","1":"product","2":"type-product","3":"status-publish","4":"has-post-thumbnail","6":"product_cat-adidas-padel","7":"product_cat-adidas-palas","8":"product_cat-redonda-palas","9":"product_cat-uncategorized","10":"pa_brand-adidas","12":"first","13":"outofstock","14":"sale","15":"taxable","16":"shipping-taxable","17":"purchasable","18":"product-type-simple"},"yoast_head":"<!-- This site is optimized with the Yoast SEO plugin v27.4 - https:\/\/yoast.com\/product\/yoast-seo-wordpress\/ -->\n<title>Pala de P\u00e1del ADIDAS Drive Grey 3.4 2025 - Padel Zoco<\/title>\n<meta name=\"description\" content=\"Pala de P\u00e1del ADIDAS Drive Grey 3.4 2025 Ideal para principiantes, esta pala combina comodidad, equilibrio y f\u00e1cil manejo para un inicio suave en el p\u00e1del.\" \/>\n<meta name=\"robots\" content=\"index, follow, max-snippet:-1, max-image-preview:large, max-video-preview:-1\" \/>\n<link rel=\"canonical\" href=\"https:\/\/padelzoco.es\/en\/product\/pala-padel-adidas-drive-grey-3-4-2025\/\" \/>\n<meta property=\"og:locale\" content=\"en_GB\" \/>\n<meta property=\"og:type\" content=\"article\" \/>\n<meta property=\"og:title\" content=\"Pala de P\u00e1del ADIDAS Drive Grey 3.4 2025 - Padel Zoco\" \/>\n<meta property=\"og:description\" content=\"Pala de P\u00e1del ADIDAS Drive Grey 3.4 2025 Ideal para principiantes, esta pala combina comodidad, equilibrio y f\u00e1cil manejo para un inicio suave en el p\u00e1del.\" \/>\n<meta property=\"og:url\" content=\"https:\/\/padelzoco.es\/en\/product\/pala-padel-adidas-drive-grey-3-4-2025\/\" \/>\n<meta property=\"og:site_name\" content=\"Padel Zoco\" \/>\n<meta property=\"article:modified_time\" content=\"2026-02-02T08:25:08+00:00\" \/>\n<meta property=\"og:image\" content=\"https:\/\/padelzoco.es\/wp-content\/uploads\/2024\/12\/ADIDAS-Drive-Grey-3.4-Padel-Racket-2025-01.webp\" \/>\n\t<meta property=\"og:image:width\" content=\"1400\" \/>\n\t<meta property=\"og:image:height\" content=\"1400\" \/>\n\t<meta property=\"og:image:type\" content=\"image\/webp\" \/>\n<meta name=\"twitter:card\" content=\"summary_large_image\" \/>\n<meta name=\"twitter:label1\" content=\"Estimated reading time\" \/>\n\t<meta name=\"twitter:data1\" content=\"2 minutes\" \/>\n<script type=\"application\/ld+json\" class=\"yoast-schema-graph\">{\"@context\":\"https:\\\/\\\/schema.org\",\"@graph\":[{\"@type\":\"WebPage\",\"@id\":\"https:\\\/\\\/padelzoco.es\\\/product\\\/pala-padel-adidas-drive-grey-3-4-2025\\\/\",\"url\":\"https:\\\/\\\/padelzoco.es\\\/product\\\/pala-padel-adidas-drive-grey-3-4-2025\\\/\",\"name\":\"Pala de P\u00e1del ADIDAS Drive Grey 3.4 2025 - Padel Zoco\",\"isPartOf\":{\"@id\":\"https:\\\/\\\/padelzoco.es\\\/#website\"},\"primaryImageOfPage\":{\"@id\":\"https:\\\/\\\/padelzoco.es\\\/product\\\/pala-padel-adidas-drive-grey-3-4-2025\\\/#primaryimage\"},\"image\":{\"@id\":\"https:\\\/\\\/padelzoco.es\\\/product\\\/pala-padel-adidas-drive-grey-3-4-2025\\\/#primaryimage\"},\"thumbnailUrl\":\"https:\\\/\\\/padelzoco.es\\\/wp-content\\\/uploads\\\/2024\\\/12\\\/ADIDAS-Drive-Grey-3.4-Padel-Racket-2025-01.webp\",\"datePublished\":\"2024-12-03T15:02:16+00:00\",\"dateModified\":\"2026-02-02T08:25:08+00:00\",\"description\":\"Pala de P\u00e1del ADIDAS Drive Grey 3.4 2025 Ideal para principiantes, esta pala combina comodidad, equilibrio y f\u00e1cil manejo para un inicio suave en el p\u00e1del.\",\"breadcrumb\":{\"@id\":\"https:\\\/\\\/padelzoco.es\\\/product\\\/pala-padel-adidas-drive-grey-3-4-2025\\\/#breadcrumb\"},\"inLanguage\":\"en-GB\",\"potentialAction\":[{\"@type\":\"ReadAction\",\"target\":[\"https:\\\/\\\/padelzoco.es\\\/product\\\/pala-padel-adidas-drive-grey-3-4-2025\\\/\"]}]},{\"@type\":\"ImageObject\",\"inLanguage\":\"en-GB\",\"@id\":\"https:\\\/\\\/padelzoco.es\\\/product\\\/pala-padel-adidas-drive-grey-3-4-2025\\\/#primaryimage\",\"url\":\"https:\\\/\\\/padelzoco.es\\\/wp-content\\\/uploads\\\/2024\\\/12\\\/ADIDAS-Drive-Grey-3.4-Padel-Racket-2025-01.webp\",\"contentUrl\":\"https:\\\/\\\/padelzoco.es\\\/wp-content\\\/uploads\\\/2024\\\/12\\\/ADIDAS-Drive-Grey-3.4-Padel-Racket-2025-01.webp\",\"width\":1400,\"height\":1400},{\"@type\":\"BreadcrumbList\",\"@id\":\"https:\\\/\\\/padelzoco.es\\\/product\\\/pala-padel-adidas-drive-grey-3-4-2025\\\/#breadcrumb\",\"itemListElement\":[{\"@type\":\"ListItem\",\"position\":1,\"name\":\"Home\",\"item\":\"https:\\\/\\\/padelzoco.es\\\/\"},{\"@type\":\"ListItem\",\"position\":2,\"name\":\"Padel Zoco\",\"item\":\"https:\\\/\\\/padelzoco.es\\\/padel-zoco\\\/\"},{\"@type\":\"ListItem\",\"position\":3,\"name\":\"Pala de P\u00e1del ADIDAS Drive Grey 3.4 2025\"}]},{\"@type\":\"WebSite\",\"@id\":\"https:\\\/\\\/padelzoco.es\\\/#website\",\"url\":\"https:\\\/\\\/padelzoco.es\\\/\",\"name\":\"Padel Zoco\",\"description\":\"Padel Zoco | Spain\",\"publisher\":{\"@id\":\"https:\\\/\\\/padelzoco.es\\\/#organization\"},\"potentialAction\":[{\"@type\":\"SearchAction\",\"target\":{\"@type\":\"EntryPoint\",\"urlTemplate\":\"https:\\\/\\\/padelzoco.es\\\/?s={search_term_string}\"},\"query-input\":{\"@type\":\"PropertyValueSpecification\",\"valueRequired\":true,\"valueName\":\"search_term_string\"}}],\"inLanguage\":\"en-GB\"},{\"@type\":\"Organization\",\"@id\":\"https:\\\/\\\/padelzoco.es\\\/#organization\",\"name\":\"Padel Zoco\",\"url\":\"https:\\\/\\\/padelzoco.es\\\/\",\"logo\":{\"@type\":\"ImageObject\",\"inLanguage\":\"en-GB\",\"@id\":\"https:\\\/\\\/padelzoco.es\\\/#\\\/schema\\\/logo\\\/image\\\/\",\"url\":\"https:\\\/\\\/padelzoco.es\\\/wp-content\\\/uploads\\\/2023\\\/11\\\/PadelZoco_Logo_black_white.webp\",\"contentUrl\":\"https:\\\/\\\/padelzoco.es\\\/wp-content\\\/uploads\\\/2023\\\/11\\\/PadelZoco_Logo_black_white.webp\",\"width\":1500,\"height\":631,\"caption\":\"Padel Zoco\"},\"image\":{\"@id\":\"https:\\\/\\\/padelzoco.es\\\/#\\\/schema\\\/logo\\\/image\\\/\"}}]}<\/script>\n<!-- \/ Yoast SEO plugin. -->","yoast_head_json":{"title":"Pala de P\u00e1del ADIDAS Drive Grey 3.4 2025 - Padel Zoco","description":"Pala de P\u00e1del ADIDAS Drive Grey 3.4 2025 Ideal para principiantes, esta pala combina comodidad, equilibrio y f\u00e1cil manejo para un inicio suave en el p\u00e1del.","robots":{"index":"index","follow":"follow","max-snippet":"max-snippet:-1","max-image-preview":"max-image-preview:large","max-video-preview":"max-video-preview:-1"},"canonical":"https:\/\/padelzoco.es\/en\/product\/pala-padel-adidas-drive-grey-3-4-2025\/","og_locale":"en_GB","og_type":"article","og_title":"Pala de P\u00e1del ADIDAS Drive Grey 3.4 2025 - Padel Zoco","og_description":"Pala de P\u00e1del ADIDAS Drive Grey 3.4 2025 Ideal para principiantes, esta pala combina comodidad, equilibrio y f\u00e1cil manejo para un inicio suave en el p\u00e1del.","og_url":"https:\/\/padelzoco.es\/en\/product\/pala-padel-adidas-drive-grey-3-4-2025\/","og_site_name":"Padel Zoco","article_modified_time":"2026-02-02T08:25:08+00:00","og_image":[{"width":1400,"height":1400,"url":"https:\/\/padelzoco.es\/wp-content\/uploads\/2024\/12\/ADIDAS-Drive-Grey-3.4-Padel-Racket-2025-01.webp","type":"image\/webp"}],"twitter_card":"summary_large_image","twitter_misc":{"Estimated reading time":"2 minutes"},"schema":{"@context":"https:\/\/schema.org","@graph":[{"@type":"WebPage","@id":"https:\/\/padelzoco.es\/product\/pala-padel-adidas-drive-grey-3-4-2025\/","url":"https:\/\/padelzoco.es\/product\/pala-padel-adidas-drive-grey-3-4-2025\/","name":"Pala de P\u00e1del ADIDAS Drive Grey 3.4 2025 - Padel Zoco","isPartOf":{"@id":"https:\/\/padelzoco.es\/#website"},"primaryImageOfPage":{"@id":"https:\/\/padelzoco.es\/product\/pala-padel-adidas-drive-grey-3-4-2025\/#primaryimage"},"image":{"@id":"https:\/\/padelzoco.es\/product\/pala-padel-adidas-drive-grey-3-4-2025\/#primaryimage"},"thumbnailUrl":"https:\/\/padelzoco.es\/wp-content\/uploads\/2024\/12\/ADIDAS-Drive-Grey-3.4-Padel-Racket-2025-01.webp","datePublished":"2024-12-03T15:02:16+00:00","dateModified":"2026-02-02T08:25:08+00:00","description":"Pala de P\u00e1del ADIDAS Drive Grey 3.4 2025 Ideal para principiantes, esta pala combina comodidad, equilibrio y f\u00e1cil manejo para un inicio suave en el p\u00e1del.","breadcrumb":{"@id":"https:\/\/padelzoco.es\/product\/pala-padel-adidas-drive-grey-3-4-2025\/#breadcrumb"},"inLanguage":"en-GB","potentialAction":[{"@type":"ReadAction","target":["https:\/\/padelzoco.es\/product\/pala-padel-adidas-drive-grey-3-4-2025\/"]}]},{"@type":"ImageObject","inLanguage":"en-GB","@id":"https:\/\/padelzoco.es\/product\/pala-padel-adidas-drive-grey-3-4-2025\/#primaryimage","url":"https:\/\/padelzoco.es\/wp-content\/uploads\/2024\/12\/ADIDAS-Drive-Grey-3.4-Padel-Racket-2025-01.webp","contentUrl":"https:\/\/padelzoco.es\/wp-content\/uploads\/2024\/12\/ADIDAS-Drive-Grey-3.4-Padel-Racket-2025-01.webp","width":1400,"height":1400},{"@type":"BreadcrumbList","@id":"https:\/\/padelzoco.es\/product\/pala-padel-adidas-drive-grey-3-4-2025\/#breadcrumb","itemListElement":[{"@type":"ListItem","position":1,"name":"Home","item":"https:\/\/padelzoco.es\/"},{"@type":"ListItem","position":2,"name":"Padel Zoco","item":"https:\/\/padelzoco.es\/padel-zoco\/"},{"@type":"ListItem","position":3,"name":"Pala de P\u00e1del ADIDAS Drive Grey 3.4 2025"}]},{"@type":"WebSite","@id":"https:\/\/padelzoco.es\/#website","url":"https:\/\/padelzoco.es\/","name":"Padel Zoco","description":"Padel Zoco | Spain","publisher":{"@id":"https:\/\/padelzoco.es\/#organization"},"potentialAction":[{"@type":"SearchAction","target":{"@type":"EntryPoint","urlTemplate":"https:\/\/padelzoco.es\/?s={search_term_string}"},"query-input":{"@type":"PropertyValueSpecification","valueRequired":true,"valueName":"search_term_string"}}],"inLanguage":"en-GB"},{"@type":"Organization","@id":"https:\/\/padelzoco.es\/#organization","name":"Padel Zoco","url":"https:\/\/padelzoco.es\/","logo":{"@type":"ImageObject","inLanguage":"en-GB","@id":"https:\/\/padelzoco.es\/#\/schema\/logo\/image\/","url":"https:\/\/padelzoco.es\/wp-content\/uploads\/2023\/11\/PadelZoco_Logo_black_white.webp","contentUrl":"https:\/\/padelzoco.es\/wp-content\/uploads\/2023\/11\/PadelZoco_Logo_black_white.webp","width":1500,"height":631,"caption":"Padel Zoco"},"image":{"@id":"https:\/\/padelzoco.es\/#\/schema\/logo\/image\/"}}]}},"_links":{"self":[{"href":"https:\/\/padelzoco.es\/en\/wp-json\/wp\/v2\/product\/14597","targetHints":{"allow":["GET"]}}],"collection":[{"href":"https:\/\/padelzoco.es\/en\/wp-json\/wp\/v2\/product"}],"about":[{"href":"https:\/\/padelzoco.es\/en\/wp-json\/wp\/v2\/types\/product"}],"version-history":[{"count":3,"href":"https:\/\/padelzoco.es\/en\/wp-json\/wp\/v2\/product\/14597\/revisions"}],"predecessor-version":[{"id":21111,"href":"https:\/\/padelzoco.es\/en\/wp-json\/wp\/v2\/product\/14597\/revisions\/21111"}],"wp:featuredmedia":[{"embeddable":true,"href":"https:\/\/padelzoco.es\/en\/wp-json\/wp\/v2\/media\/14781"}],"wp:attachment":[{"href":"https:\/\/padelzoco.es\/en\/wp-json\/wp\/v2\/media?parent=14597"}],"wp:term":[{"taxonomy":"product_brand","embeddable":true,"href":"https:\/\/padelzoco.es\/en\/wp-json\/wp\/v2\/product_brand?post=14597"},{"taxonomy":"product_cat","embeddable":true,"href":"https:\/\/padelzoco.es\/en\/wp-json\/wp\/v2\/product_cat?post=14597"},{"taxonomy":"product_tag","embeddable":true,"href":"https:\/\/padelzoco.es\/en\/wp-json\/wp\/v2\/product_tag?post=14597"}],"curies":[{"name":"wp","href":"https:\/\/api.w.org\/{rel}","templated":true}]}}