{"id":14824,"date":"2024-12-03T16:45:49","date_gmt":"2024-12-03T15:45:49","guid":{"rendered":"https:\/\/adc06f55e9.nxcli.io\/?post_type=product&#038;p=14824"},"modified":"2026-03-12T11:12:56","modified_gmt":"2026-03-12T10:12:56","slug":"bote-3-pelotas-babolat-ace-x3","status":"publish","type":"product","link":"https:\/\/padelzoco.es\/en\/product\/bote-3-pelotas-babolat-ace-x3\/","title":{"rendered":"Bote 3 pelotas Babolat Ace X3"},"content":{"rendered":"<div class=\"gtx-body\">\n<p data-start=\"70\" data-end=\"310\"><strong data-start=\"70\" data-end=\"102\">Pelotas de p\u00e1del Babolat Ace<\/strong> han sido dise\u00f1adas espec\u00edficamente para ofrecer <strong data-start=\"151\" data-end=\"188\">m\u00e1ximo rendimiento en competici\u00f3n<\/strong>. Destacan por su <strong data-start=\"206\" data-end=\"249\">gran dinamismo, velocidad y durabilidad<\/strong>, proporcionando un juego r\u00e1pido y consistente en cada punto.<\/p>\n<p data-start=\"312\" data-end=\"517\">Gracias a su construcci\u00f3n de alta calidad, mantienen una <strong data-start=\"369\" data-end=\"404\">presi\u00f3n estable y rebote fiable<\/strong>, lo que permite a los jugadores disfrutar de <strong data-start=\"450\" data-end=\"479\">mayor precisi\u00f3n y control<\/strong> durante los partidos m\u00e1s exigentes.<\/p>\n<p data-start=\"519\" data-end=\"755\">Las <strong data-start=\"523\" data-end=\"538\">Babolat Ace<\/strong> est\u00e1n <strong data-start=\"545\" data-end=\"605\">aprobadas por la Federaci\u00f3n Internacional de P\u00e1del (FIP)<\/strong>, lo que las convierte en una opci\u00f3n ideal tanto para <strong data-start=\"659\" data-end=\"713\">torneos oficiales como para jugadores competitivos<\/strong> que buscan el mejor rendimiento en pista.<\/p>\n<p data-start=\"757\" data-end=\"789\"><strong data-start=\"757\" data-end=\"789\">Key Features:<\/strong><\/p>\n<ul data-start=\"791\" data-end=\"980\">\n<li data-section-id=\"oohwp5\" data-start=\"791\" data-end=\"823\">\n<p data-start=\"793\" data-end=\"823\">Dise\u00f1adas para <strong data-start=\"808\" data-end=\"823\">competici\u00f3n<\/strong><\/p>\n<\/li>\n<li data-section-id=\"1a2kao7\" data-start=\"824\" data-end=\"856\">\n<p data-start=\"826\" data-end=\"856\"><strong data-start=\"826\" data-end=\"856\">Gran dinamismo y velocidad<\/strong><\/p>\n<\/li>\n<li data-section-id=\"tdkf8d\" data-start=\"857\" data-end=\"879\">\n<p data-start=\"859\" data-end=\"879\"><strong data-start=\"859\" data-end=\"879\">Alta durabilidad<\/strong><\/p>\n<\/li>\n<li data-section-id=\"lj82k2\" data-start=\"880\" data-end=\"917\">\n<p data-start=\"882\" data-end=\"917\"><strong data-start=\"882\" data-end=\"917\">Rebote consistente y controlado<\/strong><\/p>\n<\/li>\n<li data-section-id=\"1rxuvy1\" data-start=\"918\" data-end=\"980\">\n<p data-start=\"920\" data-end=\"980\"><strong data-start=\"920\" data-end=\"980\">Aprobadas por la Federaci\u00f3n Internacional de P\u00e1del (FIP)<\/strong><\/p>\n<\/li>\n<\/ul>\n<\/div>","protected":false},"excerpt":{"rendered":"<div class=\"gtx-body\">La <strong data-start=\"3\" data-end=\"34\">pelota de p\u00e1del Babolat Ace<\/strong>, din\u00e1mica y duradera, ha sido dise\u00f1ada espec\u00edficamente para la competici\u00f3n. <strong data-start=\"111\" data-end=\"164\">Aprobada por la Federaci\u00f3n Internacional de P\u00e1del<\/strong>.<\/div>","protected":false},"featured_media":14826,"template":"","meta":[],"product_brand":[],"product_cat":[891,618,624],"product_tag":[],"class_list":{"0":"post-14824","1":"product","2":"type-product","3":"status-publish","4":"has-post-thumbnail","6":"product_cat-babolat-pelotas","7":"product_cat-pelotas","8":"product_cat-tubo-pelotas","9":"pa_brand-wilson","10":"pa_hs_code-87","12":"first","13":"instock","14":"sale","15":"taxable","16":"shipping-taxable","17":"purchasable","18":"product-type-simple"},"yoast_head":"<!-- This site is optimized with the Yoast SEO plugin v27.3 - https:\/\/yoast.com\/product\/yoast-seo-wordpress\/ -->\n<title>Bote 3 pelotas Babolat Ace X3 - Padel Zoco<\/title>\n<meta name=\"description\" content=\"Pelotas Babolat Ace de p\u00e1del dise\u00f1adas para competici\u00f3n, con gran dinamismo, durabilidad y rebote consistente. Aprobadas por la Federaci\u00f3n Internacional de P\u00e1del (FIP).\" \/>\n<meta name=\"robots\" content=\"index, follow, max-snippet:-1, max-image-preview:large, max-video-preview:-1\" \/>\n<link rel=\"canonical\" href=\"https:\/\/padelzoco.es\/en\/product\/bote-3-pelotas-babolat-ace-x3\/\" \/>\n<meta property=\"og:locale\" content=\"en_GB\" \/>\n<meta property=\"og:type\" content=\"article\" \/>\n<meta property=\"og:title\" content=\"Bote 3 pelotas Babolat Ace X3 - Padel Zoco\" \/>\n<meta property=\"og:description\" content=\"Pelotas Babolat Ace de p\u00e1del dise\u00f1adas para competici\u00f3n, con gran dinamismo, durabilidad y rebote consistente. Aprobadas por la Federaci\u00f3n Internacional de P\u00e1del (FIP).\" \/>\n<meta property=\"og:url\" content=\"https:\/\/padelzoco.es\/en\/product\/bote-3-pelotas-babolat-ace-x3\/\" \/>\n<meta property=\"og:site_name\" content=\"Padel Zoco\" \/>\n<meta property=\"article:modified_time\" content=\"2026-03-12T10:12:56+00:00\" \/>\n<meta property=\"og:image\" content=\"https:\/\/padelzoco.es\/wp-content\/uploads\/2024\/12\/BABOLAT-Padel-Balls-Ace-X3-01.webp\" \/>\n\t<meta property=\"og:image:width\" content=\"1400\" \/>\n\t<meta property=\"og:image:height\" content=\"1400\" \/>\n\t<meta property=\"og:image:type\" content=\"image\/webp\" \/>\n<meta name=\"twitter:card\" content=\"summary_large_image\" \/>\n<meta name=\"twitter:label1\" content=\"Estimated reading time\" \/>\n\t<meta name=\"twitter:data1\" content=\"1 minute\" \/>\n<script type=\"application\/ld+json\" class=\"yoast-schema-graph\">{\"@context\":\"https:\\\/\\\/schema.org\",\"@graph\":[{\"@type\":\"WebPage\",\"@id\":\"https:\\\/\\\/padelzoco.es\\\/product\\\/bote-3-pelotas-babolat-ace-x3\\\/\",\"url\":\"https:\\\/\\\/padelzoco.es\\\/product\\\/bote-3-pelotas-babolat-ace-x3\\\/\",\"name\":\"Bote 3 pelotas Babolat Ace X3 - Padel Zoco\",\"isPartOf\":{\"@id\":\"https:\\\/\\\/padelzoco.es\\\/#website\"},\"primaryImageOfPage\":{\"@id\":\"https:\\\/\\\/padelzoco.es\\\/product\\\/bote-3-pelotas-babolat-ace-x3\\\/#primaryimage\"},\"image\":{\"@id\":\"https:\\\/\\\/padelzoco.es\\\/product\\\/bote-3-pelotas-babolat-ace-x3\\\/#primaryimage\"},\"thumbnailUrl\":\"https:\\\/\\\/padelzoco.es\\\/wp-content\\\/uploads\\\/2024\\\/12\\\/BABOLAT-Padel-Balls-Ace-X3-01.webp\",\"datePublished\":\"2024-12-03T15:45:49+00:00\",\"dateModified\":\"2026-03-12T10:12:56+00:00\",\"description\":\"Pelotas Babolat Ace de p\u00e1del dise\u00f1adas para competici\u00f3n, con gran dinamismo, durabilidad y rebote consistente. Aprobadas por la Federaci\u00f3n Internacional de P\u00e1del (FIP).\",\"breadcrumb\":{\"@id\":\"https:\\\/\\\/padelzoco.es\\\/product\\\/bote-3-pelotas-babolat-ace-x3\\\/#breadcrumb\"},\"inLanguage\":\"en-GB\",\"potentialAction\":[{\"@type\":\"ReadAction\",\"target\":[\"https:\\\/\\\/padelzoco.es\\\/product\\\/bote-3-pelotas-babolat-ace-x3\\\/\"]}]},{\"@type\":\"ImageObject\",\"inLanguage\":\"en-GB\",\"@id\":\"https:\\\/\\\/padelzoco.es\\\/product\\\/bote-3-pelotas-babolat-ace-x3\\\/#primaryimage\",\"url\":\"https:\\\/\\\/padelzoco.es\\\/wp-content\\\/uploads\\\/2024\\\/12\\\/BABOLAT-Padel-Balls-Ace-X3-01.webp\",\"contentUrl\":\"https:\\\/\\\/padelzoco.es\\\/wp-content\\\/uploads\\\/2024\\\/12\\\/BABOLAT-Padel-Balls-Ace-X3-01.webp\",\"width\":1400,\"height\":1400,\"caption\":\"BABOLAT Padel Balls Ace X3 01\"},{\"@type\":\"BreadcrumbList\",\"@id\":\"https:\\\/\\\/padelzoco.es\\\/product\\\/bote-3-pelotas-babolat-ace-x3\\\/#breadcrumb\",\"itemListElement\":[{\"@type\":\"ListItem\",\"position\":1,\"name\":\"Home\",\"item\":\"https:\\\/\\\/padelzoco.es\\\/\"},{\"@type\":\"ListItem\",\"position\":2,\"name\":\"Padel Zoco\",\"item\":\"https:\\\/\\\/padelzoco.es\\\/padel-zoco\\\/\"},{\"@type\":\"ListItem\",\"position\":3,\"name\":\"Bote 3 pelotas Babolat Ace X3\"}]},{\"@type\":\"WebSite\",\"@id\":\"https:\\\/\\\/padelzoco.es\\\/#website\",\"url\":\"https:\\\/\\\/padelzoco.es\\\/\",\"name\":\"Padel Zoco\",\"description\":\"Padel Zoco | Spain\",\"publisher\":{\"@id\":\"https:\\\/\\\/padelzoco.es\\\/#organization\"},\"potentialAction\":[{\"@type\":\"SearchAction\",\"target\":{\"@type\":\"EntryPoint\",\"urlTemplate\":\"https:\\\/\\\/padelzoco.es\\\/?s={search_term_string}\"},\"query-input\":{\"@type\":\"PropertyValueSpecification\",\"valueRequired\":true,\"valueName\":\"search_term_string\"}}],\"inLanguage\":\"en-GB\"},{\"@type\":\"Organization\",\"@id\":\"https:\\\/\\\/padelzoco.es\\\/#organization\",\"name\":\"Padel Zoco\",\"url\":\"https:\\\/\\\/padelzoco.es\\\/\",\"logo\":{\"@type\":\"ImageObject\",\"inLanguage\":\"en-GB\",\"@id\":\"https:\\\/\\\/padelzoco.es\\\/#\\\/schema\\\/logo\\\/image\\\/\",\"url\":\"https:\\\/\\\/padelzoco.es\\\/wp-content\\\/uploads\\\/2023\\\/11\\\/PadelZoco_Logo_black_white.webp\",\"contentUrl\":\"https:\\\/\\\/padelzoco.es\\\/wp-content\\\/uploads\\\/2023\\\/11\\\/PadelZoco_Logo_black_white.webp\",\"width\":1500,\"height\":631,\"caption\":\"Padel Zoco\"},\"image\":{\"@id\":\"https:\\\/\\\/padelzoco.es\\\/#\\\/schema\\\/logo\\\/image\\\/\"}}]}<\/script>\n<!-- \/ Yoast SEO plugin. -->","yoast_head_json":{"title":"Bote 3 pelotas Babolat Ace X3 - Padel Zoco","description":"Pelotas Babolat Ace de p\u00e1del dise\u00f1adas para competici\u00f3n, con gran dinamismo, durabilidad y rebote consistente. Aprobadas por la Federaci\u00f3n Internacional de P\u00e1del (FIP).","robots":{"index":"index","follow":"follow","max-snippet":"max-snippet:-1","max-image-preview":"max-image-preview:large","max-video-preview":"max-video-preview:-1"},"canonical":"https:\/\/padelzoco.es\/en\/product\/bote-3-pelotas-babolat-ace-x3\/","og_locale":"en_GB","og_type":"article","og_title":"Bote 3 pelotas Babolat Ace X3 - Padel Zoco","og_description":"Pelotas Babolat Ace de p\u00e1del dise\u00f1adas para competici\u00f3n, con gran dinamismo, durabilidad y rebote consistente. Aprobadas por la Federaci\u00f3n Internacional de P\u00e1del (FIP).","og_url":"https:\/\/padelzoco.es\/en\/product\/bote-3-pelotas-babolat-ace-x3\/","og_site_name":"Padel Zoco","article_modified_time":"2026-03-12T10:12:56+00:00","og_image":[{"width":1400,"height":1400,"url":"https:\/\/padelzoco.es\/wp-content\/uploads\/2024\/12\/BABOLAT-Padel-Balls-Ace-X3-01.webp","type":"image\/webp"}],"twitter_card":"summary_large_image","twitter_misc":{"Estimated reading time":"1 minute"},"schema":{"@context":"https:\/\/schema.org","@graph":[{"@type":"WebPage","@id":"https:\/\/padelzoco.es\/product\/bote-3-pelotas-babolat-ace-x3\/","url":"https:\/\/padelzoco.es\/product\/bote-3-pelotas-babolat-ace-x3\/","name":"Bote 3 pelotas Babolat Ace X3 - Padel Zoco","isPartOf":{"@id":"https:\/\/padelzoco.es\/#website"},"primaryImageOfPage":{"@id":"https:\/\/padelzoco.es\/product\/bote-3-pelotas-babolat-ace-x3\/#primaryimage"},"image":{"@id":"https:\/\/padelzoco.es\/product\/bote-3-pelotas-babolat-ace-x3\/#primaryimage"},"thumbnailUrl":"https:\/\/padelzoco.es\/wp-content\/uploads\/2024\/12\/BABOLAT-Padel-Balls-Ace-X3-01.webp","datePublished":"2024-12-03T15:45:49+00:00","dateModified":"2026-03-12T10:12:56+00:00","description":"Pelotas Babolat Ace de p\u00e1del dise\u00f1adas para competici\u00f3n, con gran dinamismo, durabilidad y rebote consistente. Aprobadas por la Federaci\u00f3n Internacional de P\u00e1del (FIP).","breadcrumb":{"@id":"https:\/\/padelzoco.es\/product\/bote-3-pelotas-babolat-ace-x3\/#breadcrumb"},"inLanguage":"en-GB","potentialAction":[{"@type":"ReadAction","target":["https:\/\/padelzoco.es\/product\/bote-3-pelotas-babolat-ace-x3\/"]}]},{"@type":"ImageObject","inLanguage":"en-GB","@id":"https:\/\/padelzoco.es\/product\/bote-3-pelotas-babolat-ace-x3\/#primaryimage","url":"https:\/\/padelzoco.es\/wp-content\/uploads\/2024\/12\/BABOLAT-Padel-Balls-Ace-X3-01.webp","contentUrl":"https:\/\/padelzoco.es\/wp-content\/uploads\/2024\/12\/BABOLAT-Padel-Balls-Ace-X3-01.webp","width":1400,"height":1400,"caption":"BABOLAT Padel Balls Ace X3 01"},{"@type":"BreadcrumbList","@id":"https:\/\/padelzoco.es\/product\/bote-3-pelotas-babolat-ace-x3\/#breadcrumb","itemListElement":[{"@type":"ListItem","position":1,"name":"Home","item":"https:\/\/padelzoco.es\/"},{"@type":"ListItem","position":2,"name":"Padel Zoco","item":"https:\/\/padelzoco.es\/padel-zoco\/"},{"@type":"ListItem","position":3,"name":"Bote 3 pelotas Babolat Ace X3"}]},{"@type":"WebSite","@id":"https:\/\/padelzoco.es\/#website","url":"https:\/\/padelzoco.es\/","name":"Padel Zoco","description":"Padel Zoco | Spain","publisher":{"@id":"https:\/\/padelzoco.es\/#organization"},"potentialAction":[{"@type":"SearchAction","target":{"@type":"EntryPoint","urlTemplate":"https:\/\/padelzoco.es\/?s={search_term_string}"},"query-input":{"@type":"PropertyValueSpecification","valueRequired":true,"valueName":"search_term_string"}}],"inLanguage":"en-GB"},{"@type":"Organization","@id":"https:\/\/padelzoco.es\/#organization","name":"Padel Zoco","url":"https:\/\/padelzoco.es\/","logo":{"@type":"ImageObject","inLanguage":"en-GB","@id":"https:\/\/padelzoco.es\/#\/schema\/logo\/image\/","url":"https:\/\/padelzoco.es\/wp-content\/uploads\/2023\/11\/PadelZoco_Logo_black_white.webp","contentUrl":"https:\/\/padelzoco.es\/wp-content\/uploads\/2023\/11\/PadelZoco_Logo_black_white.webp","width":1500,"height":631,"caption":"Padel Zoco"},"image":{"@id":"https:\/\/padelzoco.es\/#\/schema\/logo\/image\/"}}]}},"_links":{"self":[{"href":"https:\/\/padelzoco.es\/en\/wp-json\/wp\/v2\/product\/14824","targetHints":{"allow":["GET"]}}],"collection":[{"href":"https:\/\/padelzoco.es\/en\/wp-json\/wp\/v2\/product"}],"about":[{"href":"https:\/\/padelzoco.es\/en\/wp-json\/wp\/v2\/types\/product"}],"version-history":[{"count":3,"href":"https:\/\/padelzoco.es\/en\/wp-json\/wp\/v2\/product\/14824\/revisions"}],"predecessor-version":[{"id":37301,"href":"https:\/\/padelzoco.es\/en\/wp-json\/wp\/v2\/product\/14824\/revisions\/37301"}],"wp:featuredmedia":[{"embeddable":true,"href":"https:\/\/padelzoco.es\/en\/wp-json\/wp\/v2\/media\/14826"}],"wp:attachment":[{"href":"https:\/\/padelzoco.es\/en\/wp-json\/wp\/v2\/media?parent=14824"}],"wp:term":[{"taxonomy":"product_brand","embeddable":true,"href":"https:\/\/padelzoco.es\/en\/wp-json\/wp\/v2\/product_brand?post=14824"},{"taxonomy":"product_cat","embeddable":true,"href":"https:\/\/padelzoco.es\/en\/wp-json\/wp\/v2\/product_cat?post=14824"},{"taxonomy":"product_tag","embeddable":true,"href":"https:\/\/padelzoco.es\/en\/wp-json\/wp\/v2\/product_tag?post=14824"}],"curies":[{"name":"wp","href":"https:\/\/api.w.org\/{rel}","templated":true}]}}