{"id":14827,"date":"2024-12-03T17:04:12","date_gmt":"2024-12-03T16:04:12","guid":{"rendered":"https:\/\/adc06f55e9.nxcli.io\/?post_type=product&#038;p=14827"},"modified":"2026-03-21T12:15:59","modified_gmt":"2026-03-21T11:15:59","slug":"bote-3-pelotas-babolat-court-x3","status":"publish","type":"product","link":"https:\/\/padelzoco.es\/en\/product\/bote-3-pelotas-babolat-court-x3\/","title":{"rendered":"Bote 3 pelotas Babolat Court X3"},"content":{"rendered":"<div class=\"gtx-body\">\n<p data-start=\"0\" data-end=\"366\">El bote de 3 pelotas <span class=\"hover:entity-accent entity-underline inline cursor-pointer align-baseline\"><span class=\"whitespace-normal\">Babolat<\/span><\/span> Court Padel est\u00e1 dise\u00f1ado para ofrecer un rendimiento r\u00e1pido y una gran durabilidad en la pista. Estas pelotas proporcionan una excelente respuesta en el juego, permitiendo intercambios din\u00e1micos y golpes precisos, ideales tanto para entrenamientos como para partidos exigentes.<\/p>\n<p data-start=\"368\" data-end=\"648\">Gracias a su construcci\u00f3n de calidad, mantienen su presi\u00f3n y rendimiento durante m\u00e1s tiempo, asegurando consistencia en cada punto. Adem\u00e1s, est\u00e1n aprobadas por la Federaci\u00f3n Internacional de P\u00e1del, lo que garantiza su fiabilidad y adaptaci\u00f3n a los est\u00e1ndares oficiales de juego.<\/p>\n<p data-start=\"650\" data-end=\"673\"><strong data-start=\"650\" data-end=\"671\">Specifications:<\/strong><\/p>\n<ul data-start=\"674\" data-end=\"840\">\n<li data-section-id=\"k0w9w9\" data-start=\"674\" data-end=\"692\">\n<p data-start=\"676\" data-end=\"692\">Marca: Babolat<\/p>\n<\/li>\n<li data-section-id=\"j2sii9\" data-start=\"693\" data-end=\"716\">\n<p data-start=\"695\" data-end=\"716\">Modelo: Court Padel<\/p>\n<\/li>\n<li data-section-id=\"15c8hv4\" data-start=\"717\" data-end=\"749\">\n<p data-start=\"719\" data-end=\"749\">Cantidad: 3 pelotas por bote<\/p>\n<\/li>\n<li data-section-id=\"4jivr\" data-start=\"750\" data-end=\"790\">\n<p data-start=\"752\" data-end=\"790\">Caracter\u00edsticas: R\u00e1pidas y duraderas<\/p>\n<\/li>\n<li data-section-id=\"tdodgc\" data-start=\"791\" data-end=\"840\">\n<p data-start=\"793\" data-end=\"840\">Aprobaci\u00f3n: Federaci\u00f3n Internacional de P\u00e1del<\/p>\n<\/li>\n<\/ul>\n<\/div>","protected":false},"excerpt":{"rendered":"<div class=\"gtx-body\">\n<p data-start=\"847\" data-end=\"1071\">Bote de 3 pelotas Babolat Court Padel, dise\u00f1adas para ofrecer velocidad, durabilidad y un rendimiento constante en cada partido. Ideales para jugadores que buscan dinamismo y precisi\u00f3n en la pista.<\/p>\n<p data-start=\"1073\" data-end=\"1217\">Aprobadas por la Federaci\u00f3n Internacional de P\u00e1del, garantizan calidad, fiabilidad y consistencia tanto en entrenamientos como en competici\u00f3n.<\/p>\n<\/div>","protected":false},"featured_media":14828,"template":"","meta":[],"product_brand":[],"product_cat":[891,618,624],"product_tag":[],"class_list":{"0":"post-14827","1":"product","2":"type-product","3":"status-publish","4":"has-post-thumbnail","6":"product_cat-babolat-pelotas","7":"product_cat-pelotas","8":"product_cat-tubo-pelotas","9":"pa_brand-babolat","10":"pa_hs_code-87","12":"first","13":"instock","14":"sale","15":"taxable","16":"shipping-taxable","17":"purchasable","18":"product-type-simple"},"yoast_head":"<!-- This site is optimized with the Yoast SEO plugin v27.3 - https:\/\/yoast.com\/product\/yoast-seo-wordpress\/ -->\n<title>Bote 3 pelotas Babolat Court X3 - Padel Zoco<\/title>\n<meta name=\"description\" content=\"Babolat Court X3 Padel Balls R\u00e1pida y con una gran durabilidad, la pelota Court Padel est\u00e1 aprobada por la Federaci\u00f3n Internacional de P\u00e1del.\" \/>\n<meta name=\"robots\" content=\"index, follow, max-snippet:-1, max-image-preview:large, max-video-preview:-1\" \/>\n<link rel=\"canonical\" href=\"https:\/\/padelzoco.es\/en\/product\/bote-3-pelotas-babolat-court-x3\/\" \/>\n<meta property=\"og:locale\" content=\"en_GB\" \/>\n<meta property=\"og:type\" content=\"article\" \/>\n<meta property=\"og:title\" content=\"Bote 3 pelotas Babolat Court X3 - Padel Zoco\" \/>\n<meta property=\"og:description\" content=\"Babolat Court X3 Padel Balls R\u00e1pida y con una gran durabilidad, la pelota Court Padel est\u00e1 aprobada por la Federaci\u00f3n Internacional de P\u00e1del.\" \/>\n<meta property=\"og:url\" content=\"https:\/\/padelzoco.es\/en\/product\/bote-3-pelotas-babolat-court-x3\/\" \/>\n<meta property=\"og:site_name\" content=\"Padel Zoco\" \/>\n<meta property=\"article:modified_time\" content=\"2026-03-21T11:15:59+00:00\" \/>\n<meta property=\"og:image\" content=\"https:\/\/padelzoco.es\/wp-content\/uploads\/2024\/12\/Babolat-Court-X3-Padel-Balls.webp\" \/>\n\t<meta property=\"og:image:width\" content=\"1400\" \/>\n\t<meta property=\"og:image:height\" content=\"1400\" \/>\n\t<meta property=\"og:image:type\" content=\"image\/webp\" \/>\n<meta name=\"twitter:card\" content=\"summary_large_image\" \/>\n<meta name=\"twitter:label1\" content=\"Estimated reading time\" \/>\n\t<meta name=\"twitter:data1\" content=\"1 minute\" \/>\n<script type=\"application\/ld+json\" class=\"yoast-schema-graph\">{\"@context\":\"https:\\\/\\\/schema.org\",\"@graph\":[{\"@type\":\"WebPage\",\"@id\":\"https:\\\/\\\/padelzoco.es\\\/product\\\/bote-3-pelotas-babolat-court-x3\\\/\",\"url\":\"https:\\\/\\\/padelzoco.es\\\/product\\\/bote-3-pelotas-babolat-court-x3\\\/\",\"name\":\"Bote 3 pelotas Babolat Court X3 - Padel Zoco\",\"isPartOf\":{\"@id\":\"https:\\\/\\\/padelzoco.es\\\/#website\"},\"primaryImageOfPage\":{\"@id\":\"https:\\\/\\\/padelzoco.es\\\/product\\\/bote-3-pelotas-babolat-court-x3\\\/#primaryimage\"},\"image\":{\"@id\":\"https:\\\/\\\/padelzoco.es\\\/product\\\/bote-3-pelotas-babolat-court-x3\\\/#primaryimage\"},\"thumbnailUrl\":\"https:\\\/\\\/padelzoco.es\\\/wp-content\\\/uploads\\\/2024\\\/12\\\/Babolat-Court-X3-Padel-Balls.webp\",\"datePublished\":\"2024-12-03T16:04:12+00:00\",\"dateModified\":\"2026-03-21T11:15:59+00:00\",\"description\":\"Babolat Court X3 Padel Balls R\u00e1pida y con una gran durabilidad, la pelota Court Padel est\u00e1 aprobada por la Federaci\u00f3n Internacional de P\u00e1del.\",\"breadcrumb\":{\"@id\":\"https:\\\/\\\/padelzoco.es\\\/product\\\/bote-3-pelotas-babolat-court-x3\\\/#breadcrumb\"},\"inLanguage\":\"en-GB\",\"potentialAction\":[{\"@type\":\"ReadAction\",\"target\":[\"https:\\\/\\\/padelzoco.es\\\/product\\\/bote-3-pelotas-babolat-court-x3\\\/\"]}]},{\"@type\":\"ImageObject\",\"inLanguage\":\"en-GB\",\"@id\":\"https:\\\/\\\/padelzoco.es\\\/product\\\/bote-3-pelotas-babolat-court-x3\\\/#primaryimage\",\"url\":\"https:\\\/\\\/padelzoco.es\\\/wp-content\\\/uploads\\\/2024\\\/12\\\/Babolat-Court-X3-Padel-Balls.webp\",\"contentUrl\":\"https:\\\/\\\/padelzoco.es\\\/wp-content\\\/uploads\\\/2024\\\/12\\\/Babolat-Court-X3-Padel-Balls.webp\",\"width\":1400,\"height\":1400,\"caption\":\"Babolat Court X3 Padel Balls\"},{\"@type\":\"BreadcrumbList\",\"@id\":\"https:\\\/\\\/padelzoco.es\\\/product\\\/bote-3-pelotas-babolat-court-x3\\\/#breadcrumb\",\"itemListElement\":[{\"@type\":\"ListItem\",\"position\":1,\"name\":\"Home\",\"item\":\"https:\\\/\\\/padelzoco.es\\\/\"},{\"@type\":\"ListItem\",\"position\":2,\"name\":\"Padel Zoco\",\"item\":\"https:\\\/\\\/padelzoco.es\\\/padel-zoco\\\/\"},{\"@type\":\"ListItem\",\"position\":3,\"name\":\"Bote 3 pelotas Babolat Court X3\"}]},{\"@type\":\"WebSite\",\"@id\":\"https:\\\/\\\/padelzoco.es\\\/#website\",\"url\":\"https:\\\/\\\/padelzoco.es\\\/\",\"name\":\"Padel Zoco\",\"description\":\"Padel Zoco | Spain\",\"publisher\":{\"@id\":\"https:\\\/\\\/padelzoco.es\\\/#organization\"},\"potentialAction\":[{\"@type\":\"SearchAction\",\"target\":{\"@type\":\"EntryPoint\",\"urlTemplate\":\"https:\\\/\\\/padelzoco.es\\\/?s={search_term_string}\"},\"query-input\":{\"@type\":\"PropertyValueSpecification\",\"valueRequired\":true,\"valueName\":\"search_term_string\"}}],\"inLanguage\":\"en-GB\"},{\"@type\":\"Organization\",\"@id\":\"https:\\\/\\\/padelzoco.es\\\/#organization\",\"name\":\"Padel Zoco\",\"url\":\"https:\\\/\\\/padelzoco.es\\\/\",\"logo\":{\"@type\":\"ImageObject\",\"inLanguage\":\"en-GB\",\"@id\":\"https:\\\/\\\/padelzoco.es\\\/#\\\/schema\\\/logo\\\/image\\\/\",\"url\":\"https:\\\/\\\/padelzoco.es\\\/wp-content\\\/uploads\\\/2023\\\/11\\\/PadelZoco_Logo_black_white.webp\",\"contentUrl\":\"https:\\\/\\\/padelzoco.es\\\/wp-content\\\/uploads\\\/2023\\\/11\\\/PadelZoco_Logo_black_white.webp\",\"width\":1500,\"height\":631,\"caption\":\"Padel Zoco\"},\"image\":{\"@id\":\"https:\\\/\\\/padelzoco.es\\\/#\\\/schema\\\/logo\\\/image\\\/\"}}]}<\/script>\n<!-- \/ Yoast SEO plugin. -->","yoast_head_json":{"title":"Bote 3 pelotas Babolat Court X3 - Padel Zoco","description":"Babolat Court X3 Padel Balls R\u00e1pida y con una gran durabilidad, la pelota Court Padel est\u00e1 aprobada por la Federaci\u00f3n Internacional de P\u00e1del.","robots":{"index":"index","follow":"follow","max-snippet":"max-snippet:-1","max-image-preview":"max-image-preview:large","max-video-preview":"max-video-preview:-1"},"canonical":"https:\/\/padelzoco.es\/en\/product\/bote-3-pelotas-babolat-court-x3\/","og_locale":"en_GB","og_type":"article","og_title":"Bote 3 pelotas Babolat Court X3 - Padel Zoco","og_description":"Babolat Court X3 Padel Balls R\u00e1pida y con una gran durabilidad, la pelota Court Padel est\u00e1 aprobada por la Federaci\u00f3n Internacional de P\u00e1del.","og_url":"https:\/\/padelzoco.es\/en\/product\/bote-3-pelotas-babolat-court-x3\/","og_site_name":"Padel Zoco","article_modified_time":"2026-03-21T11:15:59+00:00","og_image":[{"width":1400,"height":1400,"url":"https:\/\/padelzoco.es\/wp-content\/uploads\/2024\/12\/Babolat-Court-X3-Padel-Balls.webp","type":"image\/webp"}],"twitter_card":"summary_large_image","twitter_misc":{"Estimated reading time":"1 minute"},"schema":{"@context":"https:\/\/schema.org","@graph":[{"@type":"WebPage","@id":"https:\/\/padelzoco.es\/product\/bote-3-pelotas-babolat-court-x3\/","url":"https:\/\/padelzoco.es\/product\/bote-3-pelotas-babolat-court-x3\/","name":"Bote 3 pelotas Babolat Court X3 - Padel Zoco","isPartOf":{"@id":"https:\/\/padelzoco.es\/#website"},"primaryImageOfPage":{"@id":"https:\/\/padelzoco.es\/product\/bote-3-pelotas-babolat-court-x3\/#primaryimage"},"image":{"@id":"https:\/\/padelzoco.es\/product\/bote-3-pelotas-babolat-court-x3\/#primaryimage"},"thumbnailUrl":"https:\/\/padelzoco.es\/wp-content\/uploads\/2024\/12\/Babolat-Court-X3-Padel-Balls.webp","datePublished":"2024-12-03T16:04:12+00:00","dateModified":"2026-03-21T11:15:59+00:00","description":"Babolat Court X3 Padel Balls R\u00e1pida y con una gran durabilidad, la pelota Court Padel est\u00e1 aprobada por la Federaci\u00f3n Internacional de P\u00e1del.","breadcrumb":{"@id":"https:\/\/padelzoco.es\/product\/bote-3-pelotas-babolat-court-x3\/#breadcrumb"},"inLanguage":"en-GB","potentialAction":[{"@type":"ReadAction","target":["https:\/\/padelzoco.es\/product\/bote-3-pelotas-babolat-court-x3\/"]}]},{"@type":"ImageObject","inLanguage":"en-GB","@id":"https:\/\/padelzoco.es\/product\/bote-3-pelotas-babolat-court-x3\/#primaryimage","url":"https:\/\/padelzoco.es\/wp-content\/uploads\/2024\/12\/Babolat-Court-X3-Padel-Balls.webp","contentUrl":"https:\/\/padelzoco.es\/wp-content\/uploads\/2024\/12\/Babolat-Court-X3-Padel-Balls.webp","width":1400,"height":1400,"caption":"Babolat Court X3 Padel Balls"},{"@type":"BreadcrumbList","@id":"https:\/\/padelzoco.es\/product\/bote-3-pelotas-babolat-court-x3\/#breadcrumb","itemListElement":[{"@type":"ListItem","position":1,"name":"Home","item":"https:\/\/padelzoco.es\/"},{"@type":"ListItem","position":2,"name":"Padel Zoco","item":"https:\/\/padelzoco.es\/padel-zoco\/"},{"@type":"ListItem","position":3,"name":"Bote 3 pelotas Babolat Court X3"}]},{"@type":"WebSite","@id":"https:\/\/padelzoco.es\/#website","url":"https:\/\/padelzoco.es\/","name":"Padel Zoco","description":"Padel Zoco | Spain","publisher":{"@id":"https:\/\/padelzoco.es\/#organization"},"potentialAction":[{"@type":"SearchAction","target":{"@type":"EntryPoint","urlTemplate":"https:\/\/padelzoco.es\/?s={search_term_string}"},"query-input":{"@type":"PropertyValueSpecification","valueRequired":true,"valueName":"search_term_string"}}],"inLanguage":"en-GB"},{"@type":"Organization","@id":"https:\/\/padelzoco.es\/#organization","name":"Padel Zoco","url":"https:\/\/padelzoco.es\/","logo":{"@type":"ImageObject","inLanguage":"en-GB","@id":"https:\/\/padelzoco.es\/#\/schema\/logo\/image\/","url":"https:\/\/padelzoco.es\/wp-content\/uploads\/2023\/11\/PadelZoco_Logo_black_white.webp","contentUrl":"https:\/\/padelzoco.es\/wp-content\/uploads\/2023\/11\/PadelZoco_Logo_black_white.webp","width":1500,"height":631,"caption":"Padel Zoco"},"image":{"@id":"https:\/\/padelzoco.es\/#\/schema\/logo\/image\/"}}]}},"_links":{"self":[{"href":"https:\/\/padelzoco.es\/en\/wp-json\/wp\/v2\/product\/14827","targetHints":{"allow":["GET"]}}],"collection":[{"href":"https:\/\/padelzoco.es\/en\/wp-json\/wp\/v2\/product"}],"about":[{"href":"https:\/\/padelzoco.es\/en\/wp-json\/wp\/v2\/types\/product"}],"version-history":[{"count":4,"href":"https:\/\/padelzoco.es\/en\/wp-json\/wp\/v2\/product\/14827\/revisions"}],"predecessor-version":[{"id":37808,"href":"https:\/\/padelzoco.es\/en\/wp-json\/wp\/v2\/product\/14827\/revisions\/37808"}],"wp:featuredmedia":[{"embeddable":true,"href":"https:\/\/padelzoco.es\/en\/wp-json\/wp\/v2\/media\/14828"}],"wp:attachment":[{"href":"https:\/\/padelzoco.es\/en\/wp-json\/wp\/v2\/media?parent=14827"}],"wp:term":[{"taxonomy":"product_brand","embeddable":true,"href":"https:\/\/padelzoco.es\/en\/wp-json\/wp\/v2\/product_brand?post=14827"},{"taxonomy":"product_cat","embeddable":true,"href":"https:\/\/padelzoco.es\/en\/wp-json\/wp\/v2\/product_cat?post=14827"},{"taxonomy":"product_tag","embeddable":true,"href":"https:\/\/padelzoco.es\/en\/wp-json\/wp\/v2\/product_tag?post=14827"}],"curies":[{"name":"wp","href":"https:\/\/api.w.org\/{rel}","templated":true}]}}