{"id":14834,"date":"2024-12-04T11:25:51","date_gmt":"2024-12-04T10:25:51","guid":{"rendered":"https:\/\/adc06f55e9.nxcli.io\/?post_type=product&#038;p=14834"},"modified":"2026-04-30T19:49:24","modified_gmt":"2026-04-30T18:49:24","slug":"pala-padel-babolat-viper-juan-lebron-2025","status":"publish","type":"product","link":"https:\/\/padelzoco.es\/en\/product\/pala-padel-babolat-viper-juan-lebron-2025\/","title":{"rendered":"Babolat Viper Juan Lebron 2025 Padel Racket"},"content":{"rendered":"","protected":false},"excerpt":{"rendered":"<p data-start=\"0\" data-end=\"506\">The Babolat Technical Viper 2025 Juan Lebr\u00f3n padel racket is a model designed in collaboration with Juan Lebr\u00f3n. It offers explosive power thanks to the 3K carbon fiber surface, guaranteeing maximum explosiveness and precision. The racket's unique core design, with its reinforced central bar, improves stability and provides greater power and control over the ball. The surface features textured patterns that enhance spin shots.<\/p>\n<p data-start=\"508\" data-end=\"714\">The multi-EVA core is composed of three layers of EVA rubber. The outer, more rigid layers facilitate explosive power, while the inner, softer layers provide comfort.<\/p>\n<ul>\n<li data-start=\"716\" data-end=\"834\">Player: Juan Lebr\u00f3n<\/li>\n<li data-start=\"716\" data-end=\"834\">Premium Box: Signed by Juan Lebr\u00f3n<\/li>\n<li data-start=\"716\" data-end=\"834\">Additional Straps: 2 Babolat straps<\/li>\n<\/ul>","protected":false},"featured_media":14837,"template":"","meta":[],"product_brand":[],"product_cat":[582,817,584,589,757,754],"product_tag":[],"class_list":{"0":"post-14834","1":"product","2":"type-product","3":"status-publish","4":"has-post-thumbnail","6":"product_cat-avanzado-palas","7":"product_cat-babolat-palas","8":"product_cat-diamante-palas","9":"product_cat-hombre-palas","10":"product_cat-palas-ofertas","11":"product_cat-rebajas","12":"pa_brand-babolat","14":"first","15":"instock","16":"sale","17":"taxable","18":"shipping-taxable","19":"purchasable","20":"product-type-simple"},"yoast_head":"<!-- This site is optimized with the Yoast SEO plugin v27.5 - https:\/\/yoast.com\/product\/yoast-seo-wordpress\/ -->\n<title>Pala Padel Babolat Viper Juan Lebron 2025 - Padel Zoco<\/title>\n<meta name=\"description\" content=\"La Babolat Viper Juan Lebr\u00f3n 2025 Juan Lebr\u00f3n ofrece potencia, precisi\u00f3n y control con un dise\u00f1o exclusivo de Juan Lebr\u00f3n para un juego de alto nivel.\" \/>\n<meta name=\"robots\" content=\"index, follow, max-snippet:-1, max-image-preview:large, max-video-preview:-1\" \/>\n<link rel=\"canonical\" href=\"https:\/\/padelzoco.es\/en\/product\/pala-padel-babolat-viper-juan-lebron-2025\/\" \/>\n<meta property=\"og:locale\" content=\"en_GB\" \/>\n<meta property=\"og:type\" content=\"article\" \/>\n<meta property=\"og:title\" content=\"Pala Padel Babolat Viper Juan Lebron 2025 - Padel Zoco\" \/>\n<meta property=\"og:description\" content=\"La Babolat Viper Juan Lebr\u00f3n 2025 Juan Lebr\u00f3n ofrece potencia, precisi\u00f3n y control con un dise\u00f1o exclusivo de Juan Lebr\u00f3n para un juego de alto nivel.\" \/>\n<meta property=\"og:url\" content=\"https:\/\/padelzoco.es\/en\/product\/pala-padel-babolat-viper-juan-lebron-2025\/\" \/>\n<meta property=\"og:site_name\" content=\"Padel Zoco\" \/>\n<meta property=\"article:modified_time\" content=\"2026-04-30T18:49:24+00:00\" \/>\n<meta property=\"og:image\" content=\"https:\/\/padelzoco.es\/wp-content\/uploads\/2024\/12\/BABOLAT-Technical-Viper-2025-Padel-Racket-Juan-Lebron.webp\" \/>\n\t<meta property=\"og:image:width\" content=\"1400\" \/>\n\t<meta property=\"og:image:height\" content=\"1400\" \/>\n\t<meta property=\"og:image:type\" content=\"image\/webp\" \/>\n<meta name=\"twitter:card\" content=\"summary_large_image\" \/>\n<meta name=\"twitter:label1\" content=\"Estimated reading time\" \/>\n\t<meta name=\"twitter:data1\" content=\"1 minute\" \/>\n<script type=\"application\/ld+json\" class=\"yoast-schema-graph\">{\"@context\":\"https:\\\/\\\/schema.org\",\"@graph\":[{\"@type\":\"WebPage\",\"@id\":\"https:\\\/\\\/padelzoco.es\\\/product\\\/pala-padel-babolat-viper-juan-lebron-2025\\\/\",\"url\":\"https:\\\/\\\/padelzoco.es\\\/product\\\/pala-padel-babolat-viper-juan-lebron-2025\\\/\",\"name\":\"Pala Padel Babolat Viper Juan Lebron 2025 - Padel Zoco\",\"isPartOf\":{\"@id\":\"https:\\\/\\\/padelzoco.es\\\/#website\"},\"primaryImageOfPage\":{\"@id\":\"https:\\\/\\\/padelzoco.es\\\/product\\\/pala-padel-babolat-viper-juan-lebron-2025\\\/#primaryimage\"},\"image\":{\"@id\":\"https:\\\/\\\/padelzoco.es\\\/product\\\/pala-padel-babolat-viper-juan-lebron-2025\\\/#primaryimage\"},\"thumbnailUrl\":\"https:\\\/\\\/padelzoco.es\\\/wp-content\\\/uploads\\\/2024\\\/12\\\/BABOLAT-Technical-Viper-2025-Padel-Racket-Juan-Lebron.webp\",\"datePublished\":\"2024-12-04T10:25:51+00:00\",\"dateModified\":\"2026-04-30T18:49:24+00:00\",\"description\":\"La Babolat Viper Juan Lebr\u00f3n 2025 Juan Lebr\u00f3n ofrece potencia, precisi\u00f3n y control con un dise\u00f1o exclusivo de Juan Lebr\u00f3n para un juego de alto nivel.\",\"breadcrumb\":{\"@id\":\"https:\\\/\\\/padelzoco.es\\\/product\\\/pala-padel-babolat-viper-juan-lebron-2025\\\/#breadcrumb\"},\"inLanguage\":\"en-GB\",\"potentialAction\":[{\"@type\":\"ReadAction\",\"target\":[\"https:\\\/\\\/padelzoco.es\\\/product\\\/pala-padel-babolat-viper-juan-lebron-2025\\\/\"]}]},{\"@type\":\"ImageObject\",\"inLanguage\":\"en-GB\",\"@id\":\"https:\\\/\\\/padelzoco.es\\\/product\\\/pala-padel-babolat-viper-juan-lebron-2025\\\/#primaryimage\",\"url\":\"https:\\\/\\\/padelzoco.es\\\/wp-content\\\/uploads\\\/2024\\\/12\\\/BABOLAT-Technical-Viper-2025-Padel-Racket-Juan-Lebron.webp\",\"contentUrl\":\"https:\\\/\\\/padelzoco.es\\\/wp-content\\\/uploads\\\/2024\\\/12\\\/BABOLAT-Technical-Viper-2025-Padel-Racket-Juan-Lebron.webp\",\"width\":1400,\"height\":1400,\"caption\":\"BABOLAT Technical Viper 2025 Padel Racket Juan Lebron\"},{\"@type\":\"BreadcrumbList\",\"@id\":\"https:\\\/\\\/padelzoco.es\\\/product\\\/pala-padel-babolat-viper-juan-lebron-2025\\\/#breadcrumb\",\"itemListElement\":[{\"@type\":\"ListItem\",\"position\":1,\"name\":\"Home\",\"item\":\"https:\\\/\\\/padelzoco.es\\\/\"},{\"@type\":\"ListItem\",\"position\":2,\"name\":\"Padel Zoco\",\"item\":\"https:\\\/\\\/padelzoco.es\\\/padel-zoco\\\/\"},{\"@type\":\"ListItem\",\"position\":3,\"name\":\"Pala Padel Babolat Viper Juan Lebron 2025\"}]},{\"@type\":\"WebSite\",\"@id\":\"https:\\\/\\\/padelzoco.es\\\/#website\",\"url\":\"https:\\\/\\\/padelzoco.es\\\/\",\"name\":\"Padel Zoco\",\"description\":\"Padel Zoco | Spain\",\"publisher\":{\"@id\":\"https:\\\/\\\/padelzoco.es\\\/#organization\"},\"potentialAction\":[{\"@type\":\"SearchAction\",\"target\":{\"@type\":\"EntryPoint\",\"urlTemplate\":\"https:\\\/\\\/padelzoco.es\\\/?s={search_term_string}\"},\"query-input\":{\"@type\":\"PropertyValueSpecification\",\"valueRequired\":true,\"valueName\":\"search_term_string\"}}],\"inLanguage\":\"en-GB\"},{\"@type\":\"Organization\",\"@id\":\"https:\\\/\\\/padelzoco.es\\\/#organization\",\"name\":\"Padel Zoco\",\"url\":\"https:\\\/\\\/padelzoco.es\\\/\",\"logo\":{\"@type\":\"ImageObject\",\"inLanguage\":\"en-GB\",\"@id\":\"https:\\\/\\\/padelzoco.es\\\/#\\\/schema\\\/logo\\\/image\\\/\",\"url\":\"https:\\\/\\\/padelzoco.es\\\/wp-content\\\/uploads\\\/2023\\\/11\\\/PadelZoco_Logo_black_white.webp\",\"contentUrl\":\"https:\\\/\\\/padelzoco.es\\\/wp-content\\\/uploads\\\/2023\\\/11\\\/PadelZoco_Logo_black_white.webp\",\"width\":1500,\"height\":631,\"caption\":\"Padel Zoco\"},\"image\":{\"@id\":\"https:\\\/\\\/padelzoco.es\\\/#\\\/schema\\\/logo\\\/image\\\/\"}}]}<\/script>\n<!-- \/ Yoast SEO plugin. -->","yoast_head_json":{"title":"Pala Padel Babolat Viper Juan Lebron 2025 - Padel Zoco","description":"La Babolat Viper Juan Lebr\u00f3n 2025 Juan Lebr\u00f3n ofrece potencia, precisi\u00f3n y control con un dise\u00f1o exclusivo de Juan Lebr\u00f3n para un juego de alto nivel.","robots":{"index":"index","follow":"follow","max-snippet":"max-snippet:-1","max-image-preview":"max-image-preview:large","max-video-preview":"max-video-preview:-1"},"canonical":"https:\/\/padelzoco.es\/en\/product\/pala-padel-babolat-viper-juan-lebron-2025\/","og_locale":"en_GB","og_type":"article","og_title":"Pala Padel Babolat Viper Juan Lebron 2025 - Padel Zoco","og_description":"La Babolat Viper Juan Lebr\u00f3n 2025 Juan Lebr\u00f3n ofrece potencia, precisi\u00f3n y control con un dise\u00f1o exclusivo de Juan Lebr\u00f3n para un juego de alto nivel.","og_url":"https:\/\/padelzoco.es\/en\/product\/pala-padel-babolat-viper-juan-lebron-2025\/","og_site_name":"Padel Zoco","article_modified_time":"2026-04-30T18:49:24+00:00","og_image":[{"width":1400,"height":1400,"url":"https:\/\/padelzoco.es\/wp-content\/uploads\/2024\/12\/BABOLAT-Technical-Viper-2025-Padel-Racket-Juan-Lebron.webp","type":"image\/webp"}],"twitter_card":"summary_large_image","twitter_misc":{"Estimated reading time":"1 minute"},"schema":{"@context":"https:\/\/schema.org","@graph":[{"@type":"WebPage","@id":"https:\/\/padelzoco.es\/product\/pala-padel-babolat-viper-juan-lebron-2025\/","url":"https:\/\/padelzoco.es\/product\/pala-padel-babolat-viper-juan-lebron-2025\/","name":"Pala Padel Babolat Viper Juan Lebron 2025 - Padel Zoco","isPartOf":{"@id":"https:\/\/padelzoco.es\/#website"},"primaryImageOfPage":{"@id":"https:\/\/padelzoco.es\/product\/pala-padel-babolat-viper-juan-lebron-2025\/#primaryimage"},"image":{"@id":"https:\/\/padelzoco.es\/product\/pala-padel-babolat-viper-juan-lebron-2025\/#primaryimage"},"thumbnailUrl":"https:\/\/padelzoco.es\/wp-content\/uploads\/2024\/12\/BABOLAT-Technical-Viper-2025-Padel-Racket-Juan-Lebron.webp","datePublished":"2024-12-04T10:25:51+00:00","dateModified":"2026-04-30T18:49:24+00:00","description":"La Babolat Viper Juan Lebr\u00f3n 2025 Juan Lebr\u00f3n ofrece potencia, precisi\u00f3n y control con un dise\u00f1o exclusivo de Juan Lebr\u00f3n para un juego de alto nivel.","breadcrumb":{"@id":"https:\/\/padelzoco.es\/product\/pala-padel-babolat-viper-juan-lebron-2025\/#breadcrumb"},"inLanguage":"en-GB","potentialAction":[{"@type":"ReadAction","target":["https:\/\/padelzoco.es\/product\/pala-padel-babolat-viper-juan-lebron-2025\/"]}]},{"@type":"ImageObject","inLanguage":"en-GB","@id":"https:\/\/padelzoco.es\/product\/pala-padel-babolat-viper-juan-lebron-2025\/#primaryimage","url":"https:\/\/padelzoco.es\/wp-content\/uploads\/2024\/12\/BABOLAT-Technical-Viper-2025-Padel-Racket-Juan-Lebron.webp","contentUrl":"https:\/\/padelzoco.es\/wp-content\/uploads\/2024\/12\/BABOLAT-Technical-Viper-2025-Padel-Racket-Juan-Lebron.webp","width":1400,"height":1400,"caption":"BABOLAT Technical Viper 2025 Padel Racket Juan Lebron"},{"@type":"BreadcrumbList","@id":"https:\/\/padelzoco.es\/product\/pala-padel-babolat-viper-juan-lebron-2025\/#breadcrumb","itemListElement":[{"@type":"ListItem","position":1,"name":"Home","item":"https:\/\/padelzoco.es\/"},{"@type":"ListItem","position":2,"name":"Padel Zoco","item":"https:\/\/padelzoco.es\/padel-zoco\/"},{"@type":"ListItem","position":3,"name":"Pala Padel Babolat Viper Juan Lebron 2025"}]},{"@type":"WebSite","@id":"https:\/\/padelzoco.es\/#website","url":"https:\/\/padelzoco.es\/","name":"Padel Zoco","description":"Padel Zoco | Spain","publisher":{"@id":"https:\/\/padelzoco.es\/#organization"},"potentialAction":[{"@type":"SearchAction","target":{"@type":"EntryPoint","urlTemplate":"https:\/\/padelzoco.es\/?s={search_term_string}"},"query-input":{"@type":"PropertyValueSpecification","valueRequired":true,"valueName":"search_term_string"}}],"inLanguage":"en-GB"},{"@type":"Organization","@id":"https:\/\/padelzoco.es\/#organization","name":"Padel Zoco","url":"https:\/\/padelzoco.es\/","logo":{"@type":"ImageObject","inLanguage":"en-GB","@id":"https:\/\/padelzoco.es\/#\/schema\/logo\/image\/","url":"https:\/\/padelzoco.es\/wp-content\/uploads\/2023\/11\/PadelZoco_Logo_black_white.webp","contentUrl":"https:\/\/padelzoco.es\/wp-content\/uploads\/2023\/11\/PadelZoco_Logo_black_white.webp","width":1500,"height":631,"caption":"Padel Zoco"},"image":{"@id":"https:\/\/padelzoco.es\/#\/schema\/logo\/image\/"}}]}},"_links":{"self":[{"href":"https:\/\/padelzoco.es\/en\/wp-json\/wp\/v2\/product\/14834","targetHints":{"allow":["GET"]}}],"collection":[{"href":"https:\/\/padelzoco.es\/en\/wp-json\/wp\/v2\/product"}],"about":[{"href":"https:\/\/padelzoco.es\/en\/wp-json\/wp\/v2\/types\/product"}],"version-history":[{"count":4,"href":"https:\/\/padelzoco.es\/en\/wp-json\/wp\/v2\/product\/14834\/revisions"}],"predecessor-version":[{"id":37630,"href":"https:\/\/padelzoco.es\/en\/wp-json\/wp\/v2\/product\/14834\/revisions\/37630"}],"wp:featuredmedia":[{"embeddable":true,"href":"https:\/\/padelzoco.es\/en\/wp-json\/wp\/v2\/media\/14837"}],"wp:attachment":[{"href":"https:\/\/padelzoco.es\/en\/wp-json\/wp\/v2\/media?parent=14834"}],"wp:term":[{"taxonomy":"product_brand","embeddable":true,"href":"https:\/\/padelzoco.es\/en\/wp-json\/wp\/v2\/product_brand?post=14834"},{"taxonomy":"product_cat","embeddable":true,"href":"https:\/\/padelzoco.es\/en\/wp-json\/wp\/v2\/product_cat?post=14834"},{"taxonomy":"product_tag","embeddable":true,"href":"https:\/\/padelzoco.es\/en\/wp-json\/wp\/v2\/product_tag?post=14834"}],"curies":[{"name":"wp","href":"https:\/\/api.w.org\/{rel}","templated":true}]}}