{"id":14881,"date":"2024-12-05T14:14:22","date_gmt":"2024-12-05T13:14:22","guid":{"rendered":"https:\/\/adc06f55e9.nxcli.io\/?post_type=product&#038;p=14881"},"modified":"2026-04-30T19:15:53","modified_gmt":"2026-04-30T18:15:53","slug":"pala-padel-babolat-technical-veron-juan-lebron-2025","status":"publish","type":"product","link":"https:\/\/padelzoco.es\/en\/product\/pala-padel-babolat-technical-veron-juan-lebron-2025\/","title":{"rendered":"Babolat Technical Veron Juan Lebron 2025 Padel Racket"},"content":{"rendered":"","protected":false},"excerpt":{"rendered":"<p>Agile, competitive, spectacular\u2026 these could be the adjectives that define \"The Wolf.\"<\/p>\n<p>This racket, the result of a collaboration with Juan Lebr\u00f3n, provides both power and decisiveness in attacking shots, along with an exclusive design.<\/p>\n<p>This racket will help you smash the ball for three points and be the TECHNICAL STRIKER you want to be.<\/p>\n<p>Now you can play in the colors of one of the best players in the world with the Technical Veron Juan Lebr\u00f3n.<\/p>\n<p>Professional players on the BABOLAT team can play with a customized or different model from the standard equipment.<\/p>\n<p>&nbsp;<\/p>\n<div class=\"row\">\n<div class=\"col-12 col-xmd-6\">\n<div class=\"m-product-detail__tech-characteristics-body row m-0 pr-1\">\n<div class=\"col-6 p-0\"><\/div>\n<\/div>\n<\/div>\n<\/div>","protected":false},"featured_media":14885,"template":"","meta":[],"product_brand":[],"product_cat":[582,817,584,589,581,757,754],"product_tag":[],"class_list":{"0":"post-14881","1":"product","2":"type-product","3":"status-publish","4":"has-post-thumbnail","6":"product_cat-avanzado-palas","7":"product_cat-babolat-palas","8":"product_cat-diamante-palas","9":"product_cat-hombre-palas","10":"product_cat-intermedio-palas","11":"product_cat-palas-ofertas","12":"product_cat-rebajas","13":"pa_brand-babolat","15":"first","16":"instock","17":"sale","18":"taxable","19":"shipping-taxable","20":"purchasable","21":"product-type-simple"},"yoast_head":"<!-- This site is optimized with the Yoast SEO plugin v27.5 - https:\/\/yoast.com\/product\/yoast-seo-wordpress\/ -->\n<title>Pala Padel Babolat Technical Veron Juan Lebron 2025 - Padel Zoco<\/title>\n<meta name=\"description\" content=\"Babolat Technical Vertuo Juan Lebr\u00f3n, pala de potencia f\u00e1cil dise\u00f1ada para atacantes t\u00e9cnicos que buscan rendimiento y estilo profesional.\" \/>\n<meta name=\"robots\" content=\"index, follow, max-snippet:-1, max-image-preview:large, max-video-preview:-1\" \/>\n<link rel=\"canonical\" href=\"https:\/\/padelzoco.es\/en\/product\/pala-padel-babolat-technical-veron-juan-lebron-2025\/\" \/>\n<meta property=\"og:locale\" content=\"en_GB\" \/>\n<meta property=\"og:type\" content=\"article\" \/>\n<meta property=\"og:title\" content=\"Pala Padel Babolat Technical Veron Juan Lebron 2025 - Padel Zoco\" \/>\n<meta property=\"og:description\" content=\"Babolat Technical Vertuo Juan Lebr\u00f3n, pala de potencia f\u00e1cil dise\u00f1ada para atacantes t\u00e9cnicos que buscan rendimiento y estilo profesional.\" \/>\n<meta property=\"og:url\" content=\"https:\/\/padelzoco.es\/en\/product\/pala-padel-babolat-technical-veron-juan-lebron-2025\/\" \/>\n<meta property=\"og:site_name\" content=\"Padel Zoco\" \/>\n<meta property=\"article:modified_time\" content=\"2026-04-30T18:15:53+00:00\" \/>\n<meta property=\"og:image\" content=\"https:\/\/padelzoco.es\/wp-content\/uploads\/2024\/12\/BABOLAT-Technical-Veron-Juan-Lebron-Padel-Racket-2025-02.webp\" \/>\n\t<meta property=\"og:image:width\" content=\"1400\" \/>\n\t<meta property=\"og:image:height\" content=\"1400\" \/>\n\t<meta property=\"og:image:type\" content=\"image\/webp\" \/>\n<meta name=\"twitter:card\" content=\"summary_large_image\" \/>\n<meta name=\"twitter:label1\" content=\"Estimated reading time\" \/>\n\t<meta name=\"twitter:data1\" content=\"1 minute\" \/>\n<script type=\"application\/ld+json\" class=\"yoast-schema-graph\">{\"@context\":\"https:\\\/\\\/schema.org\",\"@graph\":[{\"@type\":\"WebPage\",\"@id\":\"https:\\\/\\\/padelzoco.es\\\/product\\\/pala-padel-babolat-technical-veron-juan-lebron-2025\\\/\",\"url\":\"https:\\\/\\\/padelzoco.es\\\/product\\\/pala-padel-babolat-technical-veron-juan-lebron-2025\\\/\",\"name\":\"Pala Padel Babolat Technical Veron Juan Lebron 2025 - Padel Zoco\",\"isPartOf\":{\"@id\":\"https:\\\/\\\/padelzoco.es\\\/#website\"},\"primaryImageOfPage\":{\"@id\":\"https:\\\/\\\/padelzoco.es\\\/product\\\/pala-padel-babolat-technical-veron-juan-lebron-2025\\\/#primaryimage\"},\"image\":{\"@id\":\"https:\\\/\\\/padelzoco.es\\\/product\\\/pala-padel-babolat-technical-veron-juan-lebron-2025\\\/#primaryimage\"},\"thumbnailUrl\":\"https:\\\/\\\/padelzoco.es\\\/wp-content\\\/uploads\\\/2024\\\/12\\\/BABOLAT-Technical-Veron-Juan-Lebron-Padel-Racket-2025-02.webp\",\"datePublished\":\"2024-12-05T13:14:22+00:00\",\"dateModified\":\"2026-04-30T18:15:53+00:00\",\"description\":\"Babolat Technical Vertuo Juan Lebr\u00f3n, pala de potencia f\u00e1cil dise\u00f1ada para atacantes t\u00e9cnicos que buscan rendimiento y estilo profesional.\",\"breadcrumb\":{\"@id\":\"https:\\\/\\\/padelzoco.es\\\/product\\\/pala-padel-babolat-technical-veron-juan-lebron-2025\\\/#breadcrumb\"},\"inLanguage\":\"en-GB\",\"potentialAction\":[{\"@type\":\"ReadAction\",\"target\":[\"https:\\\/\\\/padelzoco.es\\\/product\\\/pala-padel-babolat-technical-veron-juan-lebron-2025\\\/\"]}]},{\"@type\":\"ImageObject\",\"inLanguage\":\"en-GB\",\"@id\":\"https:\\\/\\\/padelzoco.es\\\/product\\\/pala-padel-babolat-technical-veron-juan-lebron-2025\\\/#primaryimage\",\"url\":\"https:\\\/\\\/padelzoco.es\\\/wp-content\\\/uploads\\\/2024\\\/12\\\/BABOLAT-Technical-Veron-Juan-Lebron-Padel-Racket-2025-02.webp\",\"contentUrl\":\"https:\\\/\\\/padelzoco.es\\\/wp-content\\\/uploads\\\/2024\\\/12\\\/BABOLAT-Technical-Veron-Juan-Lebron-Padel-Racket-2025-02.webp\",\"width\":1400,\"height\":1400,\"caption\":\"BABOLAT Technical Veron Juan Lebron Padel Racket 2025 02\"},{\"@type\":\"BreadcrumbList\",\"@id\":\"https:\\\/\\\/padelzoco.es\\\/product\\\/pala-padel-babolat-technical-veron-juan-lebron-2025\\\/#breadcrumb\",\"itemListElement\":[{\"@type\":\"ListItem\",\"position\":1,\"name\":\"Home\",\"item\":\"https:\\\/\\\/padelzoco.es\\\/\"},{\"@type\":\"ListItem\",\"position\":2,\"name\":\"Padel Zoco\",\"item\":\"https:\\\/\\\/padelzoco.es\\\/padel-zoco\\\/\"},{\"@type\":\"ListItem\",\"position\":3,\"name\":\"Pala Padel Babolat Technical Veron Juan Lebron 2025\"}]},{\"@type\":\"WebSite\",\"@id\":\"https:\\\/\\\/padelzoco.es\\\/#website\",\"url\":\"https:\\\/\\\/padelzoco.es\\\/\",\"name\":\"Padel Zoco\",\"description\":\"Padel Zoco | Spain\",\"publisher\":{\"@id\":\"https:\\\/\\\/padelzoco.es\\\/#organization\"},\"potentialAction\":[{\"@type\":\"SearchAction\",\"target\":{\"@type\":\"EntryPoint\",\"urlTemplate\":\"https:\\\/\\\/padelzoco.es\\\/?s={search_term_string}\"},\"query-input\":{\"@type\":\"PropertyValueSpecification\",\"valueRequired\":true,\"valueName\":\"search_term_string\"}}],\"inLanguage\":\"en-GB\"},{\"@type\":\"Organization\",\"@id\":\"https:\\\/\\\/padelzoco.es\\\/#organization\",\"name\":\"Padel Zoco\",\"url\":\"https:\\\/\\\/padelzoco.es\\\/\",\"logo\":{\"@type\":\"ImageObject\",\"inLanguage\":\"en-GB\",\"@id\":\"https:\\\/\\\/padelzoco.es\\\/#\\\/schema\\\/logo\\\/image\\\/\",\"url\":\"https:\\\/\\\/padelzoco.es\\\/wp-content\\\/uploads\\\/2023\\\/11\\\/PadelZoco_Logo_black_white.webp\",\"contentUrl\":\"https:\\\/\\\/padelzoco.es\\\/wp-content\\\/uploads\\\/2023\\\/11\\\/PadelZoco_Logo_black_white.webp\",\"width\":1500,\"height\":631,\"caption\":\"Padel Zoco\"},\"image\":{\"@id\":\"https:\\\/\\\/padelzoco.es\\\/#\\\/schema\\\/logo\\\/image\\\/\"}}]}<\/script>\n<!-- \/ Yoast SEO plugin. -->","yoast_head_json":{"title":"Pala Padel Babolat Technical Veron Juan Lebron 2025 - Padel Zoco","description":"Babolat Technical Vertuo Juan Lebr\u00f3n, pala de potencia f\u00e1cil dise\u00f1ada para atacantes t\u00e9cnicos que buscan rendimiento y estilo profesional.","robots":{"index":"index","follow":"follow","max-snippet":"max-snippet:-1","max-image-preview":"max-image-preview:large","max-video-preview":"max-video-preview:-1"},"canonical":"https:\/\/padelzoco.es\/en\/product\/pala-padel-babolat-technical-veron-juan-lebron-2025\/","og_locale":"en_GB","og_type":"article","og_title":"Pala Padel Babolat Technical Veron Juan Lebron 2025 - Padel Zoco","og_description":"Babolat Technical Vertuo Juan Lebr\u00f3n, pala de potencia f\u00e1cil dise\u00f1ada para atacantes t\u00e9cnicos que buscan rendimiento y estilo profesional.","og_url":"https:\/\/padelzoco.es\/en\/product\/pala-padel-babolat-technical-veron-juan-lebron-2025\/","og_site_name":"Padel Zoco","article_modified_time":"2026-04-30T18:15:53+00:00","og_image":[{"width":1400,"height":1400,"url":"https:\/\/padelzoco.es\/wp-content\/uploads\/2024\/12\/BABOLAT-Technical-Veron-Juan-Lebron-Padel-Racket-2025-02.webp","type":"image\/webp"}],"twitter_card":"summary_large_image","twitter_misc":{"Estimated reading time":"1 minute"},"schema":{"@context":"https:\/\/schema.org","@graph":[{"@type":"WebPage","@id":"https:\/\/padelzoco.es\/product\/pala-padel-babolat-technical-veron-juan-lebron-2025\/","url":"https:\/\/padelzoco.es\/product\/pala-padel-babolat-technical-veron-juan-lebron-2025\/","name":"Pala Padel Babolat Technical Veron Juan Lebron 2025 - Padel Zoco","isPartOf":{"@id":"https:\/\/padelzoco.es\/#website"},"primaryImageOfPage":{"@id":"https:\/\/padelzoco.es\/product\/pala-padel-babolat-technical-veron-juan-lebron-2025\/#primaryimage"},"image":{"@id":"https:\/\/padelzoco.es\/product\/pala-padel-babolat-technical-veron-juan-lebron-2025\/#primaryimage"},"thumbnailUrl":"https:\/\/padelzoco.es\/wp-content\/uploads\/2024\/12\/BABOLAT-Technical-Veron-Juan-Lebron-Padel-Racket-2025-02.webp","datePublished":"2024-12-05T13:14:22+00:00","dateModified":"2026-04-30T18:15:53+00:00","description":"Babolat Technical Vertuo Juan Lebr\u00f3n, pala de potencia f\u00e1cil dise\u00f1ada para atacantes t\u00e9cnicos que buscan rendimiento y estilo profesional.","breadcrumb":{"@id":"https:\/\/padelzoco.es\/product\/pala-padel-babolat-technical-veron-juan-lebron-2025\/#breadcrumb"},"inLanguage":"en-GB","potentialAction":[{"@type":"ReadAction","target":["https:\/\/padelzoco.es\/product\/pala-padel-babolat-technical-veron-juan-lebron-2025\/"]}]},{"@type":"ImageObject","inLanguage":"en-GB","@id":"https:\/\/padelzoco.es\/product\/pala-padel-babolat-technical-veron-juan-lebron-2025\/#primaryimage","url":"https:\/\/padelzoco.es\/wp-content\/uploads\/2024\/12\/BABOLAT-Technical-Veron-Juan-Lebron-Padel-Racket-2025-02.webp","contentUrl":"https:\/\/padelzoco.es\/wp-content\/uploads\/2024\/12\/BABOLAT-Technical-Veron-Juan-Lebron-Padel-Racket-2025-02.webp","width":1400,"height":1400,"caption":"BABOLAT Technical Veron Juan Lebron Padel Racket 2025 02"},{"@type":"BreadcrumbList","@id":"https:\/\/padelzoco.es\/product\/pala-padel-babolat-technical-veron-juan-lebron-2025\/#breadcrumb","itemListElement":[{"@type":"ListItem","position":1,"name":"Home","item":"https:\/\/padelzoco.es\/"},{"@type":"ListItem","position":2,"name":"Padel Zoco","item":"https:\/\/padelzoco.es\/padel-zoco\/"},{"@type":"ListItem","position":3,"name":"Pala Padel Babolat Technical Veron Juan Lebron 2025"}]},{"@type":"WebSite","@id":"https:\/\/padelzoco.es\/#website","url":"https:\/\/padelzoco.es\/","name":"Padel Zoco","description":"Padel Zoco | Spain","publisher":{"@id":"https:\/\/padelzoco.es\/#organization"},"potentialAction":[{"@type":"SearchAction","target":{"@type":"EntryPoint","urlTemplate":"https:\/\/padelzoco.es\/?s={search_term_string}"},"query-input":{"@type":"PropertyValueSpecification","valueRequired":true,"valueName":"search_term_string"}}],"inLanguage":"en-GB"},{"@type":"Organization","@id":"https:\/\/padelzoco.es\/#organization","name":"Padel Zoco","url":"https:\/\/padelzoco.es\/","logo":{"@type":"ImageObject","inLanguage":"en-GB","@id":"https:\/\/padelzoco.es\/#\/schema\/logo\/image\/","url":"https:\/\/padelzoco.es\/wp-content\/uploads\/2023\/11\/PadelZoco_Logo_black_white.webp","contentUrl":"https:\/\/padelzoco.es\/wp-content\/uploads\/2023\/11\/PadelZoco_Logo_black_white.webp","width":1500,"height":631,"caption":"Padel Zoco"},"image":{"@id":"https:\/\/padelzoco.es\/#\/schema\/logo\/image\/"}}]}},"_links":{"self":[{"href":"https:\/\/padelzoco.es\/en\/wp-json\/wp\/v2\/product\/14881","targetHints":{"allow":["GET"]}}],"collection":[{"href":"https:\/\/padelzoco.es\/en\/wp-json\/wp\/v2\/product"}],"about":[{"href":"https:\/\/padelzoco.es\/en\/wp-json\/wp\/v2\/types\/product"}],"version-history":[{"count":3,"href":"https:\/\/padelzoco.es\/en\/wp-json\/wp\/v2\/product\/14881\/revisions"}],"predecessor-version":[{"id":29412,"href":"https:\/\/padelzoco.es\/en\/wp-json\/wp\/v2\/product\/14881\/revisions\/29412"}],"wp:featuredmedia":[{"embeddable":true,"href":"https:\/\/padelzoco.es\/en\/wp-json\/wp\/v2\/media\/14885"}],"wp:attachment":[{"href":"https:\/\/padelzoco.es\/en\/wp-json\/wp\/v2\/media?parent=14881"}],"wp:term":[{"taxonomy":"product_brand","embeddable":true,"href":"https:\/\/padelzoco.es\/en\/wp-json\/wp\/v2\/product_brand?post=14881"},{"taxonomy":"product_cat","embeddable":true,"href":"https:\/\/padelzoco.es\/en\/wp-json\/wp\/v2\/product_cat?post=14881"},{"taxonomy":"product_tag","embeddable":true,"href":"https:\/\/padelzoco.es\/en\/wp-json\/wp\/v2\/product_tag?post=14881"}],"curies":[{"name":"wp","href":"https:\/\/api.w.org\/{rel}","templated":true}]}}