{"id":14887,"date":"2024-12-05T15:28:05","date_gmt":"2024-12-05T14:28:05","guid":{"rendered":"https:\/\/adc06f55e9.nxcli.io\/?post_type=product&#038;p=14887"},"modified":"2026-04-30T19:15:52","modified_gmt":"2026-04-30T18:15:52","slug":"pala-padel-babolat-technical-vertuo-juan-lebron-2025","status":"publish","type":"product","link":"https:\/\/padelzoco.es\/en\/product\/pala-padel-babolat-technical-vertuo-juan-lebron-2025\/","title":{"rendered":"Babolat Technical Vertuo Juan Lebr\u00f3n 2025 Padel Racket"},"content":{"rendered":"<p data-start=\"0\" data-end=\"191\">\u00c1gil, competitiva y espectacular, as\u00ed es la pala conocida como \u201cEl Lobo\u201d, desarrollada junto a <span class=\"hover:entity-accent entity-underline inline cursor-pointer align-baseline\"><span class=\"whitespace-normal\">Juan Lebr\u00f3n<\/span><\/span> para jugadores que quieren marcar la diferencia en ataque.<\/p>\n<p data-start=\"193\" data-end=\"469\">La Technical Vertuo Juan Lebr\u00f3n de <span class=\"hover:entity-accent entity-underline inline cursor-pointer align-baseline\"><span class=\"whitespace-normal\">Babolat<\/span><\/span> est\u00e1 pensada para atacantes t\u00e9cnicos que buscan dirigir el punto con potencia y precisi\u00f3n. Su dise\u00f1o facilita una potencia accesible, permitiendo ejecutar golpes ofensivos con mayor decisi\u00f3n y comodidad.<\/p>\n<p data-start=\"471\" data-end=\"726\">Gracias a su construcci\u00f3n, esta pala ofrece una excelente combinaci\u00f3n de manejabilidad y rendimiento, ayudando a los jugadores a imponer su juego con confianza. Adem\u00e1s, destaca por su est\u00e9tica exclusiva inspirada en uno de los mejores jugadores del mundo.<\/p>\n<p data-start=\"728\" data-end=\"886\">Los jugadores profesionales del team <span class=\"hover:entity-accent entity-underline inline cursor-pointer align-baseline\"><span class=\"whitespace-normal\">Babolat<\/span><\/span> pueden utilizar modelos personalizados o diferentes al equipamiento comercializado.<\/p>","protected":false},"excerpt":{"rendered":"<p>Agile, competitive, spectacular\u2026 these could be the adjectives that define \"The Wolf.\"<\/p>\n<p>This racket, the result of a collaboration with Juan Lebr\u00f3n, is the perfect racket for you if you're a technical attacker who wants to control the point and use your technique and power to make the difference.<\/p>\n<p>To perfectly meet the needs of this type of player, we've developed the Technical Vertuo Juan Lebr\u00f3n, which provides effortless power and decisiveness in attacking shots. Plus, you'll be playing in the colors of one of the best players in the world!<\/p>\n<p>Professional players on the BABOLAT team can use a customized or different model from the standard equipment.<\/p>\n<p>&nbsp;<\/p>","protected":false},"featured_media":14892,"template":"","meta":[],"product_brand":[],"product_cat":[582,817,584,589,757,754],"product_tag":[],"class_list":{"0":"post-14887","1":"product","2":"type-product","3":"status-publish","4":"has-post-thumbnail","6":"product_cat-avanzado-palas","7":"product_cat-babolat-palas","8":"product_cat-diamante-palas","9":"product_cat-hombre-palas","10":"product_cat-palas-ofertas","11":"product_cat-rebajas","12":"pa_brand-babolat","14":"first","15":"instock","16":"sale","17":"taxable","18":"shipping-taxable","19":"purchasable","20":"product-type-simple"},"yoast_head":"<!-- This site is optimized with the Yoast SEO plugin v27.5 - https:\/\/yoast.com\/product\/yoast-seo-wordpress\/ -->\n<title>Pala Padel Babolat Technical Vertuo Juan Lebr\u00f3n 2025 - Padel Zoco<\/title>\n<meta name=\"description\" content=\"Babolat Technical Vertuo Juan Lebr\u00f3n, pala de potencia f\u00e1cil para atacantes t\u00e9cnicos, con dise\u00f1o exclusivo inspirado en el n\u00famero uno del mundo.\" \/>\n<meta name=\"robots\" content=\"index, follow, max-snippet:-1, max-image-preview:large, max-video-preview:-1\" \/>\n<link rel=\"canonical\" href=\"https:\/\/padelzoco.es\/en\/product\/pala-padel-babolat-technical-vertuo-juan-lebron-2025\/\" \/>\n<meta property=\"og:locale\" content=\"en_GB\" \/>\n<meta property=\"og:type\" content=\"article\" \/>\n<meta property=\"og:title\" content=\"Pala Padel Babolat Technical Vertuo Juan Lebr\u00f3n 2025 - Padel Zoco\" \/>\n<meta property=\"og:description\" content=\"Babolat Technical Vertuo Juan Lebr\u00f3n, pala de potencia f\u00e1cil para atacantes t\u00e9cnicos, con dise\u00f1o exclusivo inspirado en el n\u00famero uno del mundo.\" \/>\n<meta property=\"og:url\" content=\"https:\/\/padelzoco.es\/en\/product\/pala-padel-babolat-technical-vertuo-juan-lebron-2025\/\" \/>\n<meta property=\"og:site_name\" content=\"Padel Zoco\" \/>\n<meta property=\"article:modified_time\" content=\"2026-04-30T18:15:52+00:00\" \/>\n<meta property=\"og:image\" content=\"https:\/\/padelzoco.es\/wp-content\/uploads\/2024\/12\/BABOLAT-Technical-Vertuo-Juan-Lebron-Padel-Racket-2025-01.webp\" \/>\n\t<meta property=\"og:image:width\" content=\"1400\" \/>\n\t<meta property=\"og:image:height\" content=\"1400\" \/>\n\t<meta property=\"og:image:type\" content=\"image\/webp\" \/>\n<meta name=\"twitter:card\" content=\"summary_large_image\" \/>\n<meta name=\"twitter:label1\" content=\"Estimated reading time\" \/>\n\t<meta name=\"twitter:data1\" content=\"1 minute\" \/>\n<script type=\"application\/ld+json\" class=\"yoast-schema-graph\">{\"@context\":\"https:\\\/\\\/schema.org\",\"@graph\":[{\"@type\":\"WebPage\",\"@id\":\"https:\\\/\\\/padelzoco.es\\\/product\\\/pala-padel-babolat-technical-vertuo-juan-lebron-2025\\\/\",\"url\":\"https:\\\/\\\/padelzoco.es\\\/product\\\/pala-padel-babolat-technical-vertuo-juan-lebron-2025\\\/\",\"name\":\"Pala Padel Babolat Technical Vertuo Juan Lebr\u00f3n 2025 - Padel Zoco\",\"isPartOf\":{\"@id\":\"https:\\\/\\\/padelzoco.es\\\/#website\"},\"primaryImageOfPage\":{\"@id\":\"https:\\\/\\\/padelzoco.es\\\/product\\\/pala-padel-babolat-technical-vertuo-juan-lebron-2025\\\/#primaryimage\"},\"image\":{\"@id\":\"https:\\\/\\\/padelzoco.es\\\/product\\\/pala-padel-babolat-technical-vertuo-juan-lebron-2025\\\/#primaryimage\"},\"thumbnailUrl\":\"https:\\\/\\\/padelzoco.es\\\/wp-content\\\/uploads\\\/2024\\\/12\\\/BABOLAT-Technical-Vertuo-Juan-Lebron-Padel-Racket-2025-01.webp\",\"datePublished\":\"2024-12-05T14:28:05+00:00\",\"dateModified\":\"2026-04-30T18:15:52+00:00\",\"description\":\"Babolat Technical Vertuo Juan Lebr\u00f3n, pala de potencia f\u00e1cil para atacantes t\u00e9cnicos, con dise\u00f1o exclusivo inspirado en el n\u00famero uno del mundo.\",\"breadcrumb\":{\"@id\":\"https:\\\/\\\/padelzoco.es\\\/product\\\/pala-padel-babolat-technical-vertuo-juan-lebron-2025\\\/#breadcrumb\"},\"inLanguage\":\"en-GB\",\"potentialAction\":[{\"@type\":\"ReadAction\",\"target\":[\"https:\\\/\\\/padelzoco.es\\\/product\\\/pala-padel-babolat-technical-vertuo-juan-lebron-2025\\\/\"]}]},{\"@type\":\"ImageObject\",\"inLanguage\":\"en-GB\",\"@id\":\"https:\\\/\\\/padelzoco.es\\\/product\\\/pala-padel-babolat-technical-vertuo-juan-lebron-2025\\\/#primaryimage\",\"url\":\"https:\\\/\\\/padelzoco.es\\\/wp-content\\\/uploads\\\/2024\\\/12\\\/BABOLAT-Technical-Vertuo-Juan-Lebron-Padel-Racket-2025-01.webp\",\"contentUrl\":\"https:\\\/\\\/padelzoco.es\\\/wp-content\\\/uploads\\\/2024\\\/12\\\/BABOLAT-Technical-Vertuo-Juan-Lebron-Padel-Racket-2025-01.webp\",\"width\":1400,\"height\":1400,\"caption\":\"BABOLAT Technical Vertuo Juan Lebr\u00f3n Padel Racket 2025 01\"},{\"@type\":\"BreadcrumbList\",\"@id\":\"https:\\\/\\\/padelzoco.es\\\/product\\\/pala-padel-babolat-technical-vertuo-juan-lebron-2025\\\/#breadcrumb\",\"itemListElement\":[{\"@type\":\"ListItem\",\"position\":1,\"name\":\"Home\",\"item\":\"https:\\\/\\\/padelzoco.es\\\/\"},{\"@type\":\"ListItem\",\"position\":2,\"name\":\"Padel Zoco\",\"item\":\"https:\\\/\\\/padelzoco.es\\\/padel-zoco\\\/\"},{\"@type\":\"ListItem\",\"position\":3,\"name\":\"Pala Padel Babolat Technical Vertuo Juan Lebr\u00f3n 2025\"}]},{\"@type\":\"WebSite\",\"@id\":\"https:\\\/\\\/padelzoco.es\\\/#website\",\"url\":\"https:\\\/\\\/padelzoco.es\\\/\",\"name\":\"Padel Zoco\",\"description\":\"Padel Zoco | Spain\",\"publisher\":{\"@id\":\"https:\\\/\\\/padelzoco.es\\\/#organization\"},\"potentialAction\":[{\"@type\":\"SearchAction\",\"target\":{\"@type\":\"EntryPoint\",\"urlTemplate\":\"https:\\\/\\\/padelzoco.es\\\/?s={search_term_string}\"},\"query-input\":{\"@type\":\"PropertyValueSpecification\",\"valueRequired\":true,\"valueName\":\"search_term_string\"}}],\"inLanguage\":\"en-GB\"},{\"@type\":\"Organization\",\"@id\":\"https:\\\/\\\/padelzoco.es\\\/#organization\",\"name\":\"Padel Zoco\",\"url\":\"https:\\\/\\\/padelzoco.es\\\/\",\"logo\":{\"@type\":\"ImageObject\",\"inLanguage\":\"en-GB\",\"@id\":\"https:\\\/\\\/padelzoco.es\\\/#\\\/schema\\\/logo\\\/image\\\/\",\"url\":\"https:\\\/\\\/padelzoco.es\\\/wp-content\\\/uploads\\\/2023\\\/11\\\/PadelZoco_Logo_black_white.webp\",\"contentUrl\":\"https:\\\/\\\/padelzoco.es\\\/wp-content\\\/uploads\\\/2023\\\/11\\\/PadelZoco_Logo_black_white.webp\",\"width\":1500,\"height\":631,\"caption\":\"Padel Zoco\"},\"image\":{\"@id\":\"https:\\\/\\\/padelzoco.es\\\/#\\\/schema\\\/logo\\\/image\\\/\"}}]}<\/script>\n<!-- \/ Yoast SEO plugin. -->","yoast_head_json":{"title":"Pala Padel Babolat Technical Vertuo Juan Lebr\u00f3n 2025 - Padel Zoco","description":"Babolat Technical Vertuo Juan Lebr\u00f3n, pala de potencia f\u00e1cil para atacantes t\u00e9cnicos, con dise\u00f1o exclusivo inspirado en el n\u00famero uno del mundo.","robots":{"index":"index","follow":"follow","max-snippet":"max-snippet:-1","max-image-preview":"max-image-preview:large","max-video-preview":"max-video-preview:-1"},"canonical":"https:\/\/padelzoco.es\/en\/product\/pala-padel-babolat-technical-vertuo-juan-lebron-2025\/","og_locale":"en_GB","og_type":"article","og_title":"Pala Padel Babolat Technical Vertuo Juan Lebr\u00f3n 2025 - Padel Zoco","og_description":"Babolat Technical Vertuo Juan Lebr\u00f3n, pala de potencia f\u00e1cil para atacantes t\u00e9cnicos, con dise\u00f1o exclusivo inspirado en el n\u00famero uno del mundo.","og_url":"https:\/\/padelzoco.es\/en\/product\/pala-padel-babolat-technical-vertuo-juan-lebron-2025\/","og_site_name":"Padel Zoco","article_modified_time":"2026-04-30T18:15:52+00:00","og_image":[{"width":1400,"height":1400,"url":"https:\/\/padelzoco.es\/wp-content\/uploads\/2024\/12\/BABOLAT-Technical-Vertuo-Juan-Lebron-Padel-Racket-2025-01.webp","type":"image\/webp"}],"twitter_card":"summary_large_image","twitter_misc":{"Estimated reading time":"1 minute"},"schema":{"@context":"https:\/\/schema.org","@graph":[{"@type":"WebPage","@id":"https:\/\/padelzoco.es\/product\/pala-padel-babolat-technical-vertuo-juan-lebron-2025\/","url":"https:\/\/padelzoco.es\/product\/pala-padel-babolat-technical-vertuo-juan-lebron-2025\/","name":"Pala Padel Babolat Technical Vertuo Juan Lebr\u00f3n 2025 - Padel Zoco","isPartOf":{"@id":"https:\/\/padelzoco.es\/#website"},"primaryImageOfPage":{"@id":"https:\/\/padelzoco.es\/product\/pala-padel-babolat-technical-vertuo-juan-lebron-2025\/#primaryimage"},"image":{"@id":"https:\/\/padelzoco.es\/product\/pala-padel-babolat-technical-vertuo-juan-lebron-2025\/#primaryimage"},"thumbnailUrl":"https:\/\/padelzoco.es\/wp-content\/uploads\/2024\/12\/BABOLAT-Technical-Vertuo-Juan-Lebron-Padel-Racket-2025-01.webp","datePublished":"2024-12-05T14:28:05+00:00","dateModified":"2026-04-30T18:15:52+00:00","description":"Babolat Technical Vertuo Juan Lebr\u00f3n, pala de potencia f\u00e1cil para atacantes t\u00e9cnicos, con dise\u00f1o exclusivo inspirado en el n\u00famero uno del mundo.","breadcrumb":{"@id":"https:\/\/padelzoco.es\/product\/pala-padel-babolat-technical-vertuo-juan-lebron-2025\/#breadcrumb"},"inLanguage":"en-GB","potentialAction":[{"@type":"ReadAction","target":["https:\/\/padelzoco.es\/product\/pala-padel-babolat-technical-vertuo-juan-lebron-2025\/"]}]},{"@type":"ImageObject","inLanguage":"en-GB","@id":"https:\/\/padelzoco.es\/product\/pala-padel-babolat-technical-vertuo-juan-lebron-2025\/#primaryimage","url":"https:\/\/padelzoco.es\/wp-content\/uploads\/2024\/12\/BABOLAT-Technical-Vertuo-Juan-Lebron-Padel-Racket-2025-01.webp","contentUrl":"https:\/\/padelzoco.es\/wp-content\/uploads\/2024\/12\/BABOLAT-Technical-Vertuo-Juan-Lebron-Padel-Racket-2025-01.webp","width":1400,"height":1400,"caption":"BABOLAT Technical Vertuo Juan Lebr\u00f3n Padel Racket 2025 01"},{"@type":"BreadcrumbList","@id":"https:\/\/padelzoco.es\/product\/pala-padel-babolat-technical-vertuo-juan-lebron-2025\/#breadcrumb","itemListElement":[{"@type":"ListItem","position":1,"name":"Home","item":"https:\/\/padelzoco.es\/"},{"@type":"ListItem","position":2,"name":"Padel Zoco","item":"https:\/\/padelzoco.es\/padel-zoco\/"},{"@type":"ListItem","position":3,"name":"Pala Padel Babolat Technical Vertuo Juan Lebr\u00f3n 2025"}]},{"@type":"WebSite","@id":"https:\/\/padelzoco.es\/#website","url":"https:\/\/padelzoco.es\/","name":"Padel Zoco","description":"Padel Zoco | Spain","publisher":{"@id":"https:\/\/padelzoco.es\/#organization"},"potentialAction":[{"@type":"SearchAction","target":{"@type":"EntryPoint","urlTemplate":"https:\/\/padelzoco.es\/?s={search_term_string}"},"query-input":{"@type":"PropertyValueSpecification","valueRequired":true,"valueName":"search_term_string"}}],"inLanguage":"en-GB"},{"@type":"Organization","@id":"https:\/\/padelzoco.es\/#organization","name":"Padel Zoco","url":"https:\/\/padelzoco.es\/","logo":{"@type":"ImageObject","inLanguage":"en-GB","@id":"https:\/\/padelzoco.es\/#\/schema\/logo\/image\/","url":"https:\/\/padelzoco.es\/wp-content\/uploads\/2023\/11\/PadelZoco_Logo_black_white.webp","contentUrl":"https:\/\/padelzoco.es\/wp-content\/uploads\/2023\/11\/PadelZoco_Logo_black_white.webp","width":1500,"height":631,"caption":"Padel Zoco"},"image":{"@id":"https:\/\/padelzoco.es\/#\/schema\/logo\/image\/"}}]}},"_links":{"self":[{"href":"https:\/\/padelzoco.es\/en\/wp-json\/wp\/v2\/product\/14887","targetHints":{"allow":["GET"]}}],"collection":[{"href":"https:\/\/padelzoco.es\/en\/wp-json\/wp\/v2\/product"}],"about":[{"href":"https:\/\/padelzoco.es\/en\/wp-json\/wp\/v2\/types\/product"}],"version-history":[{"count":4,"href":"https:\/\/padelzoco.es\/en\/wp-json\/wp\/v2\/product\/14887\/revisions"}],"predecessor-version":[{"id":37629,"href":"https:\/\/padelzoco.es\/en\/wp-json\/wp\/v2\/product\/14887\/revisions\/37629"}],"wp:featuredmedia":[{"embeddable":true,"href":"https:\/\/padelzoco.es\/en\/wp-json\/wp\/v2\/media\/14892"}],"wp:attachment":[{"href":"https:\/\/padelzoco.es\/en\/wp-json\/wp\/v2\/media?parent=14887"}],"wp:term":[{"taxonomy":"product_brand","embeddable":true,"href":"https:\/\/padelzoco.es\/en\/wp-json\/wp\/v2\/product_brand?post=14887"},{"taxonomy":"product_cat","embeddable":true,"href":"https:\/\/padelzoco.es\/en\/wp-json\/wp\/v2\/product_cat?post=14887"},{"taxonomy":"product_tag","embeddable":true,"href":"https:\/\/padelzoco.es\/en\/wp-json\/wp\/v2\/product_tag?post=14887"}],"curies":[{"name":"wp","href":"https:\/\/api.w.org\/{rel}","templated":true}]}}