{"id":14916,"date":"2024-12-05T15:54:45","date_gmt":"2024-12-05T14:54:45","guid":{"rendered":"https:\/\/adc06f55e9.nxcli.io\/?post_type=product&#038;p=14916"},"modified":"2026-04-30T19:15:48","modified_gmt":"2026-04-30T18:15:48","slug":"paletero-babolat-rh-pro-padel-juan-lebron","status":"publish","type":"product","link":"https:\/\/padelzoco.es\/en\/product\/paletero-babolat-rh-pro-padel-juan-lebron\/","title":{"rendered":"Paletero Babolat RH Pro Padel Juan Lebr\u00f3n 2025"},"content":{"rendered":"","protected":false},"excerpt":{"rendered":"<p>La bolsa de p\u00e1del RH Pro Padel Juan Lebr\u00f3n, el resultado de nuestra colaboraci\u00f3n con la leyenda Juan Lebr\u00f3n, es m\u00e1s que un accesorio. Es una declaraci\u00f3n de rendimiento, una fusi\u00f3n de experiencia y estilo para jugadores expertos que se esfuerzan por nada menos que la excelencia en la pista.<\/p>\n<p>Con su arquitectura, esta bolsa est\u00e1 dise\u00f1ada espec\u00edficamente para satisfacer las necesidades de los jugadores expertos. El \u00e9nfasis se pone en el volumen generoso, la capacidad de organizaci\u00f3n avanzada y la practicidad.<\/p>\n<p>Con sus 3 compartimentos, su bolsillo transpirable para zapatillas, sus bolsillos para accesorios y sus ingeniosas ranuras, cada detalle est\u00e1 pensado para optimizar tu experiencia de juego y facilitar el transporte de tu equipo de forma organizada.<\/p>\n<p>El dise\u00f1o brillante y vibrante de la bolsa RH Pro Padel Juan Lebron comparte el mismo ADN que la raqueta Technical Viper Juan Lebron. Es una fusi\u00f3n perfecta de funcionalidad y estilo, asegurando que destaques no s\u00f3lo por tu excepcional rendimiento, sino tambi\u00e9n por tu estilo inconfundible.<\/p>\n<p>Dise\u00f1ado con materiales ultrarresistentes, repelentes al agua y 100% reciclados, el RH Pro Padel Juan Lebron garantiza una durabilidad excepcional. Tu equipo est\u00e1 protegido y organizado, lo que te permite mantenerte concentrado en tu juego.<\/p>\n<ul>\n<li>Jugador: Juan Lebron<\/li>\n<li>Year: 2025<\/li>\n<li>Capacidad: 62L<\/li>\n<li>Dimensiones: 63 x 3 x 30 cm<\/li>\n<li>Capacidad Palas: 4<\/li>\n<li>Bolsillos: 3 main compartments &#8211; 2 side &#8211; 4 internal<\/li>\n<li>Bolsillos t\u00e9rmicos: 1<\/li>\n<li>Composici\u00f3n: 100% Recycled Polyster<\/li>\n<\/ul>","protected":false},"featured_media":14921,"template":"","meta":[],"product_brand":[],"product_cat":[893,636,626],"product_tag":[],"class_list":{"0":"post-14916","1":"product","2":"type-product","3":"status-publish","4":"has-post-thumbnail","6":"product_cat-babolat-bolsas","7":"product_cat-bolsa","8":"product_cat-bolsas","9":"pa_brand-babolat","10":"pa_hs_code-673","12":"first","13":"instock","14":"sale","15":"taxable","16":"shipping-taxable","17":"purchasable","18":"product-type-simple"},"yoast_head":"<!-- This site is optimized with the Yoast SEO plugin v27.5 - https:\/\/yoast.com\/product\/yoast-seo-wordpress\/ -->\n<title>Paletero Babolat RH Pro Padel Juan Lebr\u00f3n 2025 - Padel Zoco<\/title>\n<meta name=\"description\" content=\"Babolat Pro Padel Bag Juan Lebr\u00f3n combines spacious organization, eco-friendly materials, and vibrant design, offering expert players durability, comfort, and standout style on and off the court.\" \/>\n<meta name=\"robots\" content=\"index, follow, max-snippet:-1, max-image-preview:large, max-video-preview:-1\" \/>\n<link rel=\"canonical\" href=\"https:\/\/padelzoco.es\/en\/product\/paletero-babolat-rh-pro-padel-juan-lebron\/\" \/>\n<meta property=\"og:locale\" content=\"en_GB\" \/>\n<meta property=\"og:type\" content=\"article\" \/>\n<meta property=\"og:title\" content=\"Paletero Babolat RH Pro Padel Juan Lebr\u00f3n 2025 - Padel Zoco\" \/>\n<meta property=\"og:description\" content=\"Babolat Pro Padel Bag Juan Lebr\u00f3n combines spacious organization, eco-friendly materials, and vibrant design, offering expert players durability, comfort, and standout style on and off the court.\" \/>\n<meta property=\"og:url\" content=\"https:\/\/padelzoco.es\/en\/product\/paletero-babolat-rh-pro-padel-juan-lebron\/\" \/>\n<meta property=\"og:site_name\" content=\"Padel Zoco\" \/>\n<meta property=\"article:modified_time\" content=\"2026-04-30T18:15:48+00:00\" \/>\n<meta property=\"og:image\" content=\"https:\/\/padelzoco.es\/wp-content\/uploads\/2024\/12\/BABOLAT-Pro-Padel-Bag-Juan-Lebron.webp\" \/>\n\t<meta property=\"og:image:width\" content=\"1400\" \/>\n\t<meta property=\"og:image:height\" content=\"1400\" \/>\n\t<meta property=\"og:image:type\" content=\"image\/webp\" \/>\n<meta name=\"twitter:card\" content=\"summary_large_image\" \/>\n<meta name=\"twitter:label1\" content=\"Estimated reading time\" \/>\n\t<meta name=\"twitter:data1\" content=\"1 minute\" \/>\n<script type=\"application\/ld+json\" class=\"yoast-schema-graph\">{\"@context\":\"https:\\\/\\\/schema.org\",\"@graph\":[{\"@type\":\"WebPage\",\"@id\":\"https:\\\/\\\/padelzoco.es\\\/product\\\/paletero-babolat-rh-pro-padel-juan-lebron\\\/\",\"url\":\"https:\\\/\\\/padelzoco.es\\\/product\\\/paletero-babolat-rh-pro-padel-juan-lebron\\\/\",\"name\":\"Paletero Babolat RH Pro Padel Juan Lebr\u00f3n 2025 - Padel Zoco\",\"isPartOf\":{\"@id\":\"https:\\\/\\\/padelzoco.es\\\/#website\"},\"primaryImageOfPage\":{\"@id\":\"https:\\\/\\\/padelzoco.es\\\/product\\\/paletero-babolat-rh-pro-padel-juan-lebron\\\/#primaryimage\"},\"image\":{\"@id\":\"https:\\\/\\\/padelzoco.es\\\/product\\\/paletero-babolat-rh-pro-padel-juan-lebron\\\/#primaryimage\"},\"thumbnailUrl\":\"https:\\\/\\\/padelzoco.es\\\/wp-content\\\/uploads\\\/2024\\\/12\\\/BABOLAT-Pro-Padel-Bag-Juan-Lebron.webp\",\"datePublished\":\"2024-12-05T14:54:45+00:00\",\"dateModified\":\"2026-04-30T18:15:48+00:00\",\"description\":\"Babolat Pro Padel Bag Juan Lebr\u00f3n combines spacious organization, eco-friendly materials, and vibrant design, offering expert players durability, comfort, and standout style on and off the court.\",\"breadcrumb\":{\"@id\":\"https:\\\/\\\/padelzoco.es\\\/product\\\/paletero-babolat-rh-pro-padel-juan-lebron\\\/#breadcrumb\"},\"inLanguage\":\"en-GB\",\"potentialAction\":[{\"@type\":\"ReadAction\",\"target\":[\"https:\\\/\\\/padelzoco.es\\\/product\\\/paletero-babolat-rh-pro-padel-juan-lebron\\\/\"]}]},{\"@type\":\"ImageObject\",\"inLanguage\":\"en-GB\",\"@id\":\"https:\\\/\\\/padelzoco.es\\\/product\\\/paletero-babolat-rh-pro-padel-juan-lebron\\\/#primaryimage\",\"url\":\"https:\\\/\\\/padelzoco.es\\\/wp-content\\\/uploads\\\/2024\\\/12\\\/BABOLAT-Pro-Padel-Bag-Juan-Lebron.webp\",\"contentUrl\":\"https:\\\/\\\/padelzoco.es\\\/wp-content\\\/uploads\\\/2024\\\/12\\\/BABOLAT-Pro-Padel-Bag-Juan-Lebron.webp\",\"width\":1400,\"height\":1400,\"caption\":\"BABOLAT Pro Padel Bag Juan Lebr\u00f3n\"},{\"@type\":\"BreadcrumbList\",\"@id\":\"https:\\\/\\\/padelzoco.es\\\/product\\\/paletero-babolat-rh-pro-padel-juan-lebron\\\/#breadcrumb\",\"itemListElement\":[{\"@type\":\"ListItem\",\"position\":1,\"name\":\"Home\",\"item\":\"https:\\\/\\\/padelzoco.es\\\/\"},{\"@type\":\"ListItem\",\"position\":2,\"name\":\"Padel Zoco\",\"item\":\"https:\\\/\\\/padelzoco.es\\\/padel-zoco\\\/\"},{\"@type\":\"ListItem\",\"position\":3,\"name\":\"Paletero Babolat RH Pro Padel Juan Lebr\u00f3n 2025\"}]},{\"@type\":\"WebSite\",\"@id\":\"https:\\\/\\\/padelzoco.es\\\/#website\",\"url\":\"https:\\\/\\\/padelzoco.es\\\/\",\"name\":\"Padel Zoco\",\"description\":\"Padel Zoco | Spain\",\"publisher\":{\"@id\":\"https:\\\/\\\/padelzoco.es\\\/#organization\"},\"potentialAction\":[{\"@type\":\"SearchAction\",\"target\":{\"@type\":\"EntryPoint\",\"urlTemplate\":\"https:\\\/\\\/padelzoco.es\\\/?s={search_term_string}\"},\"query-input\":{\"@type\":\"PropertyValueSpecification\",\"valueRequired\":true,\"valueName\":\"search_term_string\"}}],\"inLanguage\":\"en-GB\"},{\"@type\":\"Organization\",\"@id\":\"https:\\\/\\\/padelzoco.es\\\/#organization\",\"name\":\"Padel Zoco\",\"url\":\"https:\\\/\\\/padelzoco.es\\\/\",\"logo\":{\"@type\":\"ImageObject\",\"inLanguage\":\"en-GB\",\"@id\":\"https:\\\/\\\/padelzoco.es\\\/#\\\/schema\\\/logo\\\/image\\\/\",\"url\":\"https:\\\/\\\/padelzoco.es\\\/wp-content\\\/uploads\\\/2023\\\/11\\\/PadelZoco_Logo_black_white.webp\",\"contentUrl\":\"https:\\\/\\\/padelzoco.es\\\/wp-content\\\/uploads\\\/2023\\\/11\\\/PadelZoco_Logo_black_white.webp\",\"width\":1500,\"height\":631,\"caption\":\"Padel Zoco\"},\"image\":{\"@id\":\"https:\\\/\\\/padelzoco.es\\\/#\\\/schema\\\/logo\\\/image\\\/\"}}]}<\/script>\n<!-- \/ Yoast SEO plugin. -->","yoast_head_json":{"title":"Paletero Babolat RH Pro Padel Juan Lebr\u00f3n 2025 - Padel Zoco","description":"Babolat Pro Padel Bag Juan Lebr\u00f3n combines spacious organization, eco-friendly materials, and vibrant design, offering expert players durability, comfort, and standout style on and off the court.","robots":{"index":"index","follow":"follow","max-snippet":"max-snippet:-1","max-image-preview":"max-image-preview:large","max-video-preview":"max-video-preview:-1"},"canonical":"https:\/\/padelzoco.es\/en\/product\/paletero-babolat-rh-pro-padel-juan-lebron\/","og_locale":"en_GB","og_type":"article","og_title":"Paletero Babolat RH Pro Padel Juan Lebr\u00f3n 2025 - Padel Zoco","og_description":"Babolat Pro Padel Bag Juan Lebr\u00f3n combines spacious organization, eco-friendly materials, and vibrant design, offering expert players durability, comfort, and standout style on and off the court.","og_url":"https:\/\/padelzoco.es\/en\/product\/paletero-babolat-rh-pro-padel-juan-lebron\/","og_site_name":"Padel Zoco","article_modified_time":"2026-04-30T18:15:48+00:00","og_image":[{"width":1400,"height":1400,"url":"https:\/\/padelzoco.es\/wp-content\/uploads\/2024\/12\/BABOLAT-Pro-Padel-Bag-Juan-Lebron.webp","type":"image\/webp"}],"twitter_card":"summary_large_image","twitter_misc":{"Estimated reading time":"1 minute"},"schema":{"@context":"https:\/\/schema.org","@graph":[{"@type":"WebPage","@id":"https:\/\/padelzoco.es\/product\/paletero-babolat-rh-pro-padel-juan-lebron\/","url":"https:\/\/padelzoco.es\/product\/paletero-babolat-rh-pro-padel-juan-lebron\/","name":"Paletero Babolat RH Pro Padel Juan Lebr\u00f3n 2025 - Padel Zoco","isPartOf":{"@id":"https:\/\/padelzoco.es\/#website"},"primaryImageOfPage":{"@id":"https:\/\/padelzoco.es\/product\/paletero-babolat-rh-pro-padel-juan-lebron\/#primaryimage"},"image":{"@id":"https:\/\/padelzoco.es\/product\/paletero-babolat-rh-pro-padel-juan-lebron\/#primaryimage"},"thumbnailUrl":"https:\/\/padelzoco.es\/wp-content\/uploads\/2024\/12\/BABOLAT-Pro-Padel-Bag-Juan-Lebron.webp","datePublished":"2024-12-05T14:54:45+00:00","dateModified":"2026-04-30T18:15:48+00:00","description":"Babolat Pro Padel Bag Juan Lebr\u00f3n combines spacious organization, eco-friendly materials, and vibrant design, offering expert players durability, comfort, and standout style on and off the court.","breadcrumb":{"@id":"https:\/\/padelzoco.es\/product\/paletero-babolat-rh-pro-padel-juan-lebron\/#breadcrumb"},"inLanguage":"en-GB","potentialAction":[{"@type":"ReadAction","target":["https:\/\/padelzoco.es\/product\/paletero-babolat-rh-pro-padel-juan-lebron\/"]}]},{"@type":"ImageObject","inLanguage":"en-GB","@id":"https:\/\/padelzoco.es\/product\/paletero-babolat-rh-pro-padel-juan-lebron\/#primaryimage","url":"https:\/\/padelzoco.es\/wp-content\/uploads\/2024\/12\/BABOLAT-Pro-Padel-Bag-Juan-Lebron.webp","contentUrl":"https:\/\/padelzoco.es\/wp-content\/uploads\/2024\/12\/BABOLAT-Pro-Padel-Bag-Juan-Lebron.webp","width":1400,"height":1400,"caption":"BABOLAT Pro Padel Bag Juan Lebr\u00f3n"},{"@type":"BreadcrumbList","@id":"https:\/\/padelzoco.es\/product\/paletero-babolat-rh-pro-padel-juan-lebron\/#breadcrumb","itemListElement":[{"@type":"ListItem","position":1,"name":"Home","item":"https:\/\/padelzoco.es\/"},{"@type":"ListItem","position":2,"name":"Padel Zoco","item":"https:\/\/padelzoco.es\/padel-zoco\/"},{"@type":"ListItem","position":3,"name":"Paletero Babolat RH Pro Padel Juan Lebr\u00f3n 2025"}]},{"@type":"WebSite","@id":"https:\/\/padelzoco.es\/#website","url":"https:\/\/padelzoco.es\/","name":"Padel Zoco","description":"Padel Zoco | Spain","publisher":{"@id":"https:\/\/padelzoco.es\/#organization"},"potentialAction":[{"@type":"SearchAction","target":{"@type":"EntryPoint","urlTemplate":"https:\/\/padelzoco.es\/?s={search_term_string}"},"query-input":{"@type":"PropertyValueSpecification","valueRequired":true,"valueName":"search_term_string"}}],"inLanguage":"en-GB"},{"@type":"Organization","@id":"https:\/\/padelzoco.es\/#organization","name":"Padel Zoco","url":"https:\/\/padelzoco.es\/","logo":{"@type":"ImageObject","inLanguage":"en-GB","@id":"https:\/\/padelzoco.es\/#\/schema\/logo\/image\/","url":"https:\/\/padelzoco.es\/wp-content\/uploads\/2023\/11\/PadelZoco_Logo_black_white.webp","contentUrl":"https:\/\/padelzoco.es\/wp-content\/uploads\/2023\/11\/PadelZoco_Logo_black_white.webp","width":1500,"height":631,"caption":"Padel Zoco"},"image":{"@id":"https:\/\/padelzoco.es\/#\/schema\/logo\/image\/"}}]}},"_links":{"self":[{"href":"https:\/\/padelzoco.es\/en\/wp-json\/wp\/v2\/product\/14916","targetHints":{"allow":["GET"]}}],"collection":[{"href":"https:\/\/padelzoco.es\/en\/wp-json\/wp\/v2\/product"}],"about":[{"href":"https:\/\/padelzoco.es\/en\/wp-json\/wp\/v2\/types\/product"}],"version-history":[{"count":3,"href":"https:\/\/padelzoco.es\/en\/wp-json\/wp\/v2\/product\/14916\/revisions"}],"predecessor-version":[{"id":30047,"href":"https:\/\/padelzoco.es\/en\/wp-json\/wp\/v2\/product\/14916\/revisions\/30047"}],"wp:featuredmedia":[{"embeddable":true,"href":"https:\/\/padelzoco.es\/en\/wp-json\/wp\/v2\/media\/14921"}],"wp:attachment":[{"href":"https:\/\/padelzoco.es\/en\/wp-json\/wp\/v2\/media?parent=14916"}],"wp:term":[{"taxonomy":"product_brand","embeddable":true,"href":"https:\/\/padelzoco.es\/en\/wp-json\/wp\/v2\/product_brand?post=14916"},{"taxonomy":"product_cat","embeddable":true,"href":"https:\/\/padelzoco.es\/en\/wp-json\/wp\/v2\/product_cat?post=14916"},{"taxonomy":"product_tag","embeddable":true,"href":"https:\/\/padelzoco.es\/en\/wp-json\/wp\/v2\/product_tag?post=14916"}],"curies":[{"name":"wp","href":"https:\/\/api.w.org\/{rel}","templated":true}]}}