{"id":14940,"date":"2024-12-05T16:22:15","date_gmt":"2024-12-05T15:22:15","guid":{"rendered":"https:\/\/adc06f55e9.nxcli.io\/?post_type=product&#038;p=14940"},"modified":"2026-04-30T19:32:07","modified_gmt":"2026-04-30T18:32:07","slug":"camiseta-babolat-crew-neck-tee-juan-lebron-rosa","status":"publish","type":"product","link":"https:\/\/padelzoco.es\/en\/product\/camiseta-babolat-crew-neck-tee-juan-lebron-rosa\/","title":{"rendered":"Camiseta Babolat Crew Neck Tee Juan Lebr\u00f3n Rosa 2025"},"content":{"rendered":"<p data-start=\"177\" data-end=\"472\">La camiseta Babolat Padel Crew Neck Juan Lebr\u00f3n para hombre combina un estilo elegante con un rendimiento avanzado, inspirada en el mejor jugador del mundo, Juan Lebr\u00f3n. Dise\u00f1ada para ofrecer comodidad y funcionalidad, es ideal para entrenamientos, partidos o uso diario.<\/p>\n<p data-start=\"474\" data-end=\"500\"><strong>Features:<\/strong><\/p>\n<ul>\n<li data-start=\"504\" data-end=\"609\">Dise\u00f1o moderno: Detalles refinados y colores actualizados para un look sofisticado y deportivo.<\/li>\n<li data-start=\"612\" data-end=\"739\">Comodidad excepcional: Tejido Fiber Dry de poli\u00e9ster, ligero y suave al tacto, ideal para llevar todo el d\u00eda.<\/li>\n<li data-start=\"742\" data-end=\"855\">Rendimiento duradero: Material de f\u00e1cil cuidado, resistente al uso intensivo en entrenos y competici\u00f3n.<\/li>\n<li data-start=\"858\" data-end=\"1000\">Colaboraci\u00f3n exclusiva: Parte de la colecci\u00f3n oficial Babolat\u2013Juan Lebr\u00f3n, que refleja el esp\u00edritu de El Lobo con calidad premium.<\/li>\n<\/ul>\n<p data-start=\"1002\" data-end=\"1047\">Composici\u00f3n: 100% poli\u00e9ster reciclado<\/p>\n<p data-start=\"1049\" data-end=\"1149\">Eleva tu juego con una camiseta babolat que refleja el estilo y rendimiento de un verdadero campe\u00f3n.<\/p>","protected":false},"excerpt":{"rendered":"<p>La camiseta babolat de cuello cerrado Juan Lebr\u00f3n contin\u00faa su viaje. La asociaci\u00f3n con el jugador ha contribuido a la renovaci\u00f3n de los colores y a nuevas mezclas.<\/p>\n<p>Una cuidada atenci\u00f3n a los detalles refinados y discretos confiere a la nueva camiseta de cuello redondo Juan Lebr\u00f3n un estilo chic y funcional.<\/p>\n<p>La firma El Lobo y la firma Babolat est\u00e1n en perfecta simbiosis. Ser\u00e1s el primero en lucir en la pista los nuevos colores para jugar partidos cada vez m\u00e1s desafiantes.<\/p>","protected":false},"featured_media":14945,"template":"","meta":[],"product_brand":[],"product_cat":[894,611,608,601],"product_tag":[],"class_list":{"0":"post-14940","1":"product","2":"type-product","3":"status-publish","4":"has-post-thumbnail","6":"product_cat-babolat-ropa","7":"product_cat-camisetas-ropa","8":"product_cat-hombre-ropa","9":"product_cat-ropa","10":"pa_brand-babolat","11":"pa_color-rosa","12":"pa_gender-hombre","13":"pa_hs_code-87","14":"pa_size-l","15":"pa_size-m","16":"pa_size-s","17":"pa_size-xl","18":"pa_size-xxl","20":"first","21":"outofstock","22":"taxable","23":"shipping-taxable","24":"product-type-variable"},"yoast_head":"<!-- This site is optimized with the Yoast SEO plugin v27.6 - https:\/\/yoast.com\/product\/yoast-seo-wordpress\/ -->\n<title>Camiseta Babolat Crew Neck Tee Juan Lebr\u00f3n Rosa 2025 - Padel Zoco<\/title>\n<meta name=\"description\" content=\"Camiseta Babolat Juan Lebr\u00f3n: estilo moderno, tejido ligero y rendimiento duradero. Inspirada en El Lobo, con 100% poli\u00e9ster reciclado y dise\u00f1o exclusivo.\" \/>\n<meta name=\"robots\" content=\"index, follow, max-snippet:-1, max-image-preview:large, max-video-preview:-1\" \/>\n<link rel=\"canonical\" href=\"https:\/\/padelzoco.es\/en\/product\/camiseta-babolat-crew-neck-tee-juan-lebron-rosa\/\" \/>\n<meta property=\"og:locale\" content=\"en_GB\" \/>\n<meta property=\"og:type\" content=\"article\" \/>\n<meta property=\"og:title\" content=\"Camiseta Babolat Crew Neck Tee Juan Lebr\u00f3n Rosa 2025 - Padel Zoco\" \/>\n<meta property=\"og:description\" content=\"Camiseta Babolat Juan Lebr\u00f3n: estilo moderno, tejido ligero y rendimiento duradero. Inspirada en El Lobo, con 100% poli\u00e9ster reciclado y dise\u00f1o exclusivo.\" \/>\n<meta property=\"og:url\" content=\"https:\/\/padelzoco.es\/en\/product\/camiseta-babolat-crew-neck-tee-juan-lebron-rosa\/\" \/>\n<meta property=\"og:site_name\" content=\"Padel Zoco\" \/>\n<meta property=\"article:modified_time\" content=\"2026-04-30T18:32:07+00:00\" \/>\n<meta property=\"og:image\" content=\"https:\/\/padelzoco.es\/wp-content\/uploads\/2024\/12\/BABOLAT-Padel-Crew-Neck-Tee-Juan-Lebron-Men-Pink-03.webp\" \/>\n\t<meta property=\"og:image:width\" content=\"1400\" \/>\n\t<meta property=\"og:image:height\" content=\"1400\" \/>\n\t<meta property=\"og:image:type\" content=\"image\/webp\" \/>\n<meta name=\"twitter:card\" content=\"summary_large_image\" \/>\n<meta name=\"twitter:label1\" content=\"Estimated reading time\" \/>\n\t<meta name=\"twitter:data1\" content=\"1 minute\" \/>\n<script type=\"application\/ld+json\" class=\"yoast-schema-graph\">{\"@context\":\"https:\\\/\\\/schema.org\",\"@graph\":[{\"@type\":\"WebPage\",\"@id\":\"https:\\\/\\\/padelzoco.es\\\/product\\\/camiseta-babolat-crew-neck-tee-juan-lebron-rosa\\\/\",\"url\":\"https:\\\/\\\/padelzoco.es\\\/product\\\/camiseta-babolat-crew-neck-tee-juan-lebron-rosa\\\/\",\"name\":\"Camiseta Babolat Crew Neck Tee Juan Lebr\u00f3n Rosa 2025 - Padel Zoco\",\"isPartOf\":{\"@id\":\"https:\\\/\\\/padelzoco.es\\\/#website\"},\"primaryImageOfPage\":{\"@id\":\"https:\\\/\\\/padelzoco.es\\\/product\\\/camiseta-babolat-crew-neck-tee-juan-lebron-rosa\\\/#primaryimage\"},\"image\":{\"@id\":\"https:\\\/\\\/padelzoco.es\\\/product\\\/camiseta-babolat-crew-neck-tee-juan-lebron-rosa\\\/#primaryimage\"},\"thumbnailUrl\":\"https:\\\/\\\/padelzoco.es\\\/wp-content\\\/uploads\\\/2024\\\/12\\\/BABOLAT-Padel-Crew-Neck-Tee-Juan-Lebron-Men-Pink-03.webp\",\"datePublished\":\"2024-12-05T15:22:15+00:00\",\"dateModified\":\"2026-04-30T18:32:07+00:00\",\"description\":\"Camiseta Babolat Juan Lebr\u00f3n: estilo moderno, tejido ligero y rendimiento duradero. Inspirada en El Lobo, con 100% poli\u00e9ster reciclado y dise\u00f1o exclusivo.\",\"breadcrumb\":{\"@id\":\"https:\\\/\\\/padelzoco.es\\\/product\\\/camiseta-babolat-crew-neck-tee-juan-lebron-rosa\\\/#breadcrumb\"},\"inLanguage\":\"en-GB\",\"potentialAction\":[{\"@type\":\"ReadAction\",\"target\":[\"https:\\\/\\\/padelzoco.es\\\/product\\\/camiseta-babolat-crew-neck-tee-juan-lebron-rosa\\\/\"]}]},{\"@type\":\"ImageObject\",\"inLanguage\":\"en-GB\",\"@id\":\"https:\\\/\\\/padelzoco.es\\\/product\\\/camiseta-babolat-crew-neck-tee-juan-lebron-rosa\\\/#primaryimage\",\"url\":\"https:\\\/\\\/padelzoco.es\\\/wp-content\\\/uploads\\\/2024\\\/12\\\/BABOLAT-Padel-Crew-Neck-Tee-Juan-Lebron-Men-Pink-03.webp\",\"contentUrl\":\"https:\\\/\\\/padelzoco.es\\\/wp-content\\\/uploads\\\/2024\\\/12\\\/BABOLAT-Padel-Crew-Neck-Tee-Juan-Lebron-Men-Pink-03.webp\",\"width\":1400,\"height\":1400,\"caption\":\"BABOLAT Padel Crew Neck Tee Juan Lebr\u00f3n Men Pink 03\"},{\"@type\":\"BreadcrumbList\",\"@id\":\"https:\\\/\\\/padelzoco.es\\\/product\\\/camiseta-babolat-crew-neck-tee-juan-lebron-rosa\\\/#breadcrumb\",\"itemListElement\":[{\"@type\":\"ListItem\",\"position\":1,\"name\":\"Home\",\"item\":\"https:\\\/\\\/padelzoco.es\\\/\"},{\"@type\":\"ListItem\",\"position\":2,\"name\":\"Padel Zoco\",\"item\":\"https:\\\/\\\/padelzoco.es\\\/padel-zoco\\\/\"},{\"@type\":\"ListItem\",\"position\":3,\"name\":\"Camiseta Babolat Crew Neck Tee Juan Lebr\u00f3n Rosa 2025\"}]},{\"@type\":\"WebSite\",\"@id\":\"https:\\\/\\\/padelzoco.es\\\/#website\",\"url\":\"https:\\\/\\\/padelzoco.es\\\/\",\"name\":\"Padel Zoco\",\"description\":\"Padel Zoco | Spain\",\"publisher\":{\"@id\":\"https:\\\/\\\/padelzoco.es\\\/#organization\"},\"potentialAction\":[{\"@type\":\"SearchAction\",\"target\":{\"@type\":\"EntryPoint\",\"urlTemplate\":\"https:\\\/\\\/padelzoco.es\\\/?s={search_term_string}\"},\"query-input\":{\"@type\":\"PropertyValueSpecification\",\"valueRequired\":true,\"valueName\":\"search_term_string\"}}],\"inLanguage\":\"en-GB\"},{\"@type\":\"Organization\",\"@id\":\"https:\\\/\\\/padelzoco.es\\\/#organization\",\"name\":\"Padel Zoco\",\"url\":\"https:\\\/\\\/padelzoco.es\\\/\",\"logo\":{\"@type\":\"ImageObject\",\"inLanguage\":\"en-GB\",\"@id\":\"https:\\\/\\\/padelzoco.es\\\/#\\\/schema\\\/logo\\\/image\\\/\",\"url\":\"https:\\\/\\\/padelzoco.es\\\/wp-content\\\/uploads\\\/2023\\\/11\\\/PadelZoco_Logo_black_white.webp\",\"contentUrl\":\"https:\\\/\\\/padelzoco.es\\\/wp-content\\\/uploads\\\/2023\\\/11\\\/PadelZoco_Logo_black_white.webp\",\"width\":1500,\"height\":631,\"caption\":\"Padel Zoco\"},\"image\":{\"@id\":\"https:\\\/\\\/padelzoco.es\\\/#\\\/schema\\\/logo\\\/image\\\/\"}}]}<\/script>\n<!-- \/ Yoast SEO plugin. -->","yoast_head_json":{"title":"Camiseta Babolat Crew Neck Tee Juan Lebr\u00f3n Rosa 2025 - Padel Zoco","description":"Camiseta Babolat Juan Lebr\u00f3n: estilo moderno, tejido ligero y rendimiento duradero. Inspirada en El Lobo, con 100% poli\u00e9ster reciclado y dise\u00f1o exclusivo.","robots":{"index":"index","follow":"follow","max-snippet":"max-snippet:-1","max-image-preview":"max-image-preview:large","max-video-preview":"max-video-preview:-1"},"canonical":"https:\/\/padelzoco.es\/en\/product\/camiseta-babolat-crew-neck-tee-juan-lebron-rosa\/","og_locale":"en_GB","og_type":"article","og_title":"Camiseta Babolat Crew Neck Tee Juan Lebr\u00f3n Rosa 2025 - Padel Zoco","og_description":"Camiseta Babolat Juan Lebr\u00f3n: estilo moderno, tejido ligero y rendimiento duradero. Inspirada en El Lobo, con 100% poli\u00e9ster reciclado y dise\u00f1o exclusivo.","og_url":"https:\/\/padelzoco.es\/en\/product\/camiseta-babolat-crew-neck-tee-juan-lebron-rosa\/","og_site_name":"Padel Zoco","article_modified_time":"2026-04-30T18:32:07+00:00","og_image":[{"width":1400,"height":1400,"url":"https:\/\/padelzoco.es\/wp-content\/uploads\/2024\/12\/BABOLAT-Padel-Crew-Neck-Tee-Juan-Lebron-Men-Pink-03.webp","type":"image\/webp"}],"twitter_card":"summary_large_image","twitter_misc":{"Estimated reading time":"1 minute"},"schema":{"@context":"https:\/\/schema.org","@graph":[{"@type":"WebPage","@id":"https:\/\/padelzoco.es\/product\/camiseta-babolat-crew-neck-tee-juan-lebron-rosa\/","url":"https:\/\/padelzoco.es\/product\/camiseta-babolat-crew-neck-tee-juan-lebron-rosa\/","name":"Camiseta Babolat Crew Neck Tee Juan Lebr\u00f3n Rosa 2025 - Padel Zoco","isPartOf":{"@id":"https:\/\/padelzoco.es\/#website"},"primaryImageOfPage":{"@id":"https:\/\/padelzoco.es\/product\/camiseta-babolat-crew-neck-tee-juan-lebron-rosa\/#primaryimage"},"image":{"@id":"https:\/\/padelzoco.es\/product\/camiseta-babolat-crew-neck-tee-juan-lebron-rosa\/#primaryimage"},"thumbnailUrl":"https:\/\/padelzoco.es\/wp-content\/uploads\/2024\/12\/BABOLAT-Padel-Crew-Neck-Tee-Juan-Lebron-Men-Pink-03.webp","datePublished":"2024-12-05T15:22:15+00:00","dateModified":"2026-04-30T18:32:07+00:00","description":"Camiseta Babolat Juan Lebr\u00f3n: estilo moderno, tejido ligero y rendimiento duradero. Inspirada en El Lobo, con 100% poli\u00e9ster reciclado y dise\u00f1o exclusivo.","breadcrumb":{"@id":"https:\/\/padelzoco.es\/product\/camiseta-babolat-crew-neck-tee-juan-lebron-rosa\/#breadcrumb"},"inLanguage":"en-GB","potentialAction":[{"@type":"ReadAction","target":["https:\/\/padelzoco.es\/product\/camiseta-babolat-crew-neck-tee-juan-lebron-rosa\/"]}]},{"@type":"ImageObject","inLanguage":"en-GB","@id":"https:\/\/padelzoco.es\/product\/camiseta-babolat-crew-neck-tee-juan-lebron-rosa\/#primaryimage","url":"https:\/\/padelzoco.es\/wp-content\/uploads\/2024\/12\/BABOLAT-Padel-Crew-Neck-Tee-Juan-Lebron-Men-Pink-03.webp","contentUrl":"https:\/\/padelzoco.es\/wp-content\/uploads\/2024\/12\/BABOLAT-Padel-Crew-Neck-Tee-Juan-Lebron-Men-Pink-03.webp","width":1400,"height":1400,"caption":"BABOLAT Padel Crew Neck Tee Juan Lebr\u00f3n Men Pink 03"},{"@type":"BreadcrumbList","@id":"https:\/\/padelzoco.es\/product\/camiseta-babolat-crew-neck-tee-juan-lebron-rosa\/#breadcrumb","itemListElement":[{"@type":"ListItem","position":1,"name":"Home","item":"https:\/\/padelzoco.es\/"},{"@type":"ListItem","position":2,"name":"Padel Zoco","item":"https:\/\/padelzoco.es\/padel-zoco\/"},{"@type":"ListItem","position":3,"name":"Camiseta Babolat Crew Neck Tee Juan Lebr\u00f3n Rosa 2025"}]},{"@type":"WebSite","@id":"https:\/\/padelzoco.es\/#website","url":"https:\/\/padelzoco.es\/","name":"Padel Zoco","description":"Padel Zoco | Spain","publisher":{"@id":"https:\/\/padelzoco.es\/#organization"},"potentialAction":[{"@type":"SearchAction","target":{"@type":"EntryPoint","urlTemplate":"https:\/\/padelzoco.es\/?s={search_term_string}"},"query-input":{"@type":"PropertyValueSpecification","valueRequired":true,"valueName":"search_term_string"}}],"inLanguage":"en-GB"},{"@type":"Organization","@id":"https:\/\/padelzoco.es\/#organization","name":"Padel Zoco","url":"https:\/\/padelzoco.es\/","logo":{"@type":"ImageObject","inLanguage":"en-GB","@id":"https:\/\/padelzoco.es\/#\/schema\/logo\/image\/","url":"https:\/\/padelzoco.es\/wp-content\/uploads\/2023\/11\/PadelZoco_Logo_black_white.webp","contentUrl":"https:\/\/padelzoco.es\/wp-content\/uploads\/2023\/11\/PadelZoco_Logo_black_white.webp","width":1500,"height":631,"caption":"Padel Zoco"},"image":{"@id":"https:\/\/padelzoco.es\/#\/schema\/logo\/image\/"}}]}},"_links":{"self":[{"href":"https:\/\/padelzoco.es\/en\/wp-json\/wp\/v2\/product\/14940","targetHints":{"allow":["GET"]}}],"collection":[{"href":"https:\/\/padelzoco.es\/en\/wp-json\/wp\/v2\/product"}],"about":[{"href":"https:\/\/padelzoco.es\/en\/wp-json\/wp\/v2\/types\/product"}],"version-history":[{"count":4,"href":"https:\/\/padelzoco.es\/en\/wp-json\/wp\/v2\/product\/14940\/revisions"}],"predecessor-version":[{"id":29899,"href":"https:\/\/padelzoco.es\/en\/wp-json\/wp\/v2\/product\/14940\/revisions\/29899"}],"wp:featuredmedia":[{"embeddable":true,"href":"https:\/\/padelzoco.es\/en\/wp-json\/wp\/v2\/media\/14945"}],"wp:attachment":[{"href":"https:\/\/padelzoco.es\/en\/wp-json\/wp\/v2\/media?parent=14940"}],"wp:term":[{"taxonomy":"product_brand","embeddable":true,"href":"https:\/\/padelzoco.es\/en\/wp-json\/wp\/v2\/product_brand?post=14940"},{"taxonomy":"product_cat","embeddable":true,"href":"https:\/\/padelzoco.es\/en\/wp-json\/wp\/v2\/product_cat?post=14940"},{"taxonomy":"product_tag","embeddable":true,"href":"https:\/\/padelzoco.es\/en\/wp-json\/wp\/v2\/product_tag?post=14940"}],"curies":[{"name":"wp","href":"https:\/\/api.w.org\/{rel}","templated":true}]}}