{"id":14951,"date":"2024-12-05T16:28:07","date_gmt":"2024-12-05T15:28:07","guid":{"rendered":"https:\/\/adc06f55e9.nxcli.io\/?post_type=product&#038;p=14951"},"modified":"2026-04-30T19:32:06","modified_gmt":"2026-04-30T18:32:06","slug":"sudadera-babolat-padel-juan-lebron","status":"publish","type":"product","link":"https:\/\/padelzoco.es\/en\/product\/sudadera-babolat-padel-juan-lebron\/","title":{"rendered":"Sudadera Babolat Padel Juan Lebron 2025"},"content":{"rendered":"<p data-start=\"0\" data-end=\"260\">La sudadera con capucha de <span class=\"hover:entity-accent entity-underline inline cursor-pointer align-baseline\"><span class=\"whitespace-normal\">Juan Lebr\u00f3n<\/span><\/span> de <span class=\"hover:entity-accent entity-underline inline cursor-pointer align-baseline\"><span class=\"whitespace-normal\">Babolat<\/span><\/span> se renueva con un tejido ligeramente m\u00e1s grueso que aporta mayor confort y abrigo, junto con una capucha redise\u00f1ada para un ajuste m\u00e1s actual y funcional.<\/p>\n<p data-start=\"262\" data-end=\"547\">Incorpora el logotipo de Juan Lebr\u00f3n en la parte frontal, aportando un estilo distintivo y deportivo que refleja su identidad en la pista. Su dise\u00f1o vers\u00e1til permite combinarla f\u00e1cilmente con el resto de la colecci\u00f3n, siendo una prenda ideal tanto para entrenar como para el d\u00eda a d\u00eda.<\/p>","protected":false},"excerpt":{"rendered":"<p>La sudadera con capucha Juan Lebr\u00f3n para hombre vuelve con un nuevo tejido.<\/p>\n<p>Renovada en un tejido ligeramente m\u00e1s grueso y con una capucha renovada, te conquistar\u00e1.<\/p>\n<p>La sudadera con capucha Juan Lebr\u00f3n tambi\u00e9n lleva el logotipo de Juan en la parte delantera, para marcar la pauta.<\/p>\n<p>Como siempre, puedes combinar la sudadera con toda la gama Juan Lebr\u00f3n, tanto dentro como fuera de la pista.<\/p>","protected":false},"featured_media":14960,"template":"","meta":[],"product_brand":[],"product_cat":[894,608,601,616],"product_tag":[],"class_list":{"0":"post-14951","1":"product","2":"type-product","3":"status-publish","4":"has-post-thumbnail","6":"product_cat-babolat-ropa","7":"product_cat-hombre-ropa","8":"product_cat-ropa","9":"product_cat-sudaderas-ropa","10":"pa_brand-babolat","11":"pa_color-blanco","12":"pa_gender-hombre","13":"pa_hs_code-87","14":"pa_size-l","15":"pa_size-m","16":"pa_size-s","17":"pa_size-xl","18":"pa_size-xxl","20":"first","21":"instock","22":"sale","23":"taxable","24":"shipping-taxable","25":"purchasable","26":"product-type-variable"},"yoast_head":"<!-- This site is optimized with the Yoast SEO plugin v27.5 - https:\/\/yoast.com\/product\/yoast-seo-wordpress\/ -->\n<title>Sudadera Babolat Padel Juan Lebron 2025 - Padel Zoco<\/title>\n<meta name=\"description\" content=\"Sudadera Babolat Juan Lebr\u00f3n con nuevo tejido m\u00e1s grueso y capucha renovada, ideal para un estilo deportivo c\u00f3modo dentro y fuera de pista.\" \/>\n<meta name=\"robots\" content=\"index, follow, max-snippet:-1, max-image-preview:large, max-video-preview:-1\" \/>\n<link rel=\"canonical\" href=\"https:\/\/padelzoco.es\/en\/product\/sudadera-babolat-padel-juan-lebron\/\" \/>\n<meta property=\"og:locale\" content=\"en_GB\" \/>\n<meta property=\"og:type\" content=\"article\" \/>\n<meta property=\"og:title\" content=\"Sudadera Babolat Padel Juan Lebron 2025 - Padel Zoco\" \/>\n<meta property=\"og:description\" content=\"Sudadera Babolat Juan Lebr\u00f3n con nuevo tejido m\u00e1s grueso y capucha renovada, ideal para un estilo deportivo c\u00f3modo dentro y fuera de pista.\" \/>\n<meta property=\"og:url\" content=\"https:\/\/padelzoco.es\/en\/product\/sudadera-babolat-padel-juan-lebron\/\" \/>\n<meta property=\"og:site_name\" content=\"Padel Zoco\" \/>\n<meta property=\"article:modified_time\" content=\"2026-04-30T18:32:06+00:00\" \/>\n<meta property=\"og:image\" content=\"https:\/\/padelzoco.es\/wp-content\/uploads\/2024\/12\/BABOLAT-Padel-Hood-Sweet-Juan-Lebron01.webp\" \/>\n\t<meta property=\"og:image:width\" content=\"1400\" \/>\n\t<meta property=\"og:image:height\" content=\"1400\" \/>\n\t<meta property=\"og:image:type\" content=\"image\/webp\" \/>\n<meta name=\"twitter:card\" content=\"summary_large_image\" \/>\n<meta name=\"twitter:label1\" content=\"Estimated reading time\" \/>\n\t<meta name=\"twitter:data1\" content=\"1 minute\" \/>\n<script type=\"application\/ld+json\" class=\"yoast-schema-graph\">{\"@context\":\"https:\\\/\\\/schema.org\",\"@graph\":[{\"@type\":\"WebPage\",\"@id\":\"https:\\\/\\\/padelzoco.es\\\/product\\\/sudadera-babolat-padel-juan-lebron\\\/\",\"url\":\"https:\\\/\\\/padelzoco.es\\\/product\\\/sudadera-babolat-padel-juan-lebron\\\/\",\"name\":\"Sudadera Babolat Padel Juan Lebron 2025 - Padel Zoco\",\"isPartOf\":{\"@id\":\"https:\\\/\\\/padelzoco.es\\\/#website\"},\"primaryImageOfPage\":{\"@id\":\"https:\\\/\\\/padelzoco.es\\\/product\\\/sudadera-babolat-padel-juan-lebron\\\/#primaryimage\"},\"image\":{\"@id\":\"https:\\\/\\\/padelzoco.es\\\/product\\\/sudadera-babolat-padel-juan-lebron\\\/#primaryimage\"},\"thumbnailUrl\":\"https:\\\/\\\/padelzoco.es\\\/wp-content\\\/uploads\\\/2024\\\/12\\\/BABOLAT-Padel-Hood-Sweet-Juan-Lebron01.webp\",\"datePublished\":\"2024-12-05T15:28:07+00:00\",\"dateModified\":\"2026-04-30T18:32:06+00:00\",\"description\":\"Sudadera Babolat Juan Lebr\u00f3n con nuevo tejido m\u00e1s grueso y capucha renovada, ideal para un estilo deportivo c\u00f3modo dentro y fuera de pista.\",\"breadcrumb\":{\"@id\":\"https:\\\/\\\/padelzoco.es\\\/product\\\/sudadera-babolat-padel-juan-lebron\\\/#breadcrumb\"},\"inLanguage\":\"en-GB\",\"potentialAction\":[{\"@type\":\"ReadAction\",\"target\":[\"https:\\\/\\\/padelzoco.es\\\/product\\\/sudadera-babolat-padel-juan-lebron\\\/\"]}]},{\"@type\":\"ImageObject\",\"inLanguage\":\"en-GB\",\"@id\":\"https:\\\/\\\/padelzoco.es\\\/product\\\/sudadera-babolat-padel-juan-lebron\\\/#primaryimage\",\"url\":\"https:\\\/\\\/padelzoco.es\\\/wp-content\\\/uploads\\\/2024\\\/12\\\/BABOLAT-Padel-Hood-Sweet-Juan-Lebron01.webp\",\"contentUrl\":\"https:\\\/\\\/padelzoco.es\\\/wp-content\\\/uploads\\\/2024\\\/12\\\/BABOLAT-Padel-Hood-Sweet-Juan-Lebron01.webp\",\"width\":1400,\"height\":1400,\"caption\":\"BABOLAT Padel Hood Sweet Juan Lebron01\"},{\"@type\":\"BreadcrumbList\",\"@id\":\"https:\\\/\\\/padelzoco.es\\\/product\\\/sudadera-babolat-padel-juan-lebron\\\/#breadcrumb\",\"itemListElement\":[{\"@type\":\"ListItem\",\"position\":1,\"name\":\"Home\",\"item\":\"https:\\\/\\\/padelzoco.es\\\/\"},{\"@type\":\"ListItem\",\"position\":2,\"name\":\"Padel Zoco\",\"item\":\"https:\\\/\\\/padelzoco.es\\\/padel-zoco\\\/\"},{\"@type\":\"ListItem\",\"position\":3,\"name\":\"Sudadera Babolat Padel Juan Lebron 2025\"}]},{\"@type\":\"WebSite\",\"@id\":\"https:\\\/\\\/padelzoco.es\\\/#website\",\"url\":\"https:\\\/\\\/padelzoco.es\\\/\",\"name\":\"Padel Zoco\",\"description\":\"Padel Zoco | Spain\",\"publisher\":{\"@id\":\"https:\\\/\\\/padelzoco.es\\\/#organization\"},\"potentialAction\":[{\"@type\":\"SearchAction\",\"target\":{\"@type\":\"EntryPoint\",\"urlTemplate\":\"https:\\\/\\\/padelzoco.es\\\/?s={search_term_string}\"},\"query-input\":{\"@type\":\"PropertyValueSpecification\",\"valueRequired\":true,\"valueName\":\"search_term_string\"}}],\"inLanguage\":\"en-GB\"},{\"@type\":\"Organization\",\"@id\":\"https:\\\/\\\/padelzoco.es\\\/#organization\",\"name\":\"Padel Zoco\",\"url\":\"https:\\\/\\\/padelzoco.es\\\/\",\"logo\":{\"@type\":\"ImageObject\",\"inLanguage\":\"en-GB\",\"@id\":\"https:\\\/\\\/padelzoco.es\\\/#\\\/schema\\\/logo\\\/image\\\/\",\"url\":\"https:\\\/\\\/padelzoco.es\\\/wp-content\\\/uploads\\\/2023\\\/11\\\/PadelZoco_Logo_black_white.webp\",\"contentUrl\":\"https:\\\/\\\/padelzoco.es\\\/wp-content\\\/uploads\\\/2023\\\/11\\\/PadelZoco_Logo_black_white.webp\",\"width\":1500,\"height\":631,\"caption\":\"Padel Zoco\"},\"image\":{\"@id\":\"https:\\\/\\\/padelzoco.es\\\/#\\\/schema\\\/logo\\\/image\\\/\"}}]}<\/script>\n<!-- \/ Yoast SEO plugin. -->","yoast_head_json":{"title":"Sudadera Babolat Padel Juan Lebron 2025 - Padel Zoco","description":"Sudadera Babolat Juan Lebr\u00f3n con nuevo tejido m\u00e1s grueso y capucha renovada, ideal para un estilo deportivo c\u00f3modo dentro y fuera de pista.","robots":{"index":"index","follow":"follow","max-snippet":"max-snippet:-1","max-image-preview":"max-image-preview:large","max-video-preview":"max-video-preview:-1"},"canonical":"https:\/\/padelzoco.es\/en\/product\/sudadera-babolat-padel-juan-lebron\/","og_locale":"en_GB","og_type":"article","og_title":"Sudadera Babolat Padel Juan Lebron 2025 - Padel Zoco","og_description":"Sudadera Babolat Juan Lebr\u00f3n con nuevo tejido m\u00e1s grueso y capucha renovada, ideal para un estilo deportivo c\u00f3modo dentro y fuera de pista.","og_url":"https:\/\/padelzoco.es\/en\/product\/sudadera-babolat-padel-juan-lebron\/","og_site_name":"Padel Zoco","article_modified_time":"2026-04-30T18:32:06+00:00","og_image":[{"width":1400,"height":1400,"url":"https:\/\/padelzoco.es\/wp-content\/uploads\/2024\/12\/BABOLAT-Padel-Hood-Sweet-Juan-Lebron01.webp","type":"image\/webp"}],"twitter_card":"summary_large_image","twitter_misc":{"Estimated reading time":"1 minute"},"schema":{"@context":"https:\/\/schema.org","@graph":[{"@type":"WebPage","@id":"https:\/\/padelzoco.es\/product\/sudadera-babolat-padel-juan-lebron\/","url":"https:\/\/padelzoco.es\/product\/sudadera-babolat-padel-juan-lebron\/","name":"Sudadera Babolat Padel Juan Lebron 2025 - Padel Zoco","isPartOf":{"@id":"https:\/\/padelzoco.es\/#website"},"primaryImageOfPage":{"@id":"https:\/\/padelzoco.es\/product\/sudadera-babolat-padel-juan-lebron\/#primaryimage"},"image":{"@id":"https:\/\/padelzoco.es\/product\/sudadera-babolat-padel-juan-lebron\/#primaryimage"},"thumbnailUrl":"https:\/\/padelzoco.es\/wp-content\/uploads\/2024\/12\/BABOLAT-Padel-Hood-Sweet-Juan-Lebron01.webp","datePublished":"2024-12-05T15:28:07+00:00","dateModified":"2026-04-30T18:32:06+00:00","description":"Sudadera Babolat Juan Lebr\u00f3n con nuevo tejido m\u00e1s grueso y capucha renovada, ideal para un estilo deportivo c\u00f3modo dentro y fuera de pista.","breadcrumb":{"@id":"https:\/\/padelzoco.es\/product\/sudadera-babolat-padel-juan-lebron\/#breadcrumb"},"inLanguage":"en-GB","potentialAction":[{"@type":"ReadAction","target":["https:\/\/padelzoco.es\/product\/sudadera-babolat-padel-juan-lebron\/"]}]},{"@type":"ImageObject","inLanguage":"en-GB","@id":"https:\/\/padelzoco.es\/product\/sudadera-babolat-padel-juan-lebron\/#primaryimage","url":"https:\/\/padelzoco.es\/wp-content\/uploads\/2024\/12\/BABOLAT-Padel-Hood-Sweet-Juan-Lebron01.webp","contentUrl":"https:\/\/padelzoco.es\/wp-content\/uploads\/2024\/12\/BABOLAT-Padel-Hood-Sweet-Juan-Lebron01.webp","width":1400,"height":1400,"caption":"BABOLAT Padel Hood Sweet Juan Lebron01"},{"@type":"BreadcrumbList","@id":"https:\/\/padelzoco.es\/product\/sudadera-babolat-padel-juan-lebron\/#breadcrumb","itemListElement":[{"@type":"ListItem","position":1,"name":"Home","item":"https:\/\/padelzoco.es\/"},{"@type":"ListItem","position":2,"name":"Padel Zoco","item":"https:\/\/padelzoco.es\/padel-zoco\/"},{"@type":"ListItem","position":3,"name":"Sudadera Babolat Padel Juan Lebron 2025"}]},{"@type":"WebSite","@id":"https:\/\/padelzoco.es\/#website","url":"https:\/\/padelzoco.es\/","name":"Padel Zoco","description":"Padel Zoco | Spain","publisher":{"@id":"https:\/\/padelzoco.es\/#organization"},"potentialAction":[{"@type":"SearchAction","target":{"@type":"EntryPoint","urlTemplate":"https:\/\/padelzoco.es\/?s={search_term_string}"},"query-input":{"@type":"PropertyValueSpecification","valueRequired":true,"valueName":"search_term_string"}}],"inLanguage":"en-GB"},{"@type":"Organization","@id":"https:\/\/padelzoco.es\/#organization","name":"Padel Zoco","url":"https:\/\/padelzoco.es\/","logo":{"@type":"ImageObject","inLanguage":"en-GB","@id":"https:\/\/padelzoco.es\/#\/schema\/logo\/image\/","url":"https:\/\/padelzoco.es\/wp-content\/uploads\/2023\/11\/PadelZoco_Logo_black_white.webp","contentUrl":"https:\/\/padelzoco.es\/wp-content\/uploads\/2023\/11\/PadelZoco_Logo_black_white.webp","width":1500,"height":631,"caption":"Padel Zoco"},"image":{"@id":"https:\/\/padelzoco.es\/#\/schema\/logo\/image\/"}}]}},"_links":{"self":[{"href":"https:\/\/padelzoco.es\/en\/wp-json\/wp\/v2\/product\/14951","targetHints":{"allow":["GET"]}}],"collection":[{"href":"https:\/\/padelzoco.es\/en\/wp-json\/wp\/v2\/product"}],"about":[{"href":"https:\/\/padelzoco.es\/en\/wp-json\/wp\/v2\/types\/product"}],"version-history":[{"count":4,"href":"https:\/\/padelzoco.es\/en\/wp-json\/wp\/v2\/product\/14951\/revisions"}],"predecessor-version":[{"id":37721,"href":"https:\/\/padelzoco.es\/en\/wp-json\/wp\/v2\/product\/14951\/revisions\/37721"}],"wp:featuredmedia":[{"embeddable":true,"href":"https:\/\/padelzoco.es\/en\/wp-json\/wp\/v2\/media\/14960"}],"wp:attachment":[{"href":"https:\/\/padelzoco.es\/en\/wp-json\/wp\/v2\/media?parent=14951"}],"wp:term":[{"taxonomy":"product_brand","embeddable":true,"href":"https:\/\/padelzoco.es\/en\/wp-json\/wp\/v2\/product_brand?post=14951"},{"taxonomy":"product_cat","embeddable":true,"href":"https:\/\/padelzoco.es\/en\/wp-json\/wp\/v2\/product_cat?post=14951"},{"taxonomy":"product_tag","embeddable":true,"href":"https:\/\/padelzoco.es\/en\/wp-json\/wp\/v2\/product_tag?post=14951"}],"curies":[{"name":"wp","href":"https:\/\/api.w.org\/{rel}","templated":true}]}}