{"id":14964,"date":"2024-12-05T16:36:40","date_gmt":"2024-12-05T15:36:40","guid":{"rendered":"https:\/\/adc06f55e9.nxcli.io\/?post_type=product&#038;p=14964"},"modified":"2026-02-02T21:00:59","modified_gmt":"2026-02-02T20:00:59","slug":"pantalon-babolat-padel-juan-lebron","status":"publish","type":"product","link":"https:\/\/padelzoco.es\/en\/product\/pantalon-babolat-padel-juan-lebron\/","title":{"rendered":"Pantalon Babolat Padel Juan Lebron 2025"},"content":{"rendered":"<div id=\"product-description-short-2160\" class=\"rte-content product-description\">\n<p data-start=\"177\" data-end=\"531\">Los pantalones cortos Babolat Padel Juan Lebr\u00f3n para hombre combinan un tejido ligero con detalles elegantes para ofrecer la m\u00e1xima comodidad y flexibilidad. Con cintura el\u00e1stica, cord\u00f3n ajustable y bolsillos laterales para guardar pelotas durante el entrenamiento, son ideales para partidos intensos y sesiones exigentes.<\/p>\n<p data-start=\"533\" data-end=\"559\"><strong>Features:<\/strong><\/p>\n<ul>\n<li data-start=\"563\" data-end=\"705\">360 Motion: Corte biot\u00e9cnico y dise\u00f1o inteligente del tejido que permite una movilidad total, perfecta para deportes de raqueta.<\/li>\n<li data-start=\"708\" data-end=\"813\">Tejido FiberDry: Poli\u00e9ster suave, ligero y resistente, preparado para un uso intensivo.<\/li>\n<li data-start=\"816\" data-end=\"924\">Dise\u00f1o pr\u00e1ctico: Cintura el\u00e1stica con cord\u00f3n y dos bolsillos laterales para mayor funcionalidad.<\/li>\n<\/ul>\n<p data-start=\"926\" data-end=\"1028\">Mantente \u00e1gil y c\u00f3modo en la pista con unos pantalones dise\u00f1ados para el alto rendimiento.<\/p>\n<\/div>","protected":false},"excerpt":{"rendered":"<div id=\"product-description-short-2160\" class=\"rte-content product-description\">\n<p>Los shorts Babolat Juan Lebr\u00f3n ofrecen libertad total de movimiento, tejido ligero y dise\u00f1o funcional, ideales para p\u00e1del de alto nivel.<\/p>\n<\/div>","protected":false},"featured_media":14974,"template":"","meta":[],"product_brand":[],"product_cat":[894,608,613,601],"product_tag":[],"class_list":{"0":"post-14964","1":"product","2":"type-product","3":"status-publish","4":"has-post-thumbnail","6":"product_cat-babolat-ropa","7":"product_cat-hombre-ropa","8":"product_cat-pantalones-ropa","9":"product_cat-ropa","10":"pa_brand-babolat","11":"pa_color-blanco","12":"pa_gender-hombre","13":"pa_hs_code-87","14":"pa_size-l","15":"pa_size-m","16":"pa_size-s","17":"pa_size-xl","18":"pa_size-xs","19":"pa_size-xxl","21":"first","22":"instock","23":"sale","24":"taxable","25":"shipping-taxable","26":"purchasable","27":"product-type-variable"},"yoast_head":"<!-- This site is optimized with the Yoast SEO plugin v27.4 - https:\/\/yoast.com\/product\/yoast-seo-wordpress\/ -->\n<title>Pantalon Babolat Padel Juan Lebron 2025 - Padel Zoco<\/title>\n<meta name=\"description\" content=\"Pantalon Babolat Juan Lebr\u00f3n: tejido ligero FiberDry, movilidad 360\u00b0, bolsillos laterales y dise\u00f1o c\u00f3modo para entrenamientos y partidos intensos.\" \/>\n<meta name=\"robots\" content=\"index, follow, max-snippet:-1, max-image-preview:large, max-video-preview:-1\" \/>\n<link rel=\"canonical\" href=\"https:\/\/padelzoco.es\/en\/product\/pantalon-babolat-padel-juan-lebron\/\" \/>\n<meta property=\"og:locale\" content=\"en_GB\" \/>\n<meta property=\"og:type\" content=\"article\" \/>\n<meta property=\"og:title\" content=\"Pantalon Babolat Padel Juan Lebron 2025 - Padel Zoco\" \/>\n<meta property=\"og:description\" content=\"Pantalon Babolat Juan Lebr\u00f3n: tejido ligero FiberDry, movilidad 360\u00b0, bolsillos laterales y dise\u00f1o c\u00f3modo para entrenamientos y partidos intensos.\" \/>\n<meta property=\"og:url\" content=\"https:\/\/padelzoco.es\/en\/product\/pantalon-babolat-padel-juan-lebron\/\" \/>\n<meta property=\"og:site_name\" content=\"Padel Zoco\" \/>\n<meta property=\"article:modified_time\" content=\"2026-02-02T20:00:59+00:00\" \/>\n<meta property=\"og:image\" content=\"https:\/\/padelzoco.es\/wp-content\/uploads\/2024\/12\/BABOLAT-Padel-Shorts-Juan-Lebron.webp\" \/>\n\t<meta property=\"og:image:width\" content=\"1400\" \/>\n\t<meta property=\"og:image:height\" content=\"1400\" \/>\n\t<meta property=\"og:image:type\" content=\"image\/webp\" \/>\n<meta name=\"twitter:card\" content=\"summary_large_image\" \/>\n<meta name=\"twitter:label1\" content=\"Estimated reading time\" \/>\n\t<meta name=\"twitter:data1\" content=\"1 minute\" \/>\n<script type=\"application\/ld+json\" class=\"yoast-schema-graph\">{\"@context\":\"https:\\\/\\\/schema.org\",\"@graph\":[{\"@type\":\"WebPage\",\"@id\":\"https:\\\/\\\/padelzoco.es\\\/product\\\/pantalon-babolat-padel-juan-lebron\\\/\",\"url\":\"https:\\\/\\\/padelzoco.es\\\/product\\\/pantalon-babolat-padel-juan-lebron\\\/\",\"name\":\"Pantalon Babolat Padel Juan Lebron 2025 - Padel Zoco\",\"isPartOf\":{\"@id\":\"https:\\\/\\\/padelzoco.es\\\/#website\"},\"primaryImageOfPage\":{\"@id\":\"https:\\\/\\\/padelzoco.es\\\/product\\\/pantalon-babolat-padel-juan-lebron\\\/#primaryimage\"},\"image\":{\"@id\":\"https:\\\/\\\/padelzoco.es\\\/product\\\/pantalon-babolat-padel-juan-lebron\\\/#primaryimage\"},\"thumbnailUrl\":\"https:\\\/\\\/padelzoco.es\\\/wp-content\\\/uploads\\\/2024\\\/12\\\/BABOLAT-Padel-Shorts-Juan-Lebron.webp\",\"datePublished\":\"2024-12-05T15:36:40+00:00\",\"dateModified\":\"2026-02-02T20:00:59+00:00\",\"description\":\"Pantalon Babolat Juan Lebr\u00f3n: tejido ligero FiberDry, movilidad 360\u00b0, bolsillos laterales y dise\u00f1o c\u00f3modo para entrenamientos y partidos intensos.\",\"breadcrumb\":{\"@id\":\"https:\\\/\\\/padelzoco.es\\\/product\\\/pantalon-babolat-padel-juan-lebron\\\/#breadcrumb\"},\"inLanguage\":\"en-GB\",\"potentialAction\":[{\"@type\":\"ReadAction\",\"target\":[\"https:\\\/\\\/padelzoco.es\\\/product\\\/pantalon-babolat-padel-juan-lebron\\\/\"]}]},{\"@type\":\"ImageObject\",\"inLanguage\":\"en-GB\",\"@id\":\"https:\\\/\\\/padelzoco.es\\\/product\\\/pantalon-babolat-padel-juan-lebron\\\/#primaryimage\",\"url\":\"https:\\\/\\\/padelzoco.es\\\/wp-content\\\/uploads\\\/2024\\\/12\\\/BABOLAT-Padel-Shorts-Juan-Lebron.webp\",\"contentUrl\":\"https:\\\/\\\/padelzoco.es\\\/wp-content\\\/uploads\\\/2024\\\/12\\\/BABOLAT-Padel-Shorts-Juan-Lebron.webp\",\"width\":1400,\"height\":1400,\"caption\":\"BABOLAT Padel Shorts Juan Lebron\"},{\"@type\":\"BreadcrumbList\",\"@id\":\"https:\\\/\\\/padelzoco.es\\\/product\\\/pantalon-babolat-padel-juan-lebron\\\/#breadcrumb\",\"itemListElement\":[{\"@type\":\"ListItem\",\"position\":1,\"name\":\"Home\",\"item\":\"https:\\\/\\\/padelzoco.es\\\/\"},{\"@type\":\"ListItem\",\"position\":2,\"name\":\"Padel Zoco\",\"item\":\"https:\\\/\\\/padelzoco.es\\\/padel-zoco\\\/\"},{\"@type\":\"ListItem\",\"position\":3,\"name\":\"Pantalon Babolat Padel Juan Lebron 2025\"}]},{\"@type\":\"WebSite\",\"@id\":\"https:\\\/\\\/padelzoco.es\\\/#website\",\"url\":\"https:\\\/\\\/padelzoco.es\\\/\",\"name\":\"Padel Zoco\",\"description\":\"Padel Zoco | Spain\",\"publisher\":{\"@id\":\"https:\\\/\\\/padelzoco.es\\\/#organization\"},\"potentialAction\":[{\"@type\":\"SearchAction\",\"target\":{\"@type\":\"EntryPoint\",\"urlTemplate\":\"https:\\\/\\\/padelzoco.es\\\/?s={search_term_string}\"},\"query-input\":{\"@type\":\"PropertyValueSpecification\",\"valueRequired\":true,\"valueName\":\"search_term_string\"}}],\"inLanguage\":\"en-GB\"},{\"@type\":\"Organization\",\"@id\":\"https:\\\/\\\/padelzoco.es\\\/#organization\",\"name\":\"Padel Zoco\",\"url\":\"https:\\\/\\\/padelzoco.es\\\/\",\"logo\":{\"@type\":\"ImageObject\",\"inLanguage\":\"en-GB\",\"@id\":\"https:\\\/\\\/padelzoco.es\\\/#\\\/schema\\\/logo\\\/image\\\/\",\"url\":\"https:\\\/\\\/padelzoco.es\\\/wp-content\\\/uploads\\\/2023\\\/11\\\/PadelZoco_Logo_black_white.webp\",\"contentUrl\":\"https:\\\/\\\/padelzoco.es\\\/wp-content\\\/uploads\\\/2023\\\/11\\\/PadelZoco_Logo_black_white.webp\",\"width\":1500,\"height\":631,\"caption\":\"Padel Zoco\"},\"image\":{\"@id\":\"https:\\\/\\\/padelzoco.es\\\/#\\\/schema\\\/logo\\\/image\\\/\"}}]}<\/script>\n<!-- \/ Yoast SEO plugin. -->","yoast_head_json":{"title":"Pantalon Babolat Padel Juan Lebron 2025 - Padel Zoco","description":"Pantalon Babolat Juan Lebr\u00f3n: tejido ligero FiberDry, movilidad 360\u00b0, bolsillos laterales y dise\u00f1o c\u00f3modo para entrenamientos y partidos intensos.","robots":{"index":"index","follow":"follow","max-snippet":"max-snippet:-1","max-image-preview":"max-image-preview:large","max-video-preview":"max-video-preview:-1"},"canonical":"https:\/\/padelzoco.es\/en\/product\/pantalon-babolat-padel-juan-lebron\/","og_locale":"en_GB","og_type":"article","og_title":"Pantalon Babolat Padel Juan Lebron 2025 - Padel Zoco","og_description":"Pantalon Babolat Juan Lebr\u00f3n: tejido ligero FiberDry, movilidad 360\u00b0, bolsillos laterales y dise\u00f1o c\u00f3modo para entrenamientos y partidos intensos.","og_url":"https:\/\/padelzoco.es\/en\/product\/pantalon-babolat-padel-juan-lebron\/","og_site_name":"Padel Zoco","article_modified_time":"2026-02-02T20:00:59+00:00","og_image":[{"width":1400,"height":1400,"url":"https:\/\/padelzoco.es\/wp-content\/uploads\/2024\/12\/BABOLAT-Padel-Shorts-Juan-Lebron.webp","type":"image\/webp"}],"twitter_card":"summary_large_image","twitter_misc":{"Estimated reading time":"1 minute"},"schema":{"@context":"https:\/\/schema.org","@graph":[{"@type":"WebPage","@id":"https:\/\/padelzoco.es\/product\/pantalon-babolat-padel-juan-lebron\/","url":"https:\/\/padelzoco.es\/product\/pantalon-babolat-padel-juan-lebron\/","name":"Pantalon Babolat Padel Juan Lebron 2025 - Padel Zoco","isPartOf":{"@id":"https:\/\/padelzoco.es\/#website"},"primaryImageOfPage":{"@id":"https:\/\/padelzoco.es\/product\/pantalon-babolat-padel-juan-lebron\/#primaryimage"},"image":{"@id":"https:\/\/padelzoco.es\/product\/pantalon-babolat-padel-juan-lebron\/#primaryimage"},"thumbnailUrl":"https:\/\/padelzoco.es\/wp-content\/uploads\/2024\/12\/BABOLAT-Padel-Shorts-Juan-Lebron.webp","datePublished":"2024-12-05T15:36:40+00:00","dateModified":"2026-02-02T20:00:59+00:00","description":"Pantalon Babolat Juan Lebr\u00f3n: tejido ligero FiberDry, movilidad 360\u00b0, bolsillos laterales y dise\u00f1o c\u00f3modo para entrenamientos y partidos intensos.","breadcrumb":{"@id":"https:\/\/padelzoco.es\/product\/pantalon-babolat-padel-juan-lebron\/#breadcrumb"},"inLanguage":"en-GB","potentialAction":[{"@type":"ReadAction","target":["https:\/\/padelzoco.es\/product\/pantalon-babolat-padel-juan-lebron\/"]}]},{"@type":"ImageObject","inLanguage":"en-GB","@id":"https:\/\/padelzoco.es\/product\/pantalon-babolat-padel-juan-lebron\/#primaryimage","url":"https:\/\/padelzoco.es\/wp-content\/uploads\/2024\/12\/BABOLAT-Padel-Shorts-Juan-Lebron.webp","contentUrl":"https:\/\/padelzoco.es\/wp-content\/uploads\/2024\/12\/BABOLAT-Padel-Shorts-Juan-Lebron.webp","width":1400,"height":1400,"caption":"BABOLAT Padel Shorts Juan Lebron"},{"@type":"BreadcrumbList","@id":"https:\/\/padelzoco.es\/product\/pantalon-babolat-padel-juan-lebron\/#breadcrumb","itemListElement":[{"@type":"ListItem","position":1,"name":"Home","item":"https:\/\/padelzoco.es\/"},{"@type":"ListItem","position":2,"name":"Padel Zoco","item":"https:\/\/padelzoco.es\/padel-zoco\/"},{"@type":"ListItem","position":3,"name":"Pantalon Babolat Padel Juan Lebron 2025"}]},{"@type":"WebSite","@id":"https:\/\/padelzoco.es\/#website","url":"https:\/\/padelzoco.es\/","name":"Padel Zoco","description":"Padel Zoco | Spain","publisher":{"@id":"https:\/\/padelzoco.es\/#organization"},"potentialAction":[{"@type":"SearchAction","target":{"@type":"EntryPoint","urlTemplate":"https:\/\/padelzoco.es\/?s={search_term_string}"},"query-input":{"@type":"PropertyValueSpecification","valueRequired":true,"valueName":"search_term_string"}}],"inLanguage":"en-GB"},{"@type":"Organization","@id":"https:\/\/padelzoco.es\/#organization","name":"Padel Zoco","url":"https:\/\/padelzoco.es\/","logo":{"@type":"ImageObject","inLanguage":"en-GB","@id":"https:\/\/padelzoco.es\/#\/schema\/logo\/image\/","url":"https:\/\/padelzoco.es\/wp-content\/uploads\/2023\/11\/PadelZoco_Logo_black_white.webp","contentUrl":"https:\/\/padelzoco.es\/wp-content\/uploads\/2023\/11\/PadelZoco_Logo_black_white.webp","width":1500,"height":631,"caption":"Padel Zoco"},"image":{"@id":"https:\/\/padelzoco.es\/#\/schema\/logo\/image\/"}}]}},"_links":{"self":[{"href":"https:\/\/padelzoco.es\/en\/wp-json\/wp\/v2\/product\/14964","targetHints":{"allow":["GET"]}}],"collection":[{"href":"https:\/\/padelzoco.es\/en\/wp-json\/wp\/v2\/product"}],"about":[{"href":"https:\/\/padelzoco.es\/en\/wp-json\/wp\/v2\/types\/product"}],"version-history":[{"count":5,"href":"https:\/\/padelzoco.es\/en\/wp-json\/wp\/v2\/product\/14964\/revisions"}],"predecessor-version":[{"id":29895,"href":"https:\/\/padelzoco.es\/en\/wp-json\/wp\/v2\/product\/14964\/revisions\/29895"}],"wp:featuredmedia":[{"embeddable":true,"href":"https:\/\/padelzoco.es\/en\/wp-json\/wp\/v2\/media\/14974"}],"wp:attachment":[{"href":"https:\/\/padelzoco.es\/en\/wp-json\/wp\/v2\/media?parent=14964"}],"wp:term":[{"taxonomy":"product_brand","embeddable":true,"href":"https:\/\/padelzoco.es\/en\/wp-json\/wp\/v2\/product_brand?post=14964"},{"taxonomy":"product_cat","embeddable":true,"href":"https:\/\/padelzoco.es\/en\/wp-json\/wp\/v2\/product_cat?post=14964"},{"taxonomy":"product_tag","embeddable":true,"href":"https:\/\/padelzoco.es\/en\/wp-json\/wp\/v2\/product_tag?post=14964"}],"curies":[{"name":"wp","href":"https:\/\/api.w.org\/{rel}","templated":true}]}}