{"id":15002,"date":"2024-12-05T17:19:45","date_gmt":"2024-12-05T16:19:45","guid":{"rendered":"https:\/\/adc06f55e9.nxcli.io\/?post_type=product&#038;p=15002"},"modified":"2026-04-30T19:32:04","modified_gmt":"2026-04-30T18:32:04","slug":"chaqueta-babolat-juan-lebron-2025","status":"publish","type":"product","link":"https:\/\/padelzoco.es\/en\/product\/chaqueta-babolat-juan-lebron-2025\/","title":{"rendered":"Chaqueta Babolat Juan Lebron 2025"},"content":{"rendered":"<p data-start=\"0\" data-end=\"386\">La chaqueta de calentamiento de <span class=\"hover:entity-accent entity-underline inline cursor-pointer align-baseline\"><span class=\"whitespace-normal\">Juan Lebr\u00f3n<\/span><\/span> de <span class=\"hover:entity-accent entity-underline inline cursor-pointer align-baseline\"><span class=\"whitespace-normal\">Babolat<\/span><\/span> combina un estilo cl\u00e1sico, deportivo y elegante, ideal tanto para calentar como para despu\u00e9s de los partidos. Dise\u00f1ada para ofrecer comodidad y funcionalidad, incorpora dos bolsillos frontales tipo parche y pu\u00f1os ajustados que mejoran el ajuste y la sensaci\u00f3n durante su uso.<\/p>\n<p data-start=\"388\" data-end=\"557\">Su dise\u00f1o vers\u00e1til la convierte en una prenda perfecta dentro y fuera de la pista, manteniendo un look deportivo con el sello de uno de los referentes del p\u00e1del mundial.<\/p>","protected":false},"excerpt":{"rendered":"<p>La chaqueta de calentamiento Juan Lebr\u00f3n, cl\u00e1sica, chic y deportiva, est\u00e1 hecha para ti.<\/p>\n<p>Perfecta para calentar y para despu\u00e9s de los partidos.<\/p>\n<p>Con 2 bolsillos de parche en la parte delantera para un estilo deportivo y pu\u00f1os ajustados para mayor comodidad, la chaqueta de calentamiento Juan Lebr\u00f3n est\u00e1 hecha para ti.<\/p>","protected":false},"featured_media":15010,"template":"","meta":[],"product_brand":[],"product_cat":[894,615,608,601],"product_tag":[],"class_list":{"0":"post-15002","1":"product","2":"type-product","3":"status-publish","4":"has-post-thumbnail","6":"product_cat-babolat-ropa","7":"product_cat-chaquetas-ropa","8":"product_cat-hombre-ropa","9":"product_cat-ropa","10":"pa_brand-babolat","11":"pa_color-blanco","12":"pa_gender-hombre","13":"pa_hs_code-87","14":"pa_size-l","15":"pa_size-m","16":"pa_size-s","17":"pa_size-xl","18":"pa_size-xxl","20":"first","21":"instock","22":"sale","23":"taxable","24":"shipping-taxable","25":"purchasable","26":"product-type-variable"},"yoast_head":"<!-- This site is optimized with the Yoast SEO plugin v27.5 - https:\/\/yoast.com\/product\/yoast-seo-wordpress\/ -->\n<title>Chaqueta Babolat Juan Lebron 2025 - Padel Zoco<\/title>\n<meta name=\"description\" content=\"Chaqueta Babolat Juan Lebr\u00f3n, dise\u00f1o deportivo y elegante con ajuste c\u00f3modo, ideal para calentar o usar despu\u00e9s de los partidos.\" \/>\n<meta name=\"robots\" content=\"index, follow, max-snippet:-1, max-image-preview:large, max-video-preview:-1\" \/>\n<link rel=\"canonical\" href=\"https:\/\/padelzoco.es\/en\/product\/chaqueta-babolat-juan-lebron-2025\/\" \/>\n<meta property=\"og:locale\" content=\"en_GB\" \/>\n<meta property=\"og:type\" content=\"article\" \/>\n<meta property=\"og:title\" content=\"Chaqueta Babolat Juan Lebron 2025 - Padel Zoco\" \/>\n<meta property=\"og:description\" content=\"Chaqueta Babolat Juan Lebr\u00f3n, dise\u00f1o deportivo y elegante con ajuste c\u00f3modo, ideal para calentar o usar despu\u00e9s de los partidos.\" \/>\n<meta property=\"og:url\" content=\"https:\/\/padelzoco.es\/en\/product\/chaqueta-babolat-juan-lebron-2025\/\" \/>\n<meta property=\"og:site_name\" content=\"Padel Zoco\" \/>\n<meta property=\"article:modified_time\" content=\"2026-04-30T18:32:04+00:00\" \/>\n<meta property=\"og:image\" content=\"https:\/\/padelzoco.es\/wp-content\/uploads\/2024\/12\/BABOLAT-Padel-Jacket-Men-Juan-Lebron-1.webp\" \/>\n\t<meta property=\"og:image:width\" content=\"1400\" \/>\n\t<meta property=\"og:image:height\" content=\"1400\" \/>\n\t<meta property=\"og:image:type\" content=\"image\/webp\" \/>\n<meta name=\"twitter:card\" content=\"summary_large_image\" \/>\n<meta name=\"twitter:label1\" content=\"Estimated reading time\" \/>\n\t<meta name=\"twitter:data1\" content=\"1 minute\" \/>\n<script type=\"application\/ld+json\" class=\"yoast-schema-graph\">{\"@context\":\"https:\\\/\\\/schema.org\",\"@graph\":[{\"@type\":\"WebPage\",\"@id\":\"https:\\\/\\\/padelzoco.es\\\/product\\\/chaqueta-babolat-juan-lebron-2025\\\/\",\"url\":\"https:\\\/\\\/padelzoco.es\\\/product\\\/chaqueta-babolat-juan-lebron-2025\\\/\",\"name\":\"Chaqueta Babolat Juan Lebron 2025 - Padel Zoco\",\"isPartOf\":{\"@id\":\"https:\\\/\\\/padelzoco.es\\\/#website\"},\"primaryImageOfPage\":{\"@id\":\"https:\\\/\\\/padelzoco.es\\\/product\\\/chaqueta-babolat-juan-lebron-2025\\\/#primaryimage\"},\"image\":{\"@id\":\"https:\\\/\\\/padelzoco.es\\\/product\\\/chaqueta-babolat-juan-lebron-2025\\\/#primaryimage\"},\"thumbnailUrl\":\"https:\\\/\\\/padelzoco.es\\\/wp-content\\\/uploads\\\/2024\\\/12\\\/BABOLAT-Padel-Jacket-Men-Juan-Lebron-1.webp\",\"datePublished\":\"2024-12-05T16:19:45+00:00\",\"dateModified\":\"2026-04-30T18:32:04+00:00\",\"description\":\"Chaqueta Babolat Juan Lebr\u00f3n, dise\u00f1o deportivo y elegante con ajuste c\u00f3modo, ideal para calentar o usar despu\u00e9s de los partidos.\",\"breadcrumb\":{\"@id\":\"https:\\\/\\\/padelzoco.es\\\/product\\\/chaqueta-babolat-juan-lebron-2025\\\/#breadcrumb\"},\"inLanguage\":\"en-GB\",\"potentialAction\":[{\"@type\":\"ReadAction\",\"target\":[\"https:\\\/\\\/padelzoco.es\\\/product\\\/chaqueta-babolat-juan-lebron-2025\\\/\"]}]},{\"@type\":\"ImageObject\",\"inLanguage\":\"en-GB\",\"@id\":\"https:\\\/\\\/padelzoco.es\\\/product\\\/chaqueta-babolat-juan-lebron-2025\\\/#primaryimage\",\"url\":\"https:\\\/\\\/padelzoco.es\\\/wp-content\\\/uploads\\\/2024\\\/12\\\/BABOLAT-Padel-Jacket-Men-Juan-Lebron-1.webp\",\"contentUrl\":\"https:\\\/\\\/padelzoco.es\\\/wp-content\\\/uploads\\\/2024\\\/12\\\/BABOLAT-Padel-Jacket-Men-Juan-Lebron-1.webp\",\"width\":1400,\"height\":1400,\"caption\":\"BABOLAT Padel Jacket Men Juan Lebron 1\"},{\"@type\":\"BreadcrumbList\",\"@id\":\"https:\\\/\\\/padelzoco.es\\\/product\\\/chaqueta-babolat-juan-lebron-2025\\\/#breadcrumb\",\"itemListElement\":[{\"@type\":\"ListItem\",\"position\":1,\"name\":\"Home\",\"item\":\"https:\\\/\\\/padelzoco.es\\\/\"},{\"@type\":\"ListItem\",\"position\":2,\"name\":\"Padel Zoco\",\"item\":\"https:\\\/\\\/padelzoco.es\\\/padel-zoco\\\/\"},{\"@type\":\"ListItem\",\"position\":3,\"name\":\"Chaqueta Babolat Juan Lebron 2025\"}]},{\"@type\":\"WebSite\",\"@id\":\"https:\\\/\\\/padelzoco.es\\\/#website\",\"url\":\"https:\\\/\\\/padelzoco.es\\\/\",\"name\":\"Padel Zoco\",\"description\":\"Padel Zoco | Spain\",\"publisher\":{\"@id\":\"https:\\\/\\\/padelzoco.es\\\/#organization\"},\"potentialAction\":[{\"@type\":\"SearchAction\",\"target\":{\"@type\":\"EntryPoint\",\"urlTemplate\":\"https:\\\/\\\/padelzoco.es\\\/?s={search_term_string}\"},\"query-input\":{\"@type\":\"PropertyValueSpecification\",\"valueRequired\":true,\"valueName\":\"search_term_string\"}}],\"inLanguage\":\"en-GB\"},{\"@type\":\"Organization\",\"@id\":\"https:\\\/\\\/padelzoco.es\\\/#organization\",\"name\":\"Padel Zoco\",\"url\":\"https:\\\/\\\/padelzoco.es\\\/\",\"logo\":{\"@type\":\"ImageObject\",\"inLanguage\":\"en-GB\",\"@id\":\"https:\\\/\\\/padelzoco.es\\\/#\\\/schema\\\/logo\\\/image\\\/\",\"url\":\"https:\\\/\\\/padelzoco.es\\\/wp-content\\\/uploads\\\/2023\\\/11\\\/PadelZoco_Logo_black_white.webp\",\"contentUrl\":\"https:\\\/\\\/padelzoco.es\\\/wp-content\\\/uploads\\\/2023\\\/11\\\/PadelZoco_Logo_black_white.webp\",\"width\":1500,\"height\":631,\"caption\":\"Padel Zoco\"},\"image\":{\"@id\":\"https:\\\/\\\/padelzoco.es\\\/#\\\/schema\\\/logo\\\/image\\\/\"}}]}<\/script>\n<!-- \/ Yoast SEO plugin. -->","yoast_head_json":{"title":"Chaqueta Babolat Juan Lebron 2025 - Padel Zoco","description":"Chaqueta Babolat Juan Lebr\u00f3n, dise\u00f1o deportivo y elegante con ajuste c\u00f3modo, ideal para calentar o usar despu\u00e9s de los partidos.","robots":{"index":"index","follow":"follow","max-snippet":"max-snippet:-1","max-image-preview":"max-image-preview:large","max-video-preview":"max-video-preview:-1"},"canonical":"https:\/\/padelzoco.es\/en\/product\/chaqueta-babolat-juan-lebron-2025\/","og_locale":"en_GB","og_type":"article","og_title":"Chaqueta Babolat Juan Lebron 2025 - Padel Zoco","og_description":"Chaqueta Babolat Juan Lebr\u00f3n, dise\u00f1o deportivo y elegante con ajuste c\u00f3modo, ideal para calentar o usar despu\u00e9s de los partidos.","og_url":"https:\/\/padelzoco.es\/en\/product\/chaqueta-babolat-juan-lebron-2025\/","og_site_name":"Padel Zoco","article_modified_time":"2026-04-30T18:32:04+00:00","og_image":[{"width":1400,"height":1400,"url":"https:\/\/padelzoco.es\/wp-content\/uploads\/2024\/12\/BABOLAT-Padel-Jacket-Men-Juan-Lebron-1.webp","type":"image\/webp"}],"twitter_card":"summary_large_image","twitter_misc":{"Estimated reading time":"1 minute"},"schema":{"@context":"https:\/\/schema.org","@graph":[{"@type":"WebPage","@id":"https:\/\/padelzoco.es\/product\/chaqueta-babolat-juan-lebron-2025\/","url":"https:\/\/padelzoco.es\/product\/chaqueta-babolat-juan-lebron-2025\/","name":"Chaqueta Babolat Juan Lebron 2025 - Padel Zoco","isPartOf":{"@id":"https:\/\/padelzoco.es\/#website"},"primaryImageOfPage":{"@id":"https:\/\/padelzoco.es\/product\/chaqueta-babolat-juan-lebron-2025\/#primaryimage"},"image":{"@id":"https:\/\/padelzoco.es\/product\/chaqueta-babolat-juan-lebron-2025\/#primaryimage"},"thumbnailUrl":"https:\/\/padelzoco.es\/wp-content\/uploads\/2024\/12\/BABOLAT-Padel-Jacket-Men-Juan-Lebron-1.webp","datePublished":"2024-12-05T16:19:45+00:00","dateModified":"2026-04-30T18:32:04+00:00","description":"Chaqueta Babolat Juan Lebr\u00f3n, dise\u00f1o deportivo y elegante con ajuste c\u00f3modo, ideal para calentar o usar despu\u00e9s de los partidos.","breadcrumb":{"@id":"https:\/\/padelzoco.es\/product\/chaqueta-babolat-juan-lebron-2025\/#breadcrumb"},"inLanguage":"en-GB","potentialAction":[{"@type":"ReadAction","target":["https:\/\/padelzoco.es\/product\/chaqueta-babolat-juan-lebron-2025\/"]}]},{"@type":"ImageObject","inLanguage":"en-GB","@id":"https:\/\/padelzoco.es\/product\/chaqueta-babolat-juan-lebron-2025\/#primaryimage","url":"https:\/\/padelzoco.es\/wp-content\/uploads\/2024\/12\/BABOLAT-Padel-Jacket-Men-Juan-Lebron-1.webp","contentUrl":"https:\/\/padelzoco.es\/wp-content\/uploads\/2024\/12\/BABOLAT-Padel-Jacket-Men-Juan-Lebron-1.webp","width":1400,"height":1400,"caption":"BABOLAT Padel Jacket Men Juan Lebron 1"},{"@type":"BreadcrumbList","@id":"https:\/\/padelzoco.es\/product\/chaqueta-babolat-juan-lebron-2025\/#breadcrumb","itemListElement":[{"@type":"ListItem","position":1,"name":"Home","item":"https:\/\/padelzoco.es\/"},{"@type":"ListItem","position":2,"name":"Padel Zoco","item":"https:\/\/padelzoco.es\/padel-zoco\/"},{"@type":"ListItem","position":3,"name":"Chaqueta Babolat Juan Lebron 2025"}]},{"@type":"WebSite","@id":"https:\/\/padelzoco.es\/#website","url":"https:\/\/padelzoco.es\/","name":"Padel Zoco","description":"Padel Zoco | Spain","publisher":{"@id":"https:\/\/padelzoco.es\/#organization"},"potentialAction":[{"@type":"SearchAction","target":{"@type":"EntryPoint","urlTemplate":"https:\/\/padelzoco.es\/?s={search_term_string}"},"query-input":{"@type":"PropertyValueSpecification","valueRequired":true,"valueName":"search_term_string"}}],"inLanguage":"en-GB"},{"@type":"Organization","@id":"https:\/\/padelzoco.es\/#organization","name":"Padel Zoco","url":"https:\/\/padelzoco.es\/","logo":{"@type":"ImageObject","inLanguage":"en-GB","@id":"https:\/\/padelzoco.es\/#\/schema\/logo\/image\/","url":"https:\/\/padelzoco.es\/wp-content\/uploads\/2023\/11\/PadelZoco_Logo_black_white.webp","contentUrl":"https:\/\/padelzoco.es\/wp-content\/uploads\/2023\/11\/PadelZoco_Logo_black_white.webp","width":1500,"height":631,"caption":"Padel Zoco"},"image":{"@id":"https:\/\/padelzoco.es\/#\/schema\/logo\/image\/"}}]}},"_links":{"self":[{"href":"https:\/\/padelzoco.es\/en\/wp-json\/wp\/v2\/product\/15002","targetHints":{"allow":["GET"]}}],"collection":[{"href":"https:\/\/padelzoco.es\/en\/wp-json\/wp\/v2\/product"}],"about":[{"href":"https:\/\/padelzoco.es\/en\/wp-json\/wp\/v2\/types\/product"}],"version-history":[{"count":4,"href":"https:\/\/padelzoco.es\/en\/wp-json\/wp\/v2\/product\/15002\/revisions"}],"predecessor-version":[{"id":37720,"href":"https:\/\/padelzoco.es\/en\/wp-json\/wp\/v2\/product\/15002\/revisions\/37720"}],"wp:featuredmedia":[{"embeddable":true,"href":"https:\/\/padelzoco.es\/en\/wp-json\/wp\/v2\/media\/15010"}],"wp:attachment":[{"href":"https:\/\/padelzoco.es\/en\/wp-json\/wp\/v2\/media?parent=15002"}],"wp:term":[{"taxonomy":"product_brand","embeddable":true,"href":"https:\/\/padelzoco.es\/en\/wp-json\/wp\/v2\/product_brand?post=15002"},{"taxonomy":"product_cat","embeddable":true,"href":"https:\/\/padelzoco.es\/en\/wp-json\/wp\/v2\/product_cat?post=15002"},{"taxonomy":"product_tag","embeddable":true,"href":"https:\/\/padelzoco.es\/en\/wp-json\/wp\/v2\/product_tag?post=15002"}],"curies":[{"name":"wp","href":"https:\/\/api.w.org\/{rel}","templated":true}]}}