{"id":15029,"date":"2024-12-06T09:22:43","date_gmt":"2024-12-06T08:22:43","guid":{"rendered":"https:\/\/adc06f55e9.nxcli.io\/?post_type=product&#038;p=15029"},"modified":"2026-04-30T19:32:04","modified_gmt":"2026-04-30T18:32:04","slug":"pantalon-babolat-juan-lebron","status":"publish","type":"product","link":"https:\/\/padelzoco.es\/en\/product\/pantalon-babolat-juan-lebron\/","title":{"rendered":"Pantalon Babolat Juan Lebr\u00f3n"},"content":{"rendered":"","protected":false},"excerpt":{"rendered":"<p>El pantal\u00f3n de p\u00e1del Babolat Juan Lebron para hombre combina estilo y practicidad, dise\u00f1ado para calentar y enfriar. Con cremalleras en los tobillos para quit\u00e1rselo f\u00e1cilmente sin necesidad de descalzarse, este pantal\u00f3n ofrece elegancia informal y m\u00e1xima comodidad.<\/p>\n<p><strong>Features<\/strong><\/p>\n<ul>\n<li>Dise\u00f1o pr\u00e1ctico: Las cremalleras en los tobillos permiten quit\u00e1rselo f\u00e1cilmente sin quitarse el calzado, ideal para cambios r\u00e1pidos.<\/li>\n<li>Tejido FiberDry: Poli\u00e9ster ligero, suave y resistente que soporta un uso intenso y es f\u00e1cil de cuidar.<\/li>\n<li>Colecci\u00f3n Babolat Juan Lebron: Elegante y funcional, dise\u00f1ado para brindar comodidad desde los entrenamientos hasta los partidos m\u00e1s intensos.<\/li>\n<\/ul>\n<p>Mantente c\u00f3modo y elegante con este vers\u00e1til pantal\u00f3n de calentamiento.<\/p>","protected":false},"featured_media":15037,"template":"","meta":[],"product_brand":[],"product_cat":[894,608,613,601],"product_tag":[],"class_list":{"0":"post-15029","1":"product","2":"type-product","3":"status-publish","4":"has-post-thumbnail","6":"product_cat-babolat-ropa","7":"product_cat-hombre-ropa","8":"product_cat-pantalones-ropa","9":"product_cat-ropa","10":"pa_brand-babolat","11":"pa_color-blanco","12":"pa_gender-hombre","13":"pa_hs_code-87","14":"pa_size-l","15":"pa_size-m","16":"pa_size-s","17":"pa_size-xl","18":"pa_size-xxl","20":"first","21":"instock","22":"sale","23":"taxable","24":"shipping-taxable","25":"purchasable","26":"product-type-variable"},"yoast_head":"<!-- This site is optimized with the Yoast SEO plugin v27.5 - https:\/\/yoast.com\/product\/yoast-seo-wordpress\/ -->\n<title>Pantalon Babolat Juan Lebr\u00f3n - Padel Zoco<\/title>\n<meta name=\"robots\" content=\"index, follow, max-snippet:-1, max-image-preview:large, max-video-preview:-1\" \/>\n<link rel=\"canonical\" href=\"https:\/\/padelzoco.es\/en\/product\/pantalon-babolat-juan-lebron\/\" \/>\n<meta property=\"og:locale\" content=\"en_GB\" \/>\n<meta property=\"og:type\" content=\"article\" \/>\n<meta property=\"og:title\" content=\"Pantalon Babolat Juan Lebr\u00f3n - Padel Zoco\" \/>\n<meta property=\"og:description\" content=\"El pantal\u00f3n de p\u00e1del Babolat Juan Lebron para hombre combina estilo y practicidad, dise\u00f1ado para calentar y enfriar. Con cremalleras en los tobillos para quit\u00e1rselo f\u00e1cilmente sin necesidad de descalzarse, este pantal\u00f3n ofrece elegancia informal y m\u00e1xima comodidad.  Caracter\u00edsticas   Dise\u00f1o pr\u00e1ctico: Las cremalleras en los tobillos permiten quit\u00e1rselo f\u00e1cilmente sin quitarse el calzado, ideal para cambios r\u00e1pidos.  Tejido FiberDry: Poli\u00e9ster ligero, suave y resistente que soporta un uso intenso y es f\u00e1cil de cuidar.  Colecci\u00f3n Babolat Juan Lebron: Elegante y funcional, dise\u00f1ado para brindar comodidad desde los entrenamientos hasta los partidos m\u00e1s intensos.  Mantente c\u00f3modo y elegante con este vers\u00e1til pantal\u00f3n de calentamiento.\" \/>\n<meta property=\"og:url\" content=\"https:\/\/padelzoco.es\/en\/product\/pantalon-babolat-juan-lebron\/\" \/>\n<meta property=\"og:site_name\" content=\"Padel Zoco\" \/>\n<meta property=\"article:modified_time\" content=\"2026-04-30T18:32:04+00:00\" \/>\n<meta property=\"og:image\" content=\"https:\/\/padelzoco.es\/wp-content\/uploads\/2024\/12\/BABOLAT-Padel-Pant-Men-Juan-Lebron-01.webp\" \/>\n\t<meta property=\"og:image:width\" content=\"1400\" \/>\n\t<meta property=\"og:image:height\" content=\"1400\" \/>\n\t<meta property=\"og:image:type\" content=\"image\/webp\" \/>\n<meta name=\"twitter:card\" content=\"summary_large_image\" \/>\n<meta name=\"twitter:label1\" content=\"Estimated reading time\" \/>\n\t<meta name=\"twitter:data1\" content=\"1 minute\" \/>\n<script type=\"application\/ld+json\" class=\"yoast-schema-graph\">{\"@context\":\"https:\\\/\\\/schema.org\",\"@graph\":[{\"@type\":\"WebPage\",\"@id\":\"https:\\\/\\\/padelzoco.es\\\/product\\\/pantalon-babolat-juan-lebron\\\/\",\"url\":\"https:\\\/\\\/padelzoco.es\\\/product\\\/pantalon-babolat-juan-lebron\\\/\",\"name\":\"Pantalon Babolat Juan Lebr\u00f3n - Padel Zoco\",\"isPartOf\":{\"@id\":\"https:\\\/\\\/padelzoco.es\\\/#website\"},\"primaryImageOfPage\":{\"@id\":\"https:\\\/\\\/padelzoco.es\\\/product\\\/pantalon-babolat-juan-lebron\\\/#primaryimage\"},\"image\":{\"@id\":\"https:\\\/\\\/padelzoco.es\\\/product\\\/pantalon-babolat-juan-lebron\\\/#primaryimage\"},\"thumbnailUrl\":\"https:\\\/\\\/padelzoco.es\\\/wp-content\\\/uploads\\\/2024\\\/12\\\/BABOLAT-Padel-Pant-Men-Juan-Lebron-01.webp\",\"datePublished\":\"2024-12-06T08:22:43+00:00\",\"dateModified\":\"2026-04-30T18:32:04+00:00\",\"breadcrumb\":{\"@id\":\"https:\\\/\\\/padelzoco.es\\\/product\\\/pantalon-babolat-juan-lebron\\\/#breadcrumb\"},\"inLanguage\":\"en-GB\",\"potentialAction\":[{\"@type\":\"ReadAction\",\"target\":[\"https:\\\/\\\/padelzoco.es\\\/product\\\/pantalon-babolat-juan-lebron\\\/\"]}]},{\"@type\":\"ImageObject\",\"inLanguage\":\"en-GB\",\"@id\":\"https:\\\/\\\/padelzoco.es\\\/product\\\/pantalon-babolat-juan-lebron\\\/#primaryimage\",\"url\":\"https:\\\/\\\/padelzoco.es\\\/wp-content\\\/uploads\\\/2024\\\/12\\\/BABOLAT-Padel-Pant-Men-Juan-Lebron-01.webp\",\"contentUrl\":\"https:\\\/\\\/padelzoco.es\\\/wp-content\\\/uploads\\\/2024\\\/12\\\/BABOLAT-Padel-Pant-Men-Juan-Lebron-01.webp\",\"width\":1400,\"height\":1400,\"caption\":\"BABOLAT Padel Pant Men Juan Lebr\u00f3n 01\"},{\"@type\":\"BreadcrumbList\",\"@id\":\"https:\\\/\\\/padelzoco.es\\\/product\\\/pantalon-babolat-juan-lebron\\\/#breadcrumb\",\"itemListElement\":[{\"@type\":\"ListItem\",\"position\":1,\"name\":\"Home\",\"item\":\"https:\\\/\\\/padelzoco.es\\\/\"},{\"@type\":\"ListItem\",\"position\":2,\"name\":\"Padel Zoco\",\"item\":\"https:\\\/\\\/padelzoco.es\\\/padel-zoco\\\/\"},{\"@type\":\"ListItem\",\"position\":3,\"name\":\"Pantalon Babolat Juan Lebr\u00f3n\"}]},{\"@type\":\"WebSite\",\"@id\":\"https:\\\/\\\/padelzoco.es\\\/#website\",\"url\":\"https:\\\/\\\/padelzoco.es\\\/\",\"name\":\"Padel Zoco\",\"description\":\"Padel Zoco | Spain\",\"publisher\":{\"@id\":\"https:\\\/\\\/padelzoco.es\\\/#organization\"},\"potentialAction\":[{\"@type\":\"SearchAction\",\"target\":{\"@type\":\"EntryPoint\",\"urlTemplate\":\"https:\\\/\\\/padelzoco.es\\\/?s={search_term_string}\"},\"query-input\":{\"@type\":\"PropertyValueSpecification\",\"valueRequired\":true,\"valueName\":\"search_term_string\"}}],\"inLanguage\":\"en-GB\"},{\"@type\":\"Organization\",\"@id\":\"https:\\\/\\\/padelzoco.es\\\/#organization\",\"name\":\"Padel Zoco\",\"url\":\"https:\\\/\\\/padelzoco.es\\\/\",\"logo\":{\"@type\":\"ImageObject\",\"inLanguage\":\"en-GB\",\"@id\":\"https:\\\/\\\/padelzoco.es\\\/#\\\/schema\\\/logo\\\/image\\\/\",\"url\":\"https:\\\/\\\/padelzoco.es\\\/wp-content\\\/uploads\\\/2023\\\/11\\\/PadelZoco_Logo_black_white.webp\",\"contentUrl\":\"https:\\\/\\\/padelzoco.es\\\/wp-content\\\/uploads\\\/2023\\\/11\\\/PadelZoco_Logo_black_white.webp\",\"width\":1500,\"height\":631,\"caption\":\"Padel Zoco\"},\"image\":{\"@id\":\"https:\\\/\\\/padelzoco.es\\\/#\\\/schema\\\/logo\\\/image\\\/\"}}]}<\/script>\n<!-- \/ Yoast SEO plugin. -->","yoast_head_json":{"title":"Pantalon Babolat Juan Lebr\u00f3n - Padel Zoco","robots":{"index":"index","follow":"follow","max-snippet":"max-snippet:-1","max-image-preview":"max-image-preview:large","max-video-preview":"max-video-preview:-1"},"canonical":"https:\/\/padelzoco.es\/en\/product\/pantalon-babolat-juan-lebron\/","og_locale":"en_GB","og_type":"article","og_title":"Pantalon Babolat Juan Lebr\u00f3n - Padel Zoco","og_description":"El pantal\u00f3n de p\u00e1del Babolat Juan Lebron para hombre combina estilo y practicidad, dise\u00f1ado para calentar y enfriar. Con cremalleras en los tobillos para quit\u00e1rselo f\u00e1cilmente sin necesidad de descalzarse, este pantal\u00f3n ofrece elegancia informal y m\u00e1xima comodidad.  Caracter\u00edsticas   Dise\u00f1o pr\u00e1ctico: Las cremalleras en los tobillos permiten quit\u00e1rselo f\u00e1cilmente sin quitarse el calzado, ideal para cambios r\u00e1pidos.  Tejido FiberDry: Poli\u00e9ster ligero, suave y resistente que soporta un uso intenso y es f\u00e1cil de cuidar.  Colecci\u00f3n Babolat Juan Lebron: Elegante y funcional, dise\u00f1ado para brindar comodidad desde los entrenamientos hasta los partidos m\u00e1s intensos.  Mantente c\u00f3modo y elegante con este vers\u00e1til pantal\u00f3n de calentamiento.","og_url":"https:\/\/padelzoco.es\/en\/product\/pantalon-babolat-juan-lebron\/","og_site_name":"Padel Zoco","article_modified_time":"2026-04-30T18:32:04+00:00","og_image":[{"width":1400,"height":1400,"url":"https:\/\/padelzoco.es\/wp-content\/uploads\/2024\/12\/BABOLAT-Padel-Pant-Men-Juan-Lebron-01.webp","type":"image\/webp"}],"twitter_card":"summary_large_image","twitter_misc":{"Estimated reading time":"1 minute"},"schema":{"@context":"https:\/\/schema.org","@graph":[{"@type":"WebPage","@id":"https:\/\/padelzoco.es\/product\/pantalon-babolat-juan-lebron\/","url":"https:\/\/padelzoco.es\/product\/pantalon-babolat-juan-lebron\/","name":"Pantalon Babolat Juan Lebr\u00f3n - Padel Zoco","isPartOf":{"@id":"https:\/\/padelzoco.es\/#website"},"primaryImageOfPage":{"@id":"https:\/\/padelzoco.es\/product\/pantalon-babolat-juan-lebron\/#primaryimage"},"image":{"@id":"https:\/\/padelzoco.es\/product\/pantalon-babolat-juan-lebron\/#primaryimage"},"thumbnailUrl":"https:\/\/padelzoco.es\/wp-content\/uploads\/2024\/12\/BABOLAT-Padel-Pant-Men-Juan-Lebron-01.webp","datePublished":"2024-12-06T08:22:43+00:00","dateModified":"2026-04-30T18:32:04+00:00","breadcrumb":{"@id":"https:\/\/padelzoco.es\/product\/pantalon-babolat-juan-lebron\/#breadcrumb"},"inLanguage":"en-GB","potentialAction":[{"@type":"ReadAction","target":["https:\/\/padelzoco.es\/product\/pantalon-babolat-juan-lebron\/"]}]},{"@type":"ImageObject","inLanguage":"en-GB","@id":"https:\/\/padelzoco.es\/product\/pantalon-babolat-juan-lebron\/#primaryimage","url":"https:\/\/padelzoco.es\/wp-content\/uploads\/2024\/12\/BABOLAT-Padel-Pant-Men-Juan-Lebron-01.webp","contentUrl":"https:\/\/padelzoco.es\/wp-content\/uploads\/2024\/12\/BABOLAT-Padel-Pant-Men-Juan-Lebron-01.webp","width":1400,"height":1400,"caption":"BABOLAT Padel Pant Men Juan Lebr\u00f3n 01"},{"@type":"BreadcrumbList","@id":"https:\/\/padelzoco.es\/product\/pantalon-babolat-juan-lebron\/#breadcrumb","itemListElement":[{"@type":"ListItem","position":1,"name":"Home","item":"https:\/\/padelzoco.es\/"},{"@type":"ListItem","position":2,"name":"Padel Zoco","item":"https:\/\/padelzoco.es\/padel-zoco\/"},{"@type":"ListItem","position":3,"name":"Pantalon Babolat Juan Lebr\u00f3n"}]},{"@type":"WebSite","@id":"https:\/\/padelzoco.es\/#website","url":"https:\/\/padelzoco.es\/","name":"Padel Zoco","description":"Padel Zoco | Spain","publisher":{"@id":"https:\/\/padelzoco.es\/#organization"},"potentialAction":[{"@type":"SearchAction","target":{"@type":"EntryPoint","urlTemplate":"https:\/\/padelzoco.es\/?s={search_term_string}"},"query-input":{"@type":"PropertyValueSpecification","valueRequired":true,"valueName":"search_term_string"}}],"inLanguage":"en-GB"},{"@type":"Organization","@id":"https:\/\/padelzoco.es\/#organization","name":"Padel Zoco","url":"https:\/\/padelzoco.es\/","logo":{"@type":"ImageObject","inLanguage":"en-GB","@id":"https:\/\/padelzoco.es\/#\/schema\/logo\/image\/","url":"https:\/\/padelzoco.es\/wp-content\/uploads\/2023\/11\/PadelZoco_Logo_black_white.webp","contentUrl":"https:\/\/padelzoco.es\/wp-content\/uploads\/2023\/11\/PadelZoco_Logo_black_white.webp","width":1500,"height":631,"caption":"Padel Zoco"},"image":{"@id":"https:\/\/padelzoco.es\/#\/schema\/logo\/image\/"}}]}},"_links":{"self":[{"href":"https:\/\/padelzoco.es\/en\/wp-json\/wp\/v2\/product\/15029","targetHints":{"allow":["GET"]}}],"collection":[{"href":"https:\/\/padelzoco.es\/en\/wp-json\/wp\/v2\/product"}],"about":[{"href":"https:\/\/padelzoco.es\/en\/wp-json\/wp\/v2\/types\/product"}],"version-history":[{"count":3,"href":"https:\/\/padelzoco.es\/en\/wp-json\/wp\/v2\/product\/15029\/revisions"}],"predecessor-version":[{"id":29886,"href":"https:\/\/padelzoco.es\/en\/wp-json\/wp\/v2\/product\/15029\/revisions\/29886"}],"wp:featuredmedia":[{"embeddable":true,"href":"https:\/\/padelzoco.es\/en\/wp-json\/wp\/v2\/media\/15037"}],"wp:attachment":[{"href":"https:\/\/padelzoco.es\/en\/wp-json\/wp\/v2\/media?parent=15029"}],"wp:term":[{"taxonomy":"product_brand","embeddable":true,"href":"https:\/\/padelzoco.es\/en\/wp-json\/wp\/v2\/product_brand?post=15029"},{"taxonomy":"product_cat","embeddable":true,"href":"https:\/\/padelzoco.es\/en\/wp-json\/wp\/v2\/product_cat?post=15029"},{"taxonomy":"product_tag","embeddable":true,"href":"https:\/\/padelzoco.es\/en\/wp-json\/wp\/v2\/product_tag?post=15029"}],"curies":[{"name":"wp","href":"https:\/\/api.w.org\/{rel}","templated":true}]}}