{"id":15490,"date":"2024-12-25T12:52:46","date_gmt":"2024-12-25T11:52:46","guid":{"rendered":"https:\/\/adc06f55e9.nxcli.io\/?post_type=product&#038;p=15490"},"modified":"2026-04-30T19:17:36","modified_gmt":"2026-04-30T18:17:36","slug":"pala-padel-bullpadel-ionic-power-2025","status":"publish","type":"product","link":"https:\/\/padelzoco.es\/en\/product\/pala-padel-bullpadel-ionic-power-2025\/","title":{"rendered":"Bullpadel Ionic Power 2025 Padel Racket"},"content":{"rendered":"<p data-start=\"0\" data-end=\"301\">La pala de p\u00e1del IONIC POWER de <span class=\"hover:entity-accent entity-underline inline cursor-pointer align-baseline\"><span class=\"whitespace-normal\">Bullpadel<\/span><\/span> est\u00e1 dise\u00f1ada para jugadores de nivel medio y avanzado que buscan m\u00e1xima potencia sin perder manejabilidad. Su forma de diamante y balance alto favorecen un juego ofensivo, permitiendo golpes m\u00e1s contundentes y decisivos en la red.<\/p>\n<p data-start=\"303\" data-end=\"621\">Su n\u00facleo exterior de Glaphite, una combinaci\u00f3n de fibra de vidrio y carbono, aporta un excelente equilibrio entre flexibilidad y resistencia, mientras que el n\u00facleo interior Multieva optimiza la respuesta en diferentes intensidades de golpeo, ofreciendo potencia en golpes r\u00e1pidos y control en situaciones m\u00e1s suaves.<\/p>\n<p data-start=\"623\" data-end=\"928\">Caracter\u00edsticas destacadas:<br data-start=\"650\" data-end=\"653\" \/>Marca: <span class=\"hover:entity-accent entity-underline inline cursor-pointer align-baseline\"><span class=\"whitespace-normal\">Bullpadel<\/span><\/span><br data-start=\"697\" data-end=\"700\" \/>Modelo: Ionic Power<br data-start=\"719\" data-end=\"722\" data-is-only-node=\"\" \/>Shape: Diamond<br data-start=\"737\" data-end=\"740\" \/>Balance: High<br data-start=\"753\" data-end=\"756\" \/>Weight: 365-375 g<br data-start=\"771\" data-end=\"774\" \/>Profile: 38 mm<br data-start=\"787\" data-end=\"790\" \/>Outer core: Glaphite<br data-start=\"815\" data-end=\"818\" \/>Inner core: Multieva<br data-start=\"843\" data-end=\"846\" \/>Protector: No<br data-start=\"859\" data-end=\"862\" \/>Nivel de jugador: Medio \/ Avanzado<br data-start=\"896\" data-end=\"899\" \/>Potencia \/ Control: 90 \/ 80<\/p>","protected":false},"excerpt":{"rendered":"<p>The new Bullpadel IONIC POWER padel racket is a very manageable and effective racket on the court, with a diamond shape and high balance. It's designed for intermediate\/advanced players.<\/p>\n<ul>\n<li>Weight\u00a0<span class=\"s1\">Approximate<\/span>365-375 grams<\/li>\n<li>Balance: High<\/li>\n<li>Shape: Diamond<\/li>\n<li>Player level: Advanced<\/li>\n<\/ul>","protected":false},"featured_media":15494,"template":"","meta":[],"product_brand":[],"product_cat":[582,698,575,584,589,581,572,757,754],"product_tag":[],"class_list":{"0":"post-15490","1":"product","2":"type-product","3":"status-publish","4":"has-post-thumbnail","6":"product_cat-avanzado-palas","7":"product_cat-bullpadel-padel","8":"product_cat-bullpadel-palas","9":"product_cat-diamante-palas","10":"product_cat-hombre-palas","11":"product_cat-intermedio-palas","12":"product_cat-palas","13":"product_cat-palas-ofertas","14":"product_cat-rebajas","15":"pa_brand-bullpadel","16":"pa_gender-hombre","17":"pa_hs_code-134","19":"first","20":"instock","21":"sale","22":"taxable","23":"shipping-taxable","24":"purchasable","25":"product-type-simple"},"yoast_head":"<!-- This site is optimized with the Yoast SEO plugin v27.5 - https:\/\/yoast.com\/product\/yoast-seo-wordpress\/ -->\n<title>Pala Padel Bullpadel Ionic Power 2025 - Padel Zoco<\/title>\n<meta name=\"robots\" content=\"index, follow, max-snippet:-1, max-image-preview:large, max-video-preview:-1\" \/>\n<link rel=\"canonical\" href=\"https:\/\/padelzoco.es\/en\/product\/pala-padel-bullpadel-ionic-power-2025\/\" \/>\n<meta property=\"og:locale\" content=\"en_GB\" \/>\n<meta property=\"og:type\" content=\"article\" \/>\n<meta property=\"og:title\" content=\"Pala Padel Bullpadel Ionic Power 2025 - Padel Zoco\" \/>\n<meta property=\"og:description\" content=\"La nueva pala Bullpadel IONIC POWER, es una pala muy manejable y eficaz en la pista, con forma diamante y balance alto. Es una pala de p\u00e1del para jugadores de nivel Medio\/Avanzado.   Peso\u00a0aprox: 365-375 GRS.  Balance: Alto  Forma: Diamante  Jugador: Avanzado\" \/>\n<meta property=\"og:url\" content=\"https:\/\/padelzoco.es\/en\/product\/pala-padel-bullpadel-ionic-power-2025\/\" \/>\n<meta property=\"og:site_name\" content=\"Padel Zoco\" \/>\n<meta property=\"article:modified_time\" content=\"2026-04-30T18:17:36+00:00\" \/>\n<meta property=\"og:image\" content=\"https:\/\/padelzoco.es\/wp-content\/uploads\/2024\/12\/BULLPADEL-Racket-Ionic-Power-2025-01.webp\" \/>\n\t<meta property=\"og:image:width\" content=\"1400\" \/>\n\t<meta property=\"og:image:height\" content=\"1400\" \/>\n\t<meta property=\"og:image:type\" content=\"image\/webp\" \/>\n<meta name=\"twitter:card\" content=\"summary_large_image\" \/>\n<meta name=\"twitter:label1\" content=\"Estimated reading time\" \/>\n\t<meta name=\"twitter:data1\" content=\"1 minute\" \/>\n<script type=\"application\/ld+json\" class=\"yoast-schema-graph\">{\"@context\":\"https:\\\/\\\/schema.org\",\"@graph\":[{\"@type\":\"WebPage\",\"@id\":\"https:\\\/\\\/padelzoco.es\\\/product\\\/pala-padel-bullpadel-ionic-power-2025\\\/\",\"url\":\"https:\\\/\\\/padelzoco.es\\\/product\\\/pala-padel-bullpadel-ionic-power-2025\\\/\",\"name\":\"Pala Padel Bullpadel Ionic Power 2025 - Padel Zoco\",\"isPartOf\":{\"@id\":\"https:\\\/\\\/padelzoco.es\\\/#website\"},\"primaryImageOfPage\":{\"@id\":\"https:\\\/\\\/padelzoco.es\\\/product\\\/pala-padel-bullpadel-ionic-power-2025\\\/#primaryimage\"},\"image\":{\"@id\":\"https:\\\/\\\/padelzoco.es\\\/product\\\/pala-padel-bullpadel-ionic-power-2025\\\/#primaryimage\"},\"thumbnailUrl\":\"https:\\\/\\\/padelzoco.es\\\/wp-content\\\/uploads\\\/2024\\\/12\\\/BULLPADEL-Racket-Ionic-Power-2025-01.webp\",\"datePublished\":\"2024-12-25T11:52:46+00:00\",\"dateModified\":\"2026-04-30T18:17:36+00:00\",\"breadcrumb\":{\"@id\":\"https:\\\/\\\/padelzoco.es\\\/product\\\/pala-padel-bullpadel-ionic-power-2025\\\/#breadcrumb\"},\"inLanguage\":\"en-GB\",\"potentialAction\":[{\"@type\":\"ReadAction\",\"target\":[\"https:\\\/\\\/padelzoco.es\\\/product\\\/pala-padel-bullpadel-ionic-power-2025\\\/\"]}]},{\"@type\":\"ImageObject\",\"inLanguage\":\"en-GB\",\"@id\":\"https:\\\/\\\/padelzoco.es\\\/product\\\/pala-padel-bullpadel-ionic-power-2025\\\/#primaryimage\",\"url\":\"https:\\\/\\\/padelzoco.es\\\/wp-content\\\/uploads\\\/2024\\\/12\\\/BULLPADEL-Racket-Ionic-Power-2025-01.webp\",\"contentUrl\":\"https:\\\/\\\/padelzoco.es\\\/wp-content\\\/uploads\\\/2024\\\/12\\\/BULLPADEL-Racket-Ionic-Power-2025-01.webp\",\"width\":1400,\"height\":1400,\"caption\":\"BULLPADEL Racket Ionic Power 2025 01\"},{\"@type\":\"BreadcrumbList\",\"@id\":\"https:\\\/\\\/padelzoco.es\\\/product\\\/pala-padel-bullpadel-ionic-power-2025\\\/#breadcrumb\",\"itemListElement\":[{\"@type\":\"ListItem\",\"position\":1,\"name\":\"Home\",\"item\":\"https:\\\/\\\/padelzoco.es\\\/\"},{\"@type\":\"ListItem\",\"position\":2,\"name\":\"Padel Zoco\",\"item\":\"https:\\\/\\\/padelzoco.es\\\/padel-zoco\\\/\"},{\"@type\":\"ListItem\",\"position\":3,\"name\":\"Pala Padel Bullpadel Ionic Power 2025\"}]},{\"@type\":\"WebSite\",\"@id\":\"https:\\\/\\\/padelzoco.es\\\/#website\",\"url\":\"https:\\\/\\\/padelzoco.es\\\/\",\"name\":\"Padel Zoco\",\"description\":\"Padel Zoco | Spain\",\"publisher\":{\"@id\":\"https:\\\/\\\/padelzoco.es\\\/#organization\"},\"potentialAction\":[{\"@type\":\"SearchAction\",\"target\":{\"@type\":\"EntryPoint\",\"urlTemplate\":\"https:\\\/\\\/padelzoco.es\\\/?s={search_term_string}\"},\"query-input\":{\"@type\":\"PropertyValueSpecification\",\"valueRequired\":true,\"valueName\":\"search_term_string\"}}],\"inLanguage\":\"en-GB\"},{\"@type\":\"Organization\",\"@id\":\"https:\\\/\\\/padelzoco.es\\\/#organization\",\"name\":\"Padel Zoco\",\"url\":\"https:\\\/\\\/padelzoco.es\\\/\",\"logo\":{\"@type\":\"ImageObject\",\"inLanguage\":\"en-GB\",\"@id\":\"https:\\\/\\\/padelzoco.es\\\/#\\\/schema\\\/logo\\\/image\\\/\",\"url\":\"https:\\\/\\\/padelzoco.es\\\/wp-content\\\/uploads\\\/2023\\\/11\\\/PadelZoco_Logo_black_white.webp\",\"contentUrl\":\"https:\\\/\\\/padelzoco.es\\\/wp-content\\\/uploads\\\/2023\\\/11\\\/PadelZoco_Logo_black_white.webp\",\"width\":1500,\"height\":631,\"caption\":\"Padel Zoco\"},\"image\":{\"@id\":\"https:\\\/\\\/padelzoco.es\\\/#\\\/schema\\\/logo\\\/image\\\/\"}}]}<\/script>\n<!-- \/ Yoast SEO plugin. -->","yoast_head_json":{"title":"Pala Padel Bullpadel Ionic Power 2025 - Padel Zoco","robots":{"index":"index","follow":"follow","max-snippet":"max-snippet:-1","max-image-preview":"max-image-preview:large","max-video-preview":"max-video-preview:-1"},"canonical":"https:\/\/padelzoco.es\/en\/product\/pala-padel-bullpadel-ionic-power-2025\/","og_locale":"en_GB","og_type":"article","og_title":"Pala Padel Bullpadel Ionic Power 2025 - Padel Zoco","og_description":"La nueva pala Bullpadel IONIC POWER, es una pala muy manejable y eficaz en la pista, con forma diamante y balance alto. Es una pala de p\u00e1del para jugadores de nivel Medio\/Avanzado.   Peso\u00a0aprox: 365-375 GRS.  Balance: Alto  Forma: Diamante  Jugador: Avanzado","og_url":"https:\/\/padelzoco.es\/en\/product\/pala-padel-bullpadel-ionic-power-2025\/","og_site_name":"Padel Zoco","article_modified_time":"2026-04-30T18:17:36+00:00","og_image":[{"width":1400,"height":1400,"url":"https:\/\/padelzoco.es\/wp-content\/uploads\/2024\/12\/BULLPADEL-Racket-Ionic-Power-2025-01.webp","type":"image\/webp"}],"twitter_card":"summary_large_image","twitter_misc":{"Estimated reading time":"1 minute"},"schema":{"@context":"https:\/\/schema.org","@graph":[{"@type":"WebPage","@id":"https:\/\/padelzoco.es\/product\/pala-padel-bullpadel-ionic-power-2025\/","url":"https:\/\/padelzoco.es\/product\/pala-padel-bullpadel-ionic-power-2025\/","name":"Pala Padel Bullpadel Ionic Power 2025 - Padel Zoco","isPartOf":{"@id":"https:\/\/padelzoco.es\/#website"},"primaryImageOfPage":{"@id":"https:\/\/padelzoco.es\/product\/pala-padel-bullpadel-ionic-power-2025\/#primaryimage"},"image":{"@id":"https:\/\/padelzoco.es\/product\/pala-padel-bullpadel-ionic-power-2025\/#primaryimage"},"thumbnailUrl":"https:\/\/padelzoco.es\/wp-content\/uploads\/2024\/12\/BULLPADEL-Racket-Ionic-Power-2025-01.webp","datePublished":"2024-12-25T11:52:46+00:00","dateModified":"2026-04-30T18:17:36+00:00","breadcrumb":{"@id":"https:\/\/padelzoco.es\/product\/pala-padel-bullpadel-ionic-power-2025\/#breadcrumb"},"inLanguage":"en-GB","potentialAction":[{"@type":"ReadAction","target":["https:\/\/padelzoco.es\/product\/pala-padel-bullpadel-ionic-power-2025\/"]}]},{"@type":"ImageObject","inLanguage":"en-GB","@id":"https:\/\/padelzoco.es\/product\/pala-padel-bullpadel-ionic-power-2025\/#primaryimage","url":"https:\/\/padelzoco.es\/wp-content\/uploads\/2024\/12\/BULLPADEL-Racket-Ionic-Power-2025-01.webp","contentUrl":"https:\/\/padelzoco.es\/wp-content\/uploads\/2024\/12\/BULLPADEL-Racket-Ionic-Power-2025-01.webp","width":1400,"height":1400,"caption":"BULLPADEL Racket Ionic Power 2025 01"},{"@type":"BreadcrumbList","@id":"https:\/\/padelzoco.es\/product\/pala-padel-bullpadel-ionic-power-2025\/#breadcrumb","itemListElement":[{"@type":"ListItem","position":1,"name":"Home","item":"https:\/\/padelzoco.es\/"},{"@type":"ListItem","position":2,"name":"Padel Zoco","item":"https:\/\/padelzoco.es\/padel-zoco\/"},{"@type":"ListItem","position":3,"name":"Pala Padel Bullpadel Ionic Power 2025"}]},{"@type":"WebSite","@id":"https:\/\/padelzoco.es\/#website","url":"https:\/\/padelzoco.es\/","name":"Padel Zoco","description":"Padel Zoco | Spain","publisher":{"@id":"https:\/\/padelzoco.es\/#organization"},"potentialAction":[{"@type":"SearchAction","target":{"@type":"EntryPoint","urlTemplate":"https:\/\/padelzoco.es\/?s={search_term_string}"},"query-input":{"@type":"PropertyValueSpecification","valueRequired":true,"valueName":"search_term_string"}}],"inLanguage":"en-GB"},{"@type":"Organization","@id":"https:\/\/padelzoco.es\/#organization","name":"Padel Zoco","url":"https:\/\/padelzoco.es\/","logo":{"@type":"ImageObject","inLanguage":"en-GB","@id":"https:\/\/padelzoco.es\/#\/schema\/logo\/image\/","url":"https:\/\/padelzoco.es\/wp-content\/uploads\/2023\/11\/PadelZoco_Logo_black_white.webp","contentUrl":"https:\/\/padelzoco.es\/wp-content\/uploads\/2023\/11\/PadelZoco_Logo_black_white.webp","width":1500,"height":631,"caption":"Padel Zoco"},"image":{"@id":"https:\/\/padelzoco.es\/#\/schema\/logo\/image\/"}}]}},"_links":{"self":[{"href":"https:\/\/padelzoco.es\/en\/wp-json\/wp\/v2\/product\/15490","targetHints":{"allow":["GET"]}}],"collection":[{"href":"https:\/\/padelzoco.es\/en\/wp-json\/wp\/v2\/product"}],"about":[{"href":"https:\/\/padelzoco.es\/en\/wp-json\/wp\/v2\/types\/product"}],"version-history":[{"count":4,"href":"https:\/\/padelzoco.es\/en\/wp-json\/wp\/v2\/product\/15490\/revisions"}],"predecessor-version":[{"id":37627,"href":"https:\/\/padelzoco.es\/en\/wp-json\/wp\/v2\/product\/15490\/revisions\/37627"}],"wp:featuredmedia":[{"embeddable":true,"href":"https:\/\/padelzoco.es\/en\/wp-json\/wp\/v2\/media\/15494"}],"wp:attachment":[{"href":"https:\/\/padelzoco.es\/en\/wp-json\/wp\/v2\/media?parent=15490"}],"wp:term":[{"taxonomy":"product_brand","embeddable":true,"href":"https:\/\/padelzoco.es\/en\/wp-json\/wp\/v2\/product_brand?post=15490"},{"taxonomy":"product_cat","embeddable":true,"href":"https:\/\/padelzoco.es\/en\/wp-json\/wp\/v2\/product_cat?post=15490"},{"taxonomy":"product_tag","embeddable":true,"href":"https:\/\/padelzoco.es\/en\/wp-json\/wp\/v2\/product_tag?post=15490"}],"curies":[{"name":"wp","href":"https:\/\/api.w.org\/{rel}","templated":true}]}}