{"id":15536,"date":"2024-12-26T17:43:56","date_gmt":"2024-12-26T16:43:56","guid":{"rendered":"https:\/\/adc06f55e9.nxcli.io\/?post_type=product&#038;p=15536"},"modified":"2026-02-02T21:00:57","modified_gmt":"2026-02-02T20:00:57","slug":"zapatillas-asics-padel-solution-swift-ff-2-gris","status":"publish","type":"product","link":"https:\/\/padelzoco.es\/en\/product\/zapatillas-asics-padel-solution-swift-ff-2-gris\/","title":{"rendered":"Zapatillas Asics Padel Solution SWIFT FF 2 gris"},"content":{"rendered":"<p>The Asics SOLUTION SWIFT FF 2 Padel tennis shoes is built for speed and provides extra flexibility for an energised clay court experience. It\u2019s a great choice if you&#8217;re an all-court tennis player looking for a fast, flexible shoe.<\/p>\n<p>The shoe&#8217;s lightweight SPEEDTRUSS\u2122 technology speeds up forward movement. We&#8217;ve added a new two-piece PRECISION-SOLE\u2122 outsole to give you a lighter and more flexible feel, plus we&#8217;ve included our lightweight FLYTEFOAM\u2122 technology to support your fast footwork.<\/p>\n<p><strong>Tech &amp; Features<\/strong><\/p>\n<ul>\n<li>SPEEDTRUSS: Ensures flexibility so you can move faster to cover more ground on the court.<\/li>\n<\/ul>\n<ul>\n<li>PRECISION-SOLE: Provides improved grip and flexibility, allowing for effortless movement on the court.<\/li>\n<\/ul>\n<ul>\n<li>FLYTEFOAM: Keeps the shoe lightweight to allow ease of movement and provides cushioning for better shock absorption and a softer landing.<\/li>\n<\/ul>\n<ul>\n<li>Designed with the environment in mind<\/li>\n<\/ul>\n<p>We\u2019ve made the shoe\u2019s upper with recycled plastic. We&#8217;ve also used less water and reduced our carbon emissions while producing the shoe\u2019s sockliner and the insole, toe box, eyelet, tongue and collar lining are all made from recycled materials. Better for you, better for the environment.<\/p>\n<p>&nbsp;<\/p>","protected":false},"excerpt":{"rendered":"<p><strong>La zapatilla de tenis SOLUTION SWIFT FF\u2122 2<\/strong>\u00a0<strong>presenta un dise\u00f1o que ofrece mayor velocidad y flexibilidad para que sientas la m\u00e1xima energ\u00eda en pistas de tierra batida<\/strong><strong>.\u00a0<\/strong>Es la opci\u00f3n ideal para jugadores que se mueven por toda la pista y que buscan una zapatilla r\u00e1pida y flexible.<\/p>\n<p>La tecnolog\u00eda ligera SPEEDTRUSS\u2122 en la zapatilla acelera los movimientos hacia delante. Hemos a\u00f1adido una nueva suela PRECISION-SOLE\u2122 de dos piezas para ofrecer una sensaci\u00f3n m\u00e1s ligera y flexible. Tambi\u00e9n hemos incluido nuestra tecnolog\u00eda FLYTEFOAM\u2122 ligera para favorecer un juego de pies r\u00e1pido.<\/p>\n<p>\u00bfC\u00f3mo consigue la zapatilla SOLUTION SWIFT FF\u2122 2 aumentar la flexibilidad y agilizar los movimientos?<\/p>\n<ul>\n<li>La tecnolog\u00eda SPEEDTRUSS\u2122 es ligera y acelera los movimientos hacia delante.<\/li>\n<li>La nueva suela PRECISION-SOLE\u2122 garantiza la mejor combinaci\u00f3n de agarre y flexibilidad, lo que te ayuda a moverte con facilidad por toda la pista.<\/li>\n<li>La tecnolog\u00eda FLYTEFOAM\u2122 en la mediasuela aligera el peso de la zapatilla para permitir movimientos m\u00e1s r\u00e1pidos y fluidos.<\/li>\n<\/ul>","protected":false},"featured_media":15556,"template":"","meta":[],"product_brand":[],"product_cat":[597,599,592],"product_tag":[],"class_list":{"0":"post-15536","1":"product","2":"type-product","3":"status-publish","4":"has-post-thumbnail","6":"product_cat-asics-zapatillas","7":"product_cat-hombre-zapatillas","8":"product_cat-zapatillas","9":"pa_brand-asics","10":"pa_color-blue","11":"pa_gender-hombre","12":"pa_hs_code-87","13":"pa_shoes-size-41-5","14":"pa_shoes-size-89","15":"pa_shoes-size-42-5","16":"pa_shoes-size-43-5","17":"pa_shoes-size-82","18":"pa_shoes-size-44-5","19":"pa_shoes-size-84","20":"pa_shoes-size-85","21":"pa_shoes-size-46-5","22":"pa_shoes-size-304","23":"pa_shoes-size-678","25":"first","26":"outofstock","27":"taxable","28":"shipping-taxable","29":"product-type-variable"},"yoast_head":"<!-- This site is optimized with the Yoast SEO plugin v27.3 - https:\/\/yoast.com\/product\/yoast-seo-wordpress\/ -->\n<title>Zapatillas Asics Padel Solution SWIFT FF 2 gris - Padel Zoco<\/title>\n<meta name=\"robots\" content=\"index, follow, max-snippet:-1, max-image-preview:large, max-video-preview:-1\" \/>\n<link rel=\"canonical\" href=\"https:\/\/padelzoco.es\/en\/product\/zapatillas-asics-padel-solution-swift-ff-2-gris\/\" \/>\n<meta property=\"og:locale\" content=\"en_GB\" \/>\n<meta property=\"og:type\" content=\"article\" \/>\n<meta property=\"og:title\" content=\"Zapatillas Asics Padel Solution SWIFT FF 2 gris - Padel Zoco\" \/>\n<meta property=\"og:description\" content=\"La zapatilla de tenis SOLUTION SWIFT FF\u2122 2\u00a0presenta un dise\u00f1o que ofrece mayor velocidad y flexibilidad para que sientas la m\u00e1xima energ\u00eda en pistas de tierra batida.\u00a0Es la opci\u00f3n ideal para jugadores que se mueven por toda la pista y que buscan una zapatilla r\u00e1pida y flexible.  La tecnolog\u00eda ligera SPEEDTRUSS\u2122 en la zapatilla acelera los movimientos hacia delante. Hemos a\u00f1adido una nueva suela PRECISION-SOLE\u2122 de dos piezas para ofrecer una sensaci\u00f3n m\u00e1s ligera y flexible. Tambi\u00e9n hemos incluido nuestra tecnolog\u00eda FLYTEFOAM\u2122 ligera para favorecer un juego de pies r\u00e1pido.  \u00bfC\u00f3mo consigue la zapatilla SOLUTION SWIFT FF\u2122 2 aumentar la flexibilidad y agilizar los movimientos?   La tecnolog\u00eda SPEEDTRUSS\u2122 es ligera y acelera los movimientos hacia delante.  La nueva suela PRECISION-SOLE\u2122 garantiza la mejor combinaci\u00f3n de agarre y flexibilidad, lo que te ayuda a moverte con facilidad por toda la pista.  La tecnolog\u00eda FLYTEFOAM\u2122 en la mediasuela aligera el peso de la zapatilla para permitir movimientos m\u00e1s r\u00e1pidos y fluidos.\" \/>\n<meta property=\"og:url\" content=\"https:\/\/padelzoco.es\/en\/product\/zapatillas-asics-padel-solution-swift-ff-2-gris\/\" \/>\n<meta property=\"og:site_name\" content=\"Padel Zoco\" \/>\n<meta property=\"article:modified_time\" content=\"2026-02-02T20:00:57+00:00\" \/>\n<meta property=\"og:image\" content=\"https:\/\/padelzoco.es\/wp-content\/uploads\/2024\/12\/ASICCS-Padel-Shoes-Solution-Swift-FF-2-01.webp\" \/>\n\t<meta property=\"og:image:width\" content=\"1400\" \/>\n\t<meta property=\"og:image:height\" content=\"1400\" \/>\n\t<meta property=\"og:image:type\" content=\"image\/webp\" \/>\n<meta name=\"twitter:card\" content=\"summary_large_image\" \/>\n<meta name=\"twitter:label1\" content=\"Estimated reading time\" \/>\n\t<meta name=\"twitter:data1\" content=\"2 minutes\" \/>\n<script type=\"application\/ld+json\" class=\"yoast-schema-graph\">{\"@context\":\"https:\\\/\\\/schema.org\",\"@graph\":[{\"@type\":\"WebPage\",\"@id\":\"https:\\\/\\\/padelzoco.es\\\/product\\\/zapatillas-asics-padel-solution-swift-ff-2-gris\\\/\",\"url\":\"https:\\\/\\\/padelzoco.es\\\/product\\\/zapatillas-asics-padel-solution-swift-ff-2-gris\\\/\",\"name\":\"Zapatillas Asics Padel Solution SWIFT FF 2 gris - Padel Zoco\",\"isPartOf\":{\"@id\":\"https:\\\/\\\/padelzoco.es\\\/#website\"},\"primaryImageOfPage\":{\"@id\":\"https:\\\/\\\/padelzoco.es\\\/product\\\/zapatillas-asics-padel-solution-swift-ff-2-gris\\\/#primaryimage\"},\"image\":{\"@id\":\"https:\\\/\\\/padelzoco.es\\\/product\\\/zapatillas-asics-padel-solution-swift-ff-2-gris\\\/#primaryimage\"},\"thumbnailUrl\":\"https:\\\/\\\/padelzoco.es\\\/wp-content\\\/uploads\\\/2024\\\/12\\\/ASICCS-Padel-Shoes-Solution-Swift-FF-2-01.webp\",\"datePublished\":\"2024-12-26T16:43:56+00:00\",\"dateModified\":\"2026-02-02T20:00:57+00:00\",\"breadcrumb\":{\"@id\":\"https:\\\/\\\/padelzoco.es\\\/product\\\/zapatillas-asics-padel-solution-swift-ff-2-gris\\\/#breadcrumb\"},\"inLanguage\":\"en-GB\",\"potentialAction\":[{\"@type\":\"ReadAction\",\"target\":[\"https:\\\/\\\/padelzoco.es\\\/product\\\/zapatillas-asics-padel-solution-swift-ff-2-gris\\\/\"]}]},{\"@type\":\"ImageObject\",\"inLanguage\":\"en-GB\",\"@id\":\"https:\\\/\\\/padelzoco.es\\\/product\\\/zapatillas-asics-padel-solution-swift-ff-2-gris\\\/#primaryimage\",\"url\":\"https:\\\/\\\/padelzoco.es\\\/wp-content\\\/uploads\\\/2024\\\/12\\\/ASICCS-Padel-Shoes-Solution-Swift-FF-2-01.webp\",\"contentUrl\":\"https:\\\/\\\/padelzoco.es\\\/wp-content\\\/uploads\\\/2024\\\/12\\\/ASICCS-Padel-Shoes-Solution-Swift-FF-2-01.webp\",\"width\":1400,\"height\":1400,\"caption\":\"ASICCS Padel Shoes Solution Swift FF 2 01\"},{\"@type\":\"BreadcrumbList\",\"@id\":\"https:\\\/\\\/padelzoco.es\\\/product\\\/zapatillas-asics-padel-solution-swift-ff-2-gris\\\/#breadcrumb\",\"itemListElement\":[{\"@type\":\"ListItem\",\"position\":1,\"name\":\"Home\",\"item\":\"https:\\\/\\\/padelzoco.es\\\/\"},{\"@type\":\"ListItem\",\"position\":2,\"name\":\"Padel Zoco\",\"item\":\"https:\\\/\\\/padelzoco.es\\\/padel-zoco\\\/\"},{\"@type\":\"ListItem\",\"position\":3,\"name\":\"Zapatillas Asics Padel Solution SWIFT FF 2 gris\"}]},{\"@type\":\"WebSite\",\"@id\":\"https:\\\/\\\/padelzoco.es\\\/#website\",\"url\":\"https:\\\/\\\/padelzoco.es\\\/\",\"name\":\"Padel Zoco\",\"description\":\"Padel Zoco | Spain\",\"publisher\":{\"@id\":\"https:\\\/\\\/padelzoco.es\\\/#organization\"},\"potentialAction\":[{\"@type\":\"SearchAction\",\"target\":{\"@type\":\"EntryPoint\",\"urlTemplate\":\"https:\\\/\\\/padelzoco.es\\\/?s={search_term_string}\"},\"query-input\":{\"@type\":\"PropertyValueSpecification\",\"valueRequired\":true,\"valueName\":\"search_term_string\"}}],\"inLanguage\":\"en-GB\"},{\"@type\":\"Organization\",\"@id\":\"https:\\\/\\\/padelzoco.es\\\/#organization\",\"name\":\"Padel Zoco\",\"url\":\"https:\\\/\\\/padelzoco.es\\\/\",\"logo\":{\"@type\":\"ImageObject\",\"inLanguage\":\"en-GB\",\"@id\":\"https:\\\/\\\/padelzoco.es\\\/#\\\/schema\\\/logo\\\/image\\\/\",\"url\":\"https:\\\/\\\/padelzoco.es\\\/wp-content\\\/uploads\\\/2023\\\/11\\\/PadelZoco_Logo_black_white.webp\",\"contentUrl\":\"https:\\\/\\\/padelzoco.es\\\/wp-content\\\/uploads\\\/2023\\\/11\\\/PadelZoco_Logo_black_white.webp\",\"width\":1500,\"height\":631,\"caption\":\"Padel Zoco\"},\"image\":{\"@id\":\"https:\\\/\\\/padelzoco.es\\\/#\\\/schema\\\/logo\\\/image\\\/\"}}]}<\/script>\n<!-- \/ Yoast SEO plugin. -->","yoast_head_json":{"title":"Zapatillas Asics Padel Solution SWIFT FF 2 gris - Padel Zoco","robots":{"index":"index","follow":"follow","max-snippet":"max-snippet:-1","max-image-preview":"max-image-preview:large","max-video-preview":"max-video-preview:-1"},"canonical":"https:\/\/padelzoco.es\/en\/product\/zapatillas-asics-padel-solution-swift-ff-2-gris\/","og_locale":"en_GB","og_type":"article","og_title":"Zapatillas Asics Padel Solution SWIFT FF 2 gris - Padel Zoco","og_description":"La zapatilla de tenis SOLUTION SWIFT FF\u2122 2\u00a0presenta un dise\u00f1o que ofrece mayor velocidad y flexibilidad para que sientas la m\u00e1xima energ\u00eda en pistas de tierra batida.\u00a0Es la opci\u00f3n ideal para jugadores que se mueven por toda la pista y que buscan una zapatilla r\u00e1pida y flexible.  La tecnolog\u00eda ligera SPEEDTRUSS\u2122 en la zapatilla acelera los movimientos hacia delante. Hemos a\u00f1adido una nueva suela PRECISION-SOLE\u2122 de dos piezas para ofrecer una sensaci\u00f3n m\u00e1s ligera y flexible. Tambi\u00e9n hemos incluido nuestra tecnolog\u00eda FLYTEFOAM\u2122 ligera para favorecer un juego de pies r\u00e1pido.  \u00bfC\u00f3mo consigue la zapatilla SOLUTION SWIFT FF\u2122 2 aumentar la flexibilidad y agilizar los movimientos?   La tecnolog\u00eda SPEEDTRUSS\u2122 es ligera y acelera los movimientos hacia delante.  La nueva suela PRECISION-SOLE\u2122 garantiza la mejor combinaci\u00f3n de agarre y flexibilidad, lo que te ayuda a moverte con facilidad por toda la pista.  La tecnolog\u00eda FLYTEFOAM\u2122 en la mediasuela aligera el peso de la zapatilla para permitir movimientos m\u00e1s r\u00e1pidos y fluidos.","og_url":"https:\/\/padelzoco.es\/en\/product\/zapatillas-asics-padel-solution-swift-ff-2-gris\/","og_site_name":"Padel Zoco","article_modified_time":"2026-02-02T20:00:57+00:00","og_image":[{"width":1400,"height":1400,"url":"https:\/\/padelzoco.es\/wp-content\/uploads\/2024\/12\/ASICCS-Padel-Shoes-Solution-Swift-FF-2-01.webp","type":"image\/webp"}],"twitter_card":"summary_large_image","twitter_misc":{"Estimated reading time":"2 minutes"},"schema":{"@context":"https:\/\/schema.org","@graph":[{"@type":"WebPage","@id":"https:\/\/padelzoco.es\/product\/zapatillas-asics-padel-solution-swift-ff-2-gris\/","url":"https:\/\/padelzoco.es\/product\/zapatillas-asics-padel-solution-swift-ff-2-gris\/","name":"Zapatillas Asics Padel Solution SWIFT FF 2 gris - Padel Zoco","isPartOf":{"@id":"https:\/\/padelzoco.es\/#website"},"primaryImageOfPage":{"@id":"https:\/\/padelzoco.es\/product\/zapatillas-asics-padel-solution-swift-ff-2-gris\/#primaryimage"},"image":{"@id":"https:\/\/padelzoco.es\/product\/zapatillas-asics-padel-solution-swift-ff-2-gris\/#primaryimage"},"thumbnailUrl":"https:\/\/padelzoco.es\/wp-content\/uploads\/2024\/12\/ASICCS-Padel-Shoes-Solution-Swift-FF-2-01.webp","datePublished":"2024-12-26T16:43:56+00:00","dateModified":"2026-02-02T20:00:57+00:00","breadcrumb":{"@id":"https:\/\/padelzoco.es\/product\/zapatillas-asics-padel-solution-swift-ff-2-gris\/#breadcrumb"},"inLanguage":"en-GB","potentialAction":[{"@type":"ReadAction","target":["https:\/\/padelzoco.es\/product\/zapatillas-asics-padel-solution-swift-ff-2-gris\/"]}]},{"@type":"ImageObject","inLanguage":"en-GB","@id":"https:\/\/padelzoco.es\/product\/zapatillas-asics-padel-solution-swift-ff-2-gris\/#primaryimage","url":"https:\/\/padelzoco.es\/wp-content\/uploads\/2024\/12\/ASICCS-Padel-Shoes-Solution-Swift-FF-2-01.webp","contentUrl":"https:\/\/padelzoco.es\/wp-content\/uploads\/2024\/12\/ASICCS-Padel-Shoes-Solution-Swift-FF-2-01.webp","width":1400,"height":1400,"caption":"ASICCS Padel Shoes Solution Swift FF 2 01"},{"@type":"BreadcrumbList","@id":"https:\/\/padelzoco.es\/product\/zapatillas-asics-padel-solution-swift-ff-2-gris\/#breadcrumb","itemListElement":[{"@type":"ListItem","position":1,"name":"Home","item":"https:\/\/padelzoco.es\/"},{"@type":"ListItem","position":2,"name":"Padel Zoco","item":"https:\/\/padelzoco.es\/padel-zoco\/"},{"@type":"ListItem","position":3,"name":"Zapatillas Asics Padel Solution SWIFT FF 2 gris"}]},{"@type":"WebSite","@id":"https:\/\/padelzoco.es\/#website","url":"https:\/\/padelzoco.es\/","name":"Padel Zoco","description":"Padel Zoco | Spain","publisher":{"@id":"https:\/\/padelzoco.es\/#organization"},"potentialAction":[{"@type":"SearchAction","target":{"@type":"EntryPoint","urlTemplate":"https:\/\/padelzoco.es\/?s={search_term_string}"},"query-input":{"@type":"PropertyValueSpecification","valueRequired":true,"valueName":"search_term_string"}}],"inLanguage":"en-GB"},{"@type":"Organization","@id":"https:\/\/padelzoco.es\/#organization","name":"Padel Zoco","url":"https:\/\/padelzoco.es\/","logo":{"@type":"ImageObject","inLanguage":"en-GB","@id":"https:\/\/padelzoco.es\/#\/schema\/logo\/image\/","url":"https:\/\/padelzoco.es\/wp-content\/uploads\/2023\/11\/PadelZoco_Logo_black_white.webp","contentUrl":"https:\/\/padelzoco.es\/wp-content\/uploads\/2023\/11\/PadelZoco_Logo_black_white.webp","width":1500,"height":631,"caption":"Padel Zoco"},"image":{"@id":"https:\/\/padelzoco.es\/#\/schema\/logo\/image\/"}}]}},"_links":{"self":[{"href":"https:\/\/padelzoco.es\/en\/wp-json\/wp\/v2\/product\/15536","targetHints":{"allow":["GET"]}}],"collection":[{"href":"https:\/\/padelzoco.es\/en\/wp-json\/wp\/v2\/product"}],"about":[{"href":"https:\/\/padelzoco.es\/en\/wp-json\/wp\/v2\/types\/product"}],"version-history":[{"count":2,"href":"https:\/\/padelzoco.es\/en\/wp-json\/wp\/v2\/product\/15536\/revisions"}],"predecessor-version":[{"id":27689,"href":"https:\/\/padelzoco.es\/en\/wp-json\/wp\/v2\/product\/15536\/revisions\/27689"}],"wp:featuredmedia":[{"embeddable":true,"href":"https:\/\/padelzoco.es\/en\/wp-json\/wp\/v2\/media\/15556"}],"wp:attachment":[{"href":"https:\/\/padelzoco.es\/en\/wp-json\/wp\/v2\/media?parent=15536"}],"wp:term":[{"taxonomy":"product_brand","embeddable":true,"href":"https:\/\/padelzoco.es\/en\/wp-json\/wp\/v2\/product_brand?post=15536"},{"taxonomy":"product_cat","embeddable":true,"href":"https:\/\/padelzoco.es\/en\/wp-json\/wp\/v2\/product_cat?post=15536"},{"taxonomy":"product_tag","embeddable":true,"href":"https:\/\/padelzoco.es\/en\/wp-json\/wp\/v2\/product_tag?post=15536"}],"curies":[{"name":"wp","href":"https:\/\/api.w.org\/{rel}","templated":true}]}}