{"id":16073,"date":"2025-01-14T10:39:27","date_gmt":"2025-01-14T09:39:27","guid":{"rendered":"https:\/\/adc06f55e9.nxcli.io\/?post_type=product&#038;p=16073"},"modified":"2026-02-05T18:41:12","modified_gmt":"2026-02-05T17:41:12","slug":"zapatillas-nox-at10-pro-2025-blanco","status":"publish","type":"product","link":"https:\/\/padelzoco.es\/en\/product\/zapatillas-nox-at10-pro-2025-blanco\/","title":{"rendered":"NOX AT10 PRO 2025 Padel Shoes White"},"content":{"rendered":"","protected":false},"excerpt":{"rendered":"<p>Experience the revolution in padel footwear with the NOX AT10 PRO 2025 White. Designed for the most demanding players, these shoes incorporate the latest technology to enhance your performance on and off the court.<\/p>\n<p>Chosen by Premier Padel's number one player, Agust\u00edn Tapia, the AT10 PRO 2025 offers unparalleled comfort and support. Clinically endorsed by leading podiatrists, these shoes prioritize player health and minimize the risk of injury.<\/p>\n<p>Dominate the court with confidence. The NOX AT10 PRO 2025 offers the perfect combination of power, agility, and comfort for peak performance in every match.<\/p>","protected":false},"featured_media":16115,"template":"","meta":[],"product_brand":[],"product_cat":[599,594,592],"product_tag":[295,296,45],"class_list":{"0":"post-16073","1":"product","2":"type-product","3":"status-publish","4":"has-post-thumbnail","6":"product_cat-hombre-zapatillas","7":"product_cat-nox-zapatillas","8":"product_cat-zapatillas","9":"product_tag-nox-padel-shoes","10":"product_tag-nox-shoes","11":"product_tag-padel-shoes","12":"pa_brand-nox","13":"pa_gender-hombre","14":"pa_gender-mujer","15":"pa_hs_code-87","16":"pa_shoes-size-727","17":"pa_shoes-size-726","18":"pa_shoes-size-725","19":"pa_shoes-size-302","20":"pa_shoes-size-303","21":"pa_shoes-size-80","22":"pa_shoes-size-89","23":"pa_shoes-size-81","24":"pa_shoes-size-82","25":"pa_shoes-size-84","26":"pa_shoes-size-85","27":"pa_shoes-size-304","29":"first","30":"instock","31":"sale","32":"taxable","33":"shipping-taxable","34":"purchasable","35":"product-type-variable"},"yoast_head":"<!-- This site is optimized with the Yoast SEO plugin v27.3 - https:\/\/yoast.com\/product\/yoast-seo-wordpress\/ -->\n<title>Zapatillas NOX AT10 PRO 2025 Blanco - Padel Zoco<\/title>\n<meta name=\"description\" content=\"Las NOX AT10 PRO 2025 Blanco son las zapatillas de Agust\u00edn Tapia, dise\u00f1adas para ofrecer el m\u00e1ximo rendimiento, comodidad y protecci\u00f3n en cada partido.\" \/>\n<meta name=\"robots\" content=\"index, follow, max-snippet:-1, max-image-preview:large, max-video-preview:-1\" \/>\n<link rel=\"canonical\" href=\"https:\/\/padelzoco.es\/en\/product\/zapatillas-nox-at10-pro-2025-blanco\/\" \/>\n<meta property=\"og:locale\" content=\"en_GB\" \/>\n<meta property=\"og:type\" content=\"article\" \/>\n<meta property=\"og:title\" content=\"Zapatillas NOX AT10 PRO 2025 Blanco - Padel Zoco\" \/>\n<meta property=\"og:description\" content=\"Las NOX AT10 PRO 2025 Blanco son las zapatillas de Agust\u00edn Tapia, dise\u00f1adas para ofrecer el m\u00e1ximo rendimiento, comodidad y protecci\u00f3n en cada partido.\" \/>\n<meta property=\"og:url\" content=\"https:\/\/padelzoco.es\/en\/product\/zapatillas-nox-at10-pro-2025-blanco\/\" \/>\n<meta property=\"og:site_name\" content=\"Padel Zoco\" \/>\n<meta property=\"article:modified_time\" content=\"2026-02-05T17:41:12+00:00\" \/>\n<meta property=\"og:image\" content=\"https:\/\/padelzoco.es\/wp-content\/uploads\/2025\/01\/NOX-AT10-PRO-Padel-Shoes-2025-White-01.webp\" \/>\n\t<meta property=\"og:image:width\" content=\"1400\" \/>\n\t<meta property=\"og:image:height\" content=\"1400\" \/>\n\t<meta property=\"og:image:type\" content=\"image\/webp\" \/>\n<meta name=\"twitter:card\" content=\"summary_large_image\" \/>\n<meta name=\"twitter:label1\" content=\"Estimated reading time\" \/>\n\t<meta name=\"twitter:data1\" content=\"1 minute\" \/>\n<script type=\"application\/ld+json\" class=\"yoast-schema-graph\">{\"@context\":\"https:\\\/\\\/schema.org\",\"@graph\":[{\"@type\":\"WebPage\",\"@id\":\"https:\\\/\\\/padelzoco.es\\\/product\\\/zapatillas-nox-at10-pro-2025-blanco\\\/\",\"url\":\"https:\\\/\\\/padelzoco.es\\\/product\\\/zapatillas-nox-at10-pro-2025-blanco\\\/\",\"name\":\"Zapatillas NOX AT10 PRO 2025 Blanco - Padel Zoco\",\"isPartOf\":{\"@id\":\"https:\\\/\\\/padelzoco.es\\\/#website\"},\"primaryImageOfPage\":{\"@id\":\"https:\\\/\\\/padelzoco.es\\\/product\\\/zapatillas-nox-at10-pro-2025-blanco\\\/#primaryimage\"},\"image\":{\"@id\":\"https:\\\/\\\/padelzoco.es\\\/product\\\/zapatillas-nox-at10-pro-2025-blanco\\\/#primaryimage\"},\"thumbnailUrl\":\"https:\\\/\\\/padelzoco.es\\\/wp-content\\\/uploads\\\/2025\\\/01\\\/NOX-AT10-PRO-Padel-Shoes-2025-White-01.webp\",\"datePublished\":\"2025-01-14T09:39:27+00:00\",\"dateModified\":\"2026-02-05T17:41:12+00:00\",\"description\":\"Las NOX AT10 PRO 2025 Blanco son las zapatillas de Agust\u00edn Tapia, dise\u00f1adas para ofrecer el m\u00e1ximo rendimiento, comodidad y protecci\u00f3n en cada partido.\",\"breadcrumb\":{\"@id\":\"https:\\\/\\\/padelzoco.es\\\/product\\\/zapatillas-nox-at10-pro-2025-blanco\\\/#breadcrumb\"},\"inLanguage\":\"en-GB\",\"potentialAction\":[{\"@type\":\"ReadAction\",\"target\":[\"https:\\\/\\\/padelzoco.es\\\/product\\\/zapatillas-nox-at10-pro-2025-blanco\\\/\"]}]},{\"@type\":\"ImageObject\",\"inLanguage\":\"en-GB\",\"@id\":\"https:\\\/\\\/padelzoco.es\\\/product\\\/zapatillas-nox-at10-pro-2025-blanco\\\/#primaryimage\",\"url\":\"https:\\\/\\\/padelzoco.es\\\/wp-content\\\/uploads\\\/2025\\\/01\\\/NOX-AT10-PRO-Padel-Shoes-2025-White-01.webp\",\"contentUrl\":\"https:\\\/\\\/padelzoco.es\\\/wp-content\\\/uploads\\\/2025\\\/01\\\/NOX-AT10-PRO-Padel-Shoes-2025-White-01.webp\",\"width\":1400,\"height\":1400},{\"@type\":\"BreadcrumbList\",\"@id\":\"https:\\\/\\\/padelzoco.es\\\/product\\\/zapatillas-nox-at10-pro-2025-blanco\\\/#breadcrumb\",\"itemListElement\":[{\"@type\":\"ListItem\",\"position\":1,\"name\":\"Home\",\"item\":\"https:\\\/\\\/padelzoco.es\\\/\"},{\"@type\":\"ListItem\",\"position\":2,\"name\":\"Padel Zoco\",\"item\":\"https:\\\/\\\/padelzoco.es\\\/padel-zoco\\\/\"},{\"@type\":\"ListItem\",\"position\":3,\"name\":\"Zapatillas NOX AT10 PRO 2025 Blanco\"}]},{\"@type\":\"WebSite\",\"@id\":\"https:\\\/\\\/padelzoco.es\\\/#website\",\"url\":\"https:\\\/\\\/padelzoco.es\\\/\",\"name\":\"Padel Zoco\",\"description\":\"Padel Zoco | Spain\",\"publisher\":{\"@id\":\"https:\\\/\\\/padelzoco.es\\\/#organization\"},\"potentialAction\":[{\"@type\":\"SearchAction\",\"target\":{\"@type\":\"EntryPoint\",\"urlTemplate\":\"https:\\\/\\\/padelzoco.es\\\/?s={search_term_string}\"},\"query-input\":{\"@type\":\"PropertyValueSpecification\",\"valueRequired\":true,\"valueName\":\"search_term_string\"}}],\"inLanguage\":\"en-GB\"},{\"@type\":\"Organization\",\"@id\":\"https:\\\/\\\/padelzoco.es\\\/#organization\",\"name\":\"Padel Zoco\",\"url\":\"https:\\\/\\\/padelzoco.es\\\/\",\"logo\":{\"@type\":\"ImageObject\",\"inLanguage\":\"en-GB\",\"@id\":\"https:\\\/\\\/padelzoco.es\\\/#\\\/schema\\\/logo\\\/image\\\/\",\"url\":\"https:\\\/\\\/padelzoco.es\\\/wp-content\\\/uploads\\\/2023\\\/11\\\/PadelZoco_Logo_black_white.webp\",\"contentUrl\":\"https:\\\/\\\/padelzoco.es\\\/wp-content\\\/uploads\\\/2023\\\/11\\\/PadelZoco_Logo_black_white.webp\",\"width\":1500,\"height\":631,\"caption\":\"Padel Zoco\"},\"image\":{\"@id\":\"https:\\\/\\\/padelzoco.es\\\/#\\\/schema\\\/logo\\\/image\\\/\"}}]}<\/script>\n<!-- \/ Yoast SEO plugin. -->","yoast_head_json":{"title":"Zapatillas NOX AT10 PRO 2025 Blanco - Padel Zoco","description":"Las NOX AT10 PRO 2025 Blanco son las zapatillas de Agust\u00edn Tapia, dise\u00f1adas para ofrecer el m\u00e1ximo rendimiento, comodidad y protecci\u00f3n en cada partido.","robots":{"index":"index","follow":"follow","max-snippet":"max-snippet:-1","max-image-preview":"max-image-preview:large","max-video-preview":"max-video-preview:-1"},"canonical":"https:\/\/padelzoco.es\/en\/product\/zapatillas-nox-at10-pro-2025-blanco\/","og_locale":"en_GB","og_type":"article","og_title":"Zapatillas NOX AT10 PRO 2025 Blanco - Padel Zoco","og_description":"Las NOX AT10 PRO 2025 Blanco son las zapatillas de Agust\u00edn Tapia, dise\u00f1adas para ofrecer el m\u00e1ximo rendimiento, comodidad y protecci\u00f3n en cada partido.","og_url":"https:\/\/padelzoco.es\/en\/product\/zapatillas-nox-at10-pro-2025-blanco\/","og_site_name":"Padel Zoco","article_modified_time":"2026-02-05T17:41:12+00:00","og_image":[{"width":1400,"height":1400,"url":"https:\/\/padelzoco.es\/wp-content\/uploads\/2025\/01\/NOX-AT10-PRO-Padel-Shoes-2025-White-01.webp","type":"image\/webp"}],"twitter_card":"summary_large_image","twitter_misc":{"Estimated reading time":"1 minute"},"schema":{"@context":"https:\/\/schema.org","@graph":[{"@type":"WebPage","@id":"https:\/\/padelzoco.es\/product\/zapatillas-nox-at10-pro-2025-blanco\/","url":"https:\/\/padelzoco.es\/product\/zapatillas-nox-at10-pro-2025-blanco\/","name":"Zapatillas NOX AT10 PRO 2025 Blanco - Padel Zoco","isPartOf":{"@id":"https:\/\/padelzoco.es\/#website"},"primaryImageOfPage":{"@id":"https:\/\/padelzoco.es\/product\/zapatillas-nox-at10-pro-2025-blanco\/#primaryimage"},"image":{"@id":"https:\/\/padelzoco.es\/product\/zapatillas-nox-at10-pro-2025-blanco\/#primaryimage"},"thumbnailUrl":"https:\/\/padelzoco.es\/wp-content\/uploads\/2025\/01\/NOX-AT10-PRO-Padel-Shoes-2025-White-01.webp","datePublished":"2025-01-14T09:39:27+00:00","dateModified":"2026-02-05T17:41:12+00:00","description":"Las NOX AT10 PRO 2025 Blanco son las zapatillas de Agust\u00edn Tapia, dise\u00f1adas para ofrecer el m\u00e1ximo rendimiento, comodidad y protecci\u00f3n en cada partido.","breadcrumb":{"@id":"https:\/\/padelzoco.es\/product\/zapatillas-nox-at10-pro-2025-blanco\/#breadcrumb"},"inLanguage":"en-GB","potentialAction":[{"@type":"ReadAction","target":["https:\/\/padelzoco.es\/product\/zapatillas-nox-at10-pro-2025-blanco\/"]}]},{"@type":"ImageObject","inLanguage":"en-GB","@id":"https:\/\/padelzoco.es\/product\/zapatillas-nox-at10-pro-2025-blanco\/#primaryimage","url":"https:\/\/padelzoco.es\/wp-content\/uploads\/2025\/01\/NOX-AT10-PRO-Padel-Shoes-2025-White-01.webp","contentUrl":"https:\/\/padelzoco.es\/wp-content\/uploads\/2025\/01\/NOX-AT10-PRO-Padel-Shoes-2025-White-01.webp","width":1400,"height":1400},{"@type":"BreadcrumbList","@id":"https:\/\/padelzoco.es\/product\/zapatillas-nox-at10-pro-2025-blanco\/#breadcrumb","itemListElement":[{"@type":"ListItem","position":1,"name":"Home","item":"https:\/\/padelzoco.es\/"},{"@type":"ListItem","position":2,"name":"Padel Zoco","item":"https:\/\/padelzoco.es\/padel-zoco\/"},{"@type":"ListItem","position":3,"name":"Zapatillas NOX AT10 PRO 2025 Blanco"}]},{"@type":"WebSite","@id":"https:\/\/padelzoco.es\/#website","url":"https:\/\/padelzoco.es\/","name":"Padel Zoco","description":"Padel Zoco | Spain","publisher":{"@id":"https:\/\/padelzoco.es\/#organization"},"potentialAction":[{"@type":"SearchAction","target":{"@type":"EntryPoint","urlTemplate":"https:\/\/padelzoco.es\/?s={search_term_string}"},"query-input":{"@type":"PropertyValueSpecification","valueRequired":true,"valueName":"search_term_string"}}],"inLanguage":"en-GB"},{"@type":"Organization","@id":"https:\/\/padelzoco.es\/#organization","name":"Padel Zoco","url":"https:\/\/padelzoco.es\/","logo":{"@type":"ImageObject","inLanguage":"en-GB","@id":"https:\/\/padelzoco.es\/#\/schema\/logo\/image\/","url":"https:\/\/padelzoco.es\/wp-content\/uploads\/2023\/11\/PadelZoco_Logo_black_white.webp","contentUrl":"https:\/\/padelzoco.es\/wp-content\/uploads\/2023\/11\/PadelZoco_Logo_black_white.webp","width":1500,"height":631,"caption":"Padel Zoco"},"image":{"@id":"https:\/\/padelzoco.es\/#\/schema\/logo\/image\/"}}]}},"_links":{"self":[{"href":"https:\/\/padelzoco.es\/en\/wp-json\/wp\/v2\/product\/16073","targetHints":{"allow":["GET"]}}],"collection":[{"href":"https:\/\/padelzoco.es\/en\/wp-json\/wp\/v2\/product"}],"about":[{"href":"https:\/\/padelzoco.es\/en\/wp-json\/wp\/v2\/types\/product"}],"version-history":[{"count":5,"href":"https:\/\/padelzoco.es\/en\/wp-json\/wp\/v2\/product\/16073\/revisions"}],"predecessor-version":[{"id":16323,"href":"https:\/\/padelzoco.es\/en\/wp-json\/wp\/v2\/product\/16073\/revisions\/16323"}],"wp:featuredmedia":[{"embeddable":true,"href":"https:\/\/padelzoco.es\/en\/wp-json\/wp\/v2\/media\/16115"}],"wp:attachment":[{"href":"https:\/\/padelzoco.es\/en\/wp-json\/wp\/v2\/media?parent=16073"}],"wp:term":[{"taxonomy":"product_brand","embeddable":true,"href":"https:\/\/padelzoco.es\/en\/wp-json\/wp\/v2\/product_brand?post=16073"},{"taxonomy":"product_cat","embeddable":true,"href":"https:\/\/padelzoco.es\/en\/wp-json\/wp\/v2\/product_cat?post=16073"},{"taxonomy":"product_tag","embeddable":true,"href":"https:\/\/padelzoco.es\/en\/wp-json\/wp\/v2\/product_tag?post=16073"}],"curies":[{"name":"wp","href":"https:\/\/api.w.org\/{rel}","templated":true}]}}