{"id":16131,"date":"2025-01-14T10:41:09","date_gmt":"2025-01-14T09:41:09","guid":{"rendered":"https:\/\/adc06f55e9.nxcli.io\/?post_type=product&#038;p=16131"},"modified":"2026-04-30T19:17:29","modified_gmt":"2026-04-30T18:17:29","slug":"paletero-nox-at10-team-blanco","status":"publish","type":"product","link":"https:\/\/padelzoco.es\/en\/product\/paletero-nox-at10-team-blanco\/","title":{"rendered":"Paletero NOX AT10 Team Blanco"},"content":{"rendered":"<p>Discover the new collection of high quality TEAM paddle bags with a completely renewed design. In white color.<\/p>\n<p><strong>FEATURES:<\/strong><\/p>\n<ul>\n<li>Main compartment with double zipper for easy access to the interior with capacity for 3 paddle rackets, clothes, etc.<\/li>\n<li>Thermal compartment (NOX ThermoTech technology) with capacity for 2 padel bats, bottles, etc.<\/li>\n<li>Side compartments with distributed pockets for accessories, cell phone, wallet, keys, etc..<\/li>\n<li>Ventilated compartment for shoes on the front.<\/li>\n<li>Small compartment on the back.<\/li>\n<li>Laundry bag.<\/li>\n<li>Backpack function with the possibility of removing the handles.<\/li>\n<li>Ergonomic main handle. Rigid base.<\/li>\n<\/ul>\n<p>&nbsp;<\/p>\n<p><strong>Dimensions:?<\/strong>600 x 300 x 270 mm<\/p>\n<p><strong>Capacity<\/strong>: 42 liters.<\/p>","protected":false},"excerpt":{"rendered":"<p>Descubre el nuevo PALETERO NOX AT10 Team 2025 un paletero de gran calidad y con un dise\u00f1o totalmente renovado.<\/p>\n<p>El modelo NOX AT10 ha sido dise\u00f1ado espec\u00edficamente para uno de los jugadores estrella de Premier Padel: el Mozart de Catamarca, Agust\u00edn Tapia.<\/p>\n<p>El paletero Team est\u00e1 pensado para que puedas llevar todo lo que necesitas a tus partidos y torneos con el mayor estilo.<\/p>\n<p>CARACTER\u00cdSTICAS:<\/p>\n<p>Compartimento principal con doble cremallera para un f\u00e1cil acceso al interior con capacidad para 3 palas, ropa, etc.<br \/>\nCompartimento t\u00e9rmico (tecnolog\u00eda NOX ThermoTech) con capacidad para 2 palas, botellas, etc.<br \/>\nCompartimentos laterales con bolsillos distribuidos para accesorios, m\u00f3vil, cartera, llaves, etc.<br \/>\nCompartimento ventilado para zapatillas en la parte delantera.<br \/>\nPeque\u00f1o compartimento en la parte trasera.<br \/>\nBolsa de lavander\u00eda.<br \/>\nFunci\u00f3n mochila con posibilidad de quitar las asas.<br \/>\nAsa principal ergon\u00f3mica. Base r\u00edgida.<\/p>\n<p>Dimensiones: 600 x 300 x 270 mm<\/p>\n<p>Capacidad: 42 litros.<\/p>\n<p>.<\/p>","protected":false},"featured_media":16164,"template":"","meta":[],"product_brand":[],"product_cat":[636,628],"product_tag":[470,40],"class_list":{"0":"post-16131","1":"product","2":"type-product","3":"status-publish","4":"has-post-thumbnail","6":"product_cat-bolsa","7":"product_cat-nox-bolsas","8":"product_tag-bullpadel-bag","9":"product_tag-padel-bag","10":"pa_brand-nox","11":"pa_hs_code-59","13":"first","14":"instock","15":"sale","16":"taxable","17":"shipping-taxable","18":"purchasable","19":"product-type-simple"},"yoast_head":"<!-- This site is optimized with the Yoast SEO plugin v27.5 - https:\/\/yoast.com\/product\/yoast-seo-wordpress\/ -->\n<title>Paletero NOX AT10 Team Blanco - Padel Zoco<\/title>\n<meta name=\"description\" content=\"NOX AT10 Team: amplio espacio, tecnolog\u00eda NOX ThermoTech para proteger tus palas y compartimento ventilado para calzado. \u00a1C\u00f3mpralo ahora en Padel Zoco!\" \/>\n<meta name=\"robots\" content=\"index, follow, max-snippet:-1, max-image-preview:large, max-video-preview:-1\" \/>\n<link rel=\"canonical\" href=\"https:\/\/padelzoco.es\/en\/product\/paletero-nox-at10-team-blanco\/\" \/>\n<meta property=\"og:locale\" content=\"en_GB\" \/>\n<meta property=\"og:type\" content=\"article\" \/>\n<meta property=\"og:title\" content=\"Paletero NOX AT10 Team Blanco - Padel Zoco\" \/>\n<meta property=\"og:description\" content=\"NOX AT10 Team: amplio espacio, tecnolog\u00eda NOX ThermoTech para proteger tus palas y compartimento ventilado para calzado. \u00a1C\u00f3mpralo ahora en Padel Zoco!\" \/>\n<meta property=\"og:url\" content=\"https:\/\/padelzoco.es\/en\/product\/paletero-nox-at10-team-blanco\/\" \/>\n<meta property=\"og:site_name\" content=\"Padel Zoco\" \/>\n<meta property=\"article:modified_time\" content=\"2026-04-30T18:17:29+00:00\" \/>\n<meta property=\"og:image\" content=\"https:\/\/padelzoco.es\/wp-content\/uploads\/2025\/01\/NOX-AT10-Team-White-Padel-Bag-01.webp\" \/>\n\t<meta property=\"og:image:width\" content=\"1400\" \/>\n\t<meta property=\"og:image:height\" content=\"1400\" \/>\n\t<meta property=\"og:image:type\" content=\"image\/webp\" \/>\n<meta name=\"twitter:card\" content=\"summary_large_image\" \/>\n<meta name=\"twitter:label1\" content=\"Estimated reading time\" \/>\n\t<meta name=\"twitter:data1\" content=\"1 minute\" \/>\n<script type=\"application\/ld+json\" class=\"yoast-schema-graph\">{\"@context\":\"https:\\\/\\\/schema.org\",\"@graph\":[{\"@type\":\"WebPage\",\"@id\":\"https:\\\/\\\/padelzoco.es\\\/product\\\/paletero-nox-at10-team-blanco\\\/\",\"url\":\"https:\\\/\\\/padelzoco.es\\\/product\\\/paletero-nox-at10-team-blanco\\\/\",\"name\":\"Paletero NOX AT10 Team Blanco - Padel Zoco\",\"isPartOf\":{\"@id\":\"https:\\\/\\\/padelzoco.es\\\/#website\"},\"primaryImageOfPage\":{\"@id\":\"https:\\\/\\\/padelzoco.es\\\/product\\\/paletero-nox-at10-team-blanco\\\/#primaryimage\"},\"image\":{\"@id\":\"https:\\\/\\\/padelzoco.es\\\/product\\\/paletero-nox-at10-team-blanco\\\/#primaryimage\"},\"thumbnailUrl\":\"https:\\\/\\\/padelzoco.es\\\/wp-content\\\/uploads\\\/2025\\\/01\\\/NOX-AT10-Team-White-Padel-Bag-01.webp\",\"datePublished\":\"2025-01-14T09:41:09+00:00\",\"dateModified\":\"2026-04-30T18:17:29+00:00\",\"description\":\"NOX AT10 Team: amplio espacio, tecnolog\u00eda NOX ThermoTech para proteger tus palas y compartimento ventilado para calzado. \u00a1C\u00f3mpralo ahora en Padel Zoco!\",\"breadcrumb\":{\"@id\":\"https:\\\/\\\/padelzoco.es\\\/product\\\/paletero-nox-at10-team-blanco\\\/#breadcrumb\"},\"inLanguage\":\"en-GB\",\"potentialAction\":[{\"@type\":\"ReadAction\",\"target\":[\"https:\\\/\\\/padelzoco.es\\\/product\\\/paletero-nox-at10-team-blanco\\\/\"]}]},{\"@type\":\"ImageObject\",\"inLanguage\":\"en-GB\",\"@id\":\"https:\\\/\\\/padelzoco.es\\\/product\\\/paletero-nox-at10-team-blanco\\\/#primaryimage\",\"url\":\"https:\\\/\\\/padelzoco.es\\\/wp-content\\\/uploads\\\/2025\\\/01\\\/NOX-AT10-Team-White-Padel-Bag-01.webp\",\"contentUrl\":\"https:\\\/\\\/padelzoco.es\\\/wp-content\\\/uploads\\\/2025\\\/01\\\/NOX-AT10-Team-White-Padel-Bag-01.webp\",\"width\":1400,\"height\":1400},{\"@type\":\"BreadcrumbList\",\"@id\":\"https:\\\/\\\/padelzoco.es\\\/product\\\/paletero-nox-at10-team-blanco\\\/#breadcrumb\",\"itemListElement\":[{\"@type\":\"ListItem\",\"position\":1,\"name\":\"Home\",\"item\":\"https:\\\/\\\/padelzoco.es\\\/\"},{\"@type\":\"ListItem\",\"position\":2,\"name\":\"Padel Zoco\",\"item\":\"https:\\\/\\\/padelzoco.es\\\/padel-zoco\\\/\"},{\"@type\":\"ListItem\",\"position\":3,\"name\":\"Paletero NOX AT10 Team Blanco\"}]},{\"@type\":\"WebSite\",\"@id\":\"https:\\\/\\\/padelzoco.es\\\/#website\",\"url\":\"https:\\\/\\\/padelzoco.es\\\/\",\"name\":\"Padel Zoco\",\"description\":\"Padel Zoco | Spain\",\"publisher\":{\"@id\":\"https:\\\/\\\/padelzoco.es\\\/#organization\"},\"potentialAction\":[{\"@type\":\"SearchAction\",\"target\":{\"@type\":\"EntryPoint\",\"urlTemplate\":\"https:\\\/\\\/padelzoco.es\\\/?s={search_term_string}\"},\"query-input\":{\"@type\":\"PropertyValueSpecification\",\"valueRequired\":true,\"valueName\":\"search_term_string\"}}],\"inLanguage\":\"en-GB\"},{\"@type\":\"Organization\",\"@id\":\"https:\\\/\\\/padelzoco.es\\\/#organization\",\"name\":\"Padel Zoco\",\"url\":\"https:\\\/\\\/padelzoco.es\\\/\",\"logo\":{\"@type\":\"ImageObject\",\"inLanguage\":\"en-GB\",\"@id\":\"https:\\\/\\\/padelzoco.es\\\/#\\\/schema\\\/logo\\\/image\\\/\",\"url\":\"https:\\\/\\\/padelzoco.es\\\/wp-content\\\/uploads\\\/2023\\\/11\\\/PadelZoco_Logo_black_white.webp\",\"contentUrl\":\"https:\\\/\\\/padelzoco.es\\\/wp-content\\\/uploads\\\/2023\\\/11\\\/PadelZoco_Logo_black_white.webp\",\"width\":1500,\"height\":631,\"caption\":\"Padel Zoco\"},\"image\":{\"@id\":\"https:\\\/\\\/padelzoco.es\\\/#\\\/schema\\\/logo\\\/image\\\/\"}}]}<\/script>\n<!-- \/ Yoast SEO plugin. -->","yoast_head_json":{"title":"Paletero NOX AT10 Team Blanco - Padel Zoco","description":"NOX AT10 Team: amplio espacio, tecnolog\u00eda NOX ThermoTech para proteger tus palas y compartimento ventilado para calzado. \u00a1C\u00f3mpralo ahora en Padel Zoco!","robots":{"index":"index","follow":"follow","max-snippet":"max-snippet:-1","max-image-preview":"max-image-preview:large","max-video-preview":"max-video-preview:-1"},"canonical":"https:\/\/padelzoco.es\/en\/product\/paletero-nox-at10-team-blanco\/","og_locale":"en_GB","og_type":"article","og_title":"Paletero NOX AT10 Team Blanco - Padel Zoco","og_description":"NOX AT10 Team: amplio espacio, tecnolog\u00eda NOX ThermoTech para proteger tus palas y compartimento ventilado para calzado. \u00a1C\u00f3mpralo ahora en Padel Zoco!","og_url":"https:\/\/padelzoco.es\/en\/product\/paletero-nox-at10-team-blanco\/","og_site_name":"Padel Zoco","article_modified_time":"2026-04-30T18:17:29+00:00","og_image":[{"width":1400,"height":1400,"url":"https:\/\/padelzoco.es\/wp-content\/uploads\/2025\/01\/NOX-AT10-Team-White-Padel-Bag-01.webp","type":"image\/webp"}],"twitter_card":"summary_large_image","twitter_misc":{"Estimated reading time":"1 minute"},"schema":{"@context":"https:\/\/schema.org","@graph":[{"@type":"WebPage","@id":"https:\/\/padelzoco.es\/product\/paletero-nox-at10-team-blanco\/","url":"https:\/\/padelzoco.es\/product\/paletero-nox-at10-team-blanco\/","name":"Paletero NOX AT10 Team Blanco - Padel Zoco","isPartOf":{"@id":"https:\/\/padelzoco.es\/#website"},"primaryImageOfPage":{"@id":"https:\/\/padelzoco.es\/product\/paletero-nox-at10-team-blanco\/#primaryimage"},"image":{"@id":"https:\/\/padelzoco.es\/product\/paletero-nox-at10-team-blanco\/#primaryimage"},"thumbnailUrl":"https:\/\/padelzoco.es\/wp-content\/uploads\/2025\/01\/NOX-AT10-Team-White-Padel-Bag-01.webp","datePublished":"2025-01-14T09:41:09+00:00","dateModified":"2026-04-30T18:17:29+00:00","description":"NOX AT10 Team: amplio espacio, tecnolog\u00eda NOX ThermoTech para proteger tus palas y compartimento ventilado para calzado. \u00a1C\u00f3mpralo ahora en Padel Zoco!","breadcrumb":{"@id":"https:\/\/padelzoco.es\/product\/paletero-nox-at10-team-blanco\/#breadcrumb"},"inLanguage":"en-GB","potentialAction":[{"@type":"ReadAction","target":["https:\/\/padelzoco.es\/product\/paletero-nox-at10-team-blanco\/"]}]},{"@type":"ImageObject","inLanguage":"en-GB","@id":"https:\/\/padelzoco.es\/product\/paletero-nox-at10-team-blanco\/#primaryimage","url":"https:\/\/padelzoco.es\/wp-content\/uploads\/2025\/01\/NOX-AT10-Team-White-Padel-Bag-01.webp","contentUrl":"https:\/\/padelzoco.es\/wp-content\/uploads\/2025\/01\/NOX-AT10-Team-White-Padel-Bag-01.webp","width":1400,"height":1400},{"@type":"BreadcrumbList","@id":"https:\/\/padelzoco.es\/product\/paletero-nox-at10-team-blanco\/#breadcrumb","itemListElement":[{"@type":"ListItem","position":1,"name":"Home","item":"https:\/\/padelzoco.es\/"},{"@type":"ListItem","position":2,"name":"Padel Zoco","item":"https:\/\/padelzoco.es\/padel-zoco\/"},{"@type":"ListItem","position":3,"name":"Paletero NOX AT10 Team Blanco"}]},{"@type":"WebSite","@id":"https:\/\/padelzoco.es\/#website","url":"https:\/\/padelzoco.es\/","name":"Padel Zoco","description":"Padel Zoco | Spain","publisher":{"@id":"https:\/\/padelzoco.es\/#organization"},"potentialAction":[{"@type":"SearchAction","target":{"@type":"EntryPoint","urlTemplate":"https:\/\/padelzoco.es\/?s={search_term_string}"},"query-input":{"@type":"PropertyValueSpecification","valueRequired":true,"valueName":"search_term_string"}}],"inLanguage":"en-GB"},{"@type":"Organization","@id":"https:\/\/padelzoco.es\/#organization","name":"Padel Zoco","url":"https:\/\/padelzoco.es\/","logo":{"@type":"ImageObject","inLanguage":"en-GB","@id":"https:\/\/padelzoco.es\/#\/schema\/logo\/image\/","url":"https:\/\/padelzoco.es\/wp-content\/uploads\/2023\/11\/PadelZoco_Logo_black_white.webp","contentUrl":"https:\/\/padelzoco.es\/wp-content\/uploads\/2023\/11\/PadelZoco_Logo_black_white.webp","width":1500,"height":631,"caption":"Padel Zoco"},"image":{"@id":"https:\/\/padelzoco.es\/#\/schema\/logo\/image\/"}}]}},"_links":{"self":[{"href":"https:\/\/padelzoco.es\/en\/wp-json\/wp\/v2\/product\/16131","targetHints":{"allow":["GET"]}}],"collection":[{"href":"https:\/\/padelzoco.es\/en\/wp-json\/wp\/v2\/product"}],"about":[{"href":"https:\/\/padelzoco.es\/en\/wp-json\/wp\/v2\/types\/product"}],"version-history":[{"count":2,"href":"https:\/\/padelzoco.es\/en\/wp-json\/wp\/v2\/product\/16131\/revisions"}],"predecessor-version":[{"id":27679,"href":"https:\/\/padelzoco.es\/en\/wp-json\/wp\/v2\/product\/16131\/revisions\/27679"}],"wp:featuredmedia":[{"embeddable":true,"href":"https:\/\/padelzoco.es\/en\/wp-json\/wp\/v2\/media\/16164"}],"wp:attachment":[{"href":"https:\/\/padelzoco.es\/en\/wp-json\/wp\/v2\/media?parent=16131"}],"wp:term":[{"taxonomy":"product_brand","embeddable":true,"href":"https:\/\/padelzoco.es\/en\/wp-json\/wp\/v2\/product_brand?post=16131"},{"taxonomy":"product_cat","embeddable":true,"href":"https:\/\/padelzoco.es\/en\/wp-json\/wp\/v2\/product_cat?post=16131"},{"taxonomy":"product_tag","embeddable":true,"href":"https:\/\/padelzoco.es\/en\/wp-json\/wp\/v2\/product_tag?post=16131"}],"curies":[{"name":"wp","href":"https:\/\/api.w.org\/{rel}","templated":true}]}}