{"id":16487,"date":"2025-01-23T18:53:20","date_gmt":"2025-01-23T17:53:20","guid":{"rendered":"https:\/\/adc06f55e9.nxcli.io\/?post_type=product&#038;p=16487"},"modified":"2026-04-30T19:15:50","modified_gmt":"2026-04-30T18:15:50","slug":"pala-padel-babolat-technical-viper-2025","status":"publish","type":"product","link":"https:\/\/padelzoco.es\/en\/product\/pala-padel-babolat-technical-viper-2025\/","title":{"rendered":"Babolat Technical Viper 2025 Padel Racket"},"content":{"rendered":"<p data-start=\"0\" data-end=\"158\">Potencia reactiva en los golpes de ataque: justo lo que necesita el atacante t\u00e9cnico para dominar el juego y marcar la diferencia combinando t\u00e9cnica y fuerza.<\/p>\n<p data-start=\"160\" data-end=\"381\">La Technical Viper evoluciona y regresa con su caracter\u00edstica potencia extrema. Adem\u00e1s, incorpora un acabado extra rugoso que permite generar efectos incre\u00edbles en la bola, aportando mayor control en los golpes ofensivos.<\/p>\n<p data-start=\"383\" data-end=\"533\">Con esta pala podr\u00e1s convertirte en un aut\u00e9ntico technical striker, capaz de definir puntos y sacar la bola por tres desde cualquier zona de la pista.<\/p>\n<p data-start=\"535\" data-end=\"704\">Los jugadores profesionales del team <span class=\"hover:entity-accent entity-underline inline cursor-pointer align-baseline\"><span class=\"whitespace-normal\">Babolat<\/span><\/span> pueden jugar con un modelo personalizado o diferente al equipamiento disponible en el mercado.<\/p>","protected":false},"excerpt":{"rendered":"<div class=\"flex-shrink-0 flex flex-col relative items-end\">\n<div>\n<div class=\"pt-0\">\n<div class=\"gizmo-bot-avatar flex h-8 w-8 items-center justify-center overflow-hidden rounded-full\">\n<div class=\"relative p-1 rounded-sm flex items-center justify-center bg-token-main-surface-primary text-token-text-primary h-8 w-8\">\n<p>Reactive power in attacking shots. That's what the technical attacker needs to dictate the game and make the difference using their technique and strength.<\/p>\n<p>The Technical Viper evolves and returns with the same extreme power. We've also incorporated an extra-rough finish that will allow you to put incredible spin on the ball. You'll be a TECHNICAL STRIKER. Hit for 3 from anywhere.<\/p>\n<p>Professional players on Team Babolat can play with a custom model or a different model than the standard equipment.<\/p>\n<\/div>\n<\/div>\n<\/div>\n<\/div>\n<\/div>","protected":false},"featured_media":16490,"template":"","meta":[],"product_brand":[],"product_cat":[582,817,584,589,757,754],"product_tag":[],"class_list":{"0":"post-16487","1":"product","2":"type-product","3":"status-publish","4":"has-post-thumbnail","6":"product_cat-avanzado-palas","7":"product_cat-babolat-palas","8":"product_cat-diamante-palas","9":"product_cat-hombre-palas","10":"product_cat-palas-ofertas","11":"product_cat-rebajas","12":"pa_brand-babolat","14":"first","15":"instock","16":"sale","17":"taxable","18":"shipping-taxable","19":"purchasable","20":"product-type-simple"},"yoast_head":"<!-- This site is optimized with the Yoast SEO plugin v27.5 - https:\/\/yoast.com\/product\/yoast-seo-wordpress\/ -->\n<title>Pala Padel Babolat Technical Viper 2025 - Padel Zoco<\/title>\n<meta name=\"description\" content=\"Babolat Technical Viper, pala de potencia extrema con superficie rugosa para efectos, ideal para atacantes t\u00e9cnicos que buscan definir el punto.\" \/>\n<meta name=\"robots\" content=\"index, follow, max-snippet:-1, max-image-preview:large, max-video-preview:-1\" \/>\n<link rel=\"canonical\" href=\"https:\/\/padelzoco.es\/en\/product\/pala-padel-babolat-technical-viper-2025\/\" \/>\n<meta property=\"og:locale\" content=\"en_GB\" \/>\n<meta property=\"og:type\" content=\"article\" \/>\n<meta property=\"og:title\" content=\"Pala Padel Babolat Technical Viper 2025 - Padel Zoco\" \/>\n<meta property=\"og:description\" content=\"Babolat Technical Viper, pala de potencia extrema con superficie rugosa para efectos, ideal para atacantes t\u00e9cnicos que buscan definir el punto.\" \/>\n<meta property=\"og:url\" content=\"https:\/\/padelzoco.es\/en\/product\/pala-padel-babolat-technical-viper-2025\/\" \/>\n<meta property=\"og:site_name\" content=\"Padel Zoco\" \/>\n<meta property=\"article:modified_time\" content=\"2026-04-30T18:15:50+00:00\" \/>\n<meta property=\"og:image\" content=\"https:\/\/padelzoco.es\/wp-content\/uploads\/2025\/01\/Babolat-Technical-Viper-2025-Padel-Racket-03.webp\" \/>\n\t<meta property=\"og:image:width\" content=\"1400\" \/>\n\t<meta property=\"og:image:height\" content=\"1400\" \/>\n\t<meta property=\"og:image:type\" content=\"image\/webp\" \/>\n<meta name=\"twitter:card\" content=\"summary_large_image\" \/>\n<meta name=\"twitter:label1\" content=\"Estimated reading time\" \/>\n\t<meta name=\"twitter:data1\" content=\"1 minute\" \/>\n<script type=\"application\/ld+json\" class=\"yoast-schema-graph\">{\"@context\":\"https:\\\/\\\/schema.org\",\"@graph\":[{\"@type\":\"WebPage\",\"@id\":\"https:\\\/\\\/padelzoco.es\\\/product\\\/pala-padel-babolat-technical-viper-2025\\\/\",\"url\":\"https:\\\/\\\/padelzoco.es\\\/product\\\/pala-padel-babolat-technical-viper-2025\\\/\",\"name\":\"Pala Padel Babolat Technical Viper 2025 - Padel Zoco\",\"isPartOf\":{\"@id\":\"https:\\\/\\\/padelzoco.es\\\/#website\"},\"primaryImageOfPage\":{\"@id\":\"https:\\\/\\\/padelzoco.es\\\/product\\\/pala-padel-babolat-technical-viper-2025\\\/#primaryimage\"},\"image\":{\"@id\":\"https:\\\/\\\/padelzoco.es\\\/product\\\/pala-padel-babolat-technical-viper-2025\\\/#primaryimage\"},\"thumbnailUrl\":\"https:\\\/\\\/padelzoco.es\\\/wp-content\\\/uploads\\\/2025\\\/01\\\/Babolat-Technical-Viper-2025-Padel-Racket-03.webp\",\"datePublished\":\"2025-01-23T17:53:20+00:00\",\"dateModified\":\"2026-04-30T18:15:50+00:00\",\"description\":\"Babolat Technical Viper, pala de potencia extrema con superficie rugosa para efectos, ideal para atacantes t\u00e9cnicos que buscan definir el punto.\",\"breadcrumb\":{\"@id\":\"https:\\\/\\\/padelzoco.es\\\/product\\\/pala-padel-babolat-technical-viper-2025\\\/#breadcrumb\"},\"inLanguage\":\"en-GB\",\"potentialAction\":[{\"@type\":\"ReadAction\",\"target\":[\"https:\\\/\\\/padelzoco.es\\\/product\\\/pala-padel-babolat-technical-viper-2025\\\/\"]}]},{\"@type\":\"ImageObject\",\"inLanguage\":\"en-GB\",\"@id\":\"https:\\\/\\\/padelzoco.es\\\/product\\\/pala-padel-babolat-technical-viper-2025\\\/#primaryimage\",\"url\":\"https:\\\/\\\/padelzoco.es\\\/wp-content\\\/uploads\\\/2025\\\/01\\\/Babolat-Technical-Viper-2025-Padel-Racket-03.webp\",\"contentUrl\":\"https:\\\/\\\/padelzoco.es\\\/wp-content\\\/uploads\\\/2025\\\/01\\\/Babolat-Technical-Viper-2025-Padel-Racket-03.webp\",\"width\":1400,\"height\":1400,\"caption\":\"Babolat Technical Viper 2025 Padel Racket 03\"},{\"@type\":\"BreadcrumbList\",\"@id\":\"https:\\\/\\\/padelzoco.es\\\/product\\\/pala-padel-babolat-technical-viper-2025\\\/#breadcrumb\",\"itemListElement\":[{\"@type\":\"ListItem\",\"position\":1,\"name\":\"Home\",\"item\":\"https:\\\/\\\/padelzoco.es\\\/\"},{\"@type\":\"ListItem\",\"position\":2,\"name\":\"Padel Zoco\",\"item\":\"https:\\\/\\\/padelzoco.es\\\/padel-zoco\\\/\"},{\"@type\":\"ListItem\",\"position\":3,\"name\":\"Pala Padel Babolat Technical Viper 2025\"}]},{\"@type\":\"WebSite\",\"@id\":\"https:\\\/\\\/padelzoco.es\\\/#website\",\"url\":\"https:\\\/\\\/padelzoco.es\\\/\",\"name\":\"Padel Zoco\",\"description\":\"Padel Zoco | Spain\",\"publisher\":{\"@id\":\"https:\\\/\\\/padelzoco.es\\\/#organization\"},\"potentialAction\":[{\"@type\":\"SearchAction\",\"target\":{\"@type\":\"EntryPoint\",\"urlTemplate\":\"https:\\\/\\\/padelzoco.es\\\/?s={search_term_string}\"},\"query-input\":{\"@type\":\"PropertyValueSpecification\",\"valueRequired\":true,\"valueName\":\"search_term_string\"}}],\"inLanguage\":\"en-GB\"},{\"@type\":\"Organization\",\"@id\":\"https:\\\/\\\/padelzoco.es\\\/#organization\",\"name\":\"Padel Zoco\",\"url\":\"https:\\\/\\\/padelzoco.es\\\/\",\"logo\":{\"@type\":\"ImageObject\",\"inLanguage\":\"en-GB\",\"@id\":\"https:\\\/\\\/padelzoco.es\\\/#\\\/schema\\\/logo\\\/image\\\/\",\"url\":\"https:\\\/\\\/padelzoco.es\\\/wp-content\\\/uploads\\\/2023\\\/11\\\/PadelZoco_Logo_black_white.webp\",\"contentUrl\":\"https:\\\/\\\/padelzoco.es\\\/wp-content\\\/uploads\\\/2023\\\/11\\\/PadelZoco_Logo_black_white.webp\",\"width\":1500,\"height\":631,\"caption\":\"Padel Zoco\"},\"image\":{\"@id\":\"https:\\\/\\\/padelzoco.es\\\/#\\\/schema\\\/logo\\\/image\\\/\"}}]}<\/script>\n<!-- \/ Yoast SEO plugin. -->","yoast_head_json":{"title":"Pala Padel Babolat Technical Viper 2025 - Padel Zoco","description":"Babolat Technical Viper, pala de potencia extrema con superficie rugosa para efectos, ideal para atacantes t\u00e9cnicos que buscan definir el punto.","robots":{"index":"index","follow":"follow","max-snippet":"max-snippet:-1","max-image-preview":"max-image-preview:large","max-video-preview":"max-video-preview:-1"},"canonical":"https:\/\/padelzoco.es\/en\/product\/pala-padel-babolat-technical-viper-2025\/","og_locale":"en_GB","og_type":"article","og_title":"Pala Padel Babolat Technical Viper 2025 - Padel Zoco","og_description":"Babolat Technical Viper, pala de potencia extrema con superficie rugosa para efectos, ideal para atacantes t\u00e9cnicos que buscan definir el punto.","og_url":"https:\/\/padelzoco.es\/en\/product\/pala-padel-babolat-technical-viper-2025\/","og_site_name":"Padel Zoco","article_modified_time":"2026-04-30T18:15:50+00:00","og_image":[{"width":1400,"height":1400,"url":"https:\/\/padelzoco.es\/wp-content\/uploads\/2025\/01\/Babolat-Technical-Viper-2025-Padel-Racket-03.webp","type":"image\/webp"}],"twitter_card":"summary_large_image","twitter_misc":{"Estimated reading time":"1 minute"},"schema":{"@context":"https:\/\/schema.org","@graph":[{"@type":"WebPage","@id":"https:\/\/padelzoco.es\/product\/pala-padel-babolat-technical-viper-2025\/","url":"https:\/\/padelzoco.es\/product\/pala-padel-babolat-technical-viper-2025\/","name":"Pala Padel Babolat Technical Viper 2025 - Padel Zoco","isPartOf":{"@id":"https:\/\/padelzoco.es\/#website"},"primaryImageOfPage":{"@id":"https:\/\/padelzoco.es\/product\/pala-padel-babolat-technical-viper-2025\/#primaryimage"},"image":{"@id":"https:\/\/padelzoco.es\/product\/pala-padel-babolat-technical-viper-2025\/#primaryimage"},"thumbnailUrl":"https:\/\/padelzoco.es\/wp-content\/uploads\/2025\/01\/Babolat-Technical-Viper-2025-Padel-Racket-03.webp","datePublished":"2025-01-23T17:53:20+00:00","dateModified":"2026-04-30T18:15:50+00:00","description":"Babolat Technical Viper, pala de potencia extrema con superficie rugosa para efectos, ideal para atacantes t\u00e9cnicos que buscan definir el punto.","breadcrumb":{"@id":"https:\/\/padelzoco.es\/product\/pala-padel-babolat-technical-viper-2025\/#breadcrumb"},"inLanguage":"en-GB","potentialAction":[{"@type":"ReadAction","target":["https:\/\/padelzoco.es\/product\/pala-padel-babolat-technical-viper-2025\/"]}]},{"@type":"ImageObject","inLanguage":"en-GB","@id":"https:\/\/padelzoco.es\/product\/pala-padel-babolat-technical-viper-2025\/#primaryimage","url":"https:\/\/padelzoco.es\/wp-content\/uploads\/2025\/01\/Babolat-Technical-Viper-2025-Padel-Racket-03.webp","contentUrl":"https:\/\/padelzoco.es\/wp-content\/uploads\/2025\/01\/Babolat-Technical-Viper-2025-Padel-Racket-03.webp","width":1400,"height":1400,"caption":"Babolat Technical Viper 2025 Padel Racket 03"},{"@type":"BreadcrumbList","@id":"https:\/\/padelzoco.es\/product\/pala-padel-babolat-technical-viper-2025\/#breadcrumb","itemListElement":[{"@type":"ListItem","position":1,"name":"Home","item":"https:\/\/padelzoco.es\/"},{"@type":"ListItem","position":2,"name":"Padel Zoco","item":"https:\/\/padelzoco.es\/padel-zoco\/"},{"@type":"ListItem","position":3,"name":"Pala Padel Babolat Technical Viper 2025"}]},{"@type":"WebSite","@id":"https:\/\/padelzoco.es\/#website","url":"https:\/\/padelzoco.es\/","name":"Padel Zoco","description":"Padel Zoco | Spain","publisher":{"@id":"https:\/\/padelzoco.es\/#organization"},"potentialAction":[{"@type":"SearchAction","target":{"@type":"EntryPoint","urlTemplate":"https:\/\/padelzoco.es\/?s={search_term_string}"},"query-input":{"@type":"PropertyValueSpecification","valueRequired":true,"valueName":"search_term_string"}}],"inLanguage":"en-GB"},{"@type":"Organization","@id":"https:\/\/padelzoco.es\/#organization","name":"Padel Zoco","url":"https:\/\/padelzoco.es\/","logo":{"@type":"ImageObject","inLanguage":"en-GB","@id":"https:\/\/padelzoco.es\/#\/schema\/logo\/image\/","url":"https:\/\/padelzoco.es\/wp-content\/uploads\/2023\/11\/PadelZoco_Logo_black_white.webp","contentUrl":"https:\/\/padelzoco.es\/wp-content\/uploads\/2023\/11\/PadelZoco_Logo_black_white.webp","width":1500,"height":631,"caption":"Padel Zoco"},"image":{"@id":"https:\/\/padelzoco.es\/#\/schema\/logo\/image\/"}}]}},"_links":{"self":[{"href":"https:\/\/padelzoco.es\/en\/wp-json\/wp\/v2\/product\/16487","targetHints":{"allow":["GET"]}}],"collection":[{"href":"https:\/\/padelzoco.es\/en\/wp-json\/wp\/v2\/product"}],"about":[{"href":"https:\/\/padelzoco.es\/en\/wp-json\/wp\/v2\/types\/product"}],"version-history":[{"count":5,"href":"https:\/\/padelzoco.es\/en\/wp-json\/wp\/v2\/product\/16487\/revisions"}],"predecessor-version":[{"id":37615,"href":"https:\/\/padelzoco.es\/en\/wp-json\/wp\/v2\/product\/16487\/revisions\/37615"}],"wp:featuredmedia":[{"embeddable":true,"href":"https:\/\/padelzoco.es\/en\/wp-json\/wp\/v2\/media\/16490"}],"wp:attachment":[{"href":"https:\/\/padelzoco.es\/en\/wp-json\/wp\/v2\/media?parent=16487"}],"wp:term":[{"taxonomy":"product_brand","embeddable":true,"href":"https:\/\/padelzoco.es\/en\/wp-json\/wp\/v2\/product_brand?post=16487"},{"taxonomy":"product_cat","embeddable":true,"href":"https:\/\/padelzoco.es\/en\/wp-json\/wp\/v2\/product_cat?post=16487"},{"taxonomy":"product_tag","embeddable":true,"href":"https:\/\/padelzoco.es\/en\/wp-json\/wp\/v2\/product_tag?post=16487"}],"curies":[{"name":"wp","href":"https:\/\/api.w.org\/{rel}","templated":true}]}}