{"id":16515,"date":"2025-01-24T11:46:45","date_gmt":"2025-01-24T10:46:45","guid":{"rendered":"https:\/\/adc06f55e9.nxcli.io\/?post_type=product&#038;p=16515"},"modified":"2026-03-17T18:28:28","modified_gmt":"2026-03-17T17:28:28","slug":"pala-padel-babolat-air-veron-2-5-2025","status":"publish","type":"product","link":"https:\/\/padelzoco.es\/en\/product\/pala-padel-babolat-air-veron-2-5-2025\/","title":{"rendered":"Babolat Air Veron 2.5 2025 Padel Racket"},"content":{"rendered":"<p data-start=\"55\" data-end=\"284\">Analizando el juego, se han identificado distintos perfiles de jugadores. Entre ellos, el atacante a\u00e9reo destaca por su dinamismo, aprovechando cada oportunidad para subir a la red y utilizando su velocidad para generar potencia.<\/p>\n<p data-start=\"286\" data-end=\"520\">Para potenciar este estilo de juego, se ha mejorado la Air Veron, ofreciendo una gran manejabilidad junto con una jugabilidad extrema. Esta nueva versi\u00f3n aporta una mayor sensaci\u00f3n de potencia y tolerancia gracias a su forma renovada.<\/p>\n<p data-start=\"522\" data-end=\"734\">Adem\u00e1s, se ha incrementado la estabilidad en el golpeo mediante una superficie de cara m\u00e1s amplia, lo que permite golpear con mayor firmeza sin perder la ligereza, una de las caracter\u00edsticas clave de este modelo.<\/p>\n<p data-start=\"736\" data-end=\"973\">Esta pala est\u00e1 dise\u00f1ada para jugadores que quieren dominar la red, aparecer en todos los puntos y superar a sus rivales con velocidad y agresividad. Es la elecci\u00f3n perfecta para sacar tu mejor versi\u00f3n en pista como aut\u00e9ntico air striker.<\/p>","protected":false},"excerpt":{"rendered":"<div class=\"flex-shrink-0 flex flex-col relative items-end\">\n<div>\n<div class=\"pt-0\">\n<div class=\"gizmo-bot-avatar flex h-8 w-8 items-center justify-center overflow-hidden rounded-full\">\n<div class=\"relative p-1 rounded-sm flex items-center justify-center bg-token-main-surface-primary text-token-text-primary h-8 w-8\">\n<p>We all want to score points\u2026 We're all ATTACKERS!<\/p>\n<p>By analyzing the game, we've identified different player profiles. Among them, the aerial attacker is super dynamic, seizing every opportunity to get to the net and using their speed to generate power.<\/p>\n<p>To bring out the best in their game, we've improved the Air Veron, which offers great maneuverability with extreme playability.<\/p>\n<p>This new version of the Air Veron will give you a greater feeling of power and forgiveness thanks to the new shape of the racket.<\/p>\n<p>We've also aimed to provide greater stability in your shots with its new shape, featuring a larger surface area on the racket face. This will help you hit the ball with more power while maintaining the lightness that is one of the Air Veron's main characteristics.<\/p>\n<p>This racket will help you attack by appearing everywhere to overcome your opponents. Show the AIR STRIKER you are!<\/p>\n<\/div>\n<div><\/div>\n<\/div>\n<\/div>\n<\/div>\n<div><\/div>\n<\/div>","protected":false},"featured_media":16518,"template":"","meta":[],"product_brand":[],"product_cat":[582,817,589,585,757,754],"product_tag":[],"class_list":{"0":"post-16515","1":"product","2":"type-product","3":"status-publish","4":"has-post-thumbnail","6":"product_cat-avanzado-palas","7":"product_cat-babolat-palas","8":"product_cat-hombre-palas","9":"product_cat-lagrima-palas","10":"product_cat-palas-ofertas","11":"product_cat-rebajas","12":"pa_brand-babolat","14":"first","15":"instock","16":"sale","17":"taxable","18":"shipping-taxable","19":"purchasable","20":"product-type-simple"},"yoast_head":"<!-- This site is optimized with the Yoast SEO plugin v27.3 - https:\/\/yoast.com\/product\/yoast-seo-wordpress\/ -->\n<title>Pala Padel Babolat Air Veron 2.5 2025 - Padel Zoco<\/title>\n<meta name=\"description\" content=\"Babolat Padel Racket technical veron 2.5 2025 is and advanced attack padel racket made for padel strikers. Visit Padel Zoco now to get your perfect racket.\" \/>\n<meta name=\"robots\" content=\"index, follow, max-snippet:-1, max-image-preview:large, max-video-preview:-1\" \/>\n<link rel=\"canonical\" href=\"https:\/\/padelzoco.es\/en\/product\/pala-padel-babolat-air-veron-2-5-2025\/\" \/>\n<meta property=\"og:locale\" content=\"en_GB\" \/>\n<meta property=\"og:type\" content=\"article\" \/>\n<meta property=\"og:title\" content=\"Pala Padel Babolat Air Veron 2.5 2025 - Padel Zoco\" \/>\n<meta property=\"og:description\" content=\"Babolat Padel Racket technical veron 2.5 2025 is and advanced attack padel racket made for padel strikers. Visit Padel Zoco now to get your perfect racket.\" \/>\n<meta property=\"og:url\" content=\"https:\/\/padelzoco.es\/en\/product\/pala-padel-babolat-air-veron-2-5-2025\/\" \/>\n<meta property=\"og:site_name\" content=\"Padel Zoco\" \/>\n<meta property=\"article:modified_time\" content=\"2026-03-17T17:28:28+00:00\" \/>\n<meta property=\"og:image\" content=\"https:\/\/padelzoco.es\/wp-content\/uploads\/2025\/01\/Babolat-Air-Veron-2.5-2025-Padel-Racket-03.webp\" \/>\n\t<meta property=\"og:image:width\" content=\"1400\" \/>\n\t<meta property=\"og:image:height\" content=\"1400\" \/>\n\t<meta property=\"og:image:type\" content=\"image\/webp\" \/>\n<meta name=\"twitter:card\" content=\"summary_large_image\" \/>\n<meta name=\"twitter:label1\" content=\"Estimated reading time\" \/>\n\t<meta name=\"twitter:data1\" content=\"1 minute\" \/>\n<script type=\"application\/ld+json\" class=\"yoast-schema-graph\">{\"@context\":\"https:\\\/\\\/schema.org\",\"@graph\":[{\"@type\":\"WebPage\",\"@id\":\"https:\\\/\\\/padelzoco.es\\\/product\\\/pala-padel-babolat-air-veron-2-5-2025\\\/\",\"url\":\"https:\\\/\\\/padelzoco.es\\\/product\\\/pala-padel-babolat-air-veron-2-5-2025\\\/\",\"name\":\"Pala Padel Babolat Air Veron 2.5 2025 - Padel Zoco\",\"isPartOf\":{\"@id\":\"https:\\\/\\\/padelzoco.es\\\/#website\"},\"primaryImageOfPage\":{\"@id\":\"https:\\\/\\\/padelzoco.es\\\/product\\\/pala-padel-babolat-air-veron-2-5-2025\\\/#primaryimage\"},\"image\":{\"@id\":\"https:\\\/\\\/padelzoco.es\\\/product\\\/pala-padel-babolat-air-veron-2-5-2025\\\/#primaryimage\"},\"thumbnailUrl\":\"https:\\\/\\\/padelzoco.es\\\/wp-content\\\/uploads\\\/2025\\\/01\\\/Babolat-Air-Veron-2.5-2025-Padel-Racket-03.webp\",\"datePublished\":\"2025-01-24T10:46:45+00:00\",\"dateModified\":\"2026-03-17T17:28:28+00:00\",\"description\":\"Babolat Padel Racket technical veron 2.5 2025 is and advanced attack padel racket made for padel strikers. Visit Padel Zoco now to get your perfect racket.\",\"breadcrumb\":{\"@id\":\"https:\\\/\\\/padelzoco.es\\\/product\\\/pala-padel-babolat-air-veron-2-5-2025\\\/#breadcrumb\"},\"inLanguage\":\"en-GB\",\"potentialAction\":[{\"@type\":\"ReadAction\",\"target\":[\"https:\\\/\\\/padelzoco.es\\\/product\\\/pala-padel-babolat-air-veron-2-5-2025\\\/\"]}]},{\"@type\":\"ImageObject\",\"inLanguage\":\"en-GB\",\"@id\":\"https:\\\/\\\/padelzoco.es\\\/product\\\/pala-padel-babolat-air-veron-2-5-2025\\\/#primaryimage\",\"url\":\"https:\\\/\\\/padelzoco.es\\\/wp-content\\\/uploads\\\/2025\\\/01\\\/Babolat-Air-Veron-2.5-2025-Padel-Racket-03.webp\",\"contentUrl\":\"https:\\\/\\\/padelzoco.es\\\/wp-content\\\/uploads\\\/2025\\\/01\\\/Babolat-Air-Veron-2.5-2025-Padel-Racket-03.webp\",\"width\":1400,\"height\":1400,\"caption\":\"Babolat Air Veron 2.5 2025 Padel Racket 03\"},{\"@type\":\"BreadcrumbList\",\"@id\":\"https:\\\/\\\/padelzoco.es\\\/product\\\/pala-padel-babolat-air-veron-2-5-2025\\\/#breadcrumb\",\"itemListElement\":[{\"@type\":\"ListItem\",\"position\":1,\"name\":\"Home\",\"item\":\"https:\\\/\\\/padelzoco.es\\\/\"},{\"@type\":\"ListItem\",\"position\":2,\"name\":\"Padel Zoco\",\"item\":\"https:\\\/\\\/padelzoco.es\\\/padel-zoco\\\/\"},{\"@type\":\"ListItem\",\"position\":3,\"name\":\"Pala Padel Babolat Air Veron 2.5 2025\"}]},{\"@type\":\"WebSite\",\"@id\":\"https:\\\/\\\/padelzoco.es\\\/#website\",\"url\":\"https:\\\/\\\/padelzoco.es\\\/\",\"name\":\"Padel Zoco\",\"description\":\"Padel Zoco | Spain\",\"publisher\":{\"@id\":\"https:\\\/\\\/padelzoco.es\\\/#organization\"},\"potentialAction\":[{\"@type\":\"SearchAction\",\"target\":{\"@type\":\"EntryPoint\",\"urlTemplate\":\"https:\\\/\\\/padelzoco.es\\\/?s={search_term_string}\"},\"query-input\":{\"@type\":\"PropertyValueSpecification\",\"valueRequired\":true,\"valueName\":\"search_term_string\"}}],\"inLanguage\":\"en-GB\"},{\"@type\":\"Organization\",\"@id\":\"https:\\\/\\\/padelzoco.es\\\/#organization\",\"name\":\"Padel Zoco\",\"url\":\"https:\\\/\\\/padelzoco.es\\\/\",\"logo\":{\"@type\":\"ImageObject\",\"inLanguage\":\"en-GB\",\"@id\":\"https:\\\/\\\/padelzoco.es\\\/#\\\/schema\\\/logo\\\/image\\\/\",\"url\":\"https:\\\/\\\/padelzoco.es\\\/wp-content\\\/uploads\\\/2023\\\/11\\\/PadelZoco_Logo_black_white.webp\",\"contentUrl\":\"https:\\\/\\\/padelzoco.es\\\/wp-content\\\/uploads\\\/2023\\\/11\\\/PadelZoco_Logo_black_white.webp\",\"width\":1500,\"height\":631,\"caption\":\"Padel Zoco\"},\"image\":{\"@id\":\"https:\\\/\\\/padelzoco.es\\\/#\\\/schema\\\/logo\\\/image\\\/\"}}]}<\/script>\n<!-- \/ Yoast SEO plugin. -->","yoast_head_json":{"title":"Pala Padel Babolat Air Veron 2.5 2025 - Padel Zoco","description":"Babolat Padel Racket technical veron 2.5 2025 is and advanced attack padel racket made for padel strikers. Visit Padel Zoco now to get your perfect racket.","robots":{"index":"index","follow":"follow","max-snippet":"max-snippet:-1","max-image-preview":"max-image-preview:large","max-video-preview":"max-video-preview:-1"},"canonical":"https:\/\/padelzoco.es\/en\/product\/pala-padel-babolat-air-veron-2-5-2025\/","og_locale":"en_GB","og_type":"article","og_title":"Pala Padel Babolat Air Veron 2.5 2025 - Padel Zoco","og_description":"Babolat Padel Racket technical veron 2.5 2025 is and advanced attack padel racket made for padel strikers. Visit Padel Zoco now to get your perfect racket.","og_url":"https:\/\/padelzoco.es\/en\/product\/pala-padel-babolat-air-veron-2-5-2025\/","og_site_name":"Padel Zoco","article_modified_time":"2026-03-17T17:28:28+00:00","og_image":[{"width":1400,"height":1400,"url":"https:\/\/padelzoco.es\/wp-content\/uploads\/2025\/01\/Babolat-Air-Veron-2.5-2025-Padel-Racket-03.webp","type":"image\/webp"}],"twitter_card":"summary_large_image","twitter_misc":{"Estimated reading time":"1 minute"},"schema":{"@context":"https:\/\/schema.org","@graph":[{"@type":"WebPage","@id":"https:\/\/padelzoco.es\/product\/pala-padel-babolat-air-veron-2-5-2025\/","url":"https:\/\/padelzoco.es\/product\/pala-padel-babolat-air-veron-2-5-2025\/","name":"Pala Padel Babolat Air Veron 2.5 2025 - Padel Zoco","isPartOf":{"@id":"https:\/\/padelzoco.es\/#website"},"primaryImageOfPage":{"@id":"https:\/\/padelzoco.es\/product\/pala-padel-babolat-air-veron-2-5-2025\/#primaryimage"},"image":{"@id":"https:\/\/padelzoco.es\/product\/pala-padel-babolat-air-veron-2-5-2025\/#primaryimage"},"thumbnailUrl":"https:\/\/padelzoco.es\/wp-content\/uploads\/2025\/01\/Babolat-Air-Veron-2.5-2025-Padel-Racket-03.webp","datePublished":"2025-01-24T10:46:45+00:00","dateModified":"2026-03-17T17:28:28+00:00","description":"Babolat Padel Racket technical veron 2.5 2025 is and advanced attack padel racket made for padel strikers. Visit Padel Zoco now to get your perfect racket.","breadcrumb":{"@id":"https:\/\/padelzoco.es\/product\/pala-padel-babolat-air-veron-2-5-2025\/#breadcrumb"},"inLanguage":"en-GB","potentialAction":[{"@type":"ReadAction","target":["https:\/\/padelzoco.es\/product\/pala-padel-babolat-air-veron-2-5-2025\/"]}]},{"@type":"ImageObject","inLanguage":"en-GB","@id":"https:\/\/padelzoco.es\/product\/pala-padel-babolat-air-veron-2-5-2025\/#primaryimage","url":"https:\/\/padelzoco.es\/wp-content\/uploads\/2025\/01\/Babolat-Air-Veron-2.5-2025-Padel-Racket-03.webp","contentUrl":"https:\/\/padelzoco.es\/wp-content\/uploads\/2025\/01\/Babolat-Air-Veron-2.5-2025-Padel-Racket-03.webp","width":1400,"height":1400,"caption":"Babolat Air Veron 2.5 2025 Padel Racket 03"},{"@type":"BreadcrumbList","@id":"https:\/\/padelzoco.es\/product\/pala-padel-babolat-air-veron-2-5-2025\/#breadcrumb","itemListElement":[{"@type":"ListItem","position":1,"name":"Home","item":"https:\/\/padelzoco.es\/"},{"@type":"ListItem","position":2,"name":"Padel Zoco","item":"https:\/\/padelzoco.es\/padel-zoco\/"},{"@type":"ListItem","position":3,"name":"Pala Padel Babolat Air Veron 2.5 2025"}]},{"@type":"WebSite","@id":"https:\/\/padelzoco.es\/#website","url":"https:\/\/padelzoco.es\/","name":"Padel Zoco","description":"Padel Zoco | Spain","publisher":{"@id":"https:\/\/padelzoco.es\/#organization"},"potentialAction":[{"@type":"SearchAction","target":{"@type":"EntryPoint","urlTemplate":"https:\/\/padelzoco.es\/?s={search_term_string}"},"query-input":{"@type":"PropertyValueSpecification","valueRequired":true,"valueName":"search_term_string"}}],"inLanguage":"en-GB"},{"@type":"Organization","@id":"https:\/\/padelzoco.es\/#organization","name":"Padel Zoco","url":"https:\/\/padelzoco.es\/","logo":{"@type":"ImageObject","inLanguage":"en-GB","@id":"https:\/\/padelzoco.es\/#\/schema\/logo\/image\/","url":"https:\/\/padelzoco.es\/wp-content\/uploads\/2023\/11\/PadelZoco_Logo_black_white.webp","contentUrl":"https:\/\/padelzoco.es\/wp-content\/uploads\/2023\/11\/PadelZoco_Logo_black_white.webp","width":1500,"height":631,"caption":"Padel Zoco"},"image":{"@id":"https:\/\/padelzoco.es\/#\/schema\/logo\/image\/"}}]}},"_links":{"self":[{"href":"https:\/\/padelzoco.es\/en\/wp-json\/wp\/v2\/product\/16515","targetHints":{"allow":["GET"]}}],"collection":[{"href":"https:\/\/padelzoco.es\/en\/wp-json\/wp\/v2\/product"}],"about":[{"href":"https:\/\/padelzoco.es\/en\/wp-json\/wp\/v2\/types\/product"}],"version-history":[{"count":6,"href":"https:\/\/padelzoco.es\/en\/wp-json\/wp\/v2\/product\/16515\/revisions"}],"predecessor-version":[{"id":37593,"href":"https:\/\/padelzoco.es\/en\/wp-json\/wp\/v2\/product\/16515\/revisions\/37593"}],"wp:featuredmedia":[{"embeddable":true,"href":"https:\/\/padelzoco.es\/en\/wp-json\/wp\/v2\/media\/16518"}],"wp:attachment":[{"href":"https:\/\/padelzoco.es\/en\/wp-json\/wp\/v2\/media?parent=16515"}],"wp:term":[{"taxonomy":"product_brand","embeddable":true,"href":"https:\/\/padelzoco.es\/en\/wp-json\/wp\/v2\/product_brand?post=16515"},{"taxonomy":"product_cat","embeddable":true,"href":"https:\/\/padelzoco.es\/en\/wp-json\/wp\/v2\/product_cat?post=16515"},{"taxonomy":"product_tag","embeddable":true,"href":"https:\/\/padelzoco.es\/en\/wp-json\/wp\/v2\/product_tag?post=16515"}],"curies":[{"name":"wp","href":"https:\/\/api.w.org\/{rel}","templated":true}]}}