{"id":16523,"date":"2025-01-24T12:21:37","date_gmt":"2025-01-24T11:21:37","guid":{"rendered":"https:\/\/adc06f55e9.nxcli.io\/?post_type=product&#038;p=16523"},"modified":"2026-04-11T20:35:45","modified_gmt":"2026-04-11T19:35:45","slug":"babolat-counter-veron-2-5-2025-padel-racket","status":"publish","type":"product","link":"https:\/\/padelzoco.es\/en\/product\/babolat-counter-veron-2-5-2025-padel-racket\/","title":{"rendered":"Babolat Counter Veron 2.5 2025 Padel Racket"},"content":{"rendered":"<p data-start=\"0\" data-end=\"53\">\n<p data-start=\"55\" data-end=\"321\">Nuestra observaci\u00f3n del juego y de los jugadores nos ha llevado a identificar diferentes perfiles. Uno de ellos es el contraatacante, un jugador que busca ser una muralla en la pista, controlar el ritmo con paciencia y esperar la bola perfecta para definir el punto.<\/p>\n<p data-start=\"323\" data-end=\"489\">La Counter Veron ha sido desarrollada para aportar la precisi\u00f3n necesaria para resistir los golpes del rival y la tolerancia ideal para cerrar el punto con confianza.<\/p>\n<p data-start=\"491\" data-end=\"661\">Prep\u00e1rate para desgastar a tus adversarios con una pala que te ayudar\u00e1 a cambiar el ritmo del juego y sacar tu verdadera identidad en pista: un aut\u00e9ntico counter striker.<\/p>","protected":false},"excerpt":{"rendered":"<div class=\"flex-shrink-0 flex flex-col relative items-end\">\n<div>\n<div class=\"pt-0\">\n<div class=\"gizmo-bot-avatar flex h-8 w-8 items-center justify-center overflow-hidden rounded-full\">\n<div class=\"relative p-1 rounded-sm flex items-center justify-center bg-token-main-surface-primary text-token-text-primary h-8 w-8\">\n<p>We all want to score points\u2026 We're all ATTACKERS!<\/p>\n<p>Our observation of the game and the players has led us to identify several player profiles. One of them, the counter-attacker, wants to be a wall and patiently control the game, waiting for the perfect shot to finish it off.<\/p>\n<p>The Counter Veron has been developed to provide the precision needed to withstand your opponents' shots and the patience to finish the point.<\/p>\n<p>Get ready to wear down your opponents with this racket that will help you turn the game around and reveal your true identity: a COUNTER-STRIKER!<\/p>\n<\/div>\n<\/div>\n<\/div>\n<\/div>\n<div>\n<p>&nbsp;<\/p>\n<\/div>\n<\/div>","protected":false},"featured_media":16524,"template":"","meta":[],"product_brand":[],"product_cat":[582,817,589,757,754,586],"product_tag":[],"class_list":{"0":"post-16523","1":"product","2":"type-product","3":"status-publish","4":"has-post-thumbnail","6":"product_cat-avanzado-palas","7":"product_cat-babolat-palas","8":"product_cat-hombre-palas","9":"product_cat-palas-ofertas","10":"product_cat-rebajas","11":"product_cat-redonda-palas","12":"pa_brand-babolat","14":"first","15":"instock","16":"sale","17":"taxable","18":"shipping-taxable","19":"purchasable","20":"product-type-simple"},"yoast_head":"<!-- This site is optimized with the Yoast SEO plugin v27.4 - https:\/\/yoast.com\/product\/yoast-seo-wordpress\/ -->\n<title>Pala Padel Babolat Counter Veron 2.5 2025 - Padel Zoco<\/title>\n<meta name=\"description\" content=\"Babolat Counter Veron, pala de control y gran tolerancia para contraatacantes que buscan precisi\u00f3n, resistencia y definici\u00f3n en cada punto.\" \/>\n<meta name=\"robots\" content=\"index, follow, max-snippet:-1, max-image-preview:large, max-video-preview:-1\" \/>\n<link rel=\"canonical\" href=\"https:\/\/padelzoco.es\/en\/product\/babolat-counter-veron-2-5-2025-padel-racket\/\" \/>\n<meta property=\"og:locale\" content=\"en_GB\" \/>\n<meta property=\"og:type\" content=\"article\" \/>\n<meta property=\"og:title\" content=\"Pala Padel Babolat Counter Veron 2.5 2025 - Padel Zoco\" \/>\n<meta property=\"og:description\" content=\"Babolat Counter Veron, pala de control y gran tolerancia para contraatacantes que buscan precisi\u00f3n, resistencia y definici\u00f3n en cada punto.\" \/>\n<meta property=\"og:url\" content=\"https:\/\/padelzoco.es\/en\/product\/babolat-counter-veron-2-5-2025-padel-racket\/\" \/>\n<meta property=\"og:site_name\" content=\"Padel Zoco\" \/>\n<meta property=\"article:modified_time\" content=\"2026-04-11T19:35:45+00:00\" \/>\n<meta property=\"og:image\" content=\"https:\/\/padelzoco.es\/wp-content\/uploads\/2025\/01\/Babolat-Counter-Veron-2.5-2025-Padel-Racket-05.webp\" \/>\n\t<meta property=\"og:image:width\" content=\"1400\" \/>\n\t<meta property=\"og:image:height\" content=\"1400\" \/>\n\t<meta property=\"og:image:type\" content=\"image\/webp\" \/>\n<meta name=\"twitter:card\" content=\"summary_large_image\" \/>\n<meta name=\"twitter:label1\" content=\"Estimated reading time\" \/>\n\t<meta name=\"twitter:data1\" content=\"1 minute\" \/>\n<script type=\"application\/ld+json\" class=\"yoast-schema-graph\">{\"@context\":\"https:\\\/\\\/schema.org\",\"@graph\":[{\"@type\":\"WebPage\",\"@id\":\"https:\\\/\\\/padelzoco.es\\\/product\\\/babolat-counter-veron-2-5-2025-padel-racket\\\/\",\"url\":\"https:\\\/\\\/padelzoco.es\\\/product\\\/babolat-counter-veron-2-5-2025-padel-racket\\\/\",\"name\":\"Pala Padel Babolat Counter Veron 2.5 2025 - Padel Zoco\",\"isPartOf\":{\"@id\":\"https:\\\/\\\/padelzoco.es\\\/#website\"},\"primaryImageOfPage\":{\"@id\":\"https:\\\/\\\/padelzoco.es\\\/product\\\/babolat-counter-veron-2-5-2025-padel-racket\\\/#primaryimage\"},\"image\":{\"@id\":\"https:\\\/\\\/padelzoco.es\\\/product\\\/babolat-counter-veron-2-5-2025-padel-racket\\\/#primaryimage\"},\"thumbnailUrl\":\"https:\\\/\\\/padelzoco.es\\\/wp-content\\\/uploads\\\/2025\\\/01\\\/Babolat-Counter-Veron-2.5-2025-Padel-Racket-05.webp\",\"datePublished\":\"2025-01-24T11:21:37+00:00\",\"dateModified\":\"2026-04-11T19:35:45+00:00\",\"description\":\"Babolat Counter Veron, pala de control y gran tolerancia para contraatacantes que buscan precisi\u00f3n, resistencia y definici\u00f3n en cada punto.\",\"breadcrumb\":{\"@id\":\"https:\\\/\\\/padelzoco.es\\\/product\\\/babolat-counter-veron-2-5-2025-padel-racket\\\/#breadcrumb\"},\"inLanguage\":\"en-GB\",\"potentialAction\":[{\"@type\":\"ReadAction\",\"target\":[\"https:\\\/\\\/padelzoco.es\\\/product\\\/babolat-counter-veron-2-5-2025-padel-racket\\\/\"]}]},{\"@type\":\"ImageObject\",\"inLanguage\":\"en-GB\",\"@id\":\"https:\\\/\\\/padelzoco.es\\\/product\\\/babolat-counter-veron-2-5-2025-padel-racket\\\/#primaryimage\",\"url\":\"https:\\\/\\\/padelzoco.es\\\/wp-content\\\/uploads\\\/2025\\\/01\\\/Babolat-Counter-Veron-2.5-2025-Padel-Racket-05.webp\",\"contentUrl\":\"https:\\\/\\\/padelzoco.es\\\/wp-content\\\/uploads\\\/2025\\\/01\\\/Babolat-Counter-Veron-2.5-2025-Padel-Racket-05.webp\",\"width\":1400,\"height\":1400,\"caption\":\"Babolat Counter Veron 2.5 2025 Padel Racket 05\"},{\"@type\":\"BreadcrumbList\",\"@id\":\"https:\\\/\\\/padelzoco.es\\\/product\\\/babolat-counter-veron-2-5-2025-padel-racket\\\/#breadcrumb\",\"itemListElement\":[{\"@type\":\"ListItem\",\"position\":1,\"name\":\"Home\",\"item\":\"https:\\\/\\\/padelzoco.es\\\/\"},{\"@type\":\"ListItem\",\"position\":2,\"name\":\"Padel Zoco\",\"item\":\"https:\\\/\\\/padelzoco.es\\\/padel-zoco\\\/\"},{\"@type\":\"ListItem\",\"position\":3,\"name\":\"Pala Padel Babolat Counter Veron 2.5 2025\"}]},{\"@type\":\"WebSite\",\"@id\":\"https:\\\/\\\/padelzoco.es\\\/#website\",\"url\":\"https:\\\/\\\/padelzoco.es\\\/\",\"name\":\"Padel Zoco\",\"description\":\"Padel Zoco | Spain\",\"publisher\":{\"@id\":\"https:\\\/\\\/padelzoco.es\\\/#organization\"},\"potentialAction\":[{\"@type\":\"SearchAction\",\"target\":{\"@type\":\"EntryPoint\",\"urlTemplate\":\"https:\\\/\\\/padelzoco.es\\\/?s={search_term_string}\"},\"query-input\":{\"@type\":\"PropertyValueSpecification\",\"valueRequired\":true,\"valueName\":\"search_term_string\"}}],\"inLanguage\":\"en-GB\"},{\"@type\":\"Organization\",\"@id\":\"https:\\\/\\\/padelzoco.es\\\/#organization\",\"name\":\"Padel Zoco\",\"url\":\"https:\\\/\\\/padelzoco.es\\\/\",\"logo\":{\"@type\":\"ImageObject\",\"inLanguage\":\"en-GB\",\"@id\":\"https:\\\/\\\/padelzoco.es\\\/#\\\/schema\\\/logo\\\/image\\\/\",\"url\":\"https:\\\/\\\/padelzoco.es\\\/wp-content\\\/uploads\\\/2023\\\/11\\\/PadelZoco_Logo_black_white.webp\",\"contentUrl\":\"https:\\\/\\\/padelzoco.es\\\/wp-content\\\/uploads\\\/2023\\\/11\\\/PadelZoco_Logo_black_white.webp\",\"width\":1500,\"height\":631,\"caption\":\"Padel Zoco\"},\"image\":{\"@id\":\"https:\\\/\\\/padelzoco.es\\\/#\\\/schema\\\/logo\\\/image\\\/\"}}]}<\/script>\n<!-- \/ Yoast SEO plugin. -->","yoast_head_json":{"title":"Pala Padel Babolat Counter Veron 2.5 2025 - Padel Zoco","description":"Babolat Counter Veron, pala de control y gran tolerancia para contraatacantes que buscan precisi\u00f3n, resistencia y definici\u00f3n en cada punto.","robots":{"index":"index","follow":"follow","max-snippet":"max-snippet:-1","max-image-preview":"max-image-preview:large","max-video-preview":"max-video-preview:-1"},"canonical":"https:\/\/padelzoco.es\/en\/product\/babolat-counter-veron-2-5-2025-padel-racket\/","og_locale":"en_GB","og_type":"article","og_title":"Pala Padel Babolat Counter Veron 2.5 2025 - Padel Zoco","og_description":"Babolat Counter Veron, pala de control y gran tolerancia para contraatacantes que buscan precisi\u00f3n, resistencia y definici\u00f3n en cada punto.","og_url":"https:\/\/padelzoco.es\/en\/product\/babolat-counter-veron-2-5-2025-padel-racket\/","og_site_name":"Padel Zoco","article_modified_time":"2026-04-11T19:35:45+00:00","og_image":[{"width":1400,"height":1400,"url":"https:\/\/padelzoco.es\/wp-content\/uploads\/2025\/01\/Babolat-Counter-Veron-2.5-2025-Padel-Racket-05.webp","type":"image\/webp"}],"twitter_card":"summary_large_image","twitter_misc":{"Estimated reading time":"1 minute"},"schema":{"@context":"https:\/\/schema.org","@graph":[{"@type":"WebPage","@id":"https:\/\/padelzoco.es\/product\/babolat-counter-veron-2-5-2025-padel-racket\/","url":"https:\/\/padelzoco.es\/product\/babolat-counter-veron-2-5-2025-padel-racket\/","name":"Pala Padel Babolat Counter Veron 2.5 2025 - Padel Zoco","isPartOf":{"@id":"https:\/\/padelzoco.es\/#website"},"primaryImageOfPage":{"@id":"https:\/\/padelzoco.es\/product\/babolat-counter-veron-2-5-2025-padel-racket\/#primaryimage"},"image":{"@id":"https:\/\/padelzoco.es\/product\/babolat-counter-veron-2-5-2025-padel-racket\/#primaryimage"},"thumbnailUrl":"https:\/\/padelzoco.es\/wp-content\/uploads\/2025\/01\/Babolat-Counter-Veron-2.5-2025-Padel-Racket-05.webp","datePublished":"2025-01-24T11:21:37+00:00","dateModified":"2026-04-11T19:35:45+00:00","description":"Babolat Counter Veron, pala de control y gran tolerancia para contraatacantes que buscan precisi\u00f3n, resistencia y definici\u00f3n en cada punto.","breadcrumb":{"@id":"https:\/\/padelzoco.es\/product\/babolat-counter-veron-2-5-2025-padel-racket\/#breadcrumb"},"inLanguage":"en-GB","potentialAction":[{"@type":"ReadAction","target":["https:\/\/padelzoco.es\/product\/babolat-counter-veron-2-5-2025-padel-racket\/"]}]},{"@type":"ImageObject","inLanguage":"en-GB","@id":"https:\/\/padelzoco.es\/product\/babolat-counter-veron-2-5-2025-padel-racket\/#primaryimage","url":"https:\/\/padelzoco.es\/wp-content\/uploads\/2025\/01\/Babolat-Counter-Veron-2.5-2025-Padel-Racket-05.webp","contentUrl":"https:\/\/padelzoco.es\/wp-content\/uploads\/2025\/01\/Babolat-Counter-Veron-2.5-2025-Padel-Racket-05.webp","width":1400,"height":1400,"caption":"Babolat Counter Veron 2.5 2025 Padel Racket 05"},{"@type":"BreadcrumbList","@id":"https:\/\/padelzoco.es\/product\/babolat-counter-veron-2-5-2025-padel-racket\/#breadcrumb","itemListElement":[{"@type":"ListItem","position":1,"name":"Home","item":"https:\/\/padelzoco.es\/"},{"@type":"ListItem","position":2,"name":"Padel Zoco","item":"https:\/\/padelzoco.es\/padel-zoco\/"},{"@type":"ListItem","position":3,"name":"Pala Padel Babolat Counter Veron 2.5 2025"}]},{"@type":"WebSite","@id":"https:\/\/padelzoco.es\/#website","url":"https:\/\/padelzoco.es\/","name":"Padel Zoco","description":"Padel Zoco | Spain","publisher":{"@id":"https:\/\/padelzoco.es\/#organization"},"potentialAction":[{"@type":"SearchAction","target":{"@type":"EntryPoint","urlTemplate":"https:\/\/padelzoco.es\/?s={search_term_string}"},"query-input":{"@type":"PropertyValueSpecification","valueRequired":true,"valueName":"search_term_string"}}],"inLanguage":"en-GB"},{"@type":"Organization","@id":"https:\/\/padelzoco.es\/#organization","name":"Padel Zoco","url":"https:\/\/padelzoco.es\/","logo":{"@type":"ImageObject","inLanguage":"en-GB","@id":"https:\/\/padelzoco.es\/#\/schema\/logo\/image\/","url":"https:\/\/padelzoco.es\/wp-content\/uploads\/2023\/11\/PadelZoco_Logo_black_white.webp","contentUrl":"https:\/\/padelzoco.es\/wp-content\/uploads\/2023\/11\/PadelZoco_Logo_black_white.webp","width":1500,"height":631,"caption":"Padel Zoco"},"image":{"@id":"https:\/\/padelzoco.es\/#\/schema\/logo\/image\/"}}]}},"_links":{"self":[{"href":"https:\/\/padelzoco.es\/en\/wp-json\/wp\/v2\/product\/16523","targetHints":{"allow":["GET"]}}],"collection":[{"href":"https:\/\/padelzoco.es\/en\/wp-json\/wp\/v2\/product"}],"about":[{"href":"https:\/\/padelzoco.es\/en\/wp-json\/wp\/v2\/types\/product"}],"version-history":[{"count":4,"href":"https:\/\/padelzoco.es\/en\/wp-json\/wp\/v2\/product\/16523\/revisions"}],"predecessor-version":[{"id":37591,"href":"https:\/\/padelzoco.es\/en\/wp-json\/wp\/v2\/product\/16523\/revisions\/37591"}],"wp:featuredmedia":[{"embeddable":true,"href":"https:\/\/padelzoco.es\/en\/wp-json\/wp\/v2\/media\/16524"}],"wp:attachment":[{"href":"https:\/\/padelzoco.es\/en\/wp-json\/wp\/v2\/media?parent=16523"}],"wp:term":[{"taxonomy":"product_brand","embeddable":true,"href":"https:\/\/padelzoco.es\/en\/wp-json\/wp\/v2\/product_brand?post=16523"},{"taxonomy":"product_cat","embeddable":true,"href":"https:\/\/padelzoco.es\/en\/wp-json\/wp\/v2\/product_cat?post=16523"},{"taxonomy":"product_tag","embeddable":true,"href":"https:\/\/padelzoco.es\/en\/wp-json\/wp\/v2\/product_tag?post=16523"}],"curies":[{"name":"wp","href":"https:\/\/api.w.org\/{rel}","templated":true}]}}