{"id":16601,"date":"2025-01-24T17:40:43","date_gmt":"2025-01-24T16:40:43","guid":{"rendered":"https:\/\/adc06f55e9.nxcli.io\/?post_type=product&#038;p=16601"},"modified":"2026-04-30T19:15:49","modified_gmt":"2026-04-30T18:15:49","slug":"paletero-babolat-rh-pro-padel-juan-lebron-2025-negro","status":"publish","type":"product","link":"https:\/\/padelzoco.es\/en\/product\/paletero-babolat-rh-pro-padel-juan-lebron-2025-negro\/","title":{"rendered":"Paletero Babolat RH Pro Padel Juan Lebr\u00f3n 2025 Negro"},"content":{"rendered":"<p>La bolsa RH Pro Padel es mucho m\u00e1s que un simple accesorio. Representa una declaraci\u00f3n de rendimiento para los jugadores expertos que aspiran a la excelencia en la pista.<\/p>\n<p>Su dise\u00f1o destaca por un volumen generoso, una capacidad de organizaci\u00f3n avanzada y una practicidad sin igual. Con su arquitectura espec\u00edficamente dise\u00f1ada para satisfacer las necesidades de los jugadores expertos, la bolsa ofrece tres compartimentos, un bolsillo transpirable para el calzado, bolsillos para accesorios y ranuras ingeniosas.<\/p>\n<p>Cada detalle ha sido pensado para optimizar tu experiencia de juego y facilitar el transporte organizado de tu equipo.<\/p>\n<p>Con sus l\u00edneas afiladas y su funcionalidad, la RH PRO PADEL es una fusi\u00f3n perfecta de funcionalidad y estilo, que garantiza que destacar\u00e1s no s\u00f3lo por su excepcional rendimiento, sino tambi\u00e9n por su estilo inconfundible.<\/p>\n<p>Fabricado con materiales ultrarresistentes, impermeables y 100% reciclados, la RH Pro Padel Juan Lebr\u00f3n garantiza una durabilidad excepcional. Tu equipo estar\u00e1 protegido y organizado para que puedas concentrarte en tu juego.<\/p>","protected":false},"excerpt":{"rendered":"<p>La bolsa <strong data-start=\"122\" data-end=\"138\">RH Pro Padel<\/strong> es una bolsa premium pensada para jugadores exigentes. Ofrece gran capacidad, organizaci\u00f3n avanzada y materiales ultrarresistentes e impermeables 100% reciclados, combinando m\u00e1ximo rendimiento y estilo dentro y fuera de la pista.otegido y organizado para que puedas concentrarte en tu juego.<\/p>","protected":false},"featured_media":16606,"template":"","meta":[],"product_brand":[],"product_cat":[893,636,626],"product_tag":[],"class_list":{"0":"post-16601","1":"product","2":"type-product","3":"status-publish","4":"has-post-thumbnail","6":"product_cat-babolat-bolsas","7":"product_cat-bolsa","8":"product_cat-bolsas","9":"pa_brand-babolat","10":"pa_hs_code-673","12":"first","13":"instock","14":"sale","15":"taxable","16":"shipping-taxable","17":"purchasable","18":"product-type-simple"},"yoast_head":"<!-- This site is optimized with the Yoast SEO plugin v27.5 - https:\/\/yoast.com\/product\/yoast-seo-wordpress\/ -->\n<title>Paletero Babolat RH Pro Padel Juan Lebr\u00f3n 2025 Negro - Padel Zoco<\/title>\n<meta name=\"description\" content=\"Bolsa RH Pro Padel de alto rendimiento: gran capacidad, m\u00faltiples compartimentos, materiales reciclados e impermeables. Dise\u00f1ada para jugadores expertos. Ideal para p\u00e1del.\" \/>\n<meta name=\"robots\" content=\"index, follow, max-snippet:-1, max-image-preview:large, max-video-preview:-1\" \/>\n<link rel=\"canonical\" href=\"https:\/\/padelzoco.es\/en\/product\/paletero-babolat-rh-pro-padel-juan-lebron-2025-negro\/\" \/>\n<meta property=\"og:locale\" content=\"en_GB\" \/>\n<meta property=\"og:type\" content=\"article\" \/>\n<meta property=\"og:title\" content=\"Paletero Babolat RH Pro Padel Juan Lebr\u00f3n 2025 Negro - Padel Zoco\" \/>\n<meta property=\"og:description\" content=\"Bolsa RH Pro Padel de alto rendimiento: gran capacidad, m\u00faltiples compartimentos, materiales reciclados e impermeables. Dise\u00f1ada para jugadores expertos. Ideal para p\u00e1del.\" \/>\n<meta property=\"og:url\" content=\"https:\/\/padelzoco.es\/en\/product\/paletero-babolat-rh-pro-padel-juan-lebron-2025-negro\/\" \/>\n<meta property=\"og:site_name\" content=\"Padel Zoco\" \/>\n<meta property=\"article:modified_time\" content=\"2026-04-30T18:15:49+00:00\" \/>\n<meta property=\"og:image\" content=\"https:\/\/padelzoco.es\/wp-content\/uploads\/2025\/01\/Paletero-Babolat-RH-Pro-Padel-Juan-Lebron-2025-Negro-02.webp\" \/>\n\t<meta property=\"og:image:width\" content=\"1400\" \/>\n\t<meta property=\"og:image:height\" content=\"1400\" \/>\n\t<meta property=\"og:image:type\" content=\"image\/webp\" \/>\n<meta name=\"twitter:card\" content=\"summary_large_image\" \/>\n<meta name=\"twitter:label1\" content=\"Estimated reading time\" \/>\n\t<meta name=\"twitter:data1\" content=\"1 minute\" \/>\n<script type=\"application\/ld+json\" class=\"yoast-schema-graph\">{\"@context\":\"https:\\\/\\\/schema.org\",\"@graph\":[{\"@type\":\"WebPage\",\"@id\":\"https:\\\/\\\/padelzoco.es\\\/product\\\/paletero-babolat-rh-pro-padel-juan-lebron-2025-negro\\\/\",\"url\":\"https:\\\/\\\/padelzoco.es\\\/product\\\/paletero-babolat-rh-pro-padel-juan-lebron-2025-negro\\\/\",\"name\":\"Paletero Babolat RH Pro Padel Juan Lebr\u00f3n 2025 Negro - Padel Zoco\",\"isPartOf\":{\"@id\":\"https:\\\/\\\/padelzoco.es\\\/#website\"},\"primaryImageOfPage\":{\"@id\":\"https:\\\/\\\/padelzoco.es\\\/product\\\/paletero-babolat-rh-pro-padel-juan-lebron-2025-negro\\\/#primaryimage\"},\"image\":{\"@id\":\"https:\\\/\\\/padelzoco.es\\\/product\\\/paletero-babolat-rh-pro-padel-juan-lebron-2025-negro\\\/#primaryimage\"},\"thumbnailUrl\":\"https:\\\/\\\/padelzoco.es\\\/wp-content\\\/uploads\\\/2025\\\/01\\\/Paletero-Babolat-RH-Pro-Padel-Juan-Lebron-2025-Negro-02.webp\",\"datePublished\":\"2025-01-24T16:40:43+00:00\",\"dateModified\":\"2026-04-30T18:15:49+00:00\",\"description\":\"Bolsa RH Pro Padel de alto rendimiento: gran capacidad, m\u00faltiples compartimentos, materiales reciclados e impermeables. Dise\u00f1ada para jugadores expertos. Ideal para p\u00e1del.\",\"breadcrumb\":{\"@id\":\"https:\\\/\\\/padelzoco.es\\\/product\\\/paletero-babolat-rh-pro-padel-juan-lebron-2025-negro\\\/#breadcrumb\"},\"inLanguage\":\"en-GB\",\"potentialAction\":[{\"@type\":\"ReadAction\",\"target\":[\"https:\\\/\\\/padelzoco.es\\\/product\\\/paletero-babolat-rh-pro-padel-juan-lebron-2025-negro\\\/\"]}]},{\"@type\":\"ImageObject\",\"inLanguage\":\"en-GB\",\"@id\":\"https:\\\/\\\/padelzoco.es\\\/product\\\/paletero-babolat-rh-pro-padel-juan-lebron-2025-negro\\\/#primaryimage\",\"url\":\"https:\\\/\\\/padelzoco.es\\\/wp-content\\\/uploads\\\/2025\\\/01\\\/Paletero-Babolat-RH-Pro-Padel-Juan-Lebron-2025-Negro-02.webp\",\"contentUrl\":\"https:\\\/\\\/padelzoco.es\\\/wp-content\\\/uploads\\\/2025\\\/01\\\/Paletero-Babolat-RH-Pro-Padel-Juan-Lebron-2025-Negro-02.webp\",\"width\":1400,\"height\":1400,\"caption\":\"Paletero Babolat RH Pro Padel Juan Lebr\u00f3n 2025 Negro 02\"},{\"@type\":\"BreadcrumbList\",\"@id\":\"https:\\\/\\\/padelzoco.es\\\/product\\\/paletero-babolat-rh-pro-padel-juan-lebron-2025-negro\\\/#breadcrumb\",\"itemListElement\":[{\"@type\":\"ListItem\",\"position\":1,\"name\":\"Home\",\"item\":\"https:\\\/\\\/padelzoco.es\\\/\"},{\"@type\":\"ListItem\",\"position\":2,\"name\":\"Padel Zoco\",\"item\":\"https:\\\/\\\/padelzoco.es\\\/padel-zoco\\\/\"},{\"@type\":\"ListItem\",\"position\":3,\"name\":\"Paletero Babolat RH Pro Padel Juan Lebr\u00f3n 2025 Negro\"}]},{\"@type\":\"WebSite\",\"@id\":\"https:\\\/\\\/padelzoco.es\\\/#website\",\"url\":\"https:\\\/\\\/padelzoco.es\\\/\",\"name\":\"Padel Zoco\",\"description\":\"Padel Zoco | Spain\",\"publisher\":{\"@id\":\"https:\\\/\\\/padelzoco.es\\\/#organization\"},\"potentialAction\":[{\"@type\":\"SearchAction\",\"target\":{\"@type\":\"EntryPoint\",\"urlTemplate\":\"https:\\\/\\\/padelzoco.es\\\/?s={search_term_string}\"},\"query-input\":{\"@type\":\"PropertyValueSpecification\",\"valueRequired\":true,\"valueName\":\"search_term_string\"}}],\"inLanguage\":\"en-GB\"},{\"@type\":\"Organization\",\"@id\":\"https:\\\/\\\/padelzoco.es\\\/#organization\",\"name\":\"Padel Zoco\",\"url\":\"https:\\\/\\\/padelzoco.es\\\/\",\"logo\":{\"@type\":\"ImageObject\",\"inLanguage\":\"en-GB\",\"@id\":\"https:\\\/\\\/padelzoco.es\\\/#\\\/schema\\\/logo\\\/image\\\/\",\"url\":\"https:\\\/\\\/padelzoco.es\\\/wp-content\\\/uploads\\\/2023\\\/11\\\/PadelZoco_Logo_black_white.webp\",\"contentUrl\":\"https:\\\/\\\/padelzoco.es\\\/wp-content\\\/uploads\\\/2023\\\/11\\\/PadelZoco_Logo_black_white.webp\",\"width\":1500,\"height\":631,\"caption\":\"Padel Zoco\"},\"image\":{\"@id\":\"https:\\\/\\\/padelzoco.es\\\/#\\\/schema\\\/logo\\\/image\\\/\"}}]}<\/script>\n<!-- \/ Yoast SEO plugin. -->","yoast_head_json":{"title":"Paletero Babolat RH Pro Padel Juan Lebr\u00f3n 2025 Negro - Padel Zoco","description":"Bolsa RH Pro Padel de alto rendimiento: gran capacidad, m\u00faltiples compartimentos, materiales reciclados e impermeables. Dise\u00f1ada para jugadores expertos. Ideal para p\u00e1del.","robots":{"index":"index","follow":"follow","max-snippet":"max-snippet:-1","max-image-preview":"max-image-preview:large","max-video-preview":"max-video-preview:-1"},"canonical":"https:\/\/padelzoco.es\/en\/product\/paletero-babolat-rh-pro-padel-juan-lebron-2025-negro\/","og_locale":"en_GB","og_type":"article","og_title":"Paletero Babolat RH Pro Padel Juan Lebr\u00f3n 2025 Negro - Padel Zoco","og_description":"Bolsa RH Pro Padel de alto rendimiento: gran capacidad, m\u00faltiples compartimentos, materiales reciclados e impermeables. Dise\u00f1ada para jugadores expertos. Ideal para p\u00e1del.","og_url":"https:\/\/padelzoco.es\/en\/product\/paletero-babolat-rh-pro-padel-juan-lebron-2025-negro\/","og_site_name":"Padel Zoco","article_modified_time":"2026-04-30T18:15:49+00:00","og_image":[{"width":1400,"height":1400,"url":"https:\/\/padelzoco.es\/wp-content\/uploads\/2025\/01\/Paletero-Babolat-RH-Pro-Padel-Juan-Lebron-2025-Negro-02.webp","type":"image\/webp"}],"twitter_card":"summary_large_image","twitter_misc":{"Estimated reading time":"1 minute"},"schema":{"@context":"https:\/\/schema.org","@graph":[{"@type":"WebPage","@id":"https:\/\/padelzoco.es\/product\/paletero-babolat-rh-pro-padel-juan-lebron-2025-negro\/","url":"https:\/\/padelzoco.es\/product\/paletero-babolat-rh-pro-padel-juan-lebron-2025-negro\/","name":"Paletero Babolat RH Pro Padel Juan Lebr\u00f3n 2025 Negro - Padel Zoco","isPartOf":{"@id":"https:\/\/padelzoco.es\/#website"},"primaryImageOfPage":{"@id":"https:\/\/padelzoco.es\/product\/paletero-babolat-rh-pro-padel-juan-lebron-2025-negro\/#primaryimage"},"image":{"@id":"https:\/\/padelzoco.es\/product\/paletero-babolat-rh-pro-padel-juan-lebron-2025-negro\/#primaryimage"},"thumbnailUrl":"https:\/\/padelzoco.es\/wp-content\/uploads\/2025\/01\/Paletero-Babolat-RH-Pro-Padel-Juan-Lebron-2025-Negro-02.webp","datePublished":"2025-01-24T16:40:43+00:00","dateModified":"2026-04-30T18:15:49+00:00","description":"Bolsa RH Pro Padel de alto rendimiento: gran capacidad, m\u00faltiples compartimentos, materiales reciclados e impermeables. Dise\u00f1ada para jugadores expertos. Ideal para p\u00e1del.","breadcrumb":{"@id":"https:\/\/padelzoco.es\/product\/paletero-babolat-rh-pro-padel-juan-lebron-2025-negro\/#breadcrumb"},"inLanguage":"en-GB","potentialAction":[{"@type":"ReadAction","target":["https:\/\/padelzoco.es\/product\/paletero-babolat-rh-pro-padel-juan-lebron-2025-negro\/"]}]},{"@type":"ImageObject","inLanguage":"en-GB","@id":"https:\/\/padelzoco.es\/product\/paletero-babolat-rh-pro-padel-juan-lebron-2025-negro\/#primaryimage","url":"https:\/\/padelzoco.es\/wp-content\/uploads\/2025\/01\/Paletero-Babolat-RH-Pro-Padel-Juan-Lebron-2025-Negro-02.webp","contentUrl":"https:\/\/padelzoco.es\/wp-content\/uploads\/2025\/01\/Paletero-Babolat-RH-Pro-Padel-Juan-Lebron-2025-Negro-02.webp","width":1400,"height":1400,"caption":"Paletero Babolat RH Pro Padel Juan Lebr\u00f3n 2025 Negro 02"},{"@type":"BreadcrumbList","@id":"https:\/\/padelzoco.es\/product\/paletero-babolat-rh-pro-padel-juan-lebron-2025-negro\/#breadcrumb","itemListElement":[{"@type":"ListItem","position":1,"name":"Home","item":"https:\/\/padelzoco.es\/"},{"@type":"ListItem","position":2,"name":"Padel Zoco","item":"https:\/\/padelzoco.es\/padel-zoco\/"},{"@type":"ListItem","position":3,"name":"Paletero Babolat RH Pro Padel Juan Lebr\u00f3n 2025 Negro"}]},{"@type":"WebSite","@id":"https:\/\/padelzoco.es\/#website","url":"https:\/\/padelzoco.es\/","name":"Padel Zoco","description":"Padel Zoco | Spain","publisher":{"@id":"https:\/\/padelzoco.es\/#organization"},"potentialAction":[{"@type":"SearchAction","target":{"@type":"EntryPoint","urlTemplate":"https:\/\/padelzoco.es\/?s={search_term_string}"},"query-input":{"@type":"PropertyValueSpecification","valueRequired":true,"valueName":"search_term_string"}}],"inLanguage":"en-GB"},{"@type":"Organization","@id":"https:\/\/padelzoco.es\/#organization","name":"Padel Zoco","url":"https:\/\/padelzoco.es\/","logo":{"@type":"ImageObject","inLanguage":"en-GB","@id":"https:\/\/padelzoco.es\/#\/schema\/logo\/image\/","url":"https:\/\/padelzoco.es\/wp-content\/uploads\/2023\/11\/PadelZoco_Logo_black_white.webp","contentUrl":"https:\/\/padelzoco.es\/wp-content\/uploads\/2023\/11\/PadelZoco_Logo_black_white.webp","width":1500,"height":631,"caption":"Padel Zoco"},"image":{"@id":"https:\/\/padelzoco.es\/#\/schema\/logo\/image\/"}}]}},"_links":{"self":[{"href":"https:\/\/padelzoco.es\/en\/wp-json\/wp\/v2\/product\/16601","targetHints":{"allow":["GET"]}}],"collection":[{"href":"https:\/\/padelzoco.es\/en\/wp-json\/wp\/v2\/product"}],"about":[{"href":"https:\/\/padelzoco.es\/en\/wp-json\/wp\/v2\/types\/product"}],"version-history":[{"count":5,"href":"https:\/\/padelzoco.es\/en\/wp-json\/wp\/v2\/product\/16601\/revisions"}],"predecessor-version":[{"id":34789,"href":"https:\/\/padelzoco.es\/en\/wp-json\/wp\/v2\/product\/16601\/revisions\/34789"}],"wp:featuredmedia":[{"embeddable":true,"href":"https:\/\/padelzoco.es\/en\/wp-json\/wp\/v2\/media\/16606"}],"wp:attachment":[{"href":"https:\/\/padelzoco.es\/en\/wp-json\/wp\/v2\/media?parent=16601"}],"wp:term":[{"taxonomy":"product_brand","embeddable":true,"href":"https:\/\/padelzoco.es\/en\/wp-json\/wp\/v2\/product_brand?post=16601"},{"taxonomy":"product_cat","embeddable":true,"href":"https:\/\/padelzoco.es\/en\/wp-json\/wp\/v2\/product_cat?post=16601"},{"taxonomy":"product_tag","embeddable":true,"href":"https:\/\/padelzoco.es\/en\/wp-json\/wp\/v2\/product_tag?post=16601"}],"curies":[{"name":"wp","href":"https:\/\/api.w.org\/{rel}","templated":true}]}}