{"id":16615,"date":"2025-01-24T18:01:49","date_gmt":"2025-01-24T17:01:49","guid":{"rendered":"https:\/\/adc06f55e9.nxcli.io\/?post_type=product&#038;p=16615"},"modified":"2026-04-30T19:15:48","modified_gmt":"2026-04-30T18:15:48","slug":"mochila-babolat-padel-court-lite-negro","status":"publish","type":"product","link":"https:\/\/padelzoco.es\/en\/product\/mochila-babolat-padel-court-lite-negro\/","title":{"rendered":"Mochila Babolat Padel Court Lite Negro"},"content":{"rendered":"","protected":false},"excerpt":{"rendered":"<p>La mochila de p\u00e1del Babolat Court Lite es m\u00e1s que una simple mochila; es una soluci\u00f3n sostenible para el jugador de p\u00e1del moderno. Dise\u00f1ada pensando tanto en el rendimiento como en el medio ambiente, esta vers\u00e1til mochila ofrece un amplio espacio para todos tus art\u00edculos esenciales de p\u00e1del.<\/p>\n<p>Features:<\/p>\n<ul>\n<li>Ecol\u00f3gica: Fabricada con PET 100% reciclado, esta mochila reduce tu impacto ambiental sin sacrificar la durabilidad.<\/li>\n<li>Compartimento espec\u00edfico para la raqueta: Guarda tu pala de forma segura en un compartimento independiente, dise\u00f1ado para evitar da\u00f1os.<\/li>\n<li>Dise\u00f1o vers\u00e1til: Con un espacioso compartimento principal y un pr\u00e1ctico bolsillo frontal, podr\u00e1s organizar f\u00e1cilmente tu equipo tanto dentro como fuera de la pista.<\/li>\n<li>Ligera y c\u00f3moda: Su dise\u00f1o ergon\u00f3mico y las correas acolchadas para los hombros garantizan una gran comodidad, incluso cuando est\u00e1 completamente cargada.<\/li>\n<li>Capacidad: 25 litros<br \/>\nDimensiones: 18 x 29 x 50 cm<br \/>\nMaterial: 100% poli\u00e9ster reciclado<\/li>\n<li>Caracter\u00edsticas: Compartimento espec\u00edfico para la raqueta, correas acolchadas para los hombros, bolsillo frontal<\/li>\n<\/ul>","protected":false},"featured_media":16619,"template":"","meta":[],"product_brand":[],"product_cat":[893,634],"product_tag":[470,40],"class_list":{"0":"post-16615","1":"product","2":"type-product","3":"status-publish","4":"has-post-thumbnail","6":"product_cat-babolat-bolsas","7":"product_cat-mochila","8":"product_tag-bullpadel-bag","9":"product_tag-padel-bag","10":"pa_brand-nox","11":"pa_hs_code-59","13":"first","14":"instock","15":"sale","16":"taxable","17":"shipping-taxable","18":"purchasable","19":"product-type-simple"},"yoast_head":"<!-- This site is optimized with the Yoast SEO plugin v27.5 - https:\/\/yoast.com\/product\/yoast-seo-wordpress\/ -->\n<title>Mochila Babolat Padel Court Lite Negro - Padel Zoco<\/title>\n<meta name=\"robots\" content=\"index, follow, max-snippet:-1, max-image-preview:large, max-video-preview:-1\" \/>\n<link rel=\"canonical\" href=\"https:\/\/padelzoco.es\/en\/product\/mochila-babolat-padel-court-lite-negro\/\" \/>\n<meta property=\"og:locale\" content=\"en_GB\" \/>\n<meta property=\"og:type\" content=\"article\" \/>\n<meta property=\"og:title\" content=\"Mochila Babolat Padel Court Lite Negro - Padel Zoco\" \/>\n<meta property=\"og:description\" content=\"La mochila de p\u00e1del Babolat Court Lite es m\u00e1s que una simple mochila; es una soluci\u00f3n sostenible para el jugador de p\u00e1del moderno. Dise\u00f1ada pensando tanto en el rendimiento como en el medio ambiente, esta vers\u00e1til mochila ofrece un amplio espacio para todos tus art\u00edculos esenciales de p\u00e1del.  Caracter\u00edsticas:   Ecol\u00f3gica: Fabricada con PET 100% reciclado, esta mochila reduce tu impacto ambiental sin sacrificar la durabilidad.  Compartimento espec\u00edfico para la raqueta: Guarda tu pala de forma segura en un compartimento independiente, dise\u00f1ado para evitar da\u00f1os.  Dise\u00f1o vers\u00e1til: Con un espacioso compartimento principal y un pr\u00e1ctico bolsillo frontal, podr\u00e1s organizar f\u00e1cilmente tu equipo tanto dentro como fuera de la pista.  Ligera y c\u00f3moda: Su dise\u00f1o ergon\u00f3mico y las correas acolchadas para los hombros garantizan una gran comodidad, incluso cuando est\u00e1 completamente cargada.  Capacidad: 25 litros Dimensiones: 18 x 29 x 50 cm Material: 100% poli\u00e9ster reciclado  Caracter\u00edsticas: Compartimento espec\u00edfico para la raqueta, correas acolchadas para los hombros, bolsillo frontal\" \/>\n<meta property=\"og:url\" content=\"https:\/\/padelzoco.es\/en\/product\/mochila-babolat-padel-court-lite-negro\/\" \/>\n<meta property=\"og:site_name\" content=\"Padel Zoco\" \/>\n<meta property=\"article:modified_time\" content=\"2026-04-30T18:15:48+00:00\" \/>\n<meta property=\"og:image\" content=\"https:\/\/padelzoco.es\/wp-content\/uploads\/2025\/01\/BABOLAT-Padel-Backpack-Court-Lite-02.webp\" \/>\n\t<meta property=\"og:image:width\" content=\"1400\" \/>\n\t<meta property=\"og:image:height\" content=\"1400\" \/>\n\t<meta property=\"og:image:type\" content=\"image\/webp\" \/>\n<meta name=\"twitter:card\" content=\"summary_large_image\" \/>\n<meta name=\"twitter:label1\" content=\"Estimated reading time\" \/>\n\t<meta name=\"twitter:data1\" content=\"1 minute\" \/>\n<script type=\"application\/ld+json\" class=\"yoast-schema-graph\">{\"@context\":\"https:\\\/\\\/schema.org\",\"@graph\":[{\"@type\":\"WebPage\",\"@id\":\"https:\\\/\\\/padelzoco.es\\\/product\\\/mochila-babolat-padel-court-lite-negro\\\/\",\"url\":\"https:\\\/\\\/padelzoco.es\\\/product\\\/mochila-babolat-padel-court-lite-negro\\\/\",\"name\":\"Mochila Babolat Padel Court Lite Negro - Padel Zoco\",\"isPartOf\":{\"@id\":\"https:\\\/\\\/padelzoco.es\\\/#website\"},\"primaryImageOfPage\":{\"@id\":\"https:\\\/\\\/padelzoco.es\\\/product\\\/mochila-babolat-padel-court-lite-negro\\\/#primaryimage\"},\"image\":{\"@id\":\"https:\\\/\\\/padelzoco.es\\\/product\\\/mochila-babolat-padel-court-lite-negro\\\/#primaryimage\"},\"thumbnailUrl\":\"https:\\\/\\\/padelzoco.es\\\/wp-content\\\/uploads\\\/2025\\\/01\\\/BABOLAT-Padel-Backpack-Court-Lite-02.webp\",\"datePublished\":\"2025-01-24T17:01:49+00:00\",\"dateModified\":\"2026-04-30T18:15:48+00:00\",\"breadcrumb\":{\"@id\":\"https:\\\/\\\/padelzoco.es\\\/product\\\/mochila-babolat-padel-court-lite-negro\\\/#breadcrumb\"},\"inLanguage\":\"en-GB\",\"potentialAction\":[{\"@type\":\"ReadAction\",\"target\":[\"https:\\\/\\\/padelzoco.es\\\/product\\\/mochila-babolat-padel-court-lite-negro\\\/\"]}]},{\"@type\":\"ImageObject\",\"inLanguage\":\"en-GB\",\"@id\":\"https:\\\/\\\/padelzoco.es\\\/product\\\/mochila-babolat-padel-court-lite-negro\\\/#primaryimage\",\"url\":\"https:\\\/\\\/padelzoco.es\\\/wp-content\\\/uploads\\\/2025\\\/01\\\/BABOLAT-Padel-Backpack-Court-Lite-02.webp\",\"contentUrl\":\"https:\\\/\\\/padelzoco.es\\\/wp-content\\\/uploads\\\/2025\\\/01\\\/BABOLAT-Padel-Backpack-Court-Lite-02.webp\",\"width\":1400,\"height\":1400,\"caption\":\"BABOLAT Padel Backpack Court Lite 02\"},{\"@type\":\"BreadcrumbList\",\"@id\":\"https:\\\/\\\/padelzoco.es\\\/product\\\/mochila-babolat-padel-court-lite-negro\\\/#breadcrumb\",\"itemListElement\":[{\"@type\":\"ListItem\",\"position\":1,\"name\":\"Home\",\"item\":\"https:\\\/\\\/padelzoco.es\\\/\"},{\"@type\":\"ListItem\",\"position\":2,\"name\":\"Padel Zoco\",\"item\":\"https:\\\/\\\/padelzoco.es\\\/padel-zoco\\\/\"},{\"@type\":\"ListItem\",\"position\":3,\"name\":\"Mochila Babolat Padel Court Lite Negro\"}]},{\"@type\":\"WebSite\",\"@id\":\"https:\\\/\\\/padelzoco.es\\\/#website\",\"url\":\"https:\\\/\\\/padelzoco.es\\\/\",\"name\":\"Padel Zoco\",\"description\":\"Padel Zoco | Spain\",\"publisher\":{\"@id\":\"https:\\\/\\\/padelzoco.es\\\/#organization\"},\"potentialAction\":[{\"@type\":\"SearchAction\",\"target\":{\"@type\":\"EntryPoint\",\"urlTemplate\":\"https:\\\/\\\/padelzoco.es\\\/?s={search_term_string}\"},\"query-input\":{\"@type\":\"PropertyValueSpecification\",\"valueRequired\":true,\"valueName\":\"search_term_string\"}}],\"inLanguage\":\"en-GB\"},{\"@type\":\"Organization\",\"@id\":\"https:\\\/\\\/padelzoco.es\\\/#organization\",\"name\":\"Padel Zoco\",\"url\":\"https:\\\/\\\/padelzoco.es\\\/\",\"logo\":{\"@type\":\"ImageObject\",\"inLanguage\":\"en-GB\",\"@id\":\"https:\\\/\\\/padelzoco.es\\\/#\\\/schema\\\/logo\\\/image\\\/\",\"url\":\"https:\\\/\\\/padelzoco.es\\\/wp-content\\\/uploads\\\/2023\\\/11\\\/PadelZoco_Logo_black_white.webp\",\"contentUrl\":\"https:\\\/\\\/padelzoco.es\\\/wp-content\\\/uploads\\\/2023\\\/11\\\/PadelZoco_Logo_black_white.webp\",\"width\":1500,\"height\":631,\"caption\":\"Padel Zoco\"},\"image\":{\"@id\":\"https:\\\/\\\/padelzoco.es\\\/#\\\/schema\\\/logo\\\/image\\\/\"}}]}<\/script>\n<!-- \/ Yoast SEO plugin. -->","yoast_head_json":{"title":"Mochila Babolat Padel Court Lite Negro - Padel Zoco","robots":{"index":"index","follow":"follow","max-snippet":"max-snippet:-1","max-image-preview":"max-image-preview:large","max-video-preview":"max-video-preview:-1"},"canonical":"https:\/\/padelzoco.es\/en\/product\/mochila-babolat-padel-court-lite-negro\/","og_locale":"en_GB","og_type":"article","og_title":"Mochila Babolat Padel Court Lite Negro - Padel Zoco","og_description":"La mochila de p\u00e1del Babolat Court Lite es m\u00e1s que una simple mochila; es una soluci\u00f3n sostenible para el jugador de p\u00e1del moderno. Dise\u00f1ada pensando tanto en el rendimiento como en el medio ambiente, esta vers\u00e1til mochila ofrece un amplio espacio para todos tus art\u00edculos esenciales de p\u00e1del.  Caracter\u00edsticas:   Ecol\u00f3gica: Fabricada con PET 100% reciclado, esta mochila reduce tu impacto ambiental sin sacrificar la durabilidad.  Compartimento espec\u00edfico para la raqueta: Guarda tu pala de forma segura en un compartimento independiente, dise\u00f1ado para evitar da\u00f1os.  Dise\u00f1o vers\u00e1til: Con un espacioso compartimento principal y un pr\u00e1ctico bolsillo frontal, podr\u00e1s organizar f\u00e1cilmente tu equipo tanto dentro como fuera de la pista.  Ligera y c\u00f3moda: Su dise\u00f1o ergon\u00f3mico y las correas acolchadas para los hombros garantizan una gran comodidad, incluso cuando est\u00e1 completamente cargada.  Capacidad: 25 litros Dimensiones: 18 x 29 x 50 cm Material: 100% poli\u00e9ster reciclado  Caracter\u00edsticas: Compartimento espec\u00edfico para la raqueta, correas acolchadas para los hombros, bolsillo frontal","og_url":"https:\/\/padelzoco.es\/en\/product\/mochila-babolat-padel-court-lite-negro\/","og_site_name":"Padel Zoco","article_modified_time":"2026-04-30T18:15:48+00:00","og_image":[{"width":1400,"height":1400,"url":"https:\/\/padelzoco.es\/wp-content\/uploads\/2025\/01\/BABOLAT-Padel-Backpack-Court-Lite-02.webp","type":"image\/webp"}],"twitter_card":"summary_large_image","twitter_misc":{"Estimated reading time":"1 minute"},"schema":{"@context":"https:\/\/schema.org","@graph":[{"@type":"WebPage","@id":"https:\/\/padelzoco.es\/product\/mochila-babolat-padel-court-lite-negro\/","url":"https:\/\/padelzoco.es\/product\/mochila-babolat-padel-court-lite-negro\/","name":"Mochila Babolat Padel Court Lite Negro - Padel Zoco","isPartOf":{"@id":"https:\/\/padelzoco.es\/#website"},"primaryImageOfPage":{"@id":"https:\/\/padelzoco.es\/product\/mochila-babolat-padel-court-lite-negro\/#primaryimage"},"image":{"@id":"https:\/\/padelzoco.es\/product\/mochila-babolat-padel-court-lite-negro\/#primaryimage"},"thumbnailUrl":"https:\/\/padelzoco.es\/wp-content\/uploads\/2025\/01\/BABOLAT-Padel-Backpack-Court-Lite-02.webp","datePublished":"2025-01-24T17:01:49+00:00","dateModified":"2026-04-30T18:15:48+00:00","breadcrumb":{"@id":"https:\/\/padelzoco.es\/product\/mochila-babolat-padel-court-lite-negro\/#breadcrumb"},"inLanguage":"en-GB","potentialAction":[{"@type":"ReadAction","target":["https:\/\/padelzoco.es\/product\/mochila-babolat-padel-court-lite-negro\/"]}]},{"@type":"ImageObject","inLanguage":"en-GB","@id":"https:\/\/padelzoco.es\/product\/mochila-babolat-padel-court-lite-negro\/#primaryimage","url":"https:\/\/padelzoco.es\/wp-content\/uploads\/2025\/01\/BABOLAT-Padel-Backpack-Court-Lite-02.webp","contentUrl":"https:\/\/padelzoco.es\/wp-content\/uploads\/2025\/01\/BABOLAT-Padel-Backpack-Court-Lite-02.webp","width":1400,"height":1400,"caption":"BABOLAT Padel Backpack Court Lite 02"},{"@type":"BreadcrumbList","@id":"https:\/\/padelzoco.es\/product\/mochila-babolat-padel-court-lite-negro\/#breadcrumb","itemListElement":[{"@type":"ListItem","position":1,"name":"Home","item":"https:\/\/padelzoco.es\/"},{"@type":"ListItem","position":2,"name":"Padel Zoco","item":"https:\/\/padelzoco.es\/padel-zoco\/"},{"@type":"ListItem","position":3,"name":"Mochila Babolat Padel Court Lite Negro"}]},{"@type":"WebSite","@id":"https:\/\/padelzoco.es\/#website","url":"https:\/\/padelzoco.es\/","name":"Padel Zoco","description":"Padel Zoco | Spain","publisher":{"@id":"https:\/\/padelzoco.es\/#organization"},"potentialAction":[{"@type":"SearchAction","target":{"@type":"EntryPoint","urlTemplate":"https:\/\/padelzoco.es\/?s={search_term_string}"},"query-input":{"@type":"PropertyValueSpecification","valueRequired":true,"valueName":"search_term_string"}}],"inLanguage":"en-GB"},{"@type":"Organization","@id":"https:\/\/padelzoco.es\/#organization","name":"Padel Zoco","url":"https:\/\/padelzoco.es\/","logo":{"@type":"ImageObject","inLanguage":"en-GB","@id":"https:\/\/padelzoco.es\/#\/schema\/logo\/image\/","url":"https:\/\/padelzoco.es\/wp-content\/uploads\/2023\/11\/PadelZoco_Logo_black_white.webp","contentUrl":"https:\/\/padelzoco.es\/wp-content\/uploads\/2023\/11\/PadelZoco_Logo_black_white.webp","width":1500,"height":631,"caption":"Padel Zoco"},"image":{"@id":"https:\/\/padelzoco.es\/#\/schema\/logo\/image\/"}}]}},"_links":{"self":[{"href":"https:\/\/padelzoco.es\/en\/wp-json\/wp\/v2\/product\/16615","targetHints":{"allow":["GET"]}}],"collection":[{"href":"https:\/\/padelzoco.es\/en\/wp-json\/wp\/v2\/product"}],"about":[{"href":"https:\/\/padelzoco.es\/en\/wp-json\/wp\/v2\/types\/product"}],"version-history":[{"count":4,"href":"https:\/\/padelzoco.es\/en\/wp-json\/wp\/v2\/product\/16615\/revisions"}],"predecessor-version":[{"id":30039,"href":"https:\/\/padelzoco.es\/en\/wp-json\/wp\/v2\/product\/16615\/revisions\/30039"}],"wp:featuredmedia":[{"embeddable":true,"href":"https:\/\/padelzoco.es\/en\/wp-json\/wp\/v2\/media\/16619"}],"wp:attachment":[{"href":"https:\/\/padelzoco.es\/en\/wp-json\/wp\/v2\/media?parent=16615"}],"wp:term":[{"taxonomy":"product_brand","embeddable":true,"href":"https:\/\/padelzoco.es\/en\/wp-json\/wp\/v2\/product_brand?post=16615"},{"taxonomy":"product_cat","embeddable":true,"href":"https:\/\/padelzoco.es\/en\/wp-json\/wp\/v2\/product_cat?post=16615"},{"taxonomy":"product_tag","embeddable":true,"href":"https:\/\/padelzoco.es\/en\/wp-json\/wp\/v2\/product_tag?post=16615"}],"curies":[{"name":"wp","href":"https:\/\/api.w.org\/{rel}","templated":true}]}}