{"id":16806,"date":"2025-02-01T10:28:44","date_gmt":"2025-02-01T09:28:44","guid":{"rendered":"https:\/\/adc06f55e9.nxcli.io\/?post_type=product&#038;p=16806"},"modified":"2026-02-02T09:48:31","modified_gmt":"2026-02-02T08:48:31","slug":"botella-nox-blanca","status":"publish","type":"product","link":"https:\/\/padelzoco.es\/en\/product\/botella-nox-blanca\/","title":{"rendered":"Botella NOX Blanca"},"content":{"rendered":"","protected":false},"excerpt":{"rendered":"<div class=\"gtx-body\">\n<p>La\u00a0Botella NOX White\u00a0redefine la forma de mantenerte hidratado, combinando dise\u00f1o minimalista con funcionalidad avanzada. Perfecta para cualquier momento, ya sea en la pista de p\u00e1del, en un partido de beach tennis o durante tus sesiones de pickleball.<\/p>\n<p><strong>Features<\/strong><\/p>\n<ul>\n<li>Dise\u00f1o Minimalista<br \/>\nCon un acabado en blanco impecable, la\u00a0Botella NOX White\u00a0destaca por su estilo elegante y vers\u00e1til, adapt\u00e1ndose a cualquier entorno deportivo o casual.<\/li>\n<li>Materiales de Alta Calidad<br \/>\nFabricada con materiales premium que garantizan una durabilidad excepcional, resistencia al uso intensivo y una conservaci\u00f3n \u00f3ptima de temperatura.<\/li>\n<li>Ideal para Deportistas<br \/>\nDise\u00f1ada pensando en la comodidad de los jugadores de deportes de raqueta, ofrece un agarre ergon\u00f3mico y un dise\u00f1o a prueba de fugas, permitiendo enfocarte en tu rendimiento.<\/li>\n<\/ul>\n<\/div>","protected":false},"featured_media":16808,"template":"","meta":[],"product_brand":[],"product_cat":[637,618],"product_tag":[],"class_list":{"0":"post-16806","1":"product","2":"type-product","3":"status-publish","4":"has-post-thumbnail","6":"product_cat-accesorios","7":"product_cat-pelotas","8":"pa_brand-nox","9":"pa_hs_code-87","11":"first","12":"instock","13":"sale","14":"taxable","15":"shipping-taxable","16":"purchasable","17":"product-type-simple"},"yoast_head":"<!-- This site is optimized with the Yoast SEO plugin v27.3 - https:\/\/yoast.com\/product\/yoast-seo-wordpress\/ -->\n<title>Botella NOX Blanca - Padel Zoco<\/title>\n<meta name=\"description\" content=\"Babolat Court X3 Padel Balls R\u00e1pida y con una gran durabilidad, la pelota Court Padel est\u00e1 aprobada por la Federaci\u00f3n Internacional de P\u00e1del.\" \/>\n<meta name=\"robots\" content=\"index, follow, max-snippet:-1, max-image-preview:large, max-video-preview:-1\" \/>\n<link rel=\"canonical\" href=\"https:\/\/padelzoco.es\/en\/product\/botella-nox-blanca\/\" \/>\n<meta property=\"og:locale\" content=\"en_GB\" \/>\n<meta property=\"og:type\" content=\"article\" \/>\n<meta property=\"og:title\" content=\"Botella NOX Blanca - Padel Zoco\" \/>\n<meta property=\"og:description\" content=\"Babolat Court X3 Padel Balls R\u00e1pida y con una gran durabilidad, la pelota Court Padel est\u00e1 aprobada por la Federaci\u00f3n Internacional de P\u00e1del.\" \/>\n<meta property=\"og:url\" content=\"https:\/\/padelzoco.es\/en\/product\/botella-nox-blanca\/\" \/>\n<meta property=\"og:site_name\" content=\"Padel Zoco\" \/>\n<meta property=\"article:modified_time\" content=\"2026-02-02T08:48:31+00:00\" \/>\n<meta property=\"og:image\" content=\"https:\/\/padelzoco.es\/wp-content\/uploads\/2025\/02\/NOX-Padel-Water-Bottle-White-01.webp\" \/>\n\t<meta property=\"og:image:width\" content=\"1400\" \/>\n\t<meta property=\"og:image:height\" content=\"1400\" \/>\n\t<meta property=\"og:image:type\" content=\"image\/webp\" \/>\n<meta name=\"twitter:card\" content=\"summary_large_image\" \/>\n<meta name=\"twitter:label1\" content=\"Estimated reading time\" \/>\n\t<meta name=\"twitter:data1\" content=\"1 minute\" \/>\n<script type=\"application\/ld+json\" class=\"yoast-schema-graph\">{\"@context\":\"https:\\\/\\\/schema.org\",\"@graph\":[{\"@type\":\"WebPage\",\"@id\":\"https:\\\/\\\/padelzoco.es\\\/product\\\/botella-nox-blanca\\\/\",\"url\":\"https:\\\/\\\/padelzoco.es\\\/product\\\/botella-nox-blanca\\\/\",\"name\":\"Botella NOX Blanca - Padel Zoco\",\"isPartOf\":{\"@id\":\"https:\\\/\\\/padelzoco.es\\\/#website\"},\"primaryImageOfPage\":{\"@id\":\"https:\\\/\\\/padelzoco.es\\\/product\\\/botella-nox-blanca\\\/#primaryimage\"},\"image\":{\"@id\":\"https:\\\/\\\/padelzoco.es\\\/product\\\/botella-nox-blanca\\\/#primaryimage\"},\"thumbnailUrl\":\"https:\\\/\\\/padelzoco.es\\\/wp-content\\\/uploads\\\/2025\\\/02\\\/NOX-Padel-Water-Bottle-White-01.webp\",\"datePublished\":\"2025-02-01T09:28:44+00:00\",\"dateModified\":\"2026-02-02T08:48:31+00:00\",\"description\":\"Babolat Court X3 Padel Balls R\u00e1pida y con una gran durabilidad, la pelota Court Padel est\u00e1 aprobada por la Federaci\u00f3n Internacional de P\u00e1del.\",\"breadcrumb\":{\"@id\":\"https:\\\/\\\/padelzoco.es\\\/product\\\/botella-nox-blanca\\\/#breadcrumb\"},\"inLanguage\":\"en-GB\",\"potentialAction\":[{\"@type\":\"ReadAction\",\"target\":[\"https:\\\/\\\/padelzoco.es\\\/product\\\/botella-nox-blanca\\\/\"]}]},{\"@type\":\"ImageObject\",\"inLanguage\":\"en-GB\",\"@id\":\"https:\\\/\\\/padelzoco.es\\\/product\\\/botella-nox-blanca\\\/#primaryimage\",\"url\":\"https:\\\/\\\/padelzoco.es\\\/wp-content\\\/uploads\\\/2025\\\/02\\\/NOX-Padel-Water-Bottle-White-01.webp\",\"contentUrl\":\"https:\\\/\\\/padelzoco.es\\\/wp-content\\\/uploads\\\/2025\\\/02\\\/NOX-Padel-Water-Bottle-White-01.webp\",\"width\":1400,\"height\":1400,\"caption\":\"NOX Padel Water Bottle White 01\"},{\"@type\":\"BreadcrumbList\",\"@id\":\"https:\\\/\\\/padelzoco.es\\\/product\\\/botella-nox-blanca\\\/#breadcrumb\",\"itemListElement\":[{\"@type\":\"ListItem\",\"position\":1,\"name\":\"Home\",\"item\":\"https:\\\/\\\/padelzoco.es\\\/\"},{\"@type\":\"ListItem\",\"position\":2,\"name\":\"Padel Zoco\",\"item\":\"https:\\\/\\\/padelzoco.es\\\/padel-zoco\\\/\"},{\"@type\":\"ListItem\",\"position\":3,\"name\":\"Botella NOX Blanca\"}]},{\"@type\":\"WebSite\",\"@id\":\"https:\\\/\\\/padelzoco.es\\\/#website\",\"url\":\"https:\\\/\\\/padelzoco.es\\\/\",\"name\":\"Padel Zoco\",\"description\":\"Padel Zoco | Spain\",\"publisher\":{\"@id\":\"https:\\\/\\\/padelzoco.es\\\/#organization\"},\"potentialAction\":[{\"@type\":\"SearchAction\",\"target\":{\"@type\":\"EntryPoint\",\"urlTemplate\":\"https:\\\/\\\/padelzoco.es\\\/?s={search_term_string}\"},\"query-input\":{\"@type\":\"PropertyValueSpecification\",\"valueRequired\":true,\"valueName\":\"search_term_string\"}}],\"inLanguage\":\"en-GB\"},{\"@type\":\"Organization\",\"@id\":\"https:\\\/\\\/padelzoco.es\\\/#organization\",\"name\":\"Padel Zoco\",\"url\":\"https:\\\/\\\/padelzoco.es\\\/\",\"logo\":{\"@type\":\"ImageObject\",\"inLanguage\":\"en-GB\",\"@id\":\"https:\\\/\\\/padelzoco.es\\\/#\\\/schema\\\/logo\\\/image\\\/\",\"url\":\"https:\\\/\\\/padelzoco.es\\\/wp-content\\\/uploads\\\/2023\\\/11\\\/PadelZoco_Logo_black_white.webp\",\"contentUrl\":\"https:\\\/\\\/padelzoco.es\\\/wp-content\\\/uploads\\\/2023\\\/11\\\/PadelZoco_Logo_black_white.webp\",\"width\":1500,\"height\":631,\"caption\":\"Padel Zoco\"},\"image\":{\"@id\":\"https:\\\/\\\/padelzoco.es\\\/#\\\/schema\\\/logo\\\/image\\\/\"}}]}<\/script>\n<!-- \/ Yoast SEO plugin. -->","yoast_head_json":{"title":"Botella NOX Blanca - Padel Zoco","description":"Babolat Court X3 Padel Balls R\u00e1pida y con una gran durabilidad, la pelota Court Padel est\u00e1 aprobada por la Federaci\u00f3n Internacional de P\u00e1del.","robots":{"index":"index","follow":"follow","max-snippet":"max-snippet:-1","max-image-preview":"max-image-preview:large","max-video-preview":"max-video-preview:-1"},"canonical":"https:\/\/padelzoco.es\/en\/product\/botella-nox-blanca\/","og_locale":"en_GB","og_type":"article","og_title":"Botella NOX Blanca - Padel Zoco","og_description":"Babolat Court X3 Padel Balls R\u00e1pida y con una gran durabilidad, la pelota Court Padel est\u00e1 aprobada por la Federaci\u00f3n Internacional de P\u00e1del.","og_url":"https:\/\/padelzoco.es\/en\/product\/botella-nox-blanca\/","og_site_name":"Padel Zoco","article_modified_time":"2026-02-02T08:48:31+00:00","og_image":[{"width":1400,"height":1400,"url":"https:\/\/padelzoco.es\/wp-content\/uploads\/2025\/02\/NOX-Padel-Water-Bottle-White-01.webp","type":"image\/webp"}],"twitter_card":"summary_large_image","twitter_misc":{"Estimated reading time":"1 minute"},"schema":{"@context":"https:\/\/schema.org","@graph":[{"@type":"WebPage","@id":"https:\/\/padelzoco.es\/product\/botella-nox-blanca\/","url":"https:\/\/padelzoco.es\/product\/botella-nox-blanca\/","name":"Botella NOX Blanca - Padel Zoco","isPartOf":{"@id":"https:\/\/padelzoco.es\/#website"},"primaryImageOfPage":{"@id":"https:\/\/padelzoco.es\/product\/botella-nox-blanca\/#primaryimage"},"image":{"@id":"https:\/\/padelzoco.es\/product\/botella-nox-blanca\/#primaryimage"},"thumbnailUrl":"https:\/\/padelzoco.es\/wp-content\/uploads\/2025\/02\/NOX-Padel-Water-Bottle-White-01.webp","datePublished":"2025-02-01T09:28:44+00:00","dateModified":"2026-02-02T08:48:31+00:00","description":"Babolat Court X3 Padel Balls R\u00e1pida y con una gran durabilidad, la pelota Court Padel est\u00e1 aprobada por la Federaci\u00f3n Internacional de P\u00e1del.","breadcrumb":{"@id":"https:\/\/padelzoco.es\/product\/botella-nox-blanca\/#breadcrumb"},"inLanguage":"en-GB","potentialAction":[{"@type":"ReadAction","target":["https:\/\/padelzoco.es\/product\/botella-nox-blanca\/"]}]},{"@type":"ImageObject","inLanguage":"en-GB","@id":"https:\/\/padelzoco.es\/product\/botella-nox-blanca\/#primaryimage","url":"https:\/\/padelzoco.es\/wp-content\/uploads\/2025\/02\/NOX-Padel-Water-Bottle-White-01.webp","contentUrl":"https:\/\/padelzoco.es\/wp-content\/uploads\/2025\/02\/NOX-Padel-Water-Bottle-White-01.webp","width":1400,"height":1400,"caption":"NOX Padel Water Bottle White 01"},{"@type":"BreadcrumbList","@id":"https:\/\/padelzoco.es\/product\/botella-nox-blanca\/#breadcrumb","itemListElement":[{"@type":"ListItem","position":1,"name":"Home","item":"https:\/\/padelzoco.es\/"},{"@type":"ListItem","position":2,"name":"Padel Zoco","item":"https:\/\/padelzoco.es\/padel-zoco\/"},{"@type":"ListItem","position":3,"name":"Botella NOX Blanca"}]},{"@type":"WebSite","@id":"https:\/\/padelzoco.es\/#website","url":"https:\/\/padelzoco.es\/","name":"Padel Zoco","description":"Padel Zoco | Spain","publisher":{"@id":"https:\/\/padelzoco.es\/#organization"},"potentialAction":[{"@type":"SearchAction","target":{"@type":"EntryPoint","urlTemplate":"https:\/\/padelzoco.es\/?s={search_term_string}"},"query-input":{"@type":"PropertyValueSpecification","valueRequired":true,"valueName":"search_term_string"}}],"inLanguage":"en-GB"},{"@type":"Organization","@id":"https:\/\/padelzoco.es\/#organization","name":"Padel Zoco","url":"https:\/\/padelzoco.es\/","logo":{"@type":"ImageObject","inLanguage":"en-GB","@id":"https:\/\/padelzoco.es\/#\/schema\/logo\/image\/","url":"https:\/\/padelzoco.es\/wp-content\/uploads\/2023\/11\/PadelZoco_Logo_black_white.webp","contentUrl":"https:\/\/padelzoco.es\/wp-content\/uploads\/2023\/11\/PadelZoco_Logo_black_white.webp","width":1500,"height":631,"caption":"Padel Zoco"},"image":{"@id":"https:\/\/padelzoco.es\/#\/schema\/logo\/image\/"}}]}},"_links":{"self":[{"href":"https:\/\/padelzoco.es\/en\/wp-json\/wp\/v2\/product\/16806","targetHints":{"allow":["GET"]}}],"collection":[{"href":"https:\/\/padelzoco.es\/en\/wp-json\/wp\/v2\/product"}],"about":[{"href":"https:\/\/padelzoco.es\/en\/wp-json\/wp\/v2\/types\/product"}],"version-history":[{"count":3,"href":"https:\/\/padelzoco.es\/en\/wp-json\/wp\/v2\/product\/16806\/revisions"}],"predecessor-version":[{"id":29962,"href":"https:\/\/padelzoco.es\/en\/wp-json\/wp\/v2\/product\/16806\/revisions\/29962"}],"wp:featuredmedia":[{"embeddable":true,"href":"https:\/\/padelzoco.es\/en\/wp-json\/wp\/v2\/media\/16808"}],"wp:attachment":[{"href":"https:\/\/padelzoco.es\/en\/wp-json\/wp\/v2\/media?parent=16806"}],"wp:term":[{"taxonomy":"product_brand","embeddable":true,"href":"https:\/\/padelzoco.es\/en\/wp-json\/wp\/v2\/product_brand?post=16806"},{"taxonomy":"product_cat","embeddable":true,"href":"https:\/\/padelzoco.es\/en\/wp-json\/wp\/v2\/product_cat?post=16806"},{"taxonomy":"product_tag","embeddable":true,"href":"https:\/\/padelzoco.es\/en\/wp-json\/wp\/v2\/product_tag?post=16806"}],"curies":[{"name":"wp","href":"https:\/\/api.w.org\/{rel}","templated":true}]}}