{"id":17081,"date":"2025-02-06T18:46:04","date_gmt":"2025-02-06T17:46:04","guid":{"rendered":"https:\/\/adc06f55e9.nxcli.io\/?post_type=product&#038;p=17081"},"modified":"2026-04-14T17:37:59","modified_gmt":"2026-04-14T16:37:59","slug":"bote-3-bolas-head-one","status":"publish","type":"product","link":"https:\/\/padelzoco.es\/en\/product\/bote-3-bolas-head-one\/","title":{"rendered":"Bote 3 Bolas Head One"},"content":{"rendered":"<p data-start=\"0\" data-end=\"362\">La pelota de p\u00e1del <span class=\"hover:entity-accent entity-underline inline cursor-pointer align-baseline\"><span class=\"whitespace-normal\">HEAD<\/span><\/span> PADEL ONE S est\u00e1 dise\u00f1ada para jugadores que buscan perfeccionar su t\u00e9cnica con un rendimiento fiable y consistente. Ofrece un equilibrio ideal entre control, velocidad y precisi\u00f3n, permitiendo desarrollar golpes m\u00e1s seguros y mejorar el juego en cada entrenamiento o partido.<\/p>\n<p data-start=\"364\" data-end=\"686\">Fabricada con materiales de alta calidad, garantiza una excelente durabilidad y un rendimiento constante en la pista, adem\u00e1s de una visibilidad \u00f3ptima durante el juego. Su dise\u00f1o est\u00e1 pensado para mantener la consistencia en cada golpe, convirti\u00e9ndola en una opci\u00f3n ideal tanto para entrenamientos como para competici\u00f3n.<\/p>\n<p data-start=\"688\" data-end=\"996\">Adem\u00e1s, se presenta en un envase ecol\u00f3gico y reciclable, reforzando el compromiso de la marca con la sostenibilidad. Cada caja incluye 24 latas con 3 pelotas cada una, sumando un total de 72 pelotas, perfectas para jugadores habituales, entrenadores y clubes que necesitan un suministro constante y fiable.<\/p>\n<p data-start=\"998\" data-end=\"1021\"><strong data-start=\"998\" data-end=\"1019\">Specifications:<\/strong><\/p>\n<ul data-start=\"1022\" data-end=\"1202\">\n<li data-section-id=\"z5i51i\" data-start=\"1022\" data-end=\"1037\">\n<p data-start=\"1024\" data-end=\"1037\">Marca: HEAD<\/p>\n<\/li>\n<li data-section-id=\"107t43d\" data-start=\"1038\" data-end=\"1061\">\n<p data-start=\"1040\" data-end=\"1061\">Modelo: PADEL ONE S<\/p>\n<\/li>\n<li data-section-id=\"12z87cf\" data-start=\"1062\" data-end=\"1084\">\n<p data-start=\"1064\" data-end=\"1084\">Cantidad: 24 latas<\/p>\n<\/li>\n<li data-section-id=\"oktdus\" data-start=\"1085\" data-end=\"1108\">\n<p data-start=\"1087\" data-end=\"1108\">Pelotas por lata: 3<\/p>\n<\/li>\n<li data-section-id=\"dwpt5x\" data-start=\"1109\" data-end=\"1130\">\n<p data-start=\"1111\" data-end=\"1130\">Total pelotas: 72<\/p>\n<\/li>\n<li data-section-id=\"cezci7\" data-start=\"1131\" data-end=\"1167\">\n<p data-start=\"1133\" data-end=\"1167\">Uso: Entrenamiento y competici\u00f3n<\/p>\n<\/li>\n<li data-section-id=\"1rs511p\" data-start=\"1168\" data-end=\"1202\">\n<p data-start=\"1170\" data-end=\"1202\">Envase: Ecol\u00f3gico y reciclable<\/p>\n<\/li>\n<\/ul>","protected":false},"excerpt":{"rendered":"<p>La pelota de p\u00e1del HEAD PADEL ONE S es una pelota de calidad superior dise\u00f1ada para jugadores que buscan perfeccionar su t\u00e9cnica. Dise\u00f1ada para ofrecer un control y una durabilidad excelentes, esta pelota proporciona el equilibrio perfecto entre velocidad y precisi\u00f3n, convirti\u00e9ndola en la opci\u00f3n ideal para quienes est\u00e1n desarrollando su t\u00e9cnica.<\/p>\n<p>Fabricada con materiales de alta calidad, la pelota de p\u00e1del HEAD PADEL garantiza un rendimiento duradero y una visibilidad excepcional en la pista. Viene en un envase ecol\u00f3gico y reciclable, lo que refuerza el compromiso de HEAD con la sostenibilidad.<\/p>\n<p>Cada caja contiene 24 latas, con tres pelotas por lata, lo que proporciona un total de 72 pelotas para que siempre est\u00e9s listo para jugar. Tanto si entrenas como si compites, la HEAD PADEL ONE te ofrece consistencia y fiabilidad en cada golpe.<\/p>","protected":false},"featured_media":17067,"template":"","meta":[],"product_brand":[],"product_cat":[747,774,618,624],"product_tag":[],"class_list":{"0":"post-17081","1":"product","2":"type-product","3":"status-publish","4":"has-post-thumbnail","6":"product_cat-head-padel","7":"product_cat-head-pelotas","8":"product_cat-pelotas","9":"product_cat-tubo-pelotas","10":"pa_brand-head","11":"pa_hs_code-87","13":"first","14":"instock","15":"sale","16":"taxable","17":"shipping-taxable","18":"purchasable","19":"product-type-simple"},"yoast_head":"<!-- This site is optimized with the Yoast SEO plugin v27.3 - https:\/\/yoast.com\/product\/yoast-seo-wordpress\/ -->\n<title>Bote 3 Bolas Head One - Padel Zoco<\/title>\n<meta name=\"description\" content=\"Pelotas HEAD PADEL ONE S en caja de 72 unidades, con gran control, durabilidad y visibilidad, ideales para entrenamiento y competici\u00f3n en p\u00e1del.\" \/>\n<meta name=\"robots\" content=\"index, follow, max-snippet:-1, max-image-preview:large, max-video-preview:-1\" \/>\n<link rel=\"canonical\" href=\"https:\/\/padelzoco.es\/en\/product\/bote-3-bolas-head-one\/\" \/>\n<meta property=\"og:locale\" content=\"en_GB\" \/>\n<meta property=\"og:type\" content=\"article\" \/>\n<meta property=\"og:title\" content=\"Bote 3 Bolas Head One - Padel Zoco\" \/>\n<meta property=\"og:description\" content=\"Pelotas HEAD PADEL ONE S en caja de 72 unidades, con gran control, durabilidad y visibilidad, ideales para entrenamiento y competici\u00f3n en p\u00e1del.\" \/>\n<meta property=\"og:url\" content=\"https:\/\/padelzoco.es\/en\/product\/bote-3-bolas-head-one\/\" \/>\n<meta property=\"og:site_name\" content=\"Padel Zoco\" \/>\n<meta property=\"article:modified_time\" content=\"2026-04-14T16:37:59+00:00\" \/>\n<meta property=\"og:image\" content=\"https:\/\/padelzoco.es\/wp-content\/uploads\/2025\/02\/HEAD-ONE-S-Padel-Balls-Box-01.webp\" \/>\n\t<meta property=\"og:image:width\" content=\"1400\" \/>\n\t<meta property=\"og:image:height\" content=\"1400\" \/>\n\t<meta property=\"og:image:type\" content=\"image\/webp\" \/>\n<meta name=\"twitter:card\" content=\"summary_large_image\" \/>\n<meta name=\"twitter:label1\" content=\"Estimated reading time\" \/>\n\t<meta name=\"twitter:data1\" content=\"1 minute\" \/>\n<script type=\"application\/ld+json\" class=\"yoast-schema-graph\">{\"@context\":\"https:\\\/\\\/schema.org\",\"@graph\":[{\"@type\":\"WebPage\",\"@id\":\"https:\\\/\\\/padelzoco.es\\\/product\\\/bote-3-bolas-head-one\\\/\",\"url\":\"https:\\\/\\\/padelzoco.es\\\/product\\\/bote-3-bolas-head-one\\\/\",\"name\":\"Bote 3 Bolas Head One - Padel Zoco\",\"isPartOf\":{\"@id\":\"https:\\\/\\\/padelzoco.es\\\/#website\"},\"primaryImageOfPage\":{\"@id\":\"https:\\\/\\\/padelzoco.es\\\/product\\\/bote-3-bolas-head-one\\\/#primaryimage\"},\"image\":{\"@id\":\"https:\\\/\\\/padelzoco.es\\\/product\\\/bote-3-bolas-head-one\\\/#primaryimage\"},\"thumbnailUrl\":\"https:\\\/\\\/padelzoco.es\\\/wp-content\\\/uploads\\\/2025\\\/02\\\/HEAD-ONE-S-Padel-Balls-Box-01.webp\",\"datePublished\":\"2025-02-06T17:46:04+00:00\",\"dateModified\":\"2026-04-14T16:37:59+00:00\",\"description\":\"Pelotas HEAD PADEL ONE S en caja de 72 unidades, con gran control, durabilidad y visibilidad, ideales para entrenamiento y competici\u00f3n en p\u00e1del.\",\"breadcrumb\":{\"@id\":\"https:\\\/\\\/padelzoco.es\\\/product\\\/bote-3-bolas-head-one\\\/#breadcrumb\"},\"inLanguage\":\"en-GB\",\"potentialAction\":[{\"@type\":\"ReadAction\",\"target\":[\"https:\\\/\\\/padelzoco.es\\\/product\\\/bote-3-bolas-head-one\\\/\"]}]},{\"@type\":\"ImageObject\",\"inLanguage\":\"en-GB\",\"@id\":\"https:\\\/\\\/padelzoco.es\\\/product\\\/bote-3-bolas-head-one\\\/#primaryimage\",\"url\":\"https:\\\/\\\/padelzoco.es\\\/wp-content\\\/uploads\\\/2025\\\/02\\\/HEAD-ONE-S-Padel-Balls-Box-01.webp\",\"contentUrl\":\"https:\\\/\\\/padelzoco.es\\\/wp-content\\\/uploads\\\/2025\\\/02\\\/HEAD-ONE-S-Padel-Balls-Box-01.webp\",\"width\":1400,\"height\":1400,\"caption\":\"HEAD ONE S Padel Balls Box 01\"},{\"@type\":\"BreadcrumbList\",\"@id\":\"https:\\\/\\\/padelzoco.es\\\/product\\\/bote-3-bolas-head-one\\\/#breadcrumb\",\"itemListElement\":[{\"@type\":\"ListItem\",\"position\":1,\"name\":\"Home\",\"item\":\"https:\\\/\\\/padelzoco.es\\\/\"},{\"@type\":\"ListItem\",\"position\":2,\"name\":\"Padel Zoco\",\"item\":\"https:\\\/\\\/padelzoco.es\\\/padel-zoco\\\/\"},{\"@type\":\"ListItem\",\"position\":3,\"name\":\"Bote 3 Bolas Head One\"}]},{\"@type\":\"WebSite\",\"@id\":\"https:\\\/\\\/padelzoco.es\\\/#website\",\"url\":\"https:\\\/\\\/padelzoco.es\\\/\",\"name\":\"Padel Zoco\",\"description\":\"Padel Zoco | Spain\",\"publisher\":{\"@id\":\"https:\\\/\\\/padelzoco.es\\\/#organization\"},\"potentialAction\":[{\"@type\":\"SearchAction\",\"target\":{\"@type\":\"EntryPoint\",\"urlTemplate\":\"https:\\\/\\\/padelzoco.es\\\/?s={search_term_string}\"},\"query-input\":{\"@type\":\"PropertyValueSpecification\",\"valueRequired\":true,\"valueName\":\"search_term_string\"}}],\"inLanguage\":\"en-GB\"},{\"@type\":\"Organization\",\"@id\":\"https:\\\/\\\/padelzoco.es\\\/#organization\",\"name\":\"Padel Zoco\",\"url\":\"https:\\\/\\\/padelzoco.es\\\/\",\"logo\":{\"@type\":\"ImageObject\",\"inLanguage\":\"en-GB\",\"@id\":\"https:\\\/\\\/padelzoco.es\\\/#\\\/schema\\\/logo\\\/image\\\/\",\"url\":\"https:\\\/\\\/padelzoco.es\\\/wp-content\\\/uploads\\\/2023\\\/11\\\/PadelZoco_Logo_black_white.webp\",\"contentUrl\":\"https:\\\/\\\/padelzoco.es\\\/wp-content\\\/uploads\\\/2023\\\/11\\\/PadelZoco_Logo_black_white.webp\",\"width\":1500,\"height\":631,\"caption\":\"Padel Zoco\"},\"image\":{\"@id\":\"https:\\\/\\\/padelzoco.es\\\/#\\\/schema\\\/logo\\\/image\\\/\"}}]}<\/script>\n<!-- \/ Yoast SEO plugin. -->","yoast_head_json":{"title":"Bote 3 Bolas Head One - Padel Zoco","description":"Pelotas HEAD PADEL ONE S en caja de 72 unidades, con gran control, durabilidad y visibilidad, ideales para entrenamiento y competici\u00f3n en p\u00e1del.","robots":{"index":"index","follow":"follow","max-snippet":"max-snippet:-1","max-image-preview":"max-image-preview:large","max-video-preview":"max-video-preview:-1"},"canonical":"https:\/\/padelzoco.es\/en\/product\/bote-3-bolas-head-one\/","og_locale":"en_GB","og_type":"article","og_title":"Bote 3 Bolas Head One - Padel Zoco","og_description":"Pelotas HEAD PADEL ONE S en caja de 72 unidades, con gran control, durabilidad y visibilidad, ideales para entrenamiento y competici\u00f3n en p\u00e1del.","og_url":"https:\/\/padelzoco.es\/en\/product\/bote-3-bolas-head-one\/","og_site_name":"Padel Zoco","article_modified_time":"2026-04-14T16:37:59+00:00","og_image":[{"width":1400,"height":1400,"url":"https:\/\/padelzoco.es\/wp-content\/uploads\/2025\/02\/HEAD-ONE-S-Padel-Balls-Box-01.webp","type":"image\/webp"}],"twitter_card":"summary_large_image","twitter_misc":{"Estimated reading time":"1 minute"},"schema":{"@context":"https:\/\/schema.org","@graph":[{"@type":"WebPage","@id":"https:\/\/padelzoco.es\/product\/bote-3-bolas-head-one\/","url":"https:\/\/padelzoco.es\/product\/bote-3-bolas-head-one\/","name":"Bote 3 Bolas Head One - Padel Zoco","isPartOf":{"@id":"https:\/\/padelzoco.es\/#website"},"primaryImageOfPage":{"@id":"https:\/\/padelzoco.es\/product\/bote-3-bolas-head-one\/#primaryimage"},"image":{"@id":"https:\/\/padelzoco.es\/product\/bote-3-bolas-head-one\/#primaryimage"},"thumbnailUrl":"https:\/\/padelzoco.es\/wp-content\/uploads\/2025\/02\/HEAD-ONE-S-Padel-Balls-Box-01.webp","datePublished":"2025-02-06T17:46:04+00:00","dateModified":"2026-04-14T16:37:59+00:00","description":"Pelotas HEAD PADEL ONE S en caja de 72 unidades, con gran control, durabilidad y visibilidad, ideales para entrenamiento y competici\u00f3n en p\u00e1del.","breadcrumb":{"@id":"https:\/\/padelzoco.es\/product\/bote-3-bolas-head-one\/#breadcrumb"},"inLanguage":"en-GB","potentialAction":[{"@type":"ReadAction","target":["https:\/\/padelzoco.es\/product\/bote-3-bolas-head-one\/"]}]},{"@type":"ImageObject","inLanguage":"en-GB","@id":"https:\/\/padelzoco.es\/product\/bote-3-bolas-head-one\/#primaryimage","url":"https:\/\/padelzoco.es\/wp-content\/uploads\/2025\/02\/HEAD-ONE-S-Padel-Balls-Box-01.webp","contentUrl":"https:\/\/padelzoco.es\/wp-content\/uploads\/2025\/02\/HEAD-ONE-S-Padel-Balls-Box-01.webp","width":1400,"height":1400,"caption":"HEAD ONE S Padel Balls Box 01"},{"@type":"BreadcrumbList","@id":"https:\/\/padelzoco.es\/product\/bote-3-bolas-head-one\/#breadcrumb","itemListElement":[{"@type":"ListItem","position":1,"name":"Home","item":"https:\/\/padelzoco.es\/"},{"@type":"ListItem","position":2,"name":"Padel Zoco","item":"https:\/\/padelzoco.es\/padel-zoco\/"},{"@type":"ListItem","position":3,"name":"Bote 3 Bolas Head One"}]},{"@type":"WebSite","@id":"https:\/\/padelzoco.es\/#website","url":"https:\/\/padelzoco.es\/","name":"Padel Zoco","description":"Padel Zoco | Spain","publisher":{"@id":"https:\/\/padelzoco.es\/#organization"},"potentialAction":[{"@type":"SearchAction","target":{"@type":"EntryPoint","urlTemplate":"https:\/\/padelzoco.es\/?s={search_term_string}"},"query-input":{"@type":"PropertyValueSpecification","valueRequired":true,"valueName":"search_term_string"}}],"inLanguage":"en-GB"},{"@type":"Organization","@id":"https:\/\/padelzoco.es\/#organization","name":"Padel Zoco","url":"https:\/\/padelzoco.es\/","logo":{"@type":"ImageObject","inLanguage":"en-GB","@id":"https:\/\/padelzoco.es\/#\/schema\/logo\/image\/","url":"https:\/\/padelzoco.es\/wp-content\/uploads\/2023\/11\/PadelZoco_Logo_black_white.webp","contentUrl":"https:\/\/padelzoco.es\/wp-content\/uploads\/2023\/11\/PadelZoco_Logo_black_white.webp","width":1500,"height":631,"caption":"Padel Zoco"},"image":{"@id":"https:\/\/padelzoco.es\/#\/schema\/logo\/image\/"}}]}},"_links":{"self":[{"href":"https:\/\/padelzoco.es\/en\/wp-json\/wp\/v2\/product\/17081","targetHints":{"allow":["GET"]}}],"collection":[{"href":"https:\/\/padelzoco.es\/en\/wp-json\/wp\/v2\/product"}],"about":[{"href":"https:\/\/padelzoco.es\/en\/wp-json\/wp\/v2\/types\/product"}],"version-history":[{"count":7,"href":"https:\/\/padelzoco.es\/en\/wp-json\/wp\/v2\/product\/17081\/revisions"}],"predecessor-version":[{"id":37806,"href":"https:\/\/padelzoco.es\/en\/wp-json\/wp\/v2\/product\/17081\/revisions\/37806"}],"wp:featuredmedia":[{"embeddable":true,"href":"https:\/\/padelzoco.es\/en\/wp-json\/wp\/v2\/media\/17067"}],"wp:attachment":[{"href":"https:\/\/padelzoco.es\/en\/wp-json\/wp\/v2\/media?parent=17081"}],"wp:term":[{"taxonomy":"product_brand","embeddable":true,"href":"https:\/\/padelzoco.es\/en\/wp-json\/wp\/v2\/product_brand?post=17081"},{"taxonomy":"product_cat","embeddable":true,"href":"https:\/\/padelzoco.es\/en\/wp-json\/wp\/v2\/product_cat?post=17081"},{"taxonomy":"product_tag","embeddable":true,"href":"https:\/\/padelzoco.es\/en\/wp-json\/wp\/v2\/product_tag?post=17081"}],"curies":[{"name":"wp","href":"https:\/\/api.w.org\/{rel}","templated":true}]}}