{"id":17268,"date":"2025-02-13T10:55:34","date_gmt":"2025-02-13T09:55:34","guid":{"rendered":"https:\/\/adc06f55e9.nxcli.io\/?post_type=product&#038;p=17268"},"modified":"2026-03-11T11:21:15","modified_gmt":"2026-03-11T10:21:15","slug":"pala-padel-wilson-defy-pro-v1-2025","status":"publish","type":"product","link":"https:\/\/padelzoco.es\/en\/product\/pala-padel-wilson-defy-pro-v1-2025\/","title":{"rendered":"WILSON Defy Pro V1 2025 Padel Racket"},"content":{"rendered":"","protected":false},"excerpt":{"rendered":"<div id=\"-body-1\" class=\"accordion_body\" role=\"region\" aria-labelledby=\"-title-1\">\n<div class=\"accordion_content\">\n<div class=\"product-detail product-detail_overview\">\n<div id=\"-body-1\" class=\"accordion_body\" role=\"region\" aria-labelledby=\"-title-1\">\n<div class=\"accordion_content\">\n<div class=\"product-detail product-detail_overview\">\n<p data-start=\"174\" data-end=\"518\">The Defy V1 Pro is a powerful padel racket that feels fast in the air and generates aggressive spin. This heavy frame is designed for advanced and professional padel players, featuring a 15K carbon face and Power Foam core. The diamond-shaped head creates natural power, and Aeroexact design technology makes the racket feel fast and agile in the air. The Duo Grid hole pattern combines large holes on the top for increased power with small holes on the bottom for spin and control, while the Spin^2 texture helps you get maximum spin on the ball.<\/p>\n<\/div>\n<\/div>\n<\/div>\n<\/div>\n<\/div>\n<\/div>","protected":false},"featured_media":17269,"template":"","meta":[],"product_brand":[],"product_cat":[582,584,589,572,757,754,699,576],"product_tag":[],"class_list":{"0":"post-17268","1":"product","2":"type-product","3":"status-publish","4":"has-post-thumbnail","6":"product_cat-avanzado-palas","7":"product_cat-diamante-palas","8":"product_cat-hombre-palas","9":"product_cat-palas","10":"product_cat-palas-ofertas","11":"product_cat-rebajas","12":"product_cat-wilson-padel","13":"product_cat-wilson-palas","14":"pa_brand-wilson","15":"pa_gender-hombre","16":"pa_hs_code-134","18":"first","19":"instock","20":"sale","21":"taxable","22":"shipping-taxable","23":"purchasable","24":"product-type-simple"},"yoast_head":"<!-- This site is optimized with the Yoast SEO plugin v27.3 - https:\/\/yoast.com\/product\/yoast-seo-wordpress\/ -->\n<title>Pala Padel WILSON Defy Pro V1 2025 - Padel Zoco<\/title>\n<meta name=\"robots\" content=\"index, follow, max-snippet:-1, max-image-preview:large, max-video-preview:-1\" \/>\n<link rel=\"canonical\" href=\"https:\/\/padelzoco.es\/en\/product\/pala-padel-wilson-defy-pro-v1-2025\/\" \/>\n<meta property=\"og:locale\" content=\"en_GB\" \/>\n<meta property=\"og:type\" content=\"article\" \/>\n<meta property=\"og:title\" content=\"Pala Padel WILSON Defy Pro V1 2025 - Padel Zoco\" \/>\n<meta property=\"og:description\" content=\"La Defy V1 Pro es una pala de p\u00e1del potente que se siente r\u00e1pida en el aire y genera efectos agresivos. Este marco pesado est\u00e1 dise\u00f1ado para jugadores de p\u00e1del de nivel avanzado y profesional, con una cara de carbono 15K y una espuma Power Foam. La pala en forma de diamante crea una potencia natural, junto con la tecnolog\u00eda de dise\u00f1o Aeroexact, que hace que la pala se sienta r\u00e1pida y \u00e1gil en el aire. El patr\u00f3n de orificios Duo Grid combina orificios grandes en la parte superior para una mayor potencia con orificios peque\u00f1os en la parte inferior para efectos y control, mientras que la textura Spin^2 te ayuda a obtener el m\u00e1ximo efecto en la pelota.\" \/>\n<meta property=\"og:url\" content=\"https:\/\/padelzoco.es\/en\/product\/pala-padel-wilson-defy-pro-v1-2025\/\" \/>\n<meta property=\"og:site_name\" content=\"Padel Zoco\" \/>\n<meta property=\"article:modified_time\" content=\"2026-03-11T10:21:15+00:00\" \/>\n<meta property=\"og:image\" content=\"https:\/\/padelzoco.es\/wp-content\/uploads\/2025\/02\/WILSON-Defy-Pro-V1-2025-Padel-Racket-09.webp\" \/>\n\t<meta property=\"og:image:width\" content=\"1400\" \/>\n\t<meta property=\"og:image:height\" content=\"1400\" \/>\n\t<meta property=\"og:image:type\" content=\"image\/webp\" \/>\n<meta name=\"twitter:card\" content=\"summary_large_image\" \/>\n<meta name=\"twitter:label1\" content=\"Estimated reading time\" \/>\n\t<meta name=\"twitter:data1\" content=\"1 minute\" \/>\n<script type=\"application\/ld+json\" class=\"yoast-schema-graph\">{\"@context\":\"https:\\\/\\\/schema.org\",\"@graph\":[{\"@type\":\"WebPage\",\"@id\":\"https:\\\/\\\/padelzoco.es\\\/product\\\/pala-padel-wilson-defy-pro-v1-2025\\\/\",\"url\":\"https:\\\/\\\/padelzoco.es\\\/product\\\/pala-padel-wilson-defy-pro-v1-2025\\\/\",\"name\":\"Pala Padel WILSON Defy Pro V1 2025 - Padel Zoco\",\"isPartOf\":{\"@id\":\"https:\\\/\\\/padelzoco.es\\\/#website\"},\"primaryImageOfPage\":{\"@id\":\"https:\\\/\\\/padelzoco.es\\\/product\\\/pala-padel-wilson-defy-pro-v1-2025\\\/#primaryimage\"},\"image\":{\"@id\":\"https:\\\/\\\/padelzoco.es\\\/product\\\/pala-padel-wilson-defy-pro-v1-2025\\\/#primaryimage\"},\"thumbnailUrl\":\"https:\\\/\\\/padelzoco.es\\\/wp-content\\\/uploads\\\/2025\\\/02\\\/WILSON-Defy-Pro-V1-2025-Padel-Racket-09.webp\",\"datePublished\":\"2025-02-13T09:55:34+00:00\",\"dateModified\":\"2026-03-11T10:21:15+00:00\",\"breadcrumb\":{\"@id\":\"https:\\\/\\\/padelzoco.es\\\/product\\\/pala-padel-wilson-defy-pro-v1-2025\\\/#breadcrumb\"},\"inLanguage\":\"en-GB\",\"potentialAction\":[{\"@type\":\"ReadAction\",\"target\":[\"https:\\\/\\\/padelzoco.es\\\/product\\\/pala-padel-wilson-defy-pro-v1-2025\\\/\"]}]},{\"@type\":\"ImageObject\",\"inLanguage\":\"en-GB\",\"@id\":\"https:\\\/\\\/padelzoco.es\\\/product\\\/pala-padel-wilson-defy-pro-v1-2025\\\/#primaryimage\",\"url\":\"https:\\\/\\\/padelzoco.es\\\/wp-content\\\/uploads\\\/2025\\\/02\\\/WILSON-Defy-Pro-V1-2025-Padel-Racket-09.webp\",\"contentUrl\":\"https:\\\/\\\/padelzoco.es\\\/wp-content\\\/uploads\\\/2025\\\/02\\\/WILSON-Defy-Pro-V1-2025-Padel-Racket-09.webp\",\"width\":1400,\"height\":1400,\"caption\":\"WILSON Defy Pro V1 2025 Padel Racket 09\"},{\"@type\":\"BreadcrumbList\",\"@id\":\"https:\\\/\\\/padelzoco.es\\\/product\\\/pala-padel-wilson-defy-pro-v1-2025\\\/#breadcrumb\",\"itemListElement\":[{\"@type\":\"ListItem\",\"position\":1,\"name\":\"Home\",\"item\":\"https:\\\/\\\/padelzoco.es\\\/\"},{\"@type\":\"ListItem\",\"position\":2,\"name\":\"Padel Zoco\",\"item\":\"https:\\\/\\\/padelzoco.es\\\/padel-zoco\\\/\"},{\"@type\":\"ListItem\",\"position\":3,\"name\":\"Pala Padel WILSON Defy Pro V1 2025\"}]},{\"@type\":\"WebSite\",\"@id\":\"https:\\\/\\\/padelzoco.es\\\/#website\",\"url\":\"https:\\\/\\\/padelzoco.es\\\/\",\"name\":\"Padel Zoco\",\"description\":\"Padel Zoco | Spain\",\"publisher\":{\"@id\":\"https:\\\/\\\/padelzoco.es\\\/#organization\"},\"potentialAction\":[{\"@type\":\"SearchAction\",\"target\":{\"@type\":\"EntryPoint\",\"urlTemplate\":\"https:\\\/\\\/padelzoco.es\\\/?s={search_term_string}\"},\"query-input\":{\"@type\":\"PropertyValueSpecification\",\"valueRequired\":true,\"valueName\":\"search_term_string\"}}],\"inLanguage\":\"en-GB\"},{\"@type\":\"Organization\",\"@id\":\"https:\\\/\\\/padelzoco.es\\\/#organization\",\"name\":\"Padel Zoco\",\"url\":\"https:\\\/\\\/padelzoco.es\\\/\",\"logo\":{\"@type\":\"ImageObject\",\"inLanguage\":\"en-GB\",\"@id\":\"https:\\\/\\\/padelzoco.es\\\/#\\\/schema\\\/logo\\\/image\\\/\",\"url\":\"https:\\\/\\\/padelzoco.es\\\/wp-content\\\/uploads\\\/2023\\\/11\\\/PadelZoco_Logo_black_white.webp\",\"contentUrl\":\"https:\\\/\\\/padelzoco.es\\\/wp-content\\\/uploads\\\/2023\\\/11\\\/PadelZoco_Logo_black_white.webp\",\"width\":1500,\"height\":631,\"caption\":\"Padel Zoco\"},\"image\":{\"@id\":\"https:\\\/\\\/padelzoco.es\\\/#\\\/schema\\\/logo\\\/image\\\/\"}}]}<\/script>\n<!-- \/ Yoast SEO plugin. -->","yoast_head_json":{"title":"Pala Padel WILSON Defy Pro V1 2025 - Padel Zoco","robots":{"index":"index","follow":"follow","max-snippet":"max-snippet:-1","max-image-preview":"max-image-preview:large","max-video-preview":"max-video-preview:-1"},"canonical":"https:\/\/padelzoco.es\/en\/product\/pala-padel-wilson-defy-pro-v1-2025\/","og_locale":"en_GB","og_type":"article","og_title":"Pala Padel WILSON Defy Pro V1 2025 - Padel Zoco","og_description":"La Defy V1 Pro es una pala de p\u00e1del potente que se siente r\u00e1pida en el aire y genera efectos agresivos. Este marco pesado est\u00e1 dise\u00f1ado para jugadores de p\u00e1del de nivel avanzado y profesional, con una cara de carbono 15K y una espuma Power Foam. La pala en forma de diamante crea una potencia natural, junto con la tecnolog\u00eda de dise\u00f1o Aeroexact, que hace que la pala se sienta r\u00e1pida y \u00e1gil en el aire. El patr\u00f3n de orificios Duo Grid combina orificios grandes en la parte superior para una mayor potencia con orificios peque\u00f1os en la parte inferior para efectos y control, mientras que la textura Spin^2 te ayuda a obtener el m\u00e1ximo efecto en la pelota.","og_url":"https:\/\/padelzoco.es\/en\/product\/pala-padel-wilson-defy-pro-v1-2025\/","og_site_name":"Padel Zoco","article_modified_time":"2026-03-11T10:21:15+00:00","og_image":[{"width":1400,"height":1400,"url":"https:\/\/padelzoco.es\/wp-content\/uploads\/2025\/02\/WILSON-Defy-Pro-V1-2025-Padel-Racket-09.webp","type":"image\/webp"}],"twitter_card":"summary_large_image","twitter_misc":{"Estimated reading time":"1 minute"},"schema":{"@context":"https:\/\/schema.org","@graph":[{"@type":"WebPage","@id":"https:\/\/padelzoco.es\/product\/pala-padel-wilson-defy-pro-v1-2025\/","url":"https:\/\/padelzoco.es\/product\/pala-padel-wilson-defy-pro-v1-2025\/","name":"Pala Padel WILSON Defy Pro V1 2025 - Padel Zoco","isPartOf":{"@id":"https:\/\/padelzoco.es\/#website"},"primaryImageOfPage":{"@id":"https:\/\/padelzoco.es\/product\/pala-padel-wilson-defy-pro-v1-2025\/#primaryimage"},"image":{"@id":"https:\/\/padelzoco.es\/product\/pala-padel-wilson-defy-pro-v1-2025\/#primaryimage"},"thumbnailUrl":"https:\/\/padelzoco.es\/wp-content\/uploads\/2025\/02\/WILSON-Defy-Pro-V1-2025-Padel-Racket-09.webp","datePublished":"2025-02-13T09:55:34+00:00","dateModified":"2026-03-11T10:21:15+00:00","breadcrumb":{"@id":"https:\/\/padelzoco.es\/product\/pala-padel-wilson-defy-pro-v1-2025\/#breadcrumb"},"inLanguage":"en-GB","potentialAction":[{"@type":"ReadAction","target":["https:\/\/padelzoco.es\/product\/pala-padel-wilson-defy-pro-v1-2025\/"]}]},{"@type":"ImageObject","inLanguage":"en-GB","@id":"https:\/\/padelzoco.es\/product\/pala-padel-wilson-defy-pro-v1-2025\/#primaryimage","url":"https:\/\/padelzoco.es\/wp-content\/uploads\/2025\/02\/WILSON-Defy-Pro-V1-2025-Padel-Racket-09.webp","contentUrl":"https:\/\/padelzoco.es\/wp-content\/uploads\/2025\/02\/WILSON-Defy-Pro-V1-2025-Padel-Racket-09.webp","width":1400,"height":1400,"caption":"WILSON Defy Pro V1 2025 Padel Racket 09"},{"@type":"BreadcrumbList","@id":"https:\/\/padelzoco.es\/product\/pala-padel-wilson-defy-pro-v1-2025\/#breadcrumb","itemListElement":[{"@type":"ListItem","position":1,"name":"Home","item":"https:\/\/padelzoco.es\/"},{"@type":"ListItem","position":2,"name":"Padel Zoco","item":"https:\/\/padelzoco.es\/padel-zoco\/"},{"@type":"ListItem","position":3,"name":"Pala Padel WILSON Defy Pro V1 2025"}]},{"@type":"WebSite","@id":"https:\/\/padelzoco.es\/#website","url":"https:\/\/padelzoco.es\/","name":"Padel Zoco","description":"Padel Zoco | Spain","publisher":{"@id":"https:\/\/padelzoco.es\/#organization"},"potentialAction":[{"@type":"SearchAction","target":{"@type":"EntryPoint","urlTemplate":"https:\/\/padelzoco.es\/?s={search_term_string}"},"query-input":{"@type":"PropertyValueSpecification","valueRequired":true,"valueName":"search_term_string"}}],"inLanguage":"en-GB"},{"@type":"Organization","@id":"https:\/\/padelzoco.es\/#organization","name":"Padel Zoco","url":"https:\/\/padelzoco.es\/","logo":{"@type":"ImageObject","inLanguage":"en-GB","@id":"https:\/\/padelzoco.es\/#\/schema\/logo\/image\/","url":"https:\/\/padelzoco.es\/wp-content\/uploads\/2023\/11\/PadelZoco_Logo_black_white.webp","contentUrl":"https:\/\/padelzoco.es\/wp-content\/uploads\/2023\/11\/PadelZoco_Logo_black_white.webp","width":1500,"height":631,"caption":"Padel Zoco"},"image":{"@id":"https:\/\/padelzoco.es\/#\/schema\/logo\/image\/"}}]}},"_links":{"self":[{"href":"https:\/\/padelzoco.es\/en\/wp-json\/wp\/v2\/product\/17268","targetHints":{"allow":["GET"]}}],"collection":[{"href":"https:\/\/padelzoco.es\/en\/wp-json\/wp\/v2\/product"}],"about":[{"href":"https:\/\/padelzoco.es\/en\/wp-json\/wp\/v2\/types\/product"}],"version-history":[{"count":2,"href":"https:\/\/padelzoco.es\/en\/wp-json\/wp\/v2\/product\/17268\/revisions"}],"predecessor-version":[{"id":29388,"href":"https:\/\/padelzoco.es\/en\/wp-json\/wp\/v2\/product\/17268\/revisions\/29388"}],"wp:featuredmedia":[{"embeddable":true,"href":"https:\/\/padelzoco.es\/en\/wp-json\/wp\/v2\/media\/17269"}],"wp:attachment":[{"href":"https:\/\/padelzoco.es\/en\/wp-json\/wp\/v2\/media?parent=17268"}],"wp:term":[{"taxonomy":"product_brand","embeddable":true,"href":"https:\/\/padelzoco.es\/en\/wp-json\/wp\/v2\/product_brand?post=17268"},{"taxonomy":"product_cat","embeddable":true,"href":"https:\/\/padelzoco.es\/en\/wp-json\/wp\/v2\/product_cat?post=17268"},{"taxonomy":"product_tag","embeddable":true,"href":"https:\/\/padelzoco.es\/en\/wp-json\/wp\/v2\/product_tag?post=17268"}],"curies":[{"name":"wp","href":"https:\/\/api.w.org\/{rel}","templated":true}]}}