{"id":17341,"date":"2025-02-13T17:09:25","date_gmt":"2025-02-13T16:09:25","guid":{"rendered":"https:\/\/adc06f55e9.nxcli.io\/?post_type=product&#038;p=17341"},"modified":"2026-04-30T19:17:28","modified_gmt":"2026-04-30T18:17:28","slug":"paletero-nox-ml10-competition-xl-compact","status":"publish","type":"product","link":"https:\/\/padelzoco.es\/en\/product\/paletero-nox-ml10-competition-xl-compact\/","title":{"rendered":"Paletero NOX Ml10 Competition XL Compact"},"content":{"rendered":"<p data-start=\"29\" data-end=\"299\">The NOX ML10 Competition XL Compact Padel Bag offers 80L of storage, ThermoTech insulation, and a ventilated shoe compartment. Designed for players who need extra space, it blends style, functionality, and versatility for both training and competition.<\/p>\n<p data-start=\"646\" data-end=\"670\"><strong data-start=\"651\" data-end=\"668\">Key Features:<\/strong><\/p>\n<ul data-start=\"671\" data-end=\"1533\">\n<li data-start=\"671\" data-end=\"773\"><strong data-start=\"673\" data-end=\"702\">Spacious Main Compartment<\/strong>: Side-opening with room for 4 padel rackets, clothes, and gear.<\/li>\n<li data-start=\"774\" data-end=\"851\"><strong data-start=\"776\" data-end=\"807\">Ventilated Shoe Compartment<\/strong>: Keeps footwear fresh and odor-free.<\/li>\n<li data-start=\"852\" data-end=\"949\"><strong data-start=\"854\" data-end=\"886\">Circular Thermal Compartment<\/strong>: NOX ThermoTech insulation for 4 balls or a bottle.<\/li>\n<li data-start=\"950\" data-end=\"1049\"><strong data-start=\"952\" data-end=\"982\">Thermal Racket Compartment<\/strong>: Temperature-controlled space for 3 rackets or bottles.<\/li>\n<li data-start=\"1050\" data-end=\"1136\"><strong data-start=\"1052\" data-end=\"1068\">Side Pockets<\/strong>: Organized storage for phone, wallet, keys, and accessories.<\/li>\n<li data-start=\"1137\" data-end=\"1212\"><strong data-start=\"1139\" data-end=\"1170\">Ventilated Side Compartment<\/strong>: Ideal for laundry or sweaty gear.<\/li>\n<li data-start=\"1213\" data-end=\"1281\"><strong data-start=\"1215\" data-end=\"1230\">Back Pocket<\/strong>: Extra storage for quick-access essentials.<\/li>\n<li data-start=\"1282\" data-end=\"1368\"><strong data-start=\"1284\" data-end=\"1317\">Convertible Backpack Function<\/strong>: Removable straps for comfortable carrying.<\/li>\n<li data-start=\"1369\" data-end=\"1447\"><strong data-start=\"1371\" data-end=\"1404\">Ergonomic Handle &amp; Rigid Base<\/strong>: Enhanced durability and stability.<\/li>\n<li data-start=\"1448\" data-end=\"1533\"><strong data-start=\"1450\" data-end=\"1474\">Compact Yet Spacious:<\/strong>\u00a080L volume with dimensions 600 x 300 x 450 mm.<\/li>\n<\/ul>\n<p>Perfect for competitive players, the NOX ML10 Competition XL Compact Padel Bag delivers premium storage, advanced protection, and versatile carrying options.<\/p>","protected":false},"excerpt":{"rendered":"<p>El\u00a0<strong>paletero Competition XL Compact<\/strong>\u00a0destaca por su gran capacidad de almacenamiento, pensado para ser uno de los m\u00e1s vers\u00e1tiles del mercado. Perfecto para los jugadores que necesitan espacio adicional sin sacrificar estilo ni funcionalidad.<\/p>\n<p><strong>CARACTER\u00cdSTICAS:<\/strong><\/p>\n<ul>\n<li>Compartimiento principal con apertura lateral con capacidad para 4 palas de p\u00e1del, ropa, etc.<\/li>\n<li>Compartimento aireado para zapatillas dentro del compartimento principal.<\/li>\n<li>Compartimento circular t\u00e9rmico (tecnolog\u00eda NOX ThermoTech) para bote de 4 pelotas o botella.<\/li>\n<li>Compartimento t\u00e9rmico (tecnolog\u00eda NOX ThermoTech) con capacidad para 3 palas de p\u00e1del, botellas, etc.<\/li>\n<li>Compartimento lateral con bolsillos distribuidos para accesorios, m\u00f3vil, cartera, llaves, etc.<\/li>\n<li>Compartimento lateral con sistema de aireado.<\/li>\n<li>Bolsa para ropa sucia (\u00abLaundry Bag\u00bb). Bolsillo en la parte posterior.<\/li>\n<li>Funci\u00f3n de mochila con posibilidad de quitar las asas.<\/li>\n<li>Asa principal ergon\u00f3mica. Base r\u00edgida.<\/li>\n<\/ul>\n<p>&nbsp;<\/p>\n<p><strong>Medidas:\u00a0<\/strong>600 x 300 x 450 mm<\/p>\n<p><strong>Capacidad<\/strong>: \u00a080 litros<\/p>","protected":false},"featured_media":17352,"template":"","meta":[],"product_brand":[],"product_cat":[636,628],"product_tag":[470,40],"class_list":{"0":"post-17341","1":"product","2":"type-product","3":"status-publish","4":"has-post-thumbnail","6":"product_cat-bolsa","7":"product_cat-nox-bolsas","8":"product_tag-bullpadel-bag","9":"product_tag-padel-bag","10":"pa_brand-nox","11":"pa_hs_code-59","13":"first","14":"instock","15":"sale","16":"taxable","17":"shipping-taxable","18":"purchasable","19":"product-type-simple"},"yoast_head":"<!-- This site is optimized with the Yoast SEO plugin v27.5 - https:\/\/yoast.com\/product\/yoast-seo-wordpress\/ -->\n<title>Paletero NOX Ml10 Competition XL Compact - Padel Zoco<\/title>\n<meta name=\"description\" content=\"The NOX ML10 Competition XL Compact Padel Bag offers 80L of storage, ThermoTech insulation, and a ventilated shoe compartment, making it the ideal padel bag\" \/>\n<meta name=\"robots\" content=\"index, follow, max-snippet:-1, max-image-preview:large, max-video-preview:-1\" \/>\n<link rel=\"canonical\" href=\"https:\/\/padelzoco.es\/en\/product\/paletero-nox-ml10-competition-xl-compact\/\" \/>\n<meta property=\"og:locale\" content=\"en_GB\" \/>\n<meta property=\"og:type\" content=\"article\" \/>\n<meta property=\"og:title\" content=\"Paletero NOX Ml10 Competition XL Compact - Padel Zoco\" \/>\n<meta property=\"og:description\" content=\"The NOX ML10 Competition XL Compact Padel Bag offers 80L of storage, ThermoTech insulation, and a ventilated shoe compartment, making it the ideal padel bag\" \/>\n<meta property=\"og:url\" content=\"https:\/\/padelzoco.es\/en\/product\/paletero-nox-ml10-competition-xl-compact\/\" \/>\n<meta property=\"og:site_name\" content=\"Padel Zoco\" \/>\n<meta property=\"article:modified_time\" content=\"2026-04-30T18:17:28+00:00\" \/>\n<meta property=\"og:image\" content=\"https:\/\/padelzoco.es\/wp-content\/uploads\/2025\/02\/NOX-Ml10-Competition-XL-Compact-Padel-Bag-02.webp\" \/>\n\t<meta property=\"og:image:width\" content=\"1400\" \/>\n\t<meta property=\"og:image:height\" content=\"1400\" \/>\n\t<meta property=\"og:image:type\" content=\"image\/webp\" \/>\n<meta name=\"twitter:card\" content=\"summary_large_image\" \/>\n<meta name=\"twitter:label1\" content=\"Estimated reading time\" \/>\n\t<meta name=\"twitter:data1\" content=\"1 minute\" \/>\n<script type=\"application\/ld+json\" class=\"yoast-schema-graph\">{\"@context\":\"https:\\\/\\\/schema.org\",\"@graph\":[{\"@type\":\"WebPage\",\"@id\":\"https:\\\/\\\/padelzoco.es\\\/product\\\/paletero-nox-ml10-competition-xl-compact\\\/\",\"url\":\"https:\\\/\\\/padelzoco.es\\\/product\\\/paletero-nox-ml10-competition-xl-compact\\\/\",\"name\":\"Paletero NOX Ml10 Competition XL Compact - Padel Zoco\",\"isPartOf\":{\"@id\":\"https:\\\/\\\/padelzoco.es\\\/#website\"},\"primaryImageOfPage\":{\"@id\":\"https:\\\/\\\/padelzoco.es\\\/product\\\/paletero-nox-ml10-competition-xl-compact\\\/#primaryimage\"},\"image\":{\"@id\":\"https:\\\/\\\/padelzoco.es\\\/product\\\/paletero-nox-ml10-competition-xl-compact\\\/#primaryimage\"},\"thumbnailUrl\":\"https:\\\/\\\/padelzoco.es\\\/wp-content\\\/uploads\\\/2025\\\/02\\\/NOX-Ml10-Competition-XL-Compact-Padel-Bag-02.webp\",\"datePublished\":\"2025-02-13T16:09:25+00:00\",\"dateModified\":\"2026-04-30T18:17:28+00:00\",\"description\":\"The NOX ML10 Competition XL Compact Padel Bag offers 80L of storage, ThermoTech insulation, and a ventilated shoe compartment, making it the ideal padel bag\",\"breadcrumb\":{\"@id\":\"https:\\\/\\\/padelzoco.es\\\/product\\\/paletero-nox-ml10-competition-xl-compact\\\/#breadcrumb\"},\"inLanguage\":\"en-GB\",\"potentialAction\":[{\"@type\":\"ReadAction\",\"target\":[\"https:\\\/\\\/padelzoco.es\\\/product\\\/paletero-nox-ml10-competition-xl-compact\\\/\"]}]},{\"@type\":\"ImageObject\",\"inLanguage\":\"en-GB\",\"@id\":\"https:\\\/\\\/padelzoco.es\\\/product\\\/paletero-nox-ml10-competition-xl-compact\\\/#primaryimage\",\"url\":\"https:\\\/\\\/padelzoco.es\\\/wp-content\\\/uploads\\\/2025\\\/02\\\/NOX-Ml10-Competition-XL-Compact-Padel-Bag-02.webp\",\"contentUrl\":\"https:\\\/\\\/padelzoco.es\\\/wp-content\\\/uploads\\\/2025\\\/02\\\/NOX-Ml10-Competition-XL-Compact-Padel-Bag-02.webp\",\"width\":1400,\"height\":1400,\"caption\":\"NOX Ml10 Competition XL Compact Padel Bag 02\"},{\"@type\":\"BreadcrumbList\",\"@id\":\"https:\\\/\\\/padelzoco.es\\\/product\\\/paletero-nox-ml10-competition-xl-compact\\\/#breadcrumb\",\"itemListElement\":[{\"@type\":\"ListItem\",\"position\":1,\"name\":\"Home\",\"item\":\"https:\\\/\\\/padelzoco.es\\\/\"},{\"@type\":\"ListItem\",\"position\":2,\"name\":\"Padel Zoco\",\"item\":\"https:\\\/\\\/padelzoco.es\\\/padel-zoco\\\/\"},{\"@type\":\"ListItem\",\"position\":3,\"name\":\"Paletero NOX Ml10 Competition XL Compact\"}]},{\"@type\":\"WebSite\",\"@id\":\"https:\\\/\\\/padelzoco.es\\\/#website\",\"url\":\"https:\\\/\\\/padelzoco.es\\\/\",\"name\":\"Padel Zoco\",\"description\":\"Padel Zoco | Spain\",\"publisher\":{\"@id\":\"https:\\\/\\\/padelzoco.es\\\/#organization\"},\"potentialAction\":[{\"@type\":\"SearchAction\",\"target\":{\"@type\":\"EntryPoint\",\"urlTemplate\":\"https:\\\/\\\/padelzoco.es\\\/?s={search_term_string}\"},\"query-input\":{\"@type\":\"PropertyValueSpecification\",\"valueRequired\":true,\"valueName\":\"search_term_string\"}}],\"inLanguage\":\"en-GB\"},{\"@type\":\"Organization\",\"@id\":\"https:\\\/\\\/padelzoco.es\\\/#organization\",\"name\":\"Padel Zoco\",\"url\":\"https:\\\/\\\/padelzoco.es\\\/\",\"logo\":{\"@type\":\"ImageObject\",\"inLanguage\":\"en-GB\",\"@id\":\"https:\\\/\\\/padelzoco.es\\\/#\\\/schema\\\/logo\\\/image\\\/\",\"url\":\"https:\\\/\\\/padelzoco.es\\\/wp-content\\\/uploads\\\/2023\\\/11\\\/PadelZoco_Logo_black_white.webp\",\"contentUrl\":\"https:\\\/\\\/padelzoco.es\\\/wp-content\\\/uploads\\\/2023\\\/11\\\/PadelZoco_Logo_black_white.webp\",\"width\":1500,\"height\":631,\"caption\":\"Padel Zoco\"},\"image\":{\"@id\":\"https:\\\/\\\/padelzoco.es\\\/#\\\/schema\\\/logo\\\/image\\\/\"}}]}<\/script>\n<!-- \/ Yoast SEO plugin. -->","yoast_head_json":{"title":"Paletero NOX Ml10 Competition XL Compact - Padel Zoco","description":"The NOX ML10 Competition XL Compact Padel Bag offers 80L of storage, ThermoTech insulation, and a ventilated shoe compartment, making it the ideal padel bag","robots":{"index":"index","follow":"follow","max-snippet":"max-snippet:-1","max-image-preview":"max-image-preview:large","max-video-preview":"max-video-preview:-1"},"canonical":"https:\/\/padelzoco.es\/en\/product\/paletero-nox-ml10-competition-xl-compact\/","og_locale":"en_GB","og_type":"article","og_title":"Paletero NOX Ml10 Competition XL Compact - Padel Zoco","og_description":"The NOX ML10 Competition XL Compact Padel Bag offers 80L of storage, ThermoTech insulation, and a ventilated shoe compartment, making it the ideal padel bag","og_url":"https:\/\/padelzoco.es\/en\/product\/paletero-nox-ml10-competition-xl-compact\/","og_site_name":"Padel Zoco","article_modified_time":"2026-04-30T18:17:28+00:00","og_image":[{"width":1400,"height":1400,"url":"https:\/\/padelzoco.es\/wp-content\/uploads\/2025\/02\/NOX-Ml10-Competition-XL-Compact-Padel-Bag-02.webp","type":"image\/webp"}],"twitter_card":"summary_large_image","twitter_misc":{"Estimated reading time":"1 minute"},"schema":{"@context":"https:\/\/schema.org","@graph":[{"@type":"WebPage","@id":"https:\/\/padelzoco.es\/product\/paletero-nox-ml10-competition-xl-compact\/","url":"https:\/\/padelzoco.es\/product\/paletero-nox-ml10-competition-xl-compact\/","name":"Paletero NOX Ml10 Competition XL Compact - Padel Zoco","isPartOf":{"@id":"https:\/\/padelzoco.es\/#website"},"primaryImageOfPage":{"@id":"https:\/\/padelzoco.es\/product\/paletero-nox-ml10-competition-xl-compact\/#primaryimage"},"image":{"@id":"https:\/\/padelzoco.es\/product\/paletero-nox-ml10-competition-xl-compact\/#primaryimage"},"thumbnailUrl":"https:\/\/padelzoco.es\/wp-content\/uploads\/2025\/02\/NOX-Ml10-Competition-XL-Compact-Padel-Bag-02.webp","datePublished":"2025-02-13T16:09:25+00:00","dateModified":"2026-04-30T18:17:28+00:00","description":"The NOX ML10 Competition XL Compact Padel Bag offers 80L of storage, ThermoTech insulation, and a ventilated shoe compartment, making it the ideal padel bag","breadcrumb":{"@id":"https:\/\/padelzoco.es\/product\/paletero-nox-ml10-competition-xl-compact\/#breadcrumb"},"inLanguage":"en-GB","potentialAction":[{"@type":"ReadAction","target":["https:\/\/padelzoco.es\/product\/paletero-nox-ml10-competition-xl-compact\/"]}]},{"@type":"ImageObject","inLanguage":"en-GB","@id":"https:\/\/padelzoco.es\/product\/paletero-nox-ml10-competition-xl-compact\/#primaryimage","url":"https:\/\/padelzoco.es\/wp-content\/uploads\/2025\/02\/NOX-Ml10-Competition-XL-Compact-Padel-Bag-02.webp","contentUrl":"https:\/\/padelzoco.es\/wp-content\/uploads\/2025\/02\/NOX-Ml10-Competition-XL-Compact-Padel-Bag-02.webp","width":1400,"height":1400,"caption":"NOX Ml10 Competition XL Compact Padel Bag 02"},{"@type":"BreadcrumbList","@id":"https:\/\/padelzoco.es\/product\/paletero-nox-ml10-competition-xl-compact\/#breadcrumb","itemListElement":[{"@type":"ListItem","position":1,"name":"Home","item":"https:\/\/padelzoco.es\/"},{"@type":"ListItem","position":2,"name":"Padel Zoco","item":"https:\/\/padelzoco.es\/padel-zoco\/"},{"@type":"ListItem","position":3,"name":"Paletero NOX Ml10 Competition XL Compact"}]},{"@type":"WebSite","@id":"https:\/\/padelzoco.es\/#website","url":"https:\/\/padelzoco.es\/","name":"Padel Zoco","description":"Padel Zoco | Spain","publisher":{"@id":"https:\/\/padelzoco.es\/#organization"},"potentialAction":[{"@type":"SearchAction","target":{"@type":"EntryPoint","urlTemplate":"https:\/\/padelzoco.es\/?s={search_term_string}"},"query-input":{"@type":"PropertyValueSpecification","valueRequired":true,"valueName":"search_term_string"}}],"inLanguage":"en-GB"},{"@type":"Organization","@id":"https:\/\/padelzoco.es\/#organization","name":"Padel Zoco","url":"https:\/\/padelzoco.es\/","logo":{"@type":"ImageObject","inLanguage":"en-GB","@id":"https:\/\/padelzoco.es\/#\/schema\/logo\/image\/","url":"https:\/\/padelzoco.es\/wp-content\/uploads\/2023\/11\/PadelZoco_Logo_black_white.webp","contentUrl":"https:\/\/padelzoco.es\/wp-content\/uploads\/2023\/11\/PadelZoco_Logo_black_white.webp","width":1500,"height":631,"caption":"Padel Zoco"},"image":{"@id":"https:\/\/padelzoco.es\/#\/schema\/logo\/image\/"}}]}},"_links":{"self":[{"href":"https:\/\/padelzoco.es\/en\/wp-json\/wp\/v2\/product\/17341","targetHints":{"allow":["GET"]}}],"collection":[{"href":"https:\/\/padelzoco.es\/en\/wp-json\/wp\/v2\/product"}],"about":[{"href":"https:\/\/padelzoco.es\/en\/wp-json\/wp\/v2\/types\/product"}],"version-history":[{"count":1,"href":"https:\/\/padelzoco.es\/en\/wp-json\/wp\/v2\/product\/17341\/revisions"}],"predecessor-version":[{"id":27656,"href":"https:\/\/padelzoco.es\/en\/wp-json\/wp\/v2\/product\/17341\/revisions\/27656"}],"wp:featuredmedia":[{"embeddable":true,"href":"https:\/\/padelzoco.es\/en\/wp-json\/wp\/v2\/media\/17352"}],"wp:attachment":[{"href":"https:\/\/padelzoco.es\/en\/wp-json\/wp\/v2\/media?parent=17341"}],"wp:term":[{"taxonomy":"product_brand","embeddable":true,"href":"https:\/\/padelzoco.es\/en\/wp-json\/wp\/v2\/product_brand?post=17341"},{"taxonomy":"product_cat","embeddable":true,"href":"https:\/\/padelzoco.es\/en\/wp-json\/wp\/v2\/product_cat?post=17341"},{"taxonomy":"product_tag","embeddable":true,"href":"https:\/\/padelzoco.es\/en\/wp-json\/wp\/v2\/product_tag?post=17341"}],"curies":[{"name":"wp","href":"https:\/\/api.w.org\/{rel}","templated":true}]}}