{"id":17436,"date":"2025-02-18T20:24:04","date_gmt":"2025-02-18T19:24:04","guid":{"rendered":"https:\/\/adc06f55e9.nxcli.io\/?post_type=product&#038;p=17436"},"modified":"2026-04-30T19:15:49","modified_gmt":"2026-04-30T18:15:49","slug":"bolsa-babolat-rh-perf-negro-gris","status":"publish","type":"product","link":"https:\/\/padelzoco.es\/en\/product\/bolsa-babolat-rh-perf-negro-gris\/","title":{"rendered":"Bolsa Babolat RH Perf Negro Gris"},"content":{"rendered":"<p data-start=\"179\" data-end=\"609\">The <strong data-start=\"183\" data-end=\"218\">Babolat RH Perf Black Padel Bag<\/strong> is designed for serious players seeking <strong data-start=\"259\" data-end=\"311\">maximum protection, durability, and organization<\/strong>. Featuring <strong data-start=\"323\" data-end=\"367\">three waterproof, insulated compartments<\/strong>, it keeps your gear safe from the elements while offering <strong data-start=\"426\" data-end=\"450\">customizable storage<\/strong>. With a <strong data-start=\"459\" data-end=\"513\">compact, ergonomic design and an easy-carry system<\/strong>, this <strong data-start=\"520\" data-end=\"531\">52L bag<\/strong> is perfect for seamless transport\u2014whether on a bike, motorbike, or on foot.<\/p>\n<ul>\n<li data-start=\"179\" data-end=\"609\"><strong data-start=\"1652\" data-end=\"1667\">Dimensions:<\/strong> 30 x 37 x 60 cm<\/li>\n<li data-start=\"179\" data-end=\"609\"><strong data-start=\"1686\" data-end=\"1699\">Capacity:<\/strong> 52 liters<\/li>\n<\/ul>","protected":false},"excerpt":{"rendered":"<p>La\u00a0<strong>RH Perf Padel<\/strong>\u00a0es la bolsa definitiva, con sus bolsillos aislantes y su resistente exterior fabricado con\u00a0<strong>materiales 100 % reciclados.<\/strong>\u00a0Tiene un mont\u00f3n de espacio para organizar tu equipaci\u00f3n, capacidad para cuatro palas y todo lo que necesites para jugar al p\u00e1del.<\/p>\n<ul>\n<li><strong>Tama\u00f1o:\u00a0<\/strong>30 x 37 x 60 cm<\/li>\n<li><strong>Volumen<\/strong>: 52L<\/li>\n<li>40 % PVC \/ 40 % polietileno \/ 10 % poli\u00e9ster virgen \/ 5 % poliuretano \/ 5 % EVA<\/li>\n<li>Capacidad: 4 palas<\/li>\n<li>Bolsillo con cremallera para peque\u00f1os accesorios<\/li>\n<li>Impermeable y personalizable mediante un separador interior<\/li>\n<li>Sistema de transporte bidireccional: al hombro o a la espalda<\/li>\n<li><strong>Colores:<\/strong>\u00a0Gris \/ Azul<\/li>\n<\/ul>","protected":false},"featured_media":17438,"template":"","meta":[],"product_brand":[],"product_cat":[893,636,626],"product_tag":[],"class_list":{"0":"post-17436","1":"product","2":"type-product","3":"status-publish","4":"has-post-thumbnail","6":"product_cat-babolat-bolsas","7":"product_cat-bolsa","8":"product_cat-bolsas","9":"pa_brand-babolat","10":"pa_hs_code-673","12":"first","13":"instock","14":"sale","15":"taxable","16":"shipping-taxable","17":"purchasable","18":"product-type-simple"},"yoast_head":"<!-- This site is optimized with the Yoast SEO plugin v27.5 - https:\/\/yoast.com\/product\/yoast-seo-wordpress\/ -->\n<title>Bolsa Babolat RH Perf Negro Gris - Padel Zoco<\/title>\n<meta name=\"description\" content=\"The Babolat RH Perf Black Padel Bag offers waterproof, insulated compartments, customizable storage, and a compact, ergonomic design for easy transport.\" \/>\n<meta name=\"robots\" content=\"index, follow, max-snippet:-1, max-image-preview:large, max-video-preview:-1\" \/>\n<link rel=\"canonical\" href=\"https:\/\/padelzoco.es\/en\/product\/bolsa-babolat-rh-perf-negro-gris\/\" \/>\n<meta property=\"og:locale\" content=\"en_GB\" \/>\n<meta property=\"og:type\" content=\"article\" \/>\n<meta property=\"og:title\" content=\"Bolsa Babolat RH Perf Negro Gris - Padel Zoco\" \/>\n<meta property=\"og:description\" content=\"The Babolat RH Perf Black Padel Bag offers waterproof, insulated compartments, customizable storage, and a compact, ergonomic design for easy transport.\" \/>\n<meta property=\"og:url\" content=\"https:\/\/padelzoco.es\/en\/product\/bolsa-babolat-rh-perf-negro-gris\/\" \/>\n<meta property=\"og:site_name\" content=\"Padel Zoco\" \/>\n<meta property=\"article:modified_time\" content=\"2026-04-30T18:15:49+00:00\" \/>\n<meta property=\"og:image\" content=\"https:\/\/padelzoco.es\/wp-content\/uploads\/2025\/02\/Babolat-RH-Perf-Black-Padel-Bag-02.webp\" \/>\n\t<meta property=\"og:image:width\" content=\"1400\" \/>\n\t<meta property=\"og:image:height\" content=\"1400\" \/>\n\t<meta property=\"og:image:type\" content=\"image\/webp\" \/>\n<meta name=\"twitter:card\" content=\"summary_large_image\" \/>\n<meta name=\"twitter:label1\" content=\"Estimated reading time\" \/>\n\t<meta name=\"twitter:data1\" content=\"1 minute\" \/>\n<script type=\"application\/ld+json\" class=\"yoast-schema-graph\">{\"@context\":\"https:\\\/\\\/schema.org\",\"@graph\":[{\"@type\":\"WebPage\",\"@id\":\"https:\\\/\\\/padelzoco.es\\\/product\\\/bolsa-babolat-rh-perf-negro-gris\\\/\",\"url\":\"https:\\\/\\\/padelzoco.es\\\/product\\\/bolsa-babolat-rh-perf-negro-gris\\\/\",\"name\":\"Bolsa Babolat RH Perf Negro Gris - Padel Zoco\",\"isPartOf\":{\"@id\":\"https:\\\/\\\/padelzoco.es\\\/#website\"},\"primaryImageOfPage\":{\"@id\":\"https:\\\/\\\/padelzoco.es\\\/product\\\/bolsa-babolat-rh-perf-negro-gris\\\/#primaryimage\"},\"image\":{\"@id\":\"https:\\\/\\\/padelzoco.es\\\/product\\\/bolsa-babolat-rh-perf-negro-gris\\\/#primaryimage\"},\"thumbnailUrl\":\"https:\\\/\\\/padelzoco.es\\\/wp-content\\\/uploads\\\/2025\\\/02\\\/Babolat-RH-Perf-Black-Padel-Bag-02.webp\",\"datePublished\":\"2025-02-18T19:24:04+00:00\",\"dateModified\":\"2026-04-30T18:15:49+00:00\",\"description\":\"The Babolat RH Perf Black Padel Bag offers waterproof, insulated compartments, customizable storage, and a compact, ergonomic design for easy transport.\",\"breadcrumb\":{\"@id\":\"https:\\\/\\\/padelzoco.es\\\/product\\\/bolsa-babolat-rh-perf-negro-gris\\\/#breadcrumb\"},\"inLanguage\":\"en-GB\",\"potentialAction\":[{\"@type\":\"ReadAction\",\"target\":[\"https:\\\/\\\/padelzoco.es\\\/product\\\/bolsa-babolat-rh-perf-negro-gris\\\/\"]}]},{\"@type\":\"ImageObject\",\"inLanguage\":\"en-GB\",\"@id\":\"https:\\\/\\\/padelzoco.es\\\/product\\\/bolsa-babolat-rh-perf-negro-gris\\\/#primaryimage\",\"url\":\"https:\\\/\\\/padelzoco.es\\\/wp-content\\\/uploads\\\/2025\\\/02\\\/Babolat-RH-Perf-Black-Padel-Bag-02.webp\",\"contentUrl\":\"https:\\\/\\\/padelzoco.es\\\/wp-content\\\/uploads\\\/2025\\\/02\\\/Babolat-RH-Perf-Black-Padel-Bag-02.webp\",\"width\":1400,\"height\":1400,\"caption\":\"Babolat RH Perf Black Padel Bag 02\"},{\"@type\":\"BreadcrumbList\",\"@id\":\"https:\\\/\\\/padelzoco.es\\\/product\\\/bolsa-babolat-rh-perf-negro-gris\\\/#breadcrumb\",\"itemListElement\":[{\"@type\":\"ListItem\",\"position\":1,\"name\":\"Home\",\"item\":\"https:\\\/\\\/padelzoco.es\\\/\"},{\"@type\":\"ListItem\",\"position\":2,\"name\":\"Padel Zoco\",\"item\":\"https:\\\/\\\/padelzoco.es\\\/padel-zoco\\\/\"},{\"@type\":\"ListItem\",\"position\":3,\"name\":\"Bolsa Babolat RH Perf Negro Gris\"}]},{\"@type\":\"WebSite\",\"@id\":\"https:\\\/\\\/padelzoco.es\\\/#website\",\"url\":\"https:\\\/\\\/padelzoco.es\\\/\",\"name\":\"Padel Zoco\",\"description\":\"Padel Zoco | Spain\",\"publisher\":{\"@id\":\"https:\\\/\\\/padelzoco.es\\\/#organization\"},\"potentialAction\":[{\"@type\":\"SearchAction\",\"target\":{\"@type\":\"EntryPoint\",\"urlTemplate\":\"https:\\\/\\\/padelzoco.es\\\/?s={search_term_string}\"},\"query-input\":{\"@type\":\"PropertyValueSpecification\",\"valueRequired\":true,\"valueName\":\"search_term_string\"}}],\"inLanguage\":\"en-GB\"},{\"@type\":\"Organization\",\"@id\":\"https:\\\/\\\/padelzoco.es\\\/#organization\",\"name\":\"Padel Zoco\",\"url\":\"https:\\\/\\\/padelzoco.es\\\/\",\"logo\":{\"@type\":\"ImageObject\",\"inLanguage\":\"en-GB\",\"@id\":\"https:\\\/\\\/padelzoco.es\\\/#\\\/schema\\\/logo\\\/image\\\/\",\"url\":\"https:\\\/\\\/padelzoco.es\\\/wp-content\\\/uploads\\\/2023\\\/11\\\/PadelZoco_Logo_black_white.webp\",\"contentUrl\":\"https:\\\/\\\/padelzoco.es\\\/wp-content\\\/uploads\\\/2023\\\/11\\\/PadelZoco_Logo_black_white.webp\",\"width\":1500,\"height\":631,\"caption\":\"Padel Zoco\"},\"image\":{\"@id\":\"https:\\\/\\\/padelzoco.es\\\/#\\\/schema\\\/logo\\\/image\\\/\"}}]}<\/script>\n<!-- \/ Yoast SEO plugin. -->","yoast_head_json":{"title":"Bolsa Babolat RH Perf Negro Gris - Padel Zoco","description":"The Babolat RH Perf Black Padel Bag offers waterproof, insulated compartments, customizable storage, and a compact, ergonomic design for easy transport.","robots":{"index":"index","follow":"follow","max-snippet":"max-snippet:-1","max-image-preview":"max-image-preview:large","max-video-preview":"max-video-preview:-1"},"canonical":"https:\/\/padelzoco.es\/en\/product\/bolsa-babolat-rh-perf-negro-gris\/","og_locale":"en_GB","og_type":"article","og_title":"Bolsa Babolat RH Perf Negro Gris - Padel Zoco","og_description":"The Babolat RH Perf Black Padel Bag offers waterproof, insulated compartments, customizable storage, and a compact, ergonomic design for easy transport.","og_url":"https:\/\/padelzoco.es\/en\/product\/bolsa-babolat-rh-perf-negro-gris\/","og_site_name":"Padel Zoco","article_modified_time":"2026-04-30T18:15:49+00:00","og_image":[{"width":1400,"height":1400,"url":"https:\/\/padelzoco.es\/wp-content\/uploads\/2025\/02\/Babolat-RH-Perf-Black-Padel-Bag-02.webp","type":"image\/webp"}],"twitter_card":"summary_large_image","twitter_misc":{"Estimated reading time":"1 minute"},"schema":{"@context":"https:\/\/schema.org","@graph":[{"@type":"WebPage","@id":"https:\/\/padelzoco.es\/product\/bolsa-babolat-rh-perf-negro-gris\/","url":"https:\/\/padelzoco.es\/product\/bolsa-babolat-rh-perf-negro-gris\/","name":"Bolsa Babolat RH Perf Negro Gris - Padel Zoco","isPartOf":{"@id":"https:\/\/padelzoco.es\/#website"},"primaryImageOfPage":{"@id":"https:\/\/padelzoco.es\/product\/bolsa-babolat-rh-perf-negro-gris\/#primaryimage"},"image":{"@id":"https:\/\/padelzoco.es\/product\/bolsa-babolat-rh-perf-negro-gris\/#primaryimage"},"thumbnailUrl":"https:\/\/padelzoco.es\/wp-content\/uploads\/2025\/02\/Babolat-RH-Perf-Black-Padel-Bag-02.webp","datePublished":"2025-02-18T19:24:04+00:00","dateModified":"2026-04-30T18:15:49+00:00","description":"The Babolat RH Perf Black Padel Bag offers waterproof, insulated compartments, customizable storage, and a compact, ergonomic design for easy transport.","breadcrumb":{"@id":"https:\/\/padelzoco.es\/product\/bolsa-babolat-rh-perf-negro-gris\/#breadcrumb"},"inLanguage":"en-GB","potentialAction":[{"@type":"ReadAction","target":["https:\/\/padelzoco.es\/product\/bolsa-babolat-rh-perf-negro-gris\/"]}]},{"@type":"ImageObject","inLanguage":"en-GB","@id":"https:\/\/padelzoco.es\/product\/bolsa-babolat-rh-perf-negro-gris\/#primaryimage","url":"https:\/\/padelzoco.es\/wp-content\/uploads\/2025\/02\/Babolat-RH-Perf-Black-Padel-Bag-02.webp","contentUrl":"https:\/\/padelzoco.es\/wp-content\/uploads\/2025\/02\/Babolat-RH-Perf-Black-Padel-Bag-02.webp","width":1400,"height":1400,"caption":"Babolat RH Perf Black Padel Bag 02"},{"@type":"BreadcrumbList","@id":"https:\/\/padelzoco.es\/product\/bolsa-babolat-rh-perf-negro-gris\/#breadcrumb","itemListElement":[{"@type":"ListItem","position":1,"name":"Home","item":"https:\/\/padelzoco.es\/"},{"@type":"ListItem","position":2,"name":"Padel Zoco","item":"https:\/\/padelzoco.es\/padel-zoco\/"},{"@type":"ListItem","position":3,"name":"Bolsa Babolat RH Perf Negro Gris"}]},{"@type":"WebSite","@id":"https:\/\/padelzoco.es\/#website","url":"https:\/\/padelzoco.es\/","name":"Padel Zoco","description":"Padel Zoco | Spain","publisher":{"@id":"https:\/\/padelzoco.es\/#organization"},"potentialAction":[{"@type":"SearchAction","target":{"@type":"EntryPoint","urlTemplate":"https:\/\/padelzoco.es\/?s={search_term_string}"},"query-input":{"@type":"PropertyValueSpecification","valueRequired":true,"valueName":"search_term_string"}}],"inLanguage":"en-GB"},{"@type":"Organization","@id":"https:\/\/padelzoco.es\/#organization","name":"Padel Zoco","url":"https:\/\/padelzoco.es\/","logo":{"@type":"ImageObject","inLanguage":"en-GB","@id":"https:\/\/padelzoco.es\/#\/schema\/logo\/image\/","url":"https:\/\/padelzoco.es\/wp-content\/uploads\/2023\/11\/PadelZoco_Logo_black_white.webp","contentUrl":"https:\/\/padelzoco.es\/wp-content\/uploads\/2023\/11\/PadelZoco_Logo_black_white.webp","width":1500,"height":631,"caption":"Padel Zoco"},"image":{"@id":"https:\/\/padelzoco.es\/#\/schema\/logo\/image\/"}}]}},"_links":{"self":[{"href":"https:\/\/padelzoco.es\/en\/wp-json\/wp\/v2\/product\/17436","targetHints":{"allow":["GET"]}}],"collection":[{"href":"https:\/\/padelzoco.es\/en\/wp-json\/wp\/v2\/product"}],"about":[{"href":"https:\/\/padelzoco.es\/en\/wp-json\/wp\/v2\/types\/product"}],"version-history":[{"count":1,"href":"https:\/\/padelzoco.es\/en\/wp-json\/wp\/v2\/product\/17436\/revisions"}],"predecessor-version":[{"id":19171,"href":"https:\/\/padelzoco.es\/en\/wp-json\/wp\/v2\/product\/17436\/revisions\/19171"}],"wp:featuredmedia":[{"embeddable":true,"href":"https:\/\/padelzoco.es\/en\/wp-json\/wp\/v2\/media\/17438"}],"wp:attachment":[{"href":"https:\/\/padelzoco.es\/en\/wp-json\/wp\/v2\/media?parent=17436"}],"wp:term":[{"taxonomy":"product_brand","embeddable":true,"href":"https:\/\/padelzoco.es\/en\/wp-json\/wp\/v2\/product_brand?post=17436"},{"taxonomy":"product_cat","embeddable":true,"href":"https:\/\/padelzoco.es\/en\/wp-json\/wp\/v2\/product_cat?post=17436"},{"taxonomy":"product_tag","embeddable":true,"href":"https:\/\/padelzoco.es\/en\/wp-json\/wp\/v2\/product_tag?post=17436"}],"curies":[{"name":"wp","href":"https:\/\/api.w.org\/{rel}","templated":true}]}}