{"id":17481,"date":"2025-02-19T09:48:43","date_gmt":"2025-02-19T08:48:43","guid":{"rendered":"https:\/\/adc06f55e9.nxcli.io\/?post_type=product&#038;p=17481"},"modified":"2026-04-30T19:15:20","modified_gmt":"2026-04-30T18:15:20","slug":"pala-padel-head-coello-vibe-2025","status":"publish","type":"product","link":"https:\/\/padelzoco.es\/en\/product\/pala-padel-head-coello-vibe-2025\/","title":{"rendered":"HEAD Coello Vibe 2025 Padel Racket"},"content":{"rendered":"","protected":false},"excerpt":{"rendered":"<p>Designed and developed in collaboration with King Arthur, the COELLO VIBE 2025 padel racket is ideal for beginners and casual players. Fans of the world number one will love this racket with its elegant design, which includes personal touches such as a crown logo and his signature, and boasts a striking, glossy finish. This teardrop-shaped racket with a larger head offers controlled power and a wide sweet spot for greater forgiveness and flexibility. Heavier than other VIBE models, the COELLO VIBE 2025 features a fiberglass hitting surface that provides softer rigidity for effortless power. It is also constructed with Power Foam rubber and includes an integrated frame protector.<\/p>\n<ul>\n<li>Easy power and a larger sweet spot for beginners and casual players<\/li>\n<li>Designed and developed in collaboration with \u2018Arturo Coello\u2019<\/li>\n<li>Extra-large teardrop-shaped racket for beginner players<\/li>\n<li>Heavier than other VIBE models for superior power<\/li>\n<li>Fiberglass hitting surface for soft stiffness that provides easy power<\/li>\n<li>Power Foam rubber for increased responsiveness<\/li>\n<li>Integrated Protector System technology<\/li>\n<\/ul>\n<figure role=\"group\" aria-labelledby=\"Innegra\u2122\"><\/figure>","protected":false},"featured_media":17485,"template":"","meta":[],"product_brand":[],"product_cat":[778,584,583,746,589,581,573,572,757,580,754,588,15],"product_tag":[],"class_list":{"0":"post-17481","1":"product","2":"type-product","3":"status-publish","4":"has-post-thumbnail","6":"product_cat-arturo-coello","7":"product_cat-diamante-palas","8":"product_cat-forma-palas","9":"product_cat-head","10":"product_cat-hombre-palas","11":"product_cat-intermedio-palas","12":"product_cat-marcas-palas","13":"product_cat-palas","14":"product_cat-palas-ofertas","15":"product_cat-principiante-palas","16":"product_cat-rebajas","17":"product_cat-tipo-de-jugador-palas","18":"product_cat-uncategorized","19":"pa_hs_code-134","21":"first","22":"instock","23":"sale","24":"taxable","25":"shipping-taxable","26":"purchasable","27":"product-type-simple"},"yoast_head":"<!-- This site is optimized with the Yoast SEO plugin v27.5 - https:\/\/yoast.com\/product\/yoast-seo-wordpress\/ -->\n<title>Pala Padel HEAD Coello Vibe 2025 - Padel Zoco<\/title>\n<meta name=\"robots\" content=\"index, follow, max-snippet:-1, max-image-preview:large, max-video-preview:-1\" \/>\n<link rel=\"canonical\" href=\"https:\/\/padelzoco.es\/en\/product\/pala-padel-head-coello-vibe-2025\/\" \/>\n<meta property=\"og:locale\" content=\"en_GB\" \/>\n<meta property=\"og:type\" content=\"article\" \/>\n<meta property=\"og:title\" content=\"Pala Padel HEAD Coello Vibe 2025 - Padel Zoco\" \/>\n<meta property=\"og:description\" content=\"Dise\u00f1ada y desarrollada en colaboraci\u00f3n con el \u2018Rey Arturo\u2019, la PALA DE P\u00c1DEL COELLO VIBE 2025 es ideal para principiantes y jugadores ocasionales. Los fans del n\u00famero 1 del mundo adorar\u00e1n esta pala con un dise\u00f1o elegante que incluye algunos toques personales como un logotipo con una corona y su propia firma, y luce un acabado brillante y llamativo. Esta pala con forma de l\u00e1grima y mayor tama\u00f1o de la cabeza ofrece una potencia controlada y un amplio punto dulce para obtener m\u00e1s tolerancia y flexibilidad. La pala COELLO VIBE 2025, m\u00e1s pesada que los otros modelos VIBE -lo que te aporta una potencia superior-, cuenta con una superficie de golpeo de fibra de vidrio que ofrece una rigidez m\u00e1s blanda para una potencia f\u00e1cil. Adem\u00e1s, est\u00e1 fabricada con la goma Power Foam y con un protector integrado en el marco.   Potencia f\u00e1cil y un punto dulce m\u00e1s amplio para principiantes y jugadores ocasionales  Dise\u00f1ada y desarrollada en colaboraci\u00f3n con el \u2018Rey Arturo\u2019  Pala extragrande con forma de l\u00e1grima para jugadores principiantes  M\u00e1s pesada que los otros modelos VIBE para una potencia superior  Superficie de golpeo de fibra de vidrio para una rigidez blanda que proporciona una potencia f\u00e1cil  Goma Power Foam para m\u00e1s reactividad  Tecnolog\u00eda Integrated Protector System\" \/>\n<meta property=\"og:url\" content=\"https:\/\/padelzoco.es\/en\/product\/pala-padel-head-coello-vibe-2025\/\" \/>\n<meta property=\"og:site_name\" content=\"Padel Zoco\" \/>\n<meta property=\"article:modified_time\" content=\"2026-04-30T18:15:20+00:00\" \/>\n<meta property=\"og:image\" content=\"https:\/\/padelzoco.es\/wp-content\/uploads\/2025\/02\/HEAD-Coello-Vibe-Padel-Racket-2025-01.webp\" \/>\n\t<meta property=\"og:image:width\" content=\"1400\" \/>\n\t<meta property=\"og:image:height\" content=\"1400\" \/>\n\t<meta property=\"og:image:type\" content=\"image\/webp\" \/>\n<meta name=\"twitter:card\" content=\"summary_large_image\" \/>\n<meta name=\"twitter:label1\" content=\"Estimated reading time\" \/>\n\t<meta name=\"twitter:data1\" content=\"1 minute\" \/>\n<script type=\"application\/ld+json\" class=\"yoast-schema-graph\">{\"@context\":\"https:\\\/\\\/schema.org\",\"@graph\":[{\"@type\":\"WebPage\",\"@id\":\"https:\\\/\\\/padelzoco.es\\\/product\\\/pala-padel-head-coello-vibe-2025\\\/\",\"url\":\"https:\\\/\\\/padelzoco.es\\\/product\\\/pala-padel-head-coello-vibe-2025\\\/\",\"name\":\"Pala Padel HEAD Coello Vibe 2025 - Padel Zoco\",\"isPartOf\":{\"@id\":\"https:\\\/\\\/padelzoco.es\\\/#website\"},\"primaryImageOfPage\":{\"@id\":\"https:\\\/\\\/padelzoco.es\\\/product\\\/pala-padel-head-coello-vibe-2025\\\/#primaryimage\"},\"image\":{\"@id\":\"https:\\\/\\\/padelzoco.es\\\/product\\\/pala-padel-head-coello-vibe-2025\\\/#primaryimage\"},\"thumbnailUrl\":\"https:\\\/\\\/padelzoco.es\\\/wp-content\\\/uploads\\\/2025\\\/02\\\/HEAD-Coello-Vibe-Padel-Racket-2025-01.webp\",\"datePublished\":\"2025-02-19T08:48:43+00:00\",\"dateModified\":\"2026-04-30T18:15:20+00:00\",\"breadcrumb\":{\"@id\":\"https:\\\/\\\/padelzoco.es\\\/product\\\/pala-padel-head-coello-vibe-2025\\\/#breadcrumb\"},\"inLanguage\":\"en-GB\",\"potentialAction\":[{\"@type\":\"ReadAction\",\"target\":[\"https:\\\/\\\/padelzoco.es\\\/product\\\/pala-padel-head-coello-vibe-2025\\\/\"]}]},{\"@type\":\"ImageObject\",\"inLanguage\":\"en-GB\",\"@id\":\"https:\\\/\\\/padelzoco.es\\\/product\\\/pala-padel-head-coello-vibe-2025\\\/#primaryimage\",\"url\":\"https:\\\/\\\/padelzoco.es\\\/wp-content\\\/uploads\\\/2025\\\/02\\\/HEAD-Coello-Vibe-Padel-Racket-2025-01.webp\",\"contentUrl\":\"https:\\\/\\\/padelzoco.es\\\/wp-content\\\/uploads\\\/2025\\\/02\\\/HEAD-Coello-Vibe-Padel-Racket-2025-01.webp\",\"width\":1400,\"height\":1400},{\"@type\":\"BreadcrumbList\",\"@id\":\"https:\\\/\\\/padelzoco.es\\\/product\\\/pala-padel-head-coello-vibe-2025\\\/#breadcrumb\",\"itemListElement\":[{\"@type\":\"ListItem\",\"position\":1,\"name\":\"Home\",\"item\":\"https:\\\/\\\/padelzoco.es\\\/\"},{\"@type\":\"ListItem\",\"position\":2,\"name\":\"Padel Zoco\",\"item\":\"https:\\\/\\\/padelzoco.es\\\/padel-zoco\\\/\"},{\"@type\":\"ListItem\",\"position\":3,\"name\":\"Pala Padel HEAD Coello Vibe 2025\"}]},{\"@type\":\"WebSite\",\"@id\":\"https:\\\/\\\/padelzoco.es\\\/#website\",\"url\":\"https:\\\/\\\/padelzoco.es\\\/\",\"name\":\"Padel Zoco\",\"description\":\"Padel Zoco | Spain\",\"publisher\":{\"@id\":\"https:\\\/\\\/padelzoco.es\\\/#organization\"},\"potentialAction\":[{\"@type\":\"SearchAction\",\"target\":{\"@type\":\"EntryPoint\",\"urlTemplate\":\"https:\\\/\\\/padelzoco.es\\\/?s={search_term_string}\"},\"query-input\":{\"@type\":\"PropertyValueSpecification\",\"valueRequired\":true,\"valueName\":\"search_term_string\"}}],\"inLanguage\":\"en-GB\"},{\"@type\":\"Organization\",\"@id\":\"https:\\\/\\\/padelzoco.es\\\/#organization\",\"name\":\"Padel Zoco\",\"url\":\"https:\\\/\\\/padelzoco.es\\\/\",\"logo\":{\"@type\":\"ImageObject\",\"inLanguage\":\"en-GB\",\"@id\":\"https:\\\/\\\/padelzoco.es\\\/#\\\/schema\\\/logo\\\/image\\\/\",\"url\":\"https:\\\/\\\/padelzoco.es\\\/wp-content\\\/uploads\\\/2023\\\/11\\\/PadelZoco_Logo_black_white.webp\",\"contentUrl\":\"https:\\\/\\\/padelzoco.es\\\/wp-content\\\/uploads\\\/2023\\\/11\\\/PadelZoco_Logo_black_white.webp\",\"width\":1500,\"height\":631,\"caption\":\"Padel Zoco\"},\"image\":{\"@id\":\"https:\\\/\\\/padelzoco.es\\\/#\\\/schema\\\/logo\\\/image\\\/\"}}]}<\/script>\n<!-- \/ Yoast SEO plugin. -->","yoast_head_json":{"title":"Pala Padel HEAD Coello Vibe 2025 - Padel Zoco","robots":{"index":"index","follow":"follow","max-snippet":"max-snippet:-1","max-image-preview":"max-image-preview:large","max-video-preview":"max-video-preview:-1"},"canonical":"https:\/\/padelzoco.es\/en\/product\/pala-padel-head-coello-vibe-2025\/","og_locale":"en_GB","og_type":"article","og_title":"Pala Padel HEAD Coello Vibe 2025 - Padel Zoco","og_description":"Dise\u00f1ada y desarrollada en colaboraci\u00f3n con el \u2018Rey Arturo\u2019, la PALA DE P\u00c1DEL COELLO VIBE 2025 es ideal para principiantes y jugadores ocasionales. Los fans del n\u00famero 1 del mundo adorar\u00e1n esta pala con un dise\u00f1o elegante que incluye algunos toques personales como un logotipo con una corona y su propia firma, y luce un acabado brillante y llamativo. Esta pala con forma de l\u00e1grima y mayor tama\u00f1o de la cabeza ofrece una potencia controlada y un amplio punto dulce para obtener m\u00e1s tolerancia y flexibilidad. La pala COELLO VIBE 2025, m\u00e1s pesada que los otros modelos VIBE -lo que te aporta una potencia superior-, cuenta con una superficie de golpeo de fibra de vidrio que ofrece una rigidez m\u00e1s blanda para una potencia f\u00e1cil. Adem\u00e1s, est\u00e1 fabricada con la goma Power Foam y con un protector integrado en el marco.   Potencia f\u00e1cil y un punto dulce m\u00e1s amplio para principiantes y jugadores ocasionales  Dise\u00f1ada y desarrollada en colaboraci\u00f3n con el \u2018Rey Arturo\u2019  Pala extragrande con forma de l\u00e1grima para jugadores principiantes  M\u00e1s pesada que los otros modelos VIBE para una potencia superior  Superficie de golpeo de fibra de vidrio para una rigidez blanda que proporciona una potencia f\u00e1cil  Goma Power Foam para m\u00e1s reactividad  Tecnolog\u00eda Integrated Protector System","og_url":"https:\/\/padelzoco.es\/en\/product\/pala-padel-head-coello-vibe-2025\/","og_site_name":"Padel Zoco","article_modified_time":"2026-04-30T18:15:20+00:00","og_image":[{"width":1400,"height":1400,"url":"https:\/\/padelzoco.es\/wp-content\/uploads\/2025\/02\/HEAD-Coello-Vibe-Padel-Racket-2025-01.webp","type":"image\/webp"}],"twitter_card":"summary_large_image","twitter_misc":{"Estimated reading time":"1 minute"},"schema":{"@context":"https:\/\/schema.org","@graph":[{"@type":"WebPage","@id":"https:\/\/padelzoco.es\/product\/pala-padel-head-coello-vibe-2025\/","url":"https:\/\/padelzoco.es\/product\/pala-padel-head-coello-vibe-2025\/","name":"Pala Padel HEAD Coello Vibe 2025 - Padel Zoco","isPartOf":{"@id":"https:\/\/padelzoco.es\/#website"},"primaryImageOfPage":{"@id":"https:\/\/padelzoco.es\/product\/pala-padel-head-coello-vibe-2025\/#primaryimage"},"image":{"@id":"https:\/\/padelzoco.es\/product\/pala-padel-head-coello-vibe-2025\/#primaryimage"},"thumbnailUrl":"https:\/\/padelzoco.es\/wp-content\/uploads\/2025\/02\/HEAD-Coello-Vibe-Padel-Racket-2025-01.webp","datePublished":"2025-02-19T08:48:43+00:00","dateModified":"2026-04-30T18:15:20+00:00","breadcrumb":{"@id":"https:\/\/padelzoco.es\/product\/pala-padel-head-coello-vibe-2025\/#breadcrumb"},"inLanguage":"en-GB","potentialAction":[{"@type":"ReadAction","target":["https:\/\/padelzoco.es\/product\/pala-padel-head-coello-vibe-2025\/"]}]},{"@type":"ImageObject","inLanguage":"en-GB","@id":"https:\/\/padelzoco.es\/product\/pala-padel-head-coello-vibe-2025\/#primaryimage","url":"https:\/\/padelzoco.es\/wp-content\/uploads\/2025\/02\/HEAD-Coello-Vibe-Padel-Racket-2025-01.webp","contentUrl":"https:\/\/padelzoco.es\/wp-content\/uploads\/2025\/02\/HEAD-Coello-Vibe-Padel-Racket-2025-01.webp","width":1400,"height":1400},{"@type":"BreadcrumbList","@id":"https:\/\/padelzoco.es\/product\/pala-padel-head-coello-vibe-2025\/#breadcrumb","itemListElement":[{"@type":"ListItem","position":1,"name":"Home","item":"https:\/\/padelzoco.es\/"},{"@type":"ListItem","position":2,"name":"Padel Zoco","item":"https:\/\/padelzoco.es\/padel-zoco\/"},{"@type":"ListItem","position":3,"name":"Pala Padel HEAD Coello Vibe 2025"}]},{"@type":"WebSite","@id":"https:\/\/padelzoco.es\/#website","url":"https:\/\/padelzoco.es\/","name":"Padel Zoco","description":"Padel Zoco | Spain","publisher":{"@id":"https:\/\/padelzoco.es\/#organization"},"potentialAction":[{"@type":"SearchAction","target":{"@type":"EntryPoint","urlTemplate":"https:\/\/padelzoco.es\/?s={search_term_string}"},"query-input":{"@type":"PropertyValueSpecification","valueRequired":true,"valueName":"search_term_string"}}],"inLanguage":"en-GB"},{"@type":"Organization","@id":"https:\/\/padelzoco.es\/#organization","name":"Padel Zoco","url":"https:\/\/padelzoco.es\/","logo":{"@type":"ImageObject","inLanguage":"en-GB","@id":"https:\/\/padelzoco.es\/#\/schema\/logo\/image\/","url":"https:\/\/padelzoco.es\/wp-content\/uploads\/2023\/11\/PadelZoco_Logo_black_white.webp","contentUrl":"https:\/\/padelzoco.es\/wp-content\/uploads\/2023\/11\/PadelZoco_Logo_black_white.webp","width":1500,"height":631,"caption":"Padel Zoco"},"image":{"@id":"https:\/\/padelzoco.es\/#\/schema\/logo\/image\/"}}]}},"_links":{"self":[{"href":"https:\/\/padelzoco.es\/en\/wp-json\/wp\/v2\/product\/17481","targetHints":{"allow":["GET"]}}],"collection":[{"href":"https:\/\/padelzoco.es\/en\/wp-json\/wp\/v2\/product"}],"about":[{"href":"https:\/\/padelzoco.es\/en\/wp-json\/wp\/v2\/types\/product"}],"version-history":[{"count":3,"href":"https:\/\/padelzoco.es\/en\/wp-json\/wp\/v2\/product\/17481\/revisions"}],"predecessor-version":[{"id":29376,"href":"https:\/\/padelzoco.es\/en\/wp-json\/wp\/v2\/product\/17481\/revisions\/29376"}],"wp:featuredmedia":[{"embeddable":true,"href":"https:\/\/padelzoco.es\/en\/wp-json\/wp\/v2\/media\/17485"}],"wp:attachment":[{"href":"https:\/\/padelzoco.es\/en\/wp-json\/wp\/v2\/media?parent=17481"}],"wp:term":[{"taxonomy":"product_brand","embeddable":true,"href":"https:\/\/padelzoco.es\/en\/wp-json\/wp\/v2\/product_brand?post=17481"},{"taxonomy":"product_cat","embeddable":true,"href":"https:\/\/padelzoco.es\/en\/wp-json\/wp\/v2\/product_cat?post=17481"},{"taxonomy":"product_tag","embeddable":true,"href":"https:\/\/padelzoco.es\/en\/wp-json\/wp\/v2\/product_tag?post=17481"}],"curies":[{"name":"wp","href":"https:\/\/api.w.org\/{rel}","templated":true}]}}