{"id":17484,"date":"2025-02-19T09:48:44","date_gmt":"2025-02-19T08:48:44","guid":{"rendered":"https:\/\/adc06f55e9.nxcli.io\/?post_type=product&#038;p=17484"},"modified":"2026-04-30T19:15:19","modified_gmt":"2026-04-30T18:15:19","slug":"pala-padel-head-coello-team-2025","status":"publish","type":"product","link":"https:\/\/padelzoco.es\/en\/product\/pala-padel-head-coello-team-2025\/","title":{"rendered":"HEAD Coello Team 2025 Padel Racket"},"content":{"rendered":"","protected":false},"excerpt":{"rendered":"<p>Comfortable power arrives with the COELLO TEAM 2025 PADEL RACKET, designed and developed in collaboration with world number 1, Arturo Coello. The softest stiffness model in the Arturo Coello collection was created for intermediate and advanced players seeking effortless power at lower ball speeds. It also provides greater comfort and stability when moving to the net to attack. The elegant diamond-shaped racket design includes personal touches, such as the logo and the crown signature of \u2018King Arthur,\u2019 and boasts a striking, glossy finish.<\/p>\n<p>The medium balance aids in overhead shots, while Auxetic 2.0 technology provides enhanced feel and impact. The fiberglass hitting surface offers softer stiffness for improved ball exit speed, while the lower-density Power Foam rubber, compared to the Pro and Motion models, delivers explosive power. It is constructed with a carbon fiber frame, which is more rigid and makes the racket more responsive to maximize energy transfer.<\/p>\n<ul>\n<li>Designed for intermediate and advanced players seeking power and comfort<\/li>\n<li>Developed in collaboration with \u2018King Arthur\u2019, featuring personal touches such as his signature and a crown logo<\/li>\n<li>Easily powerful and comfortable thanks to the softest stiffness model in the Arturo Coello range<\/li>\n<li>Ayuda en golpes ofensivos como el smash, la v\u00edbora, remate X3 y voleas agresivas<\/li>\n<li>Superficie de golpeo de fibra de vidrio para una rigidez blanda que mejora la salida de la pelota<\/li>\n<li>Goma Power Foam roja para una potencia explosiva<\/li>\n<li>Tecnolog\u00eda Auxetic 2.0 para un tacto y una sensaci\u00f3n incomparables<\/li>\n<li>Rugoso 3D en la cara para un mayor agarre de la pelota y mayor efectos<\/li>\n<li>Estructura de marco de carbono m\u00e1s r\u00edgido para maximizar la transferencia de energ\u00eda<\/li>\n<li>Estabilizador de potencia para un swing r\u00e1pido y una mayor estabilidad\u00bb<\/li>\n<\/ul>","protected":false},"featured_media":17517,"template":"","meta":[],"product_brand":[],"product_cat":[778,582,584,583,746,589,581,573,590,579,572,757,754,588,15],"product_tag":[],"class_list":{"0":"post-17484","1":"product","2":"type-product","3":"status-publish","4":"has-post-thumbnail","6":"product_cat-arturo-coello","7":"product_cat-avanzado-palas","8":"product_cat-diamante-palas","9":"product_cat-forma-palas","10":"product_cat-head","11":"product_cat-hombre-palas","12":"product_cat-intermedio-palas","13":"product_cat-marcas-palas","14":"product_cat-mujer-palas","15":"product_cat-nivel-palas","16":"product_cat-palas","17":"product_cat-palas-ofertas","18":"product_cat-rebajas","19":"product_cat-tipo-de-jugador-palas","20":"product_cat-uncategorized","21":"pa_hs_code-134","23":"first","24":"instock","25":"sale","26":"taxable","27":"shipping-taxable","28":"purchasable","29":"product-type-simple"},"yoast_head":"<!-- This site is optimized with the Yoast SEO plugin v27.5 - https:\/\/yoast.com\/product\/yoast-seo-wordpress\/ -->\n<title>Pala Padel HEAD Coello Team 2025 - Padel Zoco<\/title>\n<meta name=\"robots\" content=\"index, follow, max-snippet:-1, max-image-preview:large, max-video-preview:-1\" \/>\n<link rel=\"canonical\" href=\"https:\/\/padelzoco.es\/en\/product\/pala-padel-head-coello-team-2025\/\" \/>\n<meta property=\"og:locale\" content=\"en_GB\" \/>\n<meta property=\"og:type\" content=\"article\" \/>\n<meta property=\"og:title\" content=\"Pala Padel HEAD Coello Team 2025 - Padel Zoco\" \/>\n<meta property=\"og:description\" content=\"La potencia confortable llega con la PALA DE P\u00c1DEL COELLO TEAM 2025, dise\u00f1ada y desarrollada en colaboraci\u00f3n con el n\u00famero 1 del mundo, Arturo Coello. El modelo de rigidez m\u00e1s blanda de la colecci\u00f3n Arturo Coello se ha creado para jugadores de nivel intermedio y avanzado que buscan una potencia f\u00e1cil a velocidades de pelota m\u00e1s bajas. Asimismo, aporta una mayor comodidad y estabilidad al avanzar a la red para atacar. El dise\u00f1o elegante de la pala en forma de diamante incluye algunos toques personales, como el logotipo y la firma de la corona del &#039;Rey Arturo&#039;, y luce un acabado brillante y llamativo.  El balance medio ayuda en golpes por encima de la cabeza, mientras que la tecnolog\u00eda Auxetic 2.0 aporta un tacto y una sensaci\u00f3n de impacto mejorada. La superficie de golpeo de fibra de vidrio proporciona una rigidez m\u00e1s blanda que mejora la salida de bola, mientras que la goma Power Foam, de menor densidad que los modelos Pro y Motion, ofrece una potencia explosiva. Est\u00e1 construida con un marco de fibra de carbono, que es m\u00e1s r\u00edgido y hace la pala m\u00e1s reactiva para maximizar la transferencia de energ\u00eda.   Dise\u00f1ada para jugadores de nivel intermedio y avanzado que buscan potencia y confort  Desarrollada en colaboraci\u00f3n con el \u2018Rey Arturo\u2019, con toques personales como su firma y un logotipo de una corona  Potencia f\u00e1cil y confort gracias al modelo de rigidez m\u00e1s suave de la gama Arturo Coello  Ayuda en golpes ofensivos como el smash, la v\u00edbora, remate X3 y voleas agresivas  Superficie de golpeo de fibra de vidrio para una rigidez blanda que mejora la salida de la pelota  Goma Power Foam roja para una potencia explosiva  Tecnolog\u00eda Auxetic 2.0 para un tacto y una sensaci\u00f3n incomparables  Rugoso 3D en la cara para un mayor agarre de la pelota y mayor efectos  Estructura de marco de carbono m\u00e1s r\u00edgido para maximizar la transferencia de energ\u00eda  Estabilizador de potencia para un swing r\u00e1pido y una mayor estabilidad&quot;\" \/>\n<meta property=\"og:url\" content=\"https:\/\/padelzoco.es\/en\/product\/pala-padel-head-coello-team-2025\/\" \/>\n<meta property=\"og:site_name\" content=\"Padel Zoco\" \/>\n<meta property=\"article:modified_time\" content=\"2026-04-30T18:15:19+00:00\" \/>\n<meta property=\"og:image\" content=\"https:\/\/padelzoco.es\/wp-content\/uploads\/2025\/02\/HEAD-Coello-Team-Padel-Racket-2025-09.webp\" \/>\n\t<meta property=\"og:image:width\" content=\"1400\" \/>\n\t<meta property=\"og:image:height\" content=\"1400\" \/>\n\t<meta property=\"og:image:type\" content=\"image\/webp\" \/>\n<meta name=\"twitter:card\" content=\"summary_large_image\" \/>\n<meta name=\"twitter:label1\" content=\"Estimated reading time\" \/>\n\t<meta name=\"twitter:data1\" content=\"1 minute\" \/>\n<script type=\"application\/ld+json\" class=\"yoast-schema-graph\">{\"@context\":\"https:\\\/\\\/schema.org\",\"@graph\":[{\"@type\":\"WebPage\",\"@id\":\"https:\\\/\\\/padelzoco.es\\\/product\\\/pala-padel-head-coello-team-2025\\\/\",\"url\":\"https:\\\/\\\/padelzoco.es\\\/product\\\/pala-padel-head-coello-team-2025\\\/\",\"name\":\"Pala Padel HEAD Coello Team 2025 - Padel Zoco\",\"isPartOf\":{\"@id\":\"https:\\\/\\\/padelzoco.es\\\/#website\"},\"primaryImageOfPage\":{\"@id\":\"https:\\\/\\\/padelzoco.es\\\/product\\\/pala-padel-head-coello-team-2025\\\/#primaryimage\"},\"image\":{\"@id\":\"https:\\\/\\\/padelzoco.es\\\/product\\\/pala-padel-head-coello-team-2025\\\/#primaryimage\"},\"thumbnailUrl\":\"https:\\\/\\\/padelzoco.es\\\/wp-content\\\/uploads\\\/2025\\\/02\\\/HEAD-Coello-Team-Padel-Racket-2025-09.webp\",\"datePublished\":\"2025-02-19T08:48:44+00:00\",\"dateModified\":\"2026-04-30T18:15:19+00:00\",\"breadcrumb\":{\"@id\":\"https:\\\/\\\/padelzoco.es\\\/product\\\/pala-padel-head-coello-team-2025\\\/#breadcrumb\"},\"inLanguage\":\"en-GB\",\"potentialAction\":[{\"@type\":\"ReadAction\",\"target\":[\"https:\\\/\\\/padelzoco.es\\\/product\\\/pala-padel-head-coello-team-2025\\\/\"]}]},{\"@type\":\"ImageObject\",\"inLanguage\":\"en-GB\",\"@id\":\"https:\\\/\\\/padelzoco.es\\\/product\\\/pala-padel-head-coello-team-2025\\\/#primaryimage\",\"url\":\"https:\\\/\\\/padelzoco.es\\\/wp-content\\\/uploads\\\/2025\\\/02\\\/HEAD-Coello-Team-Padel-Racket-2025-09.webp\",\"contentUrl\":\"https:\\\/\\\/padelzoco.es\\\/wp-content\\\/uploads\\\/2025\\\/02\\\/HEAD-Coello-Team-Padel-Racket-2025-09.webp\",\"width\":1400,\"height\":1400},{\"@type\":\"BreadcrumbList\",\"@id\":\"https:\\\/\\\/padelzoco.es\\\/product\\\/pala-padel-head-coello-team-2025\\\/#breadcrumb\",\"itemListElement\":[{\"@type\":\"ListItem\",\"position\":1,\"name\":\"Home\",\"item\":\"https:\\\/\\\/padelzoco.es\\\/\"},{\"@type\":\"ListItem\",\"position\":2,\"name\":\"Padel Zoco\",\"item\":\"https:\\\/\\\/padelzoco.es\\\/padel-zoco\\\/\"},{\"@type\":\"ListItem\",\"position\":3,\"name\":\"Pala Padel HEAD Coello Team 2025\"}]},{\"@type\":\"WebSite\",\"@id\":\"https:\\\/\\\/padelzoco.es\\\/#website\",\"url\":\"https:\\\/\\\/padelzoco.es\\\/\",\"name\":\"Padel Zoco\",\"description\":\"Padel Zoco | Spain\",\"publisher\":{\"@id\":\"https:\\\/\\\/padelzoco.es\\\/#organization\"},\"potentialAction\":[{\"@type\":\"SearchAction\",\"target\":{\"@type\":\"EntryPoint\",\"urlTemplate\":\"https:\\\/\\\/padelzoco.es\\\/?s={search_term_string}\"},\"query-input\":{\"@type\":\"PropertyValueSpecification\",\"valueRequired\":true,\"valueName\":\"search_term_string\"}}],\"inLanguage\":\"en-GB\"},{\"@type\":\"Organization\",\"@id\":\"https:\\\/\\\/padelzoco.es\\\/#organization\",\"name\":\"Padel Zoco\",\"url\":\"https:\\\/\\\/padelzoco.es\\\/\",\"logo\":{\"@type\":\"ImageObject\",\"inLanguage\":\"en-GB\",\"@id\":\"https:\\\/\\\/padelzoco.es\\\/#\\\/schema\\\/logo\\\/image\\\/\",\"url\":\"https:\\\/\\\/padelzoco.es\\\/wp-content\\\/uploads\\\/2023\\\/11\\\/PadelZoco_Logo_black_white.webp\",\"contentUrl\":\"https:\\\/\\\/padelzoco.es\\\/wp-content\\\/uploads\\\/2023\\\/11\\\/PadelZoco_Logo_black_white.webp\",\"width\":1500,\"height\":631,\"caption\":\"Padel Zoco\"},\"image\":{\"@id\":\"https:\\\/\\\/padelzoco.es\\\/#\\\/schema\\\/logo\\\/image\\\/\"}}]}<\/script>\n<!-- \/ Yoast SEO plugin. -->","yoast_head_json":{"title":"Pala Padel HEAD Coello Team 2025 - Padel Zoco","robots":{"index":"index","follow":"follow","max-snippet":"max-snippet:-1","max-image-preview":"max-image-preview:large","max-video-preview":"max-video-preview:-1"},"canonical":"https:\/\/padelzoco.es\/en\/product\/pala-padel-head-coello-team-2025\/","og_locale":"en_GB","og_type":"article","og_title":"Pala Padel HEAD Coello Team 2025 - Padel Zoco","og_description":"La potencia confortable llega con la PALA DE P\u00c1DEL COELLO TEAM 2025, dise\u00f1ada y desarrollada en colaboraci\u00f3n con el n\u00famero 1 del mundo, Arturo Coello. El modelo de rigidez m\u00e1s blanda de la colecci\u00f3n Arturo Coello se ha creado para jugadores de nivel intermedio y avanzado que buscan una potencia f\u00e1cil a velocidades de pelota m\u00e1s bajas. Asimismo, aporta una mayor comodidad y estabilidad al avanzar a la red para atacar. El dise\u00f1o elegante de la pala en forma de diamante incluye algunos toques personales, como el logotipo y la firma de la corona del 'Rey Arturo', y luce un acabado brillante y llamativo.  El balance medio ayuda en golpes por encima de la cabeza, mientras que la tecnolog\u00eda Auxetic 2.0 aporta un tacto y una sensaci\u00f3n de impacto mejorada. La superficie de golpeo de fibra de vidrio proporciona una rigidez m\u00e1s blanda que mejora la salida de bola, mientras que la goma Power Foam, de menor densidad que los modelos Pro y Motion, ofrece una potencia explosiva. Est\u00e1 construida con un marco de fibra de carbono, que es m\u00e1s r\u00edgido y hace la pala m\u00e1s reactiva para maximizar la transferencia de energ\u00eda.   Dise\u00f1ada para jugadores de nivel intermedio y avanzado que buscan potencia y confort  Desarrollada en colaboraci\u00f3n con el \u2018Rey Arturo\u2019, con toques personales como su firma y un logotipo de una corona  Potencia f\u00e1cil y confort gracias al modelo de rigidez m\u00e1s suave de la gama Arturo Coello  Ayuda en golpes ofensivos como el smash, la v\u00edbora, remate X3 y voleas agresivas  Superficie de golpeo de fibra de vidrio para una rigidez blanda que mejora la salida de la pelota  Goma Power Foam roja para una potencia explosiva  Tecnolog\u00eda Auxetic 2.0 para un tacto y una sensaci\u00f3n incomparables  Rugoso 3D en la cara para un mayor agarre de la pelota y mayor efectos  Estructura de marco de carbono m\u00e1s r\u00edgido para maximizar la transferencia de energ\u00eda  Estabilizador de potencia para un swing r\u00e1pido y una mayor estabilidad\"","og_url":"https:\/\/padelzoco.es\/en\/product\/pala-padel-head-coello-team-2025\/","og_site_name":"Padel Zoco","article_modified_time":"2026-04-30T18:15:19+00:00","og_image":[{"width":1400,"height":1400,"url":"https:\/\/padelzoco.es\/wp-content\/uploads\/2025\/02\/HEAD-Coello-Team-Padel-Racket-2025-09.webp","type":"image\/webp"}],"twitter_card":"summary_large_image","twitter_misc":{"Estimated reading time":"1 minute"},"schema":{"@context":"https:\/\/schema.org","@graph":[{"@type":"WebPage","@id":"https:\/\/padelzoco.es\/product\/pala-padel-head-coello-team-2025\/","url":"https:\/\/padelzoco.es\/product\/pala-padel-head-coello-team-2025\/","name":"Pala Padel HEAD Coello Team 2025 - Padel Zoco","isPartOf":{"@id":"https:\/\/padelzoco.es\/#website"},"primaryImageOfPage":{"@id":"https:\/\/padelzoco.es\/product\/pala-padel-head-coello-team-2025\/#primaryimage"},"image":{"@id":"https:\/\/padelzoco.es\/product\/pala-padel-head-coello-team-2025\/#primaryimage"},"thumbnailUrl":"https:\/\/padelzoco.es\/wp-content\/uploads\/2025\/02\/HEAD-Coello-Team-Padel-Racket-2025-09.webp","datePublished":"2025-02-19T08:48:44+00:00","dateModified":"2026-04-30T18:15:19+00:00","breadcrumb":{"@id":"https:\/\/padelzoco.es\/product\/pala-padel-head-coello-team-2025\/#breadcrumb"},"inLanguage":"en-GB","potentialAction":[{"@type":"ReadAction","target":["https:\/\/padelzoco.es\/product\/pala-padel-head-coello-team-2025\/"]}]},{"@type":"ImageObject","inLanguage":"en-GB","@id":"https:\/\/padelzoco.es\/product\/pala-padel-head-coello-team-2025\/#primaryimage","url":"https:\/\/padelzoco.es\/wp-content\/uploads\/2025\/02\/HEAD-Coello-Team-Padel-Racket-2025-09.webp","contentUrl":"https:\/\/padelzoco.es\/wp-content\/uploads\/2025\/02\/HEAD-Coello-Team-Padel-Racket-2025-09.webp","width":1400,"height":1400},{"@type":"BreadcrumbList","@id":"https:\/\/padelzoco.es\/product\/pala-padel-head-coello-team-2025\/#breadcrumb","itemListElement":[{"@type":"ListItem","position":1,"name":"Home","item":"https:\/\/padelzoco.es\/"},{"@type":"ListItem","position":2,"name":"Padel Zoco","item":"https:\/\/padelzoco.es\/padel-zoco\/"},{"@type":"ListItem","position":3,"name":"Pala Padel HEAD Coello Team 2025"}]},{"@type":"WebSite","@id":"https:\/\/padelzoco.es\/#website","url":"https:\/\/padelzoco.es\/","name":"Padel Zoco","description":"Padel Zoco | Spain","publisher":{"@id":"https:\/\/padelzoco.es\/#organization"},"potentialAction":[{"@type":"SearchAction","target":{"@type":"EntryPoint","urlTemplate":"https:\/\/padelzoco.es\/?s={search_term_string}"},"query-input":{"@type":"PropertyValueSpecification","valueRequired":true,"valueName":"search_term_string"}}],"inLanguage":"en-GB"},{"@type":"Organization","@id":"https:\/\/padelzoco.es\/#organization","name":"Padel Zoco","url":"https:\/\/padelzoco.es\/","logo":{"@type":"ImageObject","inLanguage":"en-GB","@id":"https:\/\/padelzoco.es\/#\/schema\/logo\/image\/","url":"https:\/\/padelzoco.es\/wp-content\/uploads\/2023\/11\/PadelZoco_Logo_black_white.webp","contentUrl":"https:\/\/padelzoco.es\/wp-content\/uploads\/2023\/11\/PadelZoco_Logo_black_white.webp","width":1500,"height":631,"caption":"Padel Zoco"},"image":{"@id":"https:\/\/padelzoco.es\/#\/schema\/logo\/image\/"}}]}},"_links":{"self":[{"href":"https:\/\/padelzoco.es\/en\/wp-json\/wp\/v2\/product\/17484","targetHints":{"allow":["GET"]}}],"collection":[{"href":"https:\/\/padelzoco.es\/en\/wp-json\/wp\/v2\/product"}],"about":[{"href":"https:\/\/padelzoco.es\/en\/wp-json\/wp\/v2\/types\/product"}],"version-history":[{"count":4,"href":"https:\/\/padelzoco.es\/en\/wp-json\/wp\/v2\/product\/17484\/revisions"}],"predecessor-version":[{"id":29382,"href":"https:\/\/padelzoco.es\/en\/wp-json\/wp\/v2\/product\/17484\/revisions\/29382"}],"wp:featuredmedia":[{"embeddable":true,"href":"https:\/\/padelzoco.es\/en\/wp-json\/wp\/v2\/media\/17517"}],"wp:attachment":[{"href":"https:\/\/padelzoco.es\/en\/wp-json\/wp\/v2\/media?parent=17484"}],"wp:term":[{"taxonomy":"product_brand","embeddable":true,"href":"https:\/\/padelzoco.es\/en\/wp-json\/wp\/v2\/product_brand?post=17484"},{"taxonomy":"product_cat","embeddable":true,"href":"https:\/\/padelzoco.es\/en\/wp-json\/wp\/v2\/product_cat?post=17484"},{"taxonomy":"product_tag","embeddable":true,"href":"https:\/\/padelzoco.es\/en\/wp-json\/wp\/v2\/product_tag?post=17484"}],"curies":[{"name":"wp","href":"https:\/\/api.w.org\/{rel}","templated":true}]}}