{"id":17719,"date":"2025-02-21T08:43:18","date_gmt":"2025-02-21T07:43:18","guid":{"rendered":"https:\/\/adc06f55e9.nxcli.io\/?post_type=product&#038;p=17719"},"modified":"2026-04-30T19:16:55","modified_gmt":"2026-04-30T18:16:55","slug":"monedero-adidas-3-4","status":"publish","type":"product","link":"https:\/\/padelzoco.es\/en\/product\/monedero-adidas-3-4\/","title":{"rendered":"Monedero Adidas 3.4"},"content":{"rendered":"<p data-start=\"0\" data-end=\"514\">El monedero Adidas 3.4 es la soluci\u00f3n perfecta para mantener tus objetos m\u00e1s peque\u00f1os organizados y protegidos durante tus entrenamientos y partidos de p\u00e1del. Cuenta con un compartimento central \u00fanico que permite almacenar accesorios de palas, art\u00edculos personales o cualquier otro esencial de forma segura. Su tama\u00f1o compacto se adapta perfectamente a cualquier bolsillo de tu bolsa de palas o mochila, convirti\u00e9ndolo en un accesorio pr\u00e1ctico y vers\u00e1til para llevar a cualquier lugar.<\/p>\n<p data-start=\"516\" data-end=\"929\">Fabricado con materiales de alta calidad como polietersulfona y poli\u00e9ster reciclado, combina resistencia y sostenibilidad. Adem\u00e1s, incorpora un asa de transporte que facilita el traslado, permiti\u00e9ndote llevarlo c\u00f3modamente mientras te desplazas de la pista al vestuario o de regreso a casa. Disponible en un elegante dise\u00f1o en gris metalizado, negro y detalles en naranja, el Adidas 3.4 es funcional y estiloso.<\/p>","protected":false},"excerpt":{"rendered":"<p>La soluci\u00f3n perfecta para mantener tus objetos m\u00e1s peque\u00f1os organizados y protegidos. Nuestro compartimento central \u00fanico es ideal para almacenar todo lo que necesitas, desde accesorios de palas hasta art\u00edculos personales. Su tama\u00f1o compacto se adapta perfectamente a cualquier bolsillo de tu bolsa de palas o mochila, lo que lo convierte en el compa\u00f1ero ideal para tus entrenamientos y partidos de p\u00e1del. Adem\u00e1s, cuenta con una asa de transporte que facilita su traslado, permiti\u00e9ndote llevarlo c\u00f3modamente a donde quieras.<\/p>\n<ul>\n<li>Materiales:\u00a0Polietersulfona\/poli\u00e9ster reciclado<\/li>\n<li>Capacidad :\u00a00,2 L<\/li>\n<li>Dimensiones:\u00a014 x 4 x 7,5 cm<\/li>\n<li>Color:\u00a0Gris metalizado\/Negro\/Tejido negro\/Naranja<\/li>\n<li>Tipo accesorio:\u00a0Monedero<\/li>\n<li>Colecci\u00f3n:\u00a02025<\/li>\n<\/ul>","protected":false},"featured_media":17720,"template":"","meta":[],"product_brand":[],"product_cat":[631,700,626,761,635],"product_tag":[],"class_list":{"0":"post-17719","1":"product","2":"type-product","3":"status-publish","4":"has-post-thumbnail","6":"product_cat-adidas-bolsas","7":"product_cat-adidas-padel","8":"product_cat-bolsas","9":"product_cat-bolsas-ofertas","10":"product_cat-neceser","11":"pa_brand-adidas","12":"pa_hs_code-59","14":"first","15":"instock","16":"sale","17":"taxable","18":"shipping-taxable","19":"purchasable","20":"product-type-simple"},"yoast_head":"<!-- This site is optimized with the Yoast SEO plugin v27.5 - https:\/\/yoast.com\/product\/yoast-seo-wordpress\/ -->\n<title>Monedero Adidas 3.4 - Padel Zoco<\/title>\n<meta name=\"description\" content=\"Monedero Adidas 3.4: compacto y resistente, con compartimento central, asa de transporte y materiales reciclados, ideal para organizar tus objetos de p\u00e1del.\" \/>\n<meta name=\"robots\" content=\"index, follow, max-snippet:-1, max-image-preview:large, max-video-preview:-1\" \/>\n<link rel=\"canonical\" href=\"https:\/\/padelzoco.es\/en\/product\/monedero-adidas-3-4\/\" \/>\n<meta property=\"og:locale\" content=\"en_GB\" \/>\n<meta property=\"og:type\" content=\"article\" \/>\n<meta property=\"og:title\" content=\"Monedero Adidas 3.4 - Padel Zoco\" \/>\n<meta property=\"og:description\" content=\"Monedero Adidas 3.4: compacto y resistente, con compartimento central, asa de transporte y materiales reciclados, ideal para organizar tus objetos de p\u00e1del.\" \/>\n<meta property=\"og:url\" content=\"https:\/\/padelzoco.es\/en\/product\/monedero-adidas-3-4\/\" \/>\n<meta property=\"og:site_name\" content=\"Padel Zoco\" \/>\n<meta property=\"article:modified_time\" content=\"2026-04-30T18:16:55+00:00\" \/>\n<meta property=\"og:image\" content=\"https:\/\/padelzoco.es\/wp-content\/uploads\/2025\/02\/ADIDAS-Wallet-3.4-Padel-Bag-03.webp\" \/>\n\t<meta property=\"og:image:width\" content=\"1400\" \/>\n\t<meta property=\"og:image:height\" content=\"1400\" \/>\n\t<meta property=\"og:image:type\" content=\"image\/webp\" \/>\n<meta name=\"twitter:card\" content=\"summary_large_image\" \/>\n<meta name=\"twitter:label1\" content=\"Estimated reading time\" \/>\n\t<meta name=\"twitter:data1\" content=\"1 minute\" \/>\n<script type=\"application\/ld+json\" class=\"yoast-schema-graph\">{\"@context\":\"https:\\\/\\\/schema.org\",\"@graph\":[{\"@type\":\"WebPage\",\"@id\":\"https:\\\/\\\/padelzoco.es\\\/product\\\/monedero-adidas-3-4\\\/\",\"url\":\"https:\\\/\\\/padelzoco.es\\\/product\\\/monedero-adidas-3-4\\\/\",\"name\":\"Monedero Adidas 3.4 - Padel Zoco\",\"isPartOf\":{\"@id\":\"https:\\\/\\\/padelzoco.es\\\/#website\"},\"primaryImageOfPage\":{\"@id\":\"https:\\\/\\\/padelzoco.es\\\/product\\\/monedero-adidas-3-4\\\/#primaryimage\"},\"image\":{\"@id\":\"https:\\\/\\\/padelzoco.es\\\/product\\\/monedero-adidas-3-4\\\/#primaryimage\"},\"thumbnailUrl\":\"https:\\\/\\\/padelzoco.es\\\/wp-content\\\/uploads\\\/2025\\\/02\\\/ADIDAS-Wallet-3.4-Padel-Bag-03.webp\",\"datePublished\":\"2025-02-21T07:43:18+00:00\",\"dateModified\":\"2026-04-30T18:16:55+00:00\",\"description\":\"Monedero Adidas 3.4: compacto y resistente, con compartimento central, asa de transporte y materiales reciclados, ideal para organizar tus objetos de p\u00e1del.\",\"breadcrumb\":{\"@id\":\"https:\\\/\\\/padelzoco.es\\\/product\\\/monedero-adidas-3-4\\\/#breadcrumb\"},\"inLanguage\":\"en-GB\",\"potentialAction\":[{\"@type\":\"ReadAction\",\"target\":[\"https:\\\/\\\/padelzoco.es\\\/product\\\/monedero-adidas-3-4\\\/\"]}]},{\"@type\":\"ImageObject\",\"inLanguage\":\"en-GB\",\"@id\":\"https:\\\/\\\/padelzoco.es\\\/product\\\/monedero-adidas-3-4\\\/#primaryimage\",\"url\":\"https:\\\/\\\/padelzoco.es\\\/wp-content\\\/uploads\\\/2025\\\/02\\\/ADIDAS-Wallet-3.4-Padel-Bag-03.webp\",\"contentUrl\":\"https:\\\/\\\/padelzoco.es\\\/wp-content\\\/uploads\\\/2025\\\/02\\\/ADIDAS-Wallet-3.4-Padel-Bag-03.webp\",\"width\":1400,\"height\":1400,\"caption\":\"ADIDAS Wallet 3.4 Padel Bag 03\"},{\"@type\":\"BreadcrumbList\",\"@id\":\"https:\\\/\\\/padelzoco.es\\\/product\\\/monedero-adidas-3-4\\\/#breadcrumb\",\"itemListElement\":[{\"@type\":\"ListItem\",\"position\":1,\"name\":\"Home\",\"item\":\"https:\\\/\\\/padelzoco.es\\\/\"},{\"@type\":\"ListItem\",\"position\":2,\"name\":\"Padel Zoco\",\"item\":\"https:\\\/\\\/padelzoco.es\\\/padel-zoco\\\/\"},{\"@type\":\"ListItem\",\"position\":3,\"name\":\"Monedero Adidas 3.4\"}]},{\"@type\":\"WebSite\",\"@id\":\"https:\\\/\\\/padelzoco.es\\\/#website\",\"url\":\"https:\\\/\\\/padelzoco.es\\\/\",\"name\":\"Padel Zoco\",\"description\":\"Padel Zoco | Spain\",\"publisher\":{\"@id\":\"https:\\\/\\\/padelzoco.es\\\/#organization\"},\"potentialAction\":[{\"@type\":\"SearchAction\",\"target\":{\"@type\":\"EntryPoint\",\"urlTemplate\":\"https:\\\/\\\/padelzoco.es\\\/?s={search_term_string}\"},\"query-input\":{\"@type\":\"PropertyValueSpecification\",\"valueRequired\":true,\"valueName\":\"search_term_string\"}}],\"inLanguage\":\"en-GB\"},{\"@type\":\"Organization\",\"@id\":\"https:\\\/\\\/padelzoco.es\\\/#organization\",\"name\":\"Padel Zoco\",\"url\":\"https:\\\/\\\/padelzoco.es\\\/\",\"logo\":{\"@type\":\"ImageObject\",\"inLanguage\":\"en-GB\",\"@id\":\"https:\\\/\\\/padelzoco.es\\\/#\\\/schema\\\/logo\\\/image\\\/\",\"url\":\"https:\\\/\\\/padelzoco.es\\\/wp-content\\\/uploads\\\/2023\\\/11\\\/PadelZoco_Logo_black_white.webp\",\"contentUrl\":\"https:\\\/\\\/padelzoco.es\\\/wp-content\\\/uploads\\\/2023\\\/11\\\/PadelZoco_Logo_black_white.webp\",\"width\":1500,\"height\":631,\"caption\":\"Padel Zoco\"},\"image\":{\"@id\":\"https:\\\/\\\/padelzoco.es\\\/#\\\/schema\\\/logo\\\/image\\\/\"}}]}<\/script>\n<!-- \/ Yoast SEO plugin. -->","yoast_head_json":{"title":"Monedero Adidas 3.4 - Padel Zoco","description":"Monedero Adidas 3.4: compacto y resistente, con compartimento central, asa de transporte y materiales reciclados, ideal para organizar tus objetos de p\u00e1del.","robots":{"index":"index","follow":"follow","max-snippet":"max-snippet:-1","max-image-preview":"max-image-preview:large","max-video-preview":"max-video-preview:-1"},"canonical":"https:\/\/padelzoco.es\/en\/product\/monedero-adidas-3-4\/","og_locale":"en_GB","og_type":"article","og_title":"Monedero Adidas 3.4 - Padel Zoco","og_description":"Monedero Adidas 3.4: compacto y resistente, con compartimento central, asa de transporte y materiales reciclados, ideal para organizar tus objetos de p\u00e1del.","og_url":"https:\/\/padelzoco.es\/en\/product\/monedero-adidas-3-4\/","og_site_name":"Padel Zoco","article_modified_time":"2026-04-30T18:16:55+00:00","og_image":[{"width":1400,"height":1400,"url":"https:\/\/padelzoco.es\/wp-content\/uploads\/2025\/02\/ADIDAS-Wallet-3.4-Padel-Bag-03.webp","type":"image\/webp"}],"twitter_card":"summary_large_image","twitter_misc":{"Estimated reading time":"1 minute"},"schema":{"@context":"https:\/\/schema.org","@graph":[{"@type":"WebPage","@id":"https:\/\/padelzoco.es\/product\/monedero-adidas-3-4\/","url":"https:\/\/padelzoco.es\/product\/monedero-adidas-3-4\/","name":"Monedero Adidas 3.4 - Padel Zoco","isPartOf":{"@id":"https:\/\/padelzoco.es\/#website"},"primaryImageOfPage":{"@id":"https:\/\/padelzoco.es\/product\/monedero-adidas-3-4\/#primaryimage"},"image":{"@id":"https:\/\/padelzoco.es\/product\/monedero-adidas-3-4\/#primaryimage"},"thumbnailUrl":"https:\/\/padelzoco.es\/wp-content\/uploads\/2025\/02\/ADIDAS-Wallet-3.4-Padel-Bag-03.webp","datePublished":"2025-02-21T07:43:18+00:00","dateModified":"2026-04-30T18:16:55+00:00","description":"Monedero Adidas 3.4: compacto y resistente, con compartimento central, asa de transporte y materiales reciclados, ideal para organizar tus objetos de p\u00e1del.","breadcrumb":{"@id":"https:\/\/padelzoco.es\/product\/monedero-adidas-3-4\/#breadcrumb"},"inLanguage":"en-GB","potentialAction":[{"@type":"ReadAction","target":["https:\/\/padelzoco.es\/product\/monedero-adidas-3-4\/"]}]},{"@type":"ImageObject","inLanguage":"en-GB","@id":"https:\/\/padelzoco.es\/product\/monedero-adidas-3-4\/#primaryimage","url":"https:\/\/padelzoco.es\/wp-content\/uploads\/2025\/02\/ADIDAS-Wallet-3.4-Padel-Bag-03.webp","contentUrl":"https:\/\/padelzoco.es\/wp-content\/uploads\/2025\/02\/ADIDAS-Wallet-3.4-Padel-Bag-03.webp","width":1400,"height":1400,"caption":"ADIDAS Wallet 3.4 Padel Bag 03"},{"@type":"BreadcrumbList","@id":"https:\/\/padelzoco.es\/product\/monedero-adidas-3-4\/#breadcrumb","itemListElement":[{"@type":"ListItem","position":1,"name":"Home","item":"https:\/\/padelzoco.es\/"},{"@type":"ListItem","position":2,"name":"Padel Zoco","item":"https:\/\/padelzoco.es\/padel-zoco\/"},{"@type":"ListItem","position":3,"name":"Monedero Adidas 3.4"}]},{"@type":"WebSite","@id":"https:\/\/padelzoco.es\/#website","url":"https:\/\/padelzoco.es\/","name":"Padel Zoco","description":"Padel Zoco | Spain","publisher":{"@id":"https:\/\/padelzoco.es\/#organization"},"potentialAction":[{"@type":"SearchAction","target":{"@type":"EntryPoint","urlTemplate":"https:\/\/padelzoco.es\/?s={search_term_string}"},"query-input":{"@type":"PropertyValueSpecification","valueRequired":true,"valueName":"search_term_string"}}],"inLanguage":"en-GB"},{"@type":"Organization","@id":"https:\/\/padelzoco.es\/#organization","name":"Padel Zoco","url":"https:\/\/padelzoco.es\/","logo":{"@type":"ImageObject","inLanguage":"en-GB","@id":"https:\/\/padelzoco.es\/#\/schema\/logo\/image\/","url":"https:\/\/padelzoco.es\/wp-content\/uploads\/2023\/11\/PadelZoco_Logo_black_white.webp","contentUrl":"https:\/\/padelzoco.es\/wp-content\/uploads\/2023\/11\/PadelZoco_Logo_black_white.webp","width":1500,"height":631,"caption":"Padel Zoco"},"image":{"@id":"https:\/\/padelzoco.es\/#\/schema\/logo\/image\/"}}]}},"_links":{"self":[{"href":"https:\/\/padelzoco.es\/en\/wp-json\/wp\/v2\/product\/17719","targetHints":{"allow":["GET"]}}],"collection":[{"href":"https:\/\/padelzoco.es\/en\/wp-json\/wp\/v2\/product"}],"about":[{"href":"https:\/\/padelzoco.es\/en\/wp-json\/wp\/v2\/types\/product"}],"version-history":[{"count":5,"href":"https:\/\/padelzoco.es\/en\/wp-json\/wp\/v2\/product\/17719\/revisions"}],"predecessor-version":[{"id":37836,"href":"https:\/\/padelzoco.es\/en\/wp-json\/wp\/v2\/product\/17719\/revisions\/37836"}],"wp:featuredmedia":[{"embeddable":true,"href":"https:\/\/padelzoco.es\/en\/wp-json\/wp\/v2\/media\/17720"}],"wp:attachment":[{"href":"https:\/\/padelzoco.es\/en\/wp-json\/wp\/v2\/media?parent=17719"}],"wp:term":[{"taxonomy":"product_brand","embeddable":true,"href":"https:\/\/padelzoco.es\/en\/wp-json\/wp\/v2\/product_brand?post=17719"},{"taxonomy":"product_cat","embeddable":true,"href":"https:\/\/padelzoco.es\/en\/wp-json\/wp\/v2\/product_cat?post=17719"},{"taxonomy":"product_tag","embeddable":true,"href":"https:\/\/padelzoco.es\/en\/wp-json\/wp\/v2\/product_tag?post=17719"}],"curies":[{"name":"wp","href":"https:\/\/api.w.org\/{rel}","templated":true}]}}