{"id":17737,"date":"2025-02-21T10:29:35","date_gmt":"2025-02-21T09:29:35","guid":{"rendered":"https:\/\/adc06f55e9.nxcli.io\/?post_type=product&#038;p=17737"},"modified":"2026-02-27T17:14:32","modified_gmt":"2026-02-27T16:14:32","slug":"pala-padel-head-coello-junior-2025","status":"publish","type":"product","link":"https:\/\/padelzoco.es\/en\/product\/pala-padel-head-coello-junior-2025\/","title":{"rendered":"Head Coello Junior 2025 Padel Racket"},"content":{"rendered":"","protected":false},"excerpt":{"rendered":"<section class=\"ProductFullDetail-description-33z\">\n<div class=\"richContent-root-CMO\">\n<section class=\"ProductFullDetail-description-33z\">\n<div class=\"richContent-root-CMO\">\n<div class=\"flex-1 overflow-hidden @container\/thread translate-y-[2rem] -mt-[2rem] pb-[1.5rem]\">\n<div class=\"relative h-full\">\n<div class=\"flex h-full flex-col overflow-y-auto [scrollbar-gutter:stable]\">\n<div class=\"flex flex-col text-sm md:pb-9\">\n<article class=\"w-full text-token-text-primary focus-visible:outline-2 focus-visible:outline-offset-[-4px]\" dir=\"auto\" data-testid=\"conversation-turn-21\" data-scroll-anchor=\"true\">\n<div class=\"m-auto text-base py-[18px] px-6\">\n<div class=\"mx-auto flex flex-1 text-base gap-4 md:gap-5 lg:gap-6 md:max-w-3xl\">\n<div class=\"group\/conversation-turn relative flex w-full min-w-0 flex-col agent-turn @xs\/thread:px-0 @sm\/thread:px-1.5 @md\/thread:px-4\">\n<div class=\"flex-col gap-1 md:gap-3\">\n<div class=\"flex max-w-full flex-col flex-grow\">\n<div class=\"min-h-8 text-message relative flex w-full flex-col items-end gap-2 whitespace-normal break-words text-start [.text-message+&amp;]:mt-5\" dir=\"auto\" data-message-author-role=\"assistant\" data-message-id=\"63c9c839-f636-40e9-a6df-d20f49561d4a\" data-message-model-slug=\"gpt-4o-mini\">\n<div class=\"flex w-full flex-col gap-1 empty:hidden first:pt-[3px]\">\n<div class=\"markdown prose w-full break-words dark:prose-invert light\">\n<p data-start=\"0\" data-end=\"301\">La HEAD Coello Junior Padel Racket 2025 est\u00e1 dise\u00f1ada para jugadores j\u00f3venes que aspiran a jugar como Arturo Coello, el n\u00famero 1 del mundo. Con una forma oversize en l\u00e1grima, un dise\u00f1o ligero y balance bajo, esta pala ofrece potencia f\u00e1cil, control superior y manejo suave.<\/p>\n<p data-start=\"303\" data-end=\"329\"><strong data-start=\"303\" data-end=\"328\">Caracter\u00edsticas<\/strong>:<\/p>\n<ul data-start=\"330\" data-end=\"1111\">\n<li data-start=\"330\" data-end=\"396\">Potencia f\u00e1cil de controlar, perfecta para jugadores junior.<\/li>\n<li data-start=\"397\" data-end=\"473\">Desarrollada con Arturo Coello, con su firma y logo de corona.<\/li>\n<li data-start=\"474\" data-end=\"539\">Forma oversize en l\u00e1grima para un punto dulce ampliado.<\/li>\n<li data-start=\"540\" data-end=\"596\">Ligera y balance bajo para un manejo superior.<\/li>\n<li data-start=\"597\" data-end=\"666\">Superficie de fibra de vidrio para un toque m\u00e1s suave y c\u00f3modo.<\/li>\n<\/ul>\n<p data-start=\"1113\" data-end=\"1302\" data-is-last-node=\"\" data-is-only-node=\"\">Ideal para los m\u00e1s j\u00f3venes que buscan potencia y precisi\u00f3n, la HEAD Coello Junior Padel Racket 2025 es la pala perfecta para darles la confianza de jugar como los profesionales.<\/p>\n<\/div>\n<\/div>\n<\/div>\n<\/div>\n<\/div>\n<\/div>\n<\/div>\n<\/div>\n<\/article>\n<\/div>\n<\/div>\n<\/div>\n<\/div>\n<\/div>\n<\/section>\n<\/div>\n<\/section>\n","protected":false},"featured_media":17741,"template":"","meta":[],"product_brand":[],"product_cat":[778,746,747,585,573,591,579,572,757,580,754],"product_tag":[],"class_list":{"0":"post-17737","1":"product","2":"type-product","3":"status-publish","4":"has-post-thumbnail","6":"product_cat-arturo-coello","7":"product_cat-head","8":"product_cat-head-padel","9":"product_cat-lagrima-palas","10":"product_cat-marcas-palas","11":"product_cat-ninos-palas","12":"product_cat-nivel-palas","13":"product_cat-palas","14":"product_cat-palas-ofertas","15":"product_cat-principiante-palas","16":"product_cat-rebajas","17":"pa_hs_code-134","19":"first","20":"instock","21":"sale","22":"taxable","23":"shipping-taxable","24":"purchasable","25":"product-type-simple"},"yoast_head":"<!-- This site is optimized with the Yoast SEO plugin v27.3 - https:\/\/yoast.com\/product\/yoast-seo-wordpress\/ -->\n<title>Pala Padel Head Coello Junior 2025 - Padel Zoco<\/title>\n<meta name=\"description\" content=\"Compra la HEAD Coello Junior Padel Racket 2025, la pala para j\u00f3venes jugadores, con potencia f\u00e1cil, control superior y el dise\u00f1o inspirado en Arturo Coello\" \/>\n<meta name=\"robots\" content=\"index, follow, max-snippet:-1, max-image-preview:large, max-video-preview:-1\" \/>\n<link rel=\"canonical\" href=\"https:\/\/padelzoco.es\/en\/product\/pala-padel-head-coello-junior-2025\/\" \/>\n<meta property=\"og:locale\" content=\"en_GB\" \/>\n<meta property=\"og:type\" content=\"article\" \/>\n<meta property=\"og:title\" content=\"Pala Padel Head Coello Junior 2025 - Padel Zoco\" \/>\n<meta property=\"og:description\" content=\"Compra la HEAD Coello Junior Padel Racket 2025, la pala para j\u00f3venes jugadores, con potencia f\u00e1cil, control superior y el dise\u00f1o inspirado en Arturo Coello\" \/>\n<meta property=\"og:url\" content=\"https:\/\/padelzoco.es\/en\/product\/pala-padel-head-coello-junior-2025\/\" \/>\n<meta property=\"og:site_name\" content=\"Padel Zoco\" \/>\n<meta property=\"article:modified_time\" content=\"2026-02-27T16:14:32+00:00\" \/>\n<meta property=\"og:image\" content=\"https:\/\/padelzoco.es\/wp-content\/uploads\/2025\/02\/HEAD-Coello-Junior-Padel-Racket-2025-07.webp\" \/>\n\t<meta property=\"og:image:width\" content=\"1400\" \/>\n\t<meta property=\"og:image:height\" content=\"1400\" \/>\n\t<meta property=\"og:image:type\" content=\"image\/webp\" \/>\n<meta name=\"twitter:card\" content=\"summary_large_image\" \/>\n<meta name=\"twitter:label1\" content=\"Estimated reading time\" \/>\n\t<meta name=\"twitter:data1\" content=\"1 minute\" \/>\n<script type=\"application\/ld+json\" class=\"yoast-schema-graph\">{\"@context\":\"https:\\\/\\\/schema.org\",\"@graph\":[{\"@type\":\"WebPage\",\"@id\":\"https:\\\/\\\/padelzoco.es\\\/product\\\/pala-padel-head-coello-junior-2025\\\/\",\"url\":\"https:\\\/\\\/padelzoco.es\\\/product\\\/pala-padel-head-coello-junior-2025\\\/\",\"name\":\"Pala Padel Head Coello Junior 2025 - Padel Zoco\",\"isPartOf\":{\"@id\":\"https:\\\/\\\/padelzoco.es\\\/#website\"},\"primaryImageOfPage\":{\"@id\":\"https:\\\/\\\/padelzoco.es\\\/product\\\/pala-padel-head-coello-junior-2025\\\/#primaryimage\"},\"image\":{\"@id\":\"https:\\\/\\\/padelzoco.es\\\/product\\\/pala-padel-head-coello-junior-2025\\\/#primaryimage\"},\"thumbnailUrl\":\"https:\\\/\\\/padelzoco.es\\\/wp-content\\\/uploads\\\/2025\\\/02\\\/HEAD-Coello-Junior-Padel-Racket-2025-07.webp\",\"datePublished\":\"2025-02-21T09:29:35+00:00\",\"dateModified\":\"2026-02-27T16:14:32+00:00\",\"description\":\"Compra la HEAD Coello Junior Padel Racket 2025, la pala para j\u00f3venes jugadores, con potencia f\u00e1cil, control superior y el dise\u00f1o inspirado en Arturo Coello\",\"breadcrumb\":{\"@id\":\"https:\\\/\\\/padelzoco.es\\\/product\\\/pala-padel-head-coello-junior-2025\\\/#breadcrumb\"},\"inLanguage\":\"en-GB\",\"potentialAction\":[{\"@type\":\"ReadAction\",\"target\":[\"https:\\\/\\\/padelzoco.es\\\/product\\\/pala-padel-head-coello-junior-2025\\\/\"]}]},{\"@type\":\"ImageObject\",\"inLanguage\":\"en-GB\",\"@id\":\"https:\\\/\\\/padelzoco.es\\\/product\\\/pala-padel-head-coello-junior-2025\\\/#primaryimage\",\"url\":\"https:\\\/\\\/padelzoco.es\\\/wp-content\\\/uploads\\\/2025\\\/02\\\/HEAD-Coello-Junior-Padel-Racket-2025-07.webp\",\"contentUrl\":\"https:\\\/\\\/padelzoco.es\\\/wp-content\\\/uploads\\\/2025\\\/02\\\/HEAD-Coello-Junior-Padel-Racket-2025-07.webp\",\"width\":1400,\"height\":1400,\"caption\":\"HEAD Coello Junior Padel Racket 2025 07\"},{\"@type\":\"BreadcrumbList\",\"@id\":\"https:\\\/\\\/padelzoco.es\\\/product\\\/pala-padel-head-coello-junior-2025\\\/#breadcrumb\",\"itemListElement\":[{\"@type\":\"ListItem\",\"position\":1,\"name\":\"Home\",\"item\":\"https:\\\/\\\/padelzoco.es\\\/\"},{\"@type\":\"ListItem\",\"position\":2,\"name\":\"Padel Zoco\",\"item\":\"https:\\\/\\\/padelzoco.es\\\/padel-zoco\\\/\"},{\"@type\":\"ListItem\",\"position\":3,\"name\":\"Pala Padel Head Coello Junior 2025\"}]},{\"@type\":\"WebSite\",\"@id\":\"https:\\\/\\\/padelzoco.es\\\/#website\",\"url\":\"https:\\\/\\\/padelzoco.es\\\/\",\"name\":\"Padel Zoco\",\"description\":\"Padel Zoco | Spain\",\"publisher\":{\"@id\":\"https:\\\/\\\/padelzoco.es\\\/#organization\"},\"potentialAction\":[{\"@type\":\"SearchAction\",\"target\":{\"@type\":\"EntryPoint\",\"urlTemplate\":\"https:\\\/\\\/padelzoco.es\\\/?s={search_term_string}\"},\"query-input\":{\"@type\":\"PropertyValueSpecification\",\"valueRequired\":true,\"valueName\":\"search_term_string\"}}],\"inLanguage\":\"en-GB\"},{\"@type\":\"Organization\",\"@id\":\"https:\\\/\\\/padelzoco.es\\\/#organization\",\"name\":\"Padel Zoco\",\"url\":\"https:\\\/\\\/padelzoco.es\\\/\",\"logo\":{\"@type\":\"ImageObject\",\"inLanguage\":\"en-GB\",\"@id\":\"https:\\\/\\\/padelzoco.es\\\/#\\\/schema\\\/logo\\\/image\\\/\",\"url\":\"https:\\\/\\\/padelzoco.es\\\/wp-content\\\/uploads\\\/2023\\\/11\\\/PadelZoco_Logo_black_white.webp\",\"contentUrl\":\"https:\\\/\\\/padelzoco.es\\\/wp-content\\\/uploads\\\/2023\\\/11\\\/PadelZoco_Logo_black_white.webp\",\"width\":1500,\"height\":631,\"caption\":\"Padel Zoco\"},\"image\":{\"@id\":\"https:\\\/\\\/padelzoco.es\\\/#\\\/schema\\\/logo\\\/image\\\/\"}}]}<\/script>\n<!-- \/ Yoast SEO plugin. -->","yoast_head_json":{"title":"Pala Padel Head Coello Junior 2025 - Padel Zoco","description":"Compra la HEAD Coello Junior Padel Racket 2025, la pala para j\u00f3venes jugadores, con potencia f\u00e1cil, control superior y el dise\u00f1o inspirado en Arturo Coello","robots":{"index":"index","follow":"follow","max-snippet":"max-snippet:-1","max-image-preview":"max-image-preview:large","max-video-preview":"max-video-preview:-1"},"canonical":"https:\/\/padelzoco.es\/en\/product\/pala-padel-head-coello-junior-2025\/","og_locale":"en_GB","og_type":"article","og_title":"Pala Padel Head Coello Junior 2025 - Padel Zoco","og_description":"Compra la HEAD Coello Junior Padel Racket 2025, la pala para j\u00f3venes jugadores, con potencia f\u00e1cil, control superior y el dise\u00f1o inspirado en Arturo Coello","og_url":"https:\/\/padelzoco.es\/en\/product\/pala-padel-head-coello-junior-2025\/","og_site_name":"Padel Zoco","article_modified_time":"2026-02-27T16:14:32+00:00","og_image":[{"width":1400,"height":1400,"url":"https:\/\/padelzoco.es\/wp-content\/uploads\/2025\/02\/HEAD-Coello-Junior-Padel-Racket-2025-07.webp","type":"image\/webp"}],"twitter_card":"summary_large_image","twitter_misc":{"Estimated reading time":"1 minute"},"schema":{"@context":"https:\/\/schema.org","@graph":[{"@type":"WebPage","@id":"https:\/\/padelzoco.es\/product\/pala-padel-head-coello-junior-2025\/","url":"https:\/\/padelzoco.es\/product\/pala-padel-head-coello-junior-2025\/","name":"Pala Padel Head Coello Junior 2025 - Padel Zoco","isPartOf":{"@id":"https:\/\/padelzoco.es\/#website"},"primaryImageOfPage":{"@id":"https:\/\/padelzoco.es\/product\/pala-padel-head-coello-junior-2025\/#primaryimage"},"image":{"@id":"https:\/\/padelzoco.es\/product\/pala-padel-head-coello-junior-2025\/#primaryimage"},"thumbnailUrl":"https:\/\/padelzoco.es\/wp-content\/uploads\/2025\/02\/HEAD-Coello-Junior-Padel-Racket-2025-07.webp","datePublished":"2025-02-21T09:29:35+00:00","dateModified":"2026-02-27T16:14:32+00:00","description":"Compra la HEAD Coello Junior Padel Racket 2025, la pala para j\u00f3venes jugadores, con potencia f\u00e1cil, control superior y el dise\u00f1o inspirado en Arturo Coello","breadcrumb":{"@id":"https:\/\/padelzoco.es\/product\/pala-padel-head-coello-junior-2025\/#breadcrumb"},"inLanguage":"en-GB","potentialAction":[{"@type":"ReadAction","target":["https:\/\/padelzoco.es\/product\/pala-padel-head-coello-junior-2025\/"]}]},{"@type":"ImageObject","inLanguage":"en-GB","@id":"https:\/\/padelzoco.es\/product\/pala-padel-head-coello-junior-2025\/#primaryimage","url":"https:\/\/padelzoco.es\/wp-content\/uploads\/2025\/02\/HEAD-Coello-Junior-Padel-Racket-2025-07.webp","contentUrl":"https:\/\/padelzoco.es\/wp-content\/uploads\/2025\/02\/HEAD-Coello-Junior-Padel-Racket-2025-07.webp","width":1400,"height":1400,"caption":"HEAD Coello Junior Padel Racket 2025 07"},{"@type":"BreadcrumbList","@id":"https:\/\/padelzoco.es\/product\/pala-padel-head-coello-junior-2025\/#breadcrumb","itemListElement":[{"@type":"ListItem","position":1,"name":"Home","item":"https:\/\/padelzoco.es\/"},{"@type":"ListItem","position":2,"name":"Padel Zoco","item":"https:\/\/padelzoco.es\/padel-zoco\/"},{"@type":"ListItem","position":3,"name":"Pala Padel Head Coello Junior 2025"}]},{"@type":"WebSite","@id":"https:\/\/padelzoco.es\/#website","url":"https:\/\/padelzoco.es\/","name":"Padel Zoco","description":"Padel Zoco | Spain","publisher":{"@id":"https:\/\/padelzoco.es\/#organization"},"potentialAction":[{"@type":"SearchAction","target":{"@type":"EntryPoint","urlTemplate":"https:\/\/padelzoco.es\/?s={search_term_string}"},"query-input":{"@type":"PropertyValueSpecification","valueRequired":true,"valueName":"search_term_string"}}],"inLanguage":"en-GB"},{"@type":"Organization","@id":"https:\/\/padelzoco.es\/#organization","name":"Padel Zoco","url":"https:\/\/padelzoco.es\/","logo":{"@type":"ImageObject","inLanguage":"en-GB","@id":"https:\/\/padelzoco.es\/#\/schema\/logo\/image\/","url":"https:\/\/padelzoco.es\/wp-content\/uploads\/2023\/11\/PadelZoco_Logo_black_white.webp","contentUrl":"https:\/\/padelzoco.es\/wp-content\/uploads\/2023\/11\/PadelZoco_Logo_black_white.webp","width":1500,"height":631,"caption":"Padel Zoco"},"image":{"@id":"https:\/\/padelzoco.es\/#\/schema\/logo\/image\/"}}]}},"_links":{"self":[{"href":"https:\/\/padelzoco.es\/en\/wp-json\/wp\/v2\/product\/17737","targetHints":{"allow":["GET"]}}],"collection":[{"href":"https:\/\/padelzoco.es\/en\/wp-json\/wp\/v2\/product"}],"about":[{"href":"https:\/\/padelzoco.es\/en\/wp-json\/wp\/v2\/types\/product"}],"version-history":[{"count":3,"href":"https:\/\/padelzoco.es\/en\/wp-json\/wp\/v2\/product\/17737\/revisions"}],"predecessor-version":[{"id":29372,"href":"https:\/\/padelzoco.es\/en\/wp-json\/wp\/v2\/product\/17737\/revisions\/29372"}],"wp:featuredmedia":[{"embeddable":true,"href":"https:\/\/padelzoco.es\/en\/wp-json\/wp\/v2\/media\/17741"}],"wp:attachment":[{"href":"https:\/\/padelzoco.es\/en\/wp-json\/wp\/v2\/media?parent=17737"}],"wp:term":[{"taxonomy":"product_brand","embeddable":true,"href":"https:\/\/padelzoco.es\/en\/wp-json\/wp\/v2\/product_brand?post=17737"},{"taxonomy":"product_cat","embeddable":true,"href":"https:\/\/padelzoco.es\/en\/wp-json\/wp\/v2\/product_cat?post=17737"},{"taxonomy":"product_tag","embeddable":true,"href":"https:\/\/padelzoco.es\/en\/wp-json\/wp\/v2\/product_tag?post=17737"}],"curies":[{"name":"wp","href":"https:\/\/api.w.org\/{rel}","templated":true}]}}