{"id":17748,"date":"2025-02-21T13:14:21","date_gmt":"2025-02-21T12:14:21","guid":{"rendered":"https:\/\/adc06f55e9.nxcli.io\/?post_type=product&#038;p=17748"},"modified":"2026-02-02T09:24:13","modified_gmt":"2026-02-02T08:24:13","slug":"neceser-nox-luxury-series","status":"publish","type":"product","link":"https:\/\/padelzoco.es\/en\/product\/neceser-nox-luxury-series\/","title":{"rendered":"Neceser Nox Luxury Series"},"content":{"rendered":"<p data-start=\"29\" data-end=\"280\">The NOX LUXURY Series Travel Kit Padel Bag is a compact, stylish, and versatile organizer. Perfect for travel or daily use, it features a double-zippered main compartment, a secondary pocket with an organizer, and a reinforced handle for durability.<\/p>\n<ul>\n<li data-start=\"865\" data-end=\"885\"><strong data-start=\"867\" data-end=\"880\">Capacity:<\/strong> 4L<\/li>\n<li data-start=\"886\" data-end=\"924\"><strong data-start=\"888\" data-end=\"903\">Dimensions:<\/strong> 265 x 120 x 140 mm<\/li>\n<li data-start=\"925\" data-end=\"1021\"><strong data-start=\"927\" data-end=\"940\">Features:<\/strong> Double-zippered main compartment, interior organizer pocket, reinforced handle<\/li>\n<\/ul>","protected":false},"excerpt":{"rendered":"<div class=\"flex-1 overflow-hidden\">\n<div class=\"react-scroll-to-bottom--css-evewf-79elbk h-full\">\n<div class=\"react-scroll-to-bottom--css-evewf-1n7m0yu\">\n<div class=\"flex flex-col text-sm pb-9\">\n<div class=\"w-full text-token-text-primary\" dir=\"auto\" data-testid=\"conversation-turn-13\">\n<div class=\"px-4 py-2 justify-center text-base md:gap-6 m-auto\">\n<div class=\"flex flex-1 text-base mx-auto gap-3 juice:gap-4 juice:md:gap-6 md:px-5 lg:px-1 xl:px-5 md:max-w-3xl lg:max-w-[40rem] xl:max-w-[48rem]\">\n<div class=\"relative flex w-full flex-col agent-turn\">\n<div class=\"flex-col gap-1 md:gap-3\">\n<div class=\"flex flex-grow flex-col max-w-full\">\n<div class=\"min-h-[20px] text-message flex flex-col items-start gap-3 whitespace-pre-wrap break-words [.text-message+&amp;]:mt-5 overflow-x-auto\" dir=\"auto\" data-message-author-role=\"assistant\" data-message-id=\"905b6334-c734-4cc1-aba9-af95ba2d1278\">\n<div class=\"markdown prose w-full break-words dark:prose-invert light\">\n<p>Descubre el nuevo neceser LUXURY en forma de paletero. Bolsa organizadora multiusos de tama\u00f1o peque\u00f1o pero gran capacidad. Ideal para viajar con m\u00e1xima comodidad, estilo y elegancia. Uso tanto para utensilios de aseo personal como a modo de bolsa de mano para llaves, cartera, m\u00f3vil, etc.<\/p>\n<h3><strong>CARACTER\u00cdSTICAS:<\/strong><\/h3>\n<ul>\n<li>Compartimento principal con doble cremallera para f\u00e1cil acceso al interior.<\/li>\n<li>Compartimento secundario con bolsillo interior organizador.<\/li>\n<li>Asa de sujeci\u00f3n reforzada para mayor durabilidad.<\/li>\n<\/ul>\n<p><strong>Medidas:<\/strong>\u00a0265 x 120 x 140 mm<\/p>\n<p><strong>Capacidad:<\/strong>\u00a04 litros.<\/p>\n<\/div>\n<\/div>\n<\/div>\n<\/div>\n<\/div>\n<\/div>\n<\/div>\n<\/div>\n<\/div>\n<\/div>\n<\/div>\n<\/div>\n","protected":false},"featured_media":17755,"template":"","meta":[],"product_brand":[],"product_cat":[626,635,697,628],"product_tag":[],"class_list":{"0":"post-17748","1":"product","2":"type-product","3":"status-publish","4":"has-post-thumbnail","6":"product_cat-bolsas","7":"product_cat-neceser","8":"product_cat-nox-padel","9":"product_cat-nox-bolsas","10":"pa_brand-nox","11":"pa_hs_code-59","13":"first","14":"outofstock","15":"sale","16":"taxable","17":"shipping-taxable","18":"purchasable","19":"product-type-simple"},"yoast_head":"<!-- This site is optimized with the Yoast SEO plugin v27.3 - https:\/\/yoast.com\/product\/yoast-seo-wordpress\/ -->\n<title>Neceser Nox Luxury Series - Padel Zoco<\/title>\n<meta name=\"description\" content=\"Discover the NOX LUXURY Series Travel Kit Padel Bag, a compact, stylish, and versatile organizer for travel and daily essentials. Buy At Padel Shop Madrid\" \/>\n<meta name=\"robots\" content=\"index, follow, max-snippet:-1, max-image-preview:large, max-video-preview:-1\" \/>\n<link rel=\"canonical\" href=\"https:\/\/padelzoco.es\/en\/product\/neceser-nox-luxury-series\/\" \/>\n<meta property=\"og:locale\" content=\"en_GB\" \/>\n<meta property=\"og:type\" content=\"article\" \/>\n<meta property=\"og:title\" content=\"Neceser Nox Luxury Series - Padel Zoco\" \/>\n<meta property=\"og:description\" content=\"Discover the NOX LUXURY Series Travel Kit Padel Bag, a compact, stylish, and versatile organizer for travel and daily essentials. Buy At Padel Shop Madrid\" \/>\n<meta property=\"og:url\" content=\"https:\/\/padelzoco.es\/en\/product\/neceser-nox-luxury-series\/\" \/>\n<meta property=\"og:site_name\" content=\"Padel Zoco\" \/>\n<meta property=\"article:modified_time\" content=\"2026-02-02T08:24:13+00:00\" \/>\n<meta property=\"og:image\" content=\"https:\/\/padelzoco.es\/wp-content\/uploads\/2025\/02\/NOX-LUXURY-Series-Travel-kit-Padel-Bag-02.webp\" \/>\n\t<meta property=\"og:image:width\" content=\"1400\" \/>\n\t<meta property=\"og:image:height\" content=\"1400\" \/>\n\t<meta property=\"og:image:type\" content=\"image\/webp\" \/>\n<meta name=\"twitter:card\" content=\"summary_large_image\" \/>\n<meta name=\"twitter:label1\" content=\"Estimated reading time\" \/>\n\t<meta name=\"twitter:data1\" content=\"1 minute\" \/>\n<script type=\"application\/ld+json\" class=\"yoast-schema-graph\">{\"@context\":\"https:\\\/\\\/schema.org\",\"@graph\":[{\"@type\":\"WebPage\",\"@id\":\"https:\\\/\\\/padelzoco.es\\\/product\\\/neceser-nox-luxury-series\\\/\",\"url\":\"https:\\\/\\\/padelzoco.es\\\/product\\\/neceser-nox-luxury-series\\\/\",\"name\":\"Neceser Nox Luxury Series - Padel Zoco\",\"isPartOf\":{\"@id\":\"https:\\\/\\\/padelzoco.es\\\/#website\"},\"primaryImageOfPage\":{\"@id\":\"https:\\\/\\\/padelzoco.es\\\/product\\\/neceser-nox-luxury-series\\\/#primaryimage\"},\"image\":{\"@id\":\"https:\\\/\\\/padelzoco.es\\\/product\\\/neceser-nox-luxury-series\\\/#primaryimage\"},\"thumbnailUrl\":\"https:\\\/\\\/padelzoco.es\\\/wp-content\\\/uploads\\\/2025\\\/02\\\/NOX-LUXURY-Series-Travel-kit-Padel-Bag-02.webp\",\"datePublished\":\"2025-02-21T12:14:21+00:00\",\"dateModified\":\"2026-02-02T08:24:13+00:00\",\"description\":\"Discover the NOX LUXURY Series Travel Kit Padel Bag, a compact, stylish, and versatile organizer for travel and daily essentials. Buy At Padel Shop Madrid\",\"breadcrumb\":{\"@id\":\"https:\\\/\\\/padelzoco.es\\\/product\\\/neceser-nox-luxury-series\\\/#breadcrumb\"},\"inLanguage\":\"en-GB\",\"potentialAction\":[{\"@type\":\"ReadAction\",\"target\":[\"https:\\\/\\\/padelzoco.es\\\/product\\\/neceser-nox-luxury-series\\\/\"]}]},{\"@type\":\"ImageObject\",\"inLanguage\":\"en-GB\",\"@id\":\"https:\\\/\\\/padelzoco.es\\\/product\\\/neceser-nox-luxury-series\\\/#primaryimage\",\"url\":\"https:\\\/\\\/padelzoco.es\\\/wp-content\\\/uploads\\\/2025\\\/02\\\/NOX-LUXURY-Series-Travel-kit-Padel-Bag-02.webp\",\"contentUrl\":\"https:\\\/\\\/padelzoco.es\\\/wp-content\\\/uploads\\\/2025\\\/02\\\/NOX-LUXURY-Series-Travel-kit-Padel-Bag-02.webp\",\"width\":1400,\"height\":1400,\"caption\":\"NOX LUXURY Series Travel kit Padel Bag 02\"},{\"@type\":\"BreadcrumbList\",\"@id\":\"https:\\\/\\\/padelzoco.es\\\/product\\\/neceser-nox-luxury-series\\\/#breadcrumb\",\"itemListElement\":[{\"@type\":\"ListItem\",\"position\":1,\"name\":\"Home\",\"item\":\"https:\\\/\\\/padelzoco.es\\\/\"},{\"@type\":\"ListItem\",\"position\":2,\"name\":\"Padel Zoco\",\"item\":\"https:\\\/\\\/padelzoco.es\\\/padel-zoco\\\/\"},{\"@type\":\"ListItem\",\"position\":3,\"name\":\"Neceser Nox Luxury Series\"}]},{\"@type\":\"WebSite\",\"@id\":\"https:\\\/\\\/padelzoco.es\\\/#website\",\"url\":\"https:\\\/\\\/padelzoco.es\\\/\",\"name\":\"Padel Zoco\",\"description\":\"Padel Zoco | Spain\",\"publisher\":{\"@id\":\"https:\\\/\\\/padelzoco.es\\\/#organization\"},\"potentialAction\":[{\"@type\":\"SearchAction\",\"target\":{\"@type\":\"EntryPoint\",\"urlTemplate\":\"https:\\\/\\\/padelzoco.es\\\/?s={search_term_string}\"},\"query-input\":{\"@type\":\"PropertyValueSpecification\",\"valueRequired\":true,\"valueName\":\"search_term_string\"}}],\"inLanguage\":\"en-GB\"},{\"@type\":\"Organization\",\"@id\":\"https:\\\/\\\/padelzoco.es\\\/#organization\",\"name\":\"Padel Zoco\",\"url\":\"https:\\\/\\\/padelzoco.es\\\/\",\"logo\":{\"@type\":\"ImageObject\",\"inLanguage\":\"en-GB\",\"@id\":\"https:\\\/\\\/padelzoco.es\\\/#\\\/schema\\\/logo\\\/image\\\/\",\"url\":\"https:\\\/\\\/padelzoco.es\\\/wp-content\\\/uploads\\\/2023\\\/11\\\/PadelZoco_Logo_black_white.webp\",\"contentUrl\":\"https:\\\/\\\/padelzoco.es\\\/wp-content\\\/uploads\\\/2023\\\/11\\\/PadelZoco_Logo_black_white.webp\",\"width\":1500,\"height\":631,\"caption\":\"Padel Zoco\"},\"image\":{\"@id\":\"https:\\\/\\\/padelzoco.es\\\/#\\\/schema\\\/logo\\\/image\\\/\"}}]}<\/script>\n<!-- \/ Yoast SEO plugin. -->","yoast_head_json":{"title":"Neceser Nox Luxury Series - Padel Zoco","description":"Discover the NOX LUXURY Series Travel Kit Padel Bag, a compact, stylish, and versatile organizer for travel and daily essentials. Buy At Padel Shop Madrid","robots":{"index":"index","follow":"follow","max-snippet":"max-snippet:-1","max-image-preview":"max-image-preview:large","max-video-preview":"max-video-preview:-1"},"canonical":"https:\/\/padelzoco.es\/en\/product\/neceser-nox-luxury-series\/","og_locale":"en_GB","og_type":"article","og_title":"Neceser Nox Luxury Series - Padel Zoco","og_description":"Discover the NOX LUXURY Series Travel Kit Padel Bag, a compact, stylish, and versatile organizer for travel and daily essentials. Buy At Padel Shop Madrid","og_url":"https:\/\/padelzoco.es\/en\/product\/neceser-nox-luxury-series\/","og_site_name":"Padel Zoco","article_modified_time":"2026-02-02T08:24:13+00:00","og_image":[{"width":1400,"height":1400,"url":"https:\/\/padelzoco.es\/wp-content\/uploads\/2025\/02\/NOX-LUXURY-Series-Travel-kit-Padel-Bag-02.webp","type":"image\/webp"}],"twitter_card":"summary_large_image","twitter_misc":{"Estimated reading time":"1 minute"},"schema":{"@context":"https:\/\/schema.org","@graph":[{"@type":"WebPage","@id":"https:\/\/padelzoco.es\/product\/neceser-nox-luxury-series\/","url":"https:\/\/padelzoco.es\/product\/neceser-nox-luxury-series\/","name":"Neceser Nox Luxury Series - Padel Zoco","isPartOf":{"@id":"https:\/\/padelzoco.es\/#website"},"primaryImageOfPage":{"@id":"https:\/\/padelzoco.es\/product\/neceser-nox-luxury-series\/#primaryimage"},"image":{"@id":"https:\/\/padelzoco.es\/product\/neceser-nox-luxury-series\/#primaryimage"},"thumbnailUrl":"https:\/\/padelzoco.es\/wp-content\/uploads\/2025\/02\/NOX-LUXURY-Series-Travel-kit-Padel-Bag-02.webp","datePublished":"2025-02-21T12:14:21+00:00","dateModified":"2026-02-02T08:24:13+00:00","description":"Discover the NOX LUXURY Series Travel Kit Padel Bag, a compact, stylish, and versatile organizer for travel and daily essentials. Buy At Padel Shop Madrid","breadcrumb":{"@id":"https:\/\/padelzoco.es\/product\/neceser-nox-luxury-series\/#breadcrumb"},"inLanguage":"en-GB","potentialAction":[{"@type":"ReadAction","target":["https:\/\/padelzoco.es\/product\/neceser-nox-luxury-series\/"]}]},{"@type":"ImageObject","inLanguage":"en-GB","@id":"https:\/\/padelzoco.es\/product\/neceser-nox-luxury-series\/#primaryimage","url":"https:\/\/padelzoco.es\/wp-content\/uploads\/2025\/02\/NOX-LUXURY-Series-Travel-kit-Padel-Bag-02.webp","contentUrl":"https:\/\/padelzoco.es\/wp-content\/uploads\/2025\/02\/NOX-LUXURY-Series-Travel-kit-Padel-Bag-02.webp","width":1400,"height":1400,"caption":"NOX LUXURY Series Travel kit Padel Bag 02"},{"@type":"BreadcrumbList","@id":"https:\/\/padelzoco.es\/product\/neceser-nox-luxury-series\/#breadcrumb","itemListElement":[{"@type":"ListItem","position":1,"name":"Home","item":"https:\/\/padelzoco.es\/"},{"@type":"ListItem","position":2,"name":"Padel Zoco","item":"https:\/\/padelzoco.es\/padel-zoco\/"},{"@type":"ListItem","position":3,"name":"Neceser Nox Luxury Series"}]},{"@type":"WebSite","@id":"https:\/\/padelzoco.es\/#website","url":"https:\/\/padelzoco.es\/","name":"Padel Zoco","description":"Padel Zoco | Spain","publisher":{"@id":"https:\/\/padelzoco.es\/#organization"},"potentialAction":[{"@type":"SearchAction","target":{"@type":"EntryPoint","urlTemplate":"https:\/\/padelzoco.es\/?s={search_term_string}"},"query-input":{"@type":"PropertyValueSpecification","valueRequired":true,"valueName":"search_term_string"}}],"inLanguage":"en-GB"},{"@type":"Organization","@id":"https:\/\/padelzoco.es\/#organization","name":"Padel Zoco","url":"https:\/\/padelzoco.es\/","logo":{"@type":"ImageObject","inLanguage":"en-GB","@id":"https:\/\/padelzoco.es\/#\/schema\/logo\/image\/","url":"https:\/\/padelzoco.es\/wp-content\/uploads\/2023\/11\/PadelZoco_Logo_black_white.webp","contentUrl":"https:\/\/padelzoco.es\/wp-content\/uploads\/2023\/11\/PadelZoco_Logo_black_white.webp","width":1500,"height":631,"caption":"Padel Zoco"},"image":{"@id":"https:\/\/padelzoco.es\/#\/schema\/logo\/image\/"}}]}},"_links":{"self":[{"href":"https:\/\/padelzoco.es\/en\/wp-json\/wp\/v2\/product\/17748","targetHints":{"allow":["GET"]}}],"collection":[{"href":"https:\/\/padelzoco.es\/en\/wp-json\/wp\/v2\/product"}],"about":[{"href":"https:\/\/padelzoco.es\/en\/wp-json\/wp\/v2\/types\/product"}],"version-history":[{"count":1,"href":"https:\/\/padelzoco.es\/en\/wp-json\/wp\/v2\/product\/17748\/revisions"}],"predecessor-version":[{"id":27651,"href":"https:\/\/padelzoco.es\/en\/wp-json\/wp\/v2\/product\/17748\/revisions\/27651"}],"wp:featuredmedia":[{"embeddable":true,"href":"https:\/\/padelzoco.es\/en\/wp-json\/wp\/v2\/media\/17755"}],"wp:attachment":[{"href":"https:\/\/padelzoco.es\/en\/wp-json\/wp\/v2\/media?parent=17748"}],"wp:term":[{"taxonomy":"product_brand","embeddable":true,"href":"https:\/\/padelzoco.es\/en\/wp-json\/wp\/v2\/product_brand?post=17748"},{"taxonomy":"product_cat","embeddable":true,"href":"https:\/\/padelzoco.es\/en\/wp-json\/wp\/v2\/product_cat?post=17748"},{"taxonomy":"product_tag","embeddable":true,"href":"https:\/\/padelzoco.es\/en\/wp-json\/wp\/v2\/product_tag?post=17748"}],"curies":[{"name":"wp","href":"https:\/\/api.w.org\/{rel}","templated":true}]}}