{"id":17757,"date":"2025-02-21T14:58:29","date_gmt":"2025-02-21T13:58:29","guid":{"rendered":"https:\/\/adc06f55e9.nxcli.io\/?post_type=product&#038;p=17757"},"modified":"2026-04-30T19:15:49","modified_gmt":"2026-04-30T18:15:49","slug":"bolsa-babolat-rh-perf-muliticolor","status":"publish","type":"product","link":"https:\/\/padelzoco.es\/en\/product\/bolsa-babolat-rh-perf-muliticolor\/","title":{"rendered":"Bolsa Babolat RH Perf Muliticolor"},"content":{"rendered":"<p data-start=\"0\" data-end=\"404\">La RH Perf Padel es la bolsa definitiva para jugadores que buscan espacio, organizaci\u00f3n y sostenibilidad. Su resistente exterior est\u00e1 fabricado con materiales 100 % reciclados, ofreciendo durabilidad y protecci\u00f3n para todo tu equipamiento. Cuenta con amplios compartimentos que permiten guardar hasta cuatro palas, adem\u00e1s de bolsillos con cremallera para peque\u00f1os accesorios.<\/p>\n<p data-start=\"406\" data-end=\"818\">El dise\u00f1o incluye un sistema impermeable y un separador interior que permite personalizar la organizaci\u00f3n seg\u00fan tus necesidades. Su sistema de transporte bidireccional ofrece la comodidad de llevarla al hombro o a la espalda, adapt\u00e1ndose a tu estilo de juego y desplazamientos. Con un volumen de 52L y un tama\u00f1o de 30 x 37 x 60 cm, esta bolsa combina practicidad, sostenibilidad y estilo en colores multicolor.<\/p>\n<p data-start=\"820\" data-end=\"848\"><strong data-start=\"820\" data-end=\"846\">Key Features:<\/strong><\/p>\n<ul data-start=\"849\" data-end=\"1136\">\n<li data-section-id=\"6s4ww5\" data-start=\"849\" data-end=\"911\">\n<p data-start=\"851\" data-end=\"911\">Capacidad para 4 palas y amplio espacio para equipamiento.<\/p>\n<\/li>\n<li data-section-id=\"rmqziy\" data-start=\"912\" data-end=\"965\">\n<p data-start=\"914\" data-end=\"965\">Bolsillo con cremallera para accesorios peque\u00f1os.<\/p>\n<\/li>\n<li data-section-id=\"y16p40\" data-start=\"966\" data-end=\"1022\">\n<p data-start=\"968\" data-end=\"1022\">Impermeable y personalizable con separador interior.<\/p>\n<\/li>\n<li data-section-id=\"1hpeu26\" data-start=\"1023\" data-end=\"1089\">\n<p data-start=\"1025\" data-end=\"1089\">Sistema de transporte bidireccional: al hombro o a la espalda.<\/p>\n<\/li>\n<li data-section-id=\"15z7ixr\" data-start=\"1090\" data-end=\"1136\">\n<p data-start=\"1092\" data-end=\"1136\">Fabricada con materiales 100 % reciclados.<\/p>\n<\/li>\n<\/ul>","protected":false},"excerpt":{"rendered":"<p>La\u00a0RH Perf Padel\u00a0es la bolsa definitiva, con sus bolsillos aislantes y su resistente exterior fabricado con\u00a0materiales 100 % reciclados.\u00a0Tiene un mont\u00f3n de espacio para organizar tu equipaci\u00f3n, capacidad para cuatro palas y todo lo que necesites para jugar al p\u00e1del.<\/p>\n<ul>\n<li>Tama\u00f1o:\u00a030 x 37 x 60 cm<\/li>\n<li>Volumen: 52L<\/li>\n<li>40 % PVC \/ 40 % polietileno \/ 10 % poli\u00e9ster virgen \/ 5 % poliuretano \/ 5 % EVA<\/li>\n<li>Capacidad: 4 palas<\/li>\n<li>Bolsillo con cremallera para peque\u00f1os accesorios<\/li>\n<li>Impermeable y personalizable mediante un separador interior<\/li>\n<li>Sistema de transporte bidireccional: al hombro o a la espalda<\/li>\n<li>Colores: Multicolor<\/li>\n<\/ul>","protected":false},"featured_media":17763,"template":"","meta":[],"product_brand":[],"product_cat":[893,636,626],"product_tag":[],"class_list":{"0":"post-17757","1":"product","2":"type-product","3":"status-publish","4":"has-post-thumbnail","6":"product_cat-babolat-bolsas","7":"product_cat-bolsa","8":"product_cat-bolsas","9":"pa_brand-babolat","10":"pa_hs_code-673","12":"first","13":"instock","14":"sale","15":"taxable","16":"shipping-taxable","17":"purchasable","18":"product-type-simple"},"yoast_head":"<!-- This site is optimized with the Yoast SEO plugin v27.5 - https:\/\/yoast.com\/product\/yoast-seo-wordpress\/ -->\n<title>Bolsa Babolat RH Perf Muliticolor - Padel Zoco<\/title>\n<meta name=\"description\" content=\"RH Perf Padel: bolsa sostenible con capacidad para 4 palas, compartimentos organizados, impermeable y transporte bidireccional para entrenamientos y torneos.\" \/>\n<meta name=\"robots\" content=\"index, follow, max-snippet:-1, max-image-preview:large, max-video-preview:-1\" \/>\n<link rel=\"canonical\" href=\"https:\/\/padelzoco.es\/en\/product\/bolsa-babolat-rh-perf-muliticolor\/\" \/>\n<meta property=\"og:locale\" content=\"en_GB\" \/>\n<meta property=\"og:type\" content=\"article\" \/>\n<meta property=\"og:title\" content=\"Bolsa Babolat RH Perf Muliticolor - Padel Zoco\" \/>\n<meta property=\"og:description\" content=\"RH Perf Padel: bolsa sostenible con capacidad para 4 palas, compartimentos organizados, impermeable y transporte bidireccional para entrenamientos y torneos.\" \/>\n<meta property=\"og:url\" content=\"https:\/\/padelzoco.es\/en\/product\/bolsa-babolat-rh-perf-muliticolor\/\" \/>\n<meta property=\"og:site_name\" content=\"Padel Zoco\" \/>\n<meta property=\"article:modified_time\" content=\"2026-04-30T18:15:49+00:00\" \/>\n<meta property=\"og:image\" content=\"https:\/\/padelzoco.es\/wp-content\/uploads\/2025\/02\/Babolat-RH-Perf-Muliticolor-Padel-Bag-Black-01-1.webp\" \/>\n\t<meta property=\"og:image:width\" content=\"1400\" \/>\n\t<meta property=\"og:image:height\" content=\"1400\" \/>\n\t<meta property=\"og:image:type\" content=\"image\/webp\" \/>\n<meta name=\"twitter:card\" content=\"summary_large_image\" \/>\n<meta name=\"twitter:label1\" content=\"Estimated reading time\" \/>\n\t<meta name=\"twitter:data1\" content=\"1 minute\" \/>\n<script type=\"application\/ld+json\" class=\"yoast-schema-graph\">{\"@context\":\"https:\\\/\\\/schema.org\",\"@graph\":[{\"@type\":\"WebPage\",\"@id\":\"https:\\\/\\\/padelzoco.es\\\/product\\\/bolsa-babolat-rh-perf-muliticolor\\\/\",\"url\":\"https:\\\/\\\/padelzoco.es\\\/product\\\/bolsa-babolat-rh-perf-muliticolor\\\/\",\"name\":\"Bolsa Babolat RH Perf Muliticolor - Padel Zoco\",\"isPartOf\":{\"@id\":\"https:\\\/\\\/padelzoco.es\\\/#website\"},\"primaryImageOfPage\":{\"@id\":\"https:\\\/\\\/padelzoco.es\\\/product\\\/bolsa-babolat-rh-perf-muliticolor\\\/#primaryimage\"},\"image\":{\"@id\":\"https:\\\/\\\/padelzoco.es\\\/product\\\/bolsa-babolat-rh-perf-muliticolor\\\/#primaryimage\"},\"thumbnailUrl\":\"https:\\\/\\\/padelzoco.es\\\/wp-content\\\/uploads\\\/2025\\\/02\\\/Babolat-RH-Perf-Muliticolor-Padel-Bag-Black-01-1.webp\",\"datePublished\":\"2025-02-21T13:58:29+00:00\",\"dateModified\":\"2026-04-30T18:15:49+00:00\",\"description\":\"RH Perf Padel: bolsa sostenible con capacidad para 4 palas, compartimentos organizados, impermeable y transporte bidireccional para entrenamientos y torneos.\",\"breadcrumb\":{\"@id\":\"https:\\\/\\\/padelzoco.es\\\/product\\\/bolsa-babolat-rh-perf-muliticolor\\\/#breadcrumb\"},\"inLanguage\":\"en-GB\",\"potentialAction\":[{\"@type\":\"ReadAction\",\"target\":[\"https:\\\/\\\/padelzoco.es\\\/product\\\/bolsa-babolat-rh-perf-muliticolor\\\/\"]}]},{\"@type\":\"ImageObject\",\"inLanguage\":\"en-GB\",\"@id\":\"https:\\\/\\\/padelzoco.es\\\/product\\\/bolsa-babolat-rh-perf-muliticolor\\\/#primaryimage\",\"url\":\"https:\\\/\\\/padelzoco.es\\\/wp-content\\\/uploads\\\/2025\\\/02\\\/Babolat-RH-Perf-Muliticolor-Padel-Bag-Black-01-1.webp\",\"contentUrl\":\"https:\\\/\\\/padelzoco.es\\\/wp-content\\\/uploads\\\/2025\\\/02\\\/Babolat-RH-Perf-Muliticolor-Padel-Bag-Black-01-1.webp\",\"width\":1400,\"height\":1400,\"caption\":\"Babolat RH Perf Muliticolor Padel Bag Black 01\"},{\"@type\":\"BreadcrumbList\",\"@id\":\"https:\\\/\\\/padelzoco.es\\\/product\\\/bolsa-babolat-rh-perf-muliticolor\\\/#breadcrumb\",\"itemListElement\":[{\"@type\":\"ListItem\",\"position\":1,\"name\":\"Home\",\"item\":\"https:\\\/\\\/padelzoco.es\\\/\"},{\"@type\":\"ListItem\",\"position\":2,\"name\":\"Padel Zoco\",\"item\":\"https:\\\/\\\/padelzoco.es\\\/padel-zoco\\\/\"},{\"@type\":\"ListItem\",\"position\":3,\"name\":\"Bolsa Babolat RH Perf Muliticolor\"}]},{\"@type\":\"WebSite\",\"@id\":\"https:\\\/\\\/padelzoco.es\\\/#website\",\"url\":\"https:\\\/\\\/padelzoco.es\\\/\",\"name\":\"Padel Zoco\",\"description\":\"Padel Zoco | Spain\",\"publisher\":{\"@id\":\"https:\\\/\\\/padelzoco.es\\\/#organization\"},\"potentialAction\":[{\"@type\":\"SearchAction\",\"target\":{\"@type\":\"EntryPoint\",\"urlTemplate\":\"https:\\\/\\\/padelzoco.es\\\/?s={search_term_string}\"},\"query-input\":{\"@type\":\"PropertyValueSpecification\",\"valueRequired\":true,\"valueName\":\"search_term_string\"}}],\"inLanguage\":\"en-GB\"},{\"@type\":\"Organization\",\"@id\":\"https:\\\/\\\/padelzoco.es\\\/#organization\",\"name\":\"Padel Zoco\",\"url\":\"https:\\\/\\\/padelzoco.es\\\/\",\"logo\":{\"@type\":\"ImageObject\",\"inLanguage\":\"en-GB\",\"@id\":\"https:\\\/\\\/padelzoco.es\\\/#\\\/schema\\\/logo\\\/image\\\/\",\"url\":\"https:\\\/\\\/padelzoco.es\\\/wp-content\\\/uploads\\\/2023\\\/11\\\/PadelZoco_Logo_black_white.webp\",\"contentUrl\":\"https:\\\/\\\/padelzoco.es\\\/wp-content\\\/uploads\\\/2023\\\/11\\\/PadelZoco_Logo_black_white.webp\",\"width\":1500,\"height\":631,\"caption\":\"Padel Zoco\"},\"image\":{\"@id\":\"https:\\\/\\\/padelzoco.es\\\/#\\\/schema\\\/logo\\\/image\\\/\"}}]}<\/script>\n<!-- \/ Yoast SEO plugin. -->","yoast_head_json":{"title":"Bolsa Babolat RH Perf Muliticolor - Padel Zoco","description":"RH Perf Padel: bolsa sostenible con capacidad para 4 palas, compartimentos organizados, impermeable y transporte bidireccional para entrenamientos y torneos.","robots":{"index":"index","follow":"follow","max-snippet":"max-snippet:-1","max-image-preview":"max-image-preview:large","max-video-preview":"max-video-preview:-1"},"canonical":"https:\/\/padelzoco.es\/en\/product\/bolsa-babolat-rh-perf-muliticolor\/","og_locale":"en_GB","og_type":"article","og_title":"Bolsa Babolat RH Perf Muliticolor - Padel Zoco","og_description":"RH Perf Padel: bolsa sostenible con capacidad para 4 palas, compartimentos organizados, impermeable y transporte bidireccional para entrenamientos y torneos.","og_url":"https:\/\/padelzoco.es\/en\/product\/bolsa-babolat-rh-perf-muliticolor\/","og_site_name":"Padel Zoco","article_modified_time":"2026-04-30T18:15:49+00:00","og_image":[{"width":1400,"height":1400,"url":"https:\/\/padelzoco.es\/wp-content\/uploads\/2025\/02\/Babolat-RH-Perf-Muliticolor-Padel-Bag-Black-01-1.webp","type":"image\/webp"}],"twitter_card":"summary_large_image","twitter_misc":{"Estimated reading time":"1 minute"},"schema":{"@context":"https:\/\/schema.org","@graph":[{"@type":"WebPage","@id":"https:\/\/padelzoco.es\/product\/bolsa-babolat-rh-perf-muliticolor\/","url":"https:\/\/padelzoco.es\/product\/bolsa-babolat-rh-perf-muliticolor\/","name":"Bolsa Babolat RH Perf Muliticolor - Padel Zoco","isPartOf":{"@id":"https:\/\/padelzoco.es\/#website"},"primaryImageOfPage":{"@id":"https:\/\/padelzoco.es\/product\/bolsa-babolat-rh-perf-muliticolor\/#primaryimage"},"image":{"@id":"https:\/\/padelzoco.es\/product\/bolsa-babolat-rh-perf-muliticolor\/#primaryimage"},"thumbnailUrl":"https:\/\/padelzoco.es\/wp-content\/uploads\/2025\/02\/Babolat-RH-Perf-Muliticolor-Padel-Bag-Black-01-1.webp","datePublished":"2025-02-21T13:58:29+00:00","dateModified":"2026-04-30T18:15:49+00:00","description":"RH Perf Padel: bolsa sostenible con capacidad para 4 palas, compartimentos organizados, impermeable y transporte bidireccional para entrenamientos y torneos.","breadcrumb":{"@id":"https:\/\/padelzoco.es\/product\/bolsa-babolat-rh-perf-muliticolor\/#breadcrumb"},"inLanguage":"en-GB","potentialAction":[{"@type":"ReadAction","target":["https:\/\/padelzoco.es\/product\/bolsa-babolat-rh-perf-muliticolor\/"]}]},{"@type":"ImageObject","inLanguage":"en-GB","@id":"https:\/\/padelzoco.es\/product\/bolsa-babolat-rh-perf-muliticolor\/#primaryimage","url":"https:\/\/padelzoco.es\/wp-content\/uploads\/2025\/02\/Babolat-RH-Perf-Muliticolor-Padel-Bag-Black-01-1.webp","contentUrl":"https:\/\/padelzoco.es\/wp-content\/uploads\/2025\/02\/Babolat-RH-Perf-Muliticolor-Padel-Bag-Black-01-1.webp","width":1400,"height":1400,"caption":"Babolat RH Perf Muliticolor Padel Bag Black 01"},{"@type":"BreadcrumbList","@id":"https:\/\/padelzoco.es\/product\/bolsa-babolat-rh-perf-muliticolor\/#breadcrumb","itemListElement":[{"@type":"ListItem","position":1,"name":"Home","item":"https:\/\/padelzoco.es\/"},{"@type":"ListItem","position":2,"name":"Padel Zoco","item":"https:\/\/padelzoco.es\/padel-zoco\/"},{"@type":"ListItem","position":3,"name":"Bolsa Babolat RH Perf Muliticolor"}]},{"@type":"WebSite","@id":"https:\/\/padelzoco.es\/#website","url":"https:\/\/padelzoco.es\/","name":"Padel Zoco","description":"Padel Zoco | Spain","publisher":{"@id":"https:\/\/padelzoco.es\/#organization"},"potentialAction":[{"@type":"SearchAction","target":{"@type":"EntryPoint","urlTemplate":"https:\/\/padelzoco.es\/?s={search_term_string}"},"query-input":{"@type":"PropertyValueSpecification","valueRequired":true,"valueName":"search_term_string"}}],"inLanguage":"en-GB"},{"@type":"Organization","@id":"https:\/\/padelzoco.es\/#organization","name":"Padel Zoco","url":"https:\/\/padelzoco.es\/","logo":{"@type":"ImageObject","inLanguage":"en-GB","@id":"https:\/\/padelzoco.es\/#\/schema\/logo\/image\/","url":"https:\/\/padelzoco.es\/wp-content\/uploads\/2023\/11\/PadelZoco_Logo_black_white.webp","contentUrl":"https:\/\/padelzoco.es\/wp-content\/uploads\/2023\/11\/PadelZoco_Logo_black_white.webp","width":1500,"height":631,"caption":"Padel Zoco"},"image":{"@id":"https:\/\/padelzoco.es\/#\/schema\/logo\/image\/"}}]}},"_links":{"self":[{"href":"https:\/\/padelzoco.es\/en\/wp-json\/wp\/v2\/product\/17757","targetHints":{"allow":["GET"]}}],"collection":[{"href":"https:\/\/padelzoco.es\/en\/wp-json\/wp\/v2\/product"}],"about":[{"href":"https:\/\/padelzoco.es\/en\/wp-json\/wp\/v2\/types\/product"}],"version-history":[{"count":5,"href":"https:\/\/padelzoco.es\/en\/wp-json\/wp\/v2\/product\/17757\/revisions"}],"predecessor-version":[{"id":37832,"href":"https:\/\/padelzoco.es\/en\/wp-json\/wp\/v2\/product\/17757\/revisions\/37832"}],"wp:featuredmedia":[{"embeddable":true,"href":"https:\/\/padelzoco.es\/en\/wp-json\/wp\/v2\/media\/17763"}],"wp:attachment":[{"href":"https:\/\/padelzoco.es\/en\/wp-json\/wp\/v2\/media?parent=17757"}],"wp:term":[{"taxonomy":"product_brand","embeddable":true,"href":"https:\/\/padelzoco.es\/en\/wp-json\/wp\/v2\/product_brand?post=17757"},{"taxonomy":"product_cat","embeddable":true,"href":"https:\/\/padelzoco.es\/en\/wp-json\/wp\/v2\/product_cat?post=17757"},{"taxonomy":"product_tag","embeddable":true,"href":"https:\/\/padelzoco.es\/en\/wp-json\/wp\/v2\/product_tag?post=17757"}],"curies":[{"name":"wp","href":"https:\/\/api.w.org\/{rel}","templated":true}]}}