{"id":17944,"date":"2025-02-27T12:41:30","date_gmt":"2025-02-27T11:41:30","guid":{"rendered":"https:\/\/adc06f55e9.nxcli.io\/?post_type=product&#038;p=17944"},"modified":"2026-02-02T09:24:11","modified_gmt":"2026-02-02T08:24:11","slug":"pala-padel-bullpadel-vertex-jr-2025","status":"publish","type":"product","link":"https:\/\/padelzoco.es\/en\/product\/pala-padel-bullpadel-vertex-jr-2025\/","title":{"rendered":"Pala Padel Bullpadel Vertex JR 2025"},"content":{"rendered":"<div class=\"product attribute overview\">\n<div class=\"value\">\n<p data-start=\"45\" data-end=\"358\">The Bullpadel Vertex JR 2025 Padel Racket is the official racket of Juan Tello, designed for junior players with high skill levels. With a diamond shape, it provides excellent power and performance, featuring a fiberglass Polyglass surface and Evalastic rubber core for optimal playability.<\/p>\n<p data-start=\"662\" data-end=\"675\">Key features:<\/p>\n<ul data-start=\"676\" data-end=\"1124\">\n<li data-start=\"676\" data-end=\"734\"><strong data-start=\"678\" data-end=\"688\">Shape:<\/strong> Diamond shape for enhanced power and control.<\/li>\n<li data-start=\"735\" data-end=\"808\"><strong data-start=\"737\" data-end=\"749\">Surface:<\/strong> Polyglass fiberglass for a durable and responsive surface.<\/li>\n<li data-start=\"809\" data-end=\"885\"><strong data-start=\"811\" data-end=\"820\">Core:<\/strong> Evalastic rubber for excellent playability and shock absorption.<\/li>\n<li data-start=\"886\" data-end=\"968\"><strong data-start=\"888\" data-end=\"898\">Frame:<\/strong> CarbonTube frame made of 100% carbon for added strength and rigidity.<\/li>\n<li data-start=\"969\" data-end=\"1057\"><strong data-start=\"971\" data-end=\"981\">Heart:<\/strong> Vertex heart design for perfect weight distribution and reduced vibrations.<\/li>\n<li data-start=\"1058\" data-end=\"1124\"><strong data-start=\"1060\" data-end=\"1077\">Designed for:<\/strong> Junior players with an advanced level of play.<\/li>\n<\/ul>\n<\/div>\n<\/div>","protected":false},"excerpt":{"rendered":"<div class=\"product attribute overview\">\n<div class=\"product attribute overview\">\n<div class=\"value\">\n<div class=\"draggable no-draggable-children sticky top-0 p-3 mb-1.5 flex items-center justify-between z-10 h-header-height font-semibold bg-token-main-surface-primary max-md:hidden\">\n<div class=\"gap-2 flex items-center pr-1 leading-[0]\">\n<div class=\"flex items-center justify-center gap-2\"><\/div>\n<\/div>\n<\/div>\n<article class=\"w-full text-token-text-primary focus-visible:outline-2 focus-visible:outline-offset-[-4px]\" dir=\"auto\" data-testid=\"conversation-turn-23\" data-scroll-anchor=\"false\">\n<div class=\"m-auto text-base py-[18px] px-6\">\n<div class=\"mx-auto flex flex-1 text-base gap-4 md:gap-5 lg:gap-6 md:max-w-3xl\">\n<div class=\"group\/conversation-turn relative flex w-full min-w-0 flex-col agent-turn @xs\/thread:px-0 @sm\/thread:px-1.5 @md\/thread:px-4\">\n<div class=\"flex-col gap-1 md:gap-3\">\n<div class=\"mb-2 flex gap-3 empty:hidden -ml-2\">\n<div class=\"items-center justify-start rounded-xl p-1 z-10 -mt-1 bg-token-main-surface-primary screen-arch:mt-1 md:absolute md:sr-only\">\n<div class=\"flex items-center\">La <strong data-start=\"3\" data-end=\"31\">Bullpadel Vertex JR 2025<\/strong> es la pala oficial de <strong data-start=\"54\" data-end=\"68\">Juan Tello<\/strong>, dise\u00f1ada para jugadores junior de alto nivel. Con una forma <strong data-start=\"130\" data-end=\"142\">diamante<\/strong>, ofrece excelente <strong data-start=\"161\" data-end=\"173\">potencia<\/strong> y <strong data-start=\"176\" data-end=\"191\">rendimiento<\/strong>, con una superficie de <strong data-start=\"215\" data-end=\"244\">fibra de vidrio Polyglass<\/strong> y un n\u00facleo de <strong data-start=\"260\" data-end=\"278\">goma Evalastic<\/strong> para una jugabilidad \u00f3ptima.<\/div>\n<\/div>\n<\/div>\n<\/div>\n<\/div>\n<\/div>\n<\/div>\n<\/article>\n<article class=\"w-full text-token-text-primary focus-visible:outline-2 focus-visible:outline-offset-[-4px]\" dir=\"auto\" data-testid=\"conversation-turn-25\" data-scroll-anchor=\"true\">\n<div class=\"m-auto text-base py-[18px] px-6\">\n<div class=\"mx-auto flex flex-1 text-base gap-4 md:gap-5 lg:gap-6 md:max-w-3xl\">\n<div class=\"group\/conversation-turn relative flex w-full min-w-0 flex-col agent-turn @xs\/thread:px-0 @sm\/thread:px-1.5 @md\/thread:px-4\">\n<div class=\"flex-col gap-1 md:gap-3\">\n<div class=\"flex max-w-full flex-col flex-grow\">\n<div class=\"min-h-8 text-message relative flex w-full flex-col items-end gap-2 whitespace-normal break-words text-start [.text-message+&amp;]:mt-5\" dir=\"auto\" data-message-author-role=\"assistant\" data-message-id=\"2a548cec-c338-4b81-8a75-b72d98b2749a\" data-message-model-slug=\"gpt-4o-mini\">\n<div class=\"flex w-full flex-col gap-1 empty:hidden first:pt-[3px]\">\n<div class=\"markdown prose w-full break-words dark:prose-invert light\">\n<p data-start=\"309\" data-end=\"335\"><strong data-start=\"309\" data-end=\"334\">Caracter\u00edsticas clave<\/strong>:<\/p>\n<ul data-start=\"336\" data-end=\"832\">\n<li data-start=\"336\" data-end=\"396\"><strong data-start=\"338\" data-end=\"347\">Forma<\/strong>: Diamante para mayor <strong data-start=\"369\" data-end=\"381\">potencia<\/strong> y <strong data-start=\"384\" data-end=\"395\">control<\/strong>.<\/li>\n<li data-start=\"397\" data-end=\"485\"><strong data-start=\"399\" data-end=\"413\">Superficie<\/strong>: Fibra de vidrio <strong data-start=\"431\" data-end=\"444\">Polyglass<\/strong> para una superficie duradera y sensible.<\/li>\n<li data-start=\"486\" data-end=\"570\"><strong data-start=\"488\" data-end=\"498\">N\u00facleo<\/strong>: Goma <strong data-start=\"505\" data-end=\"518\">Evalastic<\/strong> para excelente jugabilidad y absorci\u00f3n de impactos.<\/li>\n<li data-start=\"571\" data-end=\"651\"><strong data-start=\"573\" data-end=\"582\">Marco<\/strong>: Marco <strong data-start=\"590\" data-end=\"604\">CarbonTube<\/strong> 100% carbono para mayor resistencia y rigidez.<\/li>\n<li data-start=\"652\" data-end=\"765\"><strong data-start=\"654\" data-end=\"665\">Coraz\u00f3n<\/strong>: Dise\u00f1o <strong data-start=\"674\" data-end=\"684\">Vertex<\/strong> en el coraz\u00f3n para una distribuci\u00f3n de peso perfecta y reducci\u00f3n de vibraciones.<\/li>\n<li data-start=\"766\" data-end=\"832\"><strong data-start=\"768\" data-end=\"785\">Dise\u00f1ada para<\/strong>: Jugadores junior con nivel avanzado de juego.<\/li>\n<\/ul>\n<p data-start=\"834\" data-end=\"982\" data-is-last-node=\"\" data-is-only-node=\"\">Ideal para j\u00f3venes con un nivel de juego avanzado, la <strong data-start=\"888\" data-end=\"916\">Bullpadel Vertex JR 2025<\/strong> es la pala que combina <strong data-start=\"940\" data-end=\"952\">potencia<\/strong>, <strong data-start=\"954\" data-end=\"965\">control<\/strong> y <strong data-start=\"968\" data-end=\"981\">comodidad<\/strong>.<\/p>\n<\/div>\n<\/div>\n<\/div>\n<\/div>\n<\/div>\n<\/div>\n<\/div>\n<\/div>\n<\/article>\n<\/div>\n<\/div>\n<\/div>\n","protected":false},"featured_media":17947,"template":"","meta":[],"product_brand":[],"product_cat":[698,575,584,735,591,572,757,754],"product_tag":[],"class_list":{"0":"post-17944","1":"product","2":"type-product","3":"status-publish","4":"has-post-thumbnail","6":"product_cat-bullpadel-padel","7":"product_cat-bullpadel-palas","8":"product_cat-diamante-palas","9":"product_cat-juan-tello","10":"product_cat-ninos-palas","11":"product_cat-palas","12":"product_cat-palas-ofertas","13":"product_cat-rebajas","14":"pa_brand-bullpadel","15":"pa_gender-ninos","16":"pa_hs_code-134","18":"first","19":"outofstock","20":"taxable","21":"shipping-taxable","22":"purchasable","23":"product-type-simple"},"yoast_head":"<!-- This site is optimized with the Yoast SEO plugin v27.3 - https:\/\/yoast.com\/product\/yoast-seo-wordpress\/ -->\n<title>Pala Padel Bullpadel Vertex JR 2025 - Padel Zoco<\/title>\n<meta name=\"description\" content=\"Compra la Bullpadel Vertex JR 2025, la pala oficial de Juan Tello, dise\u00f1ada para jugadores junior avanzados, con potencia, control y gran jugabilidad.\" \/>\n<meta name=\"robots\" content=\"index, follow, max-snippet:-1, max-image-preview:large, max-video-preview:-1\" \/>\n<link rel=\"canonical\" href=\"https:\/\/padelzoco.es\/en\/product\/pala-padel-bullpadel-vertex-jr-2025\/\" \/>\n<meta property=\"og:locale\" content=\"en_GB\" \/>\n<meta property=\"og:type\" content=\"article\" \/>\n<meta property=\"og:title\" content=\"Pala Padel Bullpadel Vertex JR 2025 - Padel Zoco\" \/>\n<meta property=\"og:description\" content=\"Compra la Bullpadel Vertex JR 2025, la pala oficial de Juan Tello, dise\u00f1ada para jugadores junior avanzados, con potencia, control y gran jugabilidad.\" \/>\n<meta property=\"og:url\" content=\"https:\/\/padelzoco.es\/en\/product\/pala-padel-bullpadel-vertex-jr-2025\/\" \/>\n<meta property=\"og:site_name\" content=\"Padel Zoco\" \/>\n<meta property=\"article:modified_time\" content=\"2026-02-02T08:24:11+00:00\" \/>\n<meta property=\"og:image\" content=\"https:\/\/padelzoco.es\/wp-content\/uploads\/2025\/02\/BULLPADEL-Vertex-JR-2025-Padel-Racket-02.webp\" \/>\n\t<meta property=\"og:image:width\" content=\"1400\" \/>\n\t<meta property=\"og:image:height\" content=\"1400\" \/>\n\t<meta property=\"og:image:type\" content=\"image\/webp\" \/>\n<meta name=\"twitter:card\" content=\"summary_large_image\" \/>\n<meta name=\"twitter:label1\" content=\"Estimated reading time\" \/>\n\t<meta name=\"twitter:data1\" content=\"1 minute\" \/>\n<script type=\"application\/ld+json\" class=\"yoast-schema-graph\">{\"@context\":\"https:\\\/\\\/schema.org\",\"@graph\":[{\"@type\":\"WebPage\",\"@id\":\"https:\\\/\\\/padelzoco.es\\\/product\\\/pala-padel-bullpadel-vertex-jr-2025\\\/\",\"url\":\"https:\\\/\\\/padelzoco.es\\\/product\\\/pala-padel-bullpadel-vertex-jr-2025\\\/\",\"name\":\"Pala Padel Bullpadel Vertex JR 2025 - Padel Zoco\",\"isPartOf\":{\"@id\":\"https:\\\/\\\/padelzoco.es\\\/#website\"},\"primaryImageOfPage\":{\"@id\":\"https:\\\/\\\/padelzoco.es\\\/product\\\/pala-padel-bullpadel-vertex-jr-2025\\\/#primaryimage\"},\"image\":{\"@id\":\"https:\\\/\\\/padelzoco.es\\\/product\\\/pala-padel-bullpadel-vertex-jr-2025\\\/#primaryimage\"},\"thumbnailUrl\":\"https:\\\/\\\/padelzoco.es\\\/wp-content\\\/uploads\\\/2025\\\/02\\\/BULLPADEL-Vertex-JR-2025-Padel-Racket-02.webp\",\"datePublished\":\"2025-02-27T11:41:30+00:00\",\"dateModified\":\"2026-02-02T08:24:11+00:00\",\"description\":\"Compra la Bullpadel Vertex JR 2025, la pala oficial de Juan Tello, dise\u00f1ada para jugadores junior avanzados, con potencia, control y gran jugabilidad.\",\"breadcrumb\":{\"@id\":\"https:\\\/\\\/padelzoco.es\\\/product\\\/pala-padel-bullpadel-vertex-jr-2025\\\/#breadcrumb\"},\"inLanguage\":\"en-GB\",\"potentialAction\":[{\"@type\":\"ReadAction\",\"target\":[\"https:\\\/\\\/padelzoco.es\\\/product\\\/pala-padel-bullpadel-vertex-jr-2025\\\/\"]}]},{\"@type\":\"ImageObject\",\"inLanguage\":\"en-GB\",\"@id\":\"https:\\\/\\\/padelzoco.es\\\/product\\\/pala-padel-bullpadel-vertex-jr-2025\\\/#primaryimage\",\"url\":\"https:\\\/\\\/padelzoco.es\\\/wp-content\\\/uploads\\\/2025\\\/02\\\/BULLPADEL-Vertex-JR-2025-Padel-Racket-02.webp\",\"contentUrl\":\"https:\\\/\\\/padelzoco.es\\\/wp-content\\\/uploads\\\/2025\\\/02\\\/BULLPADEL-Vertex-JR-2025-Padel-Racket-02.webp\",\"width\":1400,\"height\":1400,\"caption\":\"BULLPADEL Vertex JR 2025 Padel Racket 02\"},{\"@type\":\"BreadcrumbList\",\"@id\":\"https:\\\/\\\/padelzoco.es\\\/product\\\/pala-padel-bullpadel-vertex-jr-2025\\\/#breadcrumb\",\"itemListElement\":[{\"@type\":\"ListItem\",\"position\":1,\"name\":\"Home\",\"item\":\"https:\\\/\\\/padelzoco.es\\\/\"},{\"@type\":\"ListItem\",\"position\":2,\"name\":\"Padel Zoco\",\"item\":\"https:\\\/\\\/padelzoco.es\\\/padel-zoco\\\/\"},{\"@type\":\"ListItem\",\"position\":3,\"name\":\"Pala Padel Bullpadel Vertex JR 2025\"}]},{\"@type\":\"WebSite\",\"@id\":\"https:\\\/\\\/padelzoco.es\\\/#website\",\"url\":\"https:\\\/\\\/padelzoco.es\\\/\",\"name\":\"Padel Zoco\",\"description\":\"Padel Zoco | Spain\",\"publisher\":{\"@id\":\"https:\\\/\\\/padelzoco.es\\\/#organization\"},\"potentialAction\":[{\"@type\":\"SearchAction\",\"target\":{\"@type\":\"EntryPoint\",\"urlTemplate\":\"https:\\\/\\\/padelzoco.es\\\/?s={search_term_string}\"},\"query-input\":{\"@type\":\"PropertyValueSpecification\",\"valueRequired\":true,\"valueName\":\"search_term_string\"}}],\"inLanguage\":\"en-GB\"},{\"@type\":\"Organization\",\"@id\":\"https:\\\/\\\/padelzoco.es\\\/#organization\",\"name\":\"Padel Zoco\",\"url\":\"https:\\\/\\\/padelzoco.es\\\/\",\"logo\":{\"@type\":\"ImageObject\",\"inLanguage\":\"en-GB\",\"@id\":\"https:\\\/\\\/padelzoco.es\\\/#\\\/schema\\\/logo\\\/image\\\/\",\"url\":\"https:\\\/\\\/padelzoco.es\\\/wp-content\\\/uploads\\\/2023\\\/11\\\/PadelZoco_Logo_black_white.webp\",\"contentUrl\":\"https:\\\/\\\/padelzoco.es\\\/wp-content\\\/uploads\\\/2023\\\/11\\\/PadelZoco_Logo_black_white.webp\",\"width\":1500,\"height\":631,\"caption\":\"Padel Zoco\"},\"image\":{\"@id\":\"https:\\\/\\\/padelzoco.es\\\/#\\\/schema\\\/logo\\\/image\\\/\"}}]}<\/script>\n<!-- \/ Yoast SEO plugin. -->","yoast_head_json":{"title":"Pala Padel Bullpadel Vertex JR 2025 - Padel Zoco","description":"Compra la Bullpadel Vertex JR 2025, la pala oficial de Juan Tello, dise\u00f1ada para jugadores junior avanzados, con potencia, control y gran jugabilidad.","robots":{"index":"index","follow":"follow","max-snippet":"max-snippet:-1","max-image-preview":"max-image-preview:large","max-video-preview":"max-video-preview:-1"},"canonical":"https:\/\/padelzoco.es\/en\/product\/pala-padel-bullpadel-vertex-jr-2025\/","og_locale":"en_GB","og_type":"article","og_title":"Pala Padel Bullpadel Vertex JR 2025 - Padel Zoco","og_description":"Compra la Bullpadel Vertex JR 2025, la pala oficial de Juan Tello, dise\u00f1ada para jugadores junior avanzados, con potencia, control y gran jugabilidad.","og_url":"https:\/\/padelzoco.es\/en\/product\/pala-padel-bullpadel-vertex-jr-2025\/","og_site_name":"Padel Zoco","article_modified_time":"2026-02-02T08:24:11+00:00","og_image":[{"width":1400,"height":1400,"url":"https:\/\/padelzoco.es\/wp-content\/uploads\/2025\/02\/BULLPADEL-Vertex-JR-2025-Padel-Racket-02.webp","type":"image\/webp"}],"twitter_card":"summary_large_image","twitter_misc":{"Estimated reading time":"1 minute"},"schema":{"@context":"https:\/\/schema.org","@graph":[{"@type":"WebPage","@id":"https:\/\/padelzoco.es\/product\/pala-padel-bullpadel-vertex-jr-2025\/","url":"https:\/\/padelzoco.es\/product\/pala-padel-bullpadel-vertex-jr-2025\/","name":"Pala Padel Bullpadel Vertex JR 2025 - Padel Zoco","isPartOf":{"@id":"https:\/\/padelzoco.es\/#website"},"primaryImageOfPage":{"@id":"https:\/\/padelzoco.es\/product\/pala-padel-bullpadel-vertex-jr-2025\/#primaryimage"},"image":{"@id":"https:\/\/padelzoco.es\/product\/pala-padel-bullpadel-vertex-jr-2025\/#primaryimage"},"thumbnailUrl":"https:\/\/padelzoco.es\/wp-content\/uploads\/2025\/02\/BULLPADEL-Vertex-JR-2025-Padel-Racket-02.webp","datePublished":"2025-02-27T11:41:30+00:00","dateModified":"2026-02-02T08:24:11+00:00","description":"Compra la Bullpadel Vertex JR 2025, la pala oficial de Juan Tello, dise\u00f1ada para jugadores junior avanzados, con potencia, control y gran jugabilidad.","breadcrumb":{"@id":"https:\/\/padelzoco.es\/product\/pala-padel-bullpadel-vertex-jr-2025\/#breadcrumb"},"inLanguage":"en-GB","potentialAction":[{"@type":"ReadAction","target":["https:\/\/padelzoco.es\/product\/pala-padel-bullpadel-vertex-jr-2025\/"]}]},{"@type":"ImageObject","inLanguage":"en-GB","@id":"https:\/\/padelzoco.es\/product\/pala-padel-bullpadel-vertex-jr-2025\/#primaryimage","url":"https:\/\/padelzoco.es\/wp-content\/uploads\/2025\/02\/BULLPADEL-Vertex-JR-2025-Padel-Racket-02.webp","contentUrl":"https:\/\/padelzoco.es\/wp-content\/uploads\/2025\/02\/BULLPADEL-Vertex-JR-2025-Padel-Racket-02.webp","width":1400,"height":1400,"caption":"BULLPADEL Vertex JR 2025 Padel Racket 02"},{"@type":"BreadcrumbList","@id":"https:\/\/padelzoco.es\/product\/pala-padel-bullpadel-vertex-jr-2025\/#breadcrumb","itemListElement":[{"@type":"ListItem","position":1,"name":"Home","item":"https:\/\/padelzoco.es\/"},{"@type":"ListItem","position":2,"name":"Padel Zoco","item":"https:\/\/padelzoco.es\/padel-zoco\/"},{"@type":"ListItem","position":3,"name":"Pala Padel Bullpadel Vertex JR 2025"}]},{"@type":"WebSite","@id":"https:\/\/padelzoco.es\/#website","url":"https:\/\/padelzoco.es\/","name":"Padel Zoco","description":"Padel Zoco | Spain","publisher":{"@id":"https:\/\/padelzoco.es\/#organization"},"potentialAction":[{"@type":"SearchAction","target":{"@type":"EntryPoint","urlTemplate":"https:\/\/padelzoco.es\/?s={search_term_string}"},"query-input":{"@type":"PropertyValueSpecification","valueRequired":true,"valueName":"search_term_string"}}],"inLanguage":"en-GB"},{"@type":"Organization","@id":"https:\/\/padelzoco.es\/#organization","name":"Padel Zoco","url":"https:\/\/padelzoco.es\/","logo":{"@type":"ImageObject","inLanguage":"en-GB","@id":"https:\/\/padelzoco.es\/#\/schema\/logo\/image\/","url":"https:\/\/padelzoco.es\/wp-content\/uploads\/2023\/11\/PadelZoco_Logo_black_white.webp","contentUrl":"https:\/\/padelzoco.es\/wp-content\/uploads\/2023\/11\/PadelZoco_Logo_black_white.webp","width":1500,"height":631,"caption":"Padel Zoco"},"image":{"@id":"https:\/\/padelzoco.es\/#\/schema\/logo\/image\/"}}]}},"_links":{"self":[{"href":"https:\/\/padelzoco.es\/en\/wp-json\/wp\/v2\/product\/17944","targetHints":{"allow":["GET"]}}],"collection":[{"href":"https:\/\/padelzoco.es\/en\/wp-json\/wp\/v2\/product"}],"about":[{"href":"https:\/\/padelzoco.es\/en\/wp-json\/wp\/v2\/types\/product"}],"version-history":[{"count":2,"href":"https:\/\/padelzoco.es\/en\/wp-json\/wp\/v2\/product\/17944\/revisions"}],"predecessor-version":[{"id":21093,"href":"https:\/\/padelzoco.es\/en\/wp-json\/wp\/v2\/product\/17944\/revisions\/21093"}],"wp:featuredmedia":[{"embeddable":true,"href":"https:\/\/padelzoco.es\/en\/wp-json\/wp\/v2\/media\/17947"}],"wp:attachment":[{"href":"https:\/\/padelzoco.es\/en\/wp-json\/wp\/v2\/media?parent=17944"}],"wp:term":[{"taxonomy":"product_brand","embeddable":true,"href":"https:\/\/padelzoco.es\/en\/wp-json\/wp\/v2\/product_brand?post=17944"},{"taxonomy":"product_cat","embeddable":true,"href":"https:\/\/padelzoco.es\/en\/wp-json\/wp\/v2\/product_cat?post=17944"},{"taxonomy":"product_tag","embeddable":true,"href":"https:\/\/padelzoco.es\/en\/wp-json\/wp\/v2\/product_tag?post=17944"}],"curies":[{"name":"wp","href":"https:\/\/api.w.org\/{rel}","templated":true}]}}