{"id":19287,"date":"2025-04-22T10:25:01","date_gmt":"2025-04-22T09:25:01","guid":{"rendered":"https:\/\/adc06f55e9.nxcli.io\/?post_type=product&#038;p=19287"},"modified":"2026-04-08T14:18:11","modified_gmt":"2026-04-08T13:18:11","slug":"floky-tobillera-biomecanica-ankle-support","status":"publish","type":"product","link":"https:\/\/padelzoco.es\/en\/product\/floky-tobillera-biomecanica-ankle-support\/","title":{"rendered":"Floky Tobillera Biomecanica Ankle Support"},"content":{"rendered":"","protected":false},"excerpt":{"rendered":"<p>FLOKY ANKLE Support Anklet es el primer soporte biomec\u00e1nico para el tobillo dise\u00f1ado para ofrecer protecci\u00f3n y estabilidad de alto nivel a atletas y personas activas. Desarrollado con materiales innovadores como bandas de silicona protectoras y tejidos biocer\u00e1micos, este soporte ofrece una alternativa c\u00f3moda y de alto rendimiento a los m\u00e9todos tradicionales de vendaje deportivo.<\/p>\n<p>Ya sea que est\u00e9s realizando cambios de direcci\u00f3n r\u00e1pidos en la cancha o recuper\u00e1ndote de una lesi\u00f3n leve, FLOKY ANKLE Support ayuda a reducir el riesgo de esguinces, respalda la integridad de los ligamentos y promueve una recuperaci\u00f3n m\u00e1s r\u00e1pida.<\/p>\n<p><strong>Features:<\/strong><\/p>\n<ul>\n<li>Estabilidad biomec\u00e1nica: Mejora el soporte del tobillo y la articulaci\u00f3n subastragalina durante movimientos intensos como saltos o cambios de direcci\u00f3n.<\/li>\n<li>Efecto de vendaje: Ofrece los mismos beneficios que un vendaje deportivo, pero con una aplicaci\u00f3n m\u00e1s sencilla y mayor comodidad.<\/li>\n<li>Zonas de soporte de silicona: Se adaptan a la forma del tobillo, proporcionando compresi\u00f3n y protecci\u00f3n personalizada.<\/li>\n<li>Tejido que favorece la recuperaci\u00f3n: Las fibras biocer\u00e1micas estimulan la microcirculaci\u00f3n, reducen la inflamaci\u00f3n y aceleran el proceso natural de curaci\u00f3n del cuerpo.<\/li>\n<li>Comodidad para uso prolongado: Materiales ligeros y transpirables que lo hacen ideal para entrenamiento, competici\u00f3n y recuperaci\u00f3n post-actividad.<\/li>\n<li>Estabilizaci\u00f3n del tobillo: El dise\u00f1o biomec\u00e1nico mejora la protecci\u00f3n articular durante movimientos din\u00e1micos como saltos o giros r\u00e1pidos.<\/li>\n<li>Efecto de vendaje: Brinda un efecto estabilizador similar al del vendaje que minimiza el riesgo de esguinces manteniendo el soporte \u00f3ptimo.<\/li>\n<li>Soporte c\u00f3modo: Su estructura tipo calcet\u00edn con inserciones de silicona asegura un ajuste c\u00f3modo y seguro, con una aplicaci\u00f3n m\u00e1s r\u00e1pida que el vendaje tradicional.<\/li>\n<li>Recuperaci\u00f3n acelerada: El tejido biocer\u00e1mico mejora la microcirculaci\u00f3n, acelera la curaci\u00f3n, reduce la inflamaci\u00f3n y alivia el dolor.<img decoding=\"async\" src=\"https:\/\/cdn.shopify.com\/s\/files\/1\/0419\/5663\/8887\/files\/Schermata_2024-04-17_alle_17.40.47.png?v=1713368488\" alt=\"Schermata 2024-04-17 alle 17.40.47.png__PID:e67ba282-65ad-44c6-9c46-1191ceaeea23\" \/><\/li>\n<\/ul>\n<table>\n<tbody>\n<tr>\n<td width=\"287\"><\/td>\n<td width=\"280\"><\/td>\n<\/tr>\n<\/tbody>\n<\/table>","protected":false},"featured_media":19300,"template":"","meta":[],"product_brand":[],"product_cat":[637,614,763,920,754,795,610],"product_tag":[],"class_list":{"0":"post-19287","1":"product","2":"type-product","3":"status-publish","4":"has-post-thumbnail","6":"product_cat-accesorios","7":"product_cat-calcetines-ropa","8":"product_cat-manguito","9":"product_cat-nuestros-favoritos","10":"product_cat-rebajas","11":"product_cat-rodillera","12":"product_cat-tipo-de-prenda","13":"pa_brand-floky","14":"pa_color-negro","15":"pa_country_of_origin-china","16":"pa_hs_code-740","17":"pa_size-l-xl-derecha","18":"pa_size-l-xl-izquierda","19":"pa_size-m-l-derecha","20":"pa_size-m-l-izquierda","21":"pa_size-xs-s-derecha","22":"pa_size-xs-s-izquierda","24":"first","25":"instock","26":"sale","27":"taxable","28":"shipping-taxable","29":"purchasable","30":"product-type-variable"},"yoast_head":"<!-- This site is optimized with the Yoast SEO plugin v27.3 - https:\/\/yoast.com\/product\/yoast-seo-wordpress\/ -->\n<title>Floky Tobillera Biomecanica Ankle Support - Padel Zoco<\/title>\n<meta name=\"description\" content=\"Soporte biomec\u00e1nico para tobillo FLOKY ANKLE support: m\u00e1xima protecci\u00f3n, comodidad y recuperaci\u00f3n acelerada para atletas y personas activas.\" \/>\n<meta name=\"robots\" content=\"index, follow, max-snippet:-1, max-image-preview:large, max-video-preview:-1\" \/>\n<link rel=\"canonical\" href=\"https:\/\/padelzoco.es\/en\/product\/floky-tobillera-biomecanica-ankle-support\/\" \/>\n<meta property=\"og:locale\" content=\"en_GB\" \/>\n<meta property=\"og:type\" content=\"article\" \/>\n<meta property=\"og:title\" content=\"Floky Tobillera Biomecanica Ankle Support - Padel Zoco\" \/>\n<meta property=\"og:description\" content=\"Soporte biomec\u00e1nico para tobillo FLOKY ANKLE support: m\u00e1xima protecci\u00f3n, comodidad y recuperaci\u00f3n acelerada para atletas y personas activas.\" \/>\n<meta property=\"og:url\" content=\"https:\/\/padelzoco.es\/en\/product\/floky-tobillera-biomecanica-ankle-support\/\" \/>\n<meta property=\"og:site_name\" content=\"Padel Zoco\" \/>\n<meta property=\"article:modified_time\" content=\"2026-04-08T13:18:11+00:00\" \/>\n<meta property=\"og:image\" content=\"https:\/\/padelzoco.es\/wp-content\/uploads\/2025\/04\/Floky-Ankle-Support-Anklet.webp\" \/>\n\t<meta property=\"og:image:width\" content=\"1400\" \/>\n\t<meta property=\"og:image:height\" content=\"1400\" \/>\n\t<meta property=\"og:image:type\" content=\"image\/webp\" \/>\n<meta name=\"twitter:card\" content=\"summary_large_image\" \/>\n<meta name=\"twitter:label1\" content=\"Estimated reading time\" \/>\n\t<meta name=\"twitter:data1\" content=\"1 minute\" \/>\n<script type=\"application\/ld+json\" class=\"yoast-schema-graph\">{\"@context\":\"https:\\\/\\\/schema.org\",\"@graph\":[{\"@type\":\"WebPage\",\"@id\":\"https:\\\/\\\/padelzoco.es\\\/product\\\/floky-tobillera-biomecanica-ankle-support\\\/\",\"url\":\"https:\\\/\\\/padelzoco.es\\\/product\\\/floky-tobillera-biomecanica-ankle-support\\\/\",\"name\":\"Floky Tobillera Biomecanica Ankle Support - Padel Zoco\",\"isPartOf\":{\"@id\":\"https:\\\/\\\/padelzoco.es\\\/#website\"},\"primaryImageOfPage\":{\"@id\":\"https:\\\/\\\/padelzoco.es\\\/product\\\/floky-tobillera-biomecanica-ankle-support\\\/#primaryimage\"},\"image\":{\"@id\":\"https:\\\/\\\/padelzoco.es\\\/product\\\/floky-tobillera-biomecanica-ankle-support\\\/#primaryimage\"},\"thumbnailUrl\":\"https:\\\/\\\/padelzoco.es\\\/wp-content\\\/uploads\\\/2025\\\/04\\\/Floky-Ankle-Support-Anklet.webp\",\"datePublished\":\"2025-04-22T09:25:01+00:00\",\"dateModified\":\"2026-04-08T13:18:11+00:00\",\"description\":\"Soporte biomec\u00e1nico para tobillo FLOKY ANKLE support: m\u00e1xima protecci\u00f3n, comodidad y recuperaci\u00f3n acelerada para atletas y personas activas.\",\"breadcrumb\":{\"@id\":\"https:\\\/\\\/padelzoco.es\\\/product\\\/floky-tobillera-biomecanica-ankle-support\\\/#breadcrumb\"},\"inLanguage\":\"en-GB\",\"potentialAction\":[{\"@type\":\"ReadAction\",\"target\":[\"https:\\\/\\\/padelzoco.es\\\/product\\\/floky-tobillera-biomecanica-ankle-support\\\/\"]}]},{\"@type\":\"ImageObject\",\"inLanguage\":\"en-GB\",\"@id\":\"https:\\\/\\\/padelzoco.es\\\/product\\\/floky-tobillera-biomecanica-ankle-support\\\/#primaryimage\",\"url\":\"https:\\\/\\\/padelzoco.es\\\/wp-content\\\/uploads\\\/2025\\\/04\\\/Floky-Ankle-Support-Anklet.webp\",\"contentUrl\":\"https:\\\/\\\/padelzoco.es\\\/wp-content\\\/uploads\\\/2025\\\/04\\\/Floky-Ankle-Support-Anklet.webp\",\"width\":1400,\"height\":1400,\"caption\":\"Floky Ankle Support Anklet\"},{\"@type\":\"BreadcrumbList\",\"@id\":\"https:\\\/\\\/padelzoco.es\\\/product\\\/floky-tobillera-biomecanica-ankle-support\\\/#breadcrumb\",\"itemListElement\":[{\"@type\":\"ListItem\",\"position\":1,\"name\":\"Home\",\"item\":\"https:\\\/\\\/padelzoco.es\\\/\"},{\"@type\":\"ListItem\",\"position\":2,\"name\":\"Padel Zoco\",\"item\":\"https:\\\/\\\/padelzoco.es\\\/padel-zoco\\\/\"},{\"@type\":\"ListItem\",\"position\":3,\"name\":\"Floky Tobillera Biomecanica Ankle Support\"}]},{\"@type\":\"WebSite\",\"@id\":\"https:\\\/\\\/padelzoco.es\\\/#website\",\"url\":\"https:\\\/\\\/padelzoco.es\\\/\",\"name\":\"Padel Zoco\",\"description\":\"Padel Zoco | Spain\",\"publisher\":{\"@id\":\"https:\\\/\\\/padelzoco.es\\\/#organization\"},\"potentialAction\":[{\"@type\":\"SearchAction\",\"target\":{\"@type\":\"EntryPoint\",\"urlTemplate\":\"https:\\\/\\\/padelzoco.es\\\/?s={search_term_string}\"},\"query-input\":{\"@type\":\"PropertyValueSpecification\",\"valueRequired\":true,\"valueName\":\"search_term_string\"}}],\"inLanguage\":\"en-GB\"},{\"@type\":\"Organization\",\"@id\":\"https:\\\/\\\/padelzoco.es\\\/#organization\",\"name\":\"Padel Zoco\",\"url\":\"https:\\\/\\\/padelzoco.es\\\/\",\"logo\":{\"@type\":\"ImageObject\",\"inLanguage\":\"en-GB\",\"@id\":\"https:\\\/\\\/padelzoco.es\\\/#\\\/schema\\\/logo\\\/image\\\/\",\"url\":\"https:\\\/\\\/padelzoco.es\\\/wp-content\\\/uploads\\\/2023\\\/11\\\/PadelZoco_Logo_black_white.webp\",\"contentUrl\":\"https:\\\/\\\/padelzoco.es\\\/wp-content\\\/uploads\\\/2023\\\/11\\\/PadelZoco_Logo_black_white.webp\",\"width\":1500,\"height\":631,\"caption\":\"Padel Zoco\"},\"image\":{\"@id\":\"https:\\\/\\\/padelzoco.es\\\/#\\\/schema\\\/logo\\\/image\\\/\"}}]}<\/script>\n<!-- \/ Yoast SEO plugin. -->","yoast_head_json":{"title":"Floky Tobillera Biomecanica Ankle Support - Padel Zoco","description":"Soporte biomec\u00e1nico para tobillo FLOKY ANKLE support: m\u00e1xima protecci\u00f3n, comodidad y recuperaci\u00f3n acelerada para atletas y personas activas.","robots":{"index":"index","follow":"follow","max-snippet":"max-snippet:-1","max-image-preview":"max-image-preview:large","max-video-preview":"max-video-preview:-1"},"canonical":"https:\/\/padelzoco.es\/en\/product\/floky-tobillera-biomecanica-ankle-support\/","og_locale":"en_GB","og_type":"article","og_title":"Floky Tobillera Biomecanica Ankle Support - Padel Zoco","og_description":"Soporte biomec\u00e1nico para tobillo FLOKY ANKLE support: m\u00e1xima protecci\u00f3n, comodidad y recuperaci\u00f3n acelerada para atletas y personas activas.","og_url":"https:\/\/padelzoco.es\/en\/product\/floky-tobillera-biomecanica-ankle-support\/","og_site_name":"Padel Zoco","article_modified_time":"2026-04-08T13:18:11+00:00","og_image":[{"width":1400,"height":1400,"url":"https:\/\/padelzoco.es\/wp-content\/uploads\/2025\/04\/Floky-Ankle-Support-Anklet.webp","type":"image\/webp"}],"twitter_card":"summary_large_image","twitter_misc":{"Estimated reading time":"1 minute"},"schema":{"@context":"https:\/\/schema.org","@graph":[{"@type":"WebPage","@id":"https:\/\/padelzoco.es\/product\/floky-tobillera-biomecanica-ankle-support\/","url":"https:\/\/padelzoco.es\/product\/floky-tobillera-biomecanica-ankle-support\/","name":"Floky Tobillera Biomecanica Ankle Support - Padel Zoco","isPartOf":{"@id":"https:\/\/padelzoco.es\/#website"},"primaryImageOfPage":{"@id":"https:\/\/padelzoco.es\/product\/floky-tobillera-biomecanica-ankle-support\/#primaryimage"},"image":{"@id":"https:\/\/padelzoco.es\/product\/floky-tobillera-biomecanica-ankle-support\/#primaryimage"},"thumbnailUrl":"https:\/\/padelzoco.es\/wp-content\/uploads\/2025\/04\/Floky-Ankle-Support-Anklet.webp","datePublished":"2025-04-22T09:25:01+00:00","dateModified":"2026-04-08T13:18:11+00:00","description":"Soporte biomec\u00e1nico para tobillo FLOKY ANKLE support: m\u00e1xima protecci\u00f3n, comodidad y recuperaci\u00f3n acelerada para atletas y personas activas.","breadcrumb":{"@id":"https:\/\/padelzoco.es\/product\/floky-tobillera-biomecanica-ankle-support\/#breadcrumb"},"inLanguage":"en-GB","potentialAction":[{"@type":"ReadAction","target":["https:\/\/padelzoco.es\/product\/floky-tobillera-biomecanica-ankle-support\/"]}]},{"@type":"ImageObject","inLanguage":"en-GB","@id":"https:\/\/padelzoco.es\/product\/floky-tobillera-biomecanica-ankle-support\/#primaryimage","url":"https:\/\/padelzoco.es\/wp-content\/uploads\/2025\/04\/Floky-Ankle-Support-Anklet.webp","contentUrl":"https:\/\/padelzoco.es\/wp-content\/uploads\/2025\/04\/Floky-Ankle-Support-Anklet.webp","width":1400,"height":1400,"caption":"Floky Ankle Support Anklet"},{"@type":"BreadcrumbList","@id":"https:\/\/padelzoco.es\/product\/floky-tobillera-biomecanica-ankle-support\/#breadcrumb","itemListElement":[{"@type":"ListItem","position":1,"name":"Home","item":"https:\/\/padelzoco.es\/"},{"@type":"ListItem","position":2,"name":"Padel Zoco","item":"https:\/\/padelzoco.es\/padel-zoco\/"},{"@type":"ListItem","position":3,"name":"Floky Tobillera Biomecanica Ankle Support"}]},{"@type":"WebSite","@id":"https:\/\/padelzoco.es\/#website","url":"https:\/\/padelzoco.es\/","name":"Padel Zoco","description":"Padel Zoco | Spain","publisher":{"@id":"https:\/\/padelzoco.es\/#organization"},"potentialAction":[{"@type":"SearchAction","target":{"@type":"EntryPoint","urlTemplate":"https:\/\/padelzoco.es\/?s={search_term_string}"},"query-input":{"@type":"PropertyValueSpecification","valueRequired":true,"valueName":"search_term_string"}}],"inLanguage":"en-GB"},{"@type":"Organization","@id":"https:\/\/padelzoco.es\/#organization","name":"Padel Zoco","url":"https:\/\/padelzoco.es\/","logo":{"@type":"ImageObject","inLanguage":"en-GB","@id":"https:\/\/padelzoco.es\/#\/schema\/logo\/image\/","url":"https:\/\/padelzoco.es\/wp-content\/uploads\/2023\/11\/PadelZoco_Logo_black_white.webp","contentUrl":"https:\/\/padelzoco.es\/wp-content\/uploads\/2023\/11\/PadelZoco_Logo_black_white.webp","width":1500,"height":631,"caption":"Padel Zoco"},"image":{"@id":"https:\/\/padelzoco.es\/#\/schema\/logo\/image\/"}}]}},"_links":{"self":[{"href":"https:\/\/padelzoco.es\/en\/wp-json\/wp\/v2\/product\/19287","targetHints":{"allow":["GET"]}}],"collection":[{"href":"https:\/\/padelzoco.es\/en\/wp-json\/wp\/v2\/product"}],"about":[{"href":"https:\/\/padelzoco.es\/en\/wp-json\/wp\/v2\/types\/product"}],"version-history":[{"count":8,"href":"https:\/\/padelzoco.es\/en\/wp-json\/wp\/v2\/product\/19287\/revisions"}],"predecessor-version":[{"id":30092,"href":"https:\/\/padelzoco.es\/en\/wp-json\/wp\/v2\/product\/19287\/revisions\/30092"}],"wp:featuredmedia":[{"embeddable":true,"href":"https:\/\/padelzoco.es\/en\/wp-json\/wp\/v2\/media\/19300"}],"wp:attachment":[{"href":"https:\/\/padelzoco.es\/en\/wp-json\/wp\/v2\/media?parent=19287"}],"wp:term":[{"taxonomy":"product_brand","embeddable":true,"href":"https:\/\/padelzoco.es\/en\/wp-json\/wp\/v2\/product_brand?post=19287"},{"taxonomy":"product_cat","embeddable":true,"href":"https:\/\/padelzoco.es\/en\/wp-json\/wp\/v2\/product_cat?post=19287"},{"taxonomy":"product_tag","embeddable":true,"href":"https:\/\/padelzoco.es\/en\/wp-json\/wp\/v2\/product_tag?post=19287"}],"curies":[{"name":"wp","href":"https:\/\/api.w.org\/{rel}","templated":true}]}}