{"id":20465,"date":"2025-05-16T19:03:53","date_gmt":"2025-05-16T18:03:53","guid":{"rendered":"https:\/\/adc06f55e9.nxcli.io\/?post_type=product&#038;p=20465"},"modified":"2026-02-16T11:19:25","modified_gmt":"2026-02-16T10:19:25","slug":"gudsport-tiras-nasales-30u","status":"publish","type":"product","link":"https:\/\/padelzoco.es\/en\/product\/gudsport-tiras-nasales-30u\/","title":{"rendered":"Gudsport Tiras Nasales 30u"},"content":{"rendered":"<section class=\"ProductFullDetail-description-33z\">\n<div class=\"richContent-root-CMO\">\n<p>Respira mejor y rinde m\u00e1s con las tiras nasales Gudsport GUDSLIP, dise\u00f1adas especialmente para atletas y personas activas. Ya sea que corras, levantes pesas, andes en bicicleta o practiques deportes, estas tiras ofrecen una soluci\u00f3n r\u00e1pida y sin medicamentos para mejorar tu ingesta de ox\u00edgeno cuando m\u00e1s lo necesitas.<\/p>\n<p>Dise\u00f1adas para movimientos de alta intensidad, las tiras ofrecen una adhesi\u00f3n \u00f3ptima, permaneciendo firmemente en su lugar a pesar del sudor y el movimiento. Al abrir suavemente tus v\u00edas nasales, las tiras GUDSLIP mejoran el flujo de aire y pueden aumentar la ingesta de ox\u00edgeno hasta en un 30%, ayudando a reducir la fatiga y mejorar el rendimiento.<\/p>\n<p data-start=\"740\" data-end=\"766\"><strong data-start=\"740\" data-end=\"765\"><span class=\"_fadeIn_pfttw_8\">Features<\/span><\/strong><span class=\"_fadeIn_pfttw_8\">:<\/span><\/p>\n<ul>\n<li data-start=\"770\" data-end=\"819\"><span class=\"_fadeIn_pfttw_8\">Mejora <\/span><span class=\"_fadeIn_pfttw_8\">la <\/span><span class=\"_fadeIn_pfttw_8\">respiraci\u00f3n <\/span><span class=\"_fadeIn_pfttw_8\">al <\/span><span class=\"_fadeIn_pfttw_8\">abrir <\/span><span class=\"_fadeIn_pfttw_8\">las <\/span><span class=\"_fadeIn_pfttw_8\">v\u00edas <\/span><span class=\"_fadeIn_pfttw_8\">nasales<\/span><\/li>\n<li data-start=\"822\" data-end=\"891\"><span class=\"_fadeIn_pfttw_8\">Aumenta <\/span><span class=\"_fadeIn_pfttw_8\">el <\/span><span class=\"_fadeIn_pfttw_8\">flujo <\/span><span class=\"_fadeIn_pfttw_8\">de <\/span><span class=\"_fadeIn_pfttw_8\">aire <\/span><span class=\"_fadeIn_pfttw_8\">hasta <\/span><span class=\"_fadeIn_pfttw_8\">en <\/span><span class=\"_fadeIn_pfttw_8\">un <\/span><span class=\"_fadeIn_pfttw_8\">30% <\/span><span class=\"_fadeIn_pfttw_8\">para <\/span><span class=\"_fadeIn_pfttw_8\">una <\/span><span class=\"_fadeIn_pfttw_8\">mejor <\/span><span class=\"_fadeIn_pfttw_8\">oxigenaci\u00f3n<\/span><\/li>\n<li data-start=\"894\" data-end=\"967\"><span class=\"_fadeIn_pfttw_8\">Resistente <\/span><span class=\"_fadeIn_pfttw_8\">al <\/span><span class=\"_fadeIn_pfttw_8\">sudor <\/span><span class=\"_fadeIn_pfttw_8\">and <\/span><span class=\"_fadeIn_pfttw_8\">segura \u2013 <\/span><span class=\"_fadeIn_pfttw_8\">se <\/span><span class=\"_fadeIn_pfttw_8\">mantiene <\/span><span class=\"_fadeIn_pfttw_8\">durante <\/span><span class=\"_fadeIn_pfttw_8\">la <\/span><span class=\"_fadeIn_pfttw_8\">actividad <\/span><span class=\"_fadeIn_pfttw_8\">intensa<\/span><\/li>\n<li data-start=\"970\" data-end=\"1022\"><span class=\"_fadeIn_pfttw_8\">F\u00e1cil <\/span><span class=\"_fadeIn_pfttw_8\">de <\/span><span class=\"_fadeIn_pfttw_8\">aplicar: <\/span><span class=\"_fadeIn_pfttw_8\">limpia, <\/span><span class=\"_fadeIn_pfttw_8\">seca, <\/span><span class=\"_fadeIn_pfttw_8\">despega <\/span><span class=\"_fadeIn_pfttw_8\">and <\/span><span class=\"_fadeIn_pfttw_8\">presiona<\/span><\/li>\n<li data-start=\"1025\" data-end=\"1075\"><span class=\"_fadeIn_pfttw_8\">Probado <\/span><span class=\"_fadeIn_pfttw_8\">por <\/span><span class=\"_fadeIn_pfttw_8\">atletas <\/span><span class=\"_fadeIn_pfttw_8\">and <\/span><span class=\"_fadeIn_pfttw_8\">enfocado <\/span><span class=\"_fadeIn_pfttw_8\">en <\/span><span class=\"_fadeIn_pfttw_8\">el <\/span><span class=\"_fadeIn_pfttw_8\">rendimiento<\/span><\/li>\n<li data-start=\"1078\" data-end=\"1149\"><span class=\"_fadeIn_pfttw_8\">Cada <\/span><span class=\"_fadeIn_pfttw_8\">paquete <\/span><span class=\"_fadeIn_pfttw_8\">incluye <\/span><span class=\"_fadeIn_pfttw_8\">30 <\/span><span class=\"_fadeIn_pfttw_8\">tiras \u2014 <\/span><span class=\"_fadeIn_pfttw_8\">m\u00e1s <\/span><span class=\"_fadeIn_pfttw_8\">de <\/span><span class=\"_fadeIn_pfttw_8\">un <\/span><span class=\"_fadeIn_pfttw_8\">mes <\/span><span class=\"_fadeIn_pfttw_8\">de <\/span><span class=\"_fadeIn_pfttw_8\">respiraci\u00f3n <\/span><span class=\"_fadeIn_pfttw_8\">mejorada<\/span><\/li>\n<\/ul>\n<p data-start=\"1151\" data-end=\"1167\"><strong data-start=\"1151\" data-end=\"1166\"><span class=\"_fadeIn_pfttw_8\">Modo <\/span><span class=\"_fadeIn_pfttw_8\">de <\/span><span class=\"_fadeIn_pfttw_8\">uso<\/span><\/strong><span class=\"_fadeIn_pfttw_8\">:<\/span><\/p>\n<ol>\n<li data-start=\"1172\" data-end=\"1212\"><span class=\"_fadeIn_pfttw_8\">Limpia <\/span><span class=\"_fadeIn_pfttw_8\">and <\/span><span class=\"_fadeIn_pfttw_8\">seca <\/span><span class=\"_fadeIn_pfttw_8\">bien <\/span><span class=\"_fadeIn_pfttw_8\">la <\/span><span class=\"_fadeIn_pfttw_8\">zona <\/span><span class=\"_fadeIn_pfttw_8\">de <\/span><span class=\"_fadeIn_pfttw_8\">la <\/span><span class=\"_fadeIn_pfttw_8\">nariz<\/span><\/li>\n<li data-start=\"1216\" data-end=\"1246\"><span class=\"_fadeIn_pfttw_8\">Despega <\/span><span class=\"_fadeIn_pfttw_8\">la <\/span><span class=\"_fadeIn_pfttw_8\">tira <\/span><span class=\"_fadeIn_pfttw_8\">del <\/span><span class=\"_fadeIn_pfttw_8\">respaldo<\/span><\/li>\n<li data-start=\"1250\" data-end=\"1308\"><span class=\"_fadeIn_pfttw_8\">Centra <\/span><span class=\"_fadeIn_pfttw_8\">and <\/span><span class=\"_fadeIn_pfttw_8\">presiona <\/span><span class=\"_fadeIn_pfttw_8\">firmemente <\/span><span class=\"_fadeIn_pfttw_8\">sobre <\/span><span class=\"_fadeIn_pfttw_8\">el <\/span><span class=\"_fadeIn_pfttw_8\">puente <\/span><span class=\"_fadeIn_pfttw_8\">de <\/span><span class=\"_fadeIn_pfttw_8\">la <\/span><span class=\"_fadeIn_pfttw_8\">nariz<\/span><\/li>\n<li data-start=\"1312\" data-end=\"1375\"><span class=\"_fadeIn_pfttw_8\">Disfruta <\/span><span class=\"_fadeIn_pfttw_8\">de <\/span><span class=\"_fadeIn_pfttw_8\">una <\/span><span class=\"_fadeIn_pfttw_8\">adhesi\u00f3n <\/span><span class=\"_fadeIn_pfttw_8\">duradera <\/span><span class=\"_fadeIn_pfttw_8\">todo <\/span><span class=\"_fadeIn_pfttw_8\">el <\/span><span class=\"_fadeIn_pfttw_8\">d\u00eda <\/span><span class=\"_fadeIn_pfttw_8\">o <\/span><span class=\"_fadeIn_pfttw_8\">toda <\/span><span class=\"_fadeIn_pfttw_8\">la <\/span><span class=\"_fadeIn_pfttw_8\">noche<\/span><\/li>\n<\/ol>\n<\/div>\n<\/section>","protected":false},"excerpt":{"rendered":"<p>CADA PACK CONTIENE 30 TIRAS NASALES<\/p>\n<p>Mejora tu rendimiento y respira mejor con las tiras nasales GUDSLIP de Gudsport, dise\u00f1adas para atletas y resistentes al sudor.<\/p>","protected":false},"featured_media":20469,"template":"","meta":[],"product_brand":[],"product_cat":[637,803,638,747,640,925],"product_tag":[926],"class_list":{"0":"post-20465","1":"product","2":"type-product","3":"status-publish","4":"has-post-thumbnail","6":"product_cat-accesorios","7":"product_cat-grip-sprays","8":"product_cat-grips-and-overgrips","9":"product_cat-head-padel","10":"product_cat-protectores","11":"product_cat-tiras-nasales","12":"product_tag-nosal-strips","13":"pa_brand-gudslip","14":"pa_hs_code-134","16":"first","17":"instock","18":"sale","19":"taxable","20":"shipping-taxable","21":"purchasable","22":"product-type-simple"},"yoast_head":"<!-- This site is optimized with the Yoast SEO plugin v27.3 - https:\/\/yoast.com\/product\/yoast-seo-wordpress\/ -->\n<title>Gudsport Tiras Nasales 30u - Padel Zoco<\/title>\n<meta name=\"description\" content=\"Tiras nasales deportivas GUDSLIP: mejora tu respiraci\u00f3n hasta un 30% sin medicamentos. Ideal para atletas. Paquete de 30 tiras.\" \/>\n<meta name=\"robots\" content=\"index, follow, max-snippet:-1, max-image-preview:large, max-video-preview:-1\" \/>\n<link rel=\"canonical\" href=\"https:\/\/padelzoco.es\/en\/product\/gudsport-tiras-nasales-30u\/\" \/>\n<meta property=\"og:locale\" content=\"en_GB\" \/>\n<meta property=\"og:type\" content=\"article\" \/>\n<meta property=\"og:title\" content=\"Gudsport Tiras Nasales 30u - Padel Zoco\" \/>\n<meta property=\"og:description\" content=\"Tiras nasales deportivas GUDSLIP: mejora tu respiraci\u00f3n hasta un 30% sin medicamentos. Ideal para atletas. Paquete de 30 tiras.\" \/>\n<meta property=\"og:url\" content=\"https:\/\/padelzoco.es\/en\/product\/gudsport-tiras-nasales-30u\/\" \/>\n<meta property=\"og:site_name\" content=\"Padel Zoco\" \/>\n<meta property=\"article:modified_time\" content=\"2026-02-16T10:19:25+00:00\" \/>\n<meta property=\"og:image\" content=\"https:\/\/padelzoco.es\/wp-content\/uploads\/2025\/05\/Gudsport-Nasal-Strips-GUDSLIP-01.webp\" \/>\n\t<meta property=\"og:image:width\" content=\"1400\" \/>\n\t<meta property=\"og:image:height\" content=\"1400\" \/>\n\t<meta property=\"og:image:type\" content=\"image\/webp\" \/>\n<meta name=\"twitter:card\" content=\"summary_large_image\" \/>\n<meta name=\"twitter:label1\" content=\"Estimated reading time\" \/>\n\t<meta name=\"twitter:data1\" content=\"2 minutes\" \/>\n<script type=\"application\/ld+json\" class=\"yoast-schema-graph\">{\"@context\":\"https:\\\/\\\/schema.org\",\"@graph\":[{\"@type\":\"WebPage\",\"@id\":\"https:\\\/\\\/padelzoco.es\\\/product\\\/gudsport-tiras-nasales-30u\\\/\",\"url\":\"https:\\\/\\\/padelzoco.es\\\/product\\\/gudsport-tiras-nasales-30u\\\/\",\"name\":\"Gudsport Tiras Nasales 30u - Padel Zoco\",\"isPartOf\":{\"@id\":\"https:\\\/\\\/padelzoco.es\\\/#website\"},\"primaryImageOfPage\":{\"@id\":\"https:\\\/\\\/padelzoco.es\\\/product\\\/gudsport-tiras-nasales-30u\\\/#primaryimage\"},\"image\":{\"@id\":\"https:\\\/\\\/padelzoco.es\\\/product\\\/gudsport-tiras-nasales-30u\\\/#primaryimage\"},\"thumbnailUrl\":\"https:\\\/\\\/padelzoco.es\\\/wp-content\\\/uploads\\\/2025\\\/05\\\/Gudsport-Nasal-Strips-GUDSLIP-01.webp\",\"datePublished\":\"2025-05-16T18:03:53+00:00\",\"dateModified\":\"2026-02-16T10:19:25+00:00\",\"description\":\"Tiras nasales deportivas GUDSLIP: mejora tu respiraci\u00f3n hasta un 30% sin medicamentos. Ideal para atletas. Paquete de 30 tiras.\",\"breadcrumb\":{\"@id\":\"https:\\\/\\\/padelzoco.es\\\/product\\\/gudsport-tiras-nasales-30u\\\/#breadcrumb\"},\"inLanguage\":\"en-GB\",\"potentialAction\":[{\"@type\":\"ReadAction\",\"target\":[\"https:\\\/\\\/padelzoco.es\\\/product\\\/gudsport-tiras-nasales-30u\\\/\"]}]},{\"@type\":\"ImageObject\",\"inLanguage\":\"en-GB\",\"@id\":\"https:\\\/\\\/padelzoco.es\\\/product\\\/gudsport-tiras-nasales-30u\\\/#primaryimage\",\"url\":\"https:\\\/\\\/padelzoco.es\\\/wp-content\\\/uploads\\\/2025\\\/05\\\/Gudsport-Nasal-Strips-GUDSLIP-01.webp\",\"contentUrl\":\"https:\\\/\\\/padelzoco.es\\\/wp-content\\\/uploads\\\/2025\\\/05\\\/Gudsport-Nasal-Strips-GUDSLIP-01.webp\",\"width\":1400,\"height\":1400,\"caption\":\"Gudsport Nasal Strips GUDSLIP 01\"},{\"@type\":\"BreadcrumbList\",\"@id\":\"https:\\\/\\\/padelzoco.es\\\/product\\\/gudsport-tiras-nasales-30u\\\/#breadcrumb\",\"itemListElement\":[{\"@type\":\"ListItem\",\"position\":1,\"name\":\"Home\",\"item\":\"https:\\\/\\\/padelzoco.es\\\/\"},{\"@type\":\"ListItem\",\"position\":2,\"name\":\"Padel Zoco\",\"item\":\"https:\\\/\\\/padelzoco.es\\\/padel-zoco\\\/\"},{\"@type\":\"ListItem\",\"position\":3,\"name\":\"Gudsport Tiras Nasales 30u\"}]},{\"@type\":\"WebSite\",\"@id\":\"https:\\\/\\\/padelzoco.es\\\/#website\",\"url\":\"https:\\\/\\\/padelzoco.es\\\/\",\"name\":\"Padel Zoco\",\"description\":\"Padel Zoco | Spain\",\"publisher\":{\"@id\":\"https:\\\/\\\/padelzoco.es\\\/#organization\"},\"potentialAction\":[{\"@type\":\"SearchAction\",\"target\":{\"@type\":\"EntryPoint\",\"urlTemplate\":\"https:\\\/\\\/padelzoco.es\\\/?s={search_term_string}\"},\"query-input\":{\"@type\":\"PropertyValueSpecification\",\"valueRequired\":true,\"valueName\":\"search_term_string\"}}],\"inLanguage\":\"en-GB\"},{\"@type\":\"Organization\",\"@id\":\"https:\\\/\\\/padelzoco.es\\\/#organization\",\"name\":\"Padel Zoco\",\"url\":\"https:\\\/\\\/padelzoco.es\\\/\",\"logo\":{\"@type\":\"ImageObject\",\"inLanguage\":\"en-GB\",\"@id\":\"https:\\\/\\\/padelzoco.es\\\/#\\\/schema\\\/logo\\\/image\\\/\",\"url\":\"https:\\\/\\\/padelzoco.es\\\/wp-content\\\/uploads\\\/2023\\\/11\\\/PadelZoco_Logo_black_white.webp\",\"contentUrl\":\"https:\\\/\\\/padelzoco.es\\\/wp-content\\\/uploads\\\/2023\\\/11\\\/PadelZoco_Logo_black_white.webp\",\"width\":1500,\"height\":631,\"caption\":\"Padel Zoco\"},\"image\":{\"@id\":\"https:\\\/\\\/padelzoco.es\\\/#\\\/schema\\\/logo\\\/image\\\/\"}}]}<\/script>\n<!-- \/ Yoast SEO plugin. -->","yoast_head_json":{"title":"Gudsport Tiras Nasales 30u - Padel Zoco","description":"Tiras nasales deportivas GUDSLIP: mejora tu respiraci\u00f3n hasta un 30% sin medicamentos. Ideal para atletas. Paquete de 30 tiras.","robots":{"index":"index","follow":"follow","max-snippet":"max-snippet:-1","max-image-preview":"max-image-preview:large","max-video-preview":"max-video-preview:-1"},"canonical":"https:\/\/padelzoco.es\/en\/product\/gudsport-tiras-nasales-30u\/","og_locale":"en_GB","og_type":"article","og_title":"Gudsport Tiras Nasales 30u - Padel Zoco","og_description":"Tiras nasales deportivas GUDSLIP: mejora tu respiraci\u00f3n hasta un 30% sin medicamentos. Ideal para atletas. Paquete de 30 tiras.","og_url":"https:\/\/padelzoco.es\/en\/product\/gudsport-tiras-nasales-30u\/","og_site_name":"Padel Zoco","article_modified_time":"2026-02-16T10:19:25+00:00","og_image":[{"width":1400,"height":1400,"url":"https:\/\/padelzoco.es\/wp-content\/uploads\/2025\/05\/Gudsport-Nasal-Strips-GUDSLIP-01.webp","type":"image\/webp"}],"twitter_card":"summary_large_image","twitter_misc":{"Estimated reading time":"2 minutes"},"schema":{"@context":"https:\/\/schema.org","@graph":[{"@type":"WebPage","@id":"https:\/\/padelzoco.es\/product\/gudsport-tiras-nasales-30u\/","url":"https:\/\/padelzoco.es\/product\/gudsport-tiras-nasales-30u\/","name":"Gudsport Tiras Nasales 30u - Padel Zoco","isPartOf":{"@id":"https:\/\/padelzoco.es\/#website"},"primaryImageOfPage":{"@id":"https:\/\/padelzoco.es\/product\/gudsport-tiras-nasales-30u\/#primaryimage"},"image":{"@id":"https:\/\/padelzoco.es\/product\/gudsport-tiras-nasales-30u\/#primaryimage"},"thumbnailUrl":"https:\/\/padelzoco.es\/wp-content\/uploads\/2025\/05\/Gudsport-Nasal-Strips-GUDSLIP-01.webp","datePublished":"2025-05-16T18:03:53+00:00","dateModified":"2026-02-16T10:19:25+00:00","description":"Tiras nasales deportivas GUDSLIP: mejora tu respiraci\u00f3n hasta un 30% sin medicamentos. Ideal para atletas. Paquete de 30 tiras.","breadcrumb":{"@id":"https:\/\/padelzoco.es\/product\/gudsport-tiras-nasales-30u\/#breadcrumb"},"inLanguage":"en-GB","potentialAction":[{"@type":"ReadAction","target":["https:\/\/padelzoco.es\/product\/gudsport-tiras-nasales-30u\/"]}]},{"@type":"ImageObject","inLanguage":"en-GB","@id":"https:\/\/padelzoco.es\/product\/gudsport-tiras-nasales-30u\/#primaryimage","url":"https:\/\/padelzoco.es\/wp-content\/uploads\/2025\/05\/Gudsport-Nasal-Strips-GUDSLIP-01.webp","contentUrl":"https:\/\/padelzoco.es\/wp-content\/uploads\/2025\/05\/Gudsport-Nasal-Strips-GUDSLIP-01.webp","width":1400,"height":1400,"caption":"Gudsport Nasal Strips GUDSLIP 01"},{"@type":"BreadcrumbList","@id":"https:\/\/padelzoco.es\/product\/gudsport-tiras-nasales-30u\/#breadcrumb","itemListElement":[{"@type":"ListItem","position":1,"name":"Home","item":"https:\/\/padelzoco.es\/"},{"@type":"ListItem","position":2,"name":"Padel Zoco","item":"https:\/\/padelzoco.es\/padel-zoco\/"},{"@type":"ListItem","position":3,"name":"Gudsport Tiras Nasales 30u"}]},{"@type":"WebSite","@id":"https:\/\/padelzoco.es\/#website","url":"https:\/\/padelzoco.es\/","name":"Padel Zoco","description":"Padel Zoco | Spain","publisher":{"@id":"https:\/\/padelzoco.es\/#organization"},"potentialAction":[{"@type":"SearchAction","target":{"@type":"EntryPoint","urlTemplate":"https:\/\/padelzoco.es\/?s={search_term_string}"},"query-input":{"@type":"PropertyValueSpecification","valueRequired":true,"valueName":"search_term_string"}}],"inLanguage":"en-GB"},{"@type":"Organization","@id":"https:\/\/padelzoco.es\/#organization","name":"Padel Zoco","url":"https:\/\/padelzoco.es\/","logo":{"@type":"ImageObject","inLanguage":"en-GB","@id":"https:\/\/padelzoco.es\/#\/schema\/logo\/image\/","url":"https:\/\/padelzoco.es\/wp-content\/uploads\/2023\/11\/PadelZoco_Logo_black_white.webp","contentUrl":"https:\/\/padelzoco.es\/wp-content\/uploads\/2023\/11\/PadelZoco_Logo_black_white.webp","width":1500,"height":631,"caption":"Padel Zoco"},"image":{"@id":"https:\/\/padelzoco.es\/#\/schema\/logo\/image\/"}}]}},"_links":{"self":[{"href":"https:\/\/padelzoco.es\/en\/wp-json\/wp\/v2\/product\/20465","targetHints":{"allow":["GET"]}}],"collection":[{"href":"https:\/\/padelzoco.es\/en\/wp-json\/wp\/v2\/product"}],"about":[{"href":"https:\/\/padelzoco.es\/en\/wp-json\/wp\/v2\/types\/product"}],"version-history":[{"count":6,"href":"https:\/\/padelzoco.es\/en\/wp-json\/wp\/v2\/product\/20465\/revisions"}],"predecessor-version":[{"id":30087,"href":"https:\/\/padelzoco.es\/en\/wp-json\/wp\/v2\/product\/20465\/revisions\/30087"}],"wp:featuredmedia":[{"embeddable":true,"href":"https:\/\/padelzoco.es\/en\/wp-json\/wp\/v2\/media\/20469"}],"wp:attachment":[{"href":"https:\/\/padelzoco.es\/en\/wp-json\/wp\/v2\/media?parent=20465"}],"wp:term":[{"taxonomy":"product_brand","embeddable":true,"href":"https:\/\/padelzoco.es\/en\/wp-json\/wp\/v2\/product_brand?post=20465"},{"taxonomy":"product_cat","embeddable":true,"href":"https:\/\/padelzoco.es\/en\/wp-json\/wp\/v2\/product_cat?post=20465"},{"taxonomy":"product_tag","embeddable":true,"href":"https:\/\/padelzoco.es\/en\/wp-json\/wp\/v2\/product_tag?post=20465"}],"curies":[{"name":"wp","href":"https:\/\/api.w.org\/{rel}","templated":true}]}}