{"id":20980,"date":"2025-05-29T09:53:50","date_gmt":"2025-05-29T08:53:50","guid":{"rendered":"https:\/\/adc06f55e9.nxcli.io\/?post_type=product&#038;p=20980"},"modified":"2026-02-16T11:11:22","modified_gmt":"2026-02-16T10:11:22","slug":"pala-padel-babolat-x-lamborghini-bl002-black","status":"publish","type":"product","link":"https:\/\/padelzoco.es\/en\/product\/pala-padel-babolat-x-lamborghini-bl002-black\/","title":{"rendered":"Pala Padel Babolat X Lamborghini BL002 Black"},"content":{"rendered":"<p data-start=\"177\" data-end=\"640\">Cuando <strong data-start=\"184\" data-end=\"216\">Babolat se une a Lamborghini<\/strong>, el <strong data-start=\"221\" data-end=\"264\">rendimiento alcanza una nueva dimensi\u00f3n<\/strong>. La <strong data-start=\"269\" data-end=\"306\">BABOLAT x Lamborghini BL002 Black<\/strong> es una <strong data-start=\"314\" data-end=\"331\">pala insignia<\/strong>, fruto de la colaboraci\u00f3n entre dos marcas reconocidas por su <strong data-start=\"394\" data-end=\"408\">innovaci\u00f3n<\/strong> and <strong data-start=\"411\" data-end=\"425\">excelencia<\/strong>. Dise\u00f1ada para jugadores <strong data-start=\"451\" data-end=\"479\">avanzados y competitivos<\/strong>, esta pala ofrece una combinaci\u00f3n \u00fanica de <strong data-start=\"523\" data-end=\"544\">precisi\u00f3n t\u00e9cnica<\/strong>, <strong data-start=\"546\" data-end=\"568\">potencia explosiva<\/strong> y un <strong data-start=\"574\" data-end=\"596\">dise\u00f1o sofisticado<\/strong>, para una experiencia de p\u00e1del inigualable.<\/p>\n<p data-start=\"642\" data-end=\"682\"><strong data-start=\"642\" data-end=\"682\">Key Technologies and Features<\/strong><\/p>\n<ul data-start=\"684\" data-end=\"1622\">\n<li data-start=\"684\" data-end=\"814\">\n<p data-start=\"686\" data-end=\"814\"><strong data-start=\"686\" data-end=\"716\">Forma de cabeza isom\u00e9trica<\/strong>: Ampl\u00eda el <strong data-start=\"728\" data-end=\"743\">punto dulce<\/strong> para un <strong data-start=\"752\" data-end=\"775\">control excepcional<\/strong> and <strong data-start=\"778\" data-end=\"797\">precisi\u00f3n total<\/strong> en cada golpe.<\/p>\n<\/li>\n<li data-start=\"815\" data-end=\"973\">\n<p data-start=\"817\" data-end=\"973\"><strong data-start=\"817\" data-end=\"849\">Twistweight Stability System<\/strong>: Redistribuye el peso en los laterales para una <strong data-start=\"898\" data-end=\"922\">estabilidad superior<\/strong> y mejor <strong data-start=\"931\" data-end=\"957\">control de trayectoria<\/strong> bajo presi\u00f3n.<\/p>\n<\/li>\n<li data-start=\"974\" data-end=\"1170\">\n<p data-start=\"976\" data-end=\"1170\"><strong data-start=\"976\" data-end=\"1012\">Power On Demand Technology (POD)<\/strong>: Combina espuma r\u00edgida <strong data-start=\"1036\" data-end=\"1048\">Koridion<\/strong> y una superficie de <strong data-start=\"1069\" data-end=\"1083\">carbono 3K<\/strong> de alta reactividad para generar una <strong data-start=\"1121\" data-end=\"1143\">potencia explosiva<\/strong> cuando m\u00e1s la necesitas.<\/p>\n<\/li>\n<li data-start=\"1171\" data-end=\"1351\">\n<p data-start=\"1173\" data-end=\"1351\"><strong data-start=\"1173\" data-end=\"1209\">TopSheet Termopl\u00e1stico (ABS\/TPU)<\/strong>: Capa exterior duradera desarrollada por el <strong data-start=\"1254\" data-end=\"1278\">Babolat Padel Studio<\/strong> en Espa\u00f1a, que mejora la <strong data-start=\"1304\" data-end=\"1329\">absorci\u00f3n de impactos<\/strong> y la <strong data-start=\"1335\" data-end=\"1348\">comodidad<\/strong>.<\/p>\n<\/li>\n<li data-start=\"1352\" data-end=\"1511\">\n<p data-start=\"1354\" data-end=\"1511\"><strong data-start=\"1354\" data-end=\"1390\">TPS (Thermoformed Padel Surface)<\/strong>: Superficie termoformada que garantiza un <strong data-start=\"1433\" data-end=\"1452\">contacto fluido<\/strong> con la bola, incluso en intercambios de alta intensidad.<\/p>\n<\/li>\n<li data-start=\"1512\" data-end=\"1622\">\n<p data-start=\"1514\" data-end=\"1622\"><strong data-start=\"1514\" data-end=\"1537\">Ventanas reforzadas<\/strong>: Mejoran la <strong data-start=\"1550\" data-end=\"1577\">resistencia estructural<\/strong> y aumentan la <strong data-start=\"1592\" data-end=\"1605\">precisi\u00f3n<\/strong> and <strong data-start=\"1608\" data-end=\"1621\">respuesta<\/strong>.<\/p>\n<\/li>\n<\/ul>\n<p data-start=\"1624\" data-end=\"1894\"><strong data-start=\"1624\" data-end=\"1643\">\u00bfPara qui\u00e9n es?<\/strong><br data-start=\"1643\" data-end=\"1646\" \/>La <strong data-start=\"1649\" data-end=\"1658\">BL002<\/strong> est\u00e1 pensada para jugadores de <strong data-start=\"1690\" data-end=\"1722\">nivel avanzado a profesional<\/strong> que exigen <strong data-start=\"1734\" data-end=\"1751\">control \u00e9lite<\/strong>, <strong data-start=\"1753\" data-end=\"1766\">comodidad<\/strong> and <strong data-start=\"1769\" data-end=\"1790\">potencia ganadora<\/strong>. Ideal para quienes juegan con estrategia, construyen puntos con inteligencia y los cierran con fuerza.<\/p>\n<p data-start=\"1896\" data-end=\"1925\"><strong data-start=\"1896\" data-end=\"1925\">\u00bfPor qu\u00e9 elegir la BL002?<\/strong><\/p>\n<ul data-start=\"1927\" data-end=\"2190\">\n<li data-start=\"1927\" data-end=\"1999\">\n<p data-start=\"1929\" data-end=\"1999\"><strong data-start=\"1929\" data-end=\"1974\">Control, potencia y confort de alto nivel<\/strong> en un dise\u00f1o exclusivo<\/p>\n<\/li>\n<li data-start=\"2000\" data-end=\"2055\">\n<p data-start=\"2002\" data-end=\"2055\">Fabricada en Espa\u00f1a por el <strong data-start=\"2029\" data-end=\"2053\">Babolat Padel Studio<\/strong><\/p>\n<\/li>\n<li data-start=\"2056\" data-end=\"2140\">\n<p data-start=\"2058\" data-end=\"2140\">Una colaboraci\u00f3n entre dos <strong data-start=\"2085\" data-end=\"2111\">iconos del rendimiento<\/strong>: <strong data-start=\"2113\" data-end=\"2138\">Babolat y Lamborghini<\/strong><\/p>\n<\/li>\n<li data-start=\"2141\" data-end=\"2190\">\n<p data-start=\"2143\" data-end=\"2190\"><strong data-start=\"2143\" data-end=\"2163\">Edici\u00f3n limitada<\/strong> con tecnolog\u00edas exclusivas<\/p>\n<\/li>\n<\/ul>","protected":false},"excerpt":{"rendered":"<p data-start=\"0\" data-end=\"333\"><strong>BABOLAT x Lamborghini BL002<\/strong>: pala de edici\u00f3n limitada con potencia POD, control isom\u00e9trico y dise\u00f1o premium para jugadores avanzados y profesionales.<\/p>","protected":false},"featured_media":20986,"template":"","meta":[],"product_brand":[],"product_cat":[817,583,587,589,581,573,590,579,572,586,588,15],"product_tag":[],"class_list":{"0":"post-20980","1":"product","2":"type-product","3":"status-publish","4":"has-post-thumbnail","6":"product_cat-babolat-palas","7":"product_cat-forma-palas","8":"product_cat-hibrida-palas","9":"product_cat-hombre-palas","10":"product_cat-intermedio-palas","11":"product_cat-marcas-palas","12":"product_cat-mujer-palas","13":"product_cat-nivel-palas","14":"product_cat-palas","15":"product_cat-redonda-palas","16":"product_cat-tipo-de-jugador-palas","17":"product_cat-uncategorized","18":"pa_brand-babolat","20":"first","21":"outofstock","22":"taxable","23":"shipping-taxable","24":"purchasable","25":"product-type-simple"},"yoast_head":"<!-- This site is optimized with the Yoast SEO plugin v27.3 - https:\/\/yoast.com\/product\/yoast-seo-wordpress\/ -->\n<title>Pala Padel Babolat X Lamborghini BL002 Black - Padel Zoco<\/title>\n<meta name=\"description\" content=\"BABOLAT x Lamborghini BL002: pala de alto rendimiento para jugadores exigentes. Potencia explosiva, control total y dise\u00f1o exclusivo desarrollado en Espa\u00f1a.\" \/>\n<meta name=\"robots\" content=\"index, follow, max-snippet:-1, max-image-preview:large, max-video-preview:-1\" \/>\n<link rel=\"canonical\" href=\"https:\/\/padelzoco.es\/en\/product\/pala-padel-babolat-x-lamborghini-bl002-black\/\" \/>\n<meta property=\"og:locale\" content=\"en_GB\" \/>\n<meta property=\"og:type\" content=\"article\" \/>\n<meta property=\"og:title\" content=\"Pala Padel Babolat X Lamborghini BL002 Black - Padel Zoco\" \/>\n<meta property=\"og:description\" content=\"BABOLAT x Lamborghini BL002: pala de alto rendimiento para jugadores exigentes. Potencia explosiva, control total y dise\u00f1o exclusivo desarrollado en Espa\u00f1a.\" \/>\n<meta property=\"og:url\" content=\"https:\/\/padelzoco.es\/en\/product\/pala-padel-babolat-x-lamborghini-bl002-black\/\" \/>\n<meta property=\"og:site_name\" content=\"Padel Zoco\" \/>\n<meta property=\"article:modified_time\" content=\"2026-02-16T10:11:22+00:00\" \/>\n<meta property=\"og:image\" content=\"https:\/\/padelzoco.es\/wp-content\/uploads\/2025\/05\/BABOLAT-X-Lamborghini-BL002-Black-Padel-Racket-01.webp\" \/>\n\t<meta property=\"og:image:width\" content=\"1400\" \/>\n\t<meta property=\"og:image:height\" content=\"1400\" \/>\n\t<meta property=\"og:image:type\" content=\"image\/webp\" \/>\n<meta name=\"twitter:card\" content=\"summary_large_image\" \/>\n<meta name=\"twitter:label1\" content=\"Estimated reading time\" \/>\n\t<meta name=\"twitter:data1\" content=\"2 minutes\" \/>\n<script type=\"application\/ld+json\" class=\"yoast-schema-graph\">{\"@context\":\"https:\\\/\\\/schema.org\",\"@graph\":[{\"@type\":\"WebPage\",\"@id\":\"https:\\\/\\\/padelzoco.es\\\/product\\\/pala-padel-babolat-x-lamborghini-bl002-black\\\/\",\"url\":\"https:\\\/\\\/padelzoco.es\\\/product\\\/pala-padel-babolat-x-lamborghini-bl002-black\\\/\",\"name\":\"Pala Padel Babolat X Lamborghini BL002 Black - Padel Zoco\",\"isPartOf\":{\"@id\":\"https:\\\/\\\/padelzoco.es\\\/#website\"},\"primaryImageOfPage\":{\"@id\":\"https:\\\/\\\/padelzoco.es\\\/product\\\/pala-padel-babolat-x-lamborghini-bl002-black\\\/#primaryimage\"},\"image\":{\"@id\":\"https:\\\/\\\/padelzoco.es\\\/product\\\/pala-padel-babolat-x-lamborghini-bl002-black\\\/#primaryimage\"},\"thumbnailUrl\":\"https:\\\/\\\/padelzoco.es\\\/wp-content\\\/uploads\\\/2025\\\/05\\\/BABOLAT-X-Lamborghini-BL002-Black-Padel-Racket-01.webp\",\"datePublished\":\"2025-05-29T08:53:50+00:00\",\"dateModified\":\"2026-02-16T10:11:22+00:00\",\"description\":\"BABOLAT x Lamborghini BL002: pala de alto rendimiento para jugadores exigentes. Potencia explosiva, control total y dise\u00f1o exclusivo desarrollado en Espa\u00f1a.\",\"breadcrumb\":{\"@id\":\"https:\\\/\\\/padelzoco.es\\\/product\\\/pala-padel-babolat-x-lamborghini-bl002-black\\\/#breadcrumb\"},\"inLanguage\":\"en-GB\",\"potentialAction\":[{\"@type\":\"ReadAction\",\"target\":[\"https:\\\/\\\/padelzoco.es\\\/product\\\/pala-padel-babolat-x-lamborghini-bl002-black\\\/\"]}]},{\"@type\":\"ImageObject\",\"inLanguage\":\"en-GB\",\"@id\":\"https:\\\/\\\/padelzoco.es\\\/product\\\/pala-padel-babolat-x-lamborghini-bl002-black\\\/#primaryimage\",\"url\":\"https:\\\/\\\/padelzoco.es\\\/wp-content\\\/uploads\\\/2025\\\/05\\\/BABOLAT-X-Lamborghini-BL002-Black-Padel-Racket-01.webp\",\"contentUrl\":\"https:\\\/\\\/padelzoco.es\\\/wp-content\\\/uploads\\\/2025\\\/05\\\/BABOLAT-X-Lamborghini-BL002-Black-Padel-Racket-01.webp\",\"width\":1400,\"height\":1400,\"caption\":\"BABOLAT X Lamborghini BL002 Black Padel Racket 01\"},{\"@type\":\"BreadcrumbList\",\"@id\":\"https:\\\/\\\/padelzoco.es\\\/product\\\/pala-padel-babolat-x-lamborghini-bl002-black\\\/#breadcrumb\",\"itemListElement\":[{\"@type\":\"ListItem\",\"position\":1,\"name\":\"Home\",\"item\":\"https:\\\/\\\/padelzoco.es\\\/\"},{\"@type\":\"ListItem\",\"position\":2,\"name\":\"Padel Zoco\",\"item\":\"https:\\\/\\\/padelzoco.es\\\/padel-zoco\\\/\"},{\"@type\":\"ListItem\",\"position\":3,\"name\":\"Pala Padel Babolat X Lamborghini BL002 Black\"}]},{\"@type\":\"WebSite\",\"@id\":\"https:\\\/\\\/padelzoco.es\\\/#website\",\"url\":\"https:\\\/\\\/padelzoco.es\\\/\",\"name\":\"Padel Zoco\",\"description\":\"Padel Zoco | Spain\",\"publisher\":{\"@id\":\"https:\\\/\\\/padelzoco.es\\\/#organization\"},\"potentialAction\":[{\"@type\":\"SearchAction\",\"target\":{\"@type\":\"EntryPoint\",\"urlTemplate\":\"https:\\\/\\\/padelzoco.es\\\/?s={search_term_string}\"},\"query-input\":{\"@type\":\"PropertyValueSpecification\",\"valueRequired\":true,\"valueName\":\"search_term_string\"}}],\"inLanguage\":\"en-GB\"},{\"@type\":\"Organization\",\"@id\":\"https:\\\/\\\/padelzoco.es\\\/#organization\",\"name\":\"Padel Zoco\",\"url\":\"https:\\\/\\\/padelzoco.es\\\/\",\"logo\":{\"@type\":\"ImageObject\",\"inLanguage\":\"en-GB\",\"@id\":\"https:\\\/\\\/padelzoco.es\\\/#\\\/schema\\\/logo\\\/image\\\/\",\"url\":\"https:\\\/\\\/padelzoco.es\\\/wp-content\\\/uploads\\\/2023\\\/11\\\/PadelZoco_Logo_black_white.webp\",\"contentUrl\":\"https:\\\/\\\/padelzoco.es\\\/wp-content\\\/uploads\\\/2023\\\/11\\\/PadelZoco_Logo_black_white.webp\",\"width\":1500,\"height\":631,\"caption\":\"Padel Zoco\"},\"image\":{\"@id\":\"https:\\\/\\\/padelzoco.es\\\/#\\\/schema\\\/logo\\\/image\\\/\"}}]}<\/script>\n<!-- \/ Yoast SEO plugin. -->","yoast_head_json":{"title":"Pala Padel Babolat X Lamborghini BL002 Black - Padel Zoco","description":"BABOLAT x Lamborghini BL002: pala de alto rendimiento para jugadores exigentes. Potencia explosiva, control total y dise\u00f1o exclusivo desarrollado en Espa\u00f1a.","robots":{"index":"index","follow":"follow","max-snippet":"max-snippet:-1","max-image-preview":"max-image-preview:large","max-video-preview":"max-video-preview:-1"},"canonical":"https:\/\/padelzoco.es\/en\/product\/pala-padel-babolat-x-lamborghini-bl002-black\/","og_locale":"en_GB","og_type":"article","og_title":"Pala Padel Babolat X Lamborghini BL002 Black - Padel Zoco","og_description":"BABOLAT x Lamborghini BL002: pala de alto rendimiento para jugadores exigentes. Potencia explosiva, control total y dise\u00f1o exclusivo desarrollado en Espa\u00f1a.","og_url":"https:\/\/padelzoco.es\/en\/product\/pala-padel-babolat-x-lamborghini-bl002-black\/","og_site_name":"Padel Zoco","article_modified_time":"2026-02-16T10:11:22+00:00","og_image":[{"width":1400,"height":1400,"url":"https:\/\/padelzoco.es\/wp-content\/uploads\/2025\/05\/BABOLAT-X-Lamborghini-BL002-Black-Padel-Racket-01.webp","type":"image\/webp"}],"twitter_card":"summary_large_image","twitter_misc":{"Estimated reading time":"2 minutes"},"schema":{"@context":"https:\/\/schema.org","@graph":[{"@type":"WebPage","@id":"https:\/\/padelzoco.es\/product\/pala-padel-babolat-x-lamborghini-bl002-black\/","url":"https:\/\/padelzoco.es\/product\/pala-padel-babolat-x-lamborghini-bl002-black\/","name":"Pala Padel Babolat X Lamborghini BL002 Black - Padel Zoco","isPartOf":{"@id":"https:\/\/padelzoco.es\/#website"},"primaryImageOfPage":{"@id":"https:\/\/padelzoco.es\/product\/pala-padel-babolat-x-lamborghini-bl002-black\/#primaryimage"},"image":{"@id":"https:\/\/padelzoco.es\/product\/pala-padel-babolat-x-lamborghini-bl002-black\/#primaryimage"},"thumbnailUrl":"https:\/\/padelzoco.es\/wp-content\/uploads\/2025\/05\/BABOLAT-X-Lamborghini-BL002-Black-Padel-Racket-01.webp","datePublished":"2025-05-29T08:53:50+00:00","dateModified":"2026-02-16T10:11:22+00:00","description":"BABOLAT x Lamborghini BL002: pala de alto rendimiento para jugadores exigentes. Potencia explosiva, control total y dise\u00f1o exclusivo desarrollado en Espa\u00f1a.","breadcrumb":{"@id":"https:\/\/padelzoco.es\/product\/pala-padel-babolat-x-lamborghini-bl002-black\/#breadcrumb"},"inLanguage":"en-GB","potentialAction":[{"@type":"ReadAction","target":["https:\/\/padelzoco.es\/product\/pala-padel-babolat-x-lamborghini-bl002-black\/"]}]},{"@type":"ImageObject","inLanguage":"en-GB","@id":"https:\/\/padelzoco.es\/product\/pala-padel-babolat-x-lamborghini-bl002-black\/#primaryimage","url":"https:\/\/padelzoco.es\/wp-content\/uploads\/2025\/05\/BABOLAT-X-Lamborghini-BL002-Black-Padel-Racket-01.webp","contentUrl":"https:\/\/padelzoco.es\/wp-content\/uploads\/2025\/05\/BABOLAT-X-Lamborghini-BL002-Black-Padel-Racket-01.webp","width":1400,"height":1400,"caption":"BABOLAT X Lamborghini BL002 Black Padel Racket 01"},{"@type":"BreadcrumbList","@id":"https:\/\/padelzoco.es\/product\/pala-padel-babolat-x-lamborghini-bl002-black\/#breadcrumb","itemListElement":[{"@type":"ListItem","position":1,"name":"Home","item":"https:\/\/padelzoco.es\/"},{"@type":"ListItem","position":2,"name":"Padel Zoco","item":"https:\/\/padelzoco.es\/padel-zoco\/"},{"@type":"ListItem","position":3,"name":"Pala Padel Babolat X Lamborghini BL002 Black"}]},{"@type":"WebSite","@id":"https:\/\/padelzoco.es\/#website","url":"https:\/\/padelzoco.es\/","name":"Padel Zoco","description":"Padel Zoco | Spain","publisher":{"@id":"https:\/\/padelzoco.es\/#organization"},"potentialAction":[{"@type":"SearchAction","target":{"@type":"EntryPoint","urlTemplate":"https:\/\/padelzoco.es\/?s={search_term_string}"},"query-input":{"@type":"PropertyValueSpecification","valueRequired":true,"valueName":"search_term_string"}}],"inLanguage":"en-GB"},{"@type":"Organization","@id":"https:\/\/padelzoco.es\/#organization","name":"Padel Zoco","url":"https:\/\/padelzoco.es\/","logo":{"@type":"ImageObject","inLanguage":"en-GB","@id":"https:\/\/padelzoco.es\/#\/schema\/logo\/image\/","url":"https:\/\/padelzoco.es\/wp-content\/uploads\/2023\/11\/PadelZoco_Logo_black_white.webp","contentUrl":"https:\/\/padelzoco.es\/wp-content\/uploads\/2023\/11\/PadelZoco_Logo_black_white.webp","width":1500,"height":631,"caption":"Padel Zoco"},"image":{"@id":"https:\/\/padelzoco.es\/#\/schema\/logo\/image\/"}}]}},"_links":{"self":[{"href":"https:\/\/padelzoco.es\/en\/wp-json\/wp\/v2\/product\/20980","targetHints":{"allow":["GET"]}}],"collection":[{"href":"https:\/\/padelzoco.es\/en\/wp-json\/wp\/v2\/product"}],"about":[{"href":"https:\/\/padelzoco.es\/en\/wp-json\/wp\/v2\/types\/product"}],"version-history":[{"count":3,"href":"https:\/\/padelzoco.es\/en\/wp-json\/wp\/v2\/product\/20980\/revisions"}],"predecessor-version":[{"id":23488,"href":"https:\/\/padelzoco.es\/en\/wp-json\/wp\/v2\/product\/20980\/revisions\/23488"}],"wp:featuredmedia":[{"embeddable":true,"href":"https:\/\/padelzoco.es\/en\/wp-json\/wp\/v2\/media\/20986"}],"wp:attachment":[{"href":"https:\/\/padelzoco.es\/en\/wp-json\/wp\/v2\/media?parent=20980"}],"wp:term":[{"taxonomy":"product_brand","embeddable":true,"href":"https:\/\/padelzoco.es\/en\/wp-json\/wp\/v2\/product_brand?post=20980"},{"taxonomy":"product_cat","embeddable":true,"href":"https:\/\/padelzoco.es\/en\/wp-json\/wp\/v2\/product_cat?post=20980"},{"taxonomy":"product_tag","embeddable":true,"href":"https:\/\/padelzoco.es\/en\/wp-json\/wp\/v2\/product_tag?post=20980"}],"curies":[{"name":"wp","href":"https:\/\/api.w.org\/{rel}","templated":true}]}}