{"id":22195,"date":"2025-06-20T11:51:04","date_gmt":"2025-06-20T10:51:04","guid":{"rendered":"https:\/\/adc06f55e9.nxcli.io\/?post_type=product&#038;p=22195"},"modified":"2026-04-30T19:14:45","modified_gmt":"2026-04-30T18:14:45","slug":"pala-padel-wilson-bela-v3-2025","status":"publish","type":"product","link":"https:\/\/padelzoco.es\/en\/product\/pala-padel-wilson-bela-v3-2025\/","title":{"rendered":"Wilson Bela V3 2025 Padel Racket"},"content":{"rendered":"<div class=\"flex max-w-full flex-col flex-grow\">\n<div class=\"min-h-8 text-message flex w-full flex-col items-end gap-2 whitespace-normal break-words [.text-message+&amp;]:mt-5\" dir=\"auto\" data-message-author-role=\"assistant\" data-message-id=\"7df51a30-32ef-4e05-b8b0-cea78ea1ad55\" data-message-model-slug=\"gpt-4o\">\n<div class=\"flex w-full flex-col gap-1 empty:hidden first:pt-[3px]\">\n<div class=\"markdown prose w-full break-words dark:prose-invert light\">\n<p data-start=\"28\" data-end=\"408\">Toma el control del juego con la WILSON Bela V3 2025, una pala de p\u00e1del de alto rendimiento creada en colaboraci\u00f3n con Fernando Belastegu\u00edn, una leyenda del deporte. Dise\u00f1ada para jugadores avanzados que destacan por su intensidad y precisi\u00f3n, esta pala combina materiales de \u00faltima generaci\u00f3n con un dise\u00f1o innovador para ofrecer m\u00e1ximo impacto en cada golpe.<\/p>\n<p data-start=\"410\" data-end=\"598\">Ya sea atacando en la red o defendiendo con firmeza, la Bela V3 2025 ofrece el equilibrio perfecto entre potencia, efecto y control para llevar tu juego al siguiente nivel.<\/p>\n<p data-start=\"600\" data-end=\"632\"><strong data-start=\"600\" data-end=\"632\">Caracter\u00edsticas principales:<\/strong><\/p>\n<ul>\n<li data-start=\"636\" data-end=\"776\">3K Carbon Face: Superficie de carbono que proporciona una combinaci\u00f3n excepcional de potencia, sensibilidad y durabilidad.<\/li>\n<li data-start=\"779\" data-end=\"903\">Geometr\u00eda V-Bridge: Mejora la estabilidad de la pala y potencia tanto el control como el rendimiento ofensivo.<\/li>\n<li data-start=\"906\" data-end=\"1006\">Stability Channel: Aumenta la firmeza al impacto para una mayor consistencia en el golpeo.<\/li>\n<li data-start=\"1009\" data-end=\"1142\">SpinEffect Texture (Spin2 Signature): Textura en la parte superior para m\u00e1ximo efecto y un mayor \u201cmordiente\u201d sobre la bola.<\/li>\n<li data-start=\"1145\" data-end=\"1301\">Duo Grid Hole Pattern: Agujeros grandes en la parte superior para m\u00e1s potencia y peque\u00f1os en la parte inferior para mayor precisi\u00f3n defensiva.<\/li>\n<li data-start=\"1304\" data-end=\"1409\">Sharp Hole Technology: Sistema de perforado avanzado que mejora el agarre y control de la bola.<\/li>\n<li data-start=\"1412\" data-end=\"1499\">Forma de l\u00e1grima: Pensada para un juego agresivo, con un punto dulce potente.<\/li>\n<li data-start=\"1502\" data-end=\"1603\">Marco reforzado: Construido para la competici\u00f3n profesional y una durabilidad superior.<\/li>\n<li data-start=\"1606\" data-end=\"1720\">Co-dise\u00f1ada con Fernando Belastegu\u00edn: Vive la experiencia de jugar con una pala dise\u00f1ada por y para campeones.<\/li>\n<\/ul>\n<p data-start=\"1722\" data-end=\"1870\">Si eres un jugador ofensivo que busca dominar cada punto, la Wilson Bela V3 2025 te da la ventaja necesaria para competir al m\u00e1s alto nivel.<\/p>\n<\/div>\n<\/div>\n<\/div>\n<\/div>\n","protected":false},"excerpt":{"rendered":"<p data-start=\"245\" data-end=\"535\">The Wilson Bela V3 2025 offers power, spin, and control with elite technology and a professional design. Ideal for aggressive players looking to dominate the game.<\/p>","protected":false},"featured_media":22198,"template":"","meta":[],"product_brand":[],"product_cat":[582,587,589,581,572,699,576],"product_tag":[],"class_list":{"0":"post-22195","1":"product","2":"type-product","3":"status-publish","4":"has-post-thumbnail","6":"product_cat-avanzado-palas","7":"product_cat-hibrida-palas","8":"product_cat-hombre-palas","9":"product_cat-intermedio-palas","10":"product_cat-palas","11":"product_cat-wilson-padel","12":"product_cat-wilson-palas","13":"pa_brand-wilson","14":"pa_gender-hombre","15":"pa_hs_code-134","17":"first","18":"instock","19":"sale","20":"taxable","21":"shipping-taxable","22":"purchasable","23":"product-type-simple"},"yoast_head":"<!-- This site is optimized with the Yoast SEO plugin v27.5 - https:\/\/yoast.com\/product\/yoast-seo-wordpress\/ -->\n<title>Pala Padel Wilson Bela V3 2025 - Padel Zoco<\/title>\n<meta name=\"description\" content=\"Descubre la pala de p\u00e1del Wilson Bela V3 2025, creada con Fernando Belastegu\u00edn. Potencia, efecto y precisi\u00f3n para dominar cada punto como un campe\u00f3n.\" \/>\n<meta name=\"robots\" content=\"index, follow, max-snippet:-1, max-image-preview:large, max-video-preview:-1\" \/>\n<link rel=\"canonical\" href=\"https:\/\/padelzoco.es\/en\/product\/pala-padel-wilson-bela-v3-2025\/\" \/>\n<meta property=\"og:locale\" content=\"en_GB\" \/>\n<meta property=\"og:type\" content=\"article\" \/>\n<meta property=\"og:title\" content=\"Pala Padel Wilson Bela V3 2025 - Padel Zoco\" \/>\n<meta property=\"og:description\" content=\"Descubre la pala de p\u00e1del Wilson Bela V3 2025, creada con Fernando Belastegu\u00edn. Potencia, efecto y precisi\u00f3n para dominar cada punto como un campe\u00f3n.\" \/>\n<meta property=\"og:url\" content=\"https:\/\/padelzoco.es\/en\/product\/pala-padel-wilson-bela-v3-2025\/\" \/>\n<meta property=\"og:site_name\" content=\"Padel Zoco\" \/>\n<meta property=\"article:modified_time\" content=\"2026-04-30T18:14:45+00:00\" \/>\n<meta property=\"og:image\" content=\"https:\/\/padelzoco.es\/wp-content\/uploads\/2025\/06\/WILSON-Bela-V3-2025-Fernando-Belasteguin-07.webp\" \/>\n\t<meta property=\"og:image:width\" content=\"1400\" \/>\n\t<meta property=\"og:image:height\" content=\"1400\" \/>\n\t<meta property=\"og:image:type\" content=\"image\/webp\" \/>\n<meta name=\"twitter:card\" content=\"summary_large_image\" \/>\n<meta name=\"twitter:label1\" content=\"Estimated reading time\" \/>\n\t<meta name=\"twitter:data1\" content=\"2 minutes\" \/>\n<script type=\"application\/ld+json\" class=\"yoast-schema-graph\">{\"@context\":\"https:\\\/\\\/schema.org\",\"@graph\":[{\"@type\":\"WebPage\",\"@id\":\"https:\\\/\\\/padelzoco.es\\\/product\\\/pala-padel-wilson-bela-v3-2025\\\/\",\"url\":\"https:\\\/\\\/padelzoco.es\\\/product\\\/pala-padel-wilson-bela-v3-2025\\\/\",\"name\":\"Pala Padel Wilson Bela V3 2025 - Padel Zoco\",\"isPartOf\":{\"@id\":\"https:\\\/\\\/padelzoco.es\\\/#website\"},\"primaryImageOfPage\":{\"@id\":\"https:\\\/\\\/padelzoco.es\\\/product\\\/pala-padel-wilson-bela-v3-2025\\\/#primaryimage\"},\"image\":{\"@id\":\"https:\\\/\\\/padelzoco.es\\\/product\\\/pala-padel-wilson-bela-v3-2025\\\/#primaryimage\"},\"thumbnailUrl\":\"https:\\\/\\\/padelzoco.es\\\/wp-content\\\/uploads\\\/2025\\\/06\\\/WILSON-Bela-V3-2025-Fernando-Belasteguin-07.webp\",\"datePublished\":\"2025-06-20T10:51:04+00:00\",\"dateModified\":\"2026-04-30T18:14:45+00:00\",\"description\":\"Descubre la pala de p\u00e1del Wilson Bela V3 2025, creada con Fernando Belastegu\u00edn. Potencia, efecto y precisi\u00f3n para dominar cada punto como un campe\u00f3n.\",\"breadcrumb\":{\"@id\":\"https:\\\/\\\/padelzoco.es\\\/product\\\/pala-padel-wilson-bela-v3-2025\\\/#breadcrumb\"},\"inLanguage\":\"en-GB\",\"potentialAction\":[{\"@type\":\"ReadAction\",\"target\":[\"https:\\\/\\\/padelzoco.es\\\/product\\\/pala-padel-wilson-bela-v3-2025\\\/\"]}]},{\"@type\":\"ImageObject\",\"inLanguage\":\"en-GB\",\"@id\":\"https:\\\/\\\/padelzoco.es\\\/product\\\/pala-padel-wilson-bela-v3-2025\\\/#primaryimage\",\"url\":\"https:\\\/\\\/padelzoco.es\\\/wp-content\\\/uploads\\\/2025\\\/06\\\/WILSON-Bela-V3-2025-Fernando-Belasteguin-07.webp\",\"contentUrl\":\"https:\\\/\\\/padelzoco.es\\\/wp-content\\\/uploads\\\/2025\\\/06\\\/WILSON-Bela-V3-2025-Fernando-Belasteguin-07.webp\",\"width\":1400,\"height\":1400,\"caption\":\"WILSON Bela V3 2025 Fernando Belasteguin 07\"},{\"@type\":\"BreadcrumbList\",\"@id\":\"https:\\\/\\\/padelzoco.es\\\/product\\\/pala-padel-wilson-bela-v3-2025\\\/#breadcrumb\",\"itemListElement\":[{\"@type\":\"ListItem\",\"position\":1,\"name\":\"Home\",\"item\":\"https:\\\/\\\/padelzoco.es\\\/\"},{\"@type\":\"ListItem\",\"position\":2,\"name\":\"Padel Zoco\",\"item\":\"https:\\\/\\\/padelzoco.es\\\/padel-zoco\\\/\"},{\"@type\":\"ListItem\",\"position\":3,\"name\":\"Pala Padel Wilson Bela V3 2025\"}]},{\"@type\":\"WebSite\",\"@id\":\"https:\\\/\\\/padelzoco.es\\\/#website\",\"url\":\"https:\\\/\\\/padelzoco.es\\\/\",\"name\":\"Padel Zoco\",\"description\":\"Padel Zoco | Spain\",\"publisher\":{\"@id\":\"https:\\\/\\\/padelzoco.es\\\/#organization\"},\"potentialAction\":[{\"@type\":\"SearchAction\",\"target\":{\"@type\":\"EntryPoint\",\"urlTemplate\":\"https:\\\/\\\/padelzoco.es\\\/?s={search_term_string}\"},\"query-input\":{\"@type\":\"PropertyValueSpecification\",\"valueRequired\":true,\"valueName\":\"search_term_string\"}}],\"inLanguage\":\"en-GB\"},{\"@type\":\"Organization\",\"@id\":\"https:\\\/\\\/padelzoco.es\\\/#organization\",\"name\":\"Padel Zoco\",\"url\":\"https:\\\/\\\/padelzoco.es\\\/\",\"logo\":{\"@type\":\"ImageObject\",\"inLanguage\":\"en-GB\",\"@id\":\"https:\\\/\\\/padelzoco.es\\\/#\\\/schema\\\/logo\\\/image\\\/\",\"url\":\"https:\\\/\\\/padelzoco.es\\\/wp-content\\\/uploads\\\/2023\\\/11\\\/PadelZoco_Logo_black_white.webp\",\"contentUrl\":\"https:\\\/\\\/padelzoco.es\\\/wp-content\\\/uploads\\\/2023\\\/11\\\/PadelZoco_Logo_black_white.webp\",\"width\":1500,\"height\":631,\"caption\":\"Padel Zoco\"},\"image\":{\"@id\":\"https:\\\/\\\/padelzoco.es\\\/#\\\/schema\\\/logo\\\/image\\\/\"}}]}<\/script>\n<!-- \/ Yoast SEO plugin. -->","yoast_head_json":{"title":"Pala Padel Wilson Bela V3 2025 - Padel Zoco","description":"Descubre la pala de p\u00e1del Wilson Bela V3 2025, creada con Fernando Belastegu\u00edn. Potencia, efecto y precisi\u00f3n para dominar cada punto como un campe\u00f3n.","robots":{"index":"index","follow":"follow","max-snippet":"max-snippet:-1","max-image-preview":"max-image-preview:large","max-video-preview":"max-video-preview:-1"},"canonical":"https:\/\/padelzoco.es\/en\/product\/pala-padel-wilson-bela-v3-2025\/","og_locale":"en_GB","og_type":"article","og_title":"Pala Padel Wilson Bela V3 2025 - Padel Zoco","og_description":"Descubre la pala de p\u00e1del Wilson Bela V3 2025, creada con Fernando Belastegu\u00edn. Potencia, efecto y precisi\u00f3n para dominar cada punto como un campe\u00f3n.","og_url":"https:\/\/padelzoco.es\/en\/product\/pala-padel-wilson-bela-v3-2025\/","og_site_name":"Padel Zoco","article_modified_time":"2026-04-30T18:14:45+00:00","og_image":[{"width":1400,"height":1400,"url":"https:\/\/padelzoco.es\/wp-content\/uploads\/2025\/06\/WILSON-Bela-V3-2025-Fernando-Belasteguin-07.webp","type":"image\/webp"}],"twitter_card":"summary_large_image","twitter_misc":{"Estimated reading time":"2 minutes"},"schema":{"@context":"https:\/\/schema.org","@graph":[{"@type":"WebPage","@id":"https:\/\/padelzoco.es\/product\/pala-padel-wilson-bela-v3-2025\/","url":"https:\/\/padelzoco.es\/product\/pala-padel-wilson-bela-v3-2025\/","name":"Pala Padel Wilson Bela V3 2025 - Padel Zoco","isPartOf":{"@id":"https:\/\/padelzoco.es\/#website"},"primaryImageOfPage":{"@id":"https:\/\/padelzoco.es\/product\/pala-padel-wilson-bela-v3-2025\/#primaryimage"},"image":{"@id":"https:\/\/padelzoco.es\/product\/pala-padel-wilson-bela-v3-2025\/#primaryimage"},"thumbnailUrl":"https:\/\/padelzoco.es\/wp-content\/uploads\/2025\/06\/WILSON-Bela-V3-2025-Fernando-Belasteguin-07.webp","datePublished":"2025-06-20T10:51:04+00:00","dateModified":"2026-04-30T18:14:45+00:00","description":"Descubre la pala de p\u00e1del Wilson Bela V3 2025, creada con Fernando Belastegu\u00edn. Potencia, efecto y precisi\u00f3n para dominar cada punto como un campe\u00f3n.","breadcrumb":{"@id":"https:\/\/padelzoco.es\/product\/pala-padel-wilson-bela-v3-2025\/#breadcrumb"},"inLanguage":"en-GB","potentialAction":[{"@type":"ReadAction","target":["https:\/\/padelzoco.es\/product\/pala-padel-wilson-bela-v3-2025\/"]}]},{"@type":"ImageObject","inLanguage":"en-GB","@id":"https:\/\/padelzoco.es\/product\/pala-padel-wilson-bela-v3-2025\/#primaryimage","url":"https:\/\/padelzoco.es\/wp-content\/uploads\/2025\/06\/WILSON-Bela-V3-2025-Fernando-Belasteguin-07.webp","contentUrl":"https:\/\/padelzoco.es\/wp-content\/uploads\/2025\/06\/WILSON-Bela-V3-2025-Fernando-Belasteguin-07.webp","width":1400,"height":1400,"caption":"WILSON Bela V3 2025 Fernando Belasteguin 07"},{"@type":"BreadcrumbList","@id":"https:\/\/padelzoco.es\/product\/pala-padel-wilson-bela-v3-2025\/#breadcrumb","itemListElement":[{"@type":"ListItem","position":1,"name":"Home","item":"https:\/\/padelzoco.es\/"},{"@type":"ListItem","position":2,"name":"Padel Zoco","item":"https:\/\/padelzoco.es\/padel-zoco\/"},{"@type":"ListItem","position":3,"name":"Pala Padel Wilson Bela V3 2025"}]},{"@type":"WebSite","@id":"https:\/\/padelzoco.es\/#website","url":"https:\/\/padelzoco.es\/","name":"Padel Zoco","description":"Padel Zoco | Spain","publisher":{"@id":"https:\/\/padelzoco.es\/#organization"},"potentialAction":[{"@type":"SearchAction","target":{"@type":"EntryPoint","urlTemplate":"https:\/\/padelzoco.es\/?s={search_term_string}"},"query-input":{"@type":"PropertyValueSpecification","valueRequired":true,"valueName":"search_term_string"}}],"inLanguage":"en-GB"},{"@type":"Organization","@id":"https:\/\/padelzoco.es\/#organization","name":"Padel Zoco","url":"https:\/\/padelzoco.es\/","logo":{"@type":"ImageObject","inLanguage":"en-GB","@id":"https:\/\/padelzoco.es\/#\/schema\/logo\/image\/","url":"https:\/\/padelzoco.es\/wp-content\/uploads\/2023\/11\/PadelZoco_Logo_black_white.webp","contentUrl":"https:\/\/padelzoco.es\/wp-content\/uploads\/2023\/11\/PadelZoco_Logo_black_white.webp","width":1500,"height":631,"caption":"Padel Zoco"},"image":{"@id":"https:\/\/padelzoco.es\/#\/schema\/logo\/image\/"}}]}},"_links":{"self":[{"href":"https:\/\/padelzoco.es\/en\/wp-json\/wp\/v2\/product\/22195","targetHints":{"allow":["GET"]}}],"collection":[{"href":"https:\/\/padelzoco.es\/en\/wp-json\/wp\/v2\/product"}],"about":[{"href":"https:\/\/padelzoco.es\/en\/wp-json\/wp\/v2\/types\/product"}],"version-history":[{"count":5,"href":"https:\/\/padelzoco.es\/en\/wp-json\/wp\/v2\/product\/22195\/revisions"}],"predecessor-version":[{"id":29323,"href":"https:\/\/padelzoco.es\/en\/wp-json\/wp\/v2\/product\/22195\/revisions\/29323"}],"wp:featuredmedia":[{"embeddable":true,"href":"https:\/\/padelzoco.es\/en\/wp-json\/wp\/v2\/media\/22198"}],"wp:attachment":[{"href":"https:\/\/padelzoco.es\/en\/wp-json\/wp\/v2\/media?parent=22195"}],"wp:term":[{"taxonomy":"product_brand","embeddable":true,"href":"https:\/\/padelzoco.es\/en\/wp-json\/wp\/v2\/product_brand?post=22195"},{"taxonomy":"product_cat","embeddable":true,"href":"https:\/\/padelzoco.es\/en\/wp-json\/wp\/v2\/product_cat?post=22195"},{"taxonomy":"product_tag","embeddable":true,"href":"https:\/\/padelzoco.es\/en\/wp-json\/wp\/v2\/product_tag?post=22195"}],"curies":[{"name":"wp","href":"https:\/\/api.w.org\/{rel}","templated":true}]}}