{"id":22230,"date":"2025-06-21T11:34:06","date_gmt":"2025-06-21T10:34:06","guid":{"rendered":"https:\/\/adc06f55e9.nxcli.io\/?post_type=product&#038;p=22230"},"modified":"2026-04-30T19:14:45","modified_gmt":"2026-04-30T18:14:45","slug":"pala-padel-wilson-bela-ls-v3-2025","status":"publish","type":"product","link":"https:\/\/padelzoco.es\/en\/product\/pala-padel-wilson-bela-ls-v3-2025\/","title":{"rendered":"Wilson Bela LS V3 2025 Padel Racket"},"content":{"rendered":"<div class=\"flex max-w-full flex-col flex-grow\">\n<div class=\"min-h-8 text-message flex w-full flex-col items-end gap-2 whitespace-normal break-words [.text-message+&amp;]:mt-5\" dir=\"auto\" data-message-author-role=\"assistant\" data-message-id=\"7df51a30-32ef-4e05-b8b0-cea78ea1ad55\" data-message-model-slug=\"gpt-4o\">\n<div class=\"flex w-full flex-col gap-1 empty:hidden first:pt-[3px]\">\n<div class=\"markdown prose w-full break-words dark:prose-invert light\">\n<div class=\"flex max-w-full flex-col flex-grow\">\n<div class=\"min-h-8 text-message flex w-full flex-col items-end gap-2 whitespace-normal break-words [.text-message+&amp;]:mt-5\" dir=\"auto\" data-message-author-role=\"assistant\" data-message-id=\"7df51a30-32ef-4e05-b8b0-cea78ea1ad55\" data-message-model-slug=\"gpt-4o\">\n<div class=\"flex w-full flex-col gap-1 empty:hidden first:pt-[3px]\">\n<div class=\"markdown prose w-full break-words dark:prose-invert light\">\n<div class=\"flex max-w-full flex-col flex-grow\">\n<div class=\"min-h-8 text-message flex w-full flex-col items-end gap-2 whitespace-normal break-words [.text-message+&amp;]:mt-5\" dir=\"auto\" data-message-author-role=\"assistant\" data-message-id=\"7df51a30-32ef-4e05-b8b0-cea78ea1ad55\" data-message-model-slug=\"gpt-4o\">\n<div class=\"flex w-full flex-col gap-1 empty:hidden first:pt-[3px]\">\n<div class=\"markdown prose w-full break-words dark:prose-invert light\">\n<div class=\"flex max-w-full flex-col flex-grow\">\n<div class=\"min-h-8 text-message flex w-full flex-col items-end gap-2 whitespace-normal break-words [.text-message+&amp;]:mt-5\" dir=\"auto\" data-message-author-role=\"assistant\" data-message-id=\"7df51a30-32ef-4e05-b8b0-cea78ea1ad55\" data-message-model-slug=\"gpt-4o\">\n<div class=\"flex w-full flex-col gap-1 empty:hidden first:pt-[3px]\">\n<div class=\"markdown prose w-full break-words dark:prose-invert light\">\n<p data-start=\"28\" data-end=\"327\">Creada en colaboraci\u00f3n con el \u00edcono del p\u00e1del Fernando Belastegu\u00edn, la WILSON Bela LS V3 2025 es la pala m\u00e1s ligera de la colecci\u00f3n Bela, pensada para jugadores que priorizan la velocidad, la maniobrabilidad y un juego m\u00e1s amigable con el brazo, sin renunciar al rendimiento.<\/p>\n<p data-start=\"329\" data-end=\"852\">Ideal para jugadores de nivel intermedio a avanzado, esta pala incorpora un n\u00facleo de goma EVA blanda que ofrece una excelente absorci\u00f3n de impactos y confort, junto con una cara de fibra de carbono tejida que proporciona potencia controlada en cada golpe. El exclusivo patr\u00f3n de agujeros DuoGrid mejora el punto dulce y ofrece un equilibrio ideal entre juego ofensivo y defensivo. Adem\u00e1s, la textura SpinEffect permite generar golpes con efecto desde cualquier zona de la pista con total confianza.<\/p>\n<p data-start=\"854\" data-end=\"886\"><strong data-start=\"854\" data-end=\"886\">Caracter\u00edsticas principales:<\/strong><\/p>\n<ul>\n<li data-start=\"890\" data-end=\"999\">Dise\u00f1o ultraligero: La pala m\u00e1s maniobrable de la l\u00ednea Bela, perfecta para un juego r\u00e1pido y reactivo.<\/li>\n<li data-start=\"1002\" data-end=\"1105\">Cara de fibra de carbono tejida: Proporciona potencia s\u00f3lida sin sacrificar comodidad ni control.<\/li>\n<li data-start=\"1108\" data-end=\"1213\">N\u00facleo de goma EVA blanda: Absorbe vibraciones, reduce la fatiga del brazo y mejora la jugabilidad.<\/li>\n<li data-start=\"1216\" data-end=\"1337\">Patr\u00f3n de agujeros DuoGrid: Taladrado optimizado que ofrece potencia en la parte superior y control en la inferior.<\/li>\n<li data-start=\"1340\" data-end=\"1450\">Textura SpinEffect: Superficie de doble densidad que aporta mayor agarre y efecto en cada golpe.<\/li>\n<li data-start=\"1453\" data-end=\"1562\">Tecnolog\u00eda Sharp Hole: Mejora la precisi\u00f3n y el contacto con la bola mediante perforaci\u00f3n avanzada.<\/li>\n<li data-start=\"1565\" data-end=\"1656\">Grip Shock Shield: Combina adherencia y amortiguaci\u00f3n para un agarre c\u00f3modo y seguro.<\/li>\n<li data-start=\"1659\" data-end=\"1749\">Correa de mu\u00f1eca integrada: Seguridad y confianza en los intercambios m\u00e1s exigentes.<\/li>\n<li data-start=\"1752\" data-end=\"1861\">Refuerzos en el marco y protector transparente: M\u00e1s durabilidad para un rendimiento \u00f3ptimo a largo plazo.<\/li>\n<\/ul>\n<p data-start=\"1863\" data-end=\"2037\">Si buscas una pala ligera y de alto rendimiento que combine comodidad, efecto y reacci\u00f3n r\u00e1pida, la Wilson Bela LS V3 2025 es tu compa\u00f1era ideal en la pista.<\/p>\n<\/div>\n<\/div>\n<\/div>\n<\/div>\n<\/div>\n<\/div>\n<\/div>\n<\/div>\n<\/div>\n<\/div>\n<\/div>\n<\/div>\n<\/div>\n<\/div>\n<\/div>\n<\/div>\n","protected":false},"excerpt":{"rendered":"<p data-start=\"245\" data-end=\"535\">Wilson Bela LS V3 2025, the lightest racket in the range: controlled power, comfort and maximum maneuverability for technical and intense players.<\/p>","protected":false},"featured_media":22231,"template":"","meta":[],"product_brand":[],"product_cat":[582,587,589,581,590,572,580,699,576],"product_tag":[],"class_list":{"0":"post-22230","1":"product","2":"type-product","3":"status-publish","4":"has-post-thumbnail","6":"product_cat-avanzado-palas","7":"product_cat-hibrida-palas","8":"product_cat-hombre-palas","9":"product_cat-intermedio-palas","10":"product_cat-mujer-palas","11":"product_cat-palas","12":"product_cat-principiante-palas","13":"product_cat-wilson-padel","14":"product_cat-wilson-palas","15":"pa_brand-wilson","16":"pa_gender-hombre","17":"pa_hs_code-134","19":"first","20":"instock","21":"sale","22":"taxable","23":"shipping-taxable","24":"purchasable","25":"product-type-simple"},"yoast_head":"<!-- This site is optimized with the Yoast SEO plugin v27.5 - https:\/\/yoast.com\/product\/yoast-seo-wordpress\/ -->\n<title>Pala Padel Wilson Bela LS V3 2025 - Padel Zoco<\/title>\n<meta name=\"description\" content=\"Wilson Bela LS V3 2025: pala ultraligera y c\u00f3moda, con gran efecto y control. Dise\u00f1ada junto a Fernando Belastegu\u00edn para un juego r\u00e1pido y preciso.\" \/>\n<meta name=\"robots\" content=\"index, follow, max-snippet:-1, max-image-preview:large, max-video-preview:-1\" \/>\n<link rel=\"canonical\" href=\"https:\/\/padelzoco.es\/en\/product\/pala-padel-wilson-bela-ls-v3-2025\/\" \/>\n<meta property=\"og:locale\" content=\"en_GB\" \/>\n<meta property=\"og:type\" content=\"article\" \/>\n<meta property=\"og:title\" content=\"Pala Padel Wilson Bela LS V3 2025 - Padel Zoco\" \/>\n<meta property=\"og:description\" content=\"Wilson Bela LS V3 2025: pala ultraligera y c\u00f3moda, con gran efecto y control. Dise\u00f1ada junto a Fernando Belastegu\u00edn para un juego r\u00e1pido y preciso.\" \/>\n<meta property=\"og:url\" content=\"https:\/\/padelzoco.es\/en\/product\/pala-padel-wilson-bela-ls-v3-2025\/\" \/>\n<meta property=\"og:site_name\" content=\"Padel Zoco\" \/>\n<meta property=\"article:modified_time\" content=\"2026-04-30T18:14:45+00:00\" \/>\n<meta property=\"og:image\" content=\"https:\/\/padelzoco.es\/wp-content\/uploads\/2025\/06\/WILSON-Bela-LS-V3-2025-Padel-Racket-Fernando-Belasteguin-07.webp\" \/>\n\t<meta property=\"og:image:width\" content=\"1400\" \/>\n\t<meta property=\"og:image:height\" content=\"1400\" \/>\n\t<meta property=\"og:image:type\" content=\"image\/webp\" \/>\n<meta name=\"twitter:card\" content=\"summary_large_image\" \/>\n<meta name=\"twitter:label1\" content=\"Estimated reading time\" \/>\n\t<meta name=\"twitter:data1\" content=\"2 minutes\" \/>\n<script type=\"application\/ld+json\" class=\"yoast-schema-graph\">{\"@context\":\"https:\\\/\\\/schema.org\",\"@graph\":[{\"@type\":\"WebPage\",\"@id\":\"https:\\\/\\\/padelzoco.es\\\/product\\\/pala-padel-wilson-bela-ls-v3-2025\\\/\",\"url\":\"https:\\\/\\\/padelzoco.es\\\/product\\\/pala-padel-wilson-bela-ls-v3-2025\\\/\",\"name\":\"Pala Padel Wilson Bela LS V3 2025 - Padel Zoco\",\"isPartOf\":{\"@id\":\"https:\\\/\\\/padelzoco.es\\\/#website\"},\"primaryImageOfPage\":{\"@id\":\"https:\\\/\\\/padelzoco.es\\\/product\\\/pala-padel-wilson-bela-ls-v3-2025\\\/#primaryimage\"},\"image\":{\"@id\":\"https:\\\/\\\/padelzoco.es\\\/product\\\/pala-padel-wilson-bela-ls-v3-2025\\\/#primaryimage\"},\"thumbnailUrl\":\"https:\\\/\\\/padelzoco.es\\\/wp-content\\\/uploads\\\/2025\\\/06\\\/WILSON-Bela-LS-V3-2025-Padel-Racket-Fernando-Belasteguin-07.webp\",\"datePublished\":\"2025-06-21T10:34:06+00:00\",\"dateModified\":\"2026-04-30T18:14:45+00:00\",\"description\":\"Wilson Bela LS V3 2025: pala ultraligera y c\u00f3moda, con gran efecto y control. Dise\u00f1ada junto a Fernando Belastegu\u00edn para un juego r\u00e1pido y preciso.\",\"breadcrumb\":{\"@id\":\"https:\\\/\\\/padelzoco.es\\\/product\\\/pala-padel-wilson-bela-ls-v3-2025\\\/#breadcrumb\"},\"inLanguage\":\"en-GB\",\"potentialAction\":[{\"@type\":\"ReadAction\",\"target\":[\"https:\\\/\\\/padelzoco.es\\\/product\\\/pala-padel-wilson-bela-ls-v3-2025\\\/\"]}]},{\"@type\":\"ImageObject\",\"inLanguage\":\"en-GB\",\"@id\":\"https:\\\/\\\/padelzoco.es\\\/product\\\/pala-padel-wilson-bela-ls-v3-2025\\\/#primaryimage\",\"url\":\"https:\\\/\\\/padelzoco.es\\\/wp-content\\\/uploads\\\/2025\\\/06\\\/WILSON-Bela-LS-V3-2025-Padel-Racket-Fernando-Belasteguin-07.webp\",\"contentUrl\":\"https:\\\/\\\/padelzoco.es\\\/wp-content\\\/uploads\\\/2025\\\/06\\\/WILSON-Bela-LS-V3-2025-Padel-Racket-Fernando-Belasteguin-07.webp\",\"width\":1400,\"height\":1400,\"caption\":\"WILSON Bela LS V3 2025 Padel Racket Fernando Belasteguin 07\"},{\"@type\":\"BreadcrumbList\",\"@id\":\"https:\\\/\\\/padelzoco.es\\\/product\\\/pala-padel-wilson-bela-ls-v3-2025\\\/#breadcrumb\",\"itemListElement\":[{\"@type\":\"ListItem\",\"position\":1,\"name\":\"Home\",\"item\":\"https:\\\/\\\/padelzoco.es\\\/\"},{\"@type\":\"ListItem\",\"position\":2,\"name\":\"Padel Zoco\",\"item\":\"https:\\\/\\\/padelzoco.es\\\/padel-zoco\\\/\"},{\"@type\":\"ListItem\",\"position\":3,\"name\":\"Pala Padel Wilson Bela LS V3 2025\"}]},{\"@type\":\"WebSite\",\"@id\":\"https:\\\/\\\/padelzoco.es\\\/#website\",\"url\":\"https:\\\/\\\/padelzoco.es\\\/\",\"name\":\"Padel Zoco\",\"description\":\"Padel Zoco | Spain\",\"publisher\":{\"@id\":\"https:\\\/\\\/padelzoco.es\\\/#organization\"},\"potentialAction\":[{\"@type\":\"SearchAction\",\"target\":{\"@type\":\"EntryPoint\",\"urlTemplate\":\"https:\\\/\\\/padelzoco.es\\\/?s={search_term_string}\"},\"query-input\":{\"@type\":\"PropertyValueSpecification\",\"valueRequired\":true,\"valueName\":\"search_term_string\"}}],\"inLanguage\":\"en-GB\"},{\"@type\":\"Organization\",\"@id\":\"https:\\\/\\\/padelzoco.es\\\/#organization\",\"name\":\"Padel Zoco\",\"url\":\"https:\\\/\\\/padelzoco.es\\\/\",\"logo\":{\"@type\":\"ImageObject\",\"inLanguage\":\"en-GB\",\"@id\":\"https:\\\/\\\/padelzoco.es\\\/#\\\/schema\\\/logo\\\/image\\\/\",\"url\":\"https:\\\/\\\/padelzoco.es\\\/wp-content\\\/uploads\\\/2023\\\/11\\\/PadelZoco_Logo_black_white.webp\",\"contentUrl\":\"https:\\\/\\\/padelzoco.es\\\/wp-content\\\/uploads\\\/2023\\\/11\\\/PadelZoco_Logo_black_white.webp\",\"width\":1500,\"height\":631,\"caption\":\"Padel Zoco\"},\"image\":{\"@id\":\"https:\\\/\\\/padelzoco.es\\\/#\\\/schema\\\/logo\\\/image\\\/\"}}]}<\/script>\n<!-- \/ Yoast SEO plugin. -->","yoast_head_json":{"title":"Pala Padel Wilson Bela LS V3 2025 - Padel Zoco","description":"Wilson Bela LS V3 2025: pala ultraligera y c\u00f3moda, con gran efecto y control. Dise\u00f1ada junto a Fernando Belastegu\u00edn para un juego r\u00e1pido y preciso.","robots":{"index":"index","follow":"follow","max-snippet":"max-snippet:-1","max-image-preview":"max-image-preview:large","max-video-preview":"max-video-preview:-1"},"canonical":"https:\/\/padelzoco.es\/en\/product\/pala-padel-wilson-bela-ls-v3-2025\/","og_locale":"en_GB","og_type":"article","og_title":"Pala Padel Wilson Bela LS V3 2025 - Padel Zoco","og_description":"Wilson Bela LS V3 2025: pala ultraligera y c\u00f3moda, con gran efecto y control. Dise\u00f1ada junto a Fernando Belastegu\u00edn para un juego r\u00e1pido y preciso.","og_url":"https:\/\/padelzoco.es\/en\/product\/pala-padel-wilson-bela-ls-v3-2025\/","og_site_name":"Padel Zoco","article_modified_time":"2026-04-30T18:14:45+00:00","og_image":[{"width":1400,"height":1400,"url":"https:\/\/padelzoco.es\/wp-content\/uploads\/2025\/06\/WILSON-Bela-LS-V3-2025-Padel-Racket-Fernando-Belasteguin-07.webp","type":"image\/webp"}],"twitter_card":"summary_large_image","twitter_misc":{"Estimated reading time":"2 minutes"},"schema":{"@context":"https:\/\/schema.org","@graph":[{"@type":"WebPage","@id":"https:\/\/padelzoco.es\/product\/pala-padel-wilson-bela-ls-v3-2025\/","url":"https:\/\/padelzoco.es\/product\/pala-padel-wilson-bela-ls-v3-2025\/","name":"Pala Padel Wilson Bela LS V3 2025 - Padel Zoco","isPartOf":{"@id":"https:\/\/padelzoco.es\/#website"},"primaryImageOfPage":{"@id":"https:\/\/padelzoco.es\/product\/pala-padel-wilson-bela-ls-v3-2025\/#primaryimage"},"image":{"@id":"https:\/\/padelzoco.es\/product\/pala-padel-wilson-bela-ls-v3-2025\/#primaryimage"},"thumbnailUrl":"https:\/\/padelzoco.es\/wp-content\/uploads\/2025\/06\/WILSON-Bela-LS-V3-2025-Padel-Racket-Fernando-Belasteguin-07.webp","datePublished":"2025-06-21T10:34:06+00:00","dateModified":"2026-04-30T18:14:45+00:00","description":"Wilson Bela LS V3 2025: pala ultraligera y c\u00f3moda, con gran efecto y control. Dise\u00f1ada junto a Fernando Belastegu\u00edn para un juego r\u00e1pido y preciso.","breadcrumb":{"@id":"https:\/\/padelzoco.es\/product\/pala-padel-wilson-bela-ls-v3-2025\/#breadcrumb"},"inLanguage":"en-GB","potentialAction":[{"@type":"ReadAction","target":["https:\/\/padelzoco.es\/product\/pala-padel-wilson-bela-ls-v3-2025\/"]}]},{"@type":"ImageObject","inLanguage":"en-GB","@id":"https:\/\/padelzoco.es\/product\/pala-padel-wilson-bela-ls-v3-2025\/#primaryimage","url":"https:\/\/padelzoco.es\/wp-content\/uploads\/2025\/06\/WILSON-Bela-LS-V3-2025-Padel-Racket-Fernando-Belasteguin-07.webp","contentUrl":"https:\/\/padelzoco.es\/wp-content\/uploads\/2025\/06\/WILSON-Bela-LS-V3-2025-Padel-Racket-Fernando-Belasteguin-07.webp","width":1400,"height":1400,"caption":"WILSON Bela LS V3 2025 Padel Racket Fernando Belasteguin 07"},{"@type":"BreadcrumbList","@id":"https:\/\/padelzoco.es\/product\/pala-padel-wilson-bela-ls-v3-2025\/#breadcrumb","itemListElement":[{"@type":"ListItem","position":1,"name":"Home","item":"https:\/\/padelzoco.es\/"},{"@type":"ListItem","position":2,"name":"Padel Zoco","item":"https:\/\/padelzoco.es\/padel-zoco\/"},{"@type":"ListItem","position":3,"name":"Pala Padel Wilson Bela LS V3 2025"}]},{"@type":"WebSite","@id":"https:\/\/padelzoco.es\/#website","url":"https:\/\/padelzoco.es\/","name":"Padel Zoco","description":"Padel Zoco | Spain","publisher":{"@id":"https:\/\/padelzoco.es\/#organization"},"potentialAction":[{"@type":"SearchAction","target":{"@type":"EntryPoint","urlTemplate":"https:\/\/padelzoco.es\/?s={search_term_string}"},"query-input":{"@type":"PropertyValueSpecification","valueRequired":true,"valueName":"search_term_string"}}],"inLanguage":"en-GB"},{"@type":"Organization","@id":"https:\/\/padelzoco.es\/#organization","name":"Padel Zoco","url":"https:\/\/padelzoco.es\/","logo":{"@type":"ImageObject","inLanguage":"en-GB","@id":"https:\/\/padelzoco.es\/#\/schema\/logo\/image\/","url":"https:\/\/padelzoco.es\/wp-content\/uploads\/2023\/11\/PadelZoco_Logo_black_white.webp","contentUrl":"https:\/\/padelzoco.es\/wp-content\/uploads\/2023\/11\/PadelZoco_Logo_black_white.webp","width":1500,"height":631,"caption":"Padel Zoco"},"image":{"@id":"https:\/\/padelzoco.es\/#\/schema\/logo\/image\/"}}]}},"_links":{"self":[{"href":"https:\/\/padelzoco.es\/en\/wp-json\/wp\/v2\/product\/22230","targetHints":{"allow":["GET"]}}],"collection":[{"href":"https:\/\/padelzoco.es\/en\/wp-json\/wp\/v2\/product"}],"about":[{"href":"https:\/\/padelzoco.es\/en\/wp-json\/wp\/v2\/types\/product"}],"version-history":[{"count":5,"href":"https:\/\/padelzoco.es\/en\/wp-json\/wp\/v2\/product\/22230\/revisions"}],"predecessor-version":[{"id":29319,"href":"https:\/\/padelzoco.es\/en\/wp-json\/wp\/v2\/product\/22230\/revisions\/29319"}],"wp:featuredmedia":[{"embeddable":true,"href":"https:\/\/padelzoco.es\/en\/wp-json\/wp\/v2\/media\/22231"}],"wp:attachment":[{"href":"https:\/\/padelzoco.es\/en\/wp-json\/wp\/v2\/media?parent=22230"}],"wp:term":[{"taxonomy":"product_brand","embeddable":true,"href":"https:\/\/padelzoco.es\/en\/wp-json\/wp\/v2\/product_brand?post=22230"},{"taxonomy":"product_cat","embeddable":true,"href":"https:\/\/padelzoco.es\/en\/wp-json\/wp\/v2\/product_cat?post=22230"},{"taxonomy":"product_tag","embeddable":true,"href":"https:\/\/padelzoco.es\/en\/wp-json\/wp\/v2\/product_tag?post=22230"}],"curies":[{"name":"wp","href":"https:\/\/api.w.org\/{rel}","templated":true}]}}