{"id":22290,"date":"2025-06-21T12:58:19","date_gmt":"2025-06-21T11:58:19","guid":{"rendered":"https:\/\/adc06f55e9.nxcli.io\/?post_type=product&#038;p=22290"},"modified":"2026-04-30T19:31:04","modified_gmt":"2026-04-30T18:31:04","slug":"zapatillas-adidas-courtquick-padel-mujer-blanco-lucid-lemon","status":"publish","type":"product","link":"https:\/\/padelzoco.es\/en\/product\/zapatillas-adidas-courtquick-padel-mujer-blanco-lucid-lemon\/","title":{"rendered":"Zapatillas Adidas Courtquick Padel Mujer Blanco Lucid Lemon"},"content":{"rendered":"<p data-start=\"28\" data-end=\"449\">Mantente <strong data-start=\"37\" data-end=\"47\">ligera<\/strong>, <strong data-start=\"49\" data-end=\"59\">r\u00e1pida<\/strong> and <strong data-start=\"62\" data-end=\"72\">segura<\/strong> en cada punto con las <strong data-start=\"95\" data-end=\"147\">zapatillas de p\u00e1del ADIDAS Courtquick para mujer<\/strong> en color <strong data-start=\"157\" data-end=\"179\">blanco Lucid Lemon<\/strong>. Pensadas para jugadoras que exigen <strong data-start=\"216\" data-end=\"229\">velocidad<\/strong> and <strong data-start=\"232\" data-end=\"247\">estabilidad<\/strong> en cada paso, combinan un exterior de <strong data-start=\"286\" data-end=\"321\">tejido transpirable y sint\u00e9tico<\/strong> que mantiene los pies frescos con la estructura <strong data-start=\"370\" data-end=\"384\">Slingframe<\/strong>, que aporta soporte lateral para movimientos r\u00e1pidos y precisos.<\/p>\n<p data-start=\"451\" data-end=\"813\">Dise\u00f1adas espec\u00edficamente para la anatom\u00eda femenina, la <strong data-start=\"507\" data-end=\"536\">entresuela Cloudfoam Plus<\/strong> ofrece una amortiguaci\u00f3n suave y reactiva que te mantiene c\u00f3moda durante partidos largos o entrenamientos intensos. Adem\u00e1s, incluyen protecci\u00f3n <strong data-start=\"681\" data-end=\"692\">Adituff<\/strong> en la puntera y una suela resistente <strong data-start=\"730\" data-end=\"741\">Adiwear<\/strong>, que garantizan agarre fiable y durabilidad en cualquier tipo de pista.<\/p>\n<p data-start=\"815\" data-end=\"951\">Con al menos un 20% de <strong data-start=\"838\" data-end=\"863\">materiales reciclados<\/strong>, son una elecci\u00f3n m\u00e1s consciente con el medioambiente sin renunciar al <strong data-start=\"935\" data-end=\"950\">rendimiento<\/strong>.<\/p>","protected":false},"excerpt":{"rendered":"<div class=\"elementor-element elementor-element-5fb9a16f wd-single-short-desc text-left elementor-widget elementor-widget-wd_single_product_short_description\" data-id=\"5fb9a16f\" data-element_type=\"widget\" data-widget_type=\"wd_single_product_short_description.default\">\n<div class=\"elementor-widget-container\">\n<div class=\"woocommerce-product-details__short-description\">\n<p data-start=\"193\" data-end=\"408\"><strong>Zapatillas Adidas Courtquick<\/strong> para mujer con ajuste espec\u00edfico, Cloudfoam Plus, soporte Slingframe y refuerzos Adituff. Ligeras, c\u00f3modas y sostenibles.<\/p>\n<\/div>\n<\/div>\n<\/div>\n<div class=\"elementor-element elementor-element-56564043 e-con-full e-flex e-con e-child\" data-id=\"56564043\" data-element_type=\"container\" data-settings=\"{&quot;background_background&quot;:&quot;classic&quot;}\">\n<div class=\"elementor-element elementor-element-c536614 e-con-full e-flex e-con e-child\" data-id=\"c536614\" data-element_type=\"container\">\n<div class=\"elementor-element elementor-element-43f7446d wd-width-100 elementor-widget elementor-widget-wd_title\" data-id=\"43f7446d\" data-element_type=\"widget\" data-widget_type=\"wd_title.default\">\n<div class=\"elementor-widget-container\">\n<div class=\"title-wrapper wd-set-mb reset-last-child wd-title-color-default wd-title-style-default wd-title-size-small text-left\"><\/div>\n<\/div>\n<\/div>\n<\/div>\n<\/div>","protected":false},"featured_media":22313,"template":"","meta":[],"product_brand":[],"product_cat":[700,898,600,592],"product_tag":[],"class_list":{"0":"post-22290","1":"product","2":"type-product","3":"status-publish","4":"has-post-thumbnail","6":"product_cat-adidas-padel","7":"product_cat-adidas-zapatillas","8":"product_cat-mujer-zapatillas","9":"product_cat-zapatillas","10":"pa_brand-adidas","11":"pa_color-blanco","12":"pa_gender-hombre","13":"pa_hs_code-87","14":"pa_shoes-size-727","15":"pa_shoes-size-36-2-3","16":"pa_shoes-size-37-1-3","17":"pa_shoes-size-725","18":"pa_shoes-size-38-2-3","19":"pa_shoes-size-39-1-3","20":"pa_shoes-size-303","22":"first","23":"outofstock","24":"taxable","25":"shipping-taxable","26":"product-type-variable"},"yoast_head":"<!-- This site is optimized with the Yoast SEO plugin v27.6 - https:\/\/yoast.com\/product\/yoast-seo-wordpress\/ -->\n<title>Zapatillas Adidas Courtquick Padel Mujer Blanco Lucid Lemon - Padel Zoco<\/title>\n<meta name=\"description\" content=\"Zapatillas ADIDAS Courtquick Mujer: zapatillas ligeras y estables con amortiguaci\u00f3n Cloudfoam Plus y dise\u00f1o sostenible. M\u00e1xima agilidad y confort en pista.\" \/>\n<meta name=\"robots\" content=\"index, follow, max-snippet:-1, max-image-preview:large, max-video-preview:-1\" \/>\n<link rel=\"canonical\" href=\"https:\/\/padelzoco.es\/en\/product\/zapatillas-adidas-courtquick-padel-mujer-blanco-lucid-lemon\/\" \/>\n<meta property=\"og:locale\" content=\"en_GB\" \/>\n<meta property=\"og:type\" content=\"article\" \/>\n<meta property=\"og:title\" content=\"Zapatillas Adidas Courtquick Padel Mujer Blanco Lucid Lemon - Padel Zoco\" \/>\n<meta property=\"og:description\" content=\"Zapatillas ADIDAS Courtquick Mujer: zapatillas ligeras y estables con amortiguaci\u00f3n Cloudfoam Plus y dise\u00f1o sostenible. M\u00e1xima agilidad y confort en pista.\" \/>\n<meta property=\"og:url\" content=\"https:\/\/padelzoco.es\/en\/product\/zapatillas-adidas-courtquick-padel-mujer-blanco-lucid-lemon\/\" \/>\n<meta property=\"og:site_name\" content=\"Padel Zoco\" \/>\n<meta property=\"article:modified_time\" content=\"2026-04-30T18:31:04+00:00\" \/>\n<meta property=\"og:image\" content=\"https:\/\/padelzoco.es\/wp-content\/uploads\/2025\/06\/ADIDAS-Courtquick-Womens-Padel-Shoes-White-Lucid-Lemon-01.webp\" \/>\n\t<meta property=\"og:image:width\" content=\"1400\" \/>\n\t<meta property=\"og:image:height\" content=\"1400\" \/>\n\t<meta property=\"og:image:type\" content=\"image\/webp\" \/>\n<meta name=\"twitter:card\" content=\"summary_large_image\" \/>\n<meta name=\"twitter:label1\" content=\"Estimated reading time\" \/>\n\t<meta name=\"twitter:data1\" content=\"1 minute\" \/>\n<script type=\"application\/ld+json\" class=\"yoast-schema-graph\">{\"@context\":\"https:\\\/\\\/schema.org\",\"@graph\":[{\"@type\":\"WebPage\",\"@id\":\"https:\\\/\\\/padelzoco.es\\\/product\\\/zapatillas-adidas-courtquick-padel-mujer-blanco-lucid-lemon\\\/\",\"url\":\"https:\\\/\\\/padelzoco.es\\\/product\\\/zapatillas-adidas-courtquick-padel-mujer-blanco-lucid-lemon\\\/\",\"name\":\"Zapatillas Adidas Courtquick Padel Mujer Blanco Lucid Lemon - Padel Zoco\",\"isPartOf\":{\"@id\":\"https:\\\/\\\/padelzoco.es\\\/#website\"},\"primaryImageOfPage\":{\"@id\":\"https:\\\/\\\/padelzoco.es\\\/product\\\/zapatillas-adidas-courtquick-padel-mujer-blanco-lucid-lemon\\\/#primaryimage\"},\"image\":{\"@id\":\"https:\\\/\\\/padelzoco.es\\\/product\\\/zapatillas-adidas-courtquick-padel-mujer-blanco-lucid-lemon\\\/#primaryimage\"},\"thumbnailUrl\":\"https:\\\/\\\/padelzoco.es\\\/wp-content\\\/uploads\\\/2025\\\/06\\\/ADIDAS-Courtquick-Womens-Padel-Shoes-White-Lucid-Lemon-01.webp\",\"datePublished\":\"2025-06-21T11:58:19+00:00\",\"dateModified\":\"2026-04-30T18:31:04+00:00\",\"description\":\"Zapatillas ADIDAS Courtquick Mujer: zapatillas ligeras y estables con amortiguaci\u00f3n Cloudfoam Plus y dise\u00f1o sostenible. M\u00e1xima agilidad y confort en pista.\",\"breadcrumb\":{\"@id\":\"https:\\\/\\\/padelzoco.es\\\/product\\\/zapatillas-adidas-courtquick-padel-mujer-blanco-lucid-lemon\\\/#breadcrumb\"},\"inLanguage\":\"en-GB\",\"potentialAction\":[{\"@type\":\"ReadAction\",\"target\":[\"https:\\\/\\\/padelzoco.es\\\/product\\\/zapatillas-adidas-courtquick-padel-mujer-blanco-lucid-lemon\\\/\"]}]},{\"@type\":\"ImageObject\",\"inLanguage\":\"en-GB\",\"@id\":\"https:\\\/\\\/padelzoco.es\\\/product\\\/zapatillas-adidas-courtquick-padel-mujer-blanco-lucid-lemon\\\/#primaryimage\",\"url\":\"https:\\\/\\\/padelzoco.es\\\/wp-content\\\/uploads\\\/2025\\\/06\\\/ADIDAS-Courtquick-Womens-Padel-Shoes-White-Lucid-Lemon-01.webp\",\"contentUrl\":\"https:\\\/\\\/padelzoco.es\\\/wp-content\\\/uploads\\\/2025\\\/06\\\/ADIDAS-Courtquick-Womens-Padel-Shoes-White-Lucid-Lemon-01.webp\",\"width\":1400,\"height\":1400,\"caption\":\"ADIDAS Courtquick Women's Padel Shoes White Lucid Lemon 01\"},{\"@type\":\"BreadcrumbList\",\"@id\":\"https:\\\/\\\/padelzoco.es\\\/product\\\/zapatillas-adidas-courtquick-padel-mujer-blanco-lucid-lemon\\\/#breadcrumb\",\"itemListElement\":[{\"@type\":\"ListItem\",\"position\":1,\"name\":\"Home\",\"item\":\"https:\\\/\\\/padelzoco.es\\\/\"},{\"@type\":\"ListItem\",\"position\":2,\"name\":\"Padel Zoco\",\"item\":\"https:\\\/\\\/padelzoco.es\\\/padel-zoco\\\/\"},{\"@type\":\"ListItem\",\"position\":3,\"name\":\"Zapatillas Adidas Courtquick Padel Mujer Blanco Lucid Lemon\"}]},{\"@type\":\"WebSite\",\"@id\":\"https:\\\/\\\/padelzoco.es\\\/#website\",\"url\":\"https:\\\/\\\/padelzoco.es\\\/\",\"name\":\"Padel Zoco\",\"description\":\"Padel Zoco | Spain\",\"publisher\":{\"@id\":\"https:\\\/\\\/padelzoco.es\\\/#organization\"},\"potentialAction\":[{\"@type\":\"SearchAction\",\"target\":{\"@type\":\"EntryPoint\",\"urlTemplate\":\"https:\\\/\\\/padelzoco.es\\\/?s={search_term_string}\"},\"query-input\":{\"@type\":\"PropertyValueSpecification\",\"valueRequired\":true,\"valueName\":\"search_term_string\"}}],\"inLanguage\":\"en-GB\"},{\"@type\":\"Organization\",\"@id\":\"https:\\\/\\\/padelzoco.es\\\/#organization\",\"name\":\"Padel Zoco\",\"url\":\"https:\\\/\\\/padelzoco.es\\\/\",\"logo\":{\"@type\":\"ImageObject\",\"inLanguage\":\"en-GB\",\"@id\":\"https:\\\/\\\/padelzoco.es\\\/#\\\/schema\\\/logo\\\/image\\\/\",\"url\":\"https:\\\/\\\/padelzoco.es\\\/wp-content\\\/uploads\\\/2023\\\/11\\\/PadelZoco_Logo_black_white.webp\",\"contentUrl\":\"https:\\\/\\\/padelzoco.es\\\/wp-content\\\/uploads\\\/2023\\\/11\\\/PadelZoco_Logo_black_white.webp\",\"width\":1500,\"height\":631,\"caption\":\"Padel Zoco\"},\"image\":{\"@id\":\"https:\\\/\\\/padelzoco.es\\\/#\\\/schema\\\/logo\\\/image\\\/\"}}]}<\/script>\n<!-- \/ Yoast SEO plugin. -->","yoast_head_json":{"title":"Zapatillas Adidas Courtquick Padel Mujer Blanco Lucid Lemon - Padel Zoco","description":"Zapatillas ADIDAS Courtquick Mujer: zapatillas ligeras y estables con amortiguaci\u00f3n Cloudfoam Plus y dise\u00f1o sostenible. M\u00e1xima agilidad y confort en pista.","robots":{"index":"index","follow":"follow","max-snippet":"max-snippet:-1","max-image-preview":"max-image-preview:large","max-video-preview":"max-video-preview:-1"},"canonical":"https:\/\/padelzoco.es\/en\/product\/zapatillas-adidas-courtquick-padel-mujer-blanco-lucid-lemon\/","og_locale":"en_GB","og_type":"article","og_title":"Zapatillas Adidas Courtquick Padel Mujer Blanco Lucid Lemon - Padel Zoco","og_description":"Zapatillas ADIDAS Courtquick Mujer: zapatillas ligeras y estables con amortiguaci\u00f3n Cloudfoam Plus y dise\u00f1o sostenible. M\u00e1xima agilidad y confort en pista.","og_url":"https:\/\/padelzoco.es\/en\/product\/zapatillas-adidas-courtquick-padel-mujer-blanco-lucid-lemon\/","og_site_name":"Padel Zoco","article_modified_time":"2026-04-30T18:31:04+00:00","og_image":[{"width":1400,"height":1400,"url":"https:\/\/padelzoco.es\/wp-content\/uploads\/2025\/06\/ADIDAS-Courtquick-Womens-Padel-Shoes-White-Lucid-Lemon-01.webp","type":"image\/webp"}],"twitter_card":"summary_large_image","twitter_misc":{"Estimated reading time":"1 minute"},"schema":{"@context":"https:\/\/schema.org","@graph":[{"@type":"WebPage","@id":"https:\/\/padelzoco.es\/product\/zapatillas-adidas-courtquick-padel-mujer-blanco-lucid-lemon\/","url":"https:\/\/padelzoco.es\/product\/zapatillas-adidas-courtquick-padel-mujer-blanco-lucid-lemon\/","name":"Zapatillas Adidas Courtquick Padel Mujer Blanco Lucid Lemon - Padel Zoco","isPartOf":{"@id":"https:\/\/padelzoco.es\/#website"},"primaryImageOfPage":{"@id":"https:\/\/padelzoco.es\/product\/zapatillas-adidas-courtquick-padel-mujer-blanco-lucid-lemon\/#primaryimage"},"image":{"@id":"https:\/\/padelzoco.es\/product\/zapatillas-adidas-courtquick-padel-mujer-blanco-lucid-lemon\/#primaryimage"},"thumbnailUrl":"https:\/\/padelzoco.es\/wp-content\/uploads\/2025\/06\/ADIDAS-Courtquick-Womens-Padel-Shoes-White-Lucid-Lemon-01.webp","datePublished":"2025-06-21T11:58:19+00:00","dateModified":"2026-04-30T18:31:04+00:00","description":"Zapatillas ADIDAS Courtquick Mujer: zapatillas ligeras y estables con amortiguaci\u00f3n Cloudfoam Plus y dise\u00f1o sostenible. M\u00e1xima agilidad y confort en pista.","breadcrumb":{"@id":"https:\/\/padelzoco.es\/product\/zapatillas-adidas-courtquick-padel-mujer-blanco-lucid-lemon\/#breadcrumb"},"inLanguage":"en-GB","potentialAction":[{"@type":"ReadAction","target":["https:\/\/padelzoco.es\/product\/zapatillas-adidas-courtquick-padel-mujer-blanco-lucid-lemon\/"]}]},{"@type":"ImageObject","inLanguage":"en-GB","@id":"https:\/\/padelzoco.es\/product\/zapatillas-adidas-courtquick-padel-mujer-blanco-lucid-lemon\/#primaryimage","url":"https:\/\/padelzoco.es\/wp-content\/uploads\/2025\/06\/ADIDAS-Courtquick-Womens-Padel-Shoes-White-Lucid-Lemon-01.webp","contentUrl":"https:\/\/padelzoco.es\/wp-content\/uploads\/2025\/06\/ADIDAS-Courtquick-Womens-Padel-Shoes-White-Lucid-Lemon-01.webp","width":1400,"height":1400,"caption":"ADIDAS Courtquick Women's Padel Shoes White Lucid Lemon 01"},{"@type":"BreadcrumbList","@id":"https:\/\/padelzoco.es\/product\/zapatillas-adidas-courtquick-padel-mujer-blanco-lucid-lemon\/#breadcrumb","itemListElement":[{"@type":"ListItem","position":1,"name":"Home","item":"https:\/\/padelzoco.es\/"},{"@type":"ListItem","position":2,"name":"Padel Zoco","item":"https:\/\/padelzoco.es\/padel-zoco\/"},{"@type":"ListItem","position":3,"name":"Zapatillas Adidas Courtquick Padel Mujer Blanco Lucid Lemon"}]},{"@type":"WebSite","@id":"https:\/\/padelzoco.es\/#website","url":"https:\/\/padelzoco.es\/","name":"Padel Zoco","description":"Padel Zoco | Spain","publisher":{"@id":"https:\/\/padelzoco.es\/#organization"},"potentialAction":[{"@type":"SearchAction","target":{"@type":"EntryPoint","urlTemplate":"https:\/\/padelzoco.es\/?s={search_term_string}"},"query-input":{"@type":"PropertyValueSpecification","valueRequired":true,"valueName":"search_term_string"}}],"inLanguage":"en-GB"},{"@type":"Organization","@id":"https:\/\/padelzoco.es\/#organization","name":"Padel Zoco","url":"https:\/\/padelzoco.es\/","logo":{"@type":"ImageObject","inLanguage":"en-GB","@id":"https:\/\/padelzoco.es\/#\/schema\/logo\/image\/","url":"https:\/\/padelzoco.es\/wp-content\/uploads\/2023\/11\/PadelZoco_Logo_black_white.webp","contentUrl":"https:\/\/padelzoco.es\/wp-content\/uploads\/2023\/11\/PadelZoco_Logo_black_white.webp","width":1500,"height":631,"caption":"Padel Zoco"},"image":{"@id":"https:\/\/padelzoco.es\/#\/schema\/logo\/image\/"}}]}},"_links":{"self":[{"href":"https:\/\/padelzoco.es\/en\/wp-json\/wp\/v2\/product\/22290","targetHints":{"allow":["GET"]}}],"collection":[{"href":"https:\/\/padelzoco.es\/en\/wp-json\/wp\/v2\/product"}],"about":[{"href":"https:\/\/padelzoco.es\/en\/wp-json\/wp\/v2\/types\/product"}],"version-history":[{"count":4,"href":"https:\/\/padelzoco.es\/en\/wp-json\/wp\/v2\/product\/22290\/revisions"}],"predecessor-version":[{"id":22490,"href":"https:\/\/padelzoco.es\/en\/wp-json\/wp\/v2\/product\/22290\/revisions\/22490"}],"wp:featuredmedia":[{"embeddable":true,"href":"https:\/\/padelzoco.es\/en\/wp-json\/wp\/v2\/media\/22313"}],"wp:attachment":[{"href":"https:\/\/padelzoco.es\/en\/wp-json\/wp\/v2\/media?parent=22290"}],"wp:term":[{"taxonomy":"product_brand","embeddable":true,"href":"https:\/\/padelzoco.es\/en\/wp-json\/wp\/v2\/product_brand?post=22290"},{"taxonomy":"product_cat","embeddable":true,"href":"https:\/\/padelzoco.es\/en\/wp-json\/wp\/v2\/product_cat?post=22290"},{"taxonomy":"product_tag","embeddable":true,"href":"https:\/\/padelzoco.es\/en\/wp-json\/wp\/v2\/product_tag?post=22290"}],"curies":[{"name":"wp","href":"https:\/\/api.w.org\/{rel}","templated":true}]}}