{"id":22350,"date":"2025-06-22T00:20:44","date_gmt":"2025-06-21T23:20:44","guid":{"rendered":"https:\/\/adc06f55e9.nxcli.io\/?post_type=product&#038;p=22350"},"modified":"2026-04-30T19:16:15","modified_gmt":"2026-04-30T18:16:15","slug":"munequeras-adidas-originals-pequenas","status":"publish","type":"product","link":"https:\/\/padelzoco.es\/en\/product\/munequeras-adidas-originals-pequenas\/","title":{"rendered":"Mu\u00f1equeras Adidas Originals peque\u00f1as"},"content":{"rendered":"<p data-start=\"28\" data-end=\"295\">Cuando el partido se intensifica, las <strong data-start=\"66\" data-end=\"106\">mu\u00f1equeras ADIDAS Originals peque\u00f1as<\/strong> te ayudan a mantener la concentraci\u00f3n y la visi\u00f3n clara. Fabricadas con un tejido <strong data-start=\"189\" data-end=\"211\">suave y absorbente<\/strong>, eliminan eficazmente el sudor para que puedas seguir enfocado entre punto y punto.<\/p>\n<p data-start=\"297\" data-end=\"643\">Confeccionadas con una mezcla de <strong data-start=\"330\" data-end=\"353\">poli\u00e9ster reciclado<\/strong>, algod\u00f3n y elastano, ofrecen un ajuste c\u00f3modo y el\u00e1stico que se mantiene en su sitio incluso en los momentos m\u00e1s intensos del juego. El distintivo <strong data-start=\"501\" data-end=\"517\">logo Trefoil<\/strong> a\u00f1ade un toque de estilo cl\u00e1sico <strong data-start=\"551\" data-end=\"571\">adidas Originals<\/strong>, combinando funcionalidad y dise\u00f1o para entrenamientos y competiciones.<\/p>\n<p data-start=\"645\" data-end=\"676\"><strong data-start=\"645\" data-end=\"676\">Caracter\u00edsticas destacadas:<\/strong><\/p>\n<ul data-start=\"677\" data-end=\"1057\">\n<li data-start=\"677\" data-end=\"766\">\n<p data-start=\"679\" data-end=\"766\"><strong data-start=\"679\" data-end=\"710\">Tejido absorbente de sudor:<\/strong> Mantiene el rostro seco y la concentraci\u00f3n al m\u00e1ximo.<\/p>\n<\/li>\n<li data-start=\"767\" data-end=\"834\">\n<p data-start=\"769\" data-end=\"834\"><strong data-start=\"769\" data-end=\"789\">Tama\u00f1o compacto:<\/strong> Ligero y sin volumen para mayor comodidad.<\/p>\n<\/li>\n<li data-start=\"835\" data-end=\"918\">\n<p data-start=\"837\" data-end=\"918\"><strong data-start=\"837\" data-end=\"865\">Mezcla suave y el\u00e1stica:<\/strong> 77% poli\u00e9ster reciclado, 21% algod\u00f3n, 2% elastano.<\/p>\n<\/li>\n<li data-start=\"919\" data-end=\"977\">\n<p data-start=\"921\" data-end=\"977\"><strong data-start=\"921\" data-end=\"938\">Logo Trefoil:<\/strong> Estilo adidas con esencia deportiva.<\/p>\n<\/li>\n<li data-start=\"978\" data-end=\"1057\">\n<p data-start=\"980\" data-end=\"1057\"><strong data-start=\"980\" data-end=\"1011\">Ideales para tenis y p\u00e1del:<\/strong> Perfectas para entrenos y partidos exigentes.<\/p>\n<\/li>\n<\/ul>","protected":false},"excerpt":{"rendered":"<div id=\"product-description-short-475\" class=\"rte-content product-description\">\n<p data-start=\"230\" data-end=\"390\">Las <strong data-start=\"1088\" data-end=\"1128\">mu\u00f1equeras ADIDAS Originals peque\u00f1as<\/strong> ofrecen absorci\u00f3n de sudor, ajuste c\u00f3modo y estilo cl\u00e1sico, ideales para p\u00e1del, tenis o entrenamientos intensos.<\/p>\n<div class=\"block__container block__container--fit\"><\/div>\n<\/div>","protected":false},"featured_media":22353,"template":"","meta":[],"product_brand":[],"product_cat":[637,899,700,639],"product_tag":[],"class_list":{"0":"post-22350","1":"product","2":"type-product","3":"status-publish","4":"has-post-thumbnail","6":"product_cat-accesorios","7":"product_cat-adidas-ropa","8":"product_cat-adidas-padel","9":"product_cat-munequeras","10":"pa_brand-adidas","12":"first","13":"instock","14":"taxable","15":"shipping-taxable","16":"purchasable","17":"product-type-simple"},"yoast_head":"<!-- This site is optimized with the Yoast SEO plugin v27.5 - https:\/\/yoast.com\/product\/yoast-seo-wordpress\/ -->\n<title>Mu\u00f1equeras Adidas Originals peque\u00f1as - Padel Zoco<\/title>\n<meta name=\"description\" content=\"Mant\u00e9n el sudor bajo control con las mu\u00f1equeras adidas Originals, c\u00f3modas, compactas y fabricadas con poli\u00e9ster reciclado. Estilo para cada partido.\" \/>\n<meta name=\"robots\" content=\"index, follow, max-snippet:-1, max-image-preview:large, max-video-preview:-1\" \/>\n<link rel=\"canonical\" href=\"https:\/\/padelzoco.es\/en\/product\/munequeras-adidas-originals-pequenas\/\" \/>\n<meta property=\"og:locale\" content=\"en_GB\" \/>\n<meta property=\"og:type\" content=\"article\" \/>\n<meta property=\"og:title\" content=\"Mu\u00f1equeras Adidas Originals peque\u00f1as - Padel Zoco\" \/>\n<meta property=\"og:description\" content=\"Mant\u00e9n el sudor bajo control con las mu\u00f1equeras adidas Originals, c\u00f3modas, compactas y fabricadas con poli\u00e9ster reciclado. Estilo para cada partido.\" \/>\n<meta property=\"og:url\" content=\"https:\/\/padelzoco.es\/en\/product\/munequeras-adidas-originals-pequenas\/\" \/>\n<meta property=\"og:site_name\" content=\"Padel Zoco\" \/>\n<meta property=\"article:modified_time\" content=\"2026-04-30T18:16:15+00:00\" \/>\n<meta property=\"og:image\" content=\"https:\/\/padelzoco.es\/wp-content\/uploads\/2025\/06\/ADIDAS-Originals-Small-Wristbands-White-01.webp\" \/>\n\t<meta property=\"og:image:width\" content=\"1400\" \/>\n\t<meta property=\"og:image:height\" content=\"1400\" \/>\n\t<meta property=\"og:image:type\" content=\"image\/webp\" \/>\n<meta name=\"twitter:card\" content=\"summary_large_image\" \/>\n<meta name=\"twitter:label1\" content=\"Estimated reading time\" \/>\n\t<meta name=\"twitter:data1\" content=\"1 minute\" \/>\n<script type=\"application\/ld+json\" class=\"yoast-schema-graph\">{\"@context\":\"https:\\\/\\\/schema.org\",\"@graph\":[{\"@type\":\"WebPage\",\"@id\":\"https:\\\/\\\/padelzoco.es\\\/product\\\/munequeras-adidas-originals-pequenas\\\/\",\"url\":\"https:\\\/\\\/padelzoco.es\\\/product\\\/munequeras-adidas-originals-pequenas\\\/\",\"name\":\"Mu\u00f1equeras Adidas Originals peque\u00f1as - Padel Zoco\",\"isPartOf\":{\"@id\":\"https:\\\/\\\/padelzoco.es\\\/#website\"},\"primaryImageOfPage\":{\"@id\":\"https:\\\/\\\/padelzoco.es\\\/product\\\/munequeras-adidas-originals-pequenas\\\/#primaryimage\"},\"image\":{\"@id\":\"https:\\\/\\\/padelzoco.es\\\/product\\\/munequeras-adidas-originals-pequenas\\\/#primaryimage\"},\"thumbnailUrl\":\"https:\\\/\\\/padelzoco.es\\\/wp-content\\\/uploads\\\/2025\\\/06\\\/ADIDAS-Originals-Small-Wristbands-White-01.webp\",\"datePublished\":\"2025-06-21T23:20:44+00:00\",\"dateModified\":\"2026-04-30T18:16:15+00:00\",\"description\":\"Mant\u00e9n el sudor bajo control con las mu\u00f1equeras adidas Originals, c\u00f3modas, compactas y fabricadas con poli\u00e9ster reciclado. Estilo para cada partido.\",\"breadcrumb\":{\"@id\":\"https:\\\/\\\/padelzoco.es\\\/product\\\/munequeras-adidas-originals-pequenas\\\/#breadcrumb\"},\"inLanguage\":\"en-GB\",\"potentialAction\":[{\"@type\":\"ReadAction\",\"target\":[\"https:\\\/\\\/padelzoco.es\\\/product\\\/munequeras-adidas-originals-pequenas\\\/\"]}]},{\"@type\":\"ImageObject\",\"inLanguage\":\"en-GB\",\"@id\":\"https:\\\/\\\/padelzoco.es\\\/product\\\/munequeras-adidas-originals-pequenas\\\/#primaryimage\",\"url\":\"https:\\\/\\\/padelzoco.es\\\/wp-content\\\/uploads\\\/2025\\\/06\\\/ADIDAS-Originals-Small-Wristbands-White-01.webp\",\"contentUrl\":\"https:\\\/\\\/padelzoco.es\\\/wp-content\\\/uploads\\\/2025\\\/06\\\/ADIDAS-Originals-Small-Wristbands-White-01.webp\",\"width\":1400,\"height\":1400,\"caption\":\"ADIDAS Originals Small Wristbands White 01\"},{\"@type\":\"BreadcrumbList\",\"@id\":\"https:\\\/\\\/padelzoco.es\\\/product\\\/munequeras-adidas-originals-pequenas\\\/#breadcrumb\",\"itemListElement\":[{\"@type\":\"ListItem\",\"position\":1,\"name\":\"Home\",\"item\":\"https:\\\/\\\/padelzoco.es\\\/\"},{\"@type\":\"ListItem\",\"position\":2,\"name\":\"Padel Zoco\",\"item\":\"https:\\\/\\\/padelzoco.es\\\/padel-zoco\\\/\"},{\"@type\":\"ListItem\",\"position\":3,\"name\":\"Mu\u00f1equeras Adidas Originals peque\u00f1as\"}]},{\"@type\":\"WebSite\",\"@id\":\"https:\\\/\\\/padelzoco.es\\\/#website\",\"url\":\"https:\\\/\\\/padelzoco.es\\\/\",\"name\":\"Padel Zoco\",\"description\":\"Padel Zoco | Spain\",\"publisher\":{\"@id\":\"https:\\\/\\\/padelzoco.es\\\/#organization\"},\"potentialAction\":[{\"@type\":\"SearchAction\",\"target\":{\"@type\":\"EntryPoint\",\"urlTemplate\":\"https:\\\/\\\/padelzoco.es\\\/?s={search_term_string}\"},\"query-input\":{\"@type\":\"PropertyValueSpecification\",\"valueRequired\":true,\"valueName\":\"search_term_string\"}}],\"inLanguage\":\"en-GB\"},{\"@type\":\"Organization\",\"@id\":\"https:\\\/\\\/padelzoco.es\\\/#organization\",\"name\":\"Padel Zoco\",\"url\":\"https:\\\/\\\/padelzoco.es\\\/\",\"logo\":{\"@type\":\"ImageObject\",\"inLanguage\":\"en-GB\",\"@id\":\"https:\\\/\\\/padelzoco.es\\\/#\\\/schema\\\/logo\\\/image\\\/\",\"url\":\"https:\\\/\\\/padelzoco.es\\\/wp-content\\\/uploads\\\/2023\\\/11\\\/PadelZoco_Logo_black_white.webp\",\"contentUrl\":\"https:\\\/\\\/padelzoco.es\\\/wp-content\\\/uploads\\\/2023\\\/11\\\/PadelZoco_Logo_black_white.webp\",\"width\":1500,\"height\":631,\"caption\":\"Padel Zoco\"},\"image\":{\"@id\":\"https:\\\/\\\/padelzoco.es\\\/#\\\/schema\\\/logo\\\/image\\\/\"}}]}<\/script>\n<!-- \/ Yoast SEO plugin. -->","yoast_head_json":{"title":"Mu\u00f1equeras Adidas Originals peque\u00f1as - Padel Zoco","description":"Mant\u00e9n el sudor bajo control con las mu\u00f1equeras adidas Originals, c\u00f3modas, compactas y fabricadas con poli\u00e9ster reciclado. Estilo para cada partido.","robots":{"index":"index","follow":"follow","max-snippet":"max-snippet:-1","max-image-preview":"max-image-preview:large","max-video-preview":"max-video-preview:-1"},"canonical":"https:\/\/padelzoco.es\/en\/product\/munequeras-adidas-originals-pequenas\/","og_locale":"en_GB","og_type":"article","og_title":"Mu\u00f1equeras Adidas Originals peque\u00f1as - Padel Zoco","og_description":"Mant\u00e9n el sudor bajo control con las mu\u00f1equeras adidas Originals, c\u00f3modas, compactas y fabricadas con poli\u00e9ster reciclado. Estilo para cada partido.","og_url":"https:\/\/padelzoco.es\/en\/product\/munequeras-adidas-originals-pequenas\/","og_site_name":"Padel Zoco","article_modified_time":"2026-04-30T18:16:15+00:00","og_image":[{"width":1400,"height":1400,"url":"https:\/\/padelzoco.es\/wp-content\/uploads\/2025\/06\/ADIDAS-Originals-Small-Wristbands-White-01.webp","type":"image\/webp"}],"twitter_card":"summary_large_image","twitter_misc":{"Estimated reading time":"1 minute"},"schema":{"@context":"https:\/\/schema.org","@graph":[{"@type":"WebPage","@id":"https:\/\/padelzoco.es\/product\/munequeras-adidas-originals-pequenas\/","url":"https:\/\/padelzoco.es\/product\/munequeras-adidas-originals-pequenas\/","name":"Mu\u00f1equeras Adidas Originals peque\u00f1as - Padel Zoco","isPartOf":{"@id":"https:\/\/padelzoco.es\/#website"},"primaryImageOfPage":{"@id":"https:\/\/padelzoco.es\/product\/munequeras-adidas-originals-pequenas\/#primaryimage"},"image":{"@id":"https:\/\/padelzoco.es\/product\/munequeras-adidas-originals-pequenas\/#primaryimage"},"thumbnailUrl":"https:\/\/padelzoco.es\/wp-content\/uploads\/2025\/06\/ADIDAS-Originals-Small-Wristbands-White-01.webp","datePublished":"2025-06-21T23:20:44+00:00","dateModified":"2026-04-30T18:16:15+00:00","description":"Mant\u00e9n el sudor bajo control con las mu\u00f1equeras adidas Originals, c\u00f3modas, compactas y fabricadas con poli\u00e9ster reciclado. Estilo para cada partido.","breadcrumb":{"@id":"https:\/\/padelzoco.es\/product\/munequeras-adidas-originals-pequenas\/#breadcrumb"},"inLanguage":"en-GB","potentialAction":[{"@type":"ReadAction","target":["https:\/\/padelzoco.es\/product\/munequeras-adidas-originals-pequenas\/"]}]},{"@type":"ImageObject","inLanguage":"en-GB","@id":"https:\/\/padelzoco.es\/product\/munequeras-adidas-originals-pequenas\/#primaryimage","url":"https:\/\/padelzoco.es\/wp-content\/uploads\/2025\/06\/ADIDAS-Originals-Small-Wristbands-White-01.webp","contentUrl":"https:\/\/padelzoco.es\/wp-content\/uploads\/2025\/06\/ADIDAS-Originals-Small-Wristbands-White-01.webp","width":1400,"height":1400,"caption":"ADIDAS Originals Small Wristbands White 01"},{"@type":"BreadcrumbList","@id":"https:\/\/padelzoco.es\/product\/munequeras-adidas-originals-pequenas\/#breadcrumb","itemListElement":[{"@type":"ListItem","position":1,"name":"Home","item":"https:\/\/padelzoco.es\/"},{"@type":"ListItem","position":2,"name":"Padel Zoco","item":"https:\/\/padelzoco.es\/padel-zoco\/"},{"@type":"ListItem","position":3,"name":"Mu\u00f1equeras Adidas Originals peque\u00f1as"}]},{"@type":"WebSite","@id":"https:\/\/padelzoco.es\/#website","url":"https:\/\/padelzoco.es\/","name":"Padel Zoco","description":"Padel Zoco | Spain","publisher":{"@id":"https:\/\/padelzoco.es\/#organization"},"potentialAction":[{"@type":"SearchAction","target":{"@type":"EntryPoint","urlTemplate":"https:\/\/padelzoco.es\/?s={search_term_string}"},"query-input":{"@type":"PropertyValueSpecification","valueRequired":true,"valueName":"search_term_string"}}],"inLanguage":"en-GB"},{"@type":"Organization","@id":"https:\/\/padelzoco.es\/#organization","name":"Padel Zoco","url":"https:\/\/padelzoco.es\/","logo":{"@type":"ImageObject","inLanguage":"en-GB","@id":"https:\/\/padelzoco.es\/#\/schema\/logo\/image\/","url":"https:\/\/padelzoco.es\/wp-content\/uploads\/2023\/11\/PadelZoco_Logo_black_white.webp","contentUrl":"https:\/\/padelzoco.es\/wp-content\/uploads\/2023\/11\/PadelZoco_Logo_black_white.webp","width":1500,"height":631,"caption":"Padel Zoco"},"image":{"@id":"https:\/\/padelzoco.es\/#\/schema\/logo\/image\/"}}]}},"_links":{"self":[{"href":"https:\/\/padelzoco.es\/en\/wp-json\/wp\/v2\/product\/22350","targetHints":{"allow":["GET"]}}],"collection":[{"href":"https:\/\/padelzoco.es\/en\/wp-json\/wp\/v2\/product"}],"about":[{"href":"https:\/\/padelzoco.es\/en\/wp-json\/wp\/v2\/types\/product"}],"version-history":[{"count":3,"href":"https:\/\/padelzoco.es\/en\/wp-json\/wp\/v2\/product\/22350\/revisions"}],"predecessor-version":[{"id":22455,"href":"https:\/\/padelzoco.es\/en\/wp-json\/wp\/v2\/product\/22350\/revisions\/22455"}],"wp:featuredmedia":[{"embeddable":true,"href":"https:\/\/padelzoco.es\/en\/wp-json\/wp\/v2\/media\/22353"}],"wp:attachment":[{"href":"https:\/\/padelzoco.es\/en\/wp-json\/wp\/v2\/media?parent=22350"}],"wp:term":[{"taxonomy":"product_brand","embeddable":true,"href":"https:\/\/padelzoco.es\/en\/wp-json\/wp\/v2\/product_brand?post=22350"},{"taxonomy":"product_cat","embeddable":true,"href":"https:\/\/padelzoco.es\/en\/wp-json\/wp\/v2\/product_cat?post=22350"},{"taxonomy":"product_tag","embeddable":true,"href":"https:\/\/padelzoco.es\/en\/wp-json\/wp\/v2\/product_tag?post=22350"}],"curies":[{"name":"wp","href":"https:\/\/api.w.org\/{rel}","templated":true}]}}