{"id":22640,"date":"2025-06-27T00:52:11","date_gmt":"2025-06-26T23:52:11","guid":{"rendered":"https:\/\/adc06f55e9.nxcli.io\/?post_type=product&#038;p=22640"},"modified":"2026-04-30T19:15:42","modified_gmt":"2026-04-30T18:15:42","slug":"blister-oso-padel-gripstick-negro-3-overgrip","status":"publish","type":"product","link":"https:\/\/padelzoco.es\/en\/product\/blister-oso-padel-gripstick-negro-3-overgrip\/","title":{"rendered":"Blister OSO Padel GripStick Negro 3 Overgrip"},"content":{"rendered":"<p data-start=\"28\" data-end=\"329\"><strong data-start=\"28\" data-end=\"65\">M\u00e1ximo agarre, sin deslizamientos<\/strong><br data-start=\"65\" data-end=\"68\" \/>Mejora tu sensaci\u00f3n y control en pista con el <strong data-start=\"114\" data-end=\"147\">overgrip OSO Padel Grip Stick<\/strong>, dise\u00f1ado para jugadores que priorizan la <strong data-start=\"190\" data-end=\"212\">adherencia extrema<\/strong> y la <strong data-start=\"218\" data-end=\"231\">precisi\u00f3n<\/strong>. Su superficie texturizada y de alta fricci\u00f3n ofrece un <strong data-start=\"288\" data-end=\"310\" data-is-only-node=\"\">agarre inmejorable<\/strong>, golpe tras golpe.<\/p>\n<ul data-start=\"331\" data-end=\"555\">\n<li data-start=\"331\" data-end=\"378\">\n<p data-start=\"333\" data-end=\"378\">Dise\u00f1ado para mejorar al m\u00e1ximo el <strong data-start=\"368\" data-end=\"378\">agarre<\/strong><\/p>\n<\/li>\n<li data-start=\"379\" data-end=\"437\">\n<p data-start=\"381\" data-end=\"437\">Ideal para jugar en <strong data-start=\"401\" data-end=\"417\">climas secos<\/strong> o en <strong data-start=\"423\" data-end=\"437\">interiores<\/strong><\/p>\n<\/li>\n<li data-start=\"438\" data-end=\"519\">\n<p data-start=\"440\" data-end=\"519\">Proporciona una conexi\u00f3n directa entre la <strong data-start=\"482\" data-end=\"500\">mano y el pu\u00f1o<\/strong> para mayor control<\/p>\n<\/li>\n<li data-start=\"520\" data-end=\"555\">\n<p data-start=\"522\" data-end=\"555\"><strong data-start=\"522\" data-end=\"542\">F\u00e1cil de colocar<\/strong> y reemplazar<\/p>\n<\/li>\n<\/ul>","protected":false},"excerpt":{"rendered":"<p data-start=\"28\" data-end=\"329\"><strong data-start=\"28\" data-end=\"65\">M\u00e1ximo agarre, sin deslizamientos<\/strong><br data-start=\"65\" data-end=\"68\" \/>Mejora tu sensaci\u00f3n y control en pista con el <strong data-start=\"114\" data-end=\"147\">overgrip OSO Padel Grip Stick<\/strong>, dise\u00f1ado para jugadores que priorizan la <strong data-start=\"190\" data-end=\"212\">adherencia extrema<\/strong> y la <strong data-start=\"218\" data-end=\"231\">precisi\u00f3n<\/strong>. Su superficie texturizada y de alta fricci\u00f3n ofrece un <strong data-start=\"288\" data-end=\"310\" data-is-only-node=\"\">agarre inmejorable<\/strong>, golpe tras golpe.<\/p>\n<ul data-start=\"331\" data-end=\"555\">\n<li data-start=\"331\" data-end=\"378\">\n<p data-start=\"333\" data-end=\"378\">Dise\u00f1ado para mejorar al m\u00e1ximo el <strong data-start=\"368\" data-end=\"378\">agarre<\/strong><\/p>\n<\/li>\n<li data-start=\"379\" data-end=\"437\">\n<p data-start=\"381\" data-end=\"437\">Ideal para jugar en <strong data-start=\"401\" data-end=\"417\">climas secos<\/strong> o en <strong data-start=\"423\" data-end=\"437\">interiores<\/strong><\/p>\n<\/li>\n<li data-start=\"438\" data-end=\"519\">\n<p data-start=\"440\" data-end=\"519\">Proporciona una conexi\u00f3n directa entre la <strong data-start=\"482\" data-end=\"500\">mano y el pu\u00f1o<\/strong> para mayor control<\/p>\n<\/li>\n<li data-start=\"520\" data-end=\"555\">\n<p data-start=\"522\" data-end=\"555\"><strong data-start=\"522\" data-end=\"542\">F\u00e1cil de colocar<\/strong> y reemplazar<\/p>\n<\/li>\n<\/ul>","protected":false},"featured_media":22652,"template":"","meta":[],"product_brand":[],"product_cat":[637,638,701,15],"product_tag":[],"class_list":{"0":"post-22640","1":"product","2":"type-product","3":"status-publish","4":"has-post-thumbnail","6":"product_cat-accesorios","7":"product_cat-grips-and-overgrips","8":"product_cat-oso-padel","9":"product_cat-uncategorized","10":"pa_hs_code-929","12":"first","13":"instock","14":"taxable","15":"shipping-taxable","16":"purchasable","17":"product-type-simple"},"yoast_head":"<!-- This site is optimized with the Yoast SEO plugin v27.5 - https:\/\/yoast.com\/product\/yoast-seo-wordpress\/ -->\n<title>Blister OSO Padel GripStick Negro 3 Overgrip - Padel Zoco<\/title>\n<meta name=\"description\" content=\"Descubre el overgrip OSO Padel Grip Stick: m\u00e1xima adherencia, control total y f\u00e1cil colocaci\u00f3n. Perfecto para jugar en interior o clima seco.\" \/>\n<meta name=\"robots\" content=\"index, follow, max-snippet:-1, max-image-preview:large, max-video-preview:-1\" \/>\n<link rel=\"canonical\" href=\"https:\/\/padelzoco.es\/en\/product\/blister-oso-padel-gripstick-negro-3-overgrip\/\" \/>\n<meta property=\"og:locale\" content=\"en_GB\" \/>\n<meta property=\"og:type\" content=\"article\" \/>\n<meta property=\"og:title\" content=\"Blister OSO Padel GripStick Negro 3 Overgrip - Padel Zoco\" \/>\n<meta property=\"og:description\" content=\"Descubre el overgrip OSO Padel Grip Stick: m\u00e1xima adherencia, control total y f\u00e1cil colocaci\u00f3n. Perfecto para jugar en interior o clima seco.\" \/>\n<meta property=\"og:url\" content=\"https:\/\/padelzoco.es\/en\/product\/blister-oso-padel-gripstick-negro-3-overgrip\/\" \/>\n<meta property=\"og:site_name\" content=\"Padel Zoco\" \/>\n<meta property=\"article:modified_time\" content=\"2026-04-30T18:15:42+00:00\" \/>\n<meta property=\"og:image\" content=\"https:\/\/padelzoco.es\/wp-content\/uploads\/2025\/06\/Gripstick-black.jpg\" \/>\n\t<meta property=\"og:image:width\" content=\"1763\" \/>\n\t<meta property=\"og:image:height\" content=\"1870\" \/>\n\t<meta property=\"og:image:type\" content=\"image\/jpeg\" \/>\n<meta name=\"twitter:card\" content=\"summary_large_image\" \/>\n<meta name=\"twitter:label1\" content=\"Estimated reading time\" \/>\n\t<meta name=\"twitter:data1\" content=\"1 minute\" \/>\n<script type=\"application\/ld+json\" class=\"yoast-schema-graph\">{\"@context\":\"https:\\\/\\\/schema.org\",\"@graph\":[{\"@type\":\"WebPage\",\"@id\":\"https:\\\/\\\/padelzoco.es\\\/product\\\/blister-oso-padel-gripstick-negro-3-overgrip\\\/\",\"url\":\"https:\\\/\\\/padelzoco.es\\\/product\\\/blister-oso-padel-gripstick-negro-3-overgrip\\\/\",\"name\":\"Blister OSO Padel GripStick Negro 3 Overgrip - Padel Zoco\",\"isPartOf\":{\"@id\":\"https:\\\/\\\/padelzoco.es\\\/#website\"},\"primaryImageOfPage\":{\"@id\":\"https:\\\/\\\/padelzoco.es\\\/product\\\/blister-oso-padel-gripstick-negro-3-overgrip\\\/#primaryimage\"},\"image\":{\"@id\":\"https:\\\/\\\/padelzoco.es\\\/product\\\/blister-oso-padel-gripstick-negro-3-overgrip\\\/#primaryimage\"},\"thumbnailUrl\":\"https:\\\/\\\/padelzoco.es\\\/wp-content\\\/uploads\\\/2025\\\/06\\\/Gripstick-black.jpg\",\"datePublished\":\"2025-06-26T23:52:11+00:00\",\"dateModified\":\"2026-04-30T18:15:42+00:00\",\"description\":\"Descubre el overgrip OSO Padel Grip Stick: m\u00e1xima adherencia, control total y f\u00e1cil colocaci\u00f3n. Perfecto para jugar en interior o clima seco.\",\"breadcrumb\":{\"@id\":\"https:\\\/\\\/padelzoco.es\\\/product\\\/blister-oso-padel-gripstick-negro-3-overgrip\\\/#breadcrumb\"},\"inLanguage\":\"en-GB\",\"potentialAction\":[{\"@type\":\"ReadAction\",\"target\":[\"https:\\\/\\\/padelzoco.es\\\/product\\\/blister-oso-padel-gripstick-negro-3-overgrip\\\/\"]}]},{\"@type\":\"ImageObject\",\"inLanguage\":\"en-GB\",\"@id\":\"https:\\\/\\\/padelzoco.es\\\/product\\\/blister-oso-padel-gripstick-negro-3-overgrip\\\/#primaryimage\",\"url\":\"https:\\\/\\\/padelzoco.es\\\/wp-content\\\/uploads\\\/2025\\\/06\\\/Gripstick-black.jpg\",\"contentUrl\":\"https:\\\/\\\/padelzoco.es\\\/wp-content\\\/uploads\\\/2025\\\/06\\\/Gripstick-black.jpg\",\"width\":1763,\"height\":1870},{\"@type\":\"BreadcrumbList\",\"@id\":\"https:\\\/\\\/padelzoco.es\\\/product\\\/blister-oso-padel-gripstick-negro-3-overgrip\\\/#breadcrumb\",\"itemListElement\":[{\"@type\":\"ListItem\",\"position\":1,\"name\":\"Home\",\"item\":\"https:\\\/\\\/padelzoco.es\\\/\"},{\"@type\":\"ListItem\",\"position\":2,\"name\":\"Padel Zoco\",\"item\":\"https:\\\/\\\/padelzoco.es\\\/padel-zoco\\\/\"},{\"@type\":\"ListItem\",\"position\":3,\"name\":\"Blister OSO Padel GripStick Negro 3 Overgrip\"}]},{\"@type\":\"WebSite\",\"@id\":\"https:\\\/\\\/padelzoco.es\\\/#website\",\"url\":\"https:\\\/\\\/padelzoco.es\\\/\",\"name\":\"Padel Zoco\",\"description\":\"Padel Zoco | Spain\",\"publisher\":{\"@id\":\"https:\\\/\\\/padelzoco.es\\\/#organization\"},\"potentialAction\":[{\"@type\":\"SearchAction\",\"target\":{\"@type\":\"EntryPoint\",\"urlTemplate\":\"https:\\\/\\\/padelzoco.es\\\/?s={search_term_string}\"},\"query-input\":{\"@type\":\"PropertyValueSpecification\",\"valueRequired\":true,\"valueName\":\"search_term_string\"}}],\"inLanguage\":\"en-GB\"},{\"@type\":\"Organization\",\"@id\":\"https:\\\/\\\/padelzoco.es\\\/#organization\",\"name\":\"Padel Zoco\",\"url\":\"https:\\\/\\\/padelzoco.es\\\/\",\"logo\":{\"@type\":\"ImageObject\",\"inLanguage\":\"en-GB\",\"@id\":\"https:\\\/\\\/padelzoco.es\\\/#\\\/schema\\\/logo\\\/image\\\/\",\"url\":\"https:\\\/\\\/padelzoco.es\\\/wp-content\\\/uploads\\\/2023\\\/11\\\/PadelZoco_Logo_black_white.webp\",\"contentUrl\":\"https:\\\/\\\/padelzoco.es\\\/wp-content\\\/uploads\\\/2023\\\/11\\\/PadelZoco_Logo_black_white.webp\",\"width\":1500,\"height\":631,\"caption\":\"Padel Zoco\"},\"image\":{\"@id\":\"https:\\\/\\\/padelzoco.es\\\/#\\\/schema\\\/logo\\\/image\\\/\"}}]}<\/script>\n<!-- \/ Yoast SEO plugin. -->","yoast_head_json":{"title":"Blister OSO Padel GripStick Negro 3 Overgrip - Padel Zoco","description":"Descubre el overgrip OSO Padel Grip Stick: m\u00e1xima adherencia, control total y f\u00e1cil colocaci\u00f3n. Perfecto para jugar en interior o clima seco.","robots":{"index":"index","follow":"follow","max-snippet":"max-snippet:-1","max-image-preview":"max-image-preview:large","max-video-preview":"max-video-preview:-1"},"canonical":"https:\/\/padelzoco.es\/en\/product\/blister-oso-padel-gripstick-negro-3-overgrip\/","og_locale":"en_GB","og_type":"article","og_title":"Blister OSO Padel GripStick Negro 3 Overgrip - Padel Zoco","og_description":"Descubre el overgrip OSO Padel Grip Stick: m\u00e1xima adherencia, control total y f\u00e1cil colocaci\u00f3n. Perfecto para jugar en interior o clima seco.","og_url":"https:\/\/padelzoco.es\/en\/product\/blister-oso-padel-gripstick-negro-3-overgrip\/","og_site_name":"Padel Zoco","article_modified_time":"2026-04-30T18:15:42+00:00","og_image":[{"width":1763,"height":1870,"url":"https:\/\/padelzoco.es\/wp-content\/uploads\/2025\/06\/Gripstick-black.jpg","type":"image\/jpeg"}],"twitter_card":"summary_large_image","twitter_misc":{"Estimated reading time":"1 minute"},"schema":{"@context":"https:\/\/schema.org","@graph":[{"@type":"WebPage","@id":"https:\/\/padelzoco.es\/product\/blister-oso-padel-gripstick-negro-3-overgrip\/","url":"https:\/\/padelzoco.es\/product\/blister-oso-padel-gripstick-negro-3-overgrip\/","name":"Blister OSO Padel GripStick Negro 3 Overgrip - Padel Zoco","isPartOf":{"@id":"https:\/\/padelzoco.es\/#website"},"primaryImageOfPage":{"@id":"https:\/\/padelzoco.es\/product\/blister-oso-padel-gripstick-negro-3-overgrip\/#primaryimage"},"image":{"@id":"https:\/\/padelzoco.es\/product\/blister-oso-padel-gripstick-negro-3-overgrip\/#primaryimage"},"thumbnailUrl":"https:\/\/padelzoco.es\/wp-content\/uploads\/2025\/06\/Gripstick-black.jpg","datePublished":"2025-06-26T23:52:11+00:00","dateModified":"2026-04-30T18:15:42+00:00","description":"Descubre el overgrip OSO Padel Grip Stick: m\u00e1xima adherencia, control total y f\u00e1cil colocaci\u00f3n. Perfecto para jugar en interior o clima seco.","breadcrumb":{"@id":"https:\/\/padelzoco.es\/product\/blister-oso-padel-gripstick-negro-3-overgrip\/#breadcrumb"},"inLanguage":"en-GB","potentialAction":[{"@type":"ReadAction","target":["https:\/\/padelzoco.es\/product\/blister-oso-padel-gripstick-negro-3-overgrip\/"]}]},{"@type":"ImageObject","inLanguage":"en-GB","@id":"https:\/\/padelzoco.es\/product\/blister-oso-padel-gripstick-negro-3-overgrip\/#primaryimage","url":"https:\/\/padelzoco.es\/wp-content\/uploads\/2025\/06\/Gripstick-black.jpg","contentUrl":"https:\/\/padelzoco.es\/wp-content\/uploads\/2025\/06\/Gripstick-black.jpg","width":1763,"height":1870},{"@type":"BreadcrumbList","@id":"https:\/\/padelzoco.es\/product\/blister-oso-padel-gripstick-negro-3-overgrip\/#breadcrumb","itemListElement":[{"@type":"ListItem","position":1,"name":"Home","item":"https:\/\/padelzoco.es\/"},{"@type":"ListItem","position":2,"name":"Padel Zoco","item":"https:\/\/padelzoco.es\/padel-zoco\/"},{"@type":"ListItem","position":3,"name":"Blister OSO Padel GripStick Negro 3 Overgrip"}]},{"@type":"WebSite","@id":"https:\/\/padelzoco.es\/#website","url":"https:\/\/padelzoco.es\/","name":"Padel Zoco","description":"Padel Zoco | Spain","publisher":{"@id":"https:\/\/padelzoco.es\/#organization"},"potentialAction":[{"@type":"SearchAction","target":{"@type":"EntryPoint","urlTemplate":"https:\/\/padelzoco.es\/?s={search_term_string}"},"query-input":{"@type":"PropertyValueSpecification","valueRequired":true,"valueName":"search_term_string"}}],"inLanguage":"en-GB"},{"@type":"Organization","@id":"https:\/\/padelzoco.es\/#organization","name":"Padel Zoco","url":"https:\/\/padelzoco.es\/","logo":{"@type":"ImageObject","inLanguage":"en-GB","@id":"https:\/\/padelzoco.es\/#\/schema\/logo\/image\/","url":"https:\/\/padelzoco.es\/wp-content\/uploads\/2023\/11\/PadelZoco_Logo_black_white.webp","contentUrl":"https:\/\/padelzoco.es\/wp-content\/uploads\/2023\/11\/PadelZoco_Logo_black_white.webp","width":1500,"height":631,"caption":"Padel Zoco"},"image":{"@id":"https:\/\/padelzoco.es\/#\/schema\/logo\/image\/"}}]}},"_links":{"self":[{"href":"https:\/\/padelzoco.es\/en\/wp-json\/wp\/v2\/product\/22640","targetHints":{"allow":["GET"]}}],"collection":[{"href":"https:\/\/padelzoco.es\/en\/wp-json\/wp\/v2\/product"}],"about":[{"href":"https:\/\/padelzoco.es\/en\/wp-json\/wp\/v2\/types\/product"}],"version-history":[{"count":3,"href":"https:\/\/padelzoco.es\/en\/wp-json\/wp\/v2\/product\/22640\/revisions"}],"predecessor-version":[{"id":22693,"href":"https:\/\/padelzoco.es\/en\/wp-json\/wp\/v2\/product\/22640\/revisions\/22693"}],"wp:featuredmedia":[{"embeddable":true,"href":"https:\/\/padelzoco.es\/en\/wp-json\/wp\/v2\/media\/22652"}],"wp:attachment":[{"href":"https:\/\/padelzoco.es\/en\/wp-json\/wp\/v2\/media?parent=22640"}],"wp:term":[{"taxonomy":"product_brand","embeddable":true,"href":"https:\/\/padelzoco.es\/en\/wp-json\/wp\/v2\/product_brand?post=22640"},{"taxonomy":"product_cat","embeddable":true,"href":"https:\/\/padelzoco.es\/en\/wp-json\/wp\/v2\/product_cat?post=22640"},{"taxonomy":"product_tag","embeddable":true,"href":"https:\/\/padelzoco.es\/en\/wp-json\/wp\/v2\/product_tag?post=22640"}],"curies":[{"name":"wp","href":"https:\/\/api.w.org\/{rel}","templated":true}]}}