{"id":22646,"date":"2025-06-27T00:52:13","date_gmt":"2025-06-26T23:52:13","guid":{"rendered":"https:\/\/adc06f55e9.nxcli.io\/?post_type=product&#038;p=22646"},"modified":"2026-02-11T13:56:57","modified_gmt":"2026-02-11T12:56:57","slug":"calcetines-oso-padel-negros-tobilleros-2pack","status":"publish","type":"product","link":"https:\/\/padelzoco.es\/en\/product\/calcetines-oso-padel-negros-tobilleros-2pack\/","title":{"rendered":"Calcetines OSO Padel Negros Tobilleros 2pack"},"content":{"rendered":"","protected":false},"excerpt":{"rendered":"<div id=\"tab-description\" class=\"product-attribute description-list\" tabindex=\"0\" role=\"tabpanel\" data-role=\"content\" aria-hidden=\"false\">\n<div id=\"tab-description\" class=\"product-attribute description-list\" role=\"tabpanel\" data-role=\"content\" aria-hidden=\"false\">\n<p>Tu compa\u00f1ero perfecto en la pista.<br \/>\nDise\u00f1ados con precisi\u00f3n, los calcetines OSO Padel combinan a la perfecci\u00f3n comodidad y rendimiento. Fabricados con una mezcla de alta calidad (60% algod\u00f3n, 30% nailon y 10% spandex), ofrecen el equilibrio ideal entre suavidad, resistencia y flexibilidad.<\/p>\n<p>Mant\u00e9n los pies frescos y secos gracias a la tecnolog\u00eda de absorci\u00f3n de humedad, que asegura confort durante todo el partido. La amortiguaci\u00f3n estrat\u00e9gica brinda soporte y absorci\u00f3n de impactos, mientras el refuerzo de nailon mejora la durabilidad. Con un dise\u00f1o elegante, los calcetines OSO no solo rinden: tambi\u00e9n tienen estilo. Eleva tu juego con OSO.<\/p>\n<\/div>\n<\/div>","protected":false},"featured_media":22658,"template":"","meta":[],"product_brand":[],"product_cat":[637,614,608,609,701,601,610,15],"product_tag":[],"class_list":{"0":"post-22646","1":"product","2":"type-product","3":"status-publish","4":"has-post-thumbnail","6":"product_cat-accesorios","7":"product_cat-calcetines-ropa","8":"product_cat-hombre-ropa","9":"product_cat-mujer-ropa","10":"product_cat-oso-padel","11":"product_cat-ropa","12":"product_cat-tipo-de-prenda","13":"product_cat-uncategorized","14":"pa_color-black","15":"pa_hs_code-932","16":"pa_size-l-44-46","17":"pa_size-m-41-43","18":"pa_size-xl","20":"first","21":"instock","22":"taxable","23":"shipping-taxable","24":"purchasable","25":"product-type-variable"},"yoast_head":"<!-- This site is optimized with the Yoast SEO plugin v27.3 - https:\/\/yoast.com\/product\/yoast-seo-wordpress\/ -->\n<title>Calcetines OSO Padel Negros Tobilleros 2pack - Padel Zoco<\/title>\n<meta name=\"description\" content=\"Juega con comodidad y estilo con los calcetines OSO Padel: absorci\u00f3n de humedad, refuerzo duradero y dise\u00f1o elegante para elevar tu juego.\" \/>\n<meta name=\"robots\" content=\"index, follow, max-snippet:-1, max-image-preview:large, max-video-preview:-1\" \/>\n<link rel=\"canonical\" href=\"https:\/\/padelzoco.es\/en\/product\/calcetines-oso-padel-negros-tobilleros-2pack\/\" \/>\n<meta property=\"og:locale\" content=\"en_GB\" \/>\n<meta property=\"og:type\" content=\"article\" \/>\n<meta property=\"og:title\" content=\"Calcetines OSO Padel Negros Tobilleros 2pack - Padel Zoco\" \/>\n<meta property=\"og:description\" content=\"Juega con comodidad y estilo con los calcetines OSO Padel: absorci\u00f3n de humedad, refuerzo duradero y dise\u00f1o elegante para elevar tu juego.\" \/>\n<meta property=\"og:url\" content=\"https:\/\/padelzoco.es\/en\/product\/calcetines-oso-padel-negros-tobilleros-2pack\/\" \/>\n<meta property=\"og:site_name\" content=\"Padel Zoco\" \/>\n<meta property=\"article:modified_time\" content=\"2026-02-11T12:56:57+00:00\" \/>\n<meta property=\"og:image\" content=\"https:\/\/padelzoco.es\/wp-content\/uploads\/2025\/06\/OSO-padel-socks-Black-ankel.jpg\" \/>\n\t<meta property=\"og:image:width\" content=\"1400\" \/>\n\t<meta property=\"og:image:height\" content=\"1400\" \/>\n\t<meta property=\"og:image:type\" content=\"image\/jpeg\" \/>\n<meta name=\"twitter:card\" content=\"summary_large_image\" \/>\n<meta name=\"twitter:label1\" content=\"Estimated reading time\" \/>\n\t<meta name=\"twitter:data1\" content=\"1 minute\" \/>\n<script type=\"application\/ld+json\" class=\"yoast-schema-graph\">{\"@context\":\"https:\\\/\\\/schema.org\",\"@graph\":[{\"@type\":\"WebPage\",\"@id\":\"https:\\\/\\\/padelzoco.es\\\/product\\\/calcetines-oso-padel-negros-tobilleros-2pack\\\/\",\"url\":\"https:\\\/\\\/padelzoco.es\\\/product\\\/calcetines-oso-padel-negros-tobilleros-2pack\\\/\",\"name\":\"Calcetines OSO Padel Negros Tobilleros 2pack - Padel Zoco\",\"isPartOf\":{\"@id\":\"https:\\\/\\\/padelzoco.es\\\/#website\"},\"primaryImageOfPage\":{\"@id\":\"https:\\\/\\\/padelzoco.es\\\/product\\\/calcetines-oso-padel-negros-tobilleros-2pack\\\/#primaryimage\"},\"image\":{\"@id\":\"https:\\\/\\\/padelzoco.es\\\/product\\\/calcetines-oso-padel-negros-tobilleros-2pack\\\/#primaryimage\"},\"thumbnailUrl\":\"https:\\\/\\\/padelzoco.es\\\/wp-content\\\/uploads\\\/2025\\\/06\\\/OSO-padel-socks-Black-ankel.jpg\",\"datePublished\":\"2025-06-26T23:52:13+00:00\",\"dateModified\":\"2026-02-11T12:56:57+00:00\",\"description\":\"Juega con comodidad y estilo con los calcetines OSO Padel: absorci\u00f3n de humedad, refuerzo duradero y dise\u00f1o elegante para elevar tu juego.\",\"breadcrumb\":{\"@id\":\"https:\\\/\\\/padelzoco.es\\\/product\\\/calcetines-oso-padel-negros-tobilleros-2pack\\\/#breadcrumb\"},\"inLanguage\":\"en-GB\",\"potentialAction\":[{\"@type\":\"ReadAction\",\"target\":[\"https:\\\/\\\/padelzoco.es\\\/product\\\/calcetines-oso-padel-negros-tobilleros-2pack\\\/\"]}]},{\"@type\":\"ImageObject\",\"inLanguage\":\"en-GB\",\"@id\":\"https:\\\/\\\/padelzoco.es\\\/product\\\/calcetines-oso-padel-negros-tobilleros-2pack\\\/#primaryimage\",\"url\":\"https:\\\/\\\/padelzoco.es\\\/wp-content\\\/uploads\\\/2025\\\/06\\\/OSO-padel-socks-Black-ankel.jpg\",\"contentUrl\":\"https:\\\/\\\/padelzoco.es\\\/wp-content\\\/uploads\\\/2025\\\/06\\\/OSO-padel-socks-Black-ankel.jpg\",\"width\":1400,\"height\":1400},{\"@type\":\"BreadcrumbList\",\"@id\":\"https:\\\/\\\/padelzoco.es\\\/product\\\/calcetines-oso-padel-negros-tobilleros-2pack\\\/#breadcrumb\",\"itemListElement\":[{\"@type\":\"ListItem\",\"position\":1,\"name\":\"Home\",\"item\":\"https:\\\/\\\/padelzoco.es\\\/\"},{\"@type\":\"ListItem\",\"position\":2,\"name\":\"Padel Zoco\",\"item\":\"https:\\\/\\\/padelzoco.es\\\/padel-zoco\\\/\"},{\"@type\":\"ListItem\",\"position\":3,\"name\":\"Calcetines OSO Padel Negros Tobilleros 2pack\"}]},{\"@type\":\"WebSite\",\"@id\":\"https:\\\/\\\/padelzoco.es\\\/#website\",\"url\":\"https:\\\/\\\/padelzoco.es\\\/\",\"name\":\"Padel Zoco\",\"description\":\"Padel Zoco | Spain\",\"publisher\":{\"@id\":\"https:\\\/\\\/padelzoco.es\\\/#organization\"},\"potentialAction\":[{\"@type\":\"SearchAction\",\"target\":{\"@type\":\"EntryPoint\",\"urlTemplate\":\"https:\\\/\\\/padelzoco.es\\\/?s={search_term_string}\"},\"query-input\":{\"@type\":\"PropertyValueSpecification\",\"valueRequired\":true,\"valueName\":\"search_term_string\"}}],\"inLanguage\":\"en-GB\"},{\"@type\":\"Organization\",\"@id\":\"https:\\\/\\\/padelzoco.es\\\/#organization\",\"name\":\"Padel Zoco\",\"url\":\"https:\\\/\\\/padelzoco.es\\\/\",\"logo\":{\"@type\":\"ImageObject\",\"inLanguage\":\"en-GB\",\"@id\":\"https:\\\/\\\/padelzoco.es\\\/#\\\/schema\\\/logo\\\/image\\\/\",\"url\":\"https:\\\/\\\/padelzoco.es\\\/wp-content\\\/uploads\\\/2023\\\/11\\\/PadelZoco_Logo_black_white.webp\",\"contentUrl\":\"https:\\\/\\\/padelzoco.es\\\/wp-content\\\/uploads\\\/2023\\\/11\\\/PadelZoco_Logo_black_white.webp\",\"width\":1500,\"height\":631,\"caption\":\"Padel Zoco\"},\"image\":{\"@id\":\"https:\\\/\\\/padelzoco.es\\\/#\\\/schema\\\/logo\\\/image\\\/\"}}]}<\/script>\n<!-- \/ Yoast SEO plugin. -->","yoast_head_json":{"title":"Calcetines OSO Padel Negros Tobilleros 2pack - Padel Zoco","description":"Juega con comodidad y estilo con los calcetines OSO Padel: absorci\u00f3n de humedad, refuerzo duradero y dise\u00f1o elegante para elevar tu juego.","robots":{"index":"index","follow":"follow","max-snippet":"max-snippet:-1","max-image-preview":"max-image-preview:large","max-video-preview":"max-video-preview:-1"},"canonical":"https:\/\/padelzoco.es\/en\/product\/calcetines-oso-padel-negros-tobilleros-2pack\/","og_locale":"en_GB","og_type":"article","og_title":"Calcetines OSO Padel Negros Tobilleros 2pack - Padel Zoco","og_description":"Juega con comodidad y estilo con los calcetines OSO Padel: absorci\u00f3n de humedad, refuerzo duradero y dise\u00f1o elegante para elevar tu juego.","og_url":"https:\/\/padelzoco.es\/en\/product\/calcetines-oso-padel-negros-tobilleros-2pack\/","og_site_name":"Padel Zoco","article_modified_time":"2026-02-11T12:56:57+00:00","og_image":[{"width":1400,"height":1400,"url":"https:\/\/padelzoco.es\/wp-content\/uploads\/2025\/06\/OSO-padel-socks-Black-ankel.jpg","type":"image\/jpeg"}],"twitter_card":"summary_large_image","twitter_misc":{"Estimated reading time":"1 minute"},"schema":{"@context":"https:\/\/schema.org","@graph":[{"@type":"WebPage","@id":"https:\/\/padelzoco.es\/product\/calcetines-oso-padel-negros-tobilleros-2pack\/","url":"https:\/\/padelzoco.es\/product\/calcetines-oso-padel-negros-tobilleros-2pack\/","name":"Calcetines OSO Padel Negros Tobilleros 2pack - Padel Zoco","isPartOf":{"@id":"https:\/\/padelzoco.es\/#website"},"primaryImageOfPage":{"@id":"https:\/\/padelzoco.es\/product\/calcetines-oso-padel-negros-tobilleros-2pack\/#primaryimage"},"image":{"@id":"https:\/\/padelzoco.es\/product\/calcetines-oso-padel-negros-tobilleros-2pack\/#primaryimage"},"thumbnailUrl":"https:\/\/padelzoco.es\/wp-content\/uploads\/2025\/06\/OSO-padel-socks-Black-ankel.jpg","datePublished":"2025-06-26T23:52:13+00:00","dateModified":"2026-02-11T12:56:57+00:00","description":"Juega con comodidad y estilo con los calcetines OSO Padel: absorci\u00f3n de humedad, refuerzo duradero y dise\u00f1o elegante para elevar tu juego.","breadcrumb":{"@id":"https:\/\/padelzoco.es\/product\/calcetines-oso-padel-negros-tobilleros-2pack\/#breadcrumb"},"inLanguage":"en-GB","potentialAction":[{"@type":"ReadAction","target":["https:\/\/padelzoco.es\/product\/calcetines-oso-padel-negros-tobilleros-2pack\/"]}]},{"@type":"ImageObject","inLanguage":"en-GB","@id":"https:\/\/padelzoco.es\/product\/calcetines-oso-padel-negros-tobilleros-2pack\/#primaryimage","url":"https:\/\/padelzoco.es\/wp-content\/uploads\/2025\/06\/OSO-padel-socks-Black-ankel.jpg","contentUrl":"https:\/\/padelzoco.es\/wp-content\/uploads\/2025\/06\/OSO-padel-socks-Black-ankel.jpg","width":1400,"height":1400},{"@type":"BreadcrumbList","@id":"https:\/\/padelzoco.es\/product\/calcetines-oso-padel-negros-tobilleros-2pack\/#breadcrumb","itemListElement":[{"@type":"ListItem","position":1,"name":"Home","item":"https:\/\/padelzoco.es\/"},{"@type":"ListItem","position":2,"name":"Padel Zoco","item":"https:\/\/padelzoco.es\/padel-zoco\/"},{"@type":"ListItem","position":3,"name":"Calcetines OSO Padel Negros Tobilleros 2pack"}]},{"@type":"WebSite","@id":"https:\/\/padelzoco.es\/#website","url":"https:\/\/padelzoco.es\/","name":"Padel Zoco","description":"Padel Zoco | Spain","publisher":{"@id":"https:\/\/padelzoco.es\/#organization"},"potentialAction":[{"@type":"SearchAction","target":{"@type":"EntryPoint","urlTemplate":"https:\/\/padelzoco.es\/?s={search_term_string}"},"query-input":{"@type":"PropertyValueSpecification","valueRequired":true,"valueName":"search_term_string"}}],"inLanguage":"en-GB"},{"@type":"Organization","@id":"https:\/\/padelzoco.es\/#organization","name":"Padel Zoco","url":"https:\/\/padelzoco.es\/","logo":{"@type":"ImageObject","inLanguage":"en-GB","@id":"https:\/\/padelzoco.es\/#\/schema\/logo\/image\/","url":"https:\/\/padelzoco.es\/wp-content\/uploads\/2023\/11\/PadelZoco_Logo_black_white.webp","contentUrl":"https:\/\/padelzoco.es\/wp-content\/uploads\/2023\/11\/PadelZoco_Logo_black_white.webp","width":1500,"height":631,"caption":"Padel Zoco"},"image":{"@id":"https:\/\/padelzoco.es\/#\/schema\/logo\/image\/"}}]}},"_links":{"self":[{"href":"https:\/\/padelzoco.es\/en\/wp-json\/wp\/v2\/product\/22646","targetHints":{"allow":["GET"]}}],"collection":[{"href":"https:\/\/padelzoco.es\/en\/wp-json\/wp\/v2\/product"}],"about":[{"href":"https:\/\/padelzoco.es\/en\/wp-json\/wp\/v2\/types\/product"}],"version-history":[{"count":6,"href":"https:\/\/padelzoco.es\/en\/wp-json\/wp\/v2\/product\/22646\/revisions"}],"predecessor-version":[{"id":22704,"href":"https:\/\/padelzoco.es\/en\/wp-json\/wp\/v2\/product\/22646\/revisions\/22704"}],"wp:featuredmedia":[{"embeddable":true,"href":"https:\/\/padelzoco.es\/en\/wp-json\/wp\/v2\/media\/22658"}],"wp:attachment":[{"href":"https:\/\/padelzoco.es\/en\/wp-json\/wp\/v2\/media?parent=22646"}],"wp:term":[{"taxonomy":"product_brand","embeddable":true,"href":"https:\/\/padelzoco.es\/en\/wp-json\/wp\/v2\/product_brand?post=22646"},{"taxonomy":"product_cat","embeddable":true,"href":"https:\/\/padelzoco.es\/en\/wp-json\/wp\/v2\/product_cat?post=22646"},{"taxonomy":"product_tag","embeddable":true,"href":"https:\/\/padelzoco.es\/en\/wp-json\/wp\/v2\/product_tag?post=22646"}],"curies":[{"name":"wp","href":"https:\/\/api.w.org\/{rel}","templated":true}]}}