{"id":22714,"date":"2025-06-30T12:28:23","date_gmt":"2025-06-30T11:28:23","guid":{"rendered":"https:\/\/adc06f55e9.nxcli.io\/?post_type=product&#038;p=22714"},"modified":"2026-03-09T17:41:35","modified_gmt":"2026-03-09T16:41:35","slug":"floky-rodillera-knee-support-blanco","status":"publish","type":"product","link":"https:\/\/padelzoco.es\/en\/product\/floky-rodillera-knee-support-blanco\/","title":{"rendered":"Floky Rodillera Knee Support Blanco"},"content":{"rendered":"<div class=\"product-form__text\">\n<p>La Rodillera Floky KNEE Support es la <strong>primera rodillera biomec\u00e1nica<\/strong>\u00a0que utiliza bandas de silicona protectoras y estabilizadoras combinadas con tejidos antiinflamatorios.<\/p>\n<\/div>\n<div class=\"product-form__description rte\">\n<p>Dise\u00f1ada para\u00a0<strong>estabilizar la rodilla, sus estructuras tendinosas y ligamentos<\/strong>\u00a0con el objetivo de proteger durante el movimiento,<strong>\u00a0aliviar el dolor<\/strong>, ayudar en la fase de recuperaci\u00f3n y ayudar a reducir la inflamaci\u00f3n acelerando el proceso de curaci\u00f3n natural del cuerpo.<br \/>\nProtege y sujeta la rodilla mediante la estabilizaci\u00f3n generada por la compresi\u00f3n del tejido combinada con aplicaciones biomec\u00e1nicas, proporcionando un alivio inmediato y una reducci\u00f3n de las molestias inflamatorias.<\/p>\n<p><strong>Recomendado para aliviar y ayudar a los<\/strong><br \/>\n<strong>s\u00edntomas asociados a:<\/strong><\/p>\n<ul>\n<li>Tendinitis<\/li>\n<li>Dolor articular<\/li>\n<li>Distorsiones<\/li>\n<li>Lesiones ligamentosas de bajo grado<br \/>\nHinchaz\u00f3n<\/li>\n<\/ul>\n<div class=\"mceTemp\">Floky Rodillera Knee Support<\/div>\n<\/div>","protected":false},"excerpt":{"rendered":"<div class=\"product-form__text\">\n<p>La Rodillera Floky KNEE Support es la <strong>primera rodillera biomec\u00e1nica<\/strong>\u00a0que utiliza bandas de silicona protectoras y estabilizadoras combinadas con tejidos antiinflamatorios.<\/p>\n<\/div>\n<div class=\"product-form__description rte\">\n<p>Dise\u00f1ada para\u00a0<strong>estabilizar la rodilla, sus estructuras tendinosas y ligamentos<\/strong>\u00a0con el objetivo de proteger durante el movimiento,<strong>\u00a0aliviar el dolor<\/strong>, ayudar en la fase de recuperaci\u00f3n y ayudar a reducir la inflamaci\u00f3n acelerando el proceso de curaci\u00f3n natural del cuerpo.<br \/>\nProtege y sujeta la rodilla mediante la estabilizaci\u00f3n generada por la compresi\u00f3n del tejido combinada con aplicaciones biomec\u00e1nicas, proporcionando un alivio inmediato y una reducci\u00f3n de las molestias inflamatorias.<\/p>\n<p><strong>Recomendado para aliviar y ayudar a los<\/strong><br \/>\n<strong>s\u00edntomas asociados a:<\/strong><\/p>\n<ul>\n<li>Tendinitis<\/li>\n<li>Dolor articular<\/li>\n<li>Distorsiones<\/li>\n<li>Lesiones ligamentosas de bajo grado<\/li>\n<li>Hinchaz\u00f3n<\/li>\n<\/ul>\n<div class=\"mceTemp\"><\/div>\n<\/div>","protected":false},"featured_media":21533,"template":"","meta":[],"product_brand":[],"product_cat":[637,795],"product_tag":[],"class_list":{"0":"post-22714","1":"product","2":"type-product","3":"status-publish","4":"has-post-thumbnail","6":"product_cat-accesorios","7":"product_cat-rodillera","8":"pa_size-l-xl-derecha","9":"pa_size-l-xl-izquierda","10":"pa_size-m-l-derecha","11":"pa_size-m-l-izquierda","12":"pa_size-xs-s-derecha","13":"pa_size-xs-s-izquierda","15":"first","16":"instock","17":"sale","18":"taxable","19":"shipping-taxable","20":"purchasable","21":"product-type-variable"},"yoast_head":"<!-- This site is optimized with the Yoast SEO plugin v27.3 - https:\/\/yoast.com\/product\/yoast-seo-wordpress\/ -->\n<title>Floky Rodillera Knee Support Blanco - Padel Zoco<\/title>\n<meta name=\"description\" content=\"La Rodillera Floky KNEE Support es la primera rodillera\u00a0que utiliza bandas de silicona protectoras y estabilizadoras con tejidos antiinflamatorios.\" \/>\n<meta name=\"robots\" content=\"index, follow, max-snippet:-1, max-image-preview:large, max-video-preview:-1\" \/>\n<link rel=\"canonical\" href=\"https:\/\/padelzoco.es\/en\/product\/floky-rodillera-knee-support-blanco\/\" \/>\n<meta property=\"og:locale\" content=\"en_GB\" \/>\n<meta property=\"og:type\" content=\"article\" \/>\n<meta property=\"og:title\" content=\"Floky Rodillera Knee Support Blanco - Padel Zoco\" \/>\n<meta property=\"og:description\" content=\"La Rodillera Floky KNEE Support es la primera rodillera\u00a0que utiliza bandas de silicona protectoras y estabilizadoras con tejidos antiinflamatorios.\" \/>\n<meta property=\"og:url\" content=\"https:\/\/padelzoco.es\/en\/product\/floky-rodillera-knee-support-blanco\/\" \/>\n<meta property=\"og:site_name\" content=\"Padel Zoco\" \/>\n<meta property=\"article:modified_time\" content=\"2026-03-09T16:41:35+00:00\" \/>\n<meta property=\"og:image\" content=\"https:\/\/padelzoco.es\/wp-content\/uploads\/2025\/06\/FLOKY-Biomechanical-Knee-Support-Brace-White-01.webp\" \/>\n\t<meta property=\"og:image:width\" content=\"1400\" \/>\n\t<meta property=\"og:image:height\" content=\"1400\" \/>\n\t<meta property=\"og:image:type\" content=\"image\/webp\" \/>\n<meta name=\"twitter:card\" content=\"summary_large_image\" \/>\n<meta name=\"twitter:label1\" content=\"Estimated reading time\" \/>\n\t<meta name=\"twitter:data1\" content=\"1 minute\" \/>\n<script type=\"application\/ld+json\" class=\"yoast-schema-graph\">{\"@context\":\"https:\\\/\\\/schema.org\",\"@graph\":[{\"@type\":\"WebPage\",\"@id\":\"https:\\\/\\\/padelzoco.es\\\/product\\\/floky-rodillera-knee-support-blanco\\\/\",\"url\":\"https:\\\/\\\/padelzoco.es\\\/product\\\/floky-rodillera-knee-support-blanco\\\/\",\"name\":\"Floky Rodillera Knee Support Blanco - Padel Zoco\",\"isPartOf\":{\"@id\":\"https:\\\/\\\/padelzoco.es\\\/#website\"},\"primaryImageOfPage\":{\"@id\":\"https:\\\/\\\/padelzoco.es\\\/product\\\/floky-rodillera-knee-support-blanco\\\/#primaryimage\"},\"image\":{\"@id\":\"https:\\\/\\\/padelzoco.es\\\/product\\\/floky-rodillera-knee-support-blanco\\\/#primaryimage\"},\"thumbnailUrl\":\"https:\\\/\\\/padelzoco.es\\\/wp-content\\\/uploads\\\/2025\\\/06\\\/FLOKY-Biomechanical-Knee-Support-Brace-White-01.webp\",\"datePublished\":\"2025-06-30T11:28:23+00:00\",\"dateModified\":\"2026-03-09T16:41:35+00:00\",\"description\":\"La Rodillera Floky KNEE Support es la primera rodillera\u00a0que utiliza bandas de silicona protectoras y estabilizadoras con tejidos antiinflamatorios.\",\"breadcrumb\":{\"@id\":\"https:\\\/\\\/padelzoco.es\\\/product\\\/floky-rodillera-knee-support-blanco\\\/#breadcrumb\"},\"inLanguage\":\"en-GB\",\"potentialAction\":[{\"@type\":\"ReadAction\",\"target\":[\"https:\\\/\\\/padelzoco.es\\\/product\\\/floky-rodillera-knee-support-blanco\\\/\"]}]},{\"@type\":\"ImageObject\",\"inLanguage\":\"en-GB\",\"@id\":\"https:\\\/\\\/padelzoco.es\\\/product\\\/floky-rodillera-knee-support-blanco\\\/#primaryimage\",\"url\":\"https:\\\/\\\/padelzoco.es\\\/wp-content\\\/uploads\\\/2025\\\/06\\\/FLOKY-Biomechanical-Knee-Support-Brace-White-01.webp\",\"contentUrl\":\"https:\\\/\\\/padelzoco.es\\\/wp-content\\\/uploads\\\/2025\\\/06\\\/FLOKY-Biomechanical-Knee-Support-Brace-White-01.webp\",\"width\":1400,\"height\":1400},{\"@type\":\"BreadcrumbList\",\"@id\":\"https:\\\/\\\/padelzoco.es\\\/product\\\/floky-rodillera-knee-support-blanco\\\/#breadcrumb\",\"itemListElement\":[{\"@type\":\"ListItem\",\"position\":1,\"name\":\"Home\",\"item\":\"https:\\\/\\\/padelzoco.es\\\/\"},{\"@type\":\"ListItem\",\"position\":2,\"name\":\"Padel Zoco\",\"item\":\"https:\\\/\\\/padelzoco.es\\\/padel-zoco\\\/\"},{\"@type\":\"ListItem\",\"position\":3,\"name\":\"Floky Rodillera Knee Support Blanco\"}]},{\"@type\":\"WebSite\",\"@id\":\"https:\\\/\\\/padelzoco.es\\\/#website\",\"url\":\"https:\\\/\\\/padelzoco.es\\\/\",\"name\":\"Padel Zoco\",\"description\":\"Padel Zoco | Spain\",\"publisher\":{\"@id\":\"https:\\\/\\\/padelzoco.es\\\/#organization\"},\"potentialAction\":[{\"@type\":\"SearchAction\",\"target\":{\"@type\":\"EntryPoint\",\"urlTemplate\":\"https:\\\/\\\/padelzoco.es\\\/?s={search_term_string}\"},\"query-input\":{\"@type\":\"PropertyValueSpecification\",\"valueRequired\":true,\"valueName\":\"search_term_string\"}}],\"inLanguage\":\"en-GB\"},{\"@type\":\"Organization\",\"@id\":\"https:\\\/\\\/padelzoco.es\\\/#organization\",\"name\":\"Padel Zoco\",\"url\":\"https:\\\/\\\/padelzoco.es\\\/\",\"logo\":{\"@type\":\"ImageObject\",\"inLanguage\":\"en-GB\",\"@id\":\"https:\\\/\\\/padelzoco.es\\\/#\\\/schema\\\/logo\\\/image\\\/\",\"url\":\"https:\\\/\\\/padelzoco.es\\\/wp-content\\\/uploads\\\/2023\\\/11\\\/PadelZoco_Logo_black_white.webp\",\"contentUrl\":\"https:\\\/\\\/padelzoco.es\\\/wp-content\\\/uploads\\\/2023\\\/11\\\/PadelZoco_Logo_black_white.webp\",\"width\":1500,\"height\":631,\"caption\":\"Padel Zoco\"},\"image\":{\"@id\":\"https:\\\/\\\/padelzoco.es\\\/#\\\/schema\\\/logo\\\/image\\\/\"}}]}<\/script>\n<!-- \/ Yoast SEO plugin. -->","yoast_head_json":{"title":"Floky Rodillera Knee Support Blanco - Padel Zoco","description":"La Rodillera Floky KNEE Support es la primera rodillera\u00a0que utiliza bandas de silicona protectoras y estabilizadoras con tejidos antiinflamatorios.","robots":{"index":"index","follow":"follow","max-snippet":"max-snippet:-1","max-image-preview":"max-image-preview:large","max-video-preview":"max-video-preview:-1"},"canonical":"https:\/\/padelzoco.es\/en\/product\/floky-rodillera-knee-support-blanco\/","og_locale":"en_GB","og_type":"article","og_title":"Floky Rodillera Knee Support Blanco - Padel Zoco","og_description":"La Rodillera Floky KNEE Support es la primera rodillera\u00a0que utiliza bandas de silicona protectoras y estabilizadoras con tejidos antiinflamatorios.","og_url":"https:\/\/padelzoco.es\/en\/product\/floky-rodillera-knee-support-blanco\/","og_site_name":"Padel Zoco","article_modified_time":"2026-03-09T16:41:35+00:00","og_image":[{"width":1400,"height":1400,"url":"https:\/\/padelzoco.es\/wp-content\/uploads\/2025\/06\/FLOKY-Biomechanical-Knee-Support-Brace-White-01.webp","type":"image\/webp"}],"twitter_card":"summary_large_image","twitter_misc":{"Estimated reading time":"1 minute"},"schema":{"@context":"https:\/\/schema.org","@graph":[{"@type":"WebPage","@id":"https:\/\/padelzoco.es\/product\/floky-rodillera-knee-support-blanco\/","url":"https:\/\/padelzoco.es\/product\/floky-rodillera-knee-support-blanco\/","name":"Floky Rodillera Knee Support Blanco - Padel Zoco","isPartOf":{"@id":"https:\/\/padelzoco.es\/#website"},"primaryImageOfPage":{"@id":"https:\/\/padelzoco.es\/product\/floky-rodillera-knee-support-blanco\/#primaryimage"},"image":{"@id":"https:\/\/padelzoco.es\/product\/floky-rodillera-knee-support-blanco\/#primaryimage"},"thumbnailUrl":"https:\/\/padelzoco.es\/wp-content\/uploads\/2025\/06\/FLOKY-Biomechanical-Knee-Support-Brace-White-01.webp","datePublished":"2025-06-30T11:28:23+00:00","dateModified":"2026-03-09T16:41:35+00:00","description":"La Rodillera Floky KNEE Support es la primera rodillera\u00a0que utiliza bandas de silicona protectoras y estabilizadoras con tejidos antiinflamatorios.","breadcrumb":{"@id":"https:\/\/padelzoco.es\/product\/floky-rodillera-knee-support-blanco\/#breadcrumb"},"inLanguage":"en-GB","potentialAction":[{"@type":"ReadAction","target":["https:\/\/padelzoco.es\/product\/floky-rodillera-knee-support-blanco\/"]}]},{"@type":"ImageObject","inLanguage":"en-GB","@id":"https:\/\/padelzoco.es\/product\/floky-rodillera-knee-support-blanco\/#primaryimage","url":"https:\/\/padelzoco.es\/wp-content\/uploads\/2025\/06\/FLOKY-Biomechanical-Knee-Support-Brace-White-01.webp","contentUrl":"https:\/\/padelzoco.es\/wp-content\/uploads\/2025\/06\/FLOKY-Biomechanical-Knee-Support-Brace-White-01.webp","width":1400,"height":1400},{"@type":"BreadcrumbList","@id":"https:\/\/padelzoco.es\/product\/floky-rodillera-knee-support-blanco\/#breadcrumb","itemListElement":[{"@type":"ListItem","position":1,"name":"Home","item":"https:\/\/padelzoco.es\/"},{"@type":"ListItem","position":2,"name":"Padel Zoco","item":"https:\/\/padelzoco.es\/padel-zoco\/"},{"@type":"ListItem","position":3,"name":"Floky Rodillera Knee Support Blanco"}]},{"@type":"WebSite","@id":"https:\/\/padelzoco.es\/#website","url":"https:\/\/padelzoco.es\/","name":"Padel Zoco","description":"Padel Zoco | Spain","publisher":{"@id":"https:\/\/padelzoco.es\/#organization"},"potentialAction":[{"@type":"SearchAction","target":{"@type":"EntryPoint","urlTemplate":"https:\/\/padelzoco.es\/?s={search_term_string}"},"query-input":{"@type":"PropertyValueSpecification","valueRequired":true,"valueName":"search_term_string"}}],"inLanguage":"en-GB"},{"@type":"Organization","@id":"https:\/\/padelzoco.es\/#organization","name":"Padel Zoco","url":"https:\/\/padelzoco.es\/","logo":{"@type":"ImageObject","inLanguage":"en-GB","@id":"https:\/\/padelzoco.es\/#\/schema\/logo\/image\/","url":"https:\/\/padelzoco.es\/wp-content\/uploads\/2023\/11\/PadelZoco_Logo_black_white.webp","contentUrl":"https:\/\/padelzoco.es\/wp-content\/uploads\/2023\/11\/PadelZoco_Logo_black_white.webp","width":1500,"height":631,"caption":"Padel Zoco"},"image":{"@id":"https:\/\/padelzoco.es\/#\/schema\/logo\/image\/"}}]}},"_links":{"self":[{"href":"https:\/\/padelzoco.es\/en\/wp-json\/wp\/v2\/product\/22714","targetHints":{"allow":["GET"]}}],"collection":[{"href":"https:\/\/padelzoco.es\/en\/wp-json\/wp\/v2\/product"}],"about":[{"href":"https:\/\/padelzoco.es\/en\/wp-json\/wp\/v2\/types\/product"}],"version-history":[{"count":2,"href":"https:\/\/padelzoco.es\/en\/wp-json\/wp\/v2\/product\/22714\/revisions"}],"predecessor-version":[{"id":30854,"href":"https:\/\/padelzoco.es\/en\/wp-json\/wp\/v2\/product\/22714\/revisions\/30854"}],"wp:featuredmedia":[{"embeddable":true,"href":"https:\/\/padelzoco.es\/en\/wp-json\/wp\/v2\/media\/21533"}],"wp:attachment":[{"href":"https:\/\/padelzoco.es\/en\/wp-json\/wp\/v2\/media?parent=22714"}],"wp:term":[{"taxonomy":"product_brand","embeddable":true,"href":"https:\/\/padelzoco.es\/en\/wp-json\/wp\/v2\/product_brand?post=22714"},{"taxonomy":"product_cat","embeddable":true,"href":"https:\/\/padelzoco.es\/en\/wp-json\/wp\/v2\/product_cat?post=22714"},{"taxonomy":"product_tag","embeddable":true,"href":"https:\/\/padelzoco.es\/en\/wp-json\/wp\/v2\/product_tag?post=22714"}],"curies":[{"name":"wp","href":"https:\/\/api.w.org\/{rel}","templated":true}]}}