{"id":23040,"date":"2025-07-15T12:16:51","date_gmt":"2025-07-15T11:16:51","guid":{"rendered":"https:\/\/padelzoco.es\/?post_type=product&#038;p=23040"},"modified":"2026-04-08T18:01:25","modified_gmt":"2026-04-08T17:01:25","slug":"bote-3-bolas-head-pro-3-tenis","status":"publish","type":"product","link":"https:\/\/padelzoco.es\/en\/product\/bote-3-bolas-head-pro-3-tenis\/","title":{"rendered":"Bote 3 Bolas Head Pro 3Tenis"},"content":{"rendered":"<div id=\"-body-1\" class=\"accordion_body\" role=\"region\" aria-labelledby=\"-title-1\">\n<div class=\"accordion_content\">\n<div class=\"product-detail product-detail_overview\">\n<div id=\"maincontent\" class=\"page-main\">\n<div class=\"columns\">\n<div class=\"product-info-main-top\">\n<div class=\"product attribute overview\">\n<div class=\"value\">\n<div class=\"kb0PBd cvP2Ce ieodic\" data-snf=\"nke7rc\" data-sncf=\"2\">\n<div class=\"VwiC3b yXK7lf lVm3ye r025kc hJNv6b\">\n<p data-start=\"191\" data-end=\"753\">Las pelotas HEAD PRO 3 est\u00e1n dise\u00f1adas para jugadores de club competitivos que exigen rendimiento, durabilidad y visibilidad. Gracias a la tecnolog\u00eda Encore\u2122, ofrecen una vida \u00fatil prolongada sin comprometer el bote ni la sensaci\u00f3n. El fieltro SmartOptik\u2122 garantiza una alta visibilidad en todo tipo de condiciones de luz, siendo perfectas para partidos intensos de fin de semana. Ahora vienen en un empaque sostenible, con menos pl\u00e1stico y m\u00e1s f\u00e1cil de reciclar, apoyando tanto tu juego como al medioambiente.<\/p>\n<p data-start=\"755\" data-end=\"781\"><strong data-start=\"755\" data-end=\"781\">Features:<\/strong><\/p>\n<ul>\n<li data-start=\"785\" data-end=\"856\">Tecnolog\u00eda Encore\u2122: Mayor durabilidad y bote consistente.<\/li>\n<li data-start=\"859\" data-end=\"926\">Fieltro SmartOptik\u2122: M\u00e1xima visibilidad durante el juego.<\/li>\n<li data-start=\"929\" data-end=\"1030\">Ideales para jugadores de club que buscan pelotas de alto rendimiento y larga duraci\u00f3n.<\/li>\n<li data-start=\"1033\" data-end=\"1098\">Empaque sostenible: Menos pl\u00e1stico, m\u00e1s reciclable.<\/li>\n<li data-start=\"1101\" data-end=\"1174\">Bote presurizado: Contiene 3 pelotas de tenis de calidad premium.<\/li>\n<\/ul>\n<p data-start=\"1176\" data-end=\"1332\">Ya sea en entrenamientos intensos o en partidos del fin de semana, las pelotas HEAD PRO ofrecen un rendimiento profesional en el que puedes confiar.<\/p>\n<\/div>\n<\/div>\n<\/div>\n<\/div>\n<\/div>\n<\/div>\n<\/div>\n<\/div>\n<\/div>\n<\/div>","protected":false},"excerpt":{"rendered":"<div id=\"-body-1\" class=\"accordion_body\" role=\"region\" aria-labelledby=\"-title-1\">\n<div class=\"accordion_content\">\n<div class=\"product-detail product-detail_overview\">\n<div id=\"-body-1\" class=\"accordion_body\" role=\"region\" aria-labelledby=\"-title-1\">\n<div class=\"accordion_content\">\n<div class=\"product-detail product-detail_overview\">\n<p data-start=\"249\" data-end=\"378\">Las pelotas HEAD PRO 3 ofrecen durabilidad, visibilidad y alto rendimiento para jugadores de club, con tecnolog\u00eda Encore\u2122 y empaque sostenible.<\/p>\n<\/div>\n<\/div>\n<\/div>\n<\/div>\n<\/div>\n<\/div>","protected":false},"featured_media":23043,"template":"","meta":[],"product_brand":[],"product_cat":[747,774,618,624],"product_tag":[],"class_list":{"0":"post-23040","1":"product","2":"type-product","3":"status-publish","4":"has-post-thumbnail","6":"product_cat-head-padel","7":"product_cat-head-pelotas","8":"product_cat-pelotas","9":"product_cat-tubo-pelotas","10":"pa_brand-wilson","11":"pa_hs_code-87","13":"first","14":"instock","15":"sale","16":"taxable","17":"shipping-taxable","18":"purchasable","19":"product-type-simple"},"yoast_head":"<!-- This site is optimized with the Yoast SEO plugin v27.3 - https:\/\/yoast.com\/product\/yoast-seo-wordpress\/ -->\n<title>Bote 3 Bolas Head Pro 3Tenis - Padel Zoco<\/title>\n<meta name=\"description\" content=\"HEAD PRO 3: pelotas de tenis duraderas y visibles con tecnolog\u00eda Encore\u2122 y fieltro SmartOptik\u2122, ideales para jugadores de club. Ahora con empaque ecol\u00f3gico.\" \/>\n<meta name=\"robots\" content=\"index, follow, max-snippet:-1, max-image-preview:large, max-video-preview:-1\" \/>\n<link rel=\"canonical\" href=\"https:\/\/padelzoco.es\/en\/product\/bote-3-bolas-head-pro-3-tenis\/\" \/>\n<meta property=\"og:locale\" content=\"en_GB\" \/>\n<meta property=\"og:type\" content=\"article\" \/>\n<meta property=\"og:title\" content=\"Bote 3 Bolas Head Pro 3Tenis - Padel Zoco\" \/>\n<meta property=\"og:description\" content=\"HEAD PRO 3: pelotas de tenis duraderas y visibles con tecnolog\u00eda Encore\u2122 y fieltro SmartOptik\u2122, ideales para jugadores de club. Ahora con empaque ecol\u00f3gico.\" \/>\n<meta property=\"og:url\" content=\"https:\/\/padelzoco.es\/en\/product\/bote-3-bolas-head-pro-3-tenis\/\" \/>\n<meta property=\"og:site_name\" content=\"Padel Zoco\" \/>\n<meta property=\"article:modified_time\" content=\"2026-04-08T17:01:25+00:00\" \/>\n<meta property=\"og:image\" content=\"https:\/\/padelzoco.es\/wp-content\/uploads\/2025\/07\/HEAD-PRO-3-Tennis-Balls-Single-Can-02.webp\" \/>\n\t<meta property=\"og:image:width\" content=\"1400\" \/>\n\t<meta property=\"og:image:height\" content=\"1400\" \/>\n\t<meta property=\"og:image:type\" content=\"image\/webp\" \/>\n<meta name=\"twitter:card\" content=\"summary_large_image\" \/>\n<meta name=\"twitter:label1\" content=\"Estimated reading time\" \/>\n\t<meta name=\"twitter:data1\" content=\"1 minute\" \/>\n<script type=\"application\/ld+json\" class=\"yoast-schema-graph\">{\"@context\":\"https:\\\/\\\/schema.org\",\"@graph\":[{\"@type\":\"WebPage\",\"@id\":\"https:\\\/\\\/padelzoco.es\\\/product\\\/bote-3-bolas-head-pro-3-tenis\\\/\",\"url\":\"https:\\\/\\\/padelzoco.es\\\/product\\\/bote-3-bolas-head-pro-3-tenis\\\/\",\"name\":\"Bote 3 Bolas Head Pro 3Tenis - Padel Zoco\",\"isPartOf\":{\"@id\":\"https:\\\/\\\/padelzoco.es\\\/#website\"},\"primaryImageOfPage\":{\"@id\":\"https:\\\/\\\/padelzoco.es\\\/product\\\/bote-3-bolas-head-pro-3-tenis\\\/#primaryimage\"},\"image\":{\"@id\":\"https:\\\/\\\/padelzoco.es\\\/product\\\/bote-3-bolas-head-pro-3-tenis\\\/#primaryimage\"},\"thumbnailUrl\":\"https:\\\/\\\/padelzoco.es\\\/wp-content\\\/uploads\\\/2025\\\/07\\\/HEAD-PRO-3-Tennis-Balls-Single-Can-02.webp\",\"datePublished\":\"2025-07-15T11:16:51+00:00\",\"dateModified\":\"2026-04-08T17:01:25+00:00\",\"description\":\"HEAD PRO 3: pelotas de tenis duraderas y visibles con tecnolog\u00eda Encore\u2122 y fieltro SmartOptik\u2122, ideales para jugadores de club. Ahora con empaque ecol\u00f3gico.\",\"breadcrumb\":{\"@id\":\"https:\\\/\\\/padelzoco.es\\\/product\\\/bote-3-bolas-head-pro-3-tenis\\\/#breadcrumb\"},\"inLanguage\":\"en-GB\",\"potentialAction\":[{\"@type\":\"ReadAction\",\"target\":[\"https:\\\/\\\/padelzoco.es\\\/product\\\/bote-3-bolas-head-pro-3-tenis\\\/\"]}]},{\"@type\":\"ImageObject\",\"inLanguage\":\"en-GB\",\"@id\":\"https:\\\/\\\/padelzoco.es\\\/product\\\/bote-3-bolas-head-pro-3-tenis\\\/#primaryimage\",\"url\":\"https:\\\/\\\/padelzoco.es\\\/wp-content\\\/uploads\\\/2025\\\/07\\\/HEAD-PRO-3-Tennis-Balls-Single-Can-02.webp\",\"contentUrl\":\"https:\\\/\\\/padelzoco.es\\\/wp-content\\\/uploads\\\/2025\\\/07\\\/HEAD-PRO-3-Tennis-Balls-Single-Can-02.webp\",\"width\":1400,\"height\":1400,\"caption\":\"HEAD PRO 3 Tennis Balls Single Can 02\"},{\"@type\":\"BreadcrumbList\",\"@id\":\"https:\\\/\\\/padelzoco.es\\\/product\\\/bote-3-bolas-head-pro-3-tenis\\\/#breadcrumb\",\"itemListElement\":[{\"@type\":\"ListItem\",\"position\":1,\"name\":\"Home\",\"item\":\"https:\\\/\\\/padelzoco.es\\\/\"},{\"@type\":\"ListItem\",\"position\":2,\"name\":\"Padel Zoco\",\"item\":\"https:\\\/\\\/padelzoco.es\\\/padel-zoco\\\/\"},{\"@type\":\"ListItem\",\"position\":3,\"name\":\"Bote 3 Bolas Head Pro 3Tenis\"}]},{\"@type\":\"WebSite\",\"@id\":\"https:\\\/\\\/padelzoco.es\\\/#website\",\"url\":\"https:\\\/\\\/padelzoco.es\\\/\",\"name\":\"Padel Zoco\",\"description\":\"Padel Zoco | Spain\",\"publisher\":{\"@id\":\"https:\\\/\\\/padelzoco.es\\\/#organization\"},\"potentialAction\":[{\"@type\":\"SearchAction\",\"target\":{\"@type\":\"EntryPoint\",\"urlTemplate\":\"https:\\\/\\\/padelzoco.es\\\/?s={search_term_string}\"},\"query-input\":{\"@type\":\"PropertyValueSpecification\",\"valueRequired\":true,\"valueName\":\"search_term_string\"}}],\"inLanguage\":\"en-GB\"},{\"@type\":\"Organization\",\"@id\":\"https:\\\/\\\/padelzoco.es\\\/#organization\",\"name\":\"Padel Zoco\",\"url\":\"https:\\\/\\\/padelzoco.es\\\/\",\"logo\":{\"@type\":\"ImageObject\",\"inLanguage\":\"en-GB\",\"@id\":\"https:\\\/\\\/padelzoco.es\\\/#\\\/schema\\\/logo\\\/image\\\/\",\"url\":\"https:\\\/\\\/padelzoco.es\\\/wp-content\\\/uploads\\\/2023\\\/11\\\/PadelZoco_Logo_black_white.webp\",\"contentUrl\":\"https:\\\/\\\/padelzoco.es\\\/wp-content\\\/uploads\\\/2023\\\/11\\\/PadelZoco_Logo_black_white.webp\",\"width\":1500,\"height\":631,\"caption\":\"Padel Zoco\"},\"image\":{\"@id\":\"https:\\\/\\\/padelzoco.es\\\/#\\\/schema\\\/logo\\\/image\\\/\"}}]}<\/script>\n<!-- \/ Yoast SEO plugin. -->","yoast_head_json":{"title":"Bote 3 Bolas Head Pro 3Tenis - Padel Zoco","description":"HEAD PRO 3: pelotas de tenis duraderas y visibles con tecnolog\u00eda Encore\u2122 y fieltro SmartOptik\u2122, ideales para jugadores de club. Ahora con empaque ecol\u00f3gico.","robots":{"index":"index","follow":"follow","max-snippet":"max-snippet:-1","max-image-preview":"max-image-preview:large","max-video-preview":"max-video-preview:-1"},"canonical":"https:\/\/padelzoco.es\/en\/product\/bote-3-bolas-head-pro-3-tenis\/","og_locale":"en_GB","og_type":"article","og_title":"Bote 3 Bolas Head Pro 3Tenis - Padel Zoco","og_description":"HEAD PRO 3: pelotas de tenis duraderas y visibles con tecnolog\u00eda Encore\u2122 y fieltro SmartOptik\u2122, ideales para jugadores de club. Ahora con empaque ecol\u00f3gico.","og_url":"https:\/\/padelzoco.es\/en\/product\/bote-3-bolas-head-pro-3-tenis\/","og_site_name":"Padel Zoco","article_modified_time":"2026-04-08T17:01:25+00:00","og_image":[{"width":1400,"height":1400,"url":"https:\/\/padelzoco.es\/wp-content\/uploads\/2025\/07\/HEAD-PRO-3-Tennis-Balls-Single-Can-02.webp","type":"image\/webp"}],"twitter_card":"summary_large_image","twitter_misc":{"Estimated reading time":"1 minute"},"schema":{"@context":"https:\/\/schema.org","@graph":[{"@type":"WebPage","@id":"https:\/\/padelzoco.es\/product\/bote-3-bolas-head-pro-3-tenis\/","url":"https:\/\/padelzoco.es\/product\/bote-3-bolas-head-pro-3-tenis\/","name":"Bote 3 Bolas Head Pro 3Tenis - Padel Zoco","isPartOf":{"@id":"https:\/\/padelzoco.es\/#website"},"primaryImageOfPage":{"@id":"https:\/\/padelzoco.es\/product\/bote-3-bolas-head-pro-3-tenis\/#primaryimage"},"image":{"@id":"https:\/\/padelzoco.es\/product\/bote-3-bolas-head-pro-3-tenis\/#primaryimage"},"thumbnailUrl":"https:\/\/padelzoco.es\/wp-content\/uploads\/2025\/07\/HEAD-PRO-3-Tennis-Balls-Single-Can-02.webp","datePublished":"2025-07-15T11:16:51+00:00","dateModified":"2026-04-08T17:01:25+00:00","description":"HEAD PRO 3: pelotas de tenis duraderas y visibles con tecnolog\u00eda Encore\u2122 y fieltro SmartOptik\u2122, ideales para jugadores de club. Ahora con empaque ecol\u00f3gico.","breadcrumb":{"@id":"https:\/\/padelzoco.es\/product\/bote-3-bolas-head-pro-3-tenis\/#breadcrumb"},"inLanguage":"en-GB","potentialAction":[{"@type":"ReadAction","target":["https:\/\/padelzoco.es\/product\/bote-3-bolas-head-pro-3-tenis\/"]}]},{"@type":"ImageObject","inLanguage":"en-GB","@id":"https:\/\/padelzoco.es\/product\/bote-3-bolas-head-pro-3-tenis\/#primaryimage","url":"https:\/\/padelzoco.es\/wp-content\/uploads\/2025\/07\/HEAD-PRO-3-Tennis-Balls-Single-Can-02.webp","contentUrl":"https:\/\/padelzoco.es\/wp-content\/uploads\/2025\/07\/HEAD-PRO-3-Tennis-Balls-Single-Can-02.webp","width":1400,"height":1400,"caption":"HEAD PRO 3 Tennis Balls Single Can 02"},{"@type":"BreadcrumbList","@id":"https:\/\/padelzoco.es\/product\/bote-3-bolas-head-pro-3-tenis\/#breadcrumb","itemListElement":[{"@type":"ListItem","position":1,"name":"Home","item":"https:\/\/padelzoco.es\/"},{"@type":"ListItem","position":2,"name":"Padel Zoco","item":"https:\/\/padelzoco.es\/padel-zoco\/"},{"@type":"ListItem","position":3,"name":"Bote 3 Bolas Head Pro 3Tenis"}]},{"@type":"WebSite","@id":"https:\/\/padelzoco.es\/#website","url":"https:\/\/padelzoco.es\/","name":"Padel Zoco","description":"Padel Zoco | Spain","publisher":{"@id":"https:\/\/padelzoco.es\/#organization"},"potentialAction":[{"@type":"SearchAction","target":{"@type":"EntryPoint","urlTemplate":"https:\/\/padelzoco.es\/?s={search_term_string}"},"query-input":{"@type":"PropertyValueSpecification","valueRequired":true,"valueName":"search_term_string"}}],"inLanguage":"en-GB"},{"@type":"Organization","@id":"https:\/\/padelzoco.es\/#organization","name":"Padel Zoco","url":"https:\/\/padelzoco.es\/","logo":{"@type":"ImageObject","inLanguage":"en-GB","@id":"https:\/\/padelzoco.es\/#\/schema\/logo\/image\/","url":"https:\/\/padelzoco.es\/wp-content\/uploads\/2023\/11\/PadelZoco_Logo_black_white.webp","contentUrl":"https:\/\/padelzoco.es\/wp-content\/uploads\/2023\/11\/PadelZoco_Logo_black_white.webp","width":1500,"height":631,"caption":"Padel Zoco"},"image":{"@id":"https:\/\/padelzoco.es\/#\/schema\/logo\/image\/"}}]}},"_links":{"self":[{"href":"https:\/\/padelzoco.es\/en\/wp-json\/wp\/v2\/product\/23040","targetHints":{"allow":["GET"]}}],"collection":[{"href":"https:\/\/padelzoco.es\/en\/wp-json\/wp\/v2\/product"}],"about":[{"href":"https:\/\/padelzoco.es\/en\/wp-json\/wp\/v2\/types\/product"}],"version-history":[{"count":7,"href":"https:\/\/padelzoco.es\/en\/wp-json\/wp\/v2\/product\/23040\/revisions"}],"predecessor-version":[{"id":36542,"href":"https:\/\/padelzoco.es\/en\/wp-json\/wp\/v2\/product\/23040\/revisions\/36542"}],"wp:featuredmedia":[{"embeddable":true,"href":"https:\/\/padelzoco.es\/en\/wp-json\/wp\/v2\/media\/23043"}],"wp:attachment":[{"href":"https:\/\/padelzoco.es\/en\/wp-json\/wp\/v2\/media?parent=23040"}],"wp:term":[{"taxonomy":"product_brand","embeddable":true,"href":"https:\/\/padelzoco.es\/en\/wp-json\/wp\/v2\/product_brand?post=23040"},{"taxonomy":"product_cat","embeddable":true,"href":"https:\/\/padelzoco.es\/en\/wp-json\/wp\/v2\/product_cat?post=23040"},{"taxonomy":"product_tag","embeddable":true,"href":"https:\/\/padelzoco.es\/en\/wp-json\/wp\/v2\/product_tag?post=23040"}],"curies":[{"name":"wp","href":"https:\/\/api.w.org\/{rel}","templated":true}]}}