{"id":23608,"date":"2025-08-13T12:21:32","date_gmt":"2025-08-13T11:21:32","guid":{"rendered":"https:\/\/padelzoco.es\/?post_type=product&#038;p=23608"},"modified":"2026-03-24T19:35:14","modified_gmt":"2026-03-24T18:35:14","slug":"pala-bullpadel-discover-ctr-2025","status":"publish","type":"product","link":"https:\/\/padelzoco.es\/en\/product\/pala-bullpadel-discover-ctr-2025\/","title":{"rendered":"Bullpadel Discover CTR 2025 Padel Racket"},"content":{"rendered":"<div class=\"product attribute overview\">\n<div class=\"value\">\n<p data-start=\"79\" data-end=\"414\">The Bullpadel Discover CTR 2025 is the perfect racket for those starting out in padel and looking for maximum control, comfort, and consistency from their very first match. With its round shape and low balance, it offers exceptional maneuverability and precision, ideal for developing technique and placing the ball exactly where you want.<\/p>\n<p data-start=\"416\" data-end=\"867\">Weighing 360\u2013370 g and featuring a standard 38 mm profile, this lightweight racket allows for quick reactions on defense and agile handling at the net. Its PolyGlass fiberglass faces provide a flexible and forgiving shot, while the Soft EVA core absorbs vibrations and enhances ball exit speed for comfortable and arm-friendly play. The 100% carbon CarbonTube frame adds strength and stability without unnecessary weight.<\/p>\n<p data-start=\"869\" data-end=\"916\"><strong data-start=\"869\" data-end=\"914\">Features:<\/strong><\/p>\n<ul data-start=\"917\" data-end=\"1382\">\n<li data-start=\"917\" data-end=\"1052\">\n<p data-start=\"919\" data-end=\"1052\">Round shape + low balance: Prioritizes control and shot placement, ideal for beginners and tactical players.<\/p>\n<\/li>\n<li data-start=\"1053\" data-end=\"1133\">\n<p data-start=\"1055\" data-end=\"1133\">PolyGlass faces: Fiberglass for soft touch and consistent response.<\/p>\n<\/li>\n<li data-start=\"1134\" data-end=\"1228\">\n<p data-start=\"1136\" data-end=\"1228\">Soft EVA core: Excellent vibration absorption, preventing injuries and discomfort.<\/p>\n<\/li>\n<li data-start=\"1229\" data-end=\"1312\">\n<p data-start=\"1231\" data-end=\"1312\">CarbonTube Frame: 100% carbon construction for stability and durability.<\/p>\n<\/li>\n<li data-start=\"1313\" data-end=\"1382\">\n<p data-start=\"1315\" data-end=\"1382\">Lightweight and easy to handle: Perfect for learning self-defense and control.<\/p>\n<\/li>\n<\/ul>\n<p data-start=\"1384\" data-end=\"1600\">Whether it's for your first lessons, for occasional play, or if you prioritize precision over power, the Bullpadel Discover CTR 2025 will help you grow on the court while keeping your game comfortable and safe.<\/p>\n<\/div>\n<\/div>","protected":false},"excerpt":{"rendered":"<div class=\"product attribute overview\">\n<div class=\"product attribute overview\">\n<div class=\"value\">\n<div class=\"draggable no-draggable-children sticky top-0 p-3 mb-1.5 flex items-center justify-between z-10 h-header-height font-semibold bg-token-main-surface-primary max-md:hidden\">\n<div class=\"gap-2 flex items-center pr-1 leading-[0]\">\n<div class=\"flex items-center justify-center gap-2\">\n<div class=\"product attribute overview\">\n<p data-start=\"1811\" data-end=\"2006\">La Bullpadel Discover Control 2025 es una pala de p\u00e1del para principiantes de forma redonda, con n\u00facleo Soft EVA, caras de fibra de vidrio y marco de carbono, que proporciona un control y comodidad superiores.<\/p>\n<\/div>\n<\/div>\n<\/div>\n<\/div>\n<\/div>\n<\/div>\n<\/div>\n","protected":false},"featured_media":23612,"template":"","meta":[],"product_brand":[],"product_cat":[698,575,589,581,572,757,580,754,586],"product_tag":[],"class_list":{"0":"post-23608","1":"product","2":"type-product","3":"status-publish","4":"has-post-thumbnail","6":"product_cat-bullpadel-padel","7":"product_cat-bullpadel-palas","8":"product_cat-hombre-palas","9":"product_cat-intermedio-palas","10":"product_cat-palas","11":"product_cat-palas-ofertas","12":"product_cat-principiante-palas","13":"product_cat-rebajas","14":"product_cat-redonda-palas","15":"pa_brand-bullpadel","16":"pa_gender-hombre","17":"pa_hs_code-134","19":"first","20":"instock","21":"sale","22":"taxable","23":"shipping-taxable","24":"purchasable","25":"product-type-simple"},"yoast_head":"<!-- This site is optimized with the Yoast SEO plugin v27.4 - https:\/\/yoast.com\/product\/yoast-seo-wordpress\/ -->\n<title>Pala Bullpadel Discover CTR 2025 - Padel Zoco<\/title>\n<meta name=\"description\" content=\"Bullpadel Discover CTR 2025, pala de p\u00e1del para principiantes con forma redonda, n\u00facleo Soft EVA y marco de carbono para m\u00e1ximo control y comodidad.\" \/>\n<meta name=\"robots\" content=\"index, follow, max-snippet:-1, max-image-preview:large, max-video-preview:-1\" \/>\n<link rel=\"canonical\" href=\"https:\/\/padelzoco.es\/en\/product\/pala-bullpadel-discover-ctr-2025\/\" \/>\n<meta property=\"og:locale\" content=\"en_GB\" \/>\n<meta property=\"og:type\" content=\"article\" \/>\n<meta property=\"og:title\" content=\"Pala Bullpadel Discover CTR 2025 - Padel Zoco\" \/>\n<meta property=\"og:description\" content=\"Bullpadel Discover CTR 2025, pala de p\u00e1del para principiantes con forma redonda, n\u00facleo Soft EVA y marco de carbono para m\u00e1ximo control y comodidad.\" \/>\n<meta property=\"og:url\" content=\"https:\/\/padelzoco.es\/en\/product\/pala-bullpadel-discover-ctr-2025\/\" \/>\n<meta property=\"og:site_name\" content=\"Padel Zoco\" \/>\n<meta property=\"article:modified_time\" content=\"2026-03-24T18:35:14+00:00\" \/>\n<meta property=\"og:image\" content=\"https:\/\/padelzoco.es\/wp-content\/uploads\/2025\/08\/BULLPADEL-Discover-CTR-Padel-Racket-2025-01.webp\" \/>\n\t<meta property=\"og:image:width\" content=\"1400\" \/>\n\t<meta property=\"og:image:height\" content=\"1400\" \/>\n\t<meta property=\"og:image:type\" content=\"image\/webp\" \/>\n<meta name=\"twitter:card\" content=\"summary_large_image\" \/>\n<meta name=\"twitter:label1\" content=\"Estimated reading time\" \/>\n\t<meta name=\"twitter:data1\" content=\"2 minutes\" \/>\n<script type=\"application\/ld+json\" class=\"yoast-schema-graph\">{\"@context\":\"https:\\\/\\\/schema.org\",\"@graph\":[{\"@type\":\"WebPage\",\"@id\":\"https:\\\/\\\/padelzoco.es\\\/product\\\/pala-bullpadel-discover-ctr-2025\\\/\",\"url\":\"https:\\\/\\\/padelzoco.es\\\/product\\\/pala-bullpadel-discover-ctr-2025\\\/\",\"name\":\"Pala Bullpadel Discover CTR 2025 - Padel Zoco\",\"isPartOf\":{\"@id\":\"https:\\\/\\\/padelzoco.es\\\/#website\"},\"primaryImageOfPage\":{\"@id\":\"https:\\\/\\\/padelzoco.es\\\/product\\\/pala-bullpadel-discover-ctr-2025\\\/#primaryimage\"},\"image\":{\"@id\":\"https:\\\/\\\/padelzoco.es\\\/product\\\/pala-bullpadel-discover-ctr-2025\\\/#primaryimage\"},\"thumbnailUrl\":\"https:\\\/\\\/padelzoco.es\\\/wp-content\\\/uploads\\\/2025\\\/08\\\/BULLPADEL-Discover-CTR-Padel-Racket-2025-01.webp\",\"datePublished\":\"2025-08-13T11:21:32+00:00\",\"dateModified\":\"2026-03-24T18:35:14+00:00\",\"description\":\"Bullpadel Discover CTR 2025, pala de p\u00e1del para principiantes con forma redonda, n\u00facleo Soft EVA y marco de carbono para m\u00e1ximo control y comodidad.\",\"breadcrumb\":{\"@id\":\"https:\\\/\\\/padelzoco.es\\\/product\\\/pala-bullpadel-discover-ctr-2025\\\/#breadcrumb\"},\"inLanguage\":\"en-GB\",\"potentialAction\":[{\"@type\":\"ReadAction\",\"target\":[\"https:\\\/\\\/padelzoco.es\\\/product\\\/pala-bullpadel-discover-ctr-2025\\\/\"]}]},{\"@type\":\"ImageObject\",\"inLanguage\":\"en-GB\",\"@id\":\"https:\\\/\\\/padelzoco.es\\\/product\\\/pala-bullpadel-discover-ctr-2025\\\/#primaryimage\",\"url\":\"https:\\\/\\\/padelzoco.es\\\/wp-content\\\/uploads\\\/2025\\\/08\\\/BULLPADEL-Discover-CTR-Padel-Racket-2025-01.webp\",\"contentUrl\":\"https:\\\/\\\/padelzoco.es\\\/wp-content\\\/uploads\\\/2025\\\/08\\\/BULLPADEL-Discover-CTR-Padel-Racket-2025-01.webp\",\"width\":1400,\"height\":1400,\"caption\":\"BULLPADEL Discover CTR Padel Racket 2025 01\"},{\"@type\":\"BreadcrumbList\",\"@id\":\"https:\\\/\\\/padelzoco.es\\\/product\\\/pala-bullpadel-discover-ctr-2025\\\/#breadcrumb\",\"itemListElement\":[{\"@type\":\"ListItem\",\"position\":1,\"name\":\"Home\",\"item\":\"https:\\\/\\\/padelzoco.es\\\/\"},{\"@type\":\"ListItem\",\"position\":2,\"name\":\"Padel Zoco\",\"item\":\"https:\\\/\\\/padelzoco.es\\\/padel-zoco\\\/\"},{\"@type\":\"ListItem\",\"position\":3,\"name\":\"Pala Bullpadel Discover CTR 2025\"}]},{\"@type\":\"WebSite\",\"@id\":\"https:\\\/\\\/padelzoco.es\\\/#website\",\"url\":\"https:\\\/\\\/padelzoco.es\\\/\",\"name\":\"Padel Zoco\",\"description\":\"Padel Zoco | Spain\",\"publisher\":{\"@id\":\"https:\\\/\\\/padelzoco.es\\\/#organization\"},\"potentialAction\":[{\"@type\":\"SearchAction\",\"target\":{\"@type\":\"EntryPoint\",\"urlTemplate\":\"https:\\\/\\\/padelzoco.es\\\/?s={search_term_string}\"},\"query-input\":{\"@type\":\"PropertyValueSpecification\",\"valueRequired\":true,\"valueName\":\"search_term_string\"}}],\"inLanguage\":\"en-GB\"},{\"@type\":\"Organization\",\"@id\":\"https:\\\/\\\/padelzoco.es\\\/#organization\",\"name\":\"Padel Zoco\",\"url\":\"https:\\\/\\\/padelzoco.es\\\/\",\"logo\":{\"@type\":\"ImageObject\",\"inLanguage\":\"en-GB\",\"@id\":\"https:\\\/\\\/padelzoco.es\\\/#\\\/schema\\\/logo\\\/image\\\/\",\"url\":\"https:\\\/\\\/padelzoco.es\\\/wp-content\\\/uploads\\\/2023\\\/11\\\/PadelZoco_Logo_black_white.webp\",\"contentUrl\":\"https:\\\/\\\/padelzoco.es\\\/wp-content\\\/uploads\\\/2023\\\/11\\\/PadelZoco_Logo_black_white.webp\",\"width\":1500,\"height\":631,\"caption\":\"Padel Zoco\"},\"image\":{\"@id\":\"https:\\\/\\\/padelzoco.es\\\/#\\\/schema\\\/logo\\\/image\\\/\"}}]}<\/script>\n<!-- \/ Yoast SEO plugin. -->","yoast_head_json":{"title":"Pala Bullpadel Discover CTR 2025 - Padel Zoco","description":"Bullpadel Discover CTR 2025, pala de p\u00e1del para principiantes con forma redonda, n\u00facleo Soft EVA y marco de carbono para m\u00e1ximo control y comodidad.","robots":{"index":"index","follow":"follow","max-snippet":"max-snippet:-1","max-image-preview":"max-image-preview:large","max-video-preview":"max-video-preview:-1"},"canonical":"https:\/\/padelzoco.es\/en\/product\/pala-bullpadel-discover-ctr-2025\/","og_locale":"en_GB","og_type":"article","og_title":"Pala Bullpadel Discover CTR 2025 - Padel Zoco","og_description":"Bullpadel Discover CTR 2025, pala de p\u00e1del para principiantes con forma redonda, n\u00facleo Soft EVA y marco de carbono para m\u00e1ximo control y comodidad.","og_url":"https:\/\/padelzoco.es\/en\/product\/pala-bullpadel-discover-ctr-2025\/","og_site_name":"Padel Zoco","article_modified_time":"2026-03-24T18:35:14+00:00","og_image":[{"width":1400,"height":1400,"url":"https:\/\/padelzoco.es\/wp-content\/uploads\/2025\/08\/BULLPADEL-Discover-CTR-Padel-Racket-2025-01.webp","type":"image\/webp"}],"twitter_card":"summary_large_image","twitter_misc":{"Estimated reading time":"2 minutes"},"schema":{"@context":"https:\/\/schema.org","@graph":[{"@type":"WebPage","@id":"https:\/\/padelzoco.es\/product\/pala-bullpadel-discover-ctr-2025\/","url":"https:\/\/padelzoco.es\/product\/pala-bullpadel-discover-ctr-2025\/","name":"Pala Bullpadel Discover CTR 2025 - Padel Zoco","isPartOf":{"@id":"https:\/\/padelzoco.es\/#website"},"primaryImageOfPage":{"@id":"https:\/\/padelzoco.es\/product\/pala-bullpadel-discover-ctr-2025\/#primaryimage"},"image":{"@id":"https:\/\/padelzoco.es\/product\/pala-bullpadel-discover-ctr-2025\/#primaryimage"},"thumbnailUrl":"https:\/\/padelzoco.es\/wp-content\/uploads\/2025\/08\/BULLPADEL-Discover-CTR-Padel-Racket-2025-01.webp","datePublished":"2025-08-13T11:21:32+00:00","dateModified":"2026-03-24T18:35:14+00:00","description":"Bullpadel Discover CTR 2025, pala de p\u00e1del para principiantes con forma redonda, n\u00facleo Soft EVA y marco de carbono para m\u00e1ximo control y comodidad.","breadcrumb":{"@id":"https:\/\/padelzoco.es\/product\/pala-bullpadel-discover-ctr-2025\/#breadcrumb"},"inLanguage":"en-GB","potentialAction":[{"@type":"ReadAction","target":["https:\/\/padelzoco.es\/product\/pala-bullpadel-discover-ctr-2025\/"]}]},{"@type":"ImageObject","inLanguage":"en-GB","@id":"https:\/\/padelzoco.es\/product\/pala-bullpadel-discover-ctr-2025\/#primaryimage","url":"https:\/\/padelzoco.es\/wp-content\/uploads\/2025\/08\/BULLPADEL-Discover-CTR-Padel-Racket-2025-01.webp","contentUrl":"https:\/\/padelzoco.es\/wp-content\/uploads\/2025\/08\/BULLPADEL-Discover-CTR-Padel-Racket-2025-01.webp","width":1400,"height":1400,"caption":"BULLPADEL Discover CTR Padel Racket 2025 01"},{"@type":"BreadcrumbList","@id":"https:\/\/padelzoco.es\/product\/pala-bullpadel-discover-ctr-2025\/#breadcrumb","itemListElement":[{"@type":"ListItem","position":1,"name":"Home","item":"https:\/\/padelzoco.es\/"},{"@type":"ListItem","position":2,"name":"Padel Zoco","item":"https:\/\/padelzoco.es\/padel-zoco\/"},{"@type":"ListItem","position":3,"name":"Pala Bullpadel Discover CTR 2025"}]},{"@type":"WebSite","@id":"https:\/\/padelzoco.es\/#website","url":"https:\/\/padelzoco.es\/","name":"Padel Zoco","description":"Padel Zoco | Spain","publisher":{"@id":"https:\/\/padelzoco.es\/#organization"},"potentialAction":[{"@type":"SearchAction","target":{"@type":"EntryPoint","urlTemplate":"https:\/\/padelzoco.es\/?s={search_term_string}"},"query-input":{"@type":"PropertyValueSpecification","valueRequired":true,"valueName":"search_term_string"}}],"inLanguage":"en-GB"},{"@type":"Organization","@id":"https:\/\/padelzoco.es\/#organization","name":"Padel Zoco","url":"https:\/\/padelzoco.es\/","logo":{"@type":"ImageObject","inLanguage":"en-GB","@id":"https:\/\/padelzoco.es\/#\/schema\/logo\/image\/","url":"https:\/\/padelzoco.es\/wp-content\/uploads\/2023\/11\/PadelZoco_Logo_black_white.webp","contentUrl":"https:\/\/padelzoco.es\/wp-content\/uploads\/2023\/11\/PadelZoco_Logo_black_white.webp","width":1500,"height":631,"caption":"Padel Zoco"},"image":{"@id":"https:\/\/padelzoco.es\/#\/schema\/logo\/image\/"}}]}},"_links":{"self":[{"href":"https:\/\/padelzoco.es\/en\/wp-json\/wp\/v2\/product\/23608","targetHints":{"allow":["GET"]}}],"collection":[{"href":"https:\/\/padelzoco.es\/en\/wp-json\/wp\/v2\/product"}],"about":[{"href":"https:\/\/padelzoco.es\/en\/wp-json\/wp\/v2\/types\/product"}],"version-history":[{"count":4,"href":"https:\/\/padelzoco.es\/en\/wp-json\/wp\/v2\/product\/23608\/revisions"}],"predecessor-version":[{"id":29311,"href":"https:\/\/padelzoco.es\/en\/wp-json\/wp\/v2\/product\/23608\/revisions\/29311"}],"wp:featuredmedia":[{"embeddable":true,"href":"https:\/\/padelzoco.es\/en\/wp-json\/wp\/v2\/media\/23612"}],"wp:attachment":[{"href":"https:\/\/padelzoco.es\/en\/wp-json\/wp\/v2\/media?parent=23608"}],"wp:term":[{"taxonomy":"product_brand","embeddable":true,"href":"https:\/\/padelzoco.es\/en\/wp-json\/wp\/v2\/product_brand?post=23608"},{"taxonomy":"product_cat","embeddable":true,"href":"https:\/\/padelzoco.es\/en\/wp-json\/wp\/v2\/product_cat?post=23608"},{"taxonomy":"product_tag","embeddable":true,"href":"https:\/\/padelzoco.es\/en\/wp-json\/wp\/v2\/product_tag?post=23608"}],"curies":[{"name":"wp","href":"https:\/\/api.w.org\/{rel}","templated":true}]}}