{"id":24199,"date":"2025-08-24T10:27:18","date_gmt":"2025-08-24T09:27:18","guid":{"rendered":"https:\/\/padelzoco.es\/?post_type=product&#038;p=24199"},"modified":"2026-04-10T16:36:42","modified_gmt":"2026-04-10T15:36:42","slug":"top-padel-wilson-on-the-daily-brami-white-navy","status":"publish","type":"product","link":"https:\/\/padelzoco.es\/en\/product\/top-padel-wilson-on-the-daily-brami-white-navy\/","title":{"rendered":"Top Padel Wilson On The Daily Brami White Navy"},"content":{"rendered":"<p data-start=\"68\" data-end=\"394\"><strong data-start=\"68\" data-end=\"104\">Top de p\u00e1del WILSON Brami Sports<\/strong> est\u00e1 dise\u00f1ado para ofrecer <strong data-start=\"132\" data-end=\"185\">rendimiento diario con comodidad y soporte ligero<\/strong>. Confeccionado con <strong data-start=\"205\" data-end=\"249\">tejido t\u00e9cnico Pro Seamless sin costuras<\/strong>, proporciona <strong data-start=\"263\" data-end=\"323\">secado r\u00e1pido, ventilaci\u00f3n eficiente y compresi\u00f3n ligera<\/strong>, asegurando un ajuste firme y favoreciendo la recuperaci\u00f3n muscular.<\/p>\n<p data-start=\"396\" data-end=\"773\">Su <strong data-start=\"399\" data-end=\"438\">dise\u00f1o racerback con tirantes finos<\/strong> permite <strong data-start=\"447\" data-end=\"479\">libertad total de movimiento<\/strong>, ideal para jugar al p\u00e1del, entrenar o realizar calentamientos. Incorpora un <strong data-start=\"557\" data-end=\"599\">sujetador interno con copas extra\u00edbles<\/strong>, ofreciendo cobertura adaptable y mayor versatilidad. El <strong data-start=\"657\" data-end=\"693\">corte cropped de estilo longline<\/strong> aporta un ajuste favorecedor y funcional tanto dentro como fuera de la pista.<\/p>\n<p data-start=\"775\" data-end=\"809\"><strong data-start=\"775\" data-end=\"807\">Key Features:<\/strong><\/p>\n<ul data-start=\"810\" data-end=\"1087\">\n<li data-section-id=\"12xa08b\" data-start=\"810\" data-end=\"856\">\n<p data-start=\"812\" data-end=\"856\"><strong data-start=\"812\" data-end=\"854\">Sujetador interno con copas extra\u00edbles<\/strong><\/p>\n<\/li>\n<li data-section-id=\"1hz531y\" data-start=\"857\" data-end=\"910\">\n<p data-start=\"859\" data-end=\"910\"><strong data-start=\"859\" data-end=\"880\">Compresi\u00f3n ligera<\/strong> para soporte y recuperaci\u00f3n<\/p>\n<\/li>\n<li data-section-id=\"iuakwc\" data-start=\"911\" data-end=\"967\">\n<p data-start=\"913\" data-end=\"967\"><strong data-start=\"913\" data-end=\"965\">Tejido transpirable, antiolor y de secado r\u00e1pido<\/strong><\/p>\n<\/li>\n<li data-section-id=\"1vyogdy\" data-start=\"968\" data-end=\"1033\">\n<p data-start=\"970\" data-end=\"1033\"><strong data-start=\"970\" data-end=\"1009\">Dise\u00f1o racerback con tirantes finos<\/strong> para m\u00e1xima movilidad<\/p>\n<\/li>\n<li data-section-id=\"yppoup\" data-start=\"1034\" data-end=\"1087\">\n<p data-start=\"1036\" data-end=\"1087\"><strong data-start=\"1036\" data-end=\"1062\">Corte cropped longline<\/strong> vers\u00e1til y favorecedor<\/p>\n<\/li>\n<\/ul>\n<p data-start=\"1089\" data-end=\"1112\"><strong data-start=\"1089\" data-end=\"1110\">Specifications:<\/strong><\/p>\n<ul data-start=\"1113\" data-end=\"1318\">\n<li data-section-id=\"12r1mzz\" data-start=\"1113\" data-end=\"1144\">\n<p data-start=\"1115\" data-end=\"1144\"><strong data-start=\"1115\" data-end=\"1131\">Composici\u00f3n:<\/strong> 100% Nylon<\/p>\n<\/li>\n<li data-section-id=\"fig8z7\" data-start=\"1145\" data-end=\"1184\">\n<p data-start=\"1147\" data-end=\"1184\"><strong data-start=\"1147\" data-end=\"1169\">Familia de tejido:<\/strong> Pro Seamless<\/p>\n<\/li>\n<li data-section-id=\"ryle0b\" data-start=\"1185\" data-end=\"1221\">\n<p data-start=\"1187\" data-end=\"1221\"><strong data-start=\"1187\" data-end=\"1207\">Peso del tejido:<\/strong> Ultraligero<\/p>\n<\/li>\n<li data-section-id=\"14emi0q\" data-start=\"1222\" data-end=\"1247\">\n<p data-start=\"1224\" data-end=\"1247\"><strong data-start=\"1224\" data-end=\"1235\">Ajuste:<\/strong> Entallado<\/p>\n<\/li>\n<li data-section-id=\"1kppmzd\" data-start=\"1248\" data-end=\"1287\">\n<p data-start=\"1250\" data-end=\"1287\"><strong data-start=\"1250\" data-end=\"1261\">Estilo:<\/strong> Con shelf-bra integrado<\/p>\n<\/li>\n<li data-section-id=\"2rz1oc\" data-start=\"1288\" data-end=\"1318\">\n<p data-start=\"1290\" data-end=\"1318\"><strong data-start=\"1290\" data-end=\"1308\">Largo del top:<\/strong> Cropped<\/p>\n<\/li>\n<\/ul>","protected":false},"excerpt":{"rendered":"<p data-start=\"98\" data-end=\"395\">El <strong data-start=\"101\" data-end=\"137\">top de p\u00e1del WILSON Brami Sports<\/strong> es un top tipo racerback con soporte ligero, con <strong data-start=\"187\" data-end=\"221\">sujetador interior incorporado<\/strong>, <strong data-start=\"223\" data-end=\"243\">copas extra\u00edbles<\/strong> and <strong data-start=\"246\" data-end=\"280\">tejido compresivo sin costuras<\/strong>. Cuenta con <strong data-start=\"293\" data-end=\"348\">tecnolog\u00eda antiolor, de secado r\u00e1pido y ventilaci\u00f3n<\/strong> para mayor comodidad y libertad de movimiento.<\/p>\n<ul data-start=\"397\" data-end=\"512\" data-is-last-node=\"\" data-is-only-node=\"\">\n<li data-section-id=\"1eqq0bz\" data-start=\"397\" data-end=\"424\">\n<p data-start=\"399\" data-end=\"424\">Composici\u00f3n: 100% Nylon<\/p>\n<\/li>\n<li data-section-id=\"1tnv5kj\" data-start=\"425\" data-end=\"460\">\n<p data-start=\"427\" data-end=\"460\">Familia de tejido: Pro Seamless<\/p>\n<\/li>\n<li data-section-id=\"1abswq3\" data-start=\"461\" data-end=\"493\">\n<p data-start=\"463\" data-end=\"493\">Peso del tejido: Ultraligero<\/p>\n<\/li>\n<li data-section-id=\"1qhtf25\" data-start=\"494\" data-end=\"512\" data-is-last-node=\"\">\n<p data-start=\"496\" data-end=\"512\" data-is-last-node=\"\">Ajuste: Ajustado<\/p>\n<\/li>\n<\/ul>\n<ul>\n<li>Style: Shelf-Bra<\/li>\n<li>Top Length: Cropped<\/li>\n<\/ul>","protected":false},"featured_media":24213,"template":"","meta":[],"product_brand":[],"product_cat":[611,609,601,695,699,605],"product_tag":[928,927],"class_list":{"0":"post-24199","1":"product","2":"type-product","3":"status-publish","4":"has-post-thumbnail","6":"product_cat-camisetas-ropa","7":"product_cat-mujer-ropa","8":"product_cat-ropa","9":"product_cat-topas","10":"product_cat-wilson-padel","11":"product_cat-wilson-ropa","12":"product_tag-nox-apparels","13":"product_tag-nox-padel-clothes","14":"pa_brand-wilson","15":"pa_color-blanco","16":"pa_gender-mujer","17":"pa_hs_code-724","18":"pa_size-l","19":"pa_size-m","20":"pa_size-s","21":"pa_size-xl","22":"pa_size-xs","24":"first","25":"instock","26":"sale","27":"taxable","28":"shipping-taxable","29":"purchasable","30":"product-type-variable"},"yoast_head":"<!-- This site is optimized with the Yoast SEO plugin v27.3 - https:\/\/yoast.com\/product\/yoast-seo-wordpress\/ -->\n<title>Top Padel Wilson On The Daily Brami White Navy - Padel Zoco<\/title>\n<meta name=\"description\" content=\"WILSON Brami Sports Top ofrece comodidad, soporte ligero y tejido seamless de secado r\u00e1pido, con dise\u00f1o racerback y sujetador integrado, ideal para p\u00e1del, fitness y entrenamiento.\" \/>\n<meta name=\"robots\" content=\"index, follow, max-snippet:-1, max-image-preview:large, max-video-preview:-1\" \/>\n<link rel=\"canonical\" href=\"https:\/\/padelzoco.es\/en\/product\/top-padel-wilson-on-the-daily-brami-white-navy\/\" \/>\n<meta property=\"og:locale\" content=\"en_GB\" \/>\n<meta property=\"og:type\" content=\"article\" \/>\n<meta property=\"og:title\" content=\"Top Padel Wilson On The Daily Brami White Navy - Padel Zoco\" \/>\n<meta property=\"og:description\" content=\"WILSON Brami Sports Top ofrece comodidad, soporte ligero y tejido seamless de secado r\u00e1pido, con dise\u00f1o racerback y sujetador integrado, ideal para p\u00e1del, fitness y entrenamiento.\" \/>\n<meta property=\"og:url\" content=\"https:\/\/padelzoco.es\/en\/product\/top-padel-wilson-on-the-daily-brami-white-navy\/\" \/>\n<meta property=\"og:site_name\" content=\"Padel Zoco\" \/>\n<meta property=\"article:modified_time\" content=\"2026-04-10T15:36:42+00:00\" \/>\n<meta property=\"og:image\" content=\"https:\/\/padelzoco.es\/wp-content\/uploads\/2025\/08\/WILSON-Brami-Padel-Sports-Bra-01.webp\" \/>\n\t<meta property=\"og:image:width\" content=\"1400\" \/>\n\t<meta property=\"og:image:height\" content=\"1400\" \/>\n\t<meta property=\"og:image:type\" content=\"image\/webp\" \/>\n<meta name=\"twitter:card\" content=\"summary_large_image\" \/>\n<meta name=\"twitter:label1\" content=\"Estimated reading time\" \/>\n\t<meta name=\"twitter:data1\" content=\"1 minute\" \/>\n<script type=\"application\/ld+json\" class=\"yoast-schema-graph\">{\"@context\":\"https:\\\/\\\/schema.org\",\"@graph\":[{\"@type\":\"WebPage\",\"@id\":\"https:\\\/\\\/padelzoco.es\\\/product\\\/top-padel-wilson-on-the-daily-brami-white-navy\\\/\",\"url\":\"https:\\\/\\\/padelzoco.es\\\/product\\\/top-padel-wilson-on-the-daily-brami-white-navy\\\/\",\"name\":\"Top Padel Wilson On The Daily Brami White Navy - Padel Zoco\",\"isPartOf\":{\"@id\":\"https:\\\/\\\/padelzoco.es\\\/#website\"},\"primaryImageOfPage\":{\"@id\":\"https:\\\/\\\/padelzoco.es\\\/product\\\/top-padel-wilson-on-the-daily-brami-white-navy\\\/#primaryimage\"},\"image\":{\"@id\":\"https:\\\/\\\/padelzoco.es\\\/product\\\/top-padel-wilson-on-the-daily-brami-white-navy\\\/#primaryimage\"},\"thumbnailUrl\":\"https:\\\/\\\/padelzoco.es\\\/wp-content\\\/uploads\\\/2025\\\/08\\\/WILSON-Brami-Padel-Sports-Bra-01.webp\",\"datePublished\":\"2025-08-24T09:27:18+00:00\",\"dateModified\":\"2026-04-10T15:36:42+00:00\",\"description\":\"WILSON Brami Sports Top ofrece comodidad, soporte ligero y tejido seamless de secado r\u00e1pido, con dise\u00f1o racerback y sujetador integrado, ideal para p\u00e1del, fitness y entrenamiento.\",\"breadcrumb\":{\"@id\":\"https:\\\/\\\/padelzoco.es\\\/product\\\/top-padel-wilson-on-the-daily-brami-white-navy\\\/#breadcrumb\"},\"inLanguage\":\"en-GB\",\"potentialAction\":[{\"@type\":\"ReadAction\",\"target\":[\"https:\\\/\\\/padelzoco.es\\\/product\\\/top-padel-wilson-on-the-daily-brami-white-navy\\\/\"]}]},{\"@type\":\"ImageObject\",\"inLanguage\":\"en-GB\",\"@id\":\"https:\\\/\\\/padelzoco.es\\\/product\\\/top-padel-wilson-on-the-daily-brami-white-navy\\\/#primaryimage\",\"url\":\"https:\\\/\\\/padelzoco.es\\\/wp-content\\\/uploads\\\/2025\\\/08\\\/WILSON-Brami-Padel-Sports-Bra-01.webp\",\"contentUrl\":\"https:\\\/\\\/padelzoco.es\\\/wp-content\\\/uploads\\\/2025\\\/08\\\/WILSON-Brami-Padel-Sports-Bra-01.webp\",\"width\":1400,\"height\":1400,\"caption\":\"WILSON Brami Padel Sports Bra 01\"},{\"@type\":\"BreadcrumbList\",\"@id\":\"https:\\\/\\\/padelzoco.es\\\/product\\\/top-padel-wilson-on-the-daily-brami-white-navy\\\/#breadcrumb\",\"itemListElement\":[{\"@type\":\"ListItem\",\"position\":1,\"name\":\"Home\",\"item\":\"https:\\\/\\\/padelzoco.es\\\/\"},{\"@type\":\"ListItem\",\"position\":2,\"name\":\"Padel Zoco\",\"item\":\"https:\\\/\\\/padelzoco.es\\\/padel-zoco\\\/\"},{\"@type\":\"ListItem\",\"position\":3,\"name\":\"Top Padel Wilson On The Daily Brami White Navy\"}]},{\"@type\":\"WebSite\",\"@id\":\"https:\\\/\\\/padelzoco.es\\\/#website\",\"url\":\"https:\\\/\\\/padelzoco.es\\\/\",\"name\":\"Padel Zoco\",\"description\":\"Padel Zoco | Spain\",\"publisher\":{\"@id\":\"https:\\\/\\\/padelzoco.es\\\/#organization\"},\"potentialAction\":[{\"@type\":\"SearchAction\",\"target\":{\"@type\":\"EntryPoint\",\"urlTemplate\":\"https:\\\/\\\/padelzoco.es\\\/?s={search_term_string}\"},\"query-input\":{\"@type\":\"PropertyValueSpecification\",\"valueRequired\":true,\"valueName\":\"search_term_string\"}}],\"inLanguage\":\"en-GB\"},{\"@type\":\"Organization\",\"@id\":\"https:\\\/\\\/padelzoco.es\\\/#organization\",\"name\":\"Padel Zoco\",\"url\":\"https:\\\/\\\/padelzoco.es\\\/\",\"logo\":{\"@type\":\"ImageObject\",\"inLanguage\":\"en-GB\",\"@id\":\"https:\\\/\\\/padelzoco.es\\\/#\\\/schema\\\/logo\\\/image\\\/\",\"url\":\"https:\\\/\\\/padelzoco.es\\\/wp-content\\\/uploads\\\/2023\\\/11\\\/PadelZoco_Logo_black_white.webp\",\"contentUrl\":\"https:\\\/\\\/padelzoco.es\\\/wp-content\\\/uploads\\\/2023\\\/11\\\/PadelZoco_Logo_black_white.webp\",\"width\":1500,\"height\":631,\"caption\":\"Padel Zoco\"},\"image\":{\"@id\":\"https:\\\/\\\/padelzoco.es\\\/#\\\/schema\\\/logo\\\/image\\\/\"}}]}<\/script>\n<!-- \/ Yoast SEO plugin. -->","yoast_head_json":{"title":"Top Padel Wilson On The Daily Brami White Navy - Padel Zoco","description":"WILSON Brami Sports Top ofrece comodidad, soporte ligero y tejido seamless de secado r\u00e1pido, con dise\u00f1o racerback y sujetador integrado, ideal para p\u00e1del, fitness y entrenamiento.","robots":{"index":"index","follow":"follow","max-snippet":"max-snippet:-1","max-image-preview":"max-image-preview:large","max-video-preview":"max-video-preview:-1"},"canonical":"https:\/\/padelzoco.es\/en\/product\/top-padel-wilson-on-the-daily-brami-white-navy\/","og_locale":"en_GB","og_type":"article","og_title":"Top Padel Wilson On The Daily Brami White Navy - Padel Zoco","og_description":"WILSON Brami Sports Top ofrece comodidad, soporte ligero y tejido seamless de secado r\u00e1pido, con dise\u00f1o racerback y sujetador integrado, ideal para p\u00e1del, fitness y entrenamiento.","og_url":"https:\/\/padelzoco.es\/en\/product\/top-padel-wilson-on-the-daily-brami-white-navy\/","og_site_name":"Padel Zoco","article_modified_time":"2026-04-10T15:36:42+00:00","og_image":[{"width":1400,"height":1400,"url":"https:\/\/padelzoco.es\/wp-content\/uploads\/2025\/08\/WILSON-Brami-Padel-Sports-Bra-01.webp","type":"image\/webp"}],"twitter_card":"summary_large_image","twitter_misc":{"Estimated reading time":"1 minute"},"schema":{"@context":"https:\/\/schema.org","@graph":[{"@type":"WebPage","@id":"https:\/\/padelzoco.es\/product\/top-padel-wilson-on-the-daily-brami-white-navy\/","url":"https:\/\/padelzoco.es\/product\/top-padel-wilson-on-the-daily-brami-white-navy\/","name":"Top Padel Wilson On The Daily Brami White Navy - Padel Zoco","isPartOf":{"@id":"https:\/\/padelzoco.es\/#website"},"primaryImageOfPage":{"@id":"https:\/\/padelzoco.es\/product\/top-padel-wilson-on-the-daily-brami-white-navy\/#primaryimage"},"image":{"@id":"https:\/\/padelzoco.es\/product\/top-padel-wilson-on-the-daily-brami-white-navy\/#primaryimage"},"thumbnailUrl":"https:\/\/padelzoco.es\/wp-content\/uploads\/2025\/08\/WILSON-Brami-Padel-Sports-Bra-01.webp","datePublished":"2025-08-24T09:27:18+00:00","dateModified":"2026-04-10T15:36:42+00:00","description":"WILSON Brami Sports Top ofrece comodidad, soporte ligero y tejido seamless de secado r\u00e1pido, con dise\u00f1o racerback y sujetador integrado, ideal para p\u00e1del, fitness y entrenamiento.","breadcrumb":{"@id":"https:\/\/padelzoco.es\/product\/top-padel-wilson-on-the-daily-brami-white-navy\/#breadcrumb"},"inLanguage":"en-GB","potentialAction":[{"@type":"ReadAction","target":["https:\/\/padelzoco.es\/product\/top-padel-wilson-on-the-daily-brami-white-navy\/"]}]},{"@type":"ImageObject","inLanguage":"en-GB","@id":"https:\/\/padelzoco.es\/product\/top-padel-wilson-on-the-daily-brami-white-navy\/#primaryimage","url":"https:\/\/padelzoco.es\/wp-content\/uploads\/2025\/08\/WILSON-Brami-Padel-Sports-Bra-01.webp","contentUrl":"https:\/\/padelzoco.es\/wp-content\/uploads\/2025\/08\/WILSON-Brami-Padel-Sports-Bra-01.webp","width":1400,"height":1400,"caption":"WILSON Brami Padel Sports Bra 01"},{"@type":"BreadcrumbList","@id":"https:\/\/padelzoco.es\/product\/top-padel-wilson-on-the-daily-brami-white-navy\/#breadcrumb","itemListElement":[{"@type":"ListItem","position":1,"name":"Home","item":"https:\/\/padelzoco.es\/"},{"@type":"ListItem","position":2,"name":"Padel Zoco","item":"https:\/\/padelzoco.es\/padel-zoco\/"},{"@type":"ListItem","position":3,"name":"Top Padel Wilson On The Daily Brami White Navy"}]},{"@type":"WebSite","@id":"https:\/\/padelzoco.es\/#website","url":"https:\/\/padelzoco.es\/","name":"Padel Zoco","description":"Padel Zoco | Spain","publisher":{"@id":"https:\/\/padelzoco.es\/#organization"},"potentialAction":[{"@type":"SearchAction","target":{"@type":"EntryPoint","urlTemplate":"https:\/\/padelzoco.es\/?s={search_term_string}"},"query-input":{"@type":"PropertyValueSpecification","valueRequired":true,"valueName":"search_term_string"}}],"inLanguage":"en-GB"},{"@type":"Organization","@id":"https:\/\/padelzoco.es\/#organization","name":"Padel Zoco","url":"https:\/\/padelzoco.es\/","logo":{"@type":"ImageObject","inLanguage":"en-GB","@id":"https:\/\/padelzoco.es\/#\/schema\/logo\/image\/","url":"https:\/\/padelzoco.es\/wp-content\/uploads\/2023\/11\/PadelZoco_Logo_black_white.webp","contentUrl":"https:\/\/padelzoco.es\/wp-content\/uploads\/2023\/11\/PadelZoco_Logo_black_white.webp","width":1500,"height":631,"caption":"Padel Zoco"},"image":{"@id":"https:\/\/padelzoco.es\/#\/schema\/logo\/image\/"}}]}},"_links":{"self":[{"href":"https:\/\/padelzoco.es\/en\/wp-json\/wp\/v2\/product\/24199","targetHints":{"allow":["GET"]}}],"collection":[{"href":"https:\/\/padelzoco.es\/en\/wp-json\/wp\/v2\/product"}],"about":[{"href":"https:\/\/padelzoco.es\/en\/wp-json\/wp\/v2\/types\/product"}],"version-history":[{"count":8,"href":"https:\/\/padelzoco.es\/en\/wp-json\/wp\/v2\/product\/24199\/revisions"}],"predecessor-version":[{"id":38454,"href":"https:\/\/padelzoco.es\/en\/wp-json\/wp\/v2\/product\/24199\/revisions\/38454"}],"wp:featuredmedia":[{"embeddable":true,"href":"https:\/\/padelzoco.es\/en\/wp-json\/wp\/v2\/media\/24213"}],"wp:attachment":[{"href":"https:\/\/padelzoco.es\/en\/wp-json\/wp\/v2\/media?parent=24199"}],"wp:term":[{"taxonomy":"product_brand","embeddable":true,"href":"https:\/\/padelzoco.es\/en\/wp-json\/wp\/v2\/product_brand?post=24199"},{"taxonomy":"product_cat","embeddable":true,"href":"https:\/\/padelzoco.es\/en\/wp-json\/wp\/v2\/product_cat?post=24199"},{"taxonomy":"product_tag","embeddable":true,"href":"https:\/\/padelzoco.es\/en\/wp-json\/wp\/v2\/product_tag?post=24199"}],"curies":[{"name":"wp","href":"https:\/\/api.w.org\/{rel}","templated":true}]}}