{"id":24922,"date":"2025-09-03T23:09:33","date_gmt":"2025-09-03T22:09:33","guid":{"rendered":"https:\/\/padelzoco.es\/?post_type=product&#038;p=24922"},"modified":"2026-04-30T19:17:40","modified_gmt":"2026-04-30T18:17:40","slug":"pala-padel-bullpadel-hack-04-2026","status":"publish","type":"product","link":"https:\/\/padelzoco.es\/en\/product\/pala-padel-bullpadel-hack-04-2026\/","title":{"rendered":"Bullpadel Hack 04 2026 Padel Racket"},"content":{"rendered":"<p>The Bullpadel Hack 04 2026 padel racket is designed for professional players who demand explosive acceleration, superior control, and unparalleled attacking power. With its diamond shape and advanced aerodynamics, this racket is designed for players who move with speed and aggression, offering maximum energy transfer on every shot.<\/p>\n<p>Part of the iconic Hack range, with over a decade of innovation, the Hack 04 continues Bullpadel's legacy: pure power redefined through dynamic precision. Its cutting-edge technologies, such as Total Channel and 18K Tricarbon, make it faster, lighter, and more powerful than ever.<\/p>\n<p>Designed for offensive players, the Hack 04 2026 combines professional-level features with unmatched adaptability. Whether you're overwhelming opponents with power or counter-attacking under pressure, it offers a perfect combination of stability, spin, and customized performance.<\/p>\n<p data-start=\"1111\" data-end=\"1144\"><strong>Features\u00a0<\/strong><\/p>\n<ul>\n<li>Total Channel Technology: Its optimized aerodynamics reduce air resistance, improve torsional stability, and accelerate swing speed for dynamic power.<\/li>\n<li>Tricore System: Its reinforced core improves stability and minimizes vibrations for greater control and consistent ball striking.<\/li>\n<li>Air React Channel: Its innovative airflow channel increases maneuverability, racquet speed, and frame strength.<\/li>\n<li>Ease Vibe Dampers: Its advanced vibration absorption system reduces impact vibrations by up to 49% for greater comfort and injury prevention.<\/li>\n<li>Custom Weight System: Adjustable gel plates allow for customization of up to +22g and a balance shift of \u00b11cm for a fully personalized setup.<\/li>\n<li>Smart Hole Design: The redesigned concentric hole arrangement improves the sweet spot, ball power, and shot accuracy.<\/li>\n<li>3D Grain Finish: Its rough surface with concentric texture provides a superior effect on both powerful and delicate blows.<\/li>\n<li>Hesacore handle: Its ergonomic honeycomb handle ensures better control, less effort and superior comfort.<\/li>\n<li>Mango Vibradrive: Su inserci\u00f3n el\u00e1stica absorbe las vibraciones en golpes descentrados para un rendimiento m\u00e1s preciso. Fibra de carbono tricarbono 18K: exclusiva fibra de carbono tridireccional 18K que combina ligereza, rigidez y una recuperaci\u00f3n explosiva tras el impacto.<\/li>\n<li>Multieva Core: Triple-density EVA core that dynamically adapts, offering explosive power in aggressive shots and control in softer plays.<\/li>\n<li>Carbon tube structure: 100% carbon construction that maximizes strength and durability.<\/li>\n<\/ul>\n<p><strong>Why choose Hack 04 2026?<\/strong><\/p>\n<ul>\n<li>Professional racket designed for aggressive, attacking players.<\/li>\n<li>Maximum power thanks to its diamond profile and 18K Tricarbon surface.<\/li>\n<li>Advanced vibration dampening for greater comfort and precision.<\/li>\n<li>Fully customizable weight and balance for tailored performance.<\/li>\n<\/ul>\n<p>The Bullpadel Hack 04 2026 padel racket is designed for explosive acceleration, intended for aggressive play, and created for champions.<\/p>","protected":false},"excerpt":{"rendered":"<div class=\"product attribute overview\">\n<div class=\"product attribute overview\">\n<div class=\"value\">\n<div class=\"draggable no-draggable-children sticky top-0 p-3 mb-1.5 flex items-center justify-between z-10 h-header-height font-semibold bg-token-main-surface-primary max-md:hidden\">\n<div class=\"gap-2 flex items-center pr-1 leading-[0]\">\n<div class=\"flex items-center justify-center gap-2\">\n<div class=\"product attribute overview\">\n<div class=\"product attribute overview\">\n<p data-start=\"3106\" data-end=\"3297\">La pala de p\u00e1del Bullpadel Hack 04 HYB 2026 ofrece el equilibrio definitivo entre control y potencia gracias a su forma h\u00edbrida, carbono aluminizado 18K, n\u00facleo Multieva y sistemas de amortiguaci\u00f3n avanzados.<\/p>\n<ul>\n<li>Formato h\u00edbrido para control y contraataques<\/li>\n<li>Carbono aluminizado A-18K + n\u00facleo Multieva<\/li>\n<li>Tecnolog\u00edas Total Channel, Tricore y Air React Channel<\/li>\n<li>Ease Vibe + Vibradrive para una absorci\u00f3n de vibraciones superior<\/li>\n<\/ul>\n<\/div>\n<\/div>\n<\/div>\n<\/div>\n<\/div>\n<\/div>\n<\/div>\n<\/div>\n","protected":false},"featured_media":24929,"template":"","meta":[],"product_brand":[],"product_cat":[582,698,575,584,589,572],"product_tag":[],"class_list":{"0":"post-24922","1":"product","2":"type-product","3":"status-publish","4":"has-post-thumbnail","6":"product_cat-avanzado-palas","7":"product_cat-bullpadel-padel","8":"product_cat-bullpadel-palas","9":"product_cat-diamante-palas","10":"product_cat-hombre-palas","11":"product_cat-palas","12":"pa_brand-bullpadel","13":"pa_gender-hombre","14":"pa_hs_code-134","16":"first","17":"instock","18":"sale","19":"taxable","20":"shipping-taxable","21":"purchasable","22":"product-type-simple"},"yoast_head":"<!-- This site is optimized with the Yoast SEO plugin v27.5 - https:\/\/yoast.com\/product\/yoast-seo-wordpress\/ -->\n<title>Pala Padel Bullpadel Hack 04 2026 - Padel Zoco<\/title>\n<meta name=\"description\" content=\"Bullpadel Hack 04 2026 padel racket with Tricarbon 18K and power for professional padel players. Buy Now at best padel shop Madrid.\" \/>\n<meta name=\"robots\" content=\"index, follow, max-snippet:-1, max-image-preview:large, max-video-preview:-1\" \/>\n<link rel=\"canonical\" href=\"https:\/\/padelzoco.es\/en\/product\/pala-padel-bullpadel-hack-04-2026\/\" \/>\n<meta property=\"og:locale\" content=\"en_GB\" \/>\n<meta property=\"og:type\" content=\"article\" \/>\n<meta property=\"og:title\" content=\"Pala Padel Bullpadel Hack 04 2026 - Padel Zoco\" \/>\n<meta property=\"og:description\" content=\"Bullpadel Hack 04 2026 padel racket with Tricarbon 18K and power for professional padel players. Buy Now at best padel shop Madrid.\" \/>\n<meta property=\"og:url\" content=\"https:\/\/padelzoco.es\/en\/product\/pala-padel-bullpadel-hack-04-2026\/\" \/>\n<meta property=\"og:site_name\" content=\"Padel Zoco\" \/>\n<meta property=\"article:modified_time\" content=\"2026-04-30T18:17:40+00:00\" \/>\n<meta property=\"og:image\" content=\"https:\/\/padelzoco.es\/wp-content\/uploads\/2025\/09\/BULLPADEL-Hack-04-2026-Padel-Racket-01.webp\" \/>\n\t<meta property=\"og:image:width\" content=\"1400\" \/>\n\t<meta property=\"og:image:height\" content=\"1400\" \/>\n\t<meta property=\"og:image:type\" content=\"image\/webp\" \/>\n<meta name=\"twitter:card\" content=\"summary_large_image\" \/>\n<meta name=\"twitter:label1\" content=\"Estimated reading time\" \/>\n\t<meta name=\"twitter:data1\" content=\"3 minutes\" \/>\n<script type=\"application\/ld+json\" class=\"yoast-schema-graph\">{\"@context\":\"https:\\\/\\\/schema.org\",\"@graph\":[{\"@type\":\"WebPage\",\"@id\":\"https:\\\/\\\/padelzoco.es\\\/product\\\/pala-padel-bullpadel-hack-04-2026\\\/\",\"url\":\"https:\\\/\\\/padelzoco.es\\\/product\\\/pala-padel-bullpadel-hack-04-2026\\\/\",\"name\":\"Pala Padel Bullpadel Hack 04 2026 - Padel Zoco\",\"isPartOf\":{\"@id\":\"https:\\\/\\\/padelzoco.es\\\/#website\"},\"primaryImageOfPage\":{\"@id\":\"https:\\\/\\\/padelzoco.es\\\/product\\\/pala-padel-bullpadel-hack-04-2026\\\/#primaryimage\"},\"image\":{\"@id\":\"https:\\\/\\\/padelzoco.es\\\/product\\\/pala-padel-bullpadel-hack-04-2026\\\/#primaryimage\"},\"thumbnailUrl\":\"https:\\\/\\\/padelzoco.es\\\/wp-content\\\/uploads\\\/2025\\\/09\\\/BULLPADEL-Hack-04-2026-Padel-Racket-01.webp\",\"datePublished\":\"2025-09-03T22:09:33+00:00\",\"dateModified\":\"2026-04-30T18:17:40+00:00\",\"description\":\"Bullpadel Hack 04 2026 padel racket with Tricarbon 18K and power for professional padel players. Buy Now at best padel shop Madrid.\",\"breadcrumb\":{\"@id\":\"https:\\\/\\\/padelzoco.es\\\/product\\\/pala-padel-bullpadel-hack-04-2026\\\/#breadcrumb\"},\"inLanguage\":\"en-GB\",\"potentialAction\":[{\"@type\":\"ReadAction\",\"target\":[\"https:\\\/\\\/padelzoco.es\\\/product\\\/pala-padel-bullpadel-hack-04-2026\\\/\"]}]},{\"@type\":\"ImageObject\",\"inLanguage\":\"en-GB\",\"@id\":\"https:\\\/\\\/padelzoco.es\\\/product\\\/pala-padel-bullpadel-hack-04-2026\\\/#primaryimage\",\"url\":\"https:\\\/\\\/padelzoco.es\\\/wp-content\\\/uploads\\\/2025\\\/09\\\/BULLPADEL-Hack-04-2026-Padel-Racket-01.webp\",\"contentUrl\":\"https:\\\/\\\/padelzoco.es\\\/wp-content\\\/uploads\\\/2025\\\/09\\\/BULLPADEL-Hack-04-2026-Padel-Racket-01.webp\",\"width\":1400,\"height\":1400,\"caption\":\"BULLPADEL Hack 04 2026 Padel Racket 01\"},{\"@type\":\"BreadcrumbList\",\"@id\":\"https:\\\/\\\/padelzoco.es\\\/product\\\/pala-padel-bullpadel-hack-04-2026\\\/#breadcrumb\",\"itemListElement\":[{\"@type\":\"ListItem\",\"position\":1,\"name\":\"Home\",\"item\":\"https:\\\/\\\/padelzoco.es\\\/\"},{\"@type\":\"ListItem\",\"position\":2,\"name\":\"Padel Zoco\",\"item\":\"https:\\\/\\\/padelzoco.es\\\/padel-zoco\\\/\"},{\"@type\":\"ListItem\",\"position\":3,\"name\":\"Pala Padel Bullpadel Hack 04 2026\"}]},{\"@type\":\"WebSite\",\"@id\":\"https:\\\/\\\/padelzoco.es\\\/#website\",\"url\":\"https:\\\/\\\/padelzoco.es\\\/\",\"name\":\"Padel Zoco\",\"description\":\"Padel Zoco | Spain\",\"publisher\":{\"@id\":\"https:\\\/\\\/padelzoco.es\\\/#organization\"},\"potentialAction\":[{\"@type\":\"SearchAction\",\"target\":{\"@type\":\"EntryPoint\",\"urlTemplate\":\"https:\\\/\\\/padelzoco.es\\\/?s={search_term_string}\"},\"query-input\":{\"@type\":\"PropertyValueSpecification\",\"valueRequired\":true,\"valueName\":\"search_term_string\"}}],\"inLanguage\":\"en-GB\"},{\"@type\":\"Organization\",\"@id\":\"https:\\\/\\\/padelzoco.es\\\/#organization\",\"name\":\"Padel Zoco\",\"url\":\"https:\\\/\\\/padelzoco.es\\\/\",\"logo\":{\"@type\":\"ImageObject\",\"inLanguage\":\"en-GB\",\"@id\":\"https:\\\/\\\/padelzoco.es\\\/#\\\/schema\\\/logo\\\/image\\\/\",\"url\":\"https:\\\/\\\/padelzoco.es\\\/wp-content\\\/uploads\\\/2023\\\/11\\\/PadelZoco_Logo_black_white.webp\",\"contentUrl\":\"https:\\\/\\\/padelzoco.es\\\/wp-content\\\/uploads\\\/2023\\\/11\\\/PadelZoco_Logo_black_white.webp\",\"width\":1500,\"height\":631,\"caption\":\"Padel Zoco\"},\"image\":{\"@id\":\"https:\\\/\\\/padelzoco.es\\\/#\\\/schema\\\/logo\\\/image\\\/\"}}]}<\/script>\n<!-- \/ Yoast SEO plugin. -->","yoast_head_json":{"title":"Pala Padel Bullpadel Hack 04 2026 - Padel Zoco","description":"Bullpadel Hack 04 2026 padel racket with Tricarbon 18K and power for professional padel players. Buy Now at best padel shop Madrid.","robots":{"index":"index","follow":"follow","max-snippet":"max-snippet:-1","max-image-preview":"max-image-preview:large","max-video-preview":"max-video-preview:-1"},"canonical":"https:\/\/padelzoco.es\/en\/product\/pala-padel-bullpadel-hack-04-2026\/","og_locale":"en_GB","og_type":"article","og_title":"Pala Padel Bullpadel Hack 04 2026 - Padel Zoco","og_description":"Bullpadel Hack 04 2026 padel racket with Tricarbon 18K and power for professional padel players. Buy Now at best padel shop Madrid.","og_url":"https:\/\/padelzoco.es\/en\/product\/pala-padel-bullpadel-hack-04-2026\/","og_site_name":"Padel Zoco","article_modified_time":"2026-04-30T18:17:40+00:00","og_image":[{"width":1400,"height":1400,"url":"https:\/\/padelzoco.es\/wp-content\/uploads\/2025\/09\/BULLPADEL-Hack-04-2026-Padel-Racket-01.webp","type":"image\/webp"}],"twitter_card":"summary_large_image","twitter_misc":{"Estimated reading time":"3 minutes"},"schema":{"@context":"https:\/\/schema.org","@graph":[{"@type":"WebPage","@id":"https:\/\/padelzoco.es\/product\/pala-padel-bullpadel-hack-04-2026\/","url":"https:\/\/padelzoco.es\/product\/pala-padel-bullpadel-hack-04-2026\/","name":"Pala Padel Bullpadel Hack 04 2026 - Padel Zoco","isPartOf":{"@id":"https:\/\/padelzoco.es\/#website"},"primaryImageOfPage":{"@id":"https:\/\/padelzoco.es\/product\/pala-padel-bullpadel-hack-04-2026\/#primaryimage"},"image":{"@id":"https:\/\/padelzoco.es\/product\/pala-padel-bullpadel-hack-04-2026\/#primaryimage"},"thumbnailUrl":"https:\/\/padelzoco.es\/wp-content\/uploads\/2025\/09\/BULLPADEL-Hack-04-2026-Padel-Racket-01.webp","datePublished":"2025-09-03T22:09:33+00:00","dateModified":"2026-04-30T18:17:40+00:00","description":"Bullpadel Hack 04 2026 padel racket with Tricarbon 18K and power for professional padel players. Buy Now at best padel shop Madrid.","breadcrumb":{"@id":"https:\/\/padelzoco.es\/product\/pala-padel-bullpadel-hack-04-2026\/#breadcrumb"},"inLanguage":"en-GB","potentialAction":[{"@type":"ReadAction","target":["https:\/\/padelzoco.es\/product\/pala-padel-bullpadel-hack-04-2026\/"]}]},{"@type":"ImageObject","inLanguage":"en-GB","@id":"https:\/\/padelzoco.es\/product\/pala-padel-bullpadel-hack-04-2026\/#primaryimage","url":"https:\/\/padelzoco.es\/wp-content\/uploads\/2025\/09\/BULLPADEL-Hack-04-2026-Padel-Racket-01.webp","contentUrl":"https:\/\/padelzoco.es\/wp-content\/uploads\/2025\/09\/BULLPADEL-Hack-04-2026-Padel-Racket-01.webp","width":1400,"height":1400,"caption":"BULLPADEL Hack 04 2026 Padel Racket 01"},{"@type":"BreadcrumbList","@id":"https:\/\/padelzoco.es\/product\/pala-padel-bullpadel-hack-04-2026\/#breadcrumb","itemListElement":[{"@type":"ListItem","position":1,"name":"Home","item":"https:\/\/padelzoco.es\/"},{"@type":"ListItem","position":2,"name":"Padel Zoco","item":"https:\/\/padelzoco.es\/padel-zoco\/"},{"@type":"ListItem","position":3,"name":"Pala Padel Bullpadel Hack 04 2026"}]},{"@type":"WebSite","@id":"https:\/\/padelzoco.es\/#website","url":"https:\/\/padelzoco.es\/","name":"Padel Zoco","description":"Padel Zoco | Spain","publisher":{"@id":"https:\/\/padelzoco.es\/#organization"},"potentialAction":[{"@type":"SearchAction","target":{"@type":"EntryPoint","urlTemplate":"https:\/\/padelzoco.es\/?s={search_term_string}"},"query-input":{"@type":"PropertyValueSpecification","valueRequired":true,"valueName":"search_term_string"}}],"inLanguage":"en-GB"},{"@type":"Organization","@id":"https:\/\/padelzoco.es\/#organization","name":"Padel Zoco","url":"https:\/\/padelzoco.es\/","logo":{"@type":"ImageObject","inLanguage":"en-GB","@id":"https:\/\/padelzoco.es\/#\/schema\/logo\/image\/","url":"https:\/\/padelzoco.es\/wp-content\/uploads\/2023\/11\/PadelZoco_Logo_black_white.webp","contentUrl":"https:\/\/padelzoco.es\/wp-content\/uploads\/2023\/11\/PadelZoco_Logo_black_white.webp","width":1500,"height":631,"caption":"Padel Zoco"},"image":{"@id":"https:\/\/padelzoco.es\/#\/schema\/logo\/image\/"}}]}},"_links":{"self":[{"href":"https:\/\/padelzoco.es\/en\/wp-json\/wp\/v2\/product\/24922","targetHints":{"allow":["GET"]}}],"collection":[{"href":"https:\/\/padelzoco.es\/en\/wp-json\/wp\/v2\/product"}],"about":[{"href":"https:\/\/padelzoco.es\/en\/wp-json\/wp\/v2\/types\/product"}],"version-history":[{"count":5,"href":"https:\/\/padelzoco.es\/en\/wp-json\/wp\/v2\/product\/24922\/revisions"}],"predecessor-version":[{"id":29309,"href":"https:\/\/padelzoco.es\/en\/wp-json\/wp\/v2\/product\/24922\/revisions\/29309"}],"wp:featuredmedia":[{"embeddable":true,"href":"https:\/\/padelzoco.es\/en\/wp-json\/wp\/v2\/media\/24929"}],"wp:attachment":[{"href":"https:\/\/padelzoco.es\/en\/wp-json\/wp\/v2\/media?parent=24922"}],"wp:term":[{"taxonomy":"product_brand","embeddable":true,"href":"https:\/\/padelzoco.es\/en\/wp-json\/wp\/v2\/product_brand?post=24922"},{"taxonomy":"product_cat","embeddable":true,"href":"https:\/\/padelzoco.es\/en\/wp-json\/wp\/v2\/product_cat?post=24922"},{"taxonomy":"product_tag","embeddable":true,"href":"https:\/\/padelzoco.es\/en\/wp-json\/wp\/v2\/product_tag?post=24922"}],"curies":[{"name":"wp","href":"https:\/\/api.w.org\/{rel}","templated":true}]}}