{"id":24950,"date":"2025-09-04T00:01:18","date_gmt":"2025-09-03T23:01:18","guid":{"rendered":"https:\/\/padelzoco.es\/?post_type=product&#038;p=24950"},"modified":"2026-04-30T19:17:41","modified_gmt":"2026-04-30T18:17:41","slug":"pala-padel-bullpadel-vertex-05-geo-2026","status":"publish","type":"product","link":"https:\/\/padelzoco.es\/en\/product\/pala-padel-bullpadel-vertex-05-geo-2026\/","title":{"rendered":"Bullpadel Vertex 05 GEO 2026 Padel Racket"},"content":{"rendered":"<p data-start=\"771\" data-end=\"1154\">The Bullpadel Vertex 05 GEO 2026 padel racket represents the most advanced evolution of the brand's most iconic series. Created for players who want it all\u2014power, control, speed, and precision\u2014it combines a unique geometric design with an enlarged hitting surface to take offensive padel to another level without losing the versatility that characterizes the Vertex range.<\/p>\n<p data-start=\"1156\" data-end=\"1474\">Inspired by the talent and style of Pablo Cardona, this racket is designed for those who seek to dominate every point with explosive attacks, sharp control, and total stability. Its wider shape offers a larger sweet spot, providing forgiveness on off-center hits and a more reliable response.<\/p>\n<p data-start=\"1476\" data-end=\"1716\">Built with state-of-the-art materials and cutting-edge technologies, the Vertex 05 GEO is Bullpadel's most aggressive and versatile racket to date, designed for players who want to experience Total Play at the next level.<\/p>\n<h3 data-start=\"1723\" data-end=\"1767\">Key Technologies and Features<\/h3>\n<ul data-start=\"1768\" data-end=\"2865\">\n<li data-start=\"1768\" data-end=\"1881\">\n<p data-start=\"1770\" data-end=\"1881\">Curv:Aktiv: Optimized structure that improves stability and distributes vibrations for greater responsiveness.<\/p>\n<\/li>\n<li data-start=\"1882\" data-end=\"1984\">\n<p data-start=\"1884\" data-end=\"1984\">Air Power: Enlarged hollow channels that enhance aerodynamics, acceleration, and maneuverability.<\/p>\n<\/li>\n<li data-start=\"1985\" data-end=\"2089\">\n<p data-start=\"1987\" data-end=\"2089\">Vertex Core: Redesigned triangular core that reduces vibrations and ensures stable performance.<\/p>\n<\/li>\n<li data-start=\"2090\" data-end=\"2201\">\n<p data-start=\"2092\" data-end=\"2201\">Geometric Shape: Enlarged shape (541 cm\u00b2), the largest sweet spot in Bullpadel history.<\/p>\n<\/li>\n<li data-start=\"2202\" data-end=\"2307\">\n<p data-start=\"2204\" data-end=\"2307\">Ease Vibe: System that absorbs up to 49% of vibrations for greater comfort and less fatigue.<\/p>\n<\/li>\n<li data-start=\"2308\" data-end=\"2408\">\n<p data-start=\"2310\" data-end=\"2408\">Custom Weight: Adjustable plate system to modify weight and balance by up to +9g and \u00b11 cm.<\/p>\n<\/li>\n<li data-start=\"2409\" data-end=\"2494\">\n<p data-start=\"2411\" data-end=\"2494\">Top Spin: Textured surface that increases grip for more aggressive spin.<\/p>\n<\/li>\n<li data-start=\"2495\" data-end=\"2588\">\n<p data-start=\"2497\" data-end=\"2588\">Hesacore Grip: Ergonomic honeycomb grip that reduces effort and improves comfort.<\/p>\n<\/li>\n<li data-start=\"2589\" data-end=\"2683\">\n<p data-start=\"2591\" data-end=\"2683\">Vibradrive: Elastomer in the grip that filters vibrations for greater solidity and comfort.<\/p>\n<\/li>\n<li data-start=\"2684\" data-end=\"2780\">\n<p data-start=\"2686\" data-end=\"2780\">Xtend Carbon 3K: High-performance carbon that provides control, power, and durability.<\/p>\n<\/li>\n<li data-start=\"2781\" data-end=\"2865\">\n<p data-start=\"2783\" data-end=\"2865\">Multieva Core: Multi-layer EVA core that balances explosiveness and comfort.<\/p>\n<\/li>\n<\/ul>\n<h3 data-start=\"2872\" data-end=\"2931\">\u00a0Why choose the Bullpadel Vertex 05 GEO 2026?<\/h3>\n<ul data-start=\"2932\" data-end=\"3216\">\n<li data-start=\"2932\" data-end=\"3010\">\n<p data-start=\"2934\" data-end=\"3010\">The largest sweet spot in the Vertex range, ideal for precision and forgiveness.<\/p>\n<\/li>\n<li data-start=\"3011\" data-end=\"3069\">\n<p data-start=\"3013\" data-end=\"3069\">Perfect offensive balance for aggressive players.<\/p>\n<\/li>\n<li data-start=\"3070\" data-end=\"3140\">\n<p data-start=\"3072\" data-end=\"3140\">Advanced vibration absorption systems for greater comfort.<\/p>\n<\/li>\n<li data-start=\"3141\" data-end=\"3216\">\n<p data-start=\"3143\" data-end=\"3216\">Developed in collaboration with Pablo Cardona for professional performance.<\/p>\n<\/li>\n<\/ul>\n<p data-start=\"3223\" data-end=\"3421\">The Bullpadel Vertex 05 GEO 2026 is designed for those looking to dominate offensive padel without sacrificing control and stability. Inspired by Pablo Cardona, built for champions.<\/p>","protected":false},"excerpt":{"rendered":"<div class=\"product attribute overview\">\n<div class=\"product attribute overview\">\n<div class=\"value\">\n<div class=\"draggable no-draggable-children sticky top-0 p-3 mb-1.5 flex items-center justify-between z-10 h-header-height font-semibold bg-token-main-surface-primary max-md:hidden\">\n<div class=\"gap-2 flex items-center pr-1 leading-[0]\">\n<div class=\"flex items-center justify-center gap-2\">\n<div class=\"product attribute overview\">\n<div class=\"product attribute overview\">\n<p data-start=\"2867\" data-end=\"3052\">La Pala Bullpadel Vertex 05 GEO 2026 es la evoluci\u00f3n m\u00e1s atrevida de la l\u00ednea Vertex. Inspirada en Pablo Cardona, ofrece potencia, control y precisi\u00f3n con un dise\u00f1o geom\u00e9trico innovador y el sweet spot m\u00e1s grande de la historia de Bullpadel.<\/p>\n<\/div>\n<\/div>\n<\/div>\n<\/div>\n<\/div>\n<\/div>\n<\/div>\n<\/div>\n","protected":false},"featured_media":24955,"template":"","meta":[],"product_brand":[],"product_cat":[582,698,575,947,589,572],"product_tag":[],"class_list":{"0":"post-24950","1":"product","2":"type-product","3":"status-publish","4":"has-post-thumbnail","6":"product_cat-avanzado-palas","7":"product_cat-bullpadel-padel","8":"product_cat-bullpadel-palas","9":"product_cat-geometric","10":"product_cat-hombre-palas","11":"product_cat-palas","12":"pa_brand-bullpadel","13":"pa_gender-hombre","14":"pa_hs_code-134","16":"first","17":"instock","18":"sale","19":"taxable","20":"shipping-taxable","21":"purchasable","22":"product-type-simple"},"yoast_head":"<!-- This site is optimized with the Yoast SEO plugin v27.5 - https:\/\/yoast.com\/product\/yoast-seo-wordpress\/ -->\n<title>Pala Padel Bullpadel Vertex 05 GEO 2026 - Padel Zoco<\/title>\n<meta name=\"description\" content=\"La Pala Bullpadel Vertex 05 GEO 2026, inspirada en Pablo Cardona, ofrece el mayor punto dulce en la historia de la serie Vertex.\" \/>\n<meta name=\"robots\" content=\"index, follow, max-snippet:-1, max-image-preview:large, max-video-preview:-1\" \/>\n<link rel=\"canonical\" href=\"https:\/\/padelzoco.es\/en\/product\/pala-padel-bullpadel-vertex-05-geo-2026\/\" \/>\n<meta property=\"og:locale\" content=\"en_GB\" \/>\n<meta property=\"og:type\" content=\"article\" \/>\n<meta property=\"og:title\" content=\"Pala Padel Bullpadel Vertex 05 GEO 2026 - Padel Zoco\" \/>\n<meta property=\"og:description\" content=\"La Pala Bullpadel Vertex 05 GEO 2026, inspirada en Pablo Cardona, ofrece el mayor punto dulce en la historia de la serie Vertex.\" \/>\n<meta property=\"og:url\" content=\"https:\/\/padelzoco.es\/en\/product\/pala-padel-bullpadel-vertex-05-geo-2026\/\" \/>\n<meta property=\"og:site_name\" content=\"Padel Zoco\" \/>\n<meta property=\"article:modified_time\" content=\"2026-04-30T18:17:41+00:00\" \/>\n<meta property=\"og:image\" content=\"https:\/\/padelzoco.es\/wp-content\/uploads\/2025\/09\/BULLPADEL-Vertex-05-GEO-2026-Padel-Racket-01.webp\" \/>\n\t<meta property=\"og:image:width\" content=\"1400\" \/>\n\t<meta property=\"og:image:height\" content=\"1400\" \/>\n\t<meta property=\"og:image:type\" content=\"image\/webp\" \/>\n<meta name=\"twitter:card\" content=\"summary_large_image\" \/>\n<meta name=\"twitter:label1\" content=\"Estimated reading time\" \/>\n\t<meta name=\"twitter:data1\" content=\"2 minutes\" \/>\n<script type=\"application\/ld+json\" class=\"yoast-schema-graph\">{\"@context\":\"https:\\\/\\\/schema.org\",\"@graph\":[{\"@type\":\"WebPage\",\"@id\":\"https:\\\/\\\/padelzoco.es\\\/product\\\/pala-padel-bullpadel-vertex-05-geo-2026\\\/\",\"url\":\"https:\\\/\\\/padelzoco.es\\\/product\\\/pala-padel-bullpadel-vertex-05-geo-2026\\\/\",\"name\":\"Pala Padel Bullpadel Vertex 05 GEO 2026 - Padel Zoco\",\"isPartOf\":{\"@id\":\"https:\\\/\\\/padelzoco.es\\\/#website\"},\"primaryImageOfPage\":{\"@id\":\"https:\\\/\\\/padelzoco.es\\\/product\\\/pala-padel-bullpadel-vertex-05-geo-2026\\\/#primaryimage\"},\"image\":{\"@id\":\"https:\\\/\\\/padelzoco.es\\\/product\\\/pala-padel-bullpadel-vertex-05-geo-2026\\\/#primaryimage\"},\"thumbnailUrl\":\"https:\\\/\\\/padelzoco.es\\\/wp-content\\\/uploads\\\/2025\\\/09\\\/BULLPADEL-Vertex-05-GEO-2026-Padel-Racket-01.webp\",\"datePublished\":\"2025-09-03T23:01:18+00:00\",\"dateModified\":\"2026-04-30T18:17:41+00:00\",\"description\":\"La Pala Bullpadel Vertex 05 GEO 2026, inspirada en Pablo Cardona, ofrece el mayor punto dulce en la historia de la serie Vertex.\",\"breadcrumb\":{\"@id\":\"https:\\\/\\\/padelzoco.es\\\/product\\\/pala-padel-bullpadel-vertex-05-geo-2026\\\/#breadcrumb\"},\"inLanguage\":\"en-GB\",\"potentialAction\":[{\"@type\":\"ReadAction\",\"target\":[\"https:\\\/\\\/padelzoco.es\\\/product\\\/pala-padel-bullpadel-vertex-05-geo-2026\\\/\"]}]},{\"@type\":\"ImageObject\",\"inLanguage\":\"en-GB\",\"@id\":\"https:\\\/\\\/padelzoco.es\\\/product\\\/pala-padel-bullpadel-vertex-05-geo-2026\\\/#primaryimage\",\"url\":\"https:\\\/\\\/padelzoco.es\\\/wp-content\\\/uploads\\\/2025\\\/09\\\/BULLPADEL-Vertex-05-GEO-2026-Padel-Racket-01.webp\",\"contentUrl\":\"https:\\\/\\\/padelzoco.es\\\/wp-content\\\/uploads\\\/2025\\\/09\\\/BULLPADEL-Vertex-05-GEO-2026-Padel-Racket-01.webp\",\"width\":1400,\"height\":1400,\"caption\":\"BULLPADEL Vertex 05 GEO 2026 Padel Racket 01\"},{\"@type\":\"BreadcrumbList\",\"@id\":\"https:\\\/\\\/padelzoco.es\\\/product\\\/pala-padel-bullpadel-vertex-05-geo-2026\\\/#breadcrumb\",\"itemListElement\":[{\"@type\":\"ListItem\",\"position\":1,\"name\":\"Home\",\"item\":\"https:\\\/\\\/padelzoco.es\\\/\"},{\"@type\":\"ListItem\",\"position\":2,\"name\":\"Padel Zoco\",\"item\":\"https:\\\/\\\/padelzoco.es\\\/padel-zoco\\\/\"},{\"@type\":\"ListItem\",\"position\":3,\"name\":\"Pala Padel Bullpadel Vertex 05 GEO 2026\"}]},{\"@type\":\"WebSite\",\"@id\":\"https:\\\/\\\/padelzoco.es\\\/#website\",\"url\":\"https:\\\/\\\/padelzoco.es\\\/\",\"name\":\"Padel Zoco\",\"description\":\"Padel Zoco | Spain\",\"publisher\":{\"@id\":\"https:\\\/\\\/padelzoco.es\\\/#organization\"},\"potentialAction\":[{\"@type\":\"SearchAction\",\"target\":{\"@type\":\"EntryPoint\",\"urlTemplate\":\"https:\\\/\\\/padelzoco.es\\\/?s={search_term_string}\"},\"query-input\":{\"@type\":\"PropertyValueSpecification\",\"valueRequired\":true,\"valueName\":\"search_term_string\"}}],\"inLanguage\":\"en-GB\"},{\"@type\":\"Organization\",\"@id\":\"https:\\\/\\\/padelzoco.es\\\/#organization\",\"name\":\"Padel Zoco\",\"url\":\"https:\\\/\\\/padelzoco.es\\\/\",\"logo\":{\"@type\":\"ImageObject\",\"inLanguage\":\"en-GB\",\"@id\":\"https:\\\/\\\/padelzoco.es\\\/#\\\/schema\\\/logo\\\/image\\\/\",\"url\":\"https:\\\/\\\/padelzoco.es\\\/wp-content\\\/uploads\\\/2023\\\/11\\\/PadelZoco_Logo_black_white.webp\",\"contentUrl\":\"https:\\\/\\\/padelzoco.es\\\/wp-content\\\/uploads\\\/2023\\\/11\\\/PadelZoco_Logo_black_white.webp\",\"width\":1500,\"height\":631,\"caption\":\"Padel Zoco\"},\"image\":{\"@id\":\"https:\\\/\\\/padelzoco.es\\\/#\\\/schema\\\/logo\\\/image\\\/\"}}]}<\/script>\n<!-- \/ Yoast SEO plugin. -->","yoast_head_json":{"title":"Pala Padel Bullpadel Vertex 05 GEO 2026 - Padel Zoco","description":"La Pala Bullpadel Vertex 05 GEO 2026, inspirada en Pablo Cardona, ofrece el mayor punto dulce en la historia de la serie Vertex.","robots":{"index":"index","follow":"follow","max-snippet":"max-snippet:-1","max-image-preview":"max-image-preview:large","max-video-preview":"max-video-preview:-1"},"canonical":"https:\/\/padelzoco.es\/en\/product\/pala-padel-bullpadel-vertex-05-geo-2026\/","og_locale":"en_GB","og_type":"article","og_title":"Pala Padel Bullpadel Vertex 05 GEO 2026 - Padel Zoco","og_description":"La Pala Bullpadel Vertex 05 GEO 2026, inspirada en Pablo Cardona, ofrece el mayor punto dulce en la historia de la serie Vertex.","og_url":"https:\/\/padelzoco.es\/en\/product\/pala-padel-bullpadel-vertex-05-geo-2026\/","og_site_name":"Padel Zoco","article_modified_time":"2026-04-30T18:17:41+00:00","og_image":[{"width":1400,"height":1400,"url":"https:\/\/padelzoco.es\/wp-content\/uploads\/2025\/09\/BULLPADEL-Vertex-05-GEO-2026-Padel-Racket-01.webp","type":"image\/webp"}],"twitter_card":"summary_large_image","twitter_misc":{"Estimated reading time":"2 minutes"},"schema":{"@context":"https:\/\/schema.org","@graph":[{"@type":"WebPage","@id":"https:\/\/padelzoco.es\/product\/pala-padel-bullpadel-vertex-05-geo-2026\/","url":"https:\/\/padelzoco.es\/product\/pala-padel-bullpadel-vertex-05-geo-2026\/","name":"Pala Padel Bullpadel Vertex 05 GEO 2026 - Padel Zoco","isPartOf":{"@id":"https:\/\/padelzoco.es\/#website"},"primaryImageOfPage":{"@id":"https:\/\/padelzoco.es\/product\/pala-padel-bullpadel-vertex-05-geo-2026\/#primaryimage"},"image":{"@id":"https:\/\/padelzoco.es\/product\/pala-padel-bullpadel-vertex-05-geo-2026\/#primaryimage"},"thumbnailUrl":"https:\/\/padelzoco.es\/wp-content\/uploads\/2025\/09\/BULLPADEL-Vertex-05-GEO-2026-Padel-Racket-01.webp","datePublished":"2025-09-03T23:01:18+00:00","dateModified":"2026-04-30T18:17:41+00:00","description":"La Pala Bullpadel Vertex 05 GEO 2026, inspirada en Pablo Cardona, ofrece el mayor punto dulce en la historia de la serie Vertex.","breadcrumb":{"@id":"https:\/\/padelzoco.es\/product\/pala-padel-bullpadel-vertex-05-geo-2026\/#breadcrumb"},"inLanguage":"en-GB","potentialAction":[{"@type":"ReadAction","target":["https:\/\/padelzoco.es\/product\/pala-padel-bullpadel-vertex-05-geo-2026\/"]}]},{"@type":"ImageObject","inLanguage":"en-GB","@id":"https:\/\/padelzoco.es\/product\/pala-padel-bullpadel-vertex-05-geo-2026\/#primaryimage","url":"https:\/\/padelzoco.es\/wp-content\/uploads\/2025\/09\/BULLPADEL-Vertex-05-GEO-2026-Padel-Racket-01.webp","contentUrl":"https:\/\/padelzoco.es\/wp-content\/uploads\/2025\/09\/BULLPADEL-Vertex-05-GEO-2026-Padel-Racket-01.webp","width":1400,"height":1400,"caption":"BULLPADEL Vertex 05 GEO 2026 Padel Racket 01"},{"@type":"BreadcrumbList","@id":"https:\/\/padelzoco.es\/product\/pala-padel-bullpadel-vertex-05-geo-2026\/#breadcrumb","itemListElement":[{"@type":"ListItem","position":1,"name":"Home","item":"https:\/\/padelzoco.es\/"},{"@type":"ListItem","position":2,"name":"Padel Zoco","item":"https:\/\/padelzoco.es\/padel-zoco\/"},{"@type":"ListItem","position":3,"name":"Pala Padel Bullpadel Vertex 05 GEO 2026"}]},{"@type":"WebSite","@id":"https:\/\/padelzoco.es\/#website","url":"https:\/\/padelzoco.es\/","name":"Padel Zoco","description":"Padel Zoco | Spain","publisher":{"@id":"https:\/\/padelzoco.es\/#organization"},"potentialAction":[{"@type":"SearchAction","target":{"@type":"EntryPoint","urlTemplate":"https:\/\/padelzoco.es\/?s={search_term_string}"},"query-input":{"@type":"PropertyValueSpecification","valueRequired":true,"valueName":"search_term_string"}}],"inLanguage":"en-GB"},{"@type":"Organization","@id":"https:\/\/padelzoco.es\/#organization","name":"Padel Zoco","url":"https:\/\/padelzoco.es\/","logo":{"@type":"ImageObject","inLanguage":"en-GB","@id":"https:\/\/padelzoco.es\/#\/schema\/logo\/image\/","url":"https:\/\/padelzoco.es\/wp-content\/uploads\/2023\/11\/PadelZoco_Logo_black_white.webp","contentUrl":"https:\/\/padelzoco.es\/wp-content\/uploads\/2023\/11\/PadelZoco_Logo_black_white.webp","width":1500,"height":631,"caption":"Padel Zoco"},"image":{"@id":"https:\/\/padelzoco.es\/#\/schema\/logo\/image\/"}}]}},"_links":{"self":[{"href":"https:\/\/padelzoco.es\/en\/wp-json\/wp\/v2\/product\/24950","targetHints":{"allow":["GET"]}}],"collection":[{"href":"https:\/\/padelzoco.es\/en\/wp-json\/wp\/v2\/product"}],"about":[{"href":"https:\/\/padelzoco.es\/en\/wp-json\/wp\/v2\/types\/product"}],"version-history":[{"count":5,"href":"https:\/\/padelzoco.es\/en\/wp-json\/wp\/v2\/product\/24950\/revisions"}],"predecessor-version":[{"id":27225,"href":"https:\/\/padelzoco.es\/en\/wp-json\/wp\/v2\/product\/24950\/revisions\/27225"}],"wp:featuredmedia":[{"embeddable":true,"href":"https:\/\/padelzoco.es\/en\/wp-json\/wp\/v2\/media\/24955"}],"wp:attachment":[{"href":"https:\/\/padelzoco.es\/en\/wp-json\/wp\/v2\/media?parent=24950"}],"wp:term":[{"taxonomy":"product_brand","embeddable":true,"href":"https:\/\/padelzoco.es\/en\/wp-json\/wp\/v2\/product_brand?post=24950"},{"taxonomy":"product_cat","embeddable":true,"href":"https:\/\/padelzoco.es\/en\/wp-json\/wp\/v2\/product_cat?post=24950"},{"taxonomy":"product_tag","embeddable":true,"href":"https:\/\/padelzoco.es\/en\/wp-json\/wp\/v2\/product_tag?post=24950"}],"curies":[{"name":"wp","href":"https:\/\/api.w.org\/{rel}","templated":true}]}}