{"id":24957,"date":"2025-09-04T00:14:13","date_gmt":"2025-09-03T23:14:13","guid":{"rendered":"https:\/\/padelzoco.es\/?post_type=product&#038;p=24957"},"modified":"2026-04-30T19:17:41","modified_gmt":"2026-04-30T18:17:41","slug":"pala-padel-bullpadel-vertex-05-2026","status":"publish","type":"product","link":"https:\/\/padelzoco.es\/en\/product\/pala-padel-bullpadel-vertex-05-2026\/","title":{"rendered":"Bullpadel Vertex 05 2026 Padel Racket"},"content":{"rendered":"<p data-start=\"781\" data-end=\"1174\">In padel, the choice is always between power or control, speed or precision, stability or agility. With the Bullpadel Vertex 05 2026, you don't have to choose: this model brings it all together in a single frame. It's the most complete evolution of Bullpadel's most iconic series, offering explosive power, pinpoint control, fluid maneuverability, and unparalleled consistency.<\/p>\n<p data-start=\"1176\" data-end=\"1447\">Endorsed by professional player Juan \"El Gato\" Tello, this racket is designed to provide the complete on-court experience. Every shot feels solid, every point under control, and every transition fluid and natural. More than just a racket, it's the definition of Total Play.<\/p>\n<p data-start=\"1449\" data-end=\"1801\">With advanced structural improvements, aerodynamic innovations, and vibration reduction systems, the Vertex 05 is the most stable, responsive, and versatile racket ever made by Bullpadel. Ideal for both professional players and ambitious players looking to take their game to the next level, it adapts to all playing styles.<\/p>\n<h3 data-start=\"1808\" data-end=\"1852\">\u00a0Key Technologies and Features<\/h3>\n<ul data-start=\"1853\" data-end=\"2825\">\n<li data-start=\"1853\" data-end=\"1962\">\n<p data-start=\"1855\" data-end=\"1962\">Curv:Aktiv: Optimized lateral structure that distributes vibrations and increases rigidity and responsiveness.<\/p>\n<\/li>\n<li data-start=\"1963\" data-end=\"2059\">\n<p data-start=\"1965\" data-end=\"2059\">Air Power: Enlarged hollow channel for reduced weight, improved aerodynamics, and greater acceleration.<\/p>\n<\/li>\n<li data-start=\"2060\" data-end=\"2155\">\n<p data-start=\"2062\" data-end=\"2155\">Vertex Core: Redesigned triangular bridge that improves stability and reduces twisting.<\/p>\n<\/li>\n<li data-start=\"2156\" data-end=\"2239\">\n<p data-start=\"2158\" data-end=\"2239\">Ease Vibe: Absorption system that reduces vibrations by up to 49%.<\/p>\n<\/li>\n<li data-start=\"2240\" data-end=\"2330\">\n<p data-start=\"2242\" data-end=\"2330\">Custom Weight: Adjustable plates that allow you to modify weight and balance by up to +12g.<\/p>\n<\/li>\n<li data-start=\"2331\" data-end=\"2405\">\n<p data-start=\"2333\" data-end=\"2405\">Top Spin: Textured surface for enhanced grip and aggressive spin.<\/p>\n<\/li>\n<li data-start=\"2406\" data-end=\"2497\">\n<p data-start=\"2408\" data-end=\"2497\">Hesacore Grip: Ergonomic honeycomb grip that improves comfort and control.<\/p>\n<\/li>\n<li data-start=\"2498\" data-end=\"2574\">\n<p data-start=\"2500\" data-end=\"2574\">Vibradrive: Elastomer in the grip that filters unwanted vibrations.<\/p>\n<\/li>\n<li data-start=\"2575\" data-end=\"2666\">\n<p data-start=\"2577\" data-end=\"2666\">Xtend Carbon 12K: High-performance carbon for power, durability, and control.<\/p>\n<\/li>\n<li data-start=\"2667\" data-end=\"2747\">\n<p data-start=\"2669\" data-end=\"2747\">Multieva Core: Triple-layer EVA core that combines power and comfort.<\/p>\n<\/li>\n<li data-start=\"2748\" data-end=\"2825\">\n<p data-start=\"2750\" data-end=\"2825\">Carbontube Frame: 100% carbon tubular frame for maximum stability.<\/p>\n<\/li>\n<\/ul>\n<h3 data-start=\"2832\" data-end=\"2887\">Why choose the Bullpadel Vertex 05 2026 Racket? Perfect balance between power, control, and spin.<\/h3>\n<ul data-start=\"2888\" data-end=\"3103\">\n<li data-start=\"2888\" data-end=\"2947\">\n<p data-start=\"2890\" data-end=\"2947\">Perfect balance between power, control, and effects.<\/p>\n<\/li>\n<li data-start=\"2948\" data-end=\"2985\">\n<p data-start=\"2950\" data-end=\"2985\">Official model of Juan Tello.<\/p>\n<\/li>\n<li data-start=\"2986\" data-end=\"3045\">\n<p data-start=\"2988\" data-end=\"3045\">Superior comfort with advanced vibration reduction.<\/p>\n<\/li>\n<li data-start=\"3046\" data-end=\"3103\">\n<p data-start=\"3048\" data-end=\"3103\">Versatile for attack, defense, and quick transitions.<\/p>\n<\/li>\n<\/ul>\n<p data-start=\"3110\" data-end=\"3309\">The Bullpadel Vertex 05 2026 racket is designed for a complete game, featuring Juan Tello's signature style and Bullpadel's most advanced engineering. Play with power, precision, and absolute control.<\/p>","protected":false},"excerpt":{"rendered":"<div class=\"product attribute overview\">\n<div class=\"product attribute overview\">\n<div class=\"value\">\n<div class=\"draggable no-draggable-children sticky top-0 p-3 mb-1.5 flex items-center justify-between z-10 h-header-height font-semibold bg-token-main-surface-primary max-md:hidden\">\n<div class=\"gap-2 flex items-center pr-1 leading-[0]\">\n<div class=\"flex items-center justify-center gap-2\">\n<div class=\"product attribute overview\">\n<div class=\"product attribute overview\">\n<p data-start=\"3001\" data-end=\"3044\">La Pala Bullpadel Vertex 05 2026 es el modelo oficial de Juan Tello, dise\u00f1ada para jugadores que buscan el equilibrio perfecto entre potencia, control y maniobrabilidad. Con tecnolog\u00edas de \u00faltima generaci\u00f3n, es una pala vers\u00e1til y profesional que se adapta a todas las fases del juego.<\/p>\n<\/div>\n<\/div>\n<\/div>\n<\/div>\n<\/div>\n<\/div>\n<\/div>\n<\/div>\n","protected":false},"featured_media":24965,"template":"","meta":[],"product_brand":[],"product_cat":[582,698,575,584,589,572],"product_tag":[],"class_list":{"0":"post-24957","1":"product","2":"type-product","3":"status-publish","4":"has-post-thumbnail","6":"product_cat-avanzado-palas","7":"product_cat-bullpadel-padel","8":"product_cat-bullpadel-palas","9":"product_cat-diamante-palas","10":"product_cat-hombre-palas","11":"product_cat-palas","12":"pa_brand-bullpadel","13":"pa_gender-hombre","14":"pa_hs_code-134","16":"first","17":"instock","18":"sale","19":"taxable","20":"shipping-taxable","21":"purchasable","22":"product-type-simple"},"yoast_head":"<!-- This site is optimized with the Yoast SEO plugin v27.5 - https:\/\/yoast.com\/product\/yoast-seo-wordpress\/ -->\n<title>Pala Padel Bullpadel Vertex 05 2026 - Padel Zoco<\/title>\n<meta name=\"description\" content=\"La Pala Bullpadel Vertex 05 2026, oficial de Juan \u201cEl Gato\u201d Tello, combina potencia, control y maniobrabilidad en un modelo profesional de alto rendimiento.\" \/>\n<meta name=\"robots\" content=\"index, follow, max-snippet:-1, max-image-preview:large, max-video-preview:-1\" \/>\n<link rel=\"canonical\" href=\"https:\/\/padelzoco.es\/en\/product\/pala-padel-bullpadel-vertex-05-2026\/\" \/>\n<meta property=\"og:locale\" content=\"en_GB\" \/>\n<meta property=\"og:type\" content=\"article\" \/>\n<meta property=\"og:title\" content=\"Pala Padel Bullpadel Vertex 05 2026 - Padel Zoco\" \/>\n<meta property=\"og:description\" content=\"La Pala Bullpadel Vertex 05 2026, oficial de Juan \u201cEl Gato\u201d Tello, combina potencia, control y maniobrabilidad en un modelo profesional de alto rendimiento.\" \/>\n<meta property=\"og:url\" content=\"https:\/\/padelzoco.es\/en\/product\/pala-padel-bullpadel-vertex-05-2026\/\" \/>\n<meta property=\"og:site_name\" content=\"Padel Zoco\" \/>\n<meta property=\"article:modified_time\" content=\"2026-04-30T18:17:41+00:00\" \/>\n<meta property=\"og:image\" content=\"https:\/\/padelzoco.es\/wp-content\/uploads\/2025\/09\/BULLPADEL-Vertex-05-2026-Padel-Racket-01.webp\" \/>\n\t<meta property=\"og:image:width\" content=\"1400\" \/>\n\t<meta property=\"og:image:height\" content=\"1400\" \/>\n\t<meta property=\"og:image:type\" content=\"image\/webp\" \/>\n<meta name=\"twitter:card\" content=\"summary_large_image\" \/>\n<meta name=\"twitter:label1\" content=\"Estimated reading time\" \/>\n\t<meta name=\"twitter:data1\" content=\"2 minutes\" \/>\n<script type=\"application\/ld+json\" class=\"yoast-schema-graph\">{\"@context\":\"https:\\\/\\\/schema.org\",\"@graph\":[{\"@type\":\"WebPage\",\"@id\":\"https:\\\/\\\/padelzoco.es\\\/product\\\/pala-padel-bullpadel-vertex-05-2026\\\/\",\"url\":\"https:\\\/\\\/padelzoco.es\\\/product\\\/pala-padel-bullpadel-vertex-05-2026\\\/\",\"name\":\"Pala Padel Bullpadel Vertex 05 2026 - Padel Zoco\",\"isPartOf\":{\"@id\":\"https:\\\/\\\/padelzoco.es\\\/#website\"},\"primaryImageOfPage\":{\"@id\":\"https:\\\/\\\/padelzoco.es\\\/product\\\/pala-padel-bullpadel-vertex-05-2026\\\/#primaryimage\"},\"image\":{\"@id\":\"https:\\\/\\\/padelzoco.es\\\/product\\\/pala-padel-bullpadel-vertex-05-2026\\\/#primaryimage\"},\"thumbnailUrl\":\"https:\\\/\\\/padelzoco.es\\\/wp-content\\\/uploads\\\/2025\\\/09\\\/BULLPADEL-Vertex-05-2026-Padel-Racket-01.webp\",\"datePublished\":\"2025-09-03T23:14:13+00:00\",\"dateModified\":\"2026-04-30T18:17:41+00:00\",\"description\":\"La Pala Bullpadel Vertex 05 2026, oficial de Juan \u201cEl Gato\u201d Tello, combina potencia, control y maniobrabilidad en un modelo profesional de alto rendimiento.\",\"breadcrumb\":{\"@id\":\"https:\\\/\\\/padelzoco.es\\\/product\\\/pala-padel-bullpadel-vertex-05-2026\\\/#breadcrumb\"},\"inLanguage\":\"en-GB\",\"potentialAction\":[{\"@type\":\"ReadAction\",\"target\":[\"https:\\\/\\\/padelzoco.es\\\/product\\\/pala-padel-bullpadel-vertex-05-2026\\\/\"]}]},{\"@type\":\"ImageObject\",\"inLanguage\":\"en-GB\",\"@id\":\"https:\\\/\\\/padelzoco.es\\\/product\\\/pala-padel-bullpadel-vertex-05-2026\\\/#primaryimage\",\"url\":\"https:\\\/\\\/padelzoco.es\\\/wp-content\\\/uploads\\\/2025\\\/09\\\/BULLPADEL-Vertex-05-2026-Padel-Racket-01.webp\",\"contentUrl\":\"https:\\\/\\\/padelzoco.es\\\/wp-content\\\/uploads\\\/2025\\\/09\\\/BULLPADEL-Vertex-05-2026-Padel-Racket-01.webp\",\"width\":1400,\"height\":1400,\"caption\":\"BULLPADEL Vertex 05 2026 Padel Racket 01\"},{\"@type\":\"BreadcrumbList\",\"@id\":\"https:\\\/\\\/padelzoco.es\\\/product\\\/pala-padel-bullpadel-vertex-05-2026\\\/#breadcrumb\",\"itemListElement\":[{\"@type\":\"ListItem\",\"position\":1,\"name\":\"Home\",\"item\":\"https:\\\/\\\/padelzoco.es\\\/\"},{\"@type\":\"ListItem\",\"position\":2,\"name\":\"Padel Zoco\",\"item\":\"https:\\\/\\\/padelzoco.es\\\/padel-zoco\\\/\"},{\"@type\":\"ListItem\",\"position\":3,\"name\":\"Pala Padel Bullpadel Vertex 05 2026\"}]},{\"@type\":\"WebSite\",\"@id\":\"https:\\\/\\\/padelzoco.es\\\/#website\",\"url\":\"https:\\\/\\\/padelzoco.es\\\/\",\"name\":\"Padel Zoco\",\"description\":\"Padel Zoco | Spain\",\"publisher\":{\"@id\":\"https:\\\/\\\/padelzoco.es\\\/#organization\"},\"potentialAction\":[{\"@type\":\"SearchAction\",\"target\":{\"@type\":\"EntryPoint\",\"urlTemplate\":\"https:\\\/\\\/padelzoco.es\\\/?s={search_term_string}\"},\"query-input\":{\"@type\":\"PropertyValueSpecification\",\"valueRequired\":true,\"valueName\":\"search_term_string\"}}],\"inLanguage\":\"en-GB\"},{\"@type\":\"Organization\",\"@id\":\"https:\\\/\\\/padelzoco.es\\\/#organization\",\"name\":\"Padel Zoco\",\"url\":\"https:\\\/\\\/padelzoco.es\\\/\",\"logo\":{\"@type\":\"ImageObject\",\"inLanguage\":\"en-GB\",\"@id\":\"https:\\\/\\\/padelzoco.es\\\/#\\\/schema\\\/logo\\\/image\\\/\",\"url\":\"https:\\\/\\\/padelzoco.es\\\/wp-content\\\/uploads\\\/2023\\\/11\\\/PadelZoco_Logo_black_white.webp\",\"contentUrl\":\"https:\\\/\\\/padelzoco.es\\\/wp-content\\\/uploads\\\/2023\\\/11\\\/PadelZoco_Logo_black_white.webp\",\"width\":1500,\"height\":631,\"caption\":\"Padel Zoco\"},\"image\":{\"@id\":\"https:\\\/\\\/padelzoco.es\\\/#\\\/schema\\\/logo\\\/image\\\/\"}}]}<\/script>\n<!-- \/ Yoast SEO plugin. -->","yoast_head_json":{"title":"Pala Padel Bullpadel Vertex 05 2026 - Padel Zoco","description":"La Pala Bullpadel Vertex 05 2026, oficial de Juan \u201cEl Gato\u201d Tello, combina potencia, control y maniobrabilidad en un modelo profesional de alto rendimiento.","robots":{"index":"index","follow":"follow","max-snippet":"max-snippet:-1","max-image-preview":"max-image-preview:large","max-video-preview":"max-video-preview:-1"},"canonical":"https:\/\/padelzoco.es\/en\/product\/pala-padel-bullpadel-vertex-05-2026\/","og_locale":"en_GB","og_type":"article","og_title":"Pala Padel Bullpadel Vertex 05 2026 - Padel Zoco","og_description":"La Pala Bullpadel Vertex 05 2026, oficial de Juan \u201cEl Gato\u201d Tello, combina potencia, control y maniobrabilidad en un modelo profesional de alto rendimiento.","og_url":"https:\/\/padelzoco.es\/en\/product\/pala-padel-bullpadel-vertex-05-2026\/","og_site_name":"Padel Zoco","article_modified_time":"2026-04-30T18:17:41+00:00","og_image":[{"width":1400,"height":1400,"url":"https:\/\/padelzoco.es\/wp-content\/uploads\/2025\/09\/BULLPADEL-Vertex-05-2026-Padel-Racket-01.webp","type":"image\/webp"}],"twitter_card":"summary_large_image","twitter_misc":{"Estimated reading time":"2 minutes"},"schema":{"@context":"https:\/\/schema.org","@graph":[{"@type":"WebPage","@id":"https:\/\/padelzoco.es\/product\/pala-padel-bullpadel-vertex-05-2026\/","url":"https:\/\/padelzoco.es\/product\/pala-padel-bullpadel-vertex-05-2026\/","name":"Pala Padel Bullpadel Vertex 05 2026 - Padel Zoco","isPartOf":{"@id":"https:\/\/padelzoco.es\/#website"},"primaryImageOfPage":{"@id":"https:\/\/padelzoco.es\/product\/pala-padel-bullpadel-vertex-05-2026\/#primaryimage"},"image":{"@id":"https:\/\/padelzoco.es\/product\/pala-padel-bullpadel-vertex-05-2026\/#primaryimage"},"thumbnailUrl":"https:\/\/padelzoco.es\/wp-content\/uploads\/2025\/09\/BULLPADEL-Vertex-05-2026-Padel-Racket-01.webp","datePublished":"2025-09-03T23:14:13+00:00","dateModified":"2026-04-30T18:17:41+00:00","description":"La Pala Bullpadel Vertex 05 2026, oficial de Juan \u201cEl Gato\u201d Tello, combina potencia, control y maniobrabilidad en un modelo profesional de alto rendimiento.","breadcrumb":{"@id":"https:\/\/padelzoco.es\/product\/pala-padel-bullpadel-vertex-05-2026\/#breadcrumb"},"inLanguage":"en-GB","potentialAction":[{"@type":"ReadAction","target":["https:\/\/padelzoco.es\/product\/pala-padel-bullpadel-vertex-05-2026\/"]}]},{"@type":"ImageObject","inLanguage":"en-GB","@id":"https:\/\/padelzoco.es\/product\/pala-padel-bullpadel-vertex-05-2026\/#primaryimage","url":"https:\/\/padelzoco.es\/wp-content\/uploads\/2025\/09\/BULLPADEL-Vertex-05-2026-Padel-Racket-01.webp","contentUrl":"https:\/\/padelzoco.es\/wp-content\/uploads\/2025\/09\/BULLPADEL-Vertex-05-2026-Padel-Racket-01.webp","width":1400,"height":1400,"caption":"BULLPADEL Vertex 05 2026 Padel Racket 01"},{"@type":"BreadcrumbList","@id":"https:\/\/padelzoco.es\/product\/pala-padel-bullpadel-vertex-05-2026\/#breadcrumb","itemListElement":[{"@type":"ListItem","position":1,"name":"Home","item":"https:\/\/padelzoco.es\/"},{"@type":"ListItem","position":2,"name":"Padel Zoco","item":"https:\/\/padelzoco.es\/padel-zoco\/"},{"@type":"ListItem","position":3,"name":"Pala Padel Bullpadel Vertex 05 2026"}]},{"@type":"WebSite","@id":"https:\/\/padelzoco.es\/#website","url":"https:\/\/padelzoco.es\/","name":"Padel Zoco","description":"Padel Zoco | Spain","publisher":{"@id":"https:\/\/padelzoco.es\/#organization"},"potentialAction":[{"@type":"SearchAction","target":{"@type":"EntryPoint","urlTemplate":"https:\/\/padelzoco.es\/?s={search_term_string}"},"query-input":{"@type":"PropertyValueSpecification","valueRequired":true,"valueName":"search_term_string"}}],"inLanguage":"en-GB"},{"@type":"Organization","@id":"https:\/\/padelzoco.es\/#organization","name":"Padel Zoco","url":"https:\/\/padelzoco.es\/","logo":{"@type":"ImageObject","inLanguage":"en-GB","@id":"https:\/\/padelzoco.es\/#\/schema\/logo\/image\/","url":"https:\/\/padelzoco.es\/wp-content\/uploads\/2023\/11\/PadelZoco_Logo_black_white.webp","contentUrl":"https:\/\/padelzoco.es\/wp-content\/uploads\/2023\/11\/PadelZoco_Logo_black_white.webp","width":1500,"height":631,"caption":"Padel Zoco"},"image":{"@id":"https:\/\/padelzoco.es\/#\/schema\/logo\/image\/"}}]}},"_links":{"self":[{"href":"https:\/\/padelzoco.es\/en\/wp-json\/wp\/v2\/product\/24957","targetHints":{"allow":["GET"]}}],"collection":[{"href":"https:\/\/padelzoco.es\/en\/wp-json\/wp\/v2\/product"}],"about":[{"href":"https:\/\/padelzoco.es\/en\/wp-json\/wp\/v2\/types\/product"}],"version-history":[{"count":5,"href":"https:\/\/padelzoco.es\/en\/wp-json\/wp\/v2\/product\/24957\/revisions"}],"predecessor-version":[{"id":27223,"href":"https:\/\/padelzoco.es\/en\/wp-json\/wp\/v2\/product\/24957\/revisions\/27223"}],"wp:featuredmedia":[{"embeddable":true,"href":"https:\/\/padelzoco.es\/en\/wp-json\/wp\/v2\/media\/24965"}],"wp:attachment":[{"href":"https:\/\/padelzoco.es\/en\/wp-json\/wp\/v2\/media?parent=24957"}],"wp:term":[{"taxonomy":"product_brand","embeddable":true,"href":"https:\/\/padelzoco.es\/en\/wp-json\/wp\/v2\/product_brand?post=24957"},{"taxonomy":"product_cat","embeddable":true,"href":"https:\/\/padelzoco.es\/en\/wp-json\/wp\/v2\/product_cat?post=24957"},{"taxonomy":"product_tag","embeddable":true,"href":"https:\/\/padelzoco.es\/en\/wp-json\/wp\/v2\/product_tag?post=24957"}],"curies":[{"name":"wp","href":"https:\/\/api.w.org\/{rel}","templated":true}]}}